{"id":9341,"date":"2019-06-20T13:51:53","date_gmt":"2019-06-20T06:51:53","guid":{"rendered":"https:\/\/tatco.vn\/vi\/?post_type=product&#038;p=9341"},"modified":"2022-11-26T19:47:24","modified_gmt":"2022-11-26T12:47:24","slug":"mobil-rarus-shc-1026","status":"publish","type":"product","link":"https:\/\/tatco.vn\/vi\/san-pham\/mobil-rarus-shc-1026\/","title":{"rendered":"Mobil Rarus SHC 1026"},"content":{"rendered":"<p><\/p>\n<h2><strong>Mobil Rarus SHC \u2122 1026:<\/strong><\/h2>\n<p><strong>Mobil Rarus SHC \u2122 1026<\/strong>\u00a0l\u00e0 d\u00f2ng d\u1ea7u b\u00f4i tr\u01a1n cao c\u1ea5p d\u00e0nh cho m\u00e1y n\u00e9n kh\u00ed tr\u1ee5c v\u00edt, c\u00e1nh quay ho\u1ea1t \u0111\u1ed9ng trong \u0111i\u1ec1u ki\u1ec7n nhi\u1ec7t \u0111\u1ed9 c\u1ef1c cao.<\/p>\n<p>\u0110\u1eb7c t\u00ednh:<\/p>\n<ul>\n<li>Gi\u1ea3m t\u1ea1o Cacbon v\u00e0 tro b\u1ee5i<\/li>\n<li>T\u0103ng t\u1ea3i<\/li>\n<li>\u1ed4n \u0111\u1ecbnh nhi\u1ec7t, oxy h\u00f3a<\/li>\n<li>Ch\u1ed1ng \u0103n m\u00f2n, g\u1ec9 s\u00e9t, m\u00e0i m\u00f2n<\/li>\n<\/ul>\n<h2>T\u00ednh n\u0103ng v\u00e0 l\u1ee3i \u00edch<\/h2>\n<p style=\"text-align: justify;\">Vi\u1ec7c s\u1eed d\u1ee5ng d\u1ea7u Mobil Rarus SHC 1020 Series c\u00f3 th\u1ec3 d\u1eabn \u0111\u1ebfn m\u00e1y n\u00e9n kh\u00ed s\u1ea1ch h\u01a1n v\u00e0 gi\u1ea3m c\u1eb7n b\u1ea9n so v\u1edbi d\u1ea7u kho\u00e1ng th\u00f4ng th\u01b0\u1eddng, d\u1eabn \u0111\u1ebfn th\u1eddi gian v\u1eadn h\u00e0nh gi\u1eefa c\u00e1c kho\u1ea3ng th\u1eddi gian b\u1ea3o d\u01b0\u1ee1ng d\u00e0i h\u01a1n.\u00a0Kh\u1ea3 n\u0103ng oxy h\u00f3a v\u00e0 \u1ed5n \u0111\u1ecbnh nhi\u1ec7t tuy\u1ec7t v\u1eddi c\u1ee7a ch\u00fang cho ph\u00e9p k\u00e9o d\u00e0i tu\u1ed5i th\u1ecd \u0111\u1ed3ng th\u1eddi ki\u1ec3m so\u00e1t s\u1ef1 h\u00ecnh th\u00e0nh c\u1eb7n v\u00e0 c\u1eb7n.\u00a0Ch\u00fang c\u00f3 kh\u1ea3 n\u0103ng ch\u1ed1ng m\u00e0i m\u00f2n v\u00e0 ch\u1ed1ng \u0103n m\u00f2n v\u01b0\u1ee3t tr\u1ed9i, gi\u00fap n\u00e2ng cao tu\u1ed5i th\u1ecd v\u00e0 hi\u1ec7u su\u1ea5t c\u1ee7a thi\u1ebft b\u1ecb.<\/p>\n<p>&nbsp;<\/p>\n<div class=\"table-responsive\">\n<table class=\"table table-striped\">\n<tbody>\n<tr>\n<td style=\"text-align: left;\"><strong>\u0110\u1eb7c tr\u01b0ng<\/strong><\/td>\n<td style=\"text-align: left;\"><strong>\u01afu \u0111i\u1ec3m v\u00e0 l\u1ee3i \u00edch ti\u1ec1m n\u0103ng<\/strong><\/td>\n<\/tr>\n<tr>\n<td style=\"text-align: left;\">C\u1ed5 phi\u1ebfu c\u01a1 s\u1edf t\u1ed5ng h\u1ee3p hi\u1ec7u su\u1ea5t cao<\/td>\n<td>\n<p style=\"text-align: left;\">Kh\u1ea3 n\u0103ng d\u1ea3i nhi\u1ec7t \u0111\u1ed9 r\u1ed9ng<\/p>\n<p style=\"text-align: left;\">Kh\u1ea3 n\u0103ng hi\u1ec7u su\u1ea5t \u0111\u00e1ng k\u1ec3 so v\u1edbi d\u1ea7u kho\u00e1ng<\/p>\n<p style=\"text-align: left;\">C\u1ea3i thi\u1ec7n an to\u00e0n<\/p>\n<p style=\"text-align: left;\">K\u00e9o d\u00e0i tu\u1ed5i th\u1ecd<\/p>\n<\/td>\n<\/tr>\n<tr>\n<td style=\"text-align: left;\">T\u00ednh \u1ed5n \u0111\u1ecbnh nhi\u1ec7t v\u00e0 oxy h\u00f3a v\u01b0\u1ee3t tr\u1ed9i<\/td>\n<td>\n<p style=\"text-align: left;\">Gi\u1ea3m ti\u1ec1n g\u1eedi luy\u1ec7n c\u1ed1c<\/p>\n<p style=\"text-align: left;\">Tu\u1ed5i th\u1ecd d\u1ea7u l\u00e2u h\u01a1n<\/p>\n<p style=\"text-align: left;\">C\u1ea3i thi\u1ec7n tu\u1ed5i th\u1ecd b\u1ed9 l\u1ecdc<\/p>\n<p style=\"text-align: left;\">Gi\u1ea3m chi ph\u00ed b\u1ea3o tr\u00ec<\/p>\n<\/td>\n<\/tr>\n<tr>\n<td style=\"text-align: left;\">Kh\u1ea3 n\u0103ng ch\u1ecbu t\u1ea3i cao<\/td>\n<td style=\"text-align: left;\">Gi\u1ea3m m\u00e0i m\u00f2n \u1ed5 tr\u1ee5c v\u00e0 b\u00e1nh r\u0103ng<\/td>\n<\/tr>\n<tr>\n<td style=\"text-align: left;\">Kh\u1ea3 n\u0103ng t\u00e1ch n\u01b0\u1edbc tuy\u1ec7t v\u1eddi<\/td>\n<td>\n<p style=\"text-align: left;\">\u00cdt chuy\u1ec3n sang thi\u1ebft b\u1ecb h\u1ea1 ngu\u1ed3n<\/p>\n<p style=\"text-align: left;\">Gi\u1ea3m s\u1ef1 h\u00ecnh th\u00e0nh b\u00f9n trong cacte v\u00e0 \u0111\u01b0\u1eddng x\u1ea3<\/p>\n<p style=\"text-align: left;\">Gi\u1ea3m s\u1ef1 t\u1eafc ngh\u1ebdn c\u1ee7a b\u1ed9 ph\u1eadn k\u1ebft h\u1ee3p, b\u1ed9 l\u00e0m m\u00e1t gi\u1eefa v\u00e0 sau<\/p>\n<p style=\"text-align: left;\">\u00cdt ti\u1ec1m n\u0103ng h\u00ecnh th\u00e0nh nh\u0169 t\u01b0\u01a1ng<\/p>\n<\/td>\n<\/tr>\n<tr>\n<td style=\"text-align: left;\">B\u1ea3o v\u1ec7 ch\u1ed1ng r\u1ec9 v\u00e0 \u0103n m\u00f2n hi\u1ec7u qu\u1ea3<\/td>\n<td style=\"text-align: left;\">C\u1ea3i thi\u1ec7n kh\u1ea3 n\u0103ng b\u1ea3o v\u1ec7 c\u00e1c b\u1ed9 ph\u1eadn b\u00ean trong m\u00e1y n\u00e9n<\/td>\n<\/tr>\n<\/tbody>\n<\/table>\n<\/div>\n<p>&nbsp;<\/p>\n<h2>C\u00e1c \u1ee9ng d\u1ee5ng<\/h2>\n<p style=\"text-align: justify;\">D\u1ea7u Mobil Rarus SHC 1020 Series ch\u1ee7 y\u1ebfu d\u00e0nh cho m\u00e1y n\u00e9n tr\u1ee5c v\u00edt v\u00e0 c\u00e1nh g\u1ea1t.\u00a0Ch\u00fang \u0111\u1eb7c bi\u1ec7t hi\u1ec7u qu\u1ea3 khi v\u1eadn h\u00e0nh li\u00ean t\u1ee5c \u1edf nhi\u1ec7t \u0111\u1ed9 cao v\u1edbi nhi\u1ec7t \u0111\u1ed9 x\u1ea3 l\u00ean \u0111\u1ebfn 200\u00ba C. D\u1ea7u Rarus SHC 1020 Series \u0111\u01b0\u1ee3c khuy\u1ebfn ngh\u1ecb cho c\u00e1c \u0111\u01a1n v\u1ecb c\u00f3 ti\u1ec1n s\u1eed b\u1ecb suy gi\u1ea3m d\u1ea7u th\u1eeba, van ho\u1ea1t \u0111\u1ed9ng k\u00e9m ho\u1eb7c h\u00ecnh th\u00e0nh c\u1eb7n.\u00a0Ch\u00fang t\u01b0\u01a1ng th\u00edch v\u1edbi t\u1ea5t c\u1ea3 c\u00e1c kim lo\u1ea1i \u0111\u01b0\u1ee3c s\u1eed d\u1ee5ng trong c\u1ea5u t\u1ea1o m\u00e1y n\u00e9n kh\u00ed v\u00e0 v\u1edbi c\u00e1c lo\u1ea1i d\u1ea7u m\u00e1y n\u00e9n kh\u00ed g\u1ed1c d\u1ea7u kho\u00e1ng th\u00f4ng th\u01b0\u1eddng nh\u01b0ng vi\u1ec7c pha tr\u1ed9n v\u1edbi c\u00e1c lo\u1ea1i d\u1ea7u kh\u00e1c c\u00f3 th\u1ec3 l\u00e0m gi\u1ea3m t\u1ed5ng hi\u1ec7u su\u1ea5t ho\u1ea1t \u0111\u1ed9ng.<\/p>\n<p style=\"text-align: justify;\">D\u1ea7u Mobil Rarus SHC 1020 Series kh\u00f4ng \u0111\u01b0\u1ee3c khuy\u1ebfn ngh\u1ecb cho m\u00e1y n\u00e9n kh\u00ed \u0111\u01b0\u1ee3c s\u1eed d\u1ee5ng trong c\u00e1c \u1ee9ng d\u1ee5ng kh\u00ed th\u1edf v\u00e0 kh\u00f4ng \u0111\u01b0\u1ee3c s\u1eed d\u1ee5ng cho m\u00e1y n\u00e9n c\u00f3 nhi\u1ec7t \u0111\u1ed9 x\u1ea3 cao h\u01a1n \u0111i\u1ec3m ch\u1edbp ch\u00e1y c\u1ee7a s\u1ea3n ph\u1ea9m.<\/p>\n<p>&nbsp;<\/p>\n<p>C\u00e1c lo\u1ea1i \u1ee9ng d\u1ee5ng m\u00e1y n\u00e9n sau \u0111\u00e2y \u0111\u00e3 cho th\u1ea5y hi\u1ec7u su\u1ea5t tuy\u1ec7t v\u1eddi v\u1edbi d\u1ea7u Mobil Rarus SHC 1020 Series:<\/p>\n<p>\u2022 \u0110\u01b0\u1ee3c khuy\u1ebfn ngh\u1ecb ch\u1ee7 y\u1ebfu cho m\u00e1y n\u00e9n kh\u00ed tr\u1ee5c v\u00edt v\u00e0 c\u00e1nh g\u1ea1t<\/p>\n<p>\u2022 R\u1ea5t hi\u1ec7u qu\u1ea3 trong m\u00e1y n\u00e9n ki\u1ec3u tr\u1ee5c v\u00edt c\u00f3 l\u00e0m m\u00e1t b\u1eb1ng phun d\u1ea7u<\/p>\n<p>\u2022 C\u00e1c \u0111\u01a1n v\u1ecb ho\u1ea1t \u0111\u1ed9ng trong \u0111i\u1ec1u ki\u1ec7n kh\u1eafc nghi\u1ec7t<\/p>\n<p>\u2022 C\u00e1c thi\u1ebft b\u1ecb nhi\u1ec1u t\u1ea7ng c\u00f3 l\u1ecbch s\u1eed ph\u00e2n h\u1ee7y d\u1ea7u qu\u00e1 m\u1ee9c t\u1eeb c\u00e1c s\u1ea3n ph\u1ea9m g\u1ed1c d\u1ea7u kho\u00e1ng<\/p>\n<p>\u2022 H\u1ec7 th\u1ed1ng m\u00e1y n\u00e9n v\u1edbi c\u00e1c b\u00e1nh r\u0103ng v\u00e0 \u1ed5 tr\u1ee5c quan tr\u1ecdng<\/p>\n<p>\u2022 M\u00e1y n\u00e9n \u0111\u01b0\u1ee3c s\u1eed d\u1ee5ng trong c\u00e1c \u1ee9ng d\u1ee5ng v\u0103n ph\u00f2ng ph\u1ea9m v\u00e0 di \u0111\u1ed9ng<\/p>\n<p>&nbsp;<\/p>\n<h2>Thu\u1ed9c t\u00ednh v\u00e0 th\u00f4ng s\u1ed1 k\u1ef9 thu\u1eadt<\/h2>\n<table class=\"table table-striped\">\n<tbody>\n<tr style=\"font-weight: bold;\">\n<td style=\"text-align: left;\"><strong><span style=\"color: black;\">Property<\/span><\/strong><\/td>\n<td><strong><span style=\"color: black;\">MOBIL RARUS SHC 1024<\/span><\/strong><\/td>\n<td><strong><span style=\"color: black;\">MOBIL RARUS SHC 1025<\/span><\/strong><\/td>\n<td><strong><span style=\"color: black;\">MOBIL RARUS SHC 1026<\/span><\/strong><\/td>\n<\/tr>\n<tr>\n<td style=\"text-align: left;\"><span style=\"color: black;\">Grade<\/span><\/td>\n<td><span style=\"color: black;\">ISO 32<\/span><\/td>\n<td><span style=\"color: black;\">ISO 46<\/span><\/td>\n<td><span style=\"color: black;\">ISO 68<\/span><\/td>\n<\/tr>\n<tr>\n<td style=\"text-align: left;\"><span style=\"color: black;\">Copper Strip Corrosion, 24 h, 100 C, Rating, ASTM D130<\/span><\/td>\n<td><span style=\"color: black;\">1B<\/span><\/td>\n<td><span style=\"color: black;\">2A<\/span><\/td>\n<td><span style=\"color: black;\">1B<\/span><\/td>\n<\/tr>\n<tr>\n<td style=\"text-align: left;\"><span style=\"color: black;\">Flash Point, Cleveland Open Cup, \u00b0C, ASTM D92<\/span><\/td>\n<td><span style=\"color: black;\">245<\/span><\/td>\n<td><span style=\"color: black;\">246<\/span><\/td>\n<td><span style=\"color: black;\">246<\/span><\/td>\n<\/tr>\n<tr>\n<td style=\"text-align: left;\"><span style=\"color: black;\">Kinematic Viscosity @ 100 C, mm2\/s, ASTM D445<\/span><\/td>\n<td><span style=\"color: black;\">5.7<\/span><\/td>\n<td><span style=\"color: black;\">7.2<\/span><\/td>\n<td><span style=\"color: black;\">10.1<\/span><\/td>\n<\/tr>\n<tr>\n<td style=\"text-align: left;\"><span style=\"color: black;\">Kinematic Viscosity @ 40 C, mm2\/s, ASTM D445<\/span><\/td>\n<td><span style=\"color: black;\">31.5<\/span><\/td>\n<td><span style=\"color: black;\">44<\/span><\/td>\n<td><span style=\"color: black;\">66.6<\/span><\/td>\n<\/tr>\n<tr>\n<td style=\"text-align: left;\"><span style=\"color: black;\">Pour Point, \u00b0C, ASTM D97<\/span><\/td>\n<td><span style=\"color: black;\">-48<\/span><\/td>\n<td><span style=\"color: black;\">-45<\/span><\/td>\n<td><span style=\"color: black;\">-45<\/span><\/td>\n<\/tr>\n<tr>\n<td style=\"text-align: left;\"><span style=\"color: black;\">Rust Characteristics, Procedure A, ASTM D665<\/span><\/td>\n<td><span style=\"color: black;\">PASS<\/span><\/td>\n<td><span style=\"color: black;\">PASS<\/span><\/td>\n<td><span style=\"color: black;\">PASS<\/span><\/td>\n<\/tr>\n<tr>\n<td style=\"text-align: left;\"><span style=\"color: black;\">Specific Gravity, 15 C\/15 C, ASTM D1298<\/span><\/td>\n<td><span style=\"color: black;\">0.846<\/span><\/td>\n<td><span style=\"color: black;\">0.849<\/span><\/td>\n<td><span style=\"color: black;\">0.856<\/span><\/td>\n<\/tr>\n<tr>\n<td style=\"text-align: left;\"><span style=\"color: black;\">Viscosity Index, ASTM D2270<\/span><\/td>\n<td><span style=\"color: black;\">127<\/span><\/td>\n<td><span style=\"color: black;\">131<\/span><\/td>\n<td><span style=\"color: black;\">136<\/span><\/td>\n<\/tr>\n<\/tbody>\n<\/table>\n<h4><a href=\"https:\/\/www.mobil.com\/english-au\/industrial\/pds\/glxxmobil-rarus-shc-1020-series\">T\u00e0i li\u1ec7u tham kh\u1ea3o Mobil Rarus SHC\u2122 1020 Series: Click v\u00e0o \u0111\u00e2y.<\/a><\/h4>\n<p><a href=\"https:\/\/tatco.vn\/vi\/product-category\/dau-nhot-mobil\/dau-cong-nghiep-mobil\/dau-may-nen-khi-mobil\/\">X\u00eam th\u00eam danh m\u1ee5c: Click t\u1ea1i \u0111\u00e2y.<\/a><\/p>","protected":false},"excerpt":{"rendered":"<p><strong>Mobil Rarus SHC \u2122 1026<\/strong>\u00a0l\u00e0 d\u00f2ng d\u1ea7u b\u00f4i tr\u01a1n cao c\u1ea5p d\u00e0nh cho m\u00e1y n\u00e9n kh\u00ed tr\u1ee5c v\u00edt, c\u00e1nh quay ho\u1ea1t \u0111\u1ed9ng trong \u0111i\u1ec1u ki\u1ec7n nhi\u1ec7t \u0111\u1ed9 c\u1ef1c cao.<\/p>\n","protected":false},"featured_media":26973,"comment_status":"open","ping_status":"closed","template":"","meta":[],"product_cat":[374,371,361,607],"product_tag":[610],"class_list":{"0":"post-9341","1":"product","2":"type-product","3":"status-publish","4":"has-post-thumbnail","6":"product_brand-mobil","7":"product_cat-mobil-industrial-oil","8":"product_cat-mobil-compressor-oil","9":"product_cat-mobil-oil","10":"product_cat-mobil-rarus-shc-1020-series","11":"product_tag-mobil-rarus-shc-1026","13":"first","14":"instock","15":"shipping-taxable","16":"purchasable","17":"product-type-simple"},"yoast_head":"<!-- This site is optimized with the Yoast SEO plugin v27.2 - https:\/\/yoast.com\/product\/yoast-seo-wordpress\/ -->\n<title>Mobil Rarus SHC 1026 - C\u00f4ng Ty TNHH D\u1ea7u Nh\u1eddn T&amp;T Vi\u1ec7t Nam<\/title>\n<meta name=\"description\" content=\"Mobil Rarus SHC \u2122 1026\u00a0l\u00e0 d\u00f2ng d\u1ea7u b\u00f4i tr\u01a1n cao c\u1ea5p d\u00e0nh cho m\u00e1y n\u00e9n kh\u00ed tr\u1ee5c v\u00edt, c\u00e1nh quay ho\u1ea1t \u0111\u1ed9ng trong \u0111i\u1ec1u ki\u1ec7n nhi\u1ec7t \u0111\u1ed9 c\u1ef1c cao.\" \/>\n<meta name=\"robots\" content=\"index, follow, max-snippet:-1, max-image-preview:large, max-video-preview:-1\" \/>\n<link rel=\"canonical\" href=\"https:\/\/tatco.vn\/vi\/san-pham\/mobil-rarus-shc-1026\/\" \/>\n<meta property=\"og:locale\" content=\"vi_VN\" \/>\n<meta property=\"og:type\" content=\"article\" \/>\n<meta property=\"og:title\" content=\"Mobil Rarus SHC 1026 - C\u00f4ng Ty TNHH D\u1ea7u Nh\u1eddn T&amp;T Vi\u1ec7t Nam\" \/>\n<meta property=\"og:description\" content=\"Mobil Rarus SHC \u2122 1026\u00a0l\u00e0 d\u00f2ng d\u1ea7u b\u00f4i tr\u01a1n cao c\u1ea5p d\u00e0nh cho m\u00e1y n\u00e9n kh\u00ed tr\u1ee5c v\u00edt, c\u00e1nh quay ho\u1ea1t \u0111\u1ed9ng trong \u0111i\u1ec1u ki\u1ec7n nhi\u1ec7t \u0111\u1ed9 c\u1ef1c cao.\" \/>\n<meta property=\"og:url\" content=\"https:\/\/tatco.vn\/vi\/san-pham\/mobil-rarus-shc-1026\/\" \/>\n<meta property=\"og:site_name\" content=\"C\u00f4ng Ty TNHH D\u1ea7u Nh\u1eddn T&amp;T Vi\u1ec7t Nam\" \/>\n<meta property=\"article:modified_time\" content=\"2022-11-26T12:47:24+00:00\" \/>\n<meta property=\"og:image\" content=\"https:\/\/tatco.vn\/wp-content\/uploads\/2019\/06\/dau-nhot-mobil-mobil-oil-white.png\" \/>\n\t<meta property=\"og:image:width\" content=\"1200\" \/>\n\t<meta property=\"og:image:height\" content=\"1200\" \/>\n\t<meta property=\"og:image:type\" content=\"image\/png\" \/>\n<meta name=\"twitter:card\" content=\"summary_large_image\" \/>\n<meta name=\"twitter:label1\" content=\"\u01af\u1edbc t\u00ednh th\u1eddi gian \u0111\u1ecdc\" \/>\n\t<meta name=\"twitter:data1\" content=\"8 ph\u00fat\" \/>\n<script type=\"application\/ld+json\" class=\"yoast-schema-graph\">{\"@context\":\"https:\/\/schema.org\",\"@graph\":[{\"@type\":\"WebPage\",\"@id\":\"https:\/\/tatco.vn\/vi\/san-pham\/mobil-rarus-shc-1026\/\",\"url\":\"https:\/\/tatco.vn\/vi\/san-pham\/mobil-rarus-shc-1026\/\",\"name\":\"Mobil Rarus SHC 1026 - C\u00f4ng Ty TNHH D\u1ea7u Nh\u1eddn T&amp;T Vi\u1ec7t Nam\",\"isPartOf\":{\"@id\":\"https:\/\/tatco.vn\/en\/#website\"},\"primaryImageOfPage\":{\"@id\":\"https:\/\/tatco.vn\/vi\/san-pham\/mobil-rarus-shc-1026\/#primaryimage\"},\"image\":{\"@id\":\"https:\/\/tatco.vn\/vi\/san-pham\/mobil-rarus-shc-1026\/#primaryimage\"},\"thumbnailUrl\":\"https:\/\/tatco.vn\/wp-content\/uploads\/2019\/06\/dau-nhot-mobil-mobil-oil-white.png\",\"datePublished\":\"2019-06-20T06:51:53+00:00\",\"dateModified\":\"2022-11-26T12:47:24+00:00\",\"description\":\"Mobil Rarus SHC \u2122 1026\u00a0l\u00e0 d\u00f2ng d\u1ea7u b\u00f4i tr\u01a1n cao c\u1ea5p d\u00e0nh cho m\u00e1y n\u00e9n kh\u00ed tr\u1ee5c v\u00edt, c\u00e1nh quay ho\u1ea1t \u0111\u1ed9ng trong \u0111i\u1ec1u ki\u1ec7n nhi\u1ec7t \u0111\u1ed9 c\u1ef1c cao.\",\"breadcrumb\":{\"@id\":\"https:\/\/tatco.vn\/vi\/san-pham\/mobil-rarus-shc-1026\/#breadcrumb\"},\"inLanguage\":\"vi\",\"potentialAction\":[{\"@type\":\"ReadAction\",\"target\":[\"https:\/\/tatco.vn\/vi\/san-pham\/mobil-rarus-shc-1026\/\"]}]},{\"@type\":\"ImageObject\",\"inLanguage\":\"vi\",\"@id\":\"https:\/\/tatco.vn\/vi\/san-pham\/mobil-rarus-shc-1026\/#primaryimage\",\"url\":\"https:\/\/tatco.vn\/wp-content\/uploads\/2019\/06\/dau-nhot-mobil-mobil-oil-white.png\",\"contentUrl\":\"https:\/\/tatco.vn\/wp-content\/uploads\/2019\/06\/dau-nhot-mobil-mobil-oil-white.png\",\"width\":1200,\"height\":1200,\"caption\":\"dau nhot mobil mobil oil\"},{\"@type\":\"BreadcrumbList\",\"@id\":\"https:\/\/tatco.vn\/vi\/san-pham\/mobil-rarus-shc-1026\/#breadcrumb\",\"itemListElement\":[{\"@type\":\"ListItem\",\"position\":1,\"name\":\"Home\",\"item\":\"https:\/\/tatco.vn\/\"},{\"@type\":\"ListItem\",\"position\":2,\"name\":\"C\u1eeda h\u00e0ng\",\"item\":\"https:\/\/tatco.vn\/en\/mua\/\"},{\"@type\":\"ListItem\",\"position\":3,\"name\":\"Mobil Rarus SHC 1026\"}]},{\"@type\":\"WebSite\",\"@id\":\"https:\/\/tatco.vn\/en\/#website\",\"url\":\"https:\/\/tatco.vn\/en\/\",\"name\":\"C\u00f4ng Ty TNHH D\u1ea7u Nh\u1eddn T&amp;T Vi\u1ec7t Nam\",\"description\":\"Right Point - Right Time - Best Solution\",\"publisher\":{\"@id\":\"https:\/\/tatco.vn\/en\/#organization\"},\"potentialAction\":[{\"@type\":\"SearchAction\",\"target\":{\"@type\":\"EntryPoint\",\"urlTemplate\":\"https:\/\/tatco.vn\/en\/?s={search_term_string}\"},\"query-input\":{\"@type\":\"PropertyValueSpecification\",\"valueRequired\":true,\"valueName\":\"search_term_string\"}}],\"inLanguage\":\"vi\"},{\"@type\":\"Organization\",\"@id\":\"https:\/\/tatco.vn\/en\/#organization\",\"name\":\"C\u00f4ng Ty TNHH D\u1ea7u Nh\u1eddn T&T Vi\u1ec7t Nam\",\"url\":\"https:\/\/tatco.vn\/en\/\",\"logo\":{\"@type\":\"ImageObject\",\"inLanguage\":\"vi\",\"@id\":\"https:\/\/tatco.vn\/en\/#\/schema\/logo\/image\/\",\"url\":\"https:\/\/tatco.vn\/wp-content\/uploads\/2019\/05\/fav-ico.png\",\"contentUrl\":\"https:\/\/tatco.vn\/wp-content\/uploads\/2019\/05\/fav-ico.png\",\"width\":200,\"height\":200,\"caption\":\"C\u00f4ng Ty TNHH D\u1ea7u Nh\u1eddn T&T Vi\u1ec7t Nam\"},\"image\":{\"@id\":\"https:\/\/tatco.vn\/en\/#\/schema\/logo\/image\/\"}}]}<\/script>\n<!-- \/ Yoast SEO plugin. -->","yoast_head_json":{"title":"Mobil Rarus SHC 1026 - C\u00f4ng Ty TNHH D\u1ea7u Nh\u1eddn T&amp;T Vi\u1ec7t Nam","description":"Mobil Rarus SHC \u2122 1026\u00a0l\u00e0 d\u00f2ng d\u1ea7u b\u00f4i tr\u01a1n cao c\u1ea5p d\u00e0nh cho m\u00e1y n\u00e9n kh\u00ed tr\u1ee5c v\u00edt, c\u00e1nh quay ho\u1ea1t \u0111\u1ed9ng trong \u0111i\u1ec1u ki\u1ec7n nhi\u1ec7t \u0111\u1ed9 c\u1ef1c cao.","robots":{"index":"index","follow":"follow","max-snippet":"max-snippet:-1","max-image-preview":"max-image-preview:large","max-video-preview":"max-video-preview:-1"},"canonical":"https:\/\/tatco.vn\/vi\/san-pham\/mobil-rarus-shc-1026\/","og_locale":"vi_VN","og_type":"article","og_title":"Mobil Rarus SHC 1026 - C\u00f4ng Ty TNHH D\u1ea7u Nh\u1eddn T&amp;T Vi\u1ec7t Nam","og_description":"Mobil Rarus SHC \u2122 1026\u00a0l\u00e0 d\u00f2ng d\u1ea7u b\u00f4i tr\u01a1n cao c\u1ea5p d\u00e0nh cho m\u00e1y n\u00e9n kh\u00ed tr\u1ee5c v\u00edt, c\u00e1nh quay ho\u1ea1t \u0111\u1ed9ng trong \u0111i\u1ec1u ki\u1ec7n nhi\u1ec7t \u0111\u1ed9 c\u1ef1c cao.","og_url":"https:\/\/tatco.vn\/vi\/san-pham\/mobil-rarus-shc-1026\/","og_site_name":"C\u00f4ng Ty TNHH D\u1ea7u Nh\u1eddn T&amp;T Vi\u1ec7t Nam","article_modified_time":"2022-11-26T12:47:24+00:00","og_image":[{"width":1200,"height":1200,"url":"https:\/\/tatco.vn\/wp-content\/uploads\/2019\/06\/dau-nhot-mobil-mobil-oil-white.png","type":"image\/png"}],"twitter_card":"summary_large_image","twitter_misc":{"\u01af\u1edbc t\u00ednh th\u1eddi gian \u0111\u1ecdc":"8 ph\u00fat"},"schema":{"@context":"https:\/\/schema.org","@graph":[{"@type":"WebPage","@id":"https:\/\/tatco.vn\/vi\/san-pham\/mobil-rarus-shc-1026\/","url":"https:\/\/tatco.vn\/vi\/san-pham\/mobil-rarus-shc-1026\/","name":"Mobil Rarus SHC 1026 - C\u00f4ng Ty TNHH D\u1ea7u Nh\u1eddn T&amp;T Vi\u1ec7t Nam","isPartOf":{"@id":"https:\/\/tatco.vn\/en\/#website"},"primaryImageOfPage":{"@id":"https:\/\/tatco.vn\/vi\/san-pham\/mobil-rarus-shc-1026\/#primaryimage"},"image":{"@id":"https:\/\/tatco.vn\/vi\/san-pham\/mobil-rarus-shc-1026\/#primaryimage"},"thumbnailUrl":"https:\/\/tatco.vn\/wp-content\/uploads\/2019\/06\/dau-nhot-mobil-mobil-oil-white.png","datePublished":"2019-06-20T06:51:53+00:00","dateModified":"2022-11-26T12:47:24+00:00","description":"Mobil Rarus SHC \u2122 1026\u00a0l\u00e0 d\u00f2ng d\u1ea7u b\u00f4i tr\u01a1n cao c\u1ea5p d\u00e0nh cho m\u00e1y n\u00e9n kh\u00ed tr\u1ee5c v\u00edt, c\u00e1nh quay ho\u1ea1t \u0111\u1ed9ng trong \u0111i\u1ec1u ki\u1ec7n nhi\u1ec7t \u0111\u1ed9 c\u1ef1c cao.","breadcrumb":{"@id":"https:\/\/tatco.vn\/vi\/san-pham\/mobil-rarus-shc-1026\/#breadcrumb"},"inLanguage":"vi","potentialAction":[{"@type":"ReadAction","target":["https:\/\/tatco.vn\/vi\/san-pham\/mobil-rarus-shc-1026\/"]}]},{"@type":"ImageObject","inLanguage":"vi","@id":"https:\/\/tatco.vn\/vi\/san-pham\/mobil-rarus-shc-1026\/#primaryimage","url":"https:\/\/tatco.vn\/wp-content\/uploads\/2019\/06\/dau-nhot-mobil-mobil-oil-white.png","contentUrl":"https:\/\/tatco.vn\/wp-content\/uploads\/2019\/06\/dau-nhot-mobil-mobil-oil-white.png","width":1200,"height":1200,"caption":"dau nhot mobil mobil oil"},{"@type":"BreadcrumbList","@id":"https:\/\/tatco.vn\/vi\/san-pham\/mobil-rarus-shc-1026\/#breadcrumb","itemListElement":[{"@type":"ListItem","position":1,"name":"Home","item":"https:\/\/tatco.vn\/"},{"@type":"ListItem","position":2,"name":"C\u1eeda h\u00e0ng","item":"https:\/\/tatco.vn\/en\/mua\/"},{"@type":"ListItem","position":3,"name":"Mobil Rarus SHC 1026"}]},{"@type":"WebSite","@id":"https:\/\/tatco.vn\/en\/#website","url":"https:\/\/tatco.vn\/en\/","name":"C\u00f4ng Ty TNHH D\u1ea7u Nh\u1eddn T&amp;T Vi\u1ec7t Nam","description":"Right Point - Right Time - Best Solution","publisher":{"@id":"https:\/\/tatco.vn\/en\/#organization"},"potentialAction":[{"@type":"SearchAction","target":{"@type":"EntryPoint","urlTemplate":"https:\/\/tatco.vn\/en\/?s={search_term_string}"},"query-input":{"@type":"PropertyValueSpecification","valueRequired":true,"valueName":"search_term_string"}}],"inLanguage":"vi"},{"@type":"Organization","@id":"https:\/\/tatco.vn\/en\/#organization","name":"C\u00f4ng Ty TNHH D\u1ea7u Nh\u1eddn T&T Vi\u1ec7t Nam","url":"https:\/\/tatco.vn\/en\/","logo":{"@type":"ImageObject","inLanguage":"vi","@id":"https:\/\/tatco.vn\/en\/#\/schema\/logo\/image\/","url":"https:\/\/tatco.vn\/wp-content\/uploads\/2019\/05\/fav-ico.png","contentUrl":"https:\/\/tatco.vn\/wp-content\/uploads\/2019\/05\/fav-ico.png","width":200,"height":200,"caption":"C\u00f4ng Ty TNHH D\u1ea7u Nh\u1eddn T&T Vi\u1ec7t Nam"},"image":{"@id":"https:\/\/tatco.vn\/en\/#\/schema\/logo\/image\/"}}]}},"_links":{"self":[{"href":"https:\/\/tatco.vn\/vi\/wp-json\/wp\/v2\/product\/9341","targetHints":{"allow":["GET"]}}],"collection":[{"href":"https:\/\/tatco.vn\/vi\/wp-json\/wp\/v2\/product"}],"about":[{"href":"https:\/\/tatco.vn\/vi\/wp-json\/wp\/v2\/types\/product"}],"replies":[{"embeddable":true,"href":"https:\/\/tatco.vn\/vi\/wp-json\/wp\/v2\/comments?post=9341"}],"version-history":[{"count":0,"href":"https:\/\/tatco.vn\/vi\/wp-json\/wp\/v2\/product\/9341\/revisions"}],"wp:featuredmedia":[{"embeddable":true,"href":"https:\/\/tatco.vn\/vi\/wp-json\/wp\/v2\/media\/26973"}],"wp:attachment":[{"href":"https:\/\/tatco.vn\/vi\/wp-json\/wp\/v2\/media?parent=9341"}],"wp:term":[{"taxonomy":"product_cat","embeddable":true,"href":"https:\/\/tatco.vn\/vi\/wp-json\/wp\/v2\/product_cat?post=9341"},{"taxonomy":"product_tag","embeddable":true,"href":"https:\/\/tatco.vn\/vi\/wp-json\/wp\/v2\/product_tag?post=9341"}],"curies":[{"name":"wp","href":"https:\/\/api.w.org\/{rel}","templated":true}]}}