{"id":9312,"date":"2019-06-20T12:44:53","date_gmt":"2019-06-20T05:44:53","guid":{"rendered":"https:\/\/tatco.vn\/vi\/?post_type=product&#038;p=9312"},"modified":"2019-06-20T12:48:59","modified_gmt":"2019-06-20T05:48:59","slug":"mobil-eal-arctic-32","status":"publish","type":"product","link":"https:\/\/tatco.vn\/vi\/san-pham\/mobil-eal-arctic-32\/","title":{"rendered":"Mobil Eal Arctic 32"},"content":{"rendered":"<p><\/p>\n<h2><strong>Mobil Eal Arctic 32:<\/strong><\/h2>\n<p><strong>Mobil EAL Arctic 32<\/strong>\u00a0l\u00e0 s\u1ea3n ph\u1ea9m t\u1ed5ng h\u1ee3p cao c\u1ea5p th\u00e2n thi\u1ec7n v\u1edbi m\u00f4i tr\u01b0\u1eddng d\u00e0nh cho h\u1ec7 th\u1ed1ng n\u00e9n l\u1ea1nh s\u1eed d\u1ee5ng HFC.<\/p>\n<p><strong>\u0110\u1eb7c t\u00ednh:<\/strong><\/p>\n<ul>\n<li>L\u1edbp d\u1ea7u b\u00f4i tr\u01a1n d\u00e0y<\/li>\n<li>\u1ed4n \u0111\u1ecbnh nhi\u1ec7t cao<\/li>\n<li>Ch\u1ed1ng m\u00e0i m\u00f2n t\u1ed1t<\/li>\n<li>Ch\u1ec9 s\u1ed1 nh\u1edbt cao, kh\u00f4ng s\u00e1p<\/li>\n<li>\u0110\u1ed9 nh\u1edbt r\u1ed9ng<\/li>\n<\/ul>\n<p><strong>\u1ee8ng d\u1ee5ng:<\/strong><\/p>\n<ul>\n<li>Trong h\u1ed9 gia \u0111\u00ecnh: t\u1ee7 l\u1ea1nh, m\u00e1y l\u00e0m m\u00e1t, \u0111i\u1ec1u h\u00f2a, b\u01a1m nhi\u1ec7t<\/li>\n<li>Trong th\u01b0\u01a1ng m\u1ea1i: khu kinh doanh, mua s\u1eafm, ph\u01b0\u01a1ng ti\u1ec7n giao th\u00f4ng<\/li>\n<li>Trong c\u00f4ng nghi\u1ec7p: th\u1ef1c ph\u1ea9m \u0111\u00f4ng l\u1ea1nh, h\u1ec7 th\u1ed1ng \u0111\u00f4ng l\u1ea1nh<\/li>\n<\/ul>\n<h4><a href=\"https:\/\/www.mobil.com\/English-US\/Industrial\/pds\/GLXXMobil-EAL-Arctic-Series\">T\u00e0i li\u1ec7u tham kh\u1ea3o Mobil EAL Arctic Series: Click v\u00e0o \u0111\u00e2y.<\/a><\/h4>\n<p><a href=\"https:\/\/tatco.vn\/vi\/product-category\/dau-nhot-mobil\/dau-cong-nghiep-mobil\/dau-may-nen-khi-mobil\/\">X\u00eam th\u00eam danh m\u1ee5c: Click t\u1ea1i \u0111\u00e2y.<\/a><\/p>","protected":false},"excerpt":{"rendered":"<p><strong>Mobil EAL Arctic 32<\/strong>\u00a0l\u00e0 s\u1ea3n ph\u1ea9m t\u1ed5ng h\u1ee3p cao c\u1ea5p th\u00e2n thi\u1ec7n v\u1edbi m\u00f4i tr\u01b0\u1eddng d\u00e0nh cho h\u1ec7 th\u1ed1ng n\u00e9n l\u1ea1nh s\u1eed d\u1ee5ng HFC.<\/p>\n","protected":false},"featured_media":9315,"comment_status":"open","ping_status":"closed","template":"","meta":[],"product_cat":[374,371,361,595],"product_tag":[596],"class_list":{"0":"post-9312","1":"product","2":"type-product","3":"status-publish","4":"has-post-thumbnail","6":"product_brand-mobil","7":"product_cat-mobil-industrial-oil","8":"product_cat-mobil-compressor-oil","9":"product_cat-mobil-oil","10":"product_cat-mobil-eal-arctic-series","11":"product_tag-mobil-eal-arctic-32","13":"first","14":"instock","15":"shipping-taxable","16":"purchasable","17":"product-type-simple"},"yoast_head":"<!-- This site is optimized with the Yoast SEO plugin v27.2 - https:\/\/yoast.com\/product\/yoast-seo-wordpress\/ -->\n<title>Mobil Eal Arctic 32 - C\u00f4ng Ty TNHH D\u1ea7u Nh\u1eddn T&amp;T Vi\u1ec7t Nam<\/title>\n<meta name=\"description\" content=\"Mobil EAL Arctic 32\u00a0l\u00e0 s\u1ea3n ph\u1ea9m t\u1ed5ng h\u1ee3p cao c\u1ea5p th\u00e2n thi\u1ec7n v\u1edbi m\u00f4i tr\u01b0\u1eddng d\u00e0nh cho h\u1ec7 th\u1ed1ng n\u00e9n l\u1ea1nh s\u1eed d\u1ee5ng HFC. \u0110\u1eb7c t\u00ednh: L\u1edbp d\u1ea7u b\u00f4i tr\u01a1n d\u00e0y ...\" \/>\n<meta name=\"robots\" content=\"index, follow, max-snippet:-1, max-image-preview:large, max-video-preview:-1\" \/>\n<link rel=\"canonical\" href=\"https:\/\/tatco.vn\/vi\/san-pham\/mobil-eal-arctic-32\/\" \/>\n<meta property=\"og:locale\" content=\"vi_VN\" \/>\n<meta property=\"og:type\" content=\"article\" \/>\n<meta property=\"og:title\" content=\"Mobil Eal Arctic 32 - C\u00f4ng Ty TNHH D\u1ea7u Nh\u1eddn T&amp;T Vi\u1ec7t Nam\" \/>\n<meta property=\"og:description\" content=\"Mobil EAL Arctic 32\u00a0l\u00e0 s\u1ea3n ph\u1ea9m t\u1ed5ng h\u1ee3p cao c\u1ea5p th\u00e2n thi\u1ec7n v\u1edbi m\u00f4i tr\u01b0\u1eddng d\u00e0nh cho h\u1ec7 th\u1ed1ng n\u00e9n l\u1ea1nh s\u1eed d\u1ee5ng HFC. \u0110\u1eb7c t\u00ednh: L\u1edbp d\u1ea7u b\u00f4i tr\u01a1n d\u00e0y ...\" \/>\n<meta property=\"og:url\" content=\"https:\/\/tatco.vn\/vi\/san-pham\/mobil-eal-arctic-32\/\" \/>\n<meta property=\"og:site_name\" content=\"C\u00f4ng Ty TNHH D\u1ea7u Nh\u1eddn T&amp;T Vi\u1ec7t Nam\" \/>\n<meta property=\"article:modified_time\" content=\"2019-06-20T05:48:59+00:00\" \/>\n<meta property=\"og:image\" content=\"https:\/\/tatco.vn\/wp-content\/uploads\/2019\/06\/MOBIL-EAL-ARCTIC-32.jpg\" \/>\n\t<meta property=\"og:image:width\" content=\"600\" \/>\n\t<meta property=\"og:image:height\" content=\"600\" \/>\n\t<meta property=\"og:image:type\" content=\"image\/jpeg\" \/>\n<meta name=\"twitter:card\" content=\"summary_large_image\" \/>\n<meta name=\"twitter:label1\" content=\"\u01af\u1edbc t\u00ednh th\u1eddi gian \u0111\u1ecdc\" \/>\n\t<meta name=\"twitter:data1\" content=\"1 ph\u00fat\" \/>\n<script type=\"application\/ld+json\" class=\"yoast-schema-graph\">{\"@context\":\"https:\/\/schema.org\",\"@graph\":[{\"@type\":\"WebPage\",\"@id\":\"https:\/\/tatco.vn\/vi\/san-pham\/mobil-eal-arctic-32\/\",\"url\":\"https:\/\/tatco.vn\/vi\/san-pham\/mobil-eal-arctic-32\/\",\"name\":\"Mobil Eal Arctic 32 - C\u00f4ng Ty TNHH D\u1ea7u Nh\u1eddn T&amp;T Vi\u1ec7t Nam\",\"isPartOf\":{\"@id\":\"https:\/\/tatco.vn\/en\/#website\"},\"primaryImageOfPage\":{\"@id\":\"https:\/\/tatco.vn\/vi\/san-pham\/mobil-eal-arctic-32\/#primaryimage\"},\"image\":{\"@id\":\"https:\/\/tatco.vn\/vi\/san-pham\/mobil-eal-arctic-32\/#primaryimage\"},\"thumbnailUrl\":\"https:\/\/tatco.vn\/wp-content\/uploads\/2019\/06\/MOBIL-EAL-ARCTIC-32.jpg\",\"datePublished\":\"2019-06-20T05:44:53+00:00\",\"dateModified\":\"2019-06-20T05:48:59+00:00\",\"description\":\"Mobil EAL Arctic 32\u00a0l\u00e0 s\u1ea3n ph\u1ea9m t\u1ed5ng h\u1ee3p cao c\u1ea5p th\u00e2n thi\u1ec7n v\u1edbi m\u00f4i tr\u01b0\u1eddng d\u00e0nh cho h\u1ec7 th\u1ed1ng n\u00e9n l\u1ea1nh s\u1eed d\u1ee5ng HFC. \u0110\u1eb7c t\u00ednh: L\u1edbp d\u1ea7u b\u00f4i tr\u01a1n d\u00e0y ...\",\"breadcrumb\":{\"@id\":\"https:\/\/tatco.vn\/vi\/san-pham\/mobil-eal-arctic-32\/#breadcrumb\"},\"inLanguage\":\"vi\",\"potentialAction\":[{\"@type\":\"ReadAction\",\"target\":[\"https:\/\/tatco.vn\/vi\/san-pham\/mobil-eal-arctic-32\/\"]}]},{\"@type\":\"ImageObject\",\"inLanguage\":\"vi\",\"@id\":\"https:\/\/tatco.vn\/vi\/san-pham\/mobil-eal-arctic-32\/#primaryimage\",\"url\":\"https:\/\/tatco.vn\/wp-content\/uploads\/2019\/06\/MOBIL-EAL-ARCTIC-32.jpg\",\"contentUrl\":\"https:\/\/tatco.vn\/wp-content\/uploads\/2019\/06\/MOBIL-EAL-ARCTIC-32.jpg\",\"width\":600,\"height\":600,\"caption\":\"Mobil EAL Arctic 32\"},{\"@type\":\"BreadcrumbList\",\"@id\":\"https:\/\/tatco.vn\/vi\/san-pham\/mobil-eal-arctic-32\/#breadcrumb\",\"itemListElement\":[{\"@type\":\"ListItem\",\"position\":1,\"name\":\"Home\",\"item\":\"https:\/\/tatco.vn\/\"},{\"@type\":\"ListItem\",\"position\":2,\"name\":\"C\u1eeda h\u00e0ng\",\"item\":\"https:\/\/tatco.vn\/en\/mua\/\"},{\"@type\":\"ListItem\",\"position\":3,\"name\":\"Mobil Eal Arctic 32\"}]},{\"@type\":\"WebSite\",\"@id\":\"https:\/\/tatco.vn\/en\/#website\",\"url\":\"https:\/\/tatco.vn\/en\/\",\"name\":\"C\u00f4ng Ty TNHH D\u1ea7u Nh\u1eddn T&amp;T Vi\u1ec7t Nam\",\"description\":\"Right Point - Right Time - Best Solution\",\"publisher\":{\"@id\":\"https:\/\/tatco.vn\/en\/#organization\"},\"potentialAction\":[{\"@type\":\"SearchAction\",\"target\":{\"@type\":\"EntryPoint\",\"urlTemplate\":\"https:\/\/tatco.vn\/en\/?s={search_term_string}\"},\"query-input\":{\"@type\":\"PropertyValueSpecification\",\"valueRequired\":true,\"valueName\":\"search_term_string\"}}],\"inLanguage\":\"vi\"},{\"@type\":\"Organization\",\"@id\":\"https:\/\/tatco.vn\/en\/#organization\",\"name\":\"C\u00f4ng Ty TNHH D\u1ea7u Nh\u1eddn T&T Vi\u1ec7t Nam\",\"url\":\"https:\/\/tatco.vn\/en\/\",\"logo\":{\"@type\":\"ImageObject\",\"inLanguage\":\"vi\",\"@id\":\"https:\/\/tatco.vn\/en\/#\/schema\/logo\/image\/\",\"url\":\"https:\/\/tatco.vn\/wp-content\/uploads\/2019\/05\/fav-ico.png\",\"contentUrl\":\"https:\/\/tatco.vn\/wp-content\/uploads\/2019\/05\/fav-ico.png\",\"width\":200,\"height\":200,\"caption\":\"C\u00f4ng Ty TNHH D\u1ea7u Nh\u1eddn T&T Vi\u1ec7t Nam\"},\"image\":{\"@id\":\"https:\/\/tatco.vn\/en\/#\/schema\/logo\/image\/\"}}]}<\/script>\n<!-- \/ Yoast SEO plugin. -->","yoast_head_json":{"title":"Mobil Eal Arctic 32 - C\u00f4ng Ty TNHH D\u1ea7u Nh\u1eddn T&amp;T Vi\u1ec7t Nam","description":"Mobil EAL Arctic 32\u00a0l\u00e0 s\u1ea3n ph\u1ea9m t\u1ed5ng h\u1ee3p cao c\u1ea5p th\u00e2n thi\u1ec7n v\u1edbi m\u00f4i tr\u01b0\u1eddng d\u00e0nh cho h\u1ec7 th\u1ed1ng n\u00e9n l\u1ea1nh s\u1eed d\u1ee5ng HFC. \u0110\u1eb7c t\u00ednh: L\u1edbp d\u1ea7u b\u00f4i tr\u01a1n d\u00e0y ...","robots":{"index":"index","follow":"follow","max-snippet":"max-snippet:-1","max-image-preview":"max-image-preview:large","max-video-preview":"max-video-preview:-1"},"canonical":"https:\/\/tatco.vn\/vi\/san-pham\/mobil-eal-arctic-32\/","og_locale":"vi_VN","og_type":"article","og_title":"Mobil Eal Arctic 32 - C\u00f4ng Ty TNHH D\u1ea7u Nh\u1eddn T&amp;T Vi\u1ec7t Nam","og_description":"Mobil EAL Arctic 32\u00a0l\u00e0 s\u1ea3n ph\u1ea9m t\u1ed5ng h\u1ee3p cao c\u1ea5p th\u00e2n thi\u1ec7n v\u1edbi m\u00f4i tr\u01b0\u1eddng d\u00e0nh cho h\u1ec7 th\u1ed1ng n\u00e9n l\u1ea1nh s\u1eed d\u1ee5ng HFC. \u0110\u1eb7c t\u00ednh: L\u1edbp d\u1ea7u b\u00f4i tr\u01a1n d\u00e0y ...","og_url":"https:\/\/tatco.vn\/vi\/san-pham\/mobil-eal-arctic-32\/","og_site_name":"C\u00f4ng Ty TNHH D\u1ea7u Nh\u1eddn T&amp;T Vi\u1ec7t Nam","article_modified_time":"2019-06-20T05:48:59+00:00","og_image":[{"width":600,"height":600,"url":"https:\/\/tatco.vn\/wp-content\/uploads\/2019\/06\/MOBIL-EAL-ARCTIC-32.jpg","type":"image\/jpeg"}],"twitter_card":"summary_large_image","twitter_misc":{"\u01af\u1edbc t\u00ednh th\u1eddi gian \u0111\u1ecdc":"1 ph\u00fat"},"schema":{"@context":"https:\/\/schema.org","@graph":[{"@type":"WebPage","@id":"https:\/\/tatco.vn\/vi\/san-pham\/mobil-eal-arctic-32\/","url":"https:\/\/tatco.vn\/vi\/san-pham\/mobil-eal-arctic-32\/","name":"Mobil Eal Arctic 32 - C\u00f4ng Ty TNHH D\u1ea7u Nh\u1eddn T&amp;T Vi\u1ec7t Nam","isPartOf":{"@id":"https:\/\/tatco.vn\/en\/#website"},"primaryImageOfPage":{"@id":"https:\/\/tatco.vn\/vi\/san-pham\/mobil-eal-arctic-32\/#primaryimage"},"image":{"@id":"https:\/\/tatco.vn\/vi\/san-pham\/mobil-eal-arctic-32\/#primaryimage"},"thumbnailUrl":"https:\/\/tatco.vn\/wp-content\/uploads\/2019\/06\/MOBIL-EAL-ARCTIC-32.jpg","datePublished":"2019-06-20T05:44:53+00:00","dateModified":"2019-06-20T05:48:59+00:00","description":"Mobil EAL Arctic 32\u00a0l\u00e0 s\u1ea3n ph\u1ea9m t\u1ed5ng h\u1ee3p cao c\u1ea5p th\u00e2n thi\u1ec7n v\u1edbi m\u00f4i tr\u01b0\u1eddng d\u00e0nh cho h\u1ec7 th\u1ed1ng n\u00e9n l\u1ea1nh s\u1eed d\u1ee5ng HFC. \u0110\u1eb7c t\u00ednh: L\u1edbp d\u1ea7u b\u00f4i tr\u01a1n d\u00e0y ...","breadcrumb":{"@id":"https:\/\/tatco.vn\/vi\/san-pham\/mobil-eal-arctic-32\/#breadcrumb"},"inLanguage":"vi","potentialAction":[{"@type":"ReadAction","target":["https:\/\/tatco.vn\/vi\/san-pham\/mobil-eal-arctic-32\/"]}]},{"@type":"ImageObject","inLanguage":"vi","@id":"https:\/\/tatco.vn\/vi\/san-pham\/mobil-eal-arctic-32\/#primaryimage","url":"https:\/\/tatco.vn\/wp-content\/uploads\/2019\/06\/MOBIL-EAL-ARCTIC-32.jpg","contentUrl":"https:\/\/tatco.vn\/wp-content\/uploads\/2019\/06\/MOBIL-EAL-ARCTIC-32.jpg","width":600,"height":600,"caption":"Mobil EAL Arctic 32"},{"@type":"BreadcrumbList","@id":"https:\/\/tatco.vn\/vi\/san-pham\/mobil-eal-arctic-32\/#breadcrumb","itemListElement":[{"@type":"ListItem","position":1,"name":"Home","item":"https:\/\/tatco.vn\/"},{"@type":"ListItem","position":2,"name":"C\u1eeda h\u00e0ng","item":"https:\/\/tatco.vn\/en\/mua\/"},{"@type":"ListItem","position":3,"name":"Mobil Eal Arctic 32"}]},{"@type":"WebSite","@id":"https:\/\/tatco.vn\/en\/#website","url":"https:\/\/tatco.vn\/en\/","name":"C\u00f4ng Ty TNHH D\u1ea7u Nh\u1eddn T&amp;T Vi\u1ec7t Nam","description":"Right Point - Right Time - Best Solution","publisher":{"@id":"https:\/\/tatco.vn\/en\/#organization"},"potentialAction":[{"@type":"SearchAction","target":{"@type":"EntryPoint","urlTemplate":"https:\/\/tatco.vn\/en\/?s={search_term_string}"},"query-input":{"@type":"PropertyValueSpecification","valueRequired":true,"valueName":"search_term_string"}}],"inLanguage":"vi"},{"@type":"Organization","@id":"https:\/\/tatco.vn\/en\/#organization","name":"C\u00f4ng Ty TNHH D\u1ea7u Nh\u1eddn T&T Vi\u1ec7t Nam","url":"https:\/\/tatco.vn\/en\/","logo":{"@type":"ImageObject","inLanguage":"vi","@id":"https:\/\/tatco.vn\/en\/#\/schema\/logo\/image\/","url":"https:\/\/tatco.vn\/wp-content\/uploads\/2019\/05\/fav-ico.png","contentUrl":"https:\/\/tatco.vn\/wp-content\/uploads\/2019\/05\/fav-ico.png","width":200,"height":200,"caption":"C\u00f4ng Ty TNHH D\u1ea7u Nh\u1eddn T&T Vi\u1ec7t Nam"},"image":{"@id":"https:\/\/tatco.vn\/en\/#\/schema\/logo\/image\/"}}]}},"_links":{"self":[{"href":"https:\/\/tatco.vn\/vi\/wp-json\/wp\/v2\/product\/9312","targetHints":{"allow":["GET"]}}],"collection":[{"href":"https:\/\/tatco.vn\/vi\/wp-json\/wp\/v2\/product"}],"about":[{"href":"https:\/\/tatco.vn\/vi\/wp-json\/wp\/v2\/types\/product"}],"replies":[{"embeddable":true,"href":"https:\/\/tatco.vn\/vi\/wp-json\/wp\/v2\/comments?post=9312"}],"version-history":[{"count":0,"href":"https:\/\/tatco.vn\/vi\/wp-json\/wp\/v2\/product\/9312\/revisions"}],"wp:featuredmedia":[{"embeddable":true,"href":"https:\/\/tatco.vn\/vi\/wp-json\/wp\/v2\/media\/9315"}],"wp:attachment":[{"href":"https:\/\/tatco.vn\/vi\/wp-json\/wp\/v2\/media?parent=9312"}],"wp:term":[{"taxonomy":"product_cat","embeddable":true,"href":"https:\/\/tatco.vn\/vi\/wp-json\/wp\/v2\/product_cat?post=9312"},{"taxonomy":"product_tag","embeddable":true,"href":"https:\/\/tatco.vn\/vi\/wp-json\/wp\/v2\/product_tag?post=9312"}],"curies":[{"name":"wp","href":"https:\/\/api.w.org\/{rel}","templated":true}]}}