{"id":8944,"date":"2019-06-11T14:05:15","date_gmt":"2019-06-11T07:05:15","guid":{"rendered":"https:\/\/tatco.vn\/vi\/?post_type=product&#038;p=8944"},"modified":"2022-11-26T19:44:40","modified_gmt":"2022-11-26T12:44:40","slug":"mobil-shc-526","status":"publish","type":"product","link":"https:\/\/tatco.vn\/vi\/san-pham\/dau-thuy-luc-mobil-shc-526\/","title":{"rendered":"D\u1ea7u Th\u1ee7y L\u1ef1c Mobil SHC 526"},"content":{"rendered":"<section class=\"wpb-content-wrapper\"><p>[vc_row][vc_column][vc_column_text]<\/p>\n<h2><strong>Mobil SHC 526:<\/strong><\/h2>\n<p><strong>Mobil SHC 526<\/strong> l\u00e0 d\u1ea7u th\u1ee7y l\u1ef1c cao c\u1ea5p \u0111\u01b0\u1ee3c t\u1ed5ng h\u1ee3p v\u1edbi h\u1ec7 th\u1ed1ng ch\u1ea5t ph\u1ee5 gia<\/p>\n<p><strong>\u0110\u1eb7c t\u00ednh:<\/strong><\/p>\n<ul>\n<li>\u1ed4n \u0111\u1ecbnh t\u00ednh oxy h\u00f3a<\/li>\n<li>Ch\u1ed1ng m\u00e0i m\u00f2n, \u0103n m\u00f2n t\u1ed1t<\/li>\n<li>Kh\u1ea3 n\u0103ng kh\u1eed nh\u0169 t\u01b0\u01a1ng<\/li>\n<li>L\u00e0m s\u1ea1ch thi\u1ebft b\u1ecb<\/li>\n<\/ul>\n<p><strong>\u1ee8ng d\u1ee5ng:<\/strong><\/p>\n<ul>\n<li>H\u1ec7 th\u1ed1ng th\u1ee7y l\u1ef1c d\u1ec5 b\u1ecb \u0111\u00f3ng c\u1eb7n, b\u00f9n<\/li>\n<li>H\u1ec7 th\u1ed1ng th\u1ee7y l\u1ef1c \u0111\u00f2i h\u1ecfi kh\u1ea3 n\u0103ng t\u1ea3i cao v\u00e0 ch\u1ed1ng m\u00e0i m\u00f2n, ch\u1ed1ng \u0103n m\u00f2n<\/li>\n<li>H\u1ec7 th\u1ed1ng n\u01a1i kh\u1edfi \u0111\u1ed9ng l\u1ea1nh v\u00e0 ho\u1ea1t \u0111\u1ed9ng nhi\u1ec7t cao<\/li>\n<li>Thi\u1ebft b\u1ecb d\u1ec5 b\u1ecb d\u00ednh n\u01b0\u1edbc<\/li>\n<li>H\u1ec7 th\u1ed1ng ch\u1ee9a b\u00e1nh r\u0103ng v\u00e0 v\u00f2ng bi<\/li>\n<li>M\u00e1y \u0111i\u1ec1u khi\u1ec3n b\u1eb1ng s\u1ed1 NC<\/li>\n<li>B\u01a1m b\u00e1nh r\u0103ng, pit t\u00f4ng, c\u00e1nh g\u1ea1t cao \u00e1p<\/li>\n<\/ul>\n<h2>Th\u00f4ng s\u1ed1 k\u1ef9 thu\u1eadt v\u00e0 ch\u1ee9ng nh\u1eadn:<\/h2>\n<div>\n<table>\n<tbody>\n<tr>\n<td style=\"text-align: left;\"><strong>Th\u00f4ng s\u1ed1 k\u1ef9 thu\u1eadt v\u00e0 ch\u1ee9ng nh\u1eadn:<\/strong><\/td>\n<td><strong>524<\/strong><\/td>\n<td><strong>525<\/strong><\/td>\n<td><strong>526<\/strong><\/td>\n<\/tr>\n<tr>\n<td style=\"text-align: left;\">DENISON HF-0<\/td>\n<td>X<\/td>\n<td>X<\/td>\n<td>X<\/td>\n<\/tr>\n<tr>\n<td style=\"text-align: left;\">DENISON HF-1<\/td>\n<td>X<\/td>\n<td>X<\/td>\n<td>X<\/td>\n<\/tr>\n<tr>\n<td style=\"text-align: left;\">DENISON HF-2<\/td>\n<td>X<\/td>\n<td>X<\/td>\n<td>X<\/td>\n<\/tr>\n<\/tbody>\n<\/table>\n<\/div>\n<h2>Thu\u1ed9c t\u00ednh:<\/h2>\n<div>\n<table>\n<tbody>\n<tr>\n<td style=\"text-align: left;\"><strong>Property<\/strong><\/td>\n<td><strong>524<\/strong><\/td>\n<td><strong>525<\/strong><\/td>\n<td><strong>526<\/strong><\/td>\n<td><strong>527<\/strong><\/td>\n<\/tr>\n<tr>\n<td style=\"text-align: left;\">Grade<\/td>\n<td>ISO 32<\/td>\n<td>ISO 46<\/td>\n<td>ISO 68<\/td>\n<td>ISO 100<\/td>\n<\/tr>\n<tr>\n<td style=\"text-align: left;\">Brookfield Viscosity @ -18 C, mPa.s, ASTM D2983<\/td>\n<td>923<\/td>\n<td>1376<\/td>\n<td>2385<\/td>\n<td>4500<\/td>\n<\/tr>\n<tr>\n<td style=\"text-align: left;\">Copper Strip Corrosion, 3 h, 100 C, Rating, ASTM D130<\/td>\n<td>1B<\/td>\n<td>1B<\/td>\n<td>1B<\/td>\n<td>1B<\/td>\n<\/tr>\n<tr>\n<td style=\"text-align: left;\">Density @ 15 C, kg\/l, ASTM D4052<\/td>\n<td>0.853<\/td>\n<td>0.852<\/td>\n<td>0.854<\/td>\n<td>0.858<\/td>\n<\/tr>\n<tr>\n<td style=\"text-align: left;\">Emulsion, Time to 40\/37\/3, 54 C, min, ASTM D1401<\/td>\n<td>20<\/td>\n<td>20<\/td>\n<td>20<\/td>\n<td><\/td>\n<\/tr>\n<tr>\n<td style=\"text-align: left;\">Emulsion, Time to 40\/37\/3, 82 C, min, ASTM D1401<\/td>\n<td><\/td>\n<td><\/td>\n<td><\/td>\n<td>20<\/td>\n<\/tr>\n<tr>\n<td style=\"text-align: left;\">FZG Scuffing, Fail Stage, DIN 51354<\/td>\n<td>9<\/td>\n<td>10<\/td>\n<td>11<\/td>\n<td>11<\/td>\n<\/tr>\n<tr>\n<td style=\"text-align: left;\">Flash Point, Cleveland Open Cup, \u00b0C, ASTM D92<\/td>\n<td>234<\/td>\n<td>238<\/td>\n<td>240<\/td>\n<td>243<\/td>\n<\/tr>\n<tr>\n<td style=\"text-align: left;\">Foam, Sequence I, Stability, ml, ASTM D892<\/td>\n<td>0<\/td>\n<td>50<\/td>\n<td>0<\/td>\n<td>0<\/td>\n<\/tr>\n<tr>\n<td style=\"text-align: left;\">Foam, Sequence I, Tendency, ml, ASTM D892<\/td>\n<td>50<\/td>\n<td>50<\/td>\n<td>50<\/td>\n<td>50<\/td>\n<\/tr>\n<tr>\n<td style=\"text-align: left;\">Foam, Sequence II, Stability, ml, ASTM D892<\/td>\n<td>0<\/td>\n<td><\/td>\n<td>0<\/td>\n<td>0<\/td>\n<\/tr>\n<tr>\n<td style=\"text-align: left;\">Foam, Sequence II, Tendency, ml, ASTM D892<\/td>\n<td>50<\/td>\n<td>0<\/td>\n<td>50<\/td>\n<td>50<\/td>\n<\/tr>\n<tr>\n<td style=\"text-align: left;\">Foam, Sequence III, Stability, ml, ASTM D892<\/td>\n<td>0<\/td>\n<td>0<\/td>\n<td>0<\/td>\n<td>0<\/td>\n<\/tr>\n<tr>\n<td style=\"text-align: left;\">Foam, Sequence III, Tendency, ml, ASTM D892<\/td>\n<td>50<\/td>\n<td>50<\/td>\n<td>50<\/td>\n<td>50<\/td>\n<\/tr>\n<tr>\n<td style=\"text-align: left;\">Kinematic Viscosity @ 100 C, mm2\/s, ASTM D445<\/td>\n<td>6.4<\/td>\n<td>8.54<\/td>\n<td>11.52<\/td>\n<td>15.94<\/td>\n<\/tr>\n<tr>\n<td style=\"text-align: left;\">Kinematic Viscosity @ 40 C, mm2\/s, ASTM D445<\/td>\n<td>32<\/td>\n<td>46<\/td>\n<td>68<\/td>\n<td>100<\/td>\n<\/tr>\n<tr>\n<td style=\"text-align: left;\">Pour Point, \u00b0C, ASTM D97<\/td>\n<td>-56<\/td>\n<td>-54<\/td>\n<td>-53<\/td>\n<td>-52<\/td>\n<\/tr>\n<tr>\n<td style=\"text-align: left;\">Rust Characteristics, Procedure B, ASTM D665<\/td>\n<td>PASS<\/td>\n<td>PASS<\/td>\n<td>PASS<\/td>\n<td>PASS<\/td>\n<\/tr>\n<tr>\n<td style=\"text-align: left;\">Viscosity Index, ASTM D2270<\/td>\n<td>144<\/td>\n<td>154<\/td>\n<td>158<\/td>\n<td>160<\/td>\n<\/tr>\n<\/tbody>\n<\/table>\n<\/div>\n<h4><a href=\"https:\/\/www.mobil.com\/English-US\/Industrial\/pds\/GLXXMobil-SHC-500-Series\">T\u00e0i li\u1ec7u tham kh\u1ea3o <strong>D\u1ea7u Mobil SHC\u2122 500 Series<\/strong>: Click v\u00e0o \u0111\u00e2y.<\/a><\/h4>\n<p><a href=\"https:\/\/tatco.vn\/vi\/danh-muc-san-pham\/dau-nhot-mobil\/dau-nhot-cong-nghiep-mobil\/dau-nhot-thuy-luc-mobil\/dau-thuy-luc-mobil-shc-500-series\/\">X\u00eam th\u00eam danh m\u1ee5c: Click t\u1ea1i \u0111\u00e2y.<\/a>[\/vc_column_text][\/vc_column][\/vc_row]<\/p>\n<\/section>","protected":false},"excerpt":{"rendered":"<p>D\u1ea7u Mobil SHC 526 l\u00e0 d\u1ea7u th\u1ee7y l\u1ef1c hi\u1ec7u su\u1ea5t \u0111\u1eb7c bi\u1ec7t \u0111\u01b0\u1ee3c pha ch\u1ebf t\u1eeb d\u1ea7u g\u1ed1c hydrocacbon t\u1ed5ng h\u1ee3p, kh\u00f4ng ch\u1ee9a s\u00e1p k\u1ebft h\u1ee3p v\u1edbi h\u1ec7 ph\u1ee5 gia si\u00eau \u1ed5n \u0111\u1ecbnh \u0111\u01b0\u1ee3c thi\u1ebft k\u1ebf c\u1ea9n th\u1eadn<\/p>\n","protected":false},"featured_media":26973,"comment_status":"open","ping_status":"closed","template":"","meta":[],"product_cat":[374,361,362,574],"product_tag":[652,659,594,660],"class_list":{"0":"post-8944","1":"product","2":"type-product","3":"status-publish","4":"has-post-thumbnail","6":"product_brand-mobil","7":"product_cat-mobil-industrial-oil","8":"product_cat-mobil-oil","9":"product_cat-mobil-hydraulic-oil","10":"product_cat-mobil-shc-500-series","11":"product_tag-dau-thuy-luc","12":"product_tag-mobil-shc-500","13":"product_tag-mobil-shc-526","14":"product_tag-shc-500","16":"first","17":"instock","18":"shipping-taxable","19":"purchasable","20":"product-type-simple"},"yoast_head":"<!-- This site is optimized with the Yoast SEO plugin v27.2 - https:\/\/yoast.com\/product\/yoast-seo-wordpress\/ -->\n<title>D\u1ea7u Th\u1ee7y L\u1ef1c Mobil SHC 526 - C\u00f4ng Ty TNHH D\u1ea7u Nh\u1eddn T&amp;T Vi\u1ec7t Nam<\/title>\n<meta name=\"description\" content=\"Mobil SHC \u2122 526 l\u00e0 d\u1ea7u th\u1ee7y l\u1ef1c cao c\u1ea5p \u0111\u01b0\u1ee3c t\u1ed5ng h\u1ee3p v\u1edbi h\u1ec7 th\u1ed1ng ch\u1ea5t ph\u1ee5 gia. \u0110\u1eb7c t\u00ednh: \u1ed4n \u0111\u1ecbnh t\u00ednh oxy h\u00f3a Ch\u1ed1ng m\u00e0i m\u00f2n, \u0103n m\u00f2n t\u1ed1t ...\" \/>\n<meta name=\"robots\" content=\"index, follow, max-snippet:-1, max-image-preview:large, max-video-preview:-1\" \/>\n<link rel=\"canonical\" href=\"https:\/\/tatco.vn\/en\/san-pham\/mobil-shc-526\/\" \/>\n<meta property=\"og:locale\" content=\"vi_VN\" \/>\n<meta property=\"og:type\" content=\"article\" \/>\n<meta property=\"og:title\" content=\"D\u1ea7u Th\u1ee7y L\u1ef1c Mobil SHC 526 - C\u00f4ng Ty TNHH D\u1ea7u Nh\u1eddn T&amp;T Vi\u1ec7t Nam\" \/>\n<meta property=\"og:description\" content=\"Mobil SHC \u2122 526 l\u00e0 d\u1ea7u th\u1ee7y l\u1ef1c cao c\u1ea5p \u0111\u01b0\u1ee3c t\u1ed5ng h\u1ee3p v\u1edbi h\u1ec7 th\u1ed1ng ch\u1ea5t ph\u1ee5 gia. \u0110\u1eb7c t\u00ednh: \u1ed4n \u0111\u1ecbnh t\u00ednh oxy h\u00f3a Ch\u1ed1ng m\u00e0i m\u00f2n, \u0103n m\u00f2n t\u1ed1t ...\" \/>\n<meta property=\"og:url\" content=\"https:\/\/tatco.vn\/en\/san-pham\/mobil-shc-526\/\" \/>\n<meta property=\"og:site_name\" content=\"C\u00f4ng Ty TNHH D\u1ea7u Nh\u1eddn T&amp;T Vi\u1ec7t Nam\" \/>\n<meta property=\"article:modified_time\" content=\"2022-11-26T12:44:40+00:00\" \/>\n<meta property=\"og:image\" content=\"https:\/\/tatco.vn\/wp-content\/uploads\/2019\/06\/dau-nhot-mobil-mobil-oil-white.png\" \/>\n\t<meta property=\"og:image:width\" content=\"1200\" \/>\n\t<meta property=\"og:image:height\" content=\"1200\" \/>\n\t<meta property=\"og:image:type\" content=\"image\/png\" \/>\n<meta name=\"twitter:card\" content=\"summary_large_image\" \/>\n<meta name=\"twitter:label1\" content=\"\u01af\u1edbc t\u00ednh th\u1eddi gian \u0111\u1ecdc\" \/>\n\t<meta name=\"twitter:data1\" content=\"7 ph\u00fat\" \/>\n<script type=\"application\/ld+json\" class=\"yoast-schema-graph\">{\"@context\":\"https:\/\/schema.org\",\"@graph\":[{\"@type\":\"WebPage\",\"@id\":\"https:\/\/tatco.vn\/en\/san-pham\/mobil-shc-526\/\",\"url\":\"https:\/\/tatco.vn\/en\/san-pham\/mobil-shc-526\/\",\"name\":\"D\u1ea7u Th\u1ee7y L\u1ef1c Mobil SHC 526 - C\u00f4ng Ty TNHH D\u1ea7u Nh\u1eddn T&amp;T Vi\u1ec7t Nam\",\"isPartOf\":{\"@id\":\"https:\/\/tatco.vn\/en\/#website\"},\"primaryImageOfPage\":{\"@id\":\"https:\/\/tatco.vn\/en\/san-pham\/mobil-shc-526\/#primaryimage\"},\"image\":{\"@id\":\"https:\/\/tatco.vn\/en\/san-pham\/mobil-shc-526\/#primaryimage\"},\"thumbnailUrl\":\"https:\/\/tatco.vn\/wp-content\/uploads\/2019\/06\/dau-nhot-mobil-mobil-oil-white.png\",\"datePublished\":\"2019-06-11T07:05:15+00:00\",\"dateModified\":\"2022-11-26T12:44:40+00:00\",\"description\":\"Mobil SHC \u2122 526 l\u00e0 d\u1ea7u th\u1ee7y l\u1ef1c cao c\u1ea5p \u0111\u01b0\u1ee3c t\u1ed5ng h\u1ee3p v\u1edbi h\u1ec7 th\u1ed1ng ch\u1ea5t ph\u1ee5 gia. \u0110\u1eb7c t\u00ednh: \u1ed4n \u0111\u1ecbnh t\u00ednh oxy h\u00f3a Ch\u1ed1ng m\u00e0i m\u00f2n, \u0103n m\u00f2n t\u1ed1t ...\",\"breadcrumb\":{\"@id\":\"https:\/\/tatco.vn\/en\/san-pham\/mobil-shc-526\/#breadcrumb\"},\"inLanguage\":\"vi\",\"potentialAction\":[{\"@type\":\"ReadAction\",\"target\":[\"https:\/\/tatco.vn\/en\/san-pham\/mobil-shc-526\/\"]}]},{\"@type\":\"ImageObject\",\"inLanguage\":\"vi\",\"@id\":\"https:\/\/tatco.vn\/en\/san-pham\/mobil-shc-526\/#primaryimage\",\"url\":\"https:\/\/tatco.vn\/wp-content\/uploads\/2019\/06\/dau-nhot-mobil-mobil-oil-white.png\",\"contentUrl\":\"https:\/\/tatco.vn\/wp-content\/uploads\/2019\/06\/dau-nhot-mobil-mobil-oil-white.png\",\"width\":1200,\"height\":1200,\"caption\":\"dau nhot mobil mobil oil\"},{\"@type\":\"BreadcrumbList\",\"@id\":\"https:\/\/tatco.vn\/en\/san-pham\/mobil-shc-526\/#breadcrumb\",\"itemListElement\":[{\"@type\":\"ListItem\",\"position\":1,\"name\":\"Home\",\"item\":\"https:\/\/tatco.vn\/\"},{\"@type\":\"ListItem\",\"position\":2,\"name\":\"C\u1eeda h\u00e0ng\",\"item\":\"https:\/\/tatco.vn\/en\/mua\/\"},{\"@type\":\"ListItem\",\"position\":3,\"name\":\"Mobil SHC 526\"}]},{\"@type\":\"WebSite\",\"@id\":\"https:\/\/tatco.vn\/en\/#website\",\"url\":\"https:\/\/tatco.vn\/en\/\",\"name\":\"C\u00f4ng Ty TNHH D\u1ea7u Nh\u1eddn T&amp;T Vi\u1ec7t Nam\",\"description\":\"Right Point - Right Time - Best Solution\",\"publisher\":{\"@id\":\"https:\/\/tatco.vn\/en\/#organization\"},\"potentialAction\":[{\"@type\":\"SearchAction\",\"target\":{\"@type\":\"EntryPoint\",\"urlTemplate\":\"https:\/\/tatco.vn\/en\/?s={search_term_string}\"},\"query-input\":{\"@type\":\"PropertyValueSpecification\",\"valueRequired\":true,\"valueName\":\"search_term_string\"}}],\"inLanguage\":\"vi\"},{\"@type\":\"Organization\",\"@id\":\"https:\/\/tatco.vn\/en\/#organization\",\"name\":\"C\u00f4ng Ty TNHH D\u1ea7u Nh\u1eddn T&T Vi\u1ec7t Nam\",\"url\":\"https:\/\/tatco.vn\/en\/\",\"logo\":{\"@type\":\"ImageObject\",\"inLanguage\":\"vi\",\"@id\":\"https:\/\/tatco.vn\/en\/#\/schema\/logo\/image\/\",\"url\":\"https:\/\/tatco.vn\/wp-content\/uploads\/2019\/05\/fav-ico.png\",\"contentUrl\":\"https:\/\/tatco.vn\/wp-content\/uploads\/2019\/05\/fav-ico.png\",\"width\":200,\"height\":200,\"caption\":\"C\u00f4ng Ty TNHH D\u1ea7u Nh\u1eddn T&T Vi\u1ec7t Nam\"},\"image\":{\"@id\":\"https:\/\/tatco.vn\/en\/#\/schema\/logo\/image\/\"}}]}<\/script>\n<!-- \/ Yoast SEO plugin. -->","yoast_head_json":{"title":"D\u1ea7u Th\u1ee7y L\u1ef1c Mobil SHC 526 - C\u00f4ng Ty TNHH D\u1ea7u Nh\u1eddn T&amp;T Vi\u1ec7t Nam","description":"Mobil SHC \u2122 526 l\u00e0 d\u1ea7u th\u1ee7y l\u1ef1c cao c\u1ea5p \u0111\u01b0\u1ee3c t\u1ed5ng h\u1ee3p v\u1edbi h\u1ec7 th\u1ed1ng ch\u1ea5t ph\u1ee5 gia. \u0110\u1eb7c t\u00ednh: \u1ed4n \u0111\u1ecbnh t\u00ednh oxy h\u00f3a Ch\u1ed1ng m\u00e0i m\u00f2n, \u0103n m\u00f2n t\u1ed1t ...","robots":{"index":"index","follow":"follow","max-snippet":"max-snippet:-1","max-image-preview":"max-image-preview:large","max-video-preview":"max-video-preview:-1"},"canonical":"https:\/\/tatco.vn\/en\/san-pham\/mobil-shc-526\/","og_locale":"vi_VN","og_type":"article","og_title":"D\u1ea7u Th\u1ee7y L\u1ef1c Mobil SHC 526 - C\u00f4ng Ty TNHH D\u1ea7u Nh\u1eddn T&amp;T Vi\u1ec7t Nam","og_description":"Mobil SHC \u2122 526 l\u00e0 d\u1ea7u th\u1ee7y l\u1ef1c cao c\u1ea5p \u0111\u01b0\u1ee3c t\u1ed5ng h\u1ee3p v\u1edbi h\u1ec7 th\u1ed1ng ch\u1ea5t ph\u1ee5 gia. \u0110\u1eb7c t\u00ednh: \u1ed4n \u0111\u1ecbnh t\u00ednh oxy h\u00f3a Ch\u1ed1ng m\u00e0i m\u00f2n, \u0103n m\u00f2n t\u1ed1t ...","og_url":"https:\/\/tatco.vn\/en\/san-pham\/mobil-shc-526\/","og_site_name":"C\u00f4ng Ty TNHH D\u1ea7u Nh\u1eddn T&amp;T Vi\u1ec7t Nam","article_modified_time":"2022-11-26T12:44:40+00:00","og_image":[{"width":1200,"height":1200,"url":"https:\/\/tatco.vn\/wp-content\/uploads\/2019\/06\/dau-nhot-mobil-mobil-oil-white.png","type":"image\/png"}],"twitter_card":"summary_large_image","twitter_misc":{"\u01af\u1edbc t\u00ednh th\u1eddi gian \u0111\u1ecdc":"7 ph\u00fat"},"schema":{"@context":"https:\/\/schema.org","@graph":[{"@type":"WebPage","@id":"https:\/\/tatco.vn\/en\/san-pham\/mobil-shc-526\/","url":"https:\/\/tatco.vn\/en\/san-pham\/mobil-shc-526\/","name":"D\u1ea7u Th\u1ee7y L\u1ef1c Mobil SHC 526 - C\u00f4ng Ty TNHH D\u1ea7u Nh\u1eddn T&amp;T Vi\u1ec7t Nam","isPartOf":{"@id":"https:\/\/tatco.vn\/en\/#website"},"primaryImageOfPage":{"@id":"https:\/\/tatco.vn\/en\/san-pham\/mobil-shc-526\/#primaryimage"},"image":{"@id":"https:\/\/tatco.vn\/en\/san-pham\/mobil-shc-526\/#primaryimage"},"thumbnailUrl":"https:\/\/tatco.vn\/wp-content\/uploads\/2019\/06\/dau-nhot-mobil-mobil-oil-white.png","datePublished":"2019-06-11T07:05:15+00:00","dateModified":"2022-11-26T12:44:40+00:00","description":"Mobil SHC \u2122 526 l\u00e0 d\u1ea7u th\u1ee7y l\u1ef1c cao c\u1ea5p \u0111\u01b0\u1ee3c t\u1ed5ng h\u1ee3p v\u1edbi h\u1ec7 th\u1ed1ng ch\u1ea5t ph\u1ee5 gia. \u0110\u1eb7c t\u00ednh: \u1ed4n \u0111\u1ecbnh t\u00ednh oxy h\u00f3a Ch\u1ed1ng m\u00e0i m\u00f2n, \u0103n m\u00f2n t\u1ed1t ...","breadcrumb":{"@id":"https:\/\/tatco.vn\/en\/san-pham\/mobil-shc-526\/#breadcrumb"},"inLanguage":"vi","potentialAction":[{"@type":"ReadAction","target":["https:\/\/tatco.vn\/en\/san-pham\/mobil-shc-526\/"]}]},{"@type":"ImageObject","inLanguage":"vi","@id":"https:\/\/tatco.vn\/en\/san-pham\/mobil-shc-526\/#primaryimage","url":"https:\/\/tatco.vn\/wp-content\/uploads\/2019\/06\/dau-nhot-mobil-mobil-oil-white.png","contentUrl":"https:\/\/tatco.vn\/wp-content\/uploads\/2019\/06\/dau-nhot-mobil-mobil-oil-white.png","width":1200,"height":1200,"caption":"dau nhot mobil mobil oil"},{"@type":"BreadcrumbList","@id":"https:\/\/tatco.vn\/en\/san-pham\/mobil-shc-526\/#breadcrumb","itemListElement":[{"@type":"ListItem","position":1,"name":"Home","item":"https:\/\/tatco.vn\/"},{"@type":"ListItem","position":2,"name":"C\u1eeda h\u00e0ng","item":"https:\/\/tatco.vn\/en\/mua\/"},{"@type":"ListItem","position":3,"name":"Mobil SHC 526"}]},{"@type":"WebSite","@id":"https:\/\/tatco.vn\/en\/#website","url":"https:\/\/tatco.vn\/en\/","name":"C\u00f4ng Ty TNHH D\u1ea7u Nh\u1eddn T&amp;T Vi\u1ec7t Nam","description":"Right Point - Right Time - Best Solution","publisher":{"@id":"https:\/\/tatco.vn\/en\/#organization"},"potentialAction":[{"@type":"SearchAction","target":{"@type":"EntryPoint","urlTemplate":"https:\/\/tatco.vn\/en\/?s={search_term_string}"},"query-input":{"@type":"PropertyValueSpecification","valueRequired":true,"valueName":"search_term_string"}}],"inLanguage":"vi"},{"@type":"Organization","@id":"https:\/\/tatco.vn\/en\/#organization","name":"C\u00f4ng Ty TNHH D\u1ea7u Nh\u1eddn T&T Vi\u1ec7t Nam","url":"https:\/\/tatco.vn\/en\/","logo":{"@type":"ImageObject","inLanguage":"vi","@id":"https:\/\/tatco.vn\/en\/#\/schema\/logo\/image\/","url":"https:\/\/tatco.vn\/wp-content\/uploads\/2019\/05\/fav-ico.png","contentUrl":"https:\/\/tatco.vn\/wp-content\/uploads\/2019\/05\/fav-ico.png","width":200,"height":200,"caption":"C\u00f4ng Ty TNHH D\u1ea7u Nh\u1eddn T&T Vi\u1ec7t Nam"},"image":{"@id":"https:\/\/tatco.vn\/en\/#\/schema\/logo\/image\/"}}]}},"_links":{"self":[{"href":"https:\/\/tatco.vn\/vi\/wp-json\/wp\/v2\/product\/8944","targetHints":{"allow":["GET"]}}],"collection":[{"href":"https:\/\/tatco.vn\/vi\/wp-json\/wp\/v2\/product"}],"about":[{"href":"https:\/\/tatco.vn\/vi\/wp-json\/wp\/v2\/types\/product"}],"replies":[{"embeddable":true,"href":"https:\/\/tatco.vn\/vi\/wp-json\/wp\/v2\/comments?post=8944"}],"version-history":[{"count":0,"href":"https:\/\/tatco.vn\/vi\/wp-json\/wp\/v2\/product\/8944\/revisions"}],"wp:featuredmedia":[{"embeddable":true,"href":"https:\/\/tatco.vn\/vi\/wp-json\/wp\/v2\/media\/26973"}],"wp:attachment":[{"href":"https:\/\/tatco.vn\/vi\/wp-json\/wp\/v2\/media?parent=8944"}],"wp:term":[{"taxonomy":"product_cat","embeddable":true,"href":"https:\/\/tatco.vn\/vi\/wp-json\/wp\/v2\/product_cat?post=8944"},{"taxonomy":"product_tag","embeddable":true,"href":"https:\/\/tatco.vn\/vi\/wp-json\/wp\/v2\/product_tag?post=8944"}],"curies":[{"name":"wp","href":"https:\/\/api.w.org\/{rel}","templated":true}]}}