{"id":8857,"date":"2019-06-10T11:28:29","date_gmt":"2019-06-10T04:28:29","guid":{"rendered":"https:\/\/tatco.vn\/vi\/?post_type=product&#038;p=8857"},"modified":"2020-12-21T22:29:47","modified_gmt":"2020-12-21T15:29:47","slug":"mobil-dte-10-excel-100","status":"publish","type":"product","link":"https:\/\/tatco.vn\/vi\/san-pham\/dau-thuy-luc-nuto-h-100\/","title":{"rendered":"D\u1ea7u Th\u1ee7y L\u1ef1c Nuto H 100"},"content":{"rendered":"<section class=\"wpb-content-wrapper\"><p>[vc_row][vc_column][vc_column_text]<\/p>\n<h2><strong>Nuto H 100:<\/strong><\/h2>\n<p><strong>Nuto H 100 <\/strong>l\u00e0\u00a0d\u1ea7u th\u1ee7y l\u1ef1c cao c\u1ea5p d\u00e0nh cho c\u00e1c \u1ee9ng d\u1ee5ng d\u1ecbch v\u1ee5 c\u00f4ng nghi\u1ec7p v\u00e0 di \u0111\u1ed9ng, trong c\u00e1c \u0111i\u1ec1u ki\u1ec7n v\u1eadn h\u00e0nh trung b\u00ecnh v\u00e0 \u0111\u00f2i h\u1ecfi ch\u1ea5t b\u00f4i tr\u01a1n ch\u1ed1ng m\u00e0i m\u00f2n, ch\u1ed1ng oxy h\u00f3a hi\u1ec7u qu\u1ea3 v\u00e0 \u1ed5n \u0111\u1ecbnh h\u00f3a h\u1ecdc.<\/p>\n<p><strong>\u0110\u1eb7c t\u00ednh:<\/strong><\/p>\n<ul>\n<li>Ch\u1ed1ng m\u00e0i m\u00f2n, ch\u1ed1ng \u0103n m\u00f2n<\/li>\n<li>Kh\u1ea3 n\u0103ng l\u1ecdc ch\u1ed1ng n\u01b0\u1edbc<\/li>\n<\/ul>\n<p><strong>\u1ee8ng d\u1ee5ng:<\/strong><\/p>\n<ul>\n<li>H\u1ec7 th\u1ed1ng s\u1eed d\u1ee5ng b\u00e1nh r\u0103ng, c\u00e1nh g\u1ea1t, b\u01a1m piston h\u01b0\u1edbng t\u00e2m v\u00e0 h\u01b0\u1edbng tr\u1ee5c, b\u00e1nh r\u0103ng v\u00e0 v\u00f2ng bi<\/li>\n<li>Tr\u01b0\u1eddng h\u1ee3p nhi\u1ec5m d\u1ea7u th\u1ee7y l\u1ef1c ho\u1eb7c r\u00f2 r\u1ec9 l\u00e0 kh\u00f4ng th\u1ec3 tr\u00e1nh kh\u1ecfi<\/li>\n<li>Tr\u01b0\u1eddng h\u1ee3p c\u00f3 n\u01b0\u1edbc l\u00e0 kh\u00f4ng th\u1ec3 tr\u00e1nh kh\u1ecfi.<\/li>\n<\/ul>\n<h4>Th\u00f4ng s\u1ed1 k\u1ef9 thu\u1eadt v\u00e0 ch\u1ee9ng nh\u1eadn:<\/h4>\n<div class=\"table-responsive\">\n<div class=\"table-responsive\">\n<table class=\"table table-striped\">\n<tbody>\n<tr>\n<td style=\"text-align: left;\"><strong>This product has the following approvals:<\/strong><\/td>\n<td><strong>32<\/strong><\/td>\n<td><strong>46<\/strong><\/td>\n<td><strong>68<\/strong><\/td>\n<td><strong>100<\/strong><\/td>\n<td><strong>150<\/strong><\/td>\n<\/tr>\n<tr>\n<td style=\"text-align: left;\">DENISON HF-0<\/td>\n<td>X<\/td>\n<td>X<\/td>\n<td>X<\/td>\n<td><\/td>\n<td><\/td>\n<\/tr>\n<\/tbody>\n<\/table>\n<\/div>\n<p>&nbsp;<\/p>\n<div class=\"table-responsive\">\n<table class=\"table table-striped\">\n<tbody>\n<tr>\n<td style=\"text-align: left;\"><strong>This product meets or exceeds the requirements of:<\/strong><\/td>\n<td><strong>32<\/strong><\/td>\n<td><strong>46<\/strong><\/td>\n<td><strong>68<\/strong><\/td>\n<td><strong>100<\/strong><\/td>\n<td><strong>150<\/strong><\/td>\n<\/tr>\n<tr>\n<td style=\"text-align: left;\">DIN 51524-2:2006-09<\/td>\n<td>X<\/td>\n<td>X<\/td>\n<td>X<\/td>\n<td>X<\/td>\n<td><\/td>\n<\/tr>\n<tr>\n<td style=\"text-align: left;\">ISO L-HM (ISO 11158:1997)<\/td>\n<td>X<\/td>\n<td>X<\/td>\n<td>X<\/td>\n<td>X<\/td>\n<td>X<\/td>\n<\/tr>\n<\/tbody>\n<\/table>\n<\/div>\n<p>&nbsp;<\/p>\n<h4>Thu\u1ed9c t\u00ednh:<\/h4>\n<div class=\"table-responsive\">\n<table class=\"table table-striped\">\n<tbody>\n<tr>\n<td style=\"text-align: left;\"><strong>Property<\/strong><\/td>\n<td><strong>32<\/strong><\/td>\n<td><strong>46<\/strong><\/td>\n<td><strong>68<\/strong><\/td>\n<td><strong>100<\/strong><\/td>\n<td><strong>150<\/strong><\/td>\n<\/tr>\n<tr>\n<td style=\"text-align: left;\">Grade<\/td>\n<td>ISO 32<\/td>\n<td>ISO 46<\/td>\n<td>ISO 68<\/td>\n<td>ISO 100<\/td>\n<td>ISO 150<\/td>\n<\/tr>\n<tr>\n<td style=\"text-align: left;\">Copper Strip Corrosion, 3 h, 100 C, Rating, ASTM D130<\/td>\n<td>1A<\/td>\n<td>1A<\/td>\n<td>1A<\/td>\n<td>1A<\/td>\n<td>1A<\/td>\n<\/tr>\n<tr>\n<td style=\"text-align: left;\">Density @ 15 C, kg\/l, ASTM D1298<\/td>\n<td>0.872<\/td>\n<td>0.876<\/td>\n<td>0.882<\/td>\n<td>0.884<\/td>\n<td>0.887<\/td>\n<\/tr>\n<tr>\n<td style=\"text-align: left;\">Emulsion, Time to 3 mL Emulsion, 54 C, min, ASTM D1401<\/td>\n<td>15<\/td>\n<td>15<\/td>\n<td>20<\/td>\n<td><\/td>\n<td><\/td>\n<\/tr>\n<tr>\n<td style=\"text-align: left;\">Emulsion, Time to 3 mL Emulsion, 82 C, min, ASTM D1401<\/td>\n<td><\/td>\n<td><\/td>\n<td><\/td>\n<td>10<\/td>\n<td>5<\/td>\n<\/tr>\n<tr>\n<td style=\"text-align: left;\">Flash Point, Cleveland Open Cup, \u00b0C, ASTM D92<\/td>\n<td>212<\/td>\n<td>226<\/td>\n<td>234<\/td>\n<td>242<\/td>\n<td>258<\/td>\n<\/tr>\n<tr>\n<td style=\"text-align: left;\">Kinematic Viscosity @ 100 C, mm2\/s, ASTM D445<\/td>\n<td>5.3<\/td>\n<td>6.6<\/td>\n<td>8.3<\/td>\n<td>11.0<\/td>\n<td>14.9<\/td>\n<\/tr>\n<tr>\n<td style=\"text-align: left;\">Kinematic Viscosity @ 40 C, mm2\/s, ASTM D445<\/td>\n<td>31.4<\/td>\n<td>44.0<\/td>\n<td>63.3<\/td>\n<td>96.0<\/td>\n<td>150<\/td>\n<\/tr>\n<tr>\n<td style=\"text-align: left;\">Pour Point, \u00b0C, ASTM D97<\/td>\n<td>-24<\/td>\n<td>-24<\/td>\n<td>-18<\/td>\n<td>-18<\/td>\n<td>-18<\/td>\n<\/tr>\n<tr>\n<td style=\"text-align: left;\">Viscosity Index, ASTM D2270<\/td>\n<td>98<\/td>\n<td>98<\/td>\n<td>98<\/td>\n<td>98<\/td>\n<td>98<\/td>\n<\/tr>\n<\/tbody>\n<\/table>\n<\/div>\n<h4><a href=\"https:\/\/www.mobil.com\/english-pt\/industrial\/pds\/glxxnuto-h-series\">T\u00e0i li\u1ec7u tham kh\u1ea3o <strong>D\u1ea7u <\/strong>Nuto\u2122 H Series: Click v\u00e0o \u0111\u00e2y.<\/a><\/h4>\n<p><a href=\"https:\/\/tatco.vn\/vi\/danh-muc-san-pham\/dau-nhot-mobil\/dau-nhot-cong-nghiep-mobil\/dau-nhot-thuy-luc-mobil\/dau-thuy-luc-nuto-h-series\/\">X\u00eam th\u00eam danh m\u1ee5c: Click t\u1ea1i \u0111\u00e2y.<\/a><\/p>\n<\/div>\n<p>[\/vc_column_text][\/vc_column][\/vc_row][vc_row][vc_column][vc_column_text]<\/p>\n<p>[\/vc_column_text][\/vc_column][\/vc_row]<\/p>\n<\/section>","protected":false},"excerpt":{"rendered":"<p><strong>D\u1ea7u Nuto \u2122 H 100\u00a0<\/strong>l\u00e0\u00a0d\u1ea7u th\u1ee7y l\u1ef1c cao c\u1ea5p d\u00e0nh cho c\u00e1c \u1ee9ng d\u1ee5ng d\u1ecbch v\u1ee5 c\u00f4ng nghi\u1ec7p v\u00e0 di \u0111\u1ed9ng, trong c\u00e1c \u0111i\u1ec1u ki\u1ec7n v\u1eadn h\u00e0nh trung b\u00ecnh v\u00e0 \u0111\u00f2i h\u1ecfi ch\u1ea5t b\u00f4i tr\u01a1n ch\u1ed1ng m\u00e0i m\u00f2n, ch\u1ed1ng oxy h\u00f3a hi\u1ec7u qu\u1ea3 v\u00e0 \u1ed5n \u0111\u1ecbnh h\u00f3a h\u1ecdc.<\/p>\n","protected":false},"featured_media":26930,"comment_status":"open","ping_status":"closed","template":"","meta":[],"product_cat":[374,361,362,577],"product_tag":[652,617,618,578],"class_list":{"0":"post-8857","1":"product","2":"type-product","3":"status-publish","4":"has-post-thumbnail","6":"product_brand-mobil","7":"product_cat-mobil-industrial-oil","8":"product_cat-mobil-oil","9":"product_cat-mobil-hydraulic-oil","10":"product_cat-nuto-h-series","11":"product_tag-dau-thuy-luc","12":"product_tag-nuto-h","13":"product_tag-nuto-h-series","14":"product_tag-nuto-h-100","16":"first","17":"instock","18":"shipping-taxable","19":"purchasable","20":"product-type-simple"},"yoast_head":"<!-- This site is optimized with the Yoast SEO plugin v27.2 - https:\/\/yoast.com\/product\/yoast-seo-wordpress\/ -->\n<title>D\u1ea7u Th\u1ee7y L\u1ef1c Nuto H 100 - C\u00f4ng Ty TNHH D\u1ea7u Nh\u1eddn T&amp;T Vi\u1ec7t Nam<\/title>\n<meta name=\"description\" content=\"Nuto H 100\u00a0l\u00e0\u00a0d\u1ea7u th\u1ee7y l\u1ef1c cao c\u1ea5p d\u00e0nh cho c\u00e1c \u1ee9ng d\u1ee5ng d\u1ecbch v\u1ee5 c\u00f4ng nghi\u1ec7p v\u00e0 di \u0111\u1ed9ng, trong c\u00e1c \u0111i\u1ec1u ki\u1ec7n v\u1eadn h\u00e0nh trung b\u00ecnh ...\" \/>\n<meta name=\"robots\" content=\"index, follow, max-snippet:-1, max-image-preview:large, max-video-preview:-1\" \/>\n<link rel=\"canonical\" href=\"https:\/\/tatco.vn\/vi\/san-pham\/mobil-dte-10-excel-100\/\" \/>\n<meta property=\"og:locale\" content=\"vi_VN\" \/>\n<meta property=\"og:type\" content=\"article\" \/>\n<meta property=\"og:title\" content=\"D\u1ea7u Th\u1ee7y L\u1ef1c Nuto H 100 - C\u00f4ng Ty TNHH D\u1ea7u Nh\u1eddn T&amp;T Vi\u1ec7t Nam\" \/>\n<meta property=\"og:description\" content=\"Nuto H 100\u00a0l\u00e0\u00a0d\u1ea7u th\u1ee7y l\u1ef1c cao c\u1ea5p d\u00e0nh cho c\u00e1c \u1ee9ng d\u1ee5ng d\u1ecbch v\u1ee5 c\u00f4ng nghi\u1ec7p v\u00e0 di \u0111\u1ed9ng, trong c\u00e1c \u0111i\u1ec1u ki\u1ec7n v\u1eadn h\u00e0nh trung b\u00ecnh ...\" \/>\n<meta property=\"og:url\" content=\"https:\/\/tatco.vn\/vi\/san-pham\/mobil-dte-10-excel-100\/\" \/>\n<meta property=\"og:site_name\" content=\"C\u00f4ng Ty TNHH D\u1ea7u Nh\u1eddn T&amp;T Vi\u1ec7t Nam\" \/>\n<meta property=\"article:modified_time\" content=\"2020-12-21T15:29:47+00:00\" \/>\n<meta property=\"og:image\" content=\"https:\/\/tatco.vn\/wp-content\/uploads\/2019\/06\/dau-nhot-mobil-mobil-oil.png\" \/>\n\t<meta property=\"og:image:width\" content=\"1200\" \/>\n\t<meta property=\"og:image:height\" content=\"1200\" \/>\n\t<meta property=\"og:image:type\" content=\"image\/png\" \/>\n<meta name=\"twitter:card\" content=\"summary_large_image\" \/>\n<meta name=\"twitter:label1\" content=\"\u01af\u1edbc t\u00ednh th\u1eddi gian \u0111\u1ecdc\" \/>\n\t<meta name=\"twitter:data1\" content=\"3 ph\u00fat\" \/>\n<script type=\"application\/ld+json\" class=\"yoast-schema-graph\">{\"@context\":\"https:\/\/schema.org\",\"@graph\":[{\"@type\":\"WebPage\",\"@id\":\"https:\/\/tatco.vn\/vi\/san-pham\/mobil-dte-10-excel-100\/\",\"url\":\"https:\/\/tatco.vn\/vi\/san-pham\/mobil-dte-10-excel-100\/\",\"name\":\"D\u1ea7u Th\u1ee7y L\u1ef1c Nuto H 100 - C\u00f4ng Ty TNHH D\u1ea7u Nh\u1eddn T&amp;T Vi\u1ec7t Nam\",\"isPartOf\":{\"@id\":\"https:\/\/tatco.vn\/en\/#website\"},\"primaryImageOfPage\":{\"@id\":\"https:\/\/tatco.vn\/vi\/san-pham\/mobil-dte-10-excel-100\/#primaryimage\"},\"image\":{\"@id\":\"https:\/\/tatco.vn\/vi\/san-pham\/mobil-dte-10-excel-100\/#primaryimage\"},\"thumbnailUrl\":\"https:\/\/tatco.vn\/wp-content\/uploads\/2019\/06\/dau-nhot-mobil-mobil-oil.png\",\"datePublished\":\"2019-06-10T04:28:29+00:00\",\"dateModified\":\"2020-12-21T15:29:47+00:00\",\"description\":\"Nuto H 100\u00a0l\u00e0\u00a0d\u1ea7u th\u1ee7y l\u1ef1c cao c\u1ea5p d\u00e0nh cho c\u00e1c \u1ee9ng d\u1ee5ng d\u1ecbch v\u1ee5 c\u00f4ng nghi\u1ec7p v\u00e0 di \u0111\u1ed9ng, trong c\u00e1c \u0111i\u1ec1u ki\u1ec7n v\u1eadn h\u00e0nh trung b\u00ecnh ...\",\"breadcrumb\":{\"@id\":\"https:\/\/tatco.vn\/vi\/san-pham\/mobil-dte-10-excel-100\/#breadcrumb\"},\"inLanguage\":\"vi\",\"potentialAction\":[{\"@type\":\"ReadAction\",\"target\":[\"https:\/\/tatco.vn\/vi\/san-pham\/mobil-dte-10-excel-100\/\"]}]},{\"@type\":\"ImageObject\",\"inLanguage\":\"vi\",\"@id\":\"https:\/\/tatco.vn\/vi\/san-pham\/mobil-dte-10-excel-100\/#primaryimage\",\"url\":\"https:\/\/tatco.vn\/wp-content\/uploads\/2019\/06\/dau-nhot-mobil-mobil-oil.png\",\"contentUrl\":\"https:\/\/tatco.vn\/wp-content\/uploads\/2019\/06\/dau-nhot-mobil-mobil-oil.png\",\"width\":1200,\"height\":1200,\"caption\":\"dau nhot mobil mobil oil Mobil SHC 625\"},{\"@type\":\"BreadcrumbList\",\"@id\":\"https:\/\/tatco.vn\/vi\/san-pham\/mobil-dte-10-excel-100\/#breadcrumb\",\"itemListElement\":[{\"@type\":\"ListItem\",\"position\":1,\"name\":\"Home\",\"item\":\"https:\/\/tatco.vn\/\"},{\"@type\":\"ListItem\",\"position\":2,\"name\":\"C\u1eeda h\u00e0ng\",\"item\":\"https:\/\/tatco.vn\/en\/mua\/\"},{\"@type\":\"ListItem\",\"position\":3,\"name\":\"D\u1ea7u Th\u1ee7y L\u1ef1c Nuto H 100\"}]},{\"@type\":\"WebSite\",\"@id\":\"https:\/\/tatco.vn\/en\/#website\",\"url\":\"https:\/\/tatco.vn\/en\/\",\"name\":\"C\u00f4ng Ty TNHH D\u1ea7u Nh\u1eddn T&amp;T Vi\u1ec7t Nam\",\"description\":\"Right Point - Right Time - Best Solution\",\"publisher\":{\"@id\":\"https:\/\/tatco.vn\/en\/#organization\"},\"potentialAction\":[{\"@type\":\"SearchAction\",\"target\":{\"@type\":\"EntryPoint\",\"urlTemplate\":\"https:\/\/tatco.vn\/en\/?s={search_term_string}\"},\"query-input\":{\"@type\":\"PropertyValueSpecification\",\"valueRequired\":true,\"valueName\":\"search_term_string\"}}],\"inLanguage\":\"vi\"},{\"@type\":\"Organization\",\"@id\":\"https:\/\/tatco.vn\/en\/#organization\",\"name\":\"C\u00f4ng Ty TNHH D\u1ea7u Nh\u1eddn T&T Vi\u1ec7t Nam\",\"url\":\"https:\/\/tatco.vn\/en\/\",\"logo\":{\"@type\":\"ImageObject\",\"inLanguage\":\"vi\",\"@id\":\"https:\/\/tatco.vn\/en\/#\/schema\/logo\/image\/\",\"url\":\"https:\/\/tatco.vn\/wp-content\/uploads\/2019\/05\/fav-ico.png\",\"contentUrl\":\"https:\/\/tatco.vn\/wp-content\/uploads\/2019\/05\/fav-ico.png\",\"width\":200,\"height\":200,\"caption\":\"C\u00f4ng Ty TNHH D\u1ea7u Nh\u1eddn T&T Vi\u1ec7t Nam\"},\"image\":{\"@id\":\"https:\/\/tatco.vn\/en\/#\/schema\/logo\/image\/\"}}]}<\/script>\n<!-- \/ Yoast SEO plugin. -->","yoast_head_json":{"title":"D\u1ea7u Th\u1ee7y L\u1ef1c Nuto H 100 - C\u00f4ng Ty TNHH D\u1ea7u Nh\u1eddn T&amp;T Vi\u1ec7t Nam","description":"Nuto H 100\u00a0l\u00e0\u00a0d\u1ea7u th\u1ee7y l\u1ef1c cao c\u1ea5p d\u00e0nh cho c\u00e1c \u1ee9ng d\u1ee5ng d\u1ecbch v\u1ee5 c\u00f4ng nghi\u1ec7p v\u00e0 di \u0111\u1ed9ng, trong c\u00e1c \u0111i\u1ec1u ki\u1ec7n v\u1eadn h\u00e0nh trung b\u00ecnh ...","robots":{"index":"index","follow":"follow","max-snippet":"max-snippet:-1","max-image-preview":"max-image-preview:large","max-video-preview":"max-video-preview:-1"},"canonical":"https:\/\/tatco.vn\/vi\/san-pham\/mobil-dte-10-excel-100\/","og_locale":"vi_VN","og_type":"article","og_title":"D\u1ea7u Th\u1ee7y L\u1ef1c Nuto H 100 - C\u00f4ng Ty TNHH D\u1ea7u Nh\u1eddn T&amp;T Vi\u1ec7t Nam","og_description":"Nuto H 100\u00a0l\u00e0\u00a0d\u1ea7u th\u1ee7y l\u1ef1c cao c\u1ea5p d\u00e0nh cho c\u00e1c \u1ee9ng d\u1ee5ng d\u1ecbch v\u1ee5 c\u00f4ng nghi\u1ec7p v\u00e0 di \u0111\u1ed9ng, trong c\u00e1c \u0111i\u1ec1u ki\u1ec7n v\u1eadn h\u00e0nh trung b\u00ecnh ...","og_url":"https:\/\/tatco.vn\/vi\/san-pham\/mobil-dte-10-excel-100\/","og_site_name":"C\u00f4ng Ty TNHH D\u1ea7u Nh\u1eddn T&amp;T Vi\u1ec7t Nam","article_modified_time":"2020-12-21T15:29:47+00:00","og_image":[{"width":1200,"height":1200,"url":"https:\/\/tatco.vn\/wp-content\/uploads\/2019\/06\/dau-nhot-mobil-mobil-oil.png","type":"image\/png"}],"twitter_card":"summary_large_image","twitter_misc":{"\u01af\u1edbc t\u00ednh th\u1eddi gian \u0111\u1ecdc":"3 ph\u00fat"},"schema":{"@context":"https:\/\/schema.org","@graph":[{"@type":"WebPage","@id":"https:\/\/tatco.vn\/vi\/san-pham\/mobil-dte-10-excel-100\/","url":"https:\/\/tatco.vn\/vi\/san-pham\/mobil-dte-10-excel-100\/","name":"D\u1ea7u Th\u1ee7y L\u1ef1c Nuto H 100 - C\u00f4ng Ty TNHH D\u1ea7u Nh\u1eddn T&amp;T Vi\u1ec7t Nam","isPartOf":{"@id":"https:\/\/tatco.vn\/en\/#website"},"primaryImageOfPage":{"@id":"https:\/\/tatco.vn\/vi\/san-pham\/mobil-dte-10-excel-100\/#primaryimage"},"image":{"@id":"https:\/\/tatco.vn\/vi\/san-pham\/mobil-dte-10-excel-100\/#primaryimage"},"thumbnailUrl":"https:\/\/tatco.vn\/wp-content\/uploads\/2019\/06\/dau-nhot-mobil-mobil-oil.png","datePublished":"2019-06-10T04:28:29+00:00","dateModified":"2020-12-21T15:29:47+00:00","description":"Nuto H 100\u00a0l\u00e0\u00a0d\u1ea7u th\u1ee7y l\u1ef1c cao c\u1ea5p d\u00e0nh cho c\u00e1c \u1ee9ng d\u1ee5ng d\u1ecbch v\u1ee5 c\u00f4ng nghi\u1ec7p v\u00e0 di \u0111\u1ed9ng, trong c\u00e1c \u0111i\u1ec1u ki\u1ec7n v\u1eadn h\u00e0nh trung b\u00ecnh ...","breadcrumb":{"@id":"https:\/\/tatco.vn\/vi\/san-pham\/mobil-dte-10-excel-100\/#breadcrumb"},"inLanguage":"vi","potentialAction":[{"@type":"ReadAction","target":["https:\/\/tatco.vn\/vi\/san-pham\/mobil-dte-10-excel-100\/"]}]},{"@type":"ImageObject","inLanguage":"vi","@id":"https:\/\/tatco.vn\/vi\/san-pham\/mobil-dte-10-excel-100\/#primaryimage","url":"https:\/\/tatco.vn\/wp-content\/uploads\/2019\/06\/dau-nhot-mobil-mobil-oil.png","contentUrl":"https:\/\/tatco.vn\/wp-content\/uploads\/2019\/06\/dau-nhot-mobil-mobil-oil.png","width":1200,"height":1200,"caption":"dau nhot mobil mobil oil Mobil SHC 625"},{"@type":"BreadcrumbList","@id":"https:\/\/tatco.vn\/vi\/san-pham\/mobil-dte-10-excel-100\/#breadcrumb","itemListElement":[{"@type":"ListItem","position":1,"name":"Home","item":"https:\/\/tatco.vn\/"},{"@type":"ListItem","position":2,"name":"C\u1eeda h\u00e0ng","item":"https:\/\/tatco.vn\/en\/mua\/"},{"@type":"ListItem","position":3,"name":"D\u1ea7u Th\u1ee7y L\u1ef1c Nuto H 100"}]},{"@type":"WebSite","@id":"https:\/\/tatco.vn\/en\/#website","url":"https:\/\/tatco.vn\/en\/","name":"C\u00f4ng Ty TNHH D\u1ea7u Nh\u1eddn T&amp;T Vi\u1ec7t Nam","description":"Right Point - Right Time - Best Solution","publisher":{"@id":"https:\/\/tatco.vn\/en\/#organization"},"potentialAction":[{"@type":"SearchAction","target":{"@type":"EntryPoint","urlTemplate":"https:\/\/tatco.vn\/en\/?s={search_term_string}"},"query-input":{"@type":"PropertyValueSpecification","valueRequired":true,"valueName":"search_term_string"}}],"inLanguage":"vi"},{"@type":"Organization","@id":"https:\/\/tatco.vn\/en\/#organization","name":"C\u00f4ng Ty TNHH D\u1ea7u Nh\u1eddn T&T Vi\u1ec7t Nam","url":"https:\/\/tatco.vn\/en\/","logo":{"@type":"ImageObject","inLanguage":"vi","@id":"https:\/\/tatco.vn\/en\/#\/schema\/logo\/image\/","url":"https:\/\/tatco.vn\/wp-content\/uploads\/2019\/05\/fav-ico.png","contentUrl":"https:\/\/tatco.vn\/wp-content\/uploads\/2019\/05\/fav-ico.png","width":200,"height":200,"caption":"C\u00f4ng Ty TNHH D\u1ea7u Nh\u1eddn T&T Vi\u1ec7t Nam"},"image":{"@id":"https:\/\/tatco.vn\/en\/#\/schema\/logo\/image\/"}}]}},"_links":{"self":[{"href":"https:\/\/tatco.vn\/vi\/wp-json\/wp\/v2\/product\/8857","targetHints":{"allow":["GET"]}}],"collection":[{"href":"https:\/\/tatco.vn\/vi\/wp-json\/wp\/v2\/product"}],"about":[{"href":"https:\/\/tatco.vn\/vi\/wp-json\/wp\/v2\/types\/product"}],"replies":[{"embeddable":true,"href":"https:\/\/tatco.vn\/vi\/wp-json\/wp\/v2\/comments?post=8857"}],"version-history":[{"count":0,"href":"https:\/\/tatco.vn\/vi\/wp-json\/wp\/v2\/product\/8857\/revisions"}],"wp:featuredmedia":[{"embeddable":true,"href":"https:\/\/tatco.vn\/vi\/wp-json\/wp\/v2\/media\/26930"}],"wp:attachment":[{"href":"https:\/\/tatco.vn\/vi\/wp-json\/wp\/v2\/media?parent=8857"}],"wp:term":[{"taxonomy":"product_cat","embeddable":true,"href":"https:\/\/tatco.vn\/vi\/wp-json\/wp\/v2\/product_cat?post=8857"},{"taxonomy":"product_tag","embeddable":true,"href":"https:\/\/tatco.vn\/vi\/wp-json\/wp\/v2\/product_tag?post=8857"}],"curies":[{"name":"wp","href":"https:\/\/api.w.org\/{rel}","templated":true}]}}