{"id":8668,"date":"2019-06-06T15:32:35","date_gmt":"2019-06-06T08:32:35","guid":{"rendered":"https:\/\/tatco.vn\/vi\/?post_type=product&#038;p=8668"},"modified":"2021-01-03T20:20:30","modified_gmt":"2021-01-03T13:20:30","slug":"mobilgear-600-xp-460","status":"publish","type":"product","link":"https:\/\/tatco.vn\/vi\/san-pham\/dau-banh-rang-mobilgear-600-xp-460\/","title":{"rendered":"D\u1ea7u b\u00e1nh r\u0103ng Mobilgear 600 XP 460"},"content":{"rendered":"<section class=\"wpb-content-wrapper\"><p>[vc_row][vc_column][vc_column_text]<\/p>\n<h2><strong>Mobilgear 600 XP 460 :<\/strong><\/h2>\n<p><strong>Mobilgear 600 XP 460<\/strong> l\u00e0 d\u1ea7u b\u00e1nh r\u0103ng cao c\u1ea5p ch\u1ecbu \u00e1p l\u1ef1c cao.<\/p>\n<p>Mobilgear 600 XP 460 \u0111\u01b0\u1ee3c s\u1eed d\u1ee5ng \u0111\u1ec3 t\u0103ng c\u01b0\u1eddng b\u1ea3o v\u1ec7 cho b\u00e1nh r\u0103ng, v\u00f2ng bi kh\u1ecfi b\u1ecb m\u00e0i m\u00f2n v\u00e0 \u0103n m\u00f2n t\u1ed1t h\u01a1n nh\u1eefng lo\u1ea1i th\u00f4ng th\u01b0\u1eddng.<\/p>\n<p>Mobil gear 600 XP 460 gi\u00fap ch\u1ed1ng d\u00f2 g\u1ec9, ti\u1ebft ki\u1ec7m nhi\u00ean li\u1ec7u, ch\u1ed1ng oxi h\u00f3a, l\u00e0m t\u0103ng n\u0103ng su\u1ea5t v\u00e0 \u0111\u1ed9 \u1ed5n \u0111\u1ecbnh c\u1ee7a thi\u1ebft b\u1ecb.<\/p>\n<p>Mobil gear 600 XP 460 \u0111\u01b0\u1ee3c khuy\u1ebfn c\u00e1o s\u1eed d\u1ee5ng cho h\u1ec7 th\u1ed1ng b\u00e1nh r\u0103ng th\u1eb3ng, c\u00f4n, xo\u1eafn \u1edf nhi\u1ec7t \u0111\u1ed9 c\u00f3 th\u1ec3 l\u00ean \u0111\u1ebfn 100\u00baC trong c\u00f4ng nghi\u1ec7p v\u00e0 h\u00e0ng h\u1ea3i.<\/p>\n<h4><strong>Th\u00f4ng s\u1ed1 k\u1ef9 thu\u1eadt v\u00e0 ch\u1ee9ng nh\u1eadn:<\/strong><\/h4>\n<div class=\"table-responsive\">\n<table class=\"table table-striped\">\n<tbody>\n<tr>\n<td style=\"text-align: left;\"><strong>This product has the following approvals:<\/strong><\/td>\n<td><strong>68<\/strong><\/td>\n<td><strong>100<\/strong><\/td>\n<td><strong>150<\/strong><\/td>\n<td><strong>220<\/strong><\/td>\n<td><strong>320<\/strong><\/td>\n<td><strong>460<\/strong><\/td>\n<td><strong>680<\/strong><\/td>\n<\/tr>\n<tr>\n<td style=\"text-align: left;\">Flender<\/td>\n<td><\/td>\n<td>X<\/td>\n<td>X<\/td>\n<td>X<\/td>\n<td>X<\/td>\n<td>X<\/td>\n<td>X<\/td>\n<\/tr>\n<tr>\n<td style=\"text-align: left;\">Renk B19828 300<\/td>\n<td><\/td>\n<td>X<\/td>\n<td><\/td>\n<td><\/td>\n<td><\/td>\n<td><\/td>\n<td><\/td>\n<\/tr>\n<tr>\n<td style=\"text-align: left;\">Renk B19828 400<\/td>\n<td><\/td>\n<td><\/td>\n<td>X<\/td>\n<td><\/td>\n<td><\/td>\n<td><\/td>\n<td><\/td>\n<\/tr>\n<tr>\n<td style=\"text-align: left;\">Renk B19828 600<\/td>\n<td><\/td>\n<td><\/td>\n<td><\/td>\n<td>X<\/td>\n<td><\/td>\n<td><\/td>\n<td><\/td>\n<\/tr>\n<tr>\n<td style=\"text-align: left;\">SEW-Eurodrive<\/td>\n<td><\/td>\n<td><\/td>\n<td>X<\/td>\n<td>X<\/td>\n<td>X<\/td>\n<td>X<\/td>\n<td>X<\/td>\n<\/tr>\n<tr>\n<td style=\"text-align: left;\">ZF TE-ML 04F<\/td>\n<td><\/td>\n<td><\/td>\n<td><\/td>\n<td>X<\/td>\n<td><\/td>\n<td><\/td>\n<td><\/td>\n<\/tr>\n<tr>\n<td style=\"text-align: left;\">ZF TE-ML 04H<\/td>\n<td><\/td>\n<td>X<\/td>\n<td>X<\/td>\n<td><\/td>\n<td><\/td>\n<td><\/td>\n<td><\/td>\n<\/tr>\n<\/tbody>\n<\/table>\n<\/div>\n<p>&nbsp;<\/p>\n<div class=\"table-responsive\">\n<table class=\"table table-striped\">\n<tbody>\n<tr>\n<td style=\"text-align: left;\"><strong>This product meets or exceeds the requirements of:<\/strong><\/td>\n<td><strong>68<\/strong><\/td>\n<td><strong>100<\/strong><\/td>\n<td><strong>150<\/strong><\/td>\n<td><strong>220<\/strong><\/td>\n<td><strong>320<\/strong><\/td>\n<td><strong>460<\/strong><\/td>\n<td><strong>680<\/strong><\/td>\n<\/tr>\n<tr>\n<td style=\"text-align: left;\">AGMA 9005-F16<\/td>\n<td>X<\/td>\n<td>X<\/td>\n<td>X<\/td>\n<td>X<\/td>\n<td>X<\/td>\n<td>X<\/td>\n<td><\/td>\n<\/tr>\n<tr>\n<td style=\"text-align: left;\">China GB 5903-2011, L-CKC<\/td>\n<td><\/td>\n<td><\/td>\n<td><\/td>\n<td><\/td>\n<td><\/td>\n<td><\/td>\n<td>X<\/td>\n<\/tr>\n<tr>\n<td style=\"text-align: left;\">China GB 5903-2011, L-CKD<\/td>\n<td>X<\/td>\n<td>X<\/td>\n<td>X<\/td>\n<td>X<\/td>\n<td>X<\/td>\n<td>X<\/td>\n<td><\/td>\n<\/tr>\n<tr>\n<td style=\"text-align: left;\">DIN 51517-3:2018-09<\/td>\n<td>X<\/td>\n<td>X<\/td>\n<td>X<\/td>\n<td>X<\/td>\n<td>X<\/td>\n<td>X<\/td>\n<td>X<\/td>\n<\/tr>\n<tr>\n<td style=\"text-align: left;\">ISO L-CKC (ISO 12925-1:2018)<\/td>\n<td><\/td>\n<td><\/td>\n<td><\/td>\n<td><\/td>\n<td><\/td>\n<td><\/td>\n<td>X<\/td>\n<\/tr>\n<tr>\n<td style=\"text-align: left;\">ISO L-CKD (ISO 12925-1:2018)<\/td>\n<td>X<\/td>\n<td>X<\/td>\n<td>X<\/td>\n<td>X<\/td>\n<td>X<\/td>\n<td>X<\/td>\n<td><\/td>\n<\/tr>\n<\/tbody>\n<\/table>\n<\/div>\n<p>&nbsp;<\/p>\n<h4><strong>Thu\u1ed9c t\u00ednh:<\/strong><\/h4>\n<div class=\"table-responsive\">\n<table class=\"table table-striped\">\n<tbody>\n<tr>\n<td style=\"text-align: left;\"><strong>Property<\/strong><\/td>\n<td><strong>68<\/strong><\/td>\n<td><strong>100<\/strong><\/td>\n<td><strong>150<\/strong><\/td>\n<td><strong>220<\/strong><\/td>\n<td><strong>320<\/strong><\/td>\n<td><strong>460<\/strong><\/td>\n<td><strong>680<\/strong><\/td>\n<\/tr>\n<tr>\n<td style=\"text-align: left;\">Grade<\/td>\n<td>ISO 68<\/td>\n<td>ISO 100<\/td>\n<td>ISO 150<\/td>\n<td>ISO 220<\/td>\n<td>ISO 320<\/td>\n<td>ISO 460<\/td>\n<td>ISO 680<\/td>\n<\/tr>\n<tr>\n<td style=\"text-align: left;\">Copper Strip Corrosion, 3 h, 100 C, Rating, ASTM D130<\/td>\n<td>1B<\/td>\n<td>1B<\/td>\n<td>1B<\/td>\n<td>1B<\/td>\n<td>1B<\/td>\n<td>1B<\/td>\n<td>1B<\/td>\n<\/tr>\n<tr>\n<td style=\"text-align: left;\">Density @ 15.6 C, kg\/l, ASTM D4052<\/td>\n<td>0.88<\/td>\n<td>0.88<\/td>\n<td>0.89<\/td>\n<td>0.89<\/td>\n<td>0.9<\/td>\n<td>0.9<\/td>\n<td>0.91<\/td>\n<\/tr>\n<tr>\n<td style=\"text-align: left;\">EP Properties, Timken OK Load, lb, ASTM D2782<\/td>\n<td>65<\/td>\n<td>65<\/td>\n<td>65<\/td>\n<td>65<\/td>\n<td>65<\/td>\n<td>65<\/td>\n<td>65<\/td>\n<\/tr>\n<tr>\n<td style=\"text-align: left;\">Emulsion, Time to 37 mL Water, 82 C, min, ASTM D1401<\/td>\n<td>30<\/td>\n<td>30<\/td>\n<td>30<\/td>\n<td>30<\/td>\n<td>30<\/td>\n<td>30<\/td>\n<td>30<\/td>\n<\/tr>\n<tr>\n<td style=\"text-align: left;\">FE8 wear test, V50 roller wear, mg, DIN 51819-3<\/td>\n<td>2<\/td>\n<td>2<\/td>\n<td>2<\/td>\n<td>2<\/td>\n<td>2<\/td>\n<td>2<\/td>\n<td>2<\/td>\n<\/tr>\n<tr>\n<td style=\"text-align: left;\">FZG Micropitting, Fail Stage, Rating, FVA 54<\/td>\n<td><\/td>\n<td>10<\/td>\n<td>10<\/td>\n<td>10<\/td>\n<td>10<\/td>\n<td>10<\/td>\n<td>10<\/td>\n<\/tr>\n<tr>\n<td style=\"text-align: left;\">FZG Micropitting, GFT-Class, Rating, FVA 54<\/td>\n<td><\/td>\n<td>High<\/td>\n<td>High<\/td>\n<td>High<\/td>\n<td>High<\/td>\n<td>High<\/td>\n<td>High<\/td>\n<\/tr>\n<tr>\n<td style=\"text-align: left;\">FZG Scuffing, Fail Load Stage, A\/16.6\/90, ISO 14635-1(mod)<\/td>\n<td><\/td>\n<td>12+<\/td>\n<td>12+<\/td>\n<td>12+<\/td>\n<td>12+<\/td>\n<td>12+<\/td>\n<td>12+<\/td>\n<\/tr>\n<tr>\n<td style=\"text-align: left;\">FZG Scuffing, Fail Load Stage, A\/8.3\/90, ISO 14635-1<\/td>\n<td>12+<\/td>\n<td>12+<\/td>\n<td>12+<\/td>\n<td>12+<\/td>\n<td>12+<\/td>\n<td>12+<\/td>\n<td>12+<\/td>\n<\/tr>\n<tr>\n<td style=\"text-align: left;\">Flash Point, Cleveland Open Cup, \u00b0C, ASTM D92<\/td>\n<td>230<\/td>\n<td>230<\/td>\n<td>230<\/td>\n<td>240<\/td>\n<td>240<\/td>\n<td>240<\/td>\n<td>285<\/td>\n<\/tr>\n<tr>\n<td style=\"text-align: left;\">Foam, Sequence I, Tendency\/Stability, ml, ASTM D892<\/td>\n<td>0\/0<\/td>\n<td>0\/0<\/td>\n<td>0\/0<\/td>\n<td>0\/0<\/td>\n<td>0\/0<\/td>\n<td>0\/0<\/td>\n<td>0\/0<\/td>\n<\/tr>\n<tr>\n<td style=\"text-align: left;\">Foam, Sequence II, Tendency\/Stability, ml, ASTM D892<\/td>\n<td>30\/0<\/td>\n<td>30\/0<\/td>\n<td>30\/0<\/td>\n<td>30\/0<\/td>\n<td>30\/0<\/td>\n<td>30\/0<\/td>\n<td>30\/0<\/td>\n<\/tr>\n<tr>\n<td style=\"text-align: left;\">Four-Ball Extreme Pressure Test, Load Wear Index, kgf, ASTM D2783<\/td>\n<td>47<\/td>\n<td>47<\/td>\n<td>47<\/td>\n<td>48<\/td>\n<td>48<\/td>\n<td>48<\/td>\n<td>48<\/td>\n<\/tr>\n<tr>\n<td style=\"text-align: left;\">Four-Ball Extreme Pressure Test, Weld Load, kgf, ASTM D2783<\/td>\n<td>200<\/td>\n<td>200<\/td>\n<td>250<\/td>\n<td>250<\/td>\n<td>250<\/td>\n<td>250<\/td>\n<td>250<\/td>\n<\/tr>\n<tr>\n<td style=\"text-align: left;\">Kinematic Viscosity @ 100 C, mm2\/s, ASTM D445<\/td>\n<td>8.8<\/td>\n<td>11.2<\/td>\n<td>14.7<\/td>\n<td>19.0<\/td>\n<td>24.1<\/td>\n<td>30.6<\/td>\n<td>39.2<\/td>\n<\/tr>\n<tr>\n<td style=\"text-align: left;\">Kinematic Viscosity @ 40 C, mm2\/s, ASTM D445<\/td>\n<td>68<\/td>\n<td>100<\/td>\n<td>150<\/td>\n<td>220<\/td>\n<td>320<\/td>\n<td>460<\/td>\n<td>680<\/td>\n<\/tr>\n<tr>\n<td style=\"text-align: left;\">Pour Point, \u00b0C, ASTM D97<\/td>\n<td>-27<\/td>\n<td>-24<\/td>\n<td>-24<\/td>\n<td>-24<\/td>\n<td>-24<\/td>\n<td>-15<\/td>\n<td>-9<\/td>\n<\/tr>\n<tr>\n<td style=\"text-align: left;\">Rust Characteristics, Procedure B, ASTM D665<\/td>\n<td>PASS<\/td>\n<td>PASS<\/td>\n<td>PASS<\/td>\n<td>PASS<\/td>\n<td>PASS<\/td>\n<td>PASS<\/td>\n<td>PASS<\/td>\n<\/tr>\n<tr>\n<td style=\"text-align: left;\">Viscosity Index, ASTM D2270<\/td>\n<td>101<\/td>\n<td>97<\/td>\n<td>97<\/td>\n<td>97<\/td>\n<td>97<\/td>\n<td>96<\/td>\n<td>90<\/td>\n<\/tr>\n<\/tbody>\n<\/table>\n<\/div>\n<h4><a href=\"https:\/\/www.mobil.com\/English-US\/Industrial\/pds\/GLXXMobilgear-600-XP-Series\">T\u00e0i li\u1ec7u tham kh\u1ea3o Mobilgear 600 XP Series: Click v\u00e0o \u0111\u00e2y.<\/a><\/h4>\n<p><a href=\"https:\/\/tatco.vn\/vi\/danh-muc-san-pham\/dau-nhot-mobil\/dau-nhot-cong-nghiep-mobil\/dau-banh-rang-mobil\/dau-banh-rang-mobilgear-600-xp-series\/\">X\u00eam th\u00eam danh m\u1ee5c: Click t\u1ea1i \u0111\u00e2y.<\/a>[\/vc_column_text][\/vc_column][\/vc_row]<\/p>\n<\/section>","protected":false},"excerpt":{"rendered":"<p><strong>Mobilgear 600 XP 460<\/strong> l\u00e0 d\u1ea7u b\u00e1nh r\u0103ng cao c\u1ea5p ch\u1ecbu \u00e1p l\u1ef1c cao.<\/p>\n<p>Mobilgear 600 XP 460 \u0111\u01b0\u1ee3c s\u1eed d\u1ee5ng \u0111\u1ec3 t\u0103ng c\u01b0\u1eddng b\u1ea3o v\u1ec7 cho b\u00e1nh r\u0103ng, v\u00f2ng bi kh\u1ecfi b\u1ecb m\u00e0i m\u00f2n v\u00e0 \u0103n m\u00f2n t\u1ed1t h\u01a1n nh\u1eefng lo\u1ea1i th\u00f4ng th\u01b0\u1eddng.<\/p>\n","protected":false},"featured_media":26930,"comment_status":"open","ping_status":"closed","template":"","meta":[],"product_cat":[366,559,374,361],"product_tag":[636,665,663,570,664],"class_list":{"0":"post-8668","1":"product","2":"type-product","3":"status-publish","4":"has-post-thumbnail","6":"product_brand-mobil","7":"product_cat-dau-banh-rang-mobil-gear-oil","8":"product_cat-mobilgear-600-xp-series","9":"product_cat-mobil-industrial-oil","10":"product_cat-mobil-oil","11":"product_tag-dau-banh-rang","12":"product_tag-mobilgear","13":"product_tag-mobilgear-600","14":"product_tag-mobilgear-600-xp-460","15":"product_tag-mobilgear-600-xp-series","17":"first","18":"instock","19":"shipping-taxable","20":"purchasable","21":"product-type-simple"},"yoast_head":"<!-- This site is optimized with the Yoast SEO plugin v27.2 - https:\/\/yoast.com\/product\/yoast-seo-wordpress\/ -->\n<title>D\u1ea7u b\u00e1nh r\u0103ng Mobilgear 600 XP 460 - C\u00f4ng Ty TNHH D\u1ea7u Nh\u1eddn T&amp;T Vi\u1ec7t Nam<\/title>\n<meta name=\"description\" content=\"Mobilgear 600 XP 460 l\u00e0 d\u1ea7u b\u00e1nh r\u0103ng cao c\u1ea5p ch\u1ecbu \u00e1p l\u1ef1c cao. \u0110\u01b0\u1ee3c s\u1eed d\u1ee5ng \u0111\u1ec3 t\u0103ng c\u01b0\u1eddng b\u1ea3o v\u1ec7 cho b\u00e1nh r\u0103ng, v\u00f2ng bi kh\u1ecfi b\u1ecb m\u00e0i m\u00f2n...\" \/>\n<meta name=\"robots\" content=\"index, follow, max-snippet:-1, max-image-preview:large, max-video-preview:-1\" \/>\n<link rel=\"canonical\" href=\"https:\/\/tatco.vn\/vi\/san-pham\/mobilgear-600-xp-460\/\" \/>\n<meta property=\"og:locale\" content=\"vi_VN\" \/>\n<meta property=\"og:type\" content=\"article\" \/>\n<meta property=\"og:title\" content=\"D\u1ea7u b\u00e1nh r\u0103ng Mobilgear 600 XP 460 - C\u00f4ng Ty TNHH D\u1ea7u Nh\u1eddn T&amp;T Vi\u1ec7t Nam\" \/>\n<meta property=\"og:description\" content=\"Mobilgear 600 XP 460 l\u00e0 d\u1ea7u b\u00e1nh r\u0103ng cao c\u1ea5p ch\u1ecbu \u00e1p l\u1ef1c cao. \u0110\u01b0\u1ee3c s\u1eed d\u1ee5ng \u0111\u1ec3 t\u0103ng c\u01b0\u1eddng b\u1ea3o v\u1ec7 cho b\u00e1nh r\u0103ng, v\u00f2ng bi kh\u1ecfi b\u1ecb m\u00e0i m\u00f2n...\" \/>\n<meta property=\"og:url\" content=\"https:\/\/tatco.vn\/vi\/san-pham\/mobilgear-600-xp-460\/\" \/>\n<meta property=\"og:site_name\" content=\"C\u00f4ng Ty TNHH D\u1ea7u Nh\u1eddn T&amp;T Vi\u1ec7t Nam\" \/>\n<meta property=\"article:modified_time\" content=\"2021-01-03T13:20:30+00:00\" \/>\n<meta property=\"og:image\" content=\"https:\/\/tatco.vn\/wp-content\/uploads\/2019\/06\/dau-nhot-mobil-mobil-oil.png\" \/>\n\t<meta property=\"og:image:width\" content=\"1200\" \/>\n\t<meta property=\"og:image:height\" content=\"1200\" \/>\n\t<meta property=\"og:image:type\" content=\"image\/png\" \/>\n<meta name=\"twitter:card\" content=\"summary_large_image\" \/>\n<meta name=\"twitter:label1\" content=\"\u01af\u1edbc t\u00ednh th\u1eddi gian \u0111\u1ecdc\" \/>\n\t<meta name=\"twitter:data1\" content=\"7 ph\u00fat\" \/>\n<script type=\"application\/ld+json\" class=\"yoast-schema-graph\">{\"@context\":\"https:\/\/schema.org\",\"@graph\":[{\"@type\":\"WebPage\",\"@id\":\"https:\/\/tatco.vn\/vi\/san-pham\/mobilgear-600-xp-460\/\",\"url\":\"https:\/\/tatco.vn\/vi\/san-pham\/mobilgear-600-xp-460\/\",\"name\":\"D\u1ea7u b\u00e1nh r\u0103ng Mobilgear 600 XP 460 - C\u00f4ng Ty TNHH D\u1ea7u Nh\u1eddn T&amp;T Vi\u1ec7t Nam\",\"isPartOf\":{\"@id\":\"https:\/\/tatco.vn\/en\/#website\"},\"primaryImageOfPage\":{\"@id\":\"https:\/\/tatco.vn\/vi\/san-pham\/mobilgear-600-xp-460\/#primaryimage\"},\"image\":{\"@id\":\"https:\/\/tatco.vn\/vi\/san-pham\/mobilgear-600-xp-460\/#primaryimage\"},\"thumbnailUrl\":\"https:\/\/tatco.vn\/wp-content\/uploads\/2019\/06\/dau-nhot-mobil-mobil-oil.png\",\"datePublished\":\"2019-06-06T08:32:35+00:00\",\"dateModified\":\"2021-01-03T13:20:30+00:00\",\"description\":\"Mobilgear 600 XP 460 l\u00e0 d\u1ea7u b\u00e1nh r\u0103ng cao c\u1ea5p ch\u1ecbu \u00e1p l\u1ef1c cao. \u0110\u01b0\u1ee3c s\u1eed d\u1ee5ng \u0111\u1ec3 t\u0103ng c\u01b0\u1eddng b\u1ea3o v\u1ec7 cho b\u00e1nh r\u0103ng, v\u00f2ng bi kh\u1ecfi b\u1ecb m\u00e0i m\u00f2n...\",\"breadcrumb\":{\"@id\":\"https:\/\/tatco.vn\/vi\/san-pham\/mobilgear-600-xp-460\/#breadcrumb\"},\"inLanguage\":\"vi\",\"potentialAction\":[{\"@type\":\"ReadAction\",\"target\":[\"https:\/\/tatco.vn\/vi\/san-pham\/mobilgear-600-xp-460\/\"]}]},{\"@type\":\"ImageObject\",\"inLanguage\":\"vi\",\"@id\":\"https:\/\/tatco.vn\/vi\/san-pham\/mobilgear-600-xp-460\/#primaryimage\",\"url\":\"https:\/\/tatco.vn\/wp-content\/uploads\/2019\/06\/dau-nhot-mobil-mobil-oil.png\",\"contentUrl\":\"https:\/\/tatco.vn\/wp-content\/uploads\/2019\/06\/dau-nhot-mobil-mobil-oil.png\",\"width\":1200,\"height\":1200,\"caption\":\"dau nhot mobil mobil oil Mobil SHC 625\"},{\"@type\":\"BreadcrumbList\",\"@id\":\"https:\/\/tatco.vn\/vi\/san-pham\/mobilgear-600-xp-460\/#breadcrumb\",\"itemListElement\":[{\"@type\":\"ListItem\",\"position\":1,\"name\":\"Home\",\"item\":\"https:\/\/tatco.vn\/\"},{\"@type\":\"ListItem\",\"position\":2,\"name\":\"C\u1eeda h\u00e0ng\",\"item\":\"https:\/\/tatco.vn\/en\/mua\/\"},{\"@type\":\"ListItem\",\"position\":3,\"name\":\"D\u1ea7u b\u00e1nh r\u0103ng Mobilgear 600 XP 460\"}]},{\"@type\":\"WebSite\",\"@id\":\"https:\/\/tatco.vn\/en\/#website\",\"url\":\"https:\/\/tatco.vn\/en\/\",\"name\":\"C\u00f4ng Ty TNHH D\u1ea7u Nh\u1eddn T&amp;T Vi\u1ec7t Nam\",\"description\":\"Right Point - Right Time - Best Solution\",\"publisher\":{\"@id\":\"https:\/\/tatco.vn\/en\/#organization\"},\"potentialAction\":[{\"@type\":\"SearchAction\",\"target\":{\"@type\":\"EntryPoint\",\"urlTemplate\":\"https:\/\/tatco.vn\/en\/?s={search_term_string}\"},\"query-input\":{\"@type\":\"PropertyValueSpecification\",\"valueRequired\":true,\"valueName\":\"search_term_string\"}}],\"inLanguage\":\"vi\"},{\"@type\":\"Organization\",\"@id\":\"https:\/\/tatco.vn\/en\/#organization\",\"name\":\"C\u00f4ng Ty TNHH D\u1ea7u Nh\u1eddn T&T Vi\u1ec7t Nam\",\"url\":\"https:\/\/tatco.vn\/en\/\",\"logo\":{\"@type\":\"ImageObject\",\"inLanguage\":\"vi\",\"@id\":\"https:\/\/tatco.vn\/en\/#\/schema\/logo\/image\/\",\"url\":\"https:\/\/tatco.vn\/wp-content\/uploads\/2019\/05\/fav-ico.png\",\"contentUrl\":\"https:\/\/tatco.vn\/wp-content\/uploads\/2019\/05\/fav-ico.png\",\"width\":200,\"height\":200,\"caption\":\"C\u00f4ng Ty TNHH D\u1ea7u Nh\u1eddn T&T Vi\u1ec7t Nam\"},\"image\":{\"@id\":\"https:\/\/tatco.vn\/en\/#\/schema\/logo\/image\/\"}}]}<\/script>\n<!-- \/ Yoast SEO plugin. -->","yoast_head_json":{"title":"D\u1ea7u b\u00e1nh r\u0103ng Mobilgear 600 XP 460 - C\u00f4ng Ty TNHH D\u1ea7u Nh\u1eddn T&amp;T Vi\u1ec7t Nam","description":"Mobilgear 600 XP 460 l\u00e0 d\u1ea7u b\u00e1nh r\u0103ng cao c\u1ea5p ch\u1ecbu \u00e1p l\u1ef1c cao. \u0110\u01b0\u1ee3c s\u1eed d\u1ee5ng \u0111\u1ec3 t\u0103ng c\u01b0\u1eddng b\u1ea3o v\u1ec7 cho b\u00e1nh r\u0103ng, v\u00f2ng bi kh\u1ecfi b\u1ecb m\u00e0i m\u00f2n...","robots":{"index":"index","follow":"follow","max-snippet":"max-snippet:-1","max-image-preview":"max-image-preview:large","max-video-preview":"max-video-preview:-1"},"canonical":"https:\/\/tatco.vn\/vi\/san-pham\/mobilgear-600-xp-460\/","og_locale":"vi_VN","og_type":"article","og_title":"D\u1ea7u b\u00e1nh r\u0103ng Mobilgear 600 XP 460 - C\u00f4ng Ty TNHH D\u1ea7u Nh\u1eddn T&amp;T Vi\u1ec7t Nam","og_description":"Mobilgear 600 XP 460 l\u00e0 d\u1ea7u b\u00e1nh r\u0103ng cao c\u1ea5p ch\u1ecbu \u00e1p l\u1ef1c cao. \u0110\u01b0\u1ee3c s\u1eed d\u1ee5ng \u0111\u1ec3 t\u0103ng c\u01b0\u1eddng b\u1ea3o v\u1ec7 cho b\u00e1nh r\u0103ng, v\u00f2ng bi kh\u1ecfi b\u1ecb m\u00e0i m\u00f2n...","og_url":"https:\/\/tatco.vn\/vi\/san-pham\/mobilgear-600-xp-460\/","og_site_name":"C\u00f4ng Ty TNHH D\u1ea7u Nh\u1eddn T&amp;T Vi\u1ec7t Nam","article_modified_time":"2021-01-03T13:20:30+00:00","og_image":[{"width":1200,"height":1200,"url":"https:\/\/tatco.vn\/wp-content\/uploads\/2019\/06\/dau-nhot-mobil-mobil-oil.png","type":"image\/png"}],"twitter_card":"summary_large_image","twitter_misc":{"\u01af\u1edbc t\u00ednh th\u1eddi gian \u0111\u1ecdc":"7 ph\u00fat"},"schema":{"@context":"https:\/\/schema.org","@graph":[{"@type":"WebPage","@id":"https:\/\/tatco.vn\/vi\/san-pham\/mobilgear-600-xp-460\/","url":"https:\/\/tatco.vn\/vi\/san-pham\/mobilgear-600-xp-460\/","name":"D\u1ea7u b\u00e1nh r\u0103ng Mobilgear 600 XP 460 - C\u00f4ng Ty TNHH D\u1ea7u Nh\u1eddn T&amp;T Vi\u1ec7t Nam","isPartOf":{"@id":"https:\/\/tatco.vn\/en\/#website"},"primaryImageOfPage":{"@id":"https:\/\/tatco.vn\/vi\/san-pham\/mobilgear-600-xp-460\/#primaryimage"},"image":{"@id":"https:\/\/tatco.vn\/vi\/san-pham\/mobilgear-600-xp-460\/#primaryimage"},"thumbnailUrl":"https:\/\/tatco.vn\/wp-content\/uploads\/2019\/06\/dau-nhot-mobil-mobil-oil.png","datePublished":"2019-06-06T08:32:35+00:00","dateModified":"2021-01-03T13:20:30+00:00","description":"Mobilgear 600 XP 460 l\u00e0 d\u1ea7u b\u00e1nh r\u0103ng cao c\u1ea5p ch\u1ecbu \u00e1p l\u1ef1c cao. \u0110\u01b0\u1ee3c s\u1eed d\u1ee5ng \u0111\u1ec3 t\u0103ng c\u01b0\u1eddng b\u1ea3o v\u1ec7 cho b\u00e1nh r\u0103ng, v\u00f2ng bi kh\u1ecfi b\u1ecb m\u00e0i m\u00f2n...","breadcrumb":{"@id":"https:\/\/tatco.vn\/vi\/san-pham\/mobilgear-600-xp-460\/#breadcrumb"},"inLanguage":"vi","potentialAction":[{"@type":"ReadAction","target":["https:\/\/tatco.vn\/vi\/san-pham\/mobilgear-600-xp-460\/"]}]},{"@type":"ImageObject","inLanguage":"vi","@id":"https:\/\/tatco.vn\/vi\/san-pham\/mobilgear-600-xp-460\/#primaryimage","url":"https:\/\/tatco.vn\/wp-content\/uploads\/2019\/06\/dau-nhot-mobil-mobil-oil.png","contentUrl":"https:\/\/tatco.vn\/wp-content\/uploads\/2019\/06\/dau-nhot-mobil-mobil-oil.png","width":1200,"height":1200,"caption":"dau nhot mobil mobil oil Mobil SHC 625"},{"@type":"BreadcrumbList","@id":"https:\/\/tatco.vn\/vi\/san-pham\/mobilgear-600-xp-460\/#breadcrumb","itemListElement":[{"@type":"ListItem","position":1,"name":"Home","item":"https:\/\/tatco.vn\/"},{"@type":"ListItem","position":2,"name":"C\u1eeda h\u00e0ng","item":"https:\/\/tatco.vn\/en\/mua\/"},{"@type":"ListItem","position":3,"name":"D\u1ea7u b\u00e1nh r\u0103ng Mobilgear 600 XP 460"}]},{"@type":"WebSite","@id":"https:\/\/tatco.vn\/en\/#website","url":"https:\/\/tatco.vn\/en\/","name":"C\u00f4ng Ty TNHH D\u1ea7u Nh\u1eddn T&amp;T Vi\u1ec7t Nam","description":"Right Point - Right Time - Best Solution","publisher":{"@id":"https:\/\/tatco.vn\/en\/#organization"},"potentialAction":[{"@type":"SearchAction","target":{"@type":"EntryPoint","urlTemplate":"https:\/\/tatco.vn\/en\/?s={search_term_string}"},"query-input":{"@type":"PropertyValueSpecification","valueRequired":true,"valueName":"search_term_string"}}],"inLanguage":"vi"},{"@type":"Organization","@id":"https:\/\/tatco.vn\/en\/#organization","name":"C\u00f4ng Ty TNHH D\u1ea7u Nh\u1eddn T&T Vi\u1ec7t Nam","url":"https:\/\/tatco.vn\/en\/","logo":{"@type":"ImageObject","inLanguage":"vi","@id":"https:\/\/tatco.vn\/en\/#\/schema\/logo\/image\/","url":"https:\/\/tatco.vn\/wp-content\/uploads\/2019\/05\/fav-ico.png","contentUrl":"https:\/\/tatco.vn\/wp-content\/uploads\/2019\/05\/fav-ico.png","width":200,"height":200,"caption":"C\u00f4ng Ty TNHH D\u1ea7u Nh\u1eddn T&T Vi\u1ec7t Nam"},"image":{"@id":"https:\/\/tatco.vn\/en\/#\/schema\/logo\/image\/"}}]}},"_links":{"self":[{"href":"https:\/\/tatco.vn\/vi\/wp-json\/wp\/v2\/product\/8668","targetHints":{"allow":["GET"]}}],"collection":[{"href":"https:\/\/tatco.vn\/vi\/wp-json\/wp\/v2\/product"}],"about":[{"href":"https:\/\/tatco.vn\/vi\/wp-json\/wp\/v2\/types\/product"}],"replies":[{"embeddable":true,"href":"https:\/\/tatco.vn\/vi\/wp-json\/wp\/v2\/comments?post=8668"}],"version-history":[{"count":0,"href":"https:\/\/tatco.vn\/vi\/wp-json\/wp\/v2\/product\/8668\/revisions"}],"wp:featuredmedia":[{"embeddable":true,"href":"https:\/\/tatco.vn\/vi\/wp-json\/wp\/v2\/media\/26930"}],"wp:attachment":[{"href":"https:\/\/tatco.vn\/vi\/wp-json\/wp\/v2\/media?parent=8668"}],"wp:term":[{"taxonomy":"product_cat","embeddable":true,"href":"https:\/\/tatco.vn\/vi\/wp-json\/wp\/v2\/product_cat?post=8668"},{"taxonomy":"product_tag","embeddable":true,"href":"https:\/\/tatco.vn\/vi\/wp-json\/wp\/v2\/product_tag?post=8668"}],"curies":[{"name":"wp","href":"https:\/\/api.w.org\/{rel}","templated":true}]}}