{"id":8651,"date":"2019-06-06T09:20:15","date_gmt":"2019-06-06T02:20:15","guid":{"rendered":"https:\/\/tatco.vn\/en\/?post_type=product&#038;p=8651"},"modified":"2022-08-27T16:53:07","modified_gmt":"2022-08-27T09:53:07","slug":"mobiltac-375-nc","status":"publish","type":"product","link":"https:\/\/tatco.vn\/vi\/san-pham\/dau-mobiltac-375-nc\/","title":{"rendered":"Mobiltac 375 NC"},"content":{"rendered":"<section class=\"wpb-content-wrapper\"><p>[vc_row][vc_column][vc_column_text]<\/p>\n<h2>Mobiltac 375 NC:<\/h2>\n<h5>Mobiltac 375 NC, 325 NC v\u00e0 275 NC \u0111\u1eb7c bi\u1ec7t hi\u1ec7u su\u1ea5t cao kh\u00f4ng ch\u1ee9a ch\u00ec, lo\u1ea1i pha lo\u00e3ng. Ch\u1ea5t b\u00f4i tr\u01a1n b\u00e1nh r\u0103ng h\u1edf th\u00e2n n\u1eb7ng. \u0110\u01b0\u1ee3c thi\u1ebft k\u1ebf cho nhi\u1ec1u \u1ee9ng d\u1ee5ng khai th\u00e1c v\u00e0 b\u00e1nh r\u0103ng h\u1edf.<\/h5>\n<h5>Ch\u00fang ch\u1ee9a dung m\u00f4i d\u1ec5 bay h\u01a1i, kh\u00f4ng clo. \u0110\u1ea3m b\u1ea3o t\u00ednh l\u01b0u \u0111\u1ed9ng trong qu\u00e1 tr\u00ecnh thi c\u00f4ng, ngay c\u1ea3 \u1edf nhi\u1ec7t \u0111\u1ed9 th\u1ea5p. Sau khi \u0111\u01b0\u1ee3c \u00e1p d\u1ee5ng, ch\u1ea5t pha lo\u00e3ng bay h\u01a1i v\u00e0 ch\u1ea5t b\u00f4i tr\u01a1n c\u00f3 \u0111\u1ed9 d\u1ebbo, k\u1ebft d\u00ednh, \u0111\u1ed9 b\u1ec1n cao. Duy tr\u00ec trong su\u1ed1t th\u1eddi gian s\u1eed d\u1ee5ng.<\/h5>\n<h5>Mobiltac 375 NC, 325 NC v\u00e0 275NC b\u00e1m d\u00ednh ch\u1eb7t ch\u1ebd v\u00e0o r\u0103ng b\u00e1nh r\u0103ng v\u00e0 c\u00e1c chi ti\u1ebft m\u00e1y kh\u00e1c \u0111\u1ec3 ch\u1ed1ng l\u1ea1i s\u1ef1 v\u0103ng ra qu\u00e1 m\u1ee9c, do \u0111\u00f3 cung c\u1ea5p m\u1ed9t l\u1edbp m\u00e0ng li\u00ean t\u1ee5c, ch\u1ecbu m\u00e0i m\u00f2n, b\u00f4i tr\u01a1n t\u1ed1t trong c\u00e1c \u0111i\u1ec1u ki\u1ec7n bi\u00ean.<\/h5>\n<h5>Mobiltac 275 NC c\u0169ng ch\u1ee9a EP pha r\u1eafn \/ ph\u1ee5 gia ch\u1ed1ng m\u00e0i m\u00f2n \u0111\u1ec3 t\u0103ng c\u01b0\u1eddng b\u1ea3o v\u1ec7 thi\u1ebft b\u1ecb<\/h5>\n<h5>Mobiltac 375 NC, 325 NC v\u00e0 Mobiltac 275NC s\u1ebd kh\u00f4ng \u0111\u00f4ng c\u1ee9ng, \u0111\u00f3ng c\u1ee5c ho\u1eb7c bong tr\u00f3c trong th\u1eddi ti\u1ebft l\u1ea1nh, t\u1ef1 ph\u1ee5c h\u1ed3i v\u00e0 kh\u00f4ng h\u00ecnh th\u00e0nh s\u1ef1 t\u00edch t\u1ee5 c\u1ee9ng trong ch\u00e2n r\u0103ng.<\/h5>\n<h5>Vi\u1ec7c nh\u1ecf gi\u1ecdt v\u00e0 v\u0103ng ra l\u00e0 t\u1ed1i thi\u1ec3u v\u00e0 ch\u1ea5t b\u00f4i tr\u01a1n c\u00f3 th\u1ec3 d\u1ec5 d\u00e0ng l\u00e0m s\u1ea1ch b\u1eb1ng gi\u1ebb t\u1ea9m dung m\u00f4i.<\/h5>\n<h5>Ch\u1ea5t b\u00f4i tr\u01a1n cung c\u1ea5p kh\u1ea3 n\u0103ng ch\u1ed1ng l\u1ea1i m\u01b0a, tuy\u1ebft v\u00e0 qu\u00e1 tr\u00ecnh r\u1eeda n\u01b0\u1edbc.\u00a0C\u00e1c \u0111i\u1ec3m ch\u1edbp ch\u00e1y c\u1ee7a ch\u00fang gi\u1ea3m thi\u1ec3u nguy c\u01a1 ch\u00e1y n\u1ed5.<\/h5>\n<h5>C\u00e1c ch\u1ea5t b\u00f4i tr\u01a1n b\u00e1nh r\u0103ng v\u00e0 d\u1ea7u m\u1ecf th\u1ebf h\u1ec7 m\u1edbi n\u00e0y \u0111\u01b0\u1ee3c s\u1eed d\u1ee5ng d\u1ec5 d\u00e0ng b\u1eb1ng tay ho\u1eb7c b\u1eb1ng m\u00e1y ph\u00e2n ph\u1ed1i t\u1ef1 \u0111\u1ed9ng.<\/h5>\n<h5>C\u00f4ng ngh\u1ec7 Mobiltac NC \u0111\u00e3 nhanh ch\u00f3ng tr\u1edf th\u00e0nh m\u1ed9t c\u00f4ng ty \u0111\u01b0\u1ee3c nhi\u1ec1u ng\u01b0\u1eddi d\u00f9ng thi\u1ebft b\u1ecb m\u1edf v\u00e0 c\u00e1c nh\u00e0 khai th\u00e1c m\u1ecf tr\u00ean th\u1ebf gi\u1edbi y\u00eau th\u00edch<\/h5>\n<p>&nbsp;<\/p>\n<h2>T\u00ednh n\u0103ng v\u00e0 l\u1ee3i \u00edch<\/h2>\n<div class=\"table-responsive\">\n<div class=\"table-responsive\">\n<table class=\"table table-striped\">\n<tbody>\n<tr>\n<td style=\"text-align: left;\">\u0110\u1eb7c tr\u01b0ng<\/td>\n<td style=\"text-align: left;\">\u01afu \u0111i\u1ec3m v\u00e0 l\u1ee3i \u00edch ti\u1ec1m n\u0103ng<\/td>\n<\/tr>\n<tr>\n<td style=\"text-align: left;\">B\u1ea3o v\u1ec7 tuy\u1ec7t v\u1eddi r\u0103ng b\u00e1nh r\u0103ng v\u00e0 c\u00e1c chi ti\u1ebft m\u00e1y kh\u00e1c trong \u0111i\u1ec1u ki\u1ec7n b\u00f4i tr\u01a1n bi\u00ean<\/td>\n<td style=\"text-align: left;\">\u00cdt hao m\u00f2n v\u00e0 h\u1ecfng h\u00f3c thi\u1ebft b\u1ecb;\u00a0chi ph\u00ed thay th\u1ebf, th\u1eddi gian ch\u1ebft v\u00e0 b\u1ea3o tr\u00ec th\u1ea5p h\u01a1n<\/td>\n<\/tr>\n<tr>\n<td style=\"text-align: left;\">Kh\u1ea3 n\u0103ng b\u01a1m nhi\u1ec7t \u0111\u1ed9 th\u1ea5p tuy\u1ec7t v\u1eddi<\/td>\n<td style=\"text-align: left;\">Kh\u1edfi \u0111\u1ed9ng d\u1ec5 d\u00e0ng \u1edf m\u00f4i tr\u01b0\u1eddng xung quanh th\u1ea5p v\u00e0 tr\u00e1nh chi ph\u00ed l\u00e0m n\u00f3ng s\u01a1 b\u1ed9<\/td>\n<\/tr>\n<tr>\n<td style=\"text-align: left;\">Kh\u1ea3 n\u0103ng ch\u1ed1ng r\u1eeda n\u01b0\u1edbc tuy\u1ec7t v\u1eddi<\/td>\n<td style=\"text-align: left;\">Duy tr\u00ec kh\u1ea3 n\u0103ng b\u1ea3o v\u1ec7 tuy\u1ec7t v\u1eddi trong m\u00f4i tr\u01b0\u1eddng \u1ea9m \u01b0\u1edbt;\u00a0\u00edt th\u1eddi gian ch\u1ebft ngo\u00e0i d\u1ef1 ki\u1ebfn<\/td>\n<\/tr>\n<tr>\n<td style=\"text-align: left;\">N\u00e9m bi\u00ean v\u00e0 nh\u1ecf gi\u1ecdt t\u1ed1i thi\u1ec3u<\/td>\n<td style=\"text-align: left;\">\u00cdt ch\u1ea5t th\u1ea3i s\u1ea3n ph\u1ea9m v\u00e0 gi\u00e1 th\u00e0nh s\u1ea3n ph\u1ea9m m\u1edbi<\/td>\n<\/tr>\n<tr>\n<td style=\"text-align: left;\">Kh\u00f4ng s\u1ee9t m\u1ebb ho\u1eb7c bong tr\u00f3c \u1edf nhi\u1ec7t \u0111\u1ed9 th\u1ea5p<\/td>\n<td style=\"text-align: left;\">Duy tr\u00ec m\u00e0ng b\u00f4i tr\u01a1n b\u1ea3o v\u1ec7 \u1edf nhi\u1ec7t \u0111\u1ed9 th\u1ea5p<\/td>\n<\/tr>\n<tr>\n<td style=\"text-align: left;\">D\u1ec5 d\u00e0ng l\u00e0m s\u1ea1ch b\u1eb1ng gi\u1ebb lau v\u00e0 dung m\u00f4i th\u00f4ng th\u01b0\u1eddng ho\u1eb7c ch\u1ea5t l\u1ecfng t\u1ea9y r\u1eeda<\/td>\n<td style=\"text-align: left;\">C\u1ea3i thi\u1ec7n an to\u00e0n v\u00e0 gi\u1ea3m chi ph\u00ed b\u1ea3o tr\u00ec<\/td>\n<\/tr>\n<\/tbody>\n<\/table>\n<\/div>\n<\/div>\n<p>&nbsp;<\/p>\n<h2>C\u00e1c \u1ee9ng d\u1ee5ng<\/h2>\n<p>Mobiltac 375 NC, 325 NC v\u00e0 Mobiltac 275NC \u0111\u01b0\u1ee3c thi\u1ebft k\u1ebf \u0111\u1ec3 s\u1eed d\u1ee5ng :<\/p>\n<h5>\u2022 Mobiltac 375 NC \u0111\u1ed9 nh\u1edbt cao, b\u00f4i tr\u01a1n c\u00e1c b\u00e1nh r\u0103ng h\u1edf ch\u1ecbu t\u1ea3i cao, ho\u1ea1t \u0111\u1ed9ng \u1edf nhi\u1ec7t \u0111\u1ed9 cao<\/h5>\n<h5>V\u00ed d\u1ee5: b\u00e1nh r\u0103ng v\u00f2ng trong l\u00f2 xi m\u0103ng v\u00e0 b\u00e1nh r\u0103ng l\u1edbn tr\u00ean c\u00e1c nh\u00e0 m\u00e1y ch\u1ebf bi\u1ebfn qu\u1eb7ng<\/h5>\n<h5>\u2022 Mobiltac 275 NC l\u00e0 ch\u1ea5t b\u00f4i tr\u01a1n cho x\u1ebbng, d\u00e2y k\u00e9o v\u00e0 thi\u1ebft b\u1ecb li\u00ean quan c\u1ee7a m\u1ecf v\u00e0 khai th\u00e1c \u0111\u00e1&#8230;<\/h5>\n<h5>\u2022 Nhi\u1ec7t \u0111\u1ed9 t\u1ed1i thi\u1ec3u cho Mobiltac 325 NC l\u00e0 -18 C, 375 NC l\u00e0 -1 C v\u00e0 275 NC l\u00e0 -9 C<\/h5>\n<h2>Thu\u1ed9c t\u00ednh v\u00e0 th\u00f4ng s\u1ed1 k\u1ef9 thu\u1eadt<\/h2>\n<table class=\"table table-striped\">\n<tbody>\n<tr style=\"font-weight: bold;\">\n<td>\n<p style=\"margin-right: 0px; margin-bottom: 10px; margin-left: 0px; text-align: left;\"><span style=\"color: black;\">Property<\/span><\/p>\n<\/td>\n<td>\n<p style=\"margin-right: 0px; margin-bottom: 10px; margin-left: 0px; text-align: center;\"><span style=\"color: black;\">MOBILTAC 275 NC<\/span><\/p>\n<\/td>\n<td>\n<p style=\"margin-right: 0px; margin-bottom: 10px; margin-left: 0px; text-align: center;\"><span style=\"color: black;\">MOBILTAC 325 NC<\/span><\/p>\n<\/td>\n<td>\n<p style=\"margin-right: 0px; margin-bottom: 10px; margin-left: 0px; text-align: center;\"><span style=\"color: black;\">MOBILTAC 375 NC<\/span><\/p>\n<\/td>\n<\/tr>\n<tr>\n<td>\n<p style=\"margin-right: 0px; margin-bottom: 10px; margin-left: 0px; text-align: left;\"><span style=\"color: black;\">Appearance, AMS 1738<\/span><\/p>\n<\/td>\n<td>\n<p style=\"margin-right: 0px; margin-bottom: 10px; margin-left: 0px;\">\n<\/td>\n<td>\n<p style=\"margin-right: 0px; margin-bottom: 10px; margin-left: 0px;\">\n<\/td>\n<td>\n<p style=\"margin-right: 0px; margin-bottom: 10px; margin-left: 0px;\"><span style=\"color: black;\">Viscous, semi-fluid, black<\/span><\/p>\n<\/td>\n<\/tr>\n<tr>\n<td>\n<p style=\"margin-right: 0px; margin-bottom: 10px; margin-left: 0px; text-align: left;\"><span style=\"color: black;\">Appearance, Visual<\/span><\/p>\n<\/td>\n<td>\n<p style=\"margin-right: 0px; margin-bottom: 10px; margin-left: 0px; text-align: center;\"><span style=\"color: black;\">Viscous, semi-fluid, black<\/span><\/p>\n<\/td>\n<td>\n<p style=\"margin-right: 0px; margin-bottom: 10px; margin-left: 0px;\"><span style=\"color: black;\">Viscous, semi-fluid, black<\/span><\/p>\n<\/td>\n<td>\n<p style=\"margin-right: 0px; margin-bottom: 10px; margin-left: 0px;\">\n<\/td>\n<\/tr>\n<tr>\n<td>\n<p style=\"margin-right: 0px; margin-bottom: 10px; margin-left: 0px; text-align: left;\"><span style=\"color: black;\">Density @ 15.6 C, kg\/l, ASTM D1298<\/span><\/p>\n<\/td>\n<td>\n<p style=\"margin-right: 0px; margin-bottom: 10px; margin-left: 0px;\">\n<\/td>\n<td>\n<p style=\"margin-right: 0px; margin-bottom: 10px; margin-left: 0px; text-align: center;\"><span style=\"color: black;\">0.95<\/span><\/p>\n<\/td>\n<td>\n<p style=\"margin-right: 0px; margin-bottom: 10px; margin-left: 0px; text-align: center;\"><span style=\"color: black;\">0.96<\/span><\/p>\n<\/td>\n<\/tr>\n<tr>\n<td style=\"text-align: left;\"><span style=\"color: black;\">Flash Point, Cleveland Open Cup, \u00b0C, ASTM D92<\/span><\/td>\n<td style=\"text-align: center;\">150<\/td>\n<td style=\"text-align: center;\">110<\/td>\n<td style=\"text-align: center;\">135<\/td>\n<\/tr>\n<tr>\n<td>\n<p style=\"margin-right: 0px; margin-bottom: 10px; margin-left: 0px; text-align: left;\"><span style=\"color: black;\">Kinematic Viscosity 40 C (Diluted), cSt, ASTM D445<\/span><\/p>\n<\/td>\n<td>\n<p style=\"margin-right: 0px; margin-bottom: 10px; margin-left: 0px;\">\n<\/td>\n<td>\n<p style=\"margin-right: 0px; margin-bottom: 10px; margin-left: 0px;\">\n<\/td>\n<td>\n<p style=\"margin-right: 0px; margin-bottom: 10px; margin-left: 0px; text-align: center;\"><span style=\"color: black;\">5000<\/span><\/p>\n<\/td>\n<\/tr>\n<tr>\n<td>\n<p style=\"margin-right: 0px; margin-bottom: 10px; margin-left: 0px; text-align: left;\"><span style=\"color: black;\">Kinematic Viscosity @ 100 C (Undiluted), cSt, ASTM D445<\/span><\/p>\n<\/td>\n<td>\n<p style=\"margin-right: 0px; margin-bottom: 10px; margin-left: 0px;\">\n<\/td>\n<td>\n<p style=\"margin-right: 0px; margin-bottom: 10px; margin-left: 0px; text-align: center;\"><span style=\"color: black;\">1000<\/span><\/p>\n<\/td>\n<td>\n<p style=\"margin-right: 0px; margin-bottom: 10px; margin-left: 0px; text-align: center;\"><span style=\"color: black;\">1260<\/span><\/p>\n<\/td>\n<\/tr>\n<tr>\n<td>\n<p style=\"margin-right: 0px; margin-bottom: 10px; margin-left: 0px; text-align: left;\"><span style=\"color: black;\">Specific Gravity, PTM 117<\/span><\/p>\n<\/td>\n<td>\n<p style=\"margin-right: 0px; margin-bottom: 10px; margin-left: 0px; text-align: center;\"><span style=\"color: black;\">0.99<\/span><\/p>\n<\/td>\n<td>\n<p style=\"margin-right: 0px; margin-bottom: 10px; margin-left: 0px;\">\n<\/td>\n<td>\n<p style=\"margin-right: 0px; margin-bottom: 10px; margin-left: 0px;\">\n<\/td>\n<\/tr>\n<\/tbody>\n<\/table>\n<h4><a href=\"https:\/\/www.mobil.com\/english-vn\/industrial\/pds\/glxxmobiltac-nc\">T\u00e0i li\u1ec7u tham kh\u1ea3o Mobiltac 375 NC, 325 NC and 275 NC: Click v\u00e0o \u0111\u00e2y.<\/a><\/h4>\n<p><a href=\"https:\/\/tatco.vn\/vi\/danh-muc-san-pham\/dau-nhot-mobil\/dau-nhot-cong-nghiep-mobil\/dau-banh-rang-mobil\/dau-banh-rang-mobiltac-375-nc-325-nc-va-275-nc\/\">X\u00eam th\u00eam danh m\u1ee5c: Click t\u1ea1i \u0111\u00e2y.<\/a>[\/vc_column_text][\/vc_column][\/vc_row]<\/p>\n<\/section>","protected":false},"excerpt":{"rendered":"<p><strong>Mobiltac 375 NC<\/strong> l\u00e0 lo\u1ea1i d\u1ea7u pha lo\u00e3ng kh\u00f4ng ch\u00ec d\u00e0nh cho b\u00e1nh r\u0103ng h\u1edf, th\u01b0\u1eddng \u1ee9ng d\u1ee5ng trong ng\u00e0nh khai kho\u00e1ng.<\/p>\n<p>Mobiltac 375 NC gi\u00fap t\u0103ng c\u01b0\u1eddng kh\u1ea3 n\u0103ng ch\u1ed1ng m\u00e0i m\u00f2n, ch\u1ed1ng r\u1eeda n\u01b0\u1edbc.<\/p>\n","protected":false},"featured_media":26930,"comment_status":"open","ping_status":"closed","template":"","meta":[],"product_cat":[366,543,374,361],"product_tag":[567],"class_list":{"0":"post-8651","1":"product","2":"type-product","3":"status-publish","4":"has-post-thumbnail","6":"product_brand-mobil","7":"product_cat-dau-banh-rang-mobil-gear-oil","8":"product_cat-mobiltac-375-nc-325-nc-and-275-nc","9":"product_cat-mobil-industrial-oil","10":"product_cat-mobil-oil","11":"product_tag-mobiltac-375-nc","13":"first","14":"instock","15":"shipping-taxable","16":"purchasable","17":"product-type-simple"},"yoast_head":"<!-- This site is optimized with the Yoast SEO plugin v27.2 - https:\/\/yoast.com\/product\/yoast-seo-wordpress\/ -->\n<title>Mobiltac 375 NC - C\u00f4ng Ty TNHH D\u1ea7u Nh\u1eddn T&amp;T Vi\u1ec7t Nam<\/title>\n<meta name=\"description\" content=\"Mobiltac 375 NC l\u00e0 lo\u1ea1i d\u1ea7u pha lo\u00e3ng kh\u00f4ng ch\u00ec d\u00e0nh cho b\u00e1nh r\u0103ng h\u1edf, th\u01b0\u1eddng \u1ee9ng d\u1ee5ng trong ng\u00e0nh khai kho\u00e1ng. Gi\u00fap t\u0103ng c\u01b0\u1eddng kh\u1ea3 n\u0103ng ch\u1ed1ng m\u00e0i m\u00f2n...\" \/>\n<meta name=\"robots\" content=\"index, follow, max-snippet:-1, max-image-preview:large, max-video-preview:-1\" \/>\n<link rel=\"canonical\" href=\"https:\/\/tatco.vn\/vi\/san-pham\/mobiltac-375-nc\/\" \/>\n<meta property=\"og:locale\" content=\"vi_VN\" \/>\n<meta property=\"og:type\" content=\"article\" \/>\n<meta property=\"og:title\" content=\"Mobiltac 375 NC - C\u00f4ng Ty TNHH D\u1ea7u Nh\u1eddn T&amp;T Vi\u1ec7t Nam\" \/>\n<meta property=\"og:description\" content=\"Mobiltac 375 NC l\u00e0 lo\u1ea1i d\u1ea7u pha lo\u00e3ng kh\u00f4ng ch\u00ec d\u00e0nh cho b\u00e1nh r\u0103ng h\u1edf, th\u01b0\u1eddng \u1ee9ng d\u1ee5ng trong ng\u00e0nh khai kho\u00e1ng. Gi\u00fap t\u0103ng c\u01b0\u1eddng kh\u1ea3 n\u0103ng ch\u1ed1ng m\u00e0i m\u00f2n...\" \/>\n<meta property=\"og:url\" content=\"https:\/\/tatco.vn\/vi\/san-pham\/mobiltac-375-nc\/\" \/>\n<meta property=\"og:site_name\" content=\"C\u00f4ng Ty TNHH D\u1ea7u Nh\u1eddn T&amp;T Vi\u1ec7t Nam\" \/>\n<meta property=\"article:modified_time\" content=\"2022-08-27T09:53:07+00:00\" \/>\n<meta property=\"og:image\" content=\"https:\/\/tatco.vn\/wp-content\/uploads\/2019\/06\/dau-nhot-mobil-mobil-oil.png\" \/>\n\t<meta property=\"og:image:width\" content=\"1200\" \/>\n\t<meta property=\"og:image:height\" content=\"1200\" \/>\n\t<meta property=\"og:image:type\" content=\"image\/png\" \/>\n<meta name=\"twitter:card\" content=\"summary_large_image\" \/>\n<meta name=\"twitter:label1\" content=\"\u01af\u1edbc t\u00ednh th\u1eddi gian \u0111\u1ecdc\" \/>\n\t<meta name=\"twitter:data1\" content=\"8 ph\u00fat\" \/>\n<script type=\"application\/ld+json\" class=\"yoast-schema-graph\">{\"@context\":\"https:\/\/schema.org\",\"@graph\":[{\"@type\":\"WebPage\",\"@id\":\"https:\/\/tatco.vn\/vi\/san-pham\/mobiltac-375-nc\/\",\"url\":\"https:\/\/tatco.vn\/vi\/san-pham\/mobiltac-375-nc\/\",\"name\":\"Mobiltac 375 NC - C\u00f4ng Ty TNHH D\u1ea7u Nh\u1eddn T&amp;T Vi\u1ec7t Nam\",\"isPartOf\":{\"@id\":\"https:\/\/tatco.vn\/en\/#website\"},\"primaryImageOfPage\":{\"@id\":\"https:\/\/tatco.vn\/vi\/san-pham\/mobiltac-375-nc\/#primaryimage\"},\"image\":{\"@id\":\"https:\/\/tatco.vn\/vi\/san-pham\/mobiltac-375-nc\/#primaryimage\"},\"thumbnailUrl\":\"https:\/\/tatco.vn\/wp-content\/uploads\/2019\/06\/dau-nhot-mobil-mobil-oil.png\",\"datePublished\":\"2019-06-06T02:20:15+00:00\",\"dateModified\":\"2022-08-27T09:53:07+00:00\",\"description\":\"Mobiltac 375 NC l\u00e0 lo\u1ea1i d\u1ea7u pha lo\u00e3ng kh\u00f4ng ch\u00ec d\u00e0nh cho b\u00e1nh r\u0103ng h\u1edf, th\u01b0\u1eddng \u1ee9ng d\u1ee5ng trong ng\u00e0nh khai kho\u00e1ng. Gi\u00fap t\u0103ng c\u01b0\u1eddng kh\u1ea3 n\u0103ng ch\u1ed1ng m\u00e0i m\u00f2n...\",\"breadcrumb\":{\"@id\":\"https:\/\/tatco.vn\/vi\/san-pham\/mobiltac-375-nc\/#breadcrumb\"},\"inLanguage\":\"vi\",\"potentialAction\":[{\"@type\":\"ReadAction\",\"target\":[\"https:\/\/tatco.vn\/vi\/san-pham\/mobiltac-375-nc\/\"]}]},{\"@type\":\"ImageObject\",\"inLanguage\":\"vi\",\"@id\":\"https:\/\/tatco.vn\/vi\/san-pham\/mobiltac-375-nc\/#primaryimage\",\"url\":\"https:\/\/tatco.vn\/wp-content\/uploads\/2019\/06\/dau-nhot-mobil-mobil-oil.png\",\"contentUrl\":\"https:\/\/tatco.vn\/wp-content\/uploads\/2019\/06\/dau-nhot-mobil-mobil-oil.png\",\"width\":1200,\"height\":1200,\"caption\":\"dau nhot mobil mobil oil Mobil SHC 625\"},{\"@type\":\"BreadcrumbList\",\"@id\":\"https:\/\/tatco.vn\/vi\/san-pham\/mobiltac-375-nc\/#breadcrumb\",\"itemListElement\":[{\"@type\":\"ListItem\",\"position\":1,\"name\":\"Home\",\"item\":\"https:\/\/tatco.vn\/\"},{\"@type\":\"ListItem\",\"position\":2,\"name\":\"C\u1eeda h\u00e0ng\",\"item\":\"https:\/\/tatco.vn\/en\/mua\/\"},{\"@type\":\"ListItem\",\"position\":3,\"name\":\"Mobiltac 375 NC\"}]},{\"@type\":\"WebSite\",\"@id\":\"https:\/\/tatco.vn\/en\/#website\",\"url\":\"https:\/\/tatco.vn\/en\/\",\"name\":\"C\u00f4ng Ty TNHH D\u1ea7u Nh\u1eddn T&amp;T Vi\u1ec7t Nam\",\"description\":\"Right Point - Right Time - Best Solution\",\"publisher\":{\"@id\":\"https:\/\/tatco.vn\/en\/#organization\"},\"potentialAction\":[{\"@type\":\"SearchAction\",\"target\":{\"@type\":\"EntryPoint\",\"urlTemplate\":\"https:\/\/tatco.vn\/en\/?s={search_term_string}\"},\"query-input\":{\"@type\":\"PropertyValueSpecification\",\"valueRequired\":true,\"valueName\":\"search_term_string\"}}],\"inLanguage\":\"vi\"},{\"@type\":\"Organization\",\"@id\":\"https:\/\/tatco.vn\/en\/#organization\",\"name\":\"C\u00f4ng Ty TNHH D\u1ea7u Nh\u1eddn T&T Vi\u1ec7t Nam\",\"url\":\"https:\/\/tatco.vn\/en\/\",\"logo\":{\"@type\":\"ImageObject\",\"inLanguage\":\"vi\",\"@id\":\"https:\/\/tatco.vn\/en\/#\/schema\/logo\/image\/\",\"url\":\"https:\/\/tatco.vn\/wp-content\/uploads\/2019\/05\/fav-ico.png\",\"contentUrl\":\"https:\/\/tatco.vn\/wp-content\/uploads\/2019\/05\/fav-ico.png\",\"width\":200,\"height\":200,\"caption\":\"C\u00f4ng Ty TNHH D\u1ea7u Nh\u1eddn T&T Vi\u1ec7t Nam\"},\"image\":{\"@id\":\"https:\/\/tatco.vn\/en\/#\/schema\/logo\/image\/\"}}]}<\/script>\n<!-- \/ Yoast SEO plugin. -->","yoast_head_json":{"title":"Mobiltac 375 NC - C\u00f4ng Ty TNHH D\u1ea7u Nh\u1eddn T&amp;T Vi\u1ec7t Nam","description":"Mobiltac 375 NC l\u00e0 lo\u1ea1i d\u1ea7u pha lo\u00e3ng kh\u00f4ng ch\u00ec d\u00e0nh cho b\u00e1nh r\u0103ng h\u1edf, th\u01b0\u1eddng \u1ee9ng d\u1ee5ng trong ng\u00e0nh khai kho\u00e1ng. Gi\u00fap t\u0103ng c\u01b0\u1eddng kh\u1ea3 n\u0103ng ch\u1ed1ng m\u00e0i m\u00f2n...","robots":{"index":"index","follow":"follow","max-snippet":"max-snippet:-1","max-image-preview":"max-image-preview:large","max-video-preview":"max-video-preview:-1"},"canonical":"https:\/\/tatco.vn\/vi\/san-pham\/mobiltac-375-nc\/","og_locale":"vi_VN","og_type":"article","og_title":"Mobiltac 375 NC - C\u00f4ng Ty TNHH D\u1ea7u Nh\u1eddn T&amp;T Vi\u1ec7t Nam","og_description":"Mobiltac 375 NC l\u00e0 lo\u1ea1i d\u1ea7u pha lo\u00e3ng kh\u00f4ng ch\u00ec d\u00e0nh cho b\u00e1nh r\u0103ng h\u1edf, th\u01b0\u1eddng \u1ee9ng d\u1ee5ng trong ng\u00e0nh khai kho\u00e1ng. Gi\u00fap t\u0103ng c\u01b0\u1eddng kh\u1ea3 n\u0103ng ch\u1ed1ng m\u00e0i m\u00f2n...","og_url":"https:\/\/tatco.vn\/vi\/san-pham\/mobiltac-375-nc\/","og_site_name":"C\u00f4ng Ty TNHH D\u1ea7u Nh\u1eddn T&amp;T Vi\u1ec7t Nam","article_modified_time":"2022-08-27T09:53:07+00:00","og_image":[{"width":1200,"height":1200,"url":"https:\/\/tatco.vn\/wp-content\/uploads\/2019\/06\/dau-nhot-mobil-mobil-oil.png","type":"image\/png"}],"twitter_card":"summary_large_image","twitter_misc":{"\u01af\u1edbc t\u00ednh th\u1eddi gian \u0111\u1ecdc":"8 ph\u00fat"},"schema":{"@context":"https:\/\/schema.org","@graph":[{"@type":"WebPage","@id":"https:\/\/tatco.vn\/vi\/san-pham\/mobiltac-375-nc\/","url":"https:\/\/tatco.vn\/vi\/san-pham\/mobiltac-375-nc\/","name":"Mobiltac 375 NC - C\u00f4ng Ty TNHH D\u1ea7u Nh\u1eddn T&amp;T Vi\u1ec7t Nam","isPartOf":{"@id":"https:\/\/tatco.vn\/en\/#website"},"primaryImageOfPage":{"@id":"https:\/\/tatco.vn\/vi\/san-pham\/mobiltac-375-nc\/#primaryimage"},"image":{"@id":"https:\/\/tatco.vn\/vi\/san-pham\/mobiltac-375-nc\/#primaryimage"},"thumbnailUrl":"https:\/\/tatco.vn\/wp-content\/uploads\/2019\/06\/dau-nhot-mobil-mobil-oil.png","datePublished":"2019-06-06T02:20:15+00:00","dateModified":"2022-08-27T09:53:07+00:00","description":"Mobiltac 375 NC l\u00e0 lo\u1ea1i d\u1ea7u pha lo\u00e3ng kh\u00f4ng ch\u00ec d\u00e0nh cho b\u00e1nh r\u0103ng h\u1edf, th\u01b0\u1eddng \u1ee9ng d\u1ee5ng trong ng\u00e0nh khai kho\u00e1ng. Gi\u00fap t\u0103ng c\u01b0\u1eddng kh\u1ea3 n\u0103ng ch\u1ed1ng m\u00e0i m\u00f2n...","breadcrumb":{"@id":"https:\/\/tatco.vn\/vi\/san-pham\/mobiltac-375-nc\/#breadcrumb"},"inLanguage":"vi","potentialAction":[{"@type":"ReadAction","target":["https:\/\/tatco.vn\/vi\/san-pham\/mobiltac-375-nc\/"]}]},{"@type":"ImageObject","inLanguage":"vi","@id":"https:\/\/tatco.vn\/vi\/san-pham\/mobiltac-375-nc\/#primaryimage","url":"https:\/\/tatco.vn\/wp-content\/uploads\/2019\/06\/dau-nhot-mobil-mobil-oil.png","contentUrl":"https:\/\/tatco.vn\/wp-content\/uploads\/2019\/06\/dau-nhot-mobil-mobil-oil.png","width":1200,"height":1200,"caption":"dau nhot mobil mobil oil Mobil SHC 625"},{"@type":"BreadcrumbList","@id":"https:\/\/tatco.vn\/vi\/san-pham\/mobiltac-375-nc\/#breadcrumb","itemListElement":[{"@type":"ListItem","position":1,"name":"Home","item":"https:\/\/tatco.vn\/"},{"@type":"ListItem","position":2,"name":"C\u1eeda h\u00e0ng","item":"https:\/\/tatco.vn\/en\/mua\/"},{"@type":"ListItem","position":3,"name":"Mobiltac 375 NC"}]},{"@type":"WebSite","@id":"https:\/\/tatco.vn\/en\/#website","url":"https:\/\/tatco.vn\/en\/","name":"C\u00f4ng Ty TNHH D\u1ea7u Nh\u1eddn T&amp;T Vi\u1ec7t Nam","description":"Right Point - Right Time - Best Solution","publisher":{"@id":"https:\/\/tatco.vn\/en\/#organization"},"potentialAction":[{"@type":"SearchAction","target":{"@type":"EntryPoint","urlTemplate":"https:\/\/tatco.vn\/en\/?s={search_term_string}"},"query-input":{"@type":"PropertyValueSpecification","valueRequired":true,"valueName":"search_term_string"}}],"inLanguage":"vi"},{"@type":"Organization","@id":"https:\/\/tatco.vn\/en\/#organization","name":"C\u00f4ng Ty TNHH D\u1ea7u Nh\u1eddn T&T Vi\u1ec7t Nam","url":"https:\/\/tatco.vn\/en\/","logo":{"@type":"ImageObject","inLanguage":"vi","@id":"https:\/\/tatco.vn\/en\/#\/schema\/logo\/image\/","url":"https:\/\/tatco.vn\/wp-content\/uploads\/2019\/05\/fav-ico.png","contentUrl":"https:\/\/tatco.vn\/wp-content\/uploads\/2019\/05\/fav-ico.png","width":200,"height":200,"caption":"C\u00f4ng Ty TNHH D\u1ea7u Nh\u1eddn T&T Vi\u1ec7t Nam"},"image":{"@id":"https:\/\/tatco.vn\/en\/#\/schema\/logo\/image\/"}}]}},"_links":{"self":[{"href":"https:\/\/tatco.vn\/vi\/wp-json\/wp\/v2\/product\/8651","targetHints":{"allow":["GET"]}}],"collection":[{"href":"https:\/\/tatco.vn\/vi\/wp-json\/wp\/v2\/product"}],"about":[{"href":"https:\/\/tatco.vn\/vi\/wp-json\/wp\/v2\/types\/product"}],"replies":[{"embeddable":true,"href":"https:\/\/tatco.vn\/vi\/wp-json\/wp\/v2\/comments?post=8651"}],"version-history":[{"count":0,"href":"https:\/\/tatco.vn\/vi\/wp-json\/wp\/v2\/product\/8651\/revisions"}],"wp:featuredmedia":[{"embeddable":true,"href":"https:\/\/tatco.vn\/vi\/wp-json\/wp\/v2\/media\/26930"}],"wp:attachment":[{"href":"https:\/\/tatco.vn\/vi\/wp-json\/wp\/v2\/media?parent=8651"}],"wp:term":[{"taxonomy":"product_cat","embeddable":true,"href":"https:\/\/tatco.vn\/vi\/wp-json\/wp\/v2\/product_cat?post=8651"},{"taxonomy":"product_tag","embeddable":true,"href":"https:\/\/tatco.vn\/vi\/wp-json\/wp\/v2\/product_tag?post=8651"}],"curies":[{"name":"wp","href":"https:\/\/api.w.org\/{rel}","templated":true}]}}