{"id":8439,"date":"2019-06-02T20:55:32","date_gmt":"2019-06-02T13:55:32","guid":{"rendered":"https:\/\/tatco.vn\/?post_type=product&#038;p=8439"},"modified":"2020-12-23T13:49:15","modified_gmt":"2020-12-23T06:49:15","slug":"mobilgear-shc-xmp-320","status":"publish","type":"product","link":"https:\/\/tatco.vn\/vi\/san-pham\/dau-mobilgear-shc-xmp-320\/","title":{"rendered":"D\u1ea7u b\u00e1nh r\u0103ng Mobilgear SHC XMP 320"},"content":{"rendered":"<section class=\"wpb-content-wrapper\"><p>[vc_row][vc_column][vc_column_text]<\/p>\n<h2>MOBILGEAR SHC XMP 320:<\/h2>\n<p><strong>Mobilgear SHC XMP 320<\/strong> l\u00e0 lo\u1ea1i d\u1ea7u b\u00e1nh r\u0103ng c\u00f4ng nghi\u1ec7p t\u1ed5ng h\u1ee3p cao c\u1ea5p \u0111\u01b0\u1ee3c thi\u1ebft k\u1ebf \u0111\u1ec3 b\u1ea3o v\u1ec7 thi\u1ebft b\u1ecb t\u1ed1i \u01b0u ngay c\u1ea3 d\u01b0\u1edbi \u0111i\u1ec1u ki\u1ec7n kh\u1eafc nghi\u1ec7t.<\/p>\n<h4><strong>\u0110\u1eb7c t\u00ednh:<\/strong><\/h4>\n<p>Ch\u1ecbu nhi\u1ec7t, ch\u1ed1ng oxy h\u00f3a c\u1ef1c t\u1ed1t v\u00e0 ch\u1ec9 s\u1ed1 \u0111\u1ed9 nh\u1edbt cao gi\u00fap ch\u1ed1ng m\u00e0i m\u00f2n v\u00e0 \u0103n m\u00f2n r\u1ed7.<\/p>\n<p>\u0110\u01b0\u1ee3c khuy\u1ebfn c\u00e1o s\u1eed d\u1ee5ng \u0111\u1ec3 b\u00f4i tr\u01a1n c\u00e1c b\u00e1nh r\u0103ng k\u00edn, b\u00e1nh r\u0103ng c\u00f4n, xo\u1eafn, ch\u1ecbu \u0111\u01b0\u1ee3c nhi\u1ec7t \u0111\u1ed9 c\u1ef1c cao ho\u1eb7c c\u1ef1c th\u1ea5p, m\u00f4i tr\u01b0\u1eddng c\u00f3 \u0111\u1ed9 \u0103n m\u00f2n cao.<\/p>\n<h4><strong>\u1ee8ng d\u1ee5ng:<\/strong><\/h4>\n<p>Trong tuabin gi\u00f3, h\u1ed9p s\u1ed1 t\u1ea3i cao trong c\u00f4ng nghi\u1ec7p gi\u1ea5y, th\u00e9p, d\u1ea7u, g\u1ed7, xi m\u0103ng,\u2026<\/p>\n<h4><strong>Th\u00f4ng s\u1ed1 k\u1ef9 thu\u1eadt v\u00e0 ch\u1ee9ng nh\u1eadn:<\/strong><\/h4>\n<div class=\"table-responsive\">\n<table class=\"table table-striped\">\n<colgroup>\n<col \/>\n<col \/><\/colgroup>\n<tbody>\n<tr>\n<td style=\"text-align: left;\">Mobilgear SHC XMP Series meets or exceeds the requirements of:<\/td>\n<td>320<\/td>\n<td>460<\/td>\n<\/tr>\n<tr>\n<td style=\"text-align: left;\">AGMA 9005-EO2 EP<\/td>\n<td>X<\/td>\n<td>X<\/td>\n<\/tr>\n<tr>\n<td style=\"text-align: left;\">DIN 51517-3, 2009-06<\/td>\n<td>X<\/td>\n<td>X<\/td>\n<\/tr>\n<\/tbody>\n<\/table>\n<\/div>\n<h2><\/h2>\n<h4><strong>Thu\u1ed9c t\u00ednh:<\/strong><\/h4>\n<div class=\"table-responsive\">\n<table class=\"table table-striped\">\n<colgroup>\n<col \/>\n<col \/>\n<col \/><\/colgroup>\n<tbody>\n<tr>\n<td style=\"text-align: left;\">Mobilgear SHC XMP Series<\/td>\n<td>320<\/td>\n<td>460<\/td>\n<\/tr>\n<tr>\n<td style=\"text-align: left;\">ISO Viscosity Grade<\/td>\n<td>320<\/td>\n<td>460<\/td>\n<\/tr>\n<tr>\n<td style=\"text-align: left;\">Viscosity, ASTM D 445<\/td>\n<td><\/td>\n<td><\/td>\n<\/tr>\n<tr>\n<td style=\"text-align: left;\">cSt @ 40\u00ba C<\/td>\n<td>335<\/td>\n<td>460<\/td>\n<\/tr>\n<tr>\n<td style=\"text-align: left;\">cSt @ 100\u00ba C<\/td>\n<td>38.3<\/td>\n<td>48.7<\/td>\n<\/tr>\n<tr>\n<td style=\"text-align: left;\">Viscosity Index, ASTM D 2270<\/td>\n<td>164<\/td>\n<td>166<\/td>\n<\/tr>\n<tr>\n<td style=\"text-align: left;\">Pour Point, \u00baC, ASTM D 97<\/td>\n<td>-38<\/td>\n<td>-36<\/td>\n<\/tr>\n<tr>\n<td style=\"text-align: left;\">Flash Point, \u00baC, ASTM D 92<\/td>\n<td>242<\/td>\n<td>232<\/td>\n<\/tr>\n<tr>\n<td style=\"text-align: left;\">Specific Gravity @15.6\u00ba C kg\/l, ASTM D 4052<\/td>\n<td>0.86<\/td>\n<td>0.863<\/td>\n<\/tr>\n<tr>\n<td style=\"text-align: left;\">FZG Micropitting, FVA Proc No. 54,<\/td>\n<td><\/td>\n<td><\/td>\n<\/tr>\n<tr>\n<td style=\"text-align: left;\">Fail Stage<\/td>\n<td>10<\/td>\n<td>10<\/td>\n<\/tr>\n<tr>\n<td style=\"text-align: left;\">GFT-Class<\/td>\n<td>High<\/td>\n<td>High<\/td>\n<\/tr>\n<tr>\n<td style=\"text-align: left;\">FZG Scuffing, DIN 51345 (mod) A\/16.6\/90, Fail Stage<\/td>\n<td>14+<\/td>\n<td>14+<\/td>\n<\/tr>\n<tr>\n<td style=\"text-align: left;\">4-Ball Wear test, ASTM D 4172, mm (Mod 1,800 RPM, 20kg, 54\u00ba C, 60 Minutes)<\/td>\n<td>0.25<\/td>\n<td>0.25<\/td>\n<\/tr>\n<tr>\n<td style=\"text-align: left;\">Rust protection, ASTM D665, Sea Water<\/td>\n<td>Pass<\/td>\n<td>Pass<\/td>\n<\/tr>\n<tr>\n<td style=\"text-align: left;\">Water Separability, ASTM D 1401,Time to 40\/37\/3 at 82\u00ba C, minutes<\/td>\n<td>10<\/td>\n<td>10<\/td>\n<\/tr>\n<tr>\n<td style=\"text-align: left;\">Foaming Characteristics, ASTM D 892,Seq. II, Tendency\/Stability, ml\/ml<\/td>\n<td>0\/0<\/td>\n<td>0\/0<\/td>\n<\/tr>\n<\/tbody>\n<\/table>\n<\/div>\n<h4><a href=\"https:\/\/www.mobil.com\/English-MX\/Industrial\/pds\/GLXXMobilgear-SHC-XMP-Series\" target=\"blank\" rel=\"noopener noreferrer\">T\u00e0i li\u1ec7u tham kh\u1ea3o Mobilgear\u2122 SHC XMP Series: Click v\u00e0o \u0111\u00e2y.<\/a><\/h4>\n<p><a href=\"https:\/\/tatco.vn\/vi\/danh-muc-san-pham\/dau-nhot-mobil\/dau-nhot-cong-nghiep-mobil\/dau-banh-rang-mobil\/dau-banh-rang-mobilgear-shc-xmp-series\/\">X\u00eam th\u00eam danh m\u1ee5c Mobilgear\u2122 SHC XMP Series: Click t\u1ea1i \u0111\u00e2y.<\/a>[\/vc_column_text][\/vc_column][\/vc_row]<\/p>\n<\/section>","protected":false},"excerpt":{"rendered":"<p><strong>Mobilgear SHC XMP 320<\/strong> l\u00e0 lo\u1ea1i d\u1ea7u b\u00e1nh r\u0103ng c\u00f4ng nghi\u1ec7p t\u1ed5ng h\u1ee3p cao c\u1ea5p \u0111\u01b0\u1ee3c thi\u1ebft k\u1ebf \u0111\u1ec3 b\u1ea3o v\u1ec7 thi\u1ebft b\u1ecb t\u1ed1i \u01b0u ngay c\u1ea3 d\u01b0\u1edbi \u0111i\u1ec1u ki\u1ec7n kh\u1eafc nghi\u1ec7t.<\/p>\n","protected":false},"featured_media":26973,"comment_status":"open","ping_status":"closed","template":"","meta":[],"product_cat":[366,573,361],"product_tag":[636,417],"class_list":{"0":"post-8439","1":"product","2":"type-product","3":"status-publish","4":"has-post-thumbnail","6":"product_brand-mobil","7":"product_cat-dau-banh-rang-mobil-gear-oil","8":"product_cat-mobilgear-shc-xmp-series","9":"product_cat-mobil-oil","10":"product_tag-dau-banh-rang","11":"product_tag-mobilgear-shc-xmp-320","13":"first","14":"instock","15":"shipping-taxable","16":"purchasable","17":"product-type-simple"},"yoast_head":"<!-- This site is optimized with the Yoast SEO plugin v27.2 - https:\/\/yoast.com\/product\/yoast-seo-wordpress\/ -->\n<title>D\u1ea7u b\u00e1nh r\u0103ng Mobilgear SHC XMP 320 - C\u00f4ng Ty TNHH D\u1ea7u Nh\u1eddn T&amp;T Vi\u1ec7t Nam<\/title>\n<meta name=\"description\" content=\"Mobilgear SHC XMP 320\u00a0l\u00e0 lo\u1ea1i d\u1ea7u b\u00e1nh r\u0103ng c\u00f4ng nghi\u1ec7p t\u1ed5ng h\u1ee3p cao c\u1ea5p \u0111\u01b0\u1ee3c thi\u1ebft k\u1ebf \u0111\u1ec3 b\u1ea3o v\u1ec7 thi\u1ebft b\u1ecb t\u1ed1i \u01b0u ngay c\u1ea3 d\u01b0\u1edbi \u0111i\u1ec1u ki\u1ec7n kh\u1eafc nghi\u1ec7t.\" \/>\n<meta name=\"robots\" content=\"index, follow, max-snippet:-1, max-image-preview:large, max-video-preview:-1\" \/>\n<link rel=\"canonical\" href=\"https:\/\/tatco.vn\/vi\/san-pham\/mobilgear-shc-xmp-320\/\" \/>\n<meta property=\"og:locale\" content=\"vi_VN\" \/>\n<meta property=\"og:type\" content=\"article\" \/>\n<meta property=\"og:title\" content=\"D\u1ea7u b\u00e1nh r\u0103ng Mobilgear SHC XMP 320 - C\u00f4ng Ty TNHH D\u1ea7u Nh\u1eddn T&amp;T Vi\u1ec7t Nam\" \/>\n<meta property=\"og:description\" content=\"Mobilgear SHC XMP 320\u00a0l\u00e0 lo\u1ea1i d\u1ea7u b\u00e1nh r\u0103ng c\u00f4ng nghi\u1ec7p t\u1ed5ng h\u1ee3p cao c\u1ea5p \u0111\u01b0\u1ee3c thi\u1ebft k\u1ebf \u0111\u1ec3 b\u1ea3o v\u1ec7 thi\u1ebft b\u1ecb t\u1ed1i \u01b0u ngay c\u1ea3 d\u01b0\u1edbi \u0111i\u1ec1u ki\u1ec7n kh\u1eafc nghi\u1ec7t.\" \/>\n<meta property=\"og:url\" content=\"https:\/\/tatco.vn\/vi\/san-pham\/mobilgear-shc-xmp-320\/\" \/>\n<meta property=\"og:site_name\" content=\"C\u00f4ng Ty TNHH D\u1ea7u Nh\u1eddn T&amp;T Vi\u1ec7t Nam\" \/>\n<meta property=\"article:modified_time\" content=\"2020-12-23T06:49:15+00:00\" \/>\n<meta property=\"og:image\" content=\"https:\/\/tatco.vn\/wp-content\/uploads\/2019\/06\/dau-nhot-mobil-mobil-oil-white.png\" \/>\n\t<meta property=\"og:image:width\" content=\"1200\" \/>\n\t<meta property=\"og:image:height\" content=\"1200\" \/>\n\t<meta property=\"og:image:type\" content=\"image\/png\" \/>\n<meta name=\"twitter:card\" content=\"summary_large_image\" \/>\n<meta name=\"twitter:label1\" content=\"\u01af\u1edbc t\u00ednh th\u1eddi gian \u0111\u1ecdc\" \/>\n\t<meta name=\"twitter:data1\" content=\"6 ph\u00fat\" \/>\n<script type=\"application\/ld+json\" class=\"yoast-schema-graph\">{\"@context\":\"https:\/\/schema.org\",\"@graph\":[{\"@type\":\"WebPage\",\"@id\":\"https:\/\/tatco.vn\/vi\/san-pham\/mobilgear-shc-xmp-320\/\",\"url\":\"https:\/\/tatco.vn\/vi\/san-pham\/mobilgear-shc-xmp-320\/\",\"name\":\"D\u1ea7u b\u00e1nh r\u0103ng Mobilgear SHC XMP 320 - C\u00f4ng Ty TNHH D\u1ea7u Nh\u1eddn T&amp;T Vi\u1ec7t Nam\",\"isPartOf\":{\"@id\":\"https:\/\/tatco.vn\/en\/#website\"},\"primaryImageOfPage\":{\"@id\":\"https:\/\/tatco.vn\/vi\/san-pham\/mobilgear-shc-xmp-320\/#primaryimage\"},\"image\":{\"@id\":\"https:\/\/tatco.vn\/vi\/san-pham\/mobilgear-shc-xmp-320\/#primaryimage\"},\"thumbnailUrl\":\"https:\/\/tatco.vn\/wp-content\/uploads\/2019\/06\/dau-nhot-mobil-mobil-oil-white.png\",\"datePublished\":\"2019-06-02T13:55:32+00:00\",\"dateModified\":\"2020-12-23T06:49:15+00:00\",\"description\":\"Mobilgear SHC XMP 320\u00a0l\u00e0 lo\u1ea1i d\u1ea7u b\u00e1nh r\u0103ng c\u00f4ng nghi\u1ec7p t\u1ed5ng h\u1ee3p cao c\u1ea5p \u0111\u01b0\u1ee3c thi\u1ebft k\u1ebf \u0111\u1ec3 b\u1ea3o v\u1ec7 thi\u1ebft b\u1ecb t\u1ed1i \u01b0u ngay c\u1ea3 d\u01b0\u1edbi \u0111i\u1ec1u ki\u1ec7n kh\u1eafc nghi\u1ec7t.\",\"breadcrumb\":{\"@id\":\"https:\/\/tatco.vn\/vi\/san-pham\/mobilgear-shc-xmp-320\/#breadcrumb\"},\"inLanguage\":\"vi\",\"potentialAction\":[{\"@type\":\"ReadAction\",\"target\":[\"https:\/\/tatco.vn\/vi\/san-pham\/mobilgear-shc-xmp-320\/\"]}]},{\"@type\":\"ImageObject\",\"inLanguage\":\"vi\",\"@id\":\"https:\/\/tatco.vn\/vi\/san-pham\/mobilgear-shc-xmp-320\/#primaryimage\",\"url\":\"https:\/\/tatco.vn\/wp-content\/uploads\/2019\/06\/dau-nhot-mobil-mobil-oil-white.png\",\"contentUrl\":\"https:\/\/tatco.vn\/wp-content\/uploads\/2019\/06\/dau-nhot-mobil-mobil-oil-white.png\",\"width\":1200,\"height\":1200,\"caption\":\"dau nhot mobil mobil oil\"},{\"@type\":\"BreadcrumbList\",\"@id\":\"https:\/\/tatco.vn\/vi\/san-pham\/mobilgear-shc-xmp-320\/#breadcrumb\",\"itemListElement\":[{\"@type\":\"ListItem\",\"position\":1,\"name\":\"Home\",\"item\":\"https:\/\/tatco.vn\/\"},{\"@type\":\"ListItem\",\"position\":2,\"name\":\"C\u1eeda h\u00e0ng\",\"item\":\"https:\/\/tatco.vn\/en\/mua\/\"},{\"@type\":\"ListItem\",\"position\":3,\"name\":\"D\u1ea7u b\u00e1nh r\u0103ng Mobilgear SHC XMP 320\"}]},{\"@type\":\"WebSite\",\"@id\":\"https:\/\/tatco.vn\/en\/#website\",\"url\":\"https:\/\/tatco.vn\/en\/\",\"name\":\"C\u00f4ng Ty TNHH D\u1ea7u Nh\u1eddn T&amp;T Vi\u1ec7t Nam\",\"description\":\"Right Point - Right Time - Best Solution\",\"publisher\":{\"@id\":\"https:\/\/tatco.vn\/en\/#organization\"},\"potentialAction\":[{\"@type\":\"SearchAction\",\"target\":{\"@type\":\"EntryPoint\",\"urlTemplate\":\"https:\/\/tatco.vn\/en\/?s={search_term_string}\"},\"query-input\":{\"@type\":\"PropertyValueSpecification\",\"valueRequired\":true,\"valueName\":\"search_term_string\"}}],\"inLanguage\":\"vi\"},{\"@type\":\"Organization\",\"@id\":\"https:\/\/tatco.vn\/en\/#organization\",\"name\":\"C\u00f4ng Ty TNHH D\u1ea7u Nh\u1eddn T&T Vi\u1ec7t Nam\",\"url\":\"https:\/\/tatco.vn\/en\/\",\"logo\":{\"@type\":\"ImageObject\",\"inLanguage\":\"vi\",\"@id\":\"https:\/\/tatco.vn\/en\/#\/schema\/logo\/image\/\",\"url\":\"https:\/\/tatco.vn\/wp-content\/uploads\/2019\/05\/fav-ico.png\",\"contentUrl\":\"https:\/\/tatco.vn\/wp-content\/uploads\/2019\/05\/fav-ico.png\",\"width\":200,\"height\":200,\"caption\":\"C\u00f4ng Ty TNHH D\u1ea7u Nh\u1eddn T&T Vi\u1ec7t Nam\"},\"image\":{\"@id\":\"https:\/\/tatco.vn\/en\/#\/schema\/logo\/image\/\"}}]}<\/script>\n<!-- \/ Yoast SEO plugin. -->","yoast_head_json":{"title":"D\u1ea7u b\u00e1nh r\u0103ng Mobilgear SHC XMP 320 - C\u00f4ng Ty TNHH D\u1ea7u Nh\u1eddn T&amp;T Vi\u1ec7t Nam","description":"Mobilgear SHC XMP 320\u00a0l\u00e0 lo\u1ea1i d\u1ea7u b\u00e1nh r\u0103ng c\u00f4ng nghi\u1ec7p t\u1ed5ng h\u1ee3p cao c\u1ea5p \u0111\u01b0\u1ee3c thi\u1ebft k\u1ebf \u0111\u1ec3 b\u1ea3o v\u1ec7 thi\u1ebft b\u1ecb t\u1ed1i \u01b0u ngay c\u1ea3 d\u01b0\u1edbi \u0111i\u1ec1u ki\u1ec7n kh\u1eafc nghi\u1ec7t.","robots":{"index":"index","follow":"follow","max-snippet":"max-snippet:-1","max-image-preview":"max-image-preview:large","max-video-preview":"max-video-preview:-1"},"canonical":"https:\/\/tatco.vn\/vi\/san-pham\/mobilgear-shc-xmp-320\/","og_locale":"vi_VN","og_type":"article","og_title":"D\u1ea7u b\u00e1nh r\u0103ng Mobilgear SHC XMP 320 - C\u00f4ng Ty TNHH D\u1ea7u Nh\u1eddn T&amp;T Vi\u1ec7t Nam","og_description":"Mobilgear SHC XMP 320\u00a0l\u00e0 lo\u1ea1i d\u1ea7u b\u00e1nh r\u0103ng c\u00f4ng nghi\u1ec7p t\u1ed5ng h\u1ee3p cao c\u1ea5p \u0111\u01b0\u1ee3c thi\u1ebft k\u1ebf \u0111\u1ec3 b\u1ea3o v\u1ec7 thi\u1ebft b\u1ecb t\u1ed1i \u01b0u ngay c\u1ea3 d\u01b0\u1edbi \u0111i\u1ec1u ki\u1ec7n kh\u1eafc nghi\u1ec7t.","og_url":"https:\/\/tatco.vn\/vi\/san-pham\/mobilgear-shc-xmp-320\/","og_site_name":"C\u00f4ng Ty TNHH D\u1ea7u Nh\u1eddn T&amp;T Vi\u1ec7t Nam","article_modified_time":"2020-12-23T06:49:15+00:00","og_image":[{"width":1200,"height":1200,"url":"https:\/\/tatco.vn\/wp-content\/uploads\/2019\/06\/dau-nhot-mobil-mobil-oil-white.png","type":"image\/png"}],"twitter_card":"summary_large_image","twitter_misc":{"\u01af\u1edbc t\u00ednh th\u1eddi gian \u0111\u1ecdc":"6 ph\u00fat"},"schema":{"@context":"https:\/\/schema.org","@graph":[{"@type":"WebPage","@id":"https:\/\/tatco.vn\/vi\/san-pham\/mobilgear-shc-xmp-320\/","url":"https:\/\/tatco.vn\/vi\/san-pham\/mobilgear-shc-xmp-320\/","name":"D\u1ea7u b\u00e1nh r\u0103ng Mobilgear SHC XMP 320 - C\u00f4ng Ty TNHH D\u1ea7u Nh\u1eddn T&amp;T Vi\u1ec7t Nam","isPartOf":{"@id":"https:\/\/tatco.vn\/en\/#website"},"primaryImageOfPage":{"@id":"https:\/\/tatco.vn\/vi\/san-pham\/mobilgear-shc-xmp-320\/#primaryimage"},"image":{"@id":"https:\/\/tatco.vn\/vi\/san-pham\/mobilgear-shc-xmp-320\/#primaryimage"},"thumbnailUrl":"https:\/\/tatco.vn\/wp-content\/uploads\/2019\/06\/dau-nhot-mobil-mobil-oil-white.png","datePublished":"2019-06-02T13:55:32+00:00","dateModified":"2020-12-23T06:49:15+00:00","description":"Mobilgear SHC XMP 320\u00a0l\u00e0 lo\u1ea1i d\u1ea7u b\u00e1nh r\u0103ng c\u00f4ng nghi\u1ec7p t\u1ed5ng h\u1ee3p cao c\u1ea5p \u0111\u01b0\u1ee3c thi\u1ebft k\u1ebf \u0111\u1ec3 b\u1ea3o v\u1ec7 thi\u1ebft b\u1ecb t\u1ed1i \u01b0u ngay c\u1ea3 d\u01b0\u1edbi \u0111i\u1ec1u ki\u1ec7n kh\u1eafc nghi\u1ec7t.","breadcrumb":{"@id":"https:\/\/tatco.vn\/vi\/san-pham\/mobilgear-shc-xmp-320\/#breadcrumb"},"inLanguage":"vi","potentialAction":[{"@type":"ReadAction","target":["https:\/\/tatco.vn\/vi\/san-pham\/mobilgear-shc-xmp-320\/"]}]},{"@type":"ImageObject","inLanguage":"vi","@id":"https:\/\/tatco.vn\/vi\/san-pham\/mobilgear-shc-xmp-320\/#primaryimage","url":"https:\/\/tatco.vn\/wp-content\/uploads\/2019\/06\/dau-nhot-mobil-mobil-oil-white.png","contentUrl":"https:\/\/tatco.vn\/wp-content\/uploads\/2019\/06\/dau-nhot-mobil-mobil-oil-white.png","width":1200,"height":1200,"caption":"dau nhot mobil mobil oil"},{"@type":"BreadcrumbList","@id":"https:\/\/tatco.vn\/vi\/san-pham\/mobilgear-shc-xmp-320\/#breadcrumb","itemListElement":[{"@type":"ListItem","position":1,"name":"Home","item":"https:\/\/tatco.vn\/"},{"@type":"ListItem","position":2,"name":"C\u1eeda h\u00e0ng","item":"https:\/\/tatco.vn\/en\/mua\/"},{"@type":"ListItem","position":3,"name":"D\u1ea7u b\u00e1nh r\u0103ng Mobilgear SHC XMP 320"}]},{"@type":"WebSite","@id":"https:\/\/tatco.vn\/en\/#website","url":"https:\/\/tatco.vn\/en\/","name":"C\u00f4ng Ty TNHH D\u1ea7u Nh\u1eddn T&amp;T Vi\u1ec7t Nam","description":"Right Point - Right Time - Best Solution","publisher":{"@id":"https:\/\/tatco.vn\/en\/#organization"},"potentialAction":[{"@type":"SearchAction","target":{"@type":"EntryPoint","urlTemplate":"https:\/\/tatco.vn\/en\/?s={search_term_string}"},"query-input":{"@type":"PropertyValueSpecification","valueRequired":true,"valueName":"search_term_string"}}],"inLanguage":"vi"},{"@type":"Organization","@id":"https:\/\/tatco.vn\/en\/#organization","name":"C\u00f4ng Ty TNHH D\u1ea7u Nh\u1eddn T&T Vi\u1ec7t Nam","url":"https:\/\/tatco.vn\/en\/","logo":{"@type":"ImageObject","inLanguage":"vi","@id":"https:\/\/tatco.vn\/en\/#\/schema\/logo\/image\/","url":"https:\/\/tatco.vn\/wp-content\/uploads\/2019\/05\/fav-ico.png","contentUrl":"https:\/\/tatco.vn\/wp-content\/uploads\/2019\/05\/fav-ico.png","width":200,"height":200,"caption":"C\u00f4ng Ty TNHH D\u1ea7u Nh\u1eddn T&T Vi\u1ec7t Nam"},"image":{"@id":"https:\/\/tatco.vn\/en\/#\/schema\/logo\/image\/"}}]}},"_links":{"self":[{"href":"https:\/\/tatco.vn\/vi\/wp-json\/wp\/v2\/product\/8439","targetHints":{"allow":["GET"]}}],"collection":[{"href":"https:\/\/tatco.vn\/vi\/wp-json\/wp\/v2\/product"}],"about":[{"href":"https:\/\/tatco.vn\/vi\/wp-json\/wp\/v2\/types\/product"}],"replies":[{"embeddable":true,"href":"https:\/\/tatco.vn\/vi\/wp-json\/wp\/v2\/comments?post=8439"}],"version-history":[{"count":0,"href":"https:\/\/tatco.vn\/vi\/wp-json\/wp\/v2\/product\/8439\/revisions"}],"wp:featuredmedia":[{"embeddable":true,"href":"https:\/\/tatco.vn\/vi\/wp-json\/wp\/v2\/media\/26973"}],"wp:attachment":[{"href":"https:\/\/tatco.vn\/vi\/wp-json\/wp\/v2\/media?parent=8439"}],"wp:term":[{"taxonomy":"product_cat","embeddable":true,"href":"https:\/\/tatco.vn\/vi\/wp-json\/wp\/v2\/product_cat?post=8439"},{"taxonomy":"product_tag","embeddable":true,"href":"https:\/\/tatco.vn\/vi\/wp-json\/wp\/v2\/product_tag?post=8439"}],"curies":[{"name":"wp","href":"https:\/\/api.w.org\/{rel}","templated":true}]}}