{"id":8029,"date":"2019-05-10T17:54:54","date_gmt":"2019-05-10T10:54:54","guid":{"rendered":"https:\/\/tatco.vn\/?post_type=product&#038;p=8029"},"modified":"2020-12-23T14:49:07","modified_gmt":"2020-12-23T07:49:07","slug":"mobil-glygoyle-460","status":"publish","type":"product","link":"https:\/\/tatco.vn\/vi\/san-pham\/dau-mobil-glygoyle-460\/","title":{"rendered":"Mobil Glygoyle 460"},"content":{"rendered":"<section class=\"wpb-content-wrapper\"><p>[vc_row][vc_column][vc_column_text]<\/p>\n<h2><strong>Mobil Glygoyle 460<\/strong>:<\/h2>\n<p><strong>Mobil Glygoyle 460<\/strong> L\u00e0 d\u00f2ng s\u1ea3n ph\u1ea9m b\u00f4i tr\u01a1n t\u1ed5ng h\u1ee3p cao c\u1ea5p d\u00e0nh cho \u1ed5 tr\u1ee5c, b\u00e1nh r\u0103ng, m\u00e1y n\u00e9n gi\u00fap b\u1ea3o v\u1ec7 v\u00e0 t\u0103ng c\u01b0\u1eddng tu\u1ed5i th\u1ecd thi\u1ebft b\u1ecb<\/p>\n<h4>\u0110\u1eb7c t\u00ednh :<\/h4>\n<ul>\n<li>\u1ed4n \u0111\u1ecbnh nhi\u1ec7t v\u00e0 ch\u1ed1ng oxy h\u00f3a<\/li>\n<li>Ch\u1ed1ng g\u1ec9, \u0103n m\u00f2n<\/li>\n<li>D\u1eabn nhi\u1ec7t cao<\/li>\n<li>\u0110\u1ed9 nh\u1edbt cao<\/li>\n<li>H\u1ec7 s\u1ed1 ma s\u00e1t th\u1ea5p<\/li>\n<\/ul>\n<h4>\u1ee8ng d\u1ee5ng :<\/h4>\n<ul>\n<li>H\u1ed9p s\u1ed1 c\u00f3 hi\u1ec7u su\u1ea5t th\u1ea5p, t\u1ec9 l\u1ec7 m\u00e0i m\u00f2n cao<\/li>\n<li>B\u00e1nh r\u0103ng d\u1ec5 b\u1ecb m\u00e0i m\u00f2n nh\u01b0 trong b\u0103ng t\u1ea3i, thang cu\u1ed1n, m\u00e1y \u0111\u00f3ng g\u00f3i, thang m\u00e1y tr\u01b0\u1ee3t tuy\u1ebft, v\u00e0 m\u00e1y tr\u1ed9n<\/li>\n<li>\u1ee8ng d\u1ee5ng trong ng\u00e0nh xi m\u0103ng, kim lo\u1ea1i, nh\u1ef1a, th\u1ef1c ph\u1ea9m v\u00e0 c\u00e1c ng\u00e0nh c\u00f4ng nghi\u1ec7p d\u1ec7t may<\/li>\n<li>C\u00e1c lo\u1ea1i m\u00e1y n\u00e9n kh\u00ed.<\/li>\n<\/ul>\n<h4>Th\u00f4ng s\u1ed1 k\u1ef9 thu\u1eadt v\u00e0 ch\u1ee9ng nh\u1eadn:<\/h4>\n<div class=\"table-responsive\">\n<table class=\"table table-striped\">\n<colgroup>\n<col \/>\n<col \/>\n<col \/>\n<col \/><\/colgroup>\n<tbody>\n<tr>\n<td style=\"text-align: left;\">Mobil Glygoyle Series meets or exceeds the requirements of:<\/td>\n<td>68<\/td>\n<td>100<\/td>\n<td>150<\/td>\n<td>220<\/td>\n<td>320<\/td>\n<td>460<\/td>\n<td>680<\/td>\n<td>1000<\/td>\n<\/tr>\n<tr>\n<td style=\"text-align: left;\">FDA 21 CFR 178.3570<\/td>\n<td>&#8211;<\/td>\n<td>&#8211;<\/td>\n<td>X<\/td>\n<td>X<\/td>\n<td>X<\/td>\n<td>X<\/td>\n<td>X<\/td>\n<td>X<\/td>\n<\/tr>\n<\/tbody>\n<\/table>\n<\/div>\n<p>&nbsp;<\/p>\n<div class=\"table-responsive\">\n<table class=\"table table-striped\">\n<colgroup>\n<col \/>\n<col \/>\n<col \/>\n<col \/><\/colgroup>\n<tbody>\n<tr>\n<td style=\"text-align: left;\">Mobil Glygoyle Series is registered to the requirements of:<\/td>\n<td>68<\/td>\n<td>100<\/td>\n<td>150<\/td>\n<td>220<\/td>\n<td>320<\/td>\n<td>460<\/td>\n<td>680<\/td>\n<td>1000<\/td>\n<\/tr>\n<tr>\n<td style=\"text-align: left;\">NSF H1<\/td>\n<td>&#8211;<\/td>\n<td>&#8211;<\/td>\n<td>X<\/td>\n<td>X<\/td>\n<td>X<\/td>\n<td>X<\/td>\n<td>X<\/td>\n<td>X<\/td>\n<\/tr>\n<tr>\n<td style=\"text-align: left;\">NSF Registration Number<\/td>\n<td>&#8211;<\/td>\n<td>&#8211;<\/td>\n<td>136572<\/td>\n<td>136642<\/td>\n<td>136643<\/td>\n<td>136467<\/td>\n<td>136468<\/td>\n<td>136470<\/td>\n<\/tr>\n<\/tbody>\n<\/table>\n<\/div>\n<p>&nbsp;<\/p>\n<div class=\"table-responsive\">\n<table class=\"table table-striped\">\n<tbody>\n<tr>\n<td style=\"text-align: left;\">Mobil Glygoyle Series has the following builder approvals:<\/td>\n<td>68<\/td>\n<td>100<\/td>\n<td>150<\/td>\n<td>220<\/td>\n<td>320<\/td>\n<td>460<\/td>\n<td>680<\/td>\n<td>1000<\/td>\n<\/tr>\n<tr>\n<td style=\"text-align: left;\">Fives Cincinnati<\/td>\n<td>&#8211;<\/td>\n<td>&#8211;<\/td>\n<td>&#8211;<\/td>\n<td>P-39<\/td>\n<td>&#8211;<\/td>\n<td>P-39<\/td>\n<td>&#8211;<\/td>\n<td>&#8211;<\/td>\n<\/tr>\n<\/tbody>\n<\/table>\n<\/div>\n<h2><\/h2>\n<h4>Thu\u1ed9c t\u00ednh:<\/h4>\n<div class=\"table-responsive\">\n<table class=\"table table-striped\">\n<tbody>\n<tr>\n<td style=\"text-align: left;\">Mobil Glygoyle Series<\/td>\n<td>68<\/td>\n<td>100<\/td>\n<td>150<\/td>\n<td>220<\/td>\n<td>320<\/td>\n<td>460<\/td>\n<td>680<\/td>\n<td>1000<\/td>\n<\/tr>\n<tr>\n<td style=\"text-align: left;\">ISO VG grade<\/td>\n<td>68<\/td>\n<td>100<\/td>\n<td>150<\/td>\n<td>220<\/td>\n<td>320<\/td>\n<td>460<\/td>\n<td>680<\/td>\n<td>1000<\/td>\n<\/tr>\n<tr>\n<td style=\"text-align: left;\">Viscosity, ASTM D 445<\/td>\n<td><\/td>\n<td><\/td>\n<td><\/td>\n<td><\/td>\n<td><\/td>\n<td><\/td>\n<td><\/td>\n<td><\/td>\n<\/tr>\n<tr>\n<td style=\"text-align: left;\">cSt @ 40 \u00baC<\/td>\n<td>68.0<\/td>\n<td>100.0<\/td>\n<td>150.0<\/td>\n<td>220.0<\/td>\n<td>320.0<\/td>\n<td>460.0<\/td>\n<td>680.0<\/td>\n<td>1000.0<\/td>\n<\/tr>\n<tr>\n<td style=\"text-align: left;\">cSt @ 100 \u00baC<\/td>\n<td>11.8<\/td>\n<td>17.3<\/td>\n<td>26.1<\/td>\n<td>38.1<\/td>\n<td>55.2<\/td>\n<td>77.2<\/td>\n<td>112.4<\/td>\n<td>165.8<\/td>\n<\/tr>\n<tr>\n<td style=\"text-align: left;\">Viscosity Index, ASTM D 2270<\/td>\n<td>170<\/td>\n<td>190<\/td>\n<td>210<\/td>\n<td>225<\/td>\n<td>240<\/td>\n<td>250<\/td>\n<td>265<\/td>\n<td>285<\/td>\n<\/tr>\n<tr>\n<td style=\"text-align: left;\">Density 15 \u00b0C ASTM D4052<\/td>\n<td>1.079<\/td>\n<td>1.079<\/td>\n<td>1.078<\/td>\n<td>1.077<\/td>\n<td>1.077<\/td>\n<td>1.076<\/td>\n<td>1.076<\/td>\n<td>1.076<\/td>\n<\/tr>\n<tr>\n<td style=\"text-align: left;\">Pour Point, ASTM D 97, \u00b0C<\/td>\n<td>-30<\/td>\n<td>-30<\/td>\n<td>-33<\/td>\n<td>-33<\/td>\n<td>-33<\/td>\n<td>-33<\/td>\n<td>-33<\/td>\n<td>-33<\/td>\n<\/tr>\n<tr>\n<td style=\"text-align: left;\">Flash Point, ASTM D 92, \u00b0C<\/td>\n<td>265<\/td>\n<td>265<\/td>\n<td>265<\/td>\n<td>265<\/td>\n<td>265<\/td>\n<td>265<\/td>\n<td>265<\/td>\n<td>260<\/td>\n<\/tr>\n<tr>\n<td style=\"text-align: left;\">Copper Strip Corrosion, ASTM D 130 100 \u00b0C, 24 hours<\/td>\n<td>1B<\/td>\n<td>1B<\/td>\n<td>1B<\/td>\n<td>1B<\/td>\n<td>1B<\/td>\n<td>1B<\/td>\n<td>1B<\/td>\n<td>1B<\/td>\n<\/tr>\n<tr>\n<td style=\"text-align: left;\">Rust Protection, ASTM D 665 distilled water<\/td>\n<td>Pass<\/td>\n<td>Pass<\/td>\n<td>Pass<\/td>\n<td>Pass<\/td>\n<td>Pass<\/td>\n<td>Pass<\/td>\n<td>Pass<\/td>\n<td>Pass<\/td>\n<\/tr>\n<tr>\n<td style=\"text-align: left;\">Four Ball Wear, ASTM D 4172, mm Wear Scar Diameter<\/td>\n<td>0.4<\/td>\n<td>0.4<\/td>\n<td>0.4<\/td>\n<td>0.4<\/td>\n<td>0.4<\/td>\n<td>0.4<\/td>\n<td>0.4<\/td>\n<td>0.4<\/td>\n<\/tr>\n<tr>\n<td style=\"text-align: left;\">FZG Scuffing Test, ISO Fail Load Stage<\/td>\n<td>10<\/td>\n<td>12+<\/td>\n<td>12+<\/td>\n<td>12+<\/td>\n<td>12+<\/td>\n<td>12+<\/td>\n<td>12+<\/td>\n<td>12+<\/td>\n<\/tr>\n<\/tbody>\n<\/table>\n<\/div>\n<h4><a href=\"https:\/\/www.mobil.com\/English-US\/Industrial\/pds\/GLXXMobil-Glygoyle-Series-Oils\">T\u00e0i li\u1ec7u tham kh\u1ea3o Mobil Glygoyle\u2122 Series: Click v\u00e0o \u0111\u00e2y.<\/a><\/h4>\n<p><a href=\"https:\/\/tatco.vn\/vi\/danh-muc-san-pham\/dau-nhot-mobil\/dau-nhot-cong-nghiep-mobil\/dau-banh-rang-mobil\/dau-banh-rang-mobil-glygoyle-series\/\">X\u00eam th\u00eam danh m\u1ee5c Mobil Glygoyle\u2122 Series: Click t\u1ea1i \u0111\u00e2y.<\/a>[\/vc_column_text][\/vc_column][\/vc_row]<\/p>\n<\/section>","protected":false},"excerpt":{"rendered":"<p><strong>Mobil Glygoyle \u2122 460<\/strong> l\u00e0 d\u00f2ng s\u1ea3n ph\u1ea9m b\u00f4i tr\u01a1n t\u1ed5ng h\u1ee3p cao c\u1ea5p d\u00e0nh cho \u1ed5 tr\u1ee5c, b\u00e1nh r\u0103ng, m\u00e1y n\u00e9n gi\u00fap b\u1ea3o v\u1ec7 v\u00e0 t\u0103ng c\u01b0\u1eddng tu\u1ed5i th\u1ecd thi\u1ebft b\u1ecb.<\/p>\n","protected":false},"featured_media":26973,"comment_status":"open","ping_status":"closed","template":"","meta":[],"product_cat":[366,502,374,361],"product_tag":[636,410,638],"class_list":{"0":"post-8029","1":"product","2":"type-product","3":"status-publish","4":"has-post-thumbnail","6":"product_brand-mobil","7":"product_cat-dau-banh-rang-mobil-gear-oil","8":"product_cat-mobil-glygoyle-series","9":"product_cat-mobil-industrial-oil","10":"product_cat-mobil-oil","11":"product_tag-dau-banh-rang","12":"product_tag-mobil-glygoyle-460","13":"product_tag-mobil-glygoyle-series","15":"first","16":"instock","17":"shipping-taxable","18":"purchasable","19":"product-type-simple"},"yoast_head":"<!-- This site is optimized with the Yoast SEO plugin v27.2 - https:\/\/yoast.com\/product\/yoast-seo-wordpress\/ -->\n<title>Mobil Glygoyle 460 - C\u00f4ng Ty TNHH D\u1ea7u Nh\u1eddn T&amp;T Vi\u1ec7t Nam<\/title>\n<meta name=\"description\" content=\"Mobil Glygoyle 460 l\u00e0 d\u00f2ng s\u1ea3n ph\u1ea9m b\u00f4i tr\u01a1n t\u1ed5ng h\u1ee3p cao c\u1ea5p d\u00e0nh cho \u1ed5 tr\u1ee5c, b\u00e1nh r\u0103ng, m\u00e1y n\u00e9n gi\u00fap b\u1ea3o v\u1ec7 v\u00e0 t\u0103ng c\u01b0\u1eddng tu\u1ed5i th\u1ecd thi\u1ebft b\u1ecb.\" \/>\n<meta name=\"robots\" content=\"index, follow, max-snippet:-1, max-image-preview:large, max-video-preview:-1\" \/>\n<link rel=\"canonical\" href=\"https:\/\/tatco.vn\/vi\/san-pham\/mobil-glygoyle-460\/\" \/>\n<meta property=\"og:locale\" content=\"vi_VN\" \/>\n<meta property=\"og:type\" content=\"article\" \/>\n<meta property=\"og:title\" content=\"Mobil Glygoyle 460 - C\u00f4ng Ty TNHH D\u1ea7u Nh\u1eddn T&amp;T Vi\u1ec7t Nam\" \/>\n<meta property=\"og:description\" content=\"Mobil Glygoyle 460 l\u00e0 d\u00f2ng s\u1ea3n ph\u1ea9m b\u00f4i tr\u01a1n t\u1ed5ng h\u1ee3p cao c\u1ea5p d\u00e0nh cho \u1ed5 tr\u1ee5c, b\u00e1nh r\u0103ng, m\u00e1y n\u00e9n gi\u00fap b\u1ea3o v\u1ec7 v\u00e0 t\u0103ng c\u01b0\u1eddng tu\u1ed5i th\u1ecd thi\u1ebft b\u1ecb.\" \/>\n<meta property=\"og:url\" content=\"https:\/\/tatco.vn\/vi\/san-pham\/mobil-glygoyle-460\/\" \/>\n<meta property=\"og:site_name\" content=\"C\u00f4ng Ty TNHH D\u1ea7u Nh\u1eddn T&amp;T Vi\u1ec7t Nam\" \/>\n<meta property=\"article:modified_time\" content=\"2020-12-23T07:49:07+00:00\" \/>\n<meta property=\"og:image\" content=\"https:\/\/tatco.vn\/wp-content\/uploads\/2019\/06\/dau-nhot-mobil-mobil-oil-white.png\" \/>\n\t<meta property=\"og:image:width\" content=\"1200\" \/>\n\t<meta property=\"og:image:height\" content=\"1200\" \/>\n\t<meta property=\"og:image:type\" content=\"image\/png\" \/>\n<meta name=\"twitter:card\" content=\"summary_large_image\" \/>\n<meta name=\"twitter:label1\" content=\"\u01af\u1edbc t\u00ednh th\u1eddi gian \u0111\u1ecdc\" \/>\n\t<meta name=\"twitter:data1\" content=\"10 ph\u00fat\" \/>\n<script type=\"application\/ld+json\" class=\"yoast-schema-graph\">{\"@context\":\"https:\/\/schema.org\",\"@graph\":[{\"@type\":\"WebPage\",\"@id\":\"https:\/\/tatco.vn\/vi\/san-pham\/mobil-glygoyle-460\/\",\"url\":\"https:\/\/tatco.vn\/vi\/san-pham\/mobil-glygoyle-460\/\",\"name\":\"Mobil Glygoyle 460 - C\u00f4ng Ty TNHH D\u1ea7u Nh\u1eddn T&amp;T Vi\u1ec7t Nam\",\"isPartOf\":{\"@id\":\"https:\/\/tatco.vn\/en\/#website\"},\"primaryImageOfPage\":{\"@id\":\"https:\/\/tatco.vn\/vi\/san-pham\/mobil-glygoyle-460\/#primaryimage\"},\"image\":{\"@id\":\"https:\/\/tatco.vn\/vi\/san-pham\/mobil-glygoyle-460\/#primaryimage\"},\"thumbnailUrl\":\"https:\/\/tatco.vn\/wp-content\/uploads\/2019\/06\/dau-nhot-mobil-mobil-oil-white.png\",\"datePublished\":\"2019-05-10T10:54:54+00:00\",\"dateModified\":\"2020-12-23T07:49:07+00:00\",\"description\":\"Mobil Glygoyle 460 l\u00e0 d\u00f2ng s\u1ea3n ph\u1ea9m b\u00f4i tr\u01a1n t\u1ed5ng h\u1ee3p cao c\u1ea5p d\u00e0nh cho \u1ed5 tr\u1ee5c, b\u00e1nh r\u0103ng, m\u00e1y n\u00e9n gi\u00fap b\u1ea3o v\u1ec7 v\u00e0 t\u0103ng c\u01b0\u1eddng tu\u1ed5i th\u1ecd thi\u1ebft b\u1ecb.\",\"breadcrumb\":{\"@id\":\"https:\/\/tatco.vn\/vi\/san-pham\/mobil-glygoyle-460\/#breadcrumb\"},\"inLanguage\":\"vi\",\"potentialAction\":[{\"@type\":\"ReadAction\",\"target\":[\"https:\/\/tatco.vn\/vi\/san-pham\/mobil-glygoyle-460\/\"]}]},{\"@type\":\"ImageObject\",\"inLanguage\":\"vi\",\"@id\":\"https:\/\/tatco.vn\/vi\/san-pham\/mobil-glygoyle-460\/#primaryimage\",\"url\":\"https:\/\/tatco.vn\/wp-content\/uploads\/2019\/06\/dau-nhot-mobil-mobil-oil-white.png\",\"contentUrl\":\"https:\/\/tatco.vn\/wp-content\/uploads\/2019\/06\/dau-nhot-mobil-mobil-oil-white.png\",\"width\":1200,\"height\":1200,\"caption\":\"dau nhot mobil mobil oil\"},{\"@type\":\"BreadcrumbList\",\"@id\":\"https:\/\/tatco.vn\/vi\/san-pham\/mobil-glygoyle-460\/#breadcrumb\",\"itemListElement\":[{\"@type\":\"ListItem\",\"position\":1,\"name\":\"Home\",\"item\":\"https:\/\/tatco.vn\/\"},{\"@type\":\"ListItem\",\"position\":2,\"name\":\"C\u1eeda h\u00e0ng\",\"item\":\"https:\/\/tatco.vn\/en\/mua\/\"},{\"@type\":\"ListItem\",\"position\":3,\"name\":\"Mobil Glygoyle 460\"}]},{\"@type\":\"WebSite\",\"@id\":\"https:\/\/tatco.vn\/en\/#website\",\"url\":\"https:\/\/tatco.vn\/en\/\",\"name\":\"C\u00f4ng Ty TNHH D\u1ea7u Nh\u1eddn T&amp;T Vi\u1ec7t Nam\",\"description\":\"Right Point - Right Time - Best Solution\",\"publisher\":{\"@id\":\"https:\/\/tatco.vn\/en\/#organization\"},\"potentialAction\":[{\"@type\":\"SearchAction\",\"target\":{\"@type\":\"EntryPoint\",\"urlTemplate\":\"https:\/\/tatco.vn\/en\/?s={search_term_string}\"},\"query-input\":{\"@type\":\"PropertyValueSpecification\",\"valueRequired\":true,\"valueName\":\"search_term_string\"}}],\"inLanguage\":\"vi\"},{\"@type\":\"Organization\",\"@id\":\"https:\/\/tatco.vn\/en\/#organization\",\"name\":\"C\u00f4ng Ty TNHH D\u1ea7u Nh\u1eddn T&T Vi\u1ec7t Nam\",\"url\":\"https:\/\/tatco.vn\/en\/\",\"logo\":{\"@type\":\"ImageObject\",\"inLanguage\":\"vi\",\"@id\":\"https:\/\/tatco.vn\/en\/#\/schema\/logo\/image\/\",\"url\":\"https:\/\/tatco.vn\/wp-content\/uploads\/2019\/05\/fav-ico.png\",\"contentUrl\":\"https:\/\/tatco.vn\/wp-content\/uploads\/2019\/05\/fav-ico.png\",\"width\":200,\"height\":200,\"caption\":\"C\u00f4ng Ty TNHH D\u1ea7u Nh\u1eddn T&T Vi\u1ec7t Nam\"},\"image\":{\"@id\":\"https:\/\/tatco.vn\/en\/#\/schema\/logo\/image\/\"}}]}<\/script>\n<!-- \/ Yoast SEO plugin. -->","yoast_head_json":{"title":"Mobil Glygoyle 460 - C\u00f4ng Ty TNHH D\u1ea7u Nh\u1eddn T&amp;T Vi\u1ec7t Nam","description":"Mobil Glygoyle 460 l\u00e0 d\u00f2ng s\u1ea3n ph\u1ea9m b\u00f4i tr\u01a1n t\u1ed5ng h\u1ee3p cao c\u1ea5p d\u00e0nh cho \u1ed5 tr\u1ee5c, b\u00e1nh r\u0103ng, m\u00e1y n\u00e9n gi\u00fap b\u1ea3o v\u1ec7 v\u00e0 t\u0103ng c\u01b0\u1eddng tu\u1ed5i th\u1ecd thi\u1ebft b\u1ecb.","robots":{"index":"index","follow":"follow","max-snippet":"max-snippet:-1","max-image-preview":"max-image-preview:large","max-video-preview":"max-video-preview:-1"},"canonical":"https:\/\/tatco.vn\/vi\/san-pham\/mobil-glygoyle-460\/","og_locale":"vi_VN","og_type":"article","og_title":"Mobil Glygoyle 460 - C\u00f4ng Ty TNHH D\u1ea7u Nh\u1eddn T&amp;T Vi\u1ec7t Nam","og_description":"Mobil Glygoyle 460 l\u00e0 d\u00f2ng s\u1ea3n ph\u1ea9m b\u00f4i tr\u01a1n t\u1ed5ng h\u1ee3p cao c\u1ea5p d\u00e0nh cho \u1ed5 tr\u1ee5c, b\u00e1nh r\u0103ng, m\u00e1y n\u00e9n gi\u00fap b\u1ea3o v\u1ec7 v\u00e0 t\u0103ng c\u01b0\u1eddng tu\u1ed5i th\u1ecd thi\u1ebft b\u1ecb.","og_url":"https:\/\/tatco.vn\/vi\/san-pham\/mobil-glygoyle-460\/","og_site_name":"C\u00f4ng Ty TNHH D\u1ea7u Nh\u1eddn T&amp;T Vi\u1ec7t Nam","article_modified_time":"2020-12-23T07:49:07+00:00","og_image":[{"width":1200,"height":1200,"url":"https:\/\/tatco.vn\/wp-content\/uploads\/2019\/06\/dau-nhot-mobil-mobil-oil-white.png","type":"image\/png"}],"twitter_card":"summary_large_image","twitter_misc":{"\u01af\u1edbc t\u00ednh th\u1eddi gian \u0111\u1ecdc":"10 ph\u00fat"},"schema":{"@context":"https:\/\/schema.org","@graph":[{"@type":"WebPage","@id":"https:\/\/tatco.vn\/vi\/san-pham\/mobil-glygoyle-460\/","url":"https:\/\/tatco.vn\/vi\/san-pham\/mobil-glygoyle-460\/","name":"Mobil Glygoyle 460 - C\u00f4ng Ty TNHH D\u1ea7u Nh\u1eddn T&amp;T Vi\u1ec7t Nam","isPartOf":{"@id":"https:\/\/tatco.vn\/en\/#website"},"primaryImageOfPage":{"@id":"https:\/\/tatco.vn\/vi\/san-pham\/mobil-glygoyle-460\/#primaryimage"},"image":{"@id":"https:\/\/tatco.vn\/vi\/san-pham\/mobil-glygoyle-460\/#primaryimage"},"thumbnailUrl":"https:\/\/tatco.vn\/wp-content\/uploads\/2019\/06\/dau-nhot-mobil-mobil-oil-white.png","datePublished":"2019-05-10T10:54:54+00:00","dateModified":"2020-12-23T07:49:07+00:00","description":"Mobil Glygoyle 460 l\u00e0 d\u00f2ng s\u1ea3n ph\u1ea9m b\u00f4i tr\u01a1n t\u1ed5ng h\u1ee3p cao c\u1ea5p d\u00e0nh cho \u1ed5 tr\u1ee5c, b\u00e1nh r\u0103ng, m\u00e1y n\u00e9n gi\u00fap b\u1ea3o v\u1ec7 v\u00e0 t\u0103ng c\u01b0\u1eddng tu\u1ed5i th\u1ecd thi\u1ebft b\u1ecb.","breadcrumb":{"@id":"https:\/\/tatco.vn\/vi\/san-pham\/mobil-glygoyle-460\/#breadcrumb"},"inLanguage":"vi","potentialAction":[{"@type":"ReadAction","target":["https:\/\/tatco.vn\/vi\/san-pham\/mobil-glygoyle-460\/"]}]},{"@type":"ImageObject","inLanguage":"vi","@id":"https:\/\/tatco.vn\/vi\/san-pham\/mobil-glygoyle-460\/#primaryimage","url":"https:\/\/tatco.vn\/wp-content\/uploads\/2019\/06\/dau-nhot-mobil-mobil-oil-white.png","contentUrl":"https:\/\/tatco.vn\/wp-content\/uploads\/2019\/06\/dau-nhot-mobil-mobil-oil-white.png","width":1200,"height":1200,"caption":"dau nhot mobil mobil oil"},{"@type":"BreadcrumbList","@id":"https:\/\/tatco.vn\/vi\/san-pham\/mobil-glygoyle-460\/#breadcrumb","itemListElement":[{"@type":"ListItem","position":1,"name":"Home","item":"https:\/\/tatco.vn\/"},{"@type":"ListItem","position":2,"name":"C\u1eeda h\u00e0ng","item":"https:\/\/tatco.vn\/en\/mua\/"},{"@type":"ListItem","position":3,"name":"Mobil Glygoyle 460"}]},{"@type":"WebSite","@id":"https:\/\/tatco.vn\/en\/#website","url":"https:\/\/tatco.vn\/en\/","name":"C\u00f4ng Ty TNHH D\u1ea7u Nh\u1eddn T&amp;T Vi\u1ec7t Nam","description":"Right Point - Right Time - Best Solution","publisher":{"@id":"https:\/\/tatco.vn\/en\/#organization"},"potentialAction":[{"@type":"SearchAction","target":{"@type":"EntryPoint","urlTemplate":"https:\/\/tatco.vn\/en\/?s={search_term_string}"},"query-input":{"@type":"PropertyValueSpecification","valueRequired":true,"valueName":"search_term_string"}}],"inLanguage":"vi"},{"@type":"Organization","@id":"https:\/\/tatco.vn\/en\/#organization","name":"C\u00f4ng Ty TNHH D\u1ea7u Nh\u1eddn T&T Vi\u1ec7t Nam","url":"https:\/\/tatco.vn\/en\/","logo":{"@type":"ImageObject","inLanguage":"vi","@id":"https:\/\/tatco.vn\/en\/#\/schema\/logo\/image\/","url":"https:\/\/tatco.vn\/wp-content\/uploads\/2019\/05\/fav-ico.png","contentUrl":"https:\/\/tatco.vn\/wp-content\/uploads\/2019\/05\/fav-ico.png","width":200,"height":200,"caption":"C\u00f4ng Ty TNHH D\u1ea7u Nh\u1eddn T&T Vi\u1ec7t Nam"},"image":{"@id":"https:\/\/tatco.vn\/en\/#\/schema\/logo\/image\/"}}]}},"_links":{"self":[{"href":"https:\/\/tatco.vn\/vi\/wp-json\/wp\/v2\/product\/8029","targetHints":{"allow":["GET"]}}],"collection":[{"href":"https:\/\/tatco.vn\/vi\/wp-json\/wp\/v2\/product"}],"about":[{"href":"https:\/\/tatco.vn\/vi\/wp-json\/wp\/v2\/types\/product"}],"replies":[{"embeddable":true,"href":"https:\/\/tatco.vn\/vi\/wp-json\/wp\/v2\/comments?post=8029"}],"version-history":[{"count":0,"href":"https:\/\/tatco.vn\/vi\/wp-json\/wp\/v2\/product\/8029\/revisions"}],"wp:featuredmedia":[{"embeddable":true,"href":"https:\/\/tatco.vn\/vi\/wp-json\/wp\/v2\/media\/26973"}],"wp:attachment":[{"href":"https:\/\/tatco.vn\/vi\/wp-json\/wp\/v2\/media?parent=8029"}],"wp:term":[{"taxonomy":"product_cat","embeddable":true,"href":"https:\/\/tatco.vn\/vi\/wp-json\/wp\/v2\/product_cat?post=8029"},{"taxonomy":"product_tag","embeddable":true,"href":"https:\/\/tatco.vn\/vi\/wp-json\/wp\/v2\/product_tag?post=8029"}],"curies":[{"name":"wp","href":"https:\/\/api.w.org\/{rel}","templated":true}]}}