{"id":8008,"date":"2019-05-08T22:40:58","date_gmt":"2019-05-08T15:40:58","guid":{"rendered":"https:\/\/tatco.vn\/?post_type=product&#038;p=8008"},"modified":"2021-06-29T19:19:05","modified_gmt":"2021-06-29T12:19:05","slug":"mobil-shc-gear-680","status":"publish","type":"product","link":"https:\/\/tatco.vn\/vi\/san-pham\/dau-mobil-shc-gear-680\/","title":{"rendered":"Mobil SHC Gear 680"},"content":{"rendered":"<section class=\"wpb-content-wrapper\"><p>[vc_row][vc_column][vc_column_text]<\/p>\n<h2><strong>Mobil SHC Gear 680:<\/strong><\/h2>\n<p><strong>Mobil SHC Gear 680 <\/strong>l\u00e0 d\u1ea7u h\u1ed9p s\u1ed1 c\u00f4ng nghi\u1ec7p t\u1ed5ng h\u1ee3p cao c\u1ea5p \u0111\u01b0\u1ee3c thi\u1ebft k\u1ebf \u0111\u1ec3 b\u1ea3o v\u1ec7 xu\u1ea5t b\u00e1nh r\u0103ng v\u00e0 v\u00f2ng bi trong th\u1eddi gian d\u00e0i ngay c\u1ea3 d\u01b0\u1edbi \u0111i\u1ec1u ki\u1ec7n kh\u1eafc nghi\u1ec7t.<\/p>\n<h4><strong>\u0110\u1eb7c t\u00ednh:<\/strong><\/h4>\n<ul>\n<li>\u1ed4n \u0111\u1ecbnh nhi\u1ec7t v\u00e0 ch\u1ed1ng oxy h\u00f3a<\/li>\n<li>Ch\u1ed1ng g\u1ec9, \u0103n m\u00f2n<\/li>\n<li>Kh\u1eed nh\u0169 t\u01b0\u01a1ng t\u1ed1t<\/li>\n<li>\u0110\u1ed9 nh\u1edbt cao<\/li>\n<li>H\u1ec7 s\u1ed1 ma s\u00e1t th\u1ea5p<\/li>\n<\/ul>\n<h4><strong>\u1ee8ng d\u1ee5ng:<\/strong><\/h4>\n<ul>\n<li>H\u1ed9p s\u1ed1 t\u1ea3i cao hi\u1ec7n \u0111\u1ea1i \u0111\u01b0\u1ee3c s\u1eed d\u1ee5ng trong c\u00e1c ng\u00e0nh c\u00f4ng nghi\u1ec7p gi\u1ea5y, th\u00e9p, d\u1ea7u, d\u1ec7t may, g\u1ed7, xi m\u0103ng<\/li>\n<li>H\u1ed9p s\u1ed1 c\u1ee7a m\u00e1y \u0111\u00f9n nh\u1ef1a.<\/li>\n<\/ul>\n<h4>Th\u00f4ng s\u1ed1 k\u1ef9 thu\u1eadt v\u00e0 ph\u00ea duy\u1ec7t:<\/h4>\n<div class=\"table-responsive\">\n<table class=\"table table-striped\">\n<tbody>\n<tr>\n<td style=\"text-align: left;\">Mobil SHC Gear meets or exceeds the following industry specifications<\/td>\n<td>150<\/td>\n<td>220<\/td>\n<td>320<\/td>\n<td>460<\/td>\n<td>680<\/td>\n<td>1000<\/td>\n<\/tr>\n<tr>\n<td style=\"text-align: left;\">Meets AGMA 9005-E02<\/td>\n<td>X<\/td>\n<td>X<\/td>\n<td>X<\/td>\n<td>X<\/td>\n<td>X<\/td>\n<td><\/td>\n<\/tr>\n<tr>\n<td style=\"text-align: left;\">Meets DIN 51517 Part 3 (CLP)<\/td>\n<td>X<\/td>\n<td>X<\/td>\n<td>X<\/td>\n<td>X<\/td>\n<td>X<\/td>\n<td>X<\/td>\n<\/tr>\n<tr>\n<td style=\"text-align: left;\">Meets ISO 12925-1 Type CKD<\/td>\n<td>X<\/td>\n<td>X<\/td>\n<td>X<\/td>\n<td>X<\/td>\n<td>X<\/td>\n<td><\/td>\n<\/tr>\n<tr>\n<td style=\"text-align: left;\">Meets ISO 12925-1 Type CKT<\/td>\n<td>X<\/td>\n<td>X<\/td>\n<td><\/td>\n<td><\/td>\n<td><\/td>\n<td><\/td>\n<\/tr>\n<\/tbody>\n<\/table>\n<\/div>\n<p>&nbsp;<\/p>\n<div class=\"table-responsive\">\n<table class=\"table table-striped\">\n<tbody>\n<tr>\n<td style=\"text-align: left;\">Mobil SHC Gear has the following builder approvals<\/td>\n<td>150<\/td>\n<td>220<\/td>\n<td>320<\/td>\n<td>460<\/td>\n<td>680<\/td>\n<td>1000<\/td>\n<\/tr>\n<tr>\n<td style=\"text-align: left;\">SIEMENS AG Flender gear units, T 7300, Table A-c, Flender Code No.<\/td>\n<td>A36<\/td>\n<td>A35<\/td>\n<td>A34<\/td>\n<td>A33<\/td>\n<td>A32<\/td>\n<td>A31<\/td>\n<\/tr>\n<tr>\n<td style=\"text-align: left;\">SEW Eurodrive<br \/>\nSEW IG CLP HC<\/td>\n<td>150<\/td>\n<td>220<\/td>\n<td>320<\/td>\n<td>460<\/td>\n<td>680<\/td>\n<td>1000<\/td>\n<\/tr>\n<tr>\n<td style=\"text-align: left;\">GE Motorized Wheel<\/td>\n<td>D50E35<\/td>\n<td>D50E35<\/td>\n<td>D50E35<\/td>\n<td>D50E35<\/td>\n<td>D50E35<\/td>\n<td>D50E35<\/td>\n<\/tr>\n<\/tbody>\n<\/table>\n<\/div>\n<p>&nbsp;<\/p>\n<h4>Thu\u1ed9c t\u00ednh:<\/h4>\n<div class=\"table-responsive\">\n<table class=\"table table-striped\">\n<tbody>\n<tr>\n<td style=\"text-align: left;\">Mobil SHC Gear Series<\/td>\n<td>150<\/td>\n<td>220<\/td>\n<td>320<\/td>\n<td>460<\/td>\n<td>680<\/td>\n<td>1000<\/td>\n<\/tr>\n<tr>\n<td style=\"text-align: left;\">ISO Viscosity Grade<\/td>\n<td>150<\/td>\n<td>220<\/td>\n<td>320<\/td>\n<td>460<\/td>\n<td>680<\/td>\n<td>1000<\/td>\n<\/tr>\n<tr>\n<td style=\"text-align: left;\">Viscosity, ASTM D 445<\/td>\n<td><\/td>\n<td><\/td>\n<td><\/td>\n<td><\/td>\n<td><\/td>\n<td><\/td>\n<\/tr>\n<tr>\n<td style=\"text-align: left;\">cSt @ 40\u00baC<\/td>\n<td>150<\/td>\n<td>220<\/td>\n<td>320<\/td>\n<td>460<\/td>\n<td>680<\/td>\n<td>1000<\/td>\n<\/tr>\n<tr>\n<td style=\"text-align: left;\">cSt @ 100\u00baC<\/td>\n<td>22.2<\/td>\n<td>30.4<\/td>\n<td>40.6<\/td>\n<td>54.1<\/td>\n<td>75.5<\/td>\n<td>99.4<\/td>\n<\/tr>\n<tr>\n<td style=\"text-align: left;\">Viscosity Index, ASTM D 2270<\/td>\n<td>176<\/td>\n<td>180<\/td>\n<td>181<\/td>\n<td>184<\/td>\n<td>192<\/td>\n<td>192<\/td>\n<\/tr>\n<tr>\n<td style=\"text-align: left;\">Pour Point, \u00baC, ASTM D 97<\/td>\n<td>-45<\/td>\n<td>-39<\/td>\n<td>-33<\/td>\n<td>-27<\/td>\n<td>-27<\/td>\n<td>-24<\/td>\n<\/tr>\n<tr>\n<td style=\"text-align: left;\">Flash Point, \u00baC, ASTM D 92<\/td>\n<td>233<\/td>\n<td>233<\/td>\n<td>233<\/td>\n<td>234<\/td>\n<td>234<\/td>\n<td>234<\/td>\n<\/tr>\n<tr>\n<td style=\"text-align: left;\">Brookfield @ 0\u00baF (-18\u00baC), cP, ASTM D 2983<\/td>\n<td><\/td>\n<td><\/td>\n<td><\/td>\n<td><\/td>\n<td>41000<\/td>\n<td>96000<\/td>\n<\/tr>\n<tr>\n<td style=\"text-align: left;\">Brookfield @ -20\u00baF (-28\u00baC), cP, ASTM D 2983<\/td>\n<td>18200<\/td>\n<td>35000<\/td>\n<td>57000<\/td>\n<td>107000<\/td>\n<td>156000<\/td>\n<td>500000<\/td>\n<\/tr>\n<tr>\n<td style=\"text-align: left;\">Density 60\u00baF (15,6\u00baC), g\/ml<\/td>\n<td>0.86<\/td>\n<td>0.86<\/td>\n<td>0.86<\/td>\n<td>0.86<\/td>\n<td>0.86<\/td>\n<td>0.87<\/td>\n<\/tr>\n<tr>\n<td style=\"text-align: left;\">Total Acid Number, mg KOH\/g, ASTM D 664<\/td>\n<td>0.9<\/td>\n<td>0.9<\/td>\n<td>0.9<\/td>\n<td>0.9<\/td>\n<td>0.9<\/td>\n<td>0.9<\/td>\n<\/tr>\n<tr>\n<td style=\"text-align: left;\">4 Ball EP Test, kgf, ASTM D 2783<\/td>\n<td><\/td>\n<td><\/td>\n<td><\/td>\n<td><\/td>\n<td><\/td>\n<td><\/td>\n<\/tr>\n<tr>\n<td style=\"text-align: left;\">Weld Load<\/td>\n<td>200<\/td>\n<td>200<\/td>\n<td>200<\/td>\n<td>200<\/td>\n<td>200<\/td>\n<td>200<\/td>\n<\/tr>\n<tr>\n<td style=\"text-align: left;\">Load Wear Index<\/td>\n<td>51<\/td>\n<td>51<\/td>\n<td>51<\/td>\n<td>51<\/td>\n<td>51<\/td>\n<td>51<\/td>\n<\/tr>\n<tr>\n<td style=\"text-align: left;\">FZG Micropitting, FVA Proc No. 54, 90\u00b0C<\/td>\n<td><\/td>\n<td><\/td>\n<td><\/td>\n<td><\/td>\n<td><\/td>\n<td><\/td>\n<\/tr>\n<tr>\n<td style=\"text-align: left;\">Fail Stage<\/td>\n<td>10<\/td>\n<td>10<\/td>\n<td>10<\/td>\n<td>10<\/td>\n<td>10<\/td>\n<td>10<\/td>\n<\/tr>\n<tr>\n<td style=\"text-align: left;\">GFT-Class<\/td>\n<td>High<\/td>\n<td>High<\/td>\n<td>High<\/td>\n<td>High<\/td>\n<td>High<\/td>\n<td>High<\/td>\n<\/tr>\n<tr>\n<td style=\"text-align: left;\">FZG Scuffing, ISO 14635-1 (mod) A\/8.3\/90, Fail Stage<\/td>\n<td>13<\/td>\n<td>14<\/td>\n<td>14<\/td>\n<td>14<\/td>\n<td>14<\/td>\n<td>14<\/td>\n<\/tr>\n<tr>\n<td style=\"text-align: left;\">FZG Scuffing, ISO 14635-1 (mod) A\/16.6\/90, Fail Stage<\/td>\n<td>Not tested<\/td>\n<td>&gt;14<\/td>\n<td>&gt;14<\/td>\n<td>&gt;14<\/td>\n<td>&gt;14<\/td>\n<td>&gt;14<\/td>\n<\/tr>\n<tr>\n<td style=\"text-align: left;\">Copper Corrosion, 3H @ 121\u00b0C, ASTM D 130<\/td>\n<td>1B<\/td>\n<td>1B<\/td>\n<td>1B<\/td>\n<td>1B<\/td>\n<td>1B<\/td>\n<td>1B<\/td>\n<\/tr>\n<tr>\n<td style=\"text-align: left;\">Rust protection, ASTM D665, Sea Water<\/td>\n<td>Pass<\/td>\n<td>Pass<\/td>\n<td>Pass<\/td>\n<td>Pass<\/td>\n<td>Pass<\/td>\n<td>Pass<\/td>\n<\/tr>\n<tr>\n<td style=\"text-align: left;\">Demulsibility of EP Oils, Free Water, ml, ASTM D 2711<\/td>\n<td>88<\/td>\n<td>87<\/td>\n<td>85<\/td>\n<td>84<\/td>\n<td>87<\/td>\n<td><\/td>\n<\/tr>\n<tr>\n<td style=\"text-align: left;\">Water Separability, ASTM D 1401,Time to 40\/37\/3 at 82\u00baC, minutes<\/td>\n<td>10<\/td>\n<td>10<\/td>\n<td>10<\/td>\n<td>15<\/td>\n<td>25<\/td>\n<td>40<\/td>\n<\/tr>\n<tr>\n<td style=\"text-align: left;\">Foaming Characteristics, ASTM D 892,Seq. II, Tendency\/Stability, ml\/ml<\/td>\n<td>0\/0<\/td>\n<td>0\/0<\/td>\n<td>0\/0<\/td>\n<td>20\/0<\/td>\n<td>0\/0<\/td>\n<td>0\/0<\/td>\n<\/tr>\n<\/tbody>\n<\/table>\n<\/div>\n<h4><a href=\"https:\/\/www.mobil.com\/English-US\/Industrial\/pds\/GLXXMobil-SHC-Gear-Series\" target=\"blank\" rel=\"noopener noreferrer\">T\u00e0i li\u1ec7u tham kh\u1ea3o Mobil SHC\u2122 Gear Series: Click v\u00e0o \u0111\u00e2y.<\/a><\/h4>\n<p><a href=\"https:\/\/tatco.vn\/vi\/danh-muc-san-pham\/dau-nhot-mobil\/dau-nhot-cong-nghiep-mobil\/dau-banh-rang-mobil\/dau-banh-rang-mobil-shc-gear-series\/\">X\u00eam th\u00eam danh m\u1ee5c Mobil SHC\u2122 Gear Series: Click t\u1ea1i \u0111\u00e2y.<\/a>[\/vc_column_text][\/vc_column][\/vc_row]<\/p>\n<\/section>","protected":false},"excerpt":{"rendered":"<p><strong>Mobil SHC\u2122 Gear 680<\/strong> l\u00e0 d\u00f2ng d\u1ea7u h\u1ed9p s\u1ed1 c\u00f4ng nghi\u1ec7p t\u1ed5ng h\u1ee3p cao c\u1ea5p \u0111\u01b0\u1ee3c thi\u1ebft k\u1ebf \u0111\u1ec3 b\u1ea3o v\u1ec7 xu\u1ea5t b\u00e1nh r\u0103ng v\u00e0 v\u00f2ng bi trong th\u1eddi gian d\u00e0i ngay c\u1ea3 d\u01b0\u1edbi \u0111i\u1ec1u ki\u1ec7n kh\u1eafc nghi\u1ec7t.<\/p>\n","protected":false},"featured_media":26973,"comment_status":"open","ping_status":"closed","template":"","meta":[],"product_cat":[366,503,374,361],"product_tag":[636,633,634,415,635],"class_list":{"0":"post-8008","1":"product","2":"type-product","3":"status-publish","4":"has-post-thumbnail","6":"product_brand-mobil","7":"product_cat-dau-banh-rang-mobil-gear-oil","8":"product_cat-mobil-shc-gear-series","9":"product_cat-mobil-industrial-oil","10":"product_cat-mobil-oil","11":"product_tag-dau-banh-rang","12":"product_tag-dau-hop-so","13":"product_tag-dau-hop-so-cong-nghiep","14":"product_tag-mobil-shc-gear-680","15":"product_tag-mobil-shc-gear-series","17":"first","18":"instock","19":"shipping-taxable","20":"purchasable","21":"product-type-simple"},"yoast_head":"<!-- This site is optimized with the Yoast SEO plugin v27.2 - https:\/\/yoast.com\/product\/yoast-seo-wordpress\/ -->\n<title>Mobil SHC Gear 680 - C\u00f4ng Ty TNHH D\u1ea7u Nh\u1eddn T&amp;T Vi\u1ec7t Nam<\/title>\n<meta name=\"description\" content=\"Mobil SHC Gear 680 l\u00e0 d\u00f2ng d\u1ea7u h\u1ed9p s\u1ed1 c\u00f4ng nghi\u1ec7p t\u1ed5ng h\u1ee3p cao c\u1ea5p \u0111\u01b0\u1ee3c thi\u1ebft k\u1ebf \u0111\u1ec3 b\u1ea3o v\u1ec7 xu\u1ea5t b\u00e1nh r\u0103ng v\u00e0 v\u00f2ng bi trong th\u1eddi gian d\u00e0i...\" \/>\n<meta name=\"robots\" content=\"index, follow, max-snippet:-1, max-image-preview:large, max-video-preview:-1\" \/>\n<link rel=\"canonical\" href=\"https:\/\/tatco.vn\/vi\/san-pham\/mobil-shc-gear-680\/\" \/>\n<meta property=\"og:locale\" content=\"vi_VN\" \/>\n<meta property=\"og:type\" content=\"article\" \/>\n<meta property=\"og:title\" content=\"Mobil SHC Gear 680 - C\u00f4ng Ty TNHH D\u1ea7u Nh\u1eddn T&amp;T Vi\u1ec7t Nam\" \/>\n<meta property=\"og:description\" content=\"Mobil SHC Gear 680 l\u00e0 d\u00f2ng d\u1ea7u h\u1ed9p s\u1ed1 c\u00f4ng nghi\u1ec7p t\u1ed5ng h\u1ee3p cao c\u1ea5p \u0111\u01b0\u1ee3c thi\u1ebft k\u1ebf \u0111\u1ec3 b\u1ea3o v\u1ec7 xu\u1ea5t b\u00e1nh r\u0103ng v\u00e0 v\u00f2ng bi trong th\u1eddi gian d\u00e0i...\" \/>\n<meta property=\"og:url\" content=\"https:\/\/tatco.vn\/vi\/san-pham\/mobil-shc-gear-680\/\" \/>\n<meta property=\"og:site_name\" content=\"C\u00f4ng Ty TNHH D\u1ea7u Nh\u1eddn T&amp;T Vi\u1ec7t Nam\" \/>\n<meta property=\"article:modified_time\" content=\"2021-06-29T12:19:05+00:00\" \/>\n<meta property=\"og:image\" content=\"https:\/\/tatco.vn\/wp-content\/uploads\/2019\/06\/dau-nhot-mobil-mobil-oil-white.png\" \/>\n\t<meta property=\"og:image:width\" content=\"1200\" \/>\n\t<meta property=\"og:image:height\" content=\"1200\" \/>\n\t<meta property=\"og:image:type\" content=\"image\/png\" \/>\n<meta name=\"twitter:card\" content=\"summary_large_image\" \/>\n<meta name=\"twitter:label1\" content=\"\u01af\u1edbc t\u00ednh th\u1eddi gian \u0111\u1ecdc\" \/>\n\t<meta name=\"twitter:data1\" content=\"9 ph\u00fat\" \/>\n<script type=\"application\/ld+json\" class=\"yoast-schema-graph\">{\"@context\":\"https:\/\/schema.org\",\"@graph\":[{\"@type\":\"WebPage\",\"@id\":\"https:\/\/tatco.vn\/vi\/san-pham\/mobil-shc-gear-680\/\",\"url\":\"https:\/\/tatco.vn\/vi\/san-pham\/mobil-shc-gear-680\/\",\"name\":\"Mobil SHC Gear 680 - C\u00f4ng Ty TNHH D\u1ea7u Nh\u1eddn T&amp;T Vi\u1ec7t Nam\",\"isPartOf\":{\"@id\":\"https:\/\/tatco.vn\/en\/#website\"},\"primaryImageOfPage\":{\"@id\":\"https:\/\/tatco.vn\/vi\/san-pham\/mobil-shc-gear-680\/#primaryimage\"},\"image\":{\"@id\":\"https:\/\/tatco.vn\/vi\/san-pham\/mobil-shc-gear-680\/#primaryimage\"},\"thumbnailUrl\":\"https:\/\/tatco.vn\/wp-content\/uploads\/2019\/06\/dau-nhot-mobil-mobil-oil-white.png\",\"datePublished\":\"2019-05-08T15:40:58+00:00\",\"dateModified\":\"2021-06-29T12:19:05+00:00\",\"description\":\"Mobil SHC Gear 680 l\u00e0 d\u00f2ng d\u1ea7u h\u1ed9p s\u1ed1 c\u00f4ng nghi\u1ec7p t\u1ed5ng h\u1ee3p cao c\u1ea5p \u0111\u01b0\u1ee3c thi\u1ebft k\u1ebf \u0111\u1ec3 b\u1ea3o v\u1ec7 xu\u1ea5t b\u00e1nh r\u0103ng v\u00e0 v\u00f2ng bi trong th\u1eddi gian d\u00e0i...\",\"breadcrumb\":{\"@id\":\"https:\/\/tatco.vn\/vi\/san-pham\/mobil-shc-gear-680\/#breadcrumb\"},\"inLanguage\":\"vi\",\"potentialAction\":[{\"@type\":\"ReadAction\",\"target\":[\"https:\/\/tatco.vn\/vi\/san-pham\/mobil-shc-gear-680\/\"]}]},{\"@type\":\"ImageObject\",\"inLanguage\":\"vi\",\"@id\":\"https:\/\/tatco.vn\/vi\/san-pham\/mobil-shc-gear-680\/#primaryimage\",\"url\":\"https:\/\/tatco.vn\/wp-content\/uploads\/2019\/06\/dau-nhot-mobil-mobil-oil-white.png\",\"contentUrl\":\"https:\/\/tatco.vn\/wp-content\/uploads\/2019\/06\/dau-nhot-mobil-mobil-oil-white.png\",\"width\":1200,\"height\":1200,\"caption\":\"dau nhot mobil mobil oil\"},{\"@type\":\"BreadcrumbList\",\"@id\":\"https:\/\/tatco.vn\/vi\/san-pham\/mobil-shc-gear-680\/#breadcrumb\",\"itemListElement\":[{\"@type\":\"ListItem\",\"position\":1,\"name\":\"Home\",\"item\":\"https:\/\/tatco.vn\/\"},{\"@type\":\"ListItem\",\"position\":2,\"name\":\"C\u1eeda h\u00e0ng\",\"item\":\"https:\/\/tatco.vn\/en\/mua\/\"},{\"@type\":\"ListItem\",\"position\":3,\"name\":\"Mobil SHC Gear 680\"}]},{\"@type\":\"WebSite\",\"@id\":\"https:\/\/tatco.vn\/en\/#website\",\"url\":\"https:\/\/tatco.vn\/en\/\",\"name\":\"C\u00f4ng Ty TNHH D\u1ea7u Nh\u1eddn T&amp;T Vi\u1ec7t Nam\",\"description\":\"Right Point - Right Time - Best Solution\",\"publisher\":{\"@id\":\"https:\/\/tatco.vn\/en\/#organization\"},\"potentialAction\":[{\"@type\":\"SearchAction\",\"target\":{\"@type\":\"EntryPoint\",\"urlTemplate\":\"https:\/\/tatco.vn\/en\/?s={search_term_string}\"},\"query-input\":{\"@type\":\"PropertyValueSpecification\",\"valueRequired\":true,\"valueName\":\"search_term_string\"}}],\"inLanguage\":\"vi\"},{\"@type\":\"Organization\",\"@id\":\"https:\/\/tatco.vn\/en\/#organization\",\"name\":\"C\u00f4ng Ty TNHH D\u1ea7u Nh\u1eddn T&T Vi\u1ec7t Nam\",\"url\":\"https:\/\/tatco.vn\/en\/\",\"logo\":{\"@type\":\"ImageObject\",\"inLanguage\":\"vi\",\"@id\":\"https:\/\/tatco.vn\/en\/#\/schema\/logo\/image\/\",\"url\":\"https:\/\/tatco.vn\/wp-content\/uploads\/2019\/05\/fav-ico.png\",\"contentUrl\":\"https:\/\/tatco.vn\/wp-content\/uploads\/2019\/05\/fav-ico.png\",\"width\":200,\"height\":200,\"caption\":\"C\u00f4ng Ty TNHH D\u1ea7u Nh\u1eddn T&T Vi\u1ec7t Nam\"},\"image\":{\"@id\":\"https:\/\/tatco.vn\/en\/#\/schema\/logo\/image\/\"}}]}<\/script>\n<!-- \/ Yoast SEO plugin. -->","yoast_head_json":{"title":"Mobil SHC Gear 680 - C\u00f4ng Ty TNHH D\u1ea7u Nh\u1eddn T&amp;T Vi\u1ec7t Nam","description":"Mobil SHC Gear 680 l\u00e0 d\u00f2ng d\u1ea7u h\u1ed9p s\u1ed1 c\u00f4ng nghi\u1ec7p t\u1ed5ng h\u1ee3p cao c\u1ea5p \u0111\u01b0\u1ee3c thi\u1ebft k\u1ebf \u0111\u1ec3 b\u1ea3o v\u1ec7 xu\u1ea5t b\u00e1nh r\u0103ng v\u00e0 v\u00f2ng bi trong th\u1eddi gian d\u00e0i...","robots":{"index":"index","follow":"follow","max-snippet":"max-snippet:-1","max-image-preview":"max-image-preview:large","max-video-preview":"max-video-preview:-1"},"canonical":"https:\/\/tatco.vn\/vi\/san-pham\/mobil-shc-gear-680\/","og_locale":"vi_VN","og_type":"article","og_title":"Mobil SHC Gear 680 - C\u00f4ng Ty TNHH D\u1ea7u Nh\u1eddn T&amp;T Vi\u1ec7t Nam","og_description":"Mobil SHC Gear 680 l\u00e0 d\u00f2ng d\u1ea7u h\u1ed9p s\u1ed1 c\u00f4ng nghi\u1ec7p t\u1ed5ng h\u1ee3p cao c\u1ea5p \u0111\u01b0\u1ee3c thi\u1ebft k\u1ebf \u0111\u1ec3 b\u1ea3o v\u1ec7 xu\u1ea5t b\u00e1nh r\u0103ng v\u00e0 v\u00f2ng bi trong th\u1eddi gian d\u00e0i...","og_url":"https:\/\/tatco.vn\/vi\/san-pham\/mobil-shc-gear-680\/","og_site_name":"C\u00f4ng Ty TNHH D\u1ea7u Nh\u1eddn T&amp;T Vi\u1ec7t Nam","article_modified_time":"2021-06-29T12:19:05+00:00","og_image":[{"width":1200,"height":1200,"url":"https:\/\/tatco.vn\/wp-content\/uploads\/2019\/06\/dau-nhot-mobil-mobil-oil-white.png","type":"image\/png"}],"twitter_card":"summary_large_image","twitter_misc":{"\u01af\u1edbc t\u00ednh th\u1eddi gian \u0111\u1ecdc":"9 ph\u00fat"},"schema":{"@context":"https:\/\/schema.org","@graph":[{"@type":"WebPage","@id":"https:\/\/tatco.vn\/vi\/san-pham\/mobil-shc-gear-680\/","url":"https:\/\/tatco.vn\/vi\/san-pham\/mobil-shc-gear-680\/","name":"Mobil SHC Gear 680 - C\u00f4ng Ty TNHH D\u1ea7u Nh\u1eddn T&amp;T Vi\u1ec7t Nam","isPartOf":{"@id":"https:\/\/tatco.vn\/en\/#website"},"primaryImageOfPage":{"@id":"https:\/\/tatco.vn\/vi\/san-pham\/mobil-shc-gear-680\/#primaryimage"},"image":{"@id":"https:\/\/tatco.vn\/vi\/san-pham\/mobil-shc-gear-680\/#primaryimage"},"thumbnailUrl":"https:\/\/tatco.vn\/wp-content\/uploads\/2019\/06\/dau-nhot-mobil-mobil-oil-white.png","datePublished":"2019-05-08T15:40:58+00:00","dateModified":"2021-06-29T12:19:05+00:00","description":"Mobil SHC Gear 680 l\u00e0 d\u00f2ng d\u1ea7u h\u1ed9p s\u1ed1 c\u00f4ng nghi\u1ec7p t\u1ed5ng h\u1ee3p cao c\u1ea5p \u0111\u01b0\u1ee3c thi\u1ebft k\u1ebf \u0111\u1ec3 b\u1ea3o v\u1ec7 xu\u1ea5t b\u00e1nh r\u0103ng v\u00e0 v\u00f2ng bi trong th\u1eddi gian d\u00e0i...","breadcrumb":{"@id":"https:\/\/tatco.vn\/vi\/san-pham\/mobil-shc-gear-680\/#breadcrumb"},"inLanguage":"vi","potentialAction":[{"@type":"ReadAction","target":["https:\/\/tatco.vn\/vi\/san-pham\/mobil-shc-gear-680\/"]}]},{"@type":"ImageObject","inLanguage":"vi","@id":"https:\/\/tatco.vn\/vi\/san-pham\/mobil-shc-gear-680\/#primaryimage","url":"https:\/\/tatco.vn\/wp-content\/uploads\/2019\/06\/dau-nhot-mobil-mobil-oil-white.png","contentUrl":"https:\/\/tatco.vn\/wp-content\/uploads\/2019\/06\/dau-nhot-mobil-mobil-oil-white.png","width":1200,"height":1200,"caption":"dau nhot mobil mobil oil"},{"@type":"BreadcrumbList","@id":"https:\/\/tatco.vn\/vi\/san-pham\/mobil-shc-gear-680\/#breadcrumb","itemListElement":[{"@type":"ListItem","position":1,"name":"Home","item":"https:\/\/tatco.vn\/"},{"@type":"ListItem","position":2,"name":"C\u1eeda h\u00e0ng","item":"https:\/\/tatco.vn\/en\/mua\/"},{"@type":"ListItem","position":3,"name":"Mobil SHC Gear 680"}]},{"@type":"WebSite","@id":"https:\/\/tatco.vn\/en\/#website","url":"https:\/\/tatco.vn\/en\/","name":"C\u00f4ng Ty TNHH D\u1ea7u Nh\u1eddn T&amp;T Vi\u1ec7t Nam","description":"Right Point - Right Time - Best Solution","publisher":{"@id":"https:\/\/tatco.vn\/en\/#organization"},"potentialAction":[{"@type":"SearchAction","target":{"@type":"EntryPoint","urlTemplate":"https:\/\/tatco.vn\/en\/?s={search_term_string}"},"query-input":{"@type":"PropertyValueSpecification","valueRequired":true,"valueName":"search_term_string"}}],"inLanguage":"vi"},{"@type":"Organization","@id":"https:\/\/tatco.vn\/en\/#organization","name":"C\u00f4ng Ty TNHH D\u1ea7u Nh\u1eddn T&T Vi\u1ec7t Nam","url":"https:\/\/tatco.vn\/en\/","logo":{"@type":"ImageObject","inLanguage":"vi","@id":"https:\/\/tatco.vn\/en\/#\/schema\/logo\/image\/","url":"https:\/\/tatco.vn\/wp-content\/uploads\/2019\/05\/fav-ico.png","contentUrl":"https:\/\/tatco.vn\/wp-content\/uploads\/2019\/05\/fav-ico.png","width":200,"height":200,"caption":"C\u00f4ng Ty TNHH D\u1ea7u Nh\u1eddn T&T Vi\u1ec7t Nam"},"image":{"@id":"https:\/\/tatco.vn\/en\/#\/schema\/logo\/image\/"}}]}},"_links":{"self":[{"href":"https:\/\/tatco.vn\/vi\/wp-json\/wp\/v2\/product\/8008","targetHints":{"allow":["GET"]}}],"collection":[{"href":"https:\/\/tatco.vn\/vi\/wp-json\/wp\/v2\/product"}],"about":[{"href":"https:\/\/tatco.vn\/vi\/wp-json\/wp\/v2\/types\/product"}],"replies":[{"embeddable":true,"href":"https:\/\/tatco.vn\/vi\/wp-json\/wp\/v2\/comments?post=8008"}],"version-history":[{"count":0,"href":"https:\/\/tatco.vn\/vi\/wp-json\/wp\/v2\/product\/8008\/revisions"}],"wp:featuredmedia":[{"embeddable":true,"href":"https:\/\/tatco.vn\/vi\/wp-json\/wp\/v2\/media\/26973"}],"wp:attachment":[{"href":"https:\/\/tatco.vn\/vi\/wp-json\/wp\/v2\/media?parent=8008"}],"wp:term":[{"taxonomy":"product_cat","embeddable":true,"href":"https:\/\/tatco.vn\/vi\/wp-json\/wp\/v2\/product_cat?post=8008"},{"taxonomy":"product_tag","embeddable":true,"href":"https:\/\/tatco.vn\/vi\/wp-json\/wp\/v2\/product_tag?post=8008"}],"curies":[{"name":"wp","href":"https:\/\/api.w.org\/{rel}","templated":true}]}}