{"id":8006,"date":"2019-05-08T22:37:58","date_gmt":"2019-05-08T15:37:58","guid":{"rendered":"https:\/\/tatco.vn\/?post_type=product&#038;p=8006"},"modified":"2021-01-02T22:20:50","modified_gmt":"2021-01-02T15:20:50","slug":"mobil-shc-gear-46m","status":"publish","type":"product","link":"https:\/\/tatco.vn\/vi\/san-pham\/dau-mobil-shc-gear-46m\/","title":{"rendered":"Mobil SHC Gear 46M"},"content":{"rendered":"<section class=\"wpb-content-wrapper\"><p>[vc_row][vc_column][vc_column_text]<strong>Mobil SHC GEAR 46M<\/strong> l\u00e0 d\u1ea7u t\u1ed5ng h\u1ee3p c\u00f3 \u0111\u1ed9 nh\u1edbt cao \u0111\u01b0\u1ee3c thi\u1ebft k\u1ebf \u0111\u1eb7c bi\u1ec7t \u0111\u1ec3 s\u1eed d\u1ee5ng cho b\u00e1nh r\u0103ng h\u1edf t\u1ed1c \u0111\u1ed9 th\u1ea5p, t\u1ea3i n\u1eb7ng, kh\u00f3 b\u00f4i tr\u01a1n.<\/p>\n<p>S\u1ef1 k\u1ebft h\u1ee3p c\u1ee7a m\u1ed9t ch\u1ec9 s\u1ed1 \u0111\u1ed9 nh\u1edbt cao t\u1ef1 nhi\u00ean, v\u00e0 t\u1ed5ng h\u1ee3p ph\u1ee5 gia \u0111\u1eb7c bi\u1ec7t gi\u00fap s\u1ea3n ph\u1ea9m c\u00f3 \u0111\u1eb7c t\u00ednh ch\u1ed1ng nhi\u1ec7t\/oxy h\u00f3a \u0111\u1eb7c bi\u1ec7t, d\u00f9 l\u00e0 v\u1edbi nh\u1eefng lo\u1ea1i b\u00e1nh r\u0103ng chuy\u1ec3n \u0111\u1ed9ng r\u1ea5t ch\u1eadm.<\/p>\n<p>Gi\u00fap ch\u1ed1ng m\u00e0i m\u00f2n, r\u1ec9 s\u00e9t v\u00e0 \u1ee9c ch\u1ebf \u0103n m\u00f2n.<\/p>\n<h4>\u1ee8ng d\u1ee5ng:<\/h4>\n<p>L\u00f2 nung v\u00e0 c\u00e1c m\u00e1y nghi\u1ec1n kim lo\u1ea1i, xi m\u0103ng v\u00e0 \u0111\u00e1 v\u00f4i, nh\u00e0 m\u00e1y \u0111\u01b0\u1eddng.<\/p>\n<h4>Thu\u1ed9c t\u00ednh v\u00e0 th\u00f4ng s\u1ed1 k\u1ef9 thu\u1eadt:<\/h4>\n<div class=\"table-responsive\">\n<table class=\"table table-striped\">\n<tbody>\n<tr>\n<td style=\"text-align: left;\"><strong>Property<\/strong><\/td>\n<td><strong>22M<\/strong><\/td>\n<td><strong>46M<\/strong><\/td>\n<\/tr>\n<tr>\n<td style=\"text-align: left;\">Copper Strip Corrosion, 3 h, 100 C, Rating, ASTM D130<\/td>\n<td>1B<\/td>\n<td>1B<\/td>\n<\/tr>\n<tr>\n<td style=\"text-align: left;\">Density @ 15.6 C, kg\/l, ASTM D4052<\/td>\n<td>0.890<\/td>\n<td>0.924<\/td>\n<\/tr>\n<tr>\n<td style=\"text-align: left;\">Flash Point, Cleveland Open Cup, \u00b0C, ASTM D92<\/td>\n<td>240<\/td>\n<td>240<\/td>\n<\/tr>\n<tr>\n<td style=\"text-align: left;\">Kinematic Viscosity @ 100 C, mm2\/s, ASTM D445<\/td>\n<td>700<\/td>\n<td>1375<\/td>\n<\/tr>\n<tr>\n<td style=\"text-align: left;\">Kinematic Viscosity @ 40 C, mm2\/s, ASTM D445<\/td>\n<td>22000<\/td>\n<td>46000<\/td>\n<\/tr>\n<tr>\n<td style=\"text-align: left;\">Pour Point, \u00b0C, ASTM D97<\/td>\n<td>6<\/td>\n<td>15<\/td>\n<\/tr>\n<tr>\n<td style=\"text-align: left;\">Viscosity Index, ASTM D2270<\/td>\n<td>180<\/td>\n<td>180<\/td>\n<\/tr>\n<\/tbody>\n<\/table>\n<\/div>\n<p>&nbsp;<\/p>\n<h4><a href=\"https:\/\/www.mobil.com\/English-CA\/Industrial\/pds\/GLXXMobil-SHC-Gear-22M-46M\" target=\"blank\" rel=\"noopener noreferrer\">T\u00e0i li\u1ec7u tham kh\u1ea3o Mobil SHC Gear 22M and 46M: Click v\u00e0o \u0111\u00e2y.<\/a><\/h4>\n<p><a href=\"https:\/\/tatco.vn\/vi\/danh-muc-san-pham\/dau-nhot-mobil\/dau-nhot-cong-nghiep-mobil\/dau-banh-rang-mobil\/dau-banh-rang-mobil-shc-gear-22m-and-46m\/\">X\u00eam th\u00eam danh m\u1ee5c: Click t\u1ea1i \u0111\u00e2y.<\/a>[\/vc_column_text][\/vc_column][\/vc_row]<\/p>\n<\/section>","protected":false},"excerpt":{"rendered":"<p><strong>Mobil SHC GEAR 46M<\/strong> l\u00e0 d\u1ea7u t\u1ed5ng h\u1ee3p c\u00f3 \u0111\u1ed9 nh\u1edbt cao \u0111\u01b0\u1ee3c thi\u1ebft k\u1ebf \u0111\u1eb7c bi\u1ec7t \u0111\u1ec3 s\u1eed d\u1ee5ng cho b\u00e1nh r\u0103ng h\u1edf t\u1ed1c \u0111\u1ed9 th\u1ea5p, t\u1ea3i n\u1eb7ng, kh\u00f3 b\u00f4i tr\u01a1n.<\/p>\n","protected":false},"featured_media":26973,"comment_status":"open","ping_status":"closed","template":"","meta":[],"product_cat":[366,504,374,361],"product_tag":[636,637,416],"class_list":{"0":"post-8006","1":"product","2":"type-product","3":"status-publish","4":"has-post-thumbnail","6":"product_brand-mobil","7":"product_cat-dau-banh-rang-mobil-gear-oil","8":"product_cat-mobil-shc-gear-22m-and-46m","9":"product_cat-mobil-industrial-oil","10":"product_cat-mobil-oil","11":"product_tag-dau-banh-rang","12":"product_tag-mobil-shc-gear-22m-and-46m","13":"product_tag-mobil-shc-gear-46m","15":"first","16":"instock","17":"shipping-taxable","18":"purchasable","19":"product-type-simple"},"yoast_head":"<!-- This site is optimized with the Yoast SEO plugin v27.2 - https:\/\/yoast.com\/product\/yoast-seo-wordpress\/ -->\n<title>Mobil SHC Gear 46M - C\u00f4ng Ty TNHH D\u1ea7u Nh\u1eddn T&amp;T Vi\u1ec7t Nam<\/title>\n<meta name=\"description\" content=\"Mobil SHC GEAR 46M l\u00e0 d\u1ea7u t\u1ed5ng h\u1ee3p c\u00f3 \u0111\u1ed9 nh\u1edbt cao \u0111\u01b0\u1ee3c thi\u1ebft k\u1ebf \u0111\u1eb7c bi\u1ec7t \u0111\u1ec3 s\u1eed d\u1ee5ng cho b\u00e1nh r\u0103ng h\u1edf t\u1ed1c \u0111\u1ed9 th\u1ea5p, t\u1ea3i n\u1eb7ng, kh\u00f3 b\u00f4i tr\u01a1n.\" \/>\n<meta name=\"robots\" content=\"index, follow, max-snippet:-1, max-image-preview:large, max-video-preview:-1\" \/>\n<link rel=\"canonical\" href=\"https:\/\/tatco.vn\/vi\/san-pham\/mobil-shc-gear-46m\/\" \/>\n<meta property=\"og:locale\" content=\"vi_VN\" \/>\n<meta property=\"og:type\" content=\"article\" \/>\n<meta property=\"og:title\" content=\"Mobil SHC Gear 46M - C\u00f4ng Ty TNHH D\u1ea7u Nh\u1eddn T&amp;T Vi\u1ec7t Nam\" \/>\n<meta property=\"og:description\" content=\"Mobil SHC GEAR 46M l\u00e0 d\u1ea7u t\u1ed5ng h\u1ee3p c\u00f3 \u0111\u1ed9 nh\u1edbt cao \u0111\u01b0\u1ee3c thi\u1ebft k\u1ebf \u0111\u1eb7c bi\u1ec7t \u0111\u1ec3 s\u1eed d\u1ee5ng cho b\u00e1nh r\u0103ng h\u1edf t\u1ed1c \u0111\u1ed9 th\u1ea5p, t\u1ea3i n\u1eb7ng, kh\u00f3 b\u00f4i tr\u01a1n.\" \/>\n<meta property=\"og:url\" content=\"https:\/\/tatco.vn\/vi\/san-pham\/mobil-shc-gear-46m\/\" \/>\n<meta property=\"og:site_name\" content=\"C\u00f4ng Ty TNHH D\u1ea7u Nh\u1eddn T&amp;T Vi\u1ec7t Nam\" \/>\n<meta property=\"article:modified_time\" content=\"2021-01-02T15:20:50+00:00\" \/>\n<meta property=\"og:image\" content=\"https:\/\/tatco.vn\/wp-content\/uploads\/2019\/06\/dau-nhot-mobil-mobil-oil-white.png\" \/>\n\t<meta property=\"og:image:width\" content=\"1200\" \/>\n\t<meta property=\"og:image:height\" content=\"1200\" \/>\n\t<meta property=\"og:image:type\" content=\"image\/png\" \/>\n<meta name=\"twitter:card\" content=\"summary_large_image\" \/>\n<meta name=\"twitter:label1\" content=\"\u01af\u1edbc t\u00ednh th\u1eddi gian \u0111\u1ecdc\" \/>\n\t<meta name=\"twitter:data1\" content=\"5 ph\u00fat\" \/>\n<script type=\"application\/ld+json\" class=\"yoast-schema-graph\">{\"@context\":\"https:\/\/schema.org\",\"@graph\":[{\"@type\":\"WebPage\",\"@id\":\"https:\/\/tatco.vn\/vi\/san-pham\/mobil-shc-gear-46m\/\",\"url\":\"https:\/\/tatco.vn\/vi\/san-pham\/mobil-shc-gear-46m\/\",\"name\":\"Mobil SHC Gear 46M - C\u00f4ng Ty TNHH D\u1ea7u Nh\u1eddn T&amp;T Vi\u1ec7t Nam\",\"isPartOf\":{\"@id\":\"https:\/\/tatco.vn\/en\/#website\"},\"primaryImageOfPage\":{\"@id\":\"https:\/\/tatco.vn\/vi\/san-pham\/mobil-shc-gear-46m\/#primaryimage\"},\"image\":{\"@id\":\"https:\/\/tatco.vn\/vi\/san-pham\/mobil-shc-gear-46m\/#primaryimage\"},\"thumbnailUrl\":\"https:\/\/tatco.vn\/wp-content\/uploads\/2019\/06\/dau-nhot-mobil-mobil-oil-white.png\",\"datePublished\":\"2019-05-08T15:37:58+00:00\",\"dateModified\":\"2021-01-02T15:20:50+00:00\",\"description\":\"Mobil SHC GEAR 46M l\u00e0 d\u1ea7u t\u1ed5ng h\u1ee3p c\u00f3 \u0111\u1ed9 nh\u1edbt cao \u0111\u01b0\u1ee3c thi\u1ebft k\u1ebf \u0111\u1eb7c bi\u1ec7t \u0111\u1ec3 s\u1eed d\u1ee5ng cho b\u00e1nh r\u0103ng h\u1edf t\u1ed1c \u0111\u1ed9 th\u1ea5p, t\u1ea3i n\u1eb7ng, kh\u00f3 b\u00f4i tr\u01a1n.\",\"breadcrumb\":{\"@id\":\"https:\/\/tatco.vn\/vi\/san-pham\/mobil-shc-gear-46m\/#breadcrumb\"},\"inLanguage\":\"vi\",\"potentialAction\":[{\"@type\":\"ReadAction\",\"target\":[\"https:\/\/tatco.vn\/vi\/san-pham\/mobil-shc-gear-46m\/\"]}]},{\"@type\":\"ImageObject\",\"inLanguage\":\"vi\",\"@id\":\"https:\/\/tatco.vn\/vi\/san-pham\/mobil-shc-gear-46m\/#primaryimage\",\"url\":\"https:\/\/tatco.vn\/wp-content\/uploads\/2019\/06\/dau-nhot-mobil-mobil-oil-white.png\",\"contentUrl\":\"https:\/\/tatco.vn\/wp-content\/uploads\/2019\/06\/dau-nhot-mobil-mobil-oil-white.png\",\"width\":1200,\"height\":1200,\"caption\":\"dau nhot mobil mobil oil\"},{\"@type\":\"BreadcrumbList\",\"@id\":\"https:\/\/tatco.vn\/vi\/san-pham\/mobil-shc-gear-46m\/#breadcrumb\",\"itemListElement\":[{\"@type\":\"ListItem\",\"position\":1,\"name\":\"Home\",\"item\":\"https:\/\/tatco.vn\/\"},{\"@type\":\"ListItem\",\"position\":2,\"name\":\"C\u1eeda h\u00e0ng\",\"item\":\"https:\/\/tatco.vn\/en\/mua\/\"},{\"@type\":\"ListItem\",\"position\":3,\"name\":\"Mobil SHC Gear 46M\"}]},{\"@type\":\"WebSite\",\"@id\":\"https:\/\/tatco.vn\/en\/#website\",\"url\":\"https:\/\/tatco.vn\/en\/\",\"name\":\"C\u00f4ng Ty TNHH D\u1ea7u Nh\u1eddn T&amp;T Vi\u1ec7t Nam\",\"description\":\"Right Point - Right Time - Best Solution\",\"publisher\":{\"@id\":\"https:\/\/tatco.vn\/en\/#organization\"},\"potentialAction\":[{\"@type\":\"SearchAction\",\"target\":{\"@type\":\"EntryPoint\",\"urlTemplate\":\"https:\/\/tatco.vn\/en\/?s={search_term_string}\"},\"query-input\":{\"@type\":\"PropertyValueSpecification\",\"valueRequired\":true,\"valueName\":\"search_term_string\"}}],\"inLanguage\":\"vi\"},{\"@type\":\"Organization\",\"@id\":\"https:\/\/tatco.vn\/en\/#organization\",\"name\":\"C\u00f4ng Ty TNHH D\u1ea7u Nh\u1eddn T&T Vi\u1ec7t Nam\",\"url\":\"https:\/\/tatco.vn\/en\/\",\"logo\":{\"@type\":\"ImageObject\",\"inLanguage\":\"vi\",\"@id\":\"https:\/\/tatco.vn\/en\/#\/schema\/logo\/image\/\",\"url\":\"https:\/\/tatco.vn\/wp-content\/uploads\/2019\/05\/fav-ico.png\",\"contentUrl\":\"https:\/\/tatco.vn\/wp-content\/uploads\/2019\/05\/fav-ico.png\",\"width\":200,\"height\":200,\"caption\":\"C\u00f4ng Ty TNHH D\u1ea7u Nh\u1eddn T&T Vi\u1ec7t Nam\"},\"image\":{\"@id\":\"https:\/\/tatco.vn\/en\/#\/schema\/logo\/image\/\"}}]}<\/script>\n<!-- \/ Yoast SEO plugin. -->","yoast_head_json":{"title":"Mobil SHC Gear 46M - C\u00f4ng Ty TNHH D\u1ea7u Nh\u1eddn T&amp;T Vi\u1ec7t Nam","description":"Mobil SHC GEAR 46M l\u00e0 d\u1ea7u t\u1ed5ng h\u1ee3p c\u00f3 \u0111\u1ed9 nh\u1edbt cao \u0111\u01b0\u1ee3c thi\u1ebft k\u1ebf \u0111\u1eb7c bi\u1ec7t \u0111\u1ec3 s\u1eed d\u1ee5ng cho b\u00e1nh r\u0103ng h\u1edf t\u1ed1c \u0111\u1ed9 th\u1ea5p, t\u1ea3i n\u1eb7ng, kh\u00f3 b\u00f4i tr\u01a1n.","robots":{"index":"index","follow":"follow","max-snippet":"max-snippet:-1","max-image-preview":"max-image-preview:large","max-video-preview":"max-video-preview:-1"},"canonical":"https:\/\/tatco.vn\/vi\/san-pham\/mobil-shc-gear-46m\/","og_locale":"vi_VN","og_type":"article","og_title":"Mobil SHC Gear 46M - C\u00f4ng Ty TNHH D\u1ea7u Nh\u1eddn T&amp;T Vi\u1ec7t Nam","og_description":"Mobil SHC GEAR 46M l\u00e0 d\u1ea7u t\u1ed5ng h\u1ee3p c\u00f3 \u0111\u1ed9 nh\u1edbt cao \u0111\u01b0\u1ee3c thi\u1ebft k\u1ebf \u0111\u1eb7c bi\u1ec7t \u0111\u1ec3 s\u1eed d\u1ee5ng cho b\u00e1nh r\u0103ng h\u1edf t\u1ed1c \u0111\u1ed9 th\u1ea5p, t\u1ea3i n\u1eb7ng, kh\u00f3 b\u00f4i tr\u01a1n.","og_url":"https:\/\/tatco.vn\/vi\/san-pham\/mobil-shc-gear-46m\/","og_site_name":"C\u00f4ng Ty TNHH D\u1ea7u Nh\u1eddn T&amp;T Vi\u1ec7t Nam","article_modified_time":"2021-01-02T15:20:50+00:00","og_image":[{"width":1200,"height":1200,"url":"https:\/\/tatco.vn\/wp-content\/uploads\/2019\/06\/dau-nhot-mobil-mobil-oil-white.png","type":"image\/png"}],"twitter_card":"summary_large_image","twitter_misc":{"\u01af\u1edbc t\u00ednh th\u1eddi gian \u0111\u1ecdc":"5 ph\u00fat"},"schema":{"@context":"https:\/\/schema.org","@graph":[{"@type":"WebPage","@id":"https:\/\/tatco.vn\/vi\/san-pham\/mobil-shc-gear-46m\/","url":"https:\/\/tatco.vn\/vi\/san-pham\/mobil-shc-gear-46m\/","name":"Mobil SHC Gear 46M - C\u00f4ng Ty TNHH D\u1ea7u Nh\u1eddn T&amp;T Vi\u1ec7t Nam","isPartOf":{"@id":"https:\/\/tatco.vn\/en\/#website"},"primaryImageOfPage":{"@id":"https:\/\/tatco.vn\/vi\/san-pham\/mobil-shc-gear-46m\/#primaryimage"},"image":{"@id":"https:\/\/tatco.vn\/vi\/san-pham\/mobil-shc-gear-46m\/#primaryimage"},"thumbnailUrl":"https:\/\/tatco.vn\/wp-content\/uploads\/2019\/06\/dau-nhot-mobil-mobil-oil-white.png","datePublished":"2019-05-08T15:37:58+00:00","dateModified":"2021-01-02T15:20:50+00:00","description":"Mobil SHC GEAR 46M l\u00e0 d\u1ea7u t\u1ed5ng h\u1ee3p c\u00f3 \u0111\u1ed9 nh\u1edbt cao \u0111\u01b0\u1ee3c thi\u1ebft k\u1ebf \u0111\u1eb7c bi\u1ec7t \u0111\u1ec3 s\u1eed d\u1ee5ng cho b\u00e1nh r\u0103ng h\u1edf t\u1ed1c \u0111\u1ed9 th\u1ea5p, t\u1ea3i n\u1eb7ng, kh\u00f3 b\u00f4i tr\u01a1n.","breadcrumb":{"@id":"https:\/\/tatco.vn\/vi\/san-pham\/mobil-shc-gear-46m\/#breadcrumb"},"inLanguage":"vi","potentialAction":[{"@type":"ReadAction","target":["https:\/\/tatco.vn\/vi\/san-pham\/mobil-shc-gear-46m\/"]}]},{"@type":"ImageObject","inLanguage":"vi","@id":"https:\/\/tatco.vn\/vi\/san-pham\/mobil-shc-gear-46m\/#primaryimage","url":"https:\/\/tatco.vn\/wp-content\/uploads\/2019\/06\/dau-nhot-mobil-mobil-oil-white.png","contentUrl":"https:\/\/tatco.vn\/wp-content\/uploads\/2019\/06\/dau-nhot-mobil-mobil-oil-white.png","width":1200,"height":1200,"caption":"dau nhot mobil mobil oil"},{"@type":"BreadcrumbList","@id":"https:\/\/tatco.vn\/vi\/san-pham\/mobil-shc-gear-46m\/#breadcrumb","itemListElement":[{"@type":"ListItem","position":1,"name":"Home","item":"https:\/\/tatco.vn\/"},{"@type":"ListItem","position":2,"name":"C\u1eeda h\u00e0ng","item":"https:\/\/tatco.vn\/en\/mua\/"},{"@type":"ListItem","position":3,"name":"Mobil SHC Gear 46M"}]},{"@type":"WebSite","@id":"https:\/\/tatco.vn\/en\/#website","url":"https:\/\/tatco.vn\/en\/","name":"C\u00f4ng Ty TNHH D\u1ea7u Nh\u1eddn T&amp;T Vi\u1ec7t Nam","description":"Right Point - Right Time - Best Solution","publisher":{"@id":"https:\/\/tatco.vn\/en\/#organization"},"potentialAction":[{"@type":"SearchAction","target":{"@type":"EntryPoint","urlTemplate":"https:\/\/tatco.vn\/en\/?s={search_term_string}"},"query-input":{"@type":"PropertyValueSpecification","valueRequired":true,"valueName":"search_term_string"}}],"inLanguage":"vi"},{"@type":"Organization","@id":"https:\/\/tatco.vn\/en\/#organization","name":"C\u00f4ng Ty TNHH D\u1ea7u Nh\u1eddn T&T Vi\u1ec7t Nam","url":"https:\/\/tatco.vn\/en\/","logo":{"@type":"ImageObject","inLanguage":"vi","@id":"https:\/\/tatco.vn\/en\/#\/schema\/logo\/image\/","url":"https:\/\/tatco.vn\/wp-content\/uploads\/2019\/05\/fav-ico.png","contentUrl":"https:\/\/tatco.vn\/wp-content\/uploads\/2019\/05\/fav-ico.png","width":200,"height":200,"caption":"C\u00f4ng Ty TNHH D\u1ea7u Nh\u1eddn T&T Vi\u1ec7t Nam"},"image":{"@id":"https:\/\/tatco.vn\/en\/#\/schema\/logo\/image\/"}}]}},"_links":{"self":[{"href":"https:\/\/tatco.vn\/vi\/wp-json\/wp\/v2\/product\/8006","targetHints":{"allow":["GET"]}}],"collection":[{"href":"https:\/\/tatco.vn\/vi\/wp-json\/wp\/v2\/product"}],"about":[{"href":"https:\/\/tatco.vn\/vi\/wp-json\/wp\/v2\/types\/product"}],"replies":[{"embeddable":true,"href":"https:\/\/tatco.vn\/vi\/wp-json\/wp\/v2\/comments?post=8006"}],"version-history":[{"count":0,"href":"https:\/\/tatco.vn\/vi\/wp-json\/wp\/v2\/product\/8006\/revisions"}],"wp:featuredmedia":[{"embeddable":true,"href":"https:\/\/tatco.vn\/vi\/wp-json\/wp\/v2\/media\/26973"}],"wp:attachment":[{"href":"https:\/\/tatco.vn\/vi\/wp-json\/wp\/v2\/media?parent=8006"}],"wp:term":[{"taxonomy":"product_cat","embeddable":true,"href":"https:\/\/tatco.vn\/vi\/wp-json\/wp\/v2\/product_cat?post=8006"},{"taxonomy":"product_tag","embeddable":true,"href":"https:\/\/tatco.vn\/vi\/wp-json\/wp\/v2\/product_tag?post=8006"}],"curies":[{"name":"wp","href":"https:\/\/api.w.org\/{rel}","templated":true}]}}