{"id":28336,"date":"2025-02-23T17:11:01","date_gmt":"2025-02-23T10:11:01","guid":{"rendered":"https:\/\/tatco.vn\/vi\/?post_type=product&#038;p=28336"},"modified":"2025-02-23T17:11:02","modified_gmt":"2025-02-23T10:11:02","slug":"dau-sieu-bien-ap-sinopec-tvai","status":"publish","type":"product","link":"https:\/\/tatco.vn\/vi\/san-pham\/dau-sieu-bien-ap-sinopec-tvai\/","title":{"rendered":"D\u1ea7u Si\u00eau Bi\u1ebfn \u00c1p Sinopec TVAI"},"content":{"rendered":"<p><\/p>\n<p style=\"text-align: justify\"><strong>D\u1ea7u Bi\u1ebfn \u00c1p Cao C\u1ea5p SINOPEC<\/strong> \u0111\u01b0\u1ee3c pha ch\u1ebf t\u1eeb d\u1ea7u kho\u00e1ng tinh luy\u1ec7n v\u00e0 c\u00e1c ch\u1ea5t ch\u1ed1ng oxy h\u00f3a \u0111\u01b0\u1ee3c l\u1ef1a ch\u1ecdn k\u1ef9 c\u00e0ng. N\u00f3 \u0111\u01b0\u1ee3c thi\u1ebft k\u1ebf \u0111\u1ec3 c\u00e1ch \u0111i\u1ec7n v\u00e0 l\u00e0m m\u00e1t c\u00e1c m\u00e1y bi\u1ebfn \u00e1p, thi\u1ebft b\u1ecb chuy\u1ec3n m\u1ea1ch ng\u00e2m d\u1ea7u v\u00e0 c\u00e1c \u1ee9ng d\u1ee5ng c\u00e1ch \u0111i\u1ec7n kh\u00e1c. <strong>D\u1ea7u Bi\u1ebfn \u00c1p Cao C\u1ea5p SINOPEC<\/strong> kh\u00f4ng ch\u1ee9a c\u00e1c h\u1ee3p ch\u1ea5t polychlorinated biphenyls (PCBs).<\/p>\n<h3 style=\"text-align: justify\">\u1ee8ng D\u1ee5ng:<\/h3>\n<p style=\"text-align: justify\"><strong>D\u1ea7u Bi\u1ebfn \u00c1p Cao C\u1ea5p SINOPEC<\/strong> ph\u00f9 h\u1ee3p \u0111\u1ec3 s\u1eed d\u1ee5ng trong:<\/p>\n<ul style=\"text-align: justify\">\n<li>M\u00e1y bi\u1ebfn \u00e1p ng\u00e2m d\u1ea7u, \u0111\u00f3ng vai tr\u00f2 nh\u01b0 m\u00f4i tr\u01b0\u1eddng c\u00e1ch \u0111i\u1ec7n v\u00e0 l\u00e0m m\u00e1t kh\u00f4ng d\u1eabn \u0111i\u1ec7n.<\/li>\n<li>C\u00e1c \u1ee9ng d\u1ee5ng c\u00e1ch \u0111i\u1ec7n \u0111i\u1ec7n kh\u00e1c.<\/li>\n<\/ul>\n<h3 style=\"text-align: justify\">\u0110\u1eb7c \u0110i\u1ec3m v\u00e0 L\u1ee3i \u00cdch:<\/h3>\n<ul>\n<li style=\"text-align: justify\"><strong>T\u00ednh ch\u1ea5t \u0111i\u1ec7n m\u00f4i (c\u00e1ch \u0111i\u1ec7n) tuy\u1ec7t v\u1eddi<\/strong>: Ng\u0103n ng\u1eeba hi\u1ec7u qu\u1ea3 s\u1ef1 ph\u00f3ng \u0111i\u1ec7n trong \u0111i\u1ec7n tr\u01b0\u1eddng.<\/li>\n<li style=\"text-align: justify\"><strong>\u0110\u1ed9 nh\u1edbt th\u1ea5p v\u00e0 m\u1eadt \u0111\u1ed9 th\u1ea5p<\/strong>: Cung c\u1ea5p kh\u1ea3 n\u0103ng l\u00e0m m\u00e1t v\u00e0 truy\u1ec1n nhi\u1ec7t t\u1ed1t \u1edf nhi\u1ec7t \u0111\u1ed9 ph\u00f2ng v\u00e0 d\u01b0\u1edbi, \u0111\u1ea3m b\u1ea3o l\u00e0m m\u00e1t hi\u1ec7u qu\u1ea3 l\u00f5i v\u00e0 cu\u1ed9n d\u00e2y c\u1ee7a m\u00e1y bi\u1ebfn \u00e1p.<\/li>\n<li style=\"text-align: justify\"><strong>Ngay c\u1ea3 \u1edf nhi\u1ec7t \u0111\u1ed9 r\u1ea5t th\u1ea5p, \u0111\u1ed9 nh\u1edbt c\u1ee7a d\u1ea7u v\u1eabn th\u1ea5p<\/strong>: Cho ph\u00e9p kh\u1edfi \u0111\u1ed9ng m\u00e1y bi\u1ebfn \u00e1p trong \u0111i\u1ec1u ki\u1ec7n l\u1ea1nh m\u00e0 kh\u00f4ng g\u1eb7p v\u1ea5n \u0111\u1ec1.<\/li>\n<li style=\"text-align: justify\"><strong>\u0110\u1eb7c t\u00ednh \u1ed5n \u0111\u1ecbnh oxy h\u00f3a tuy\u1ec7t v\u1eddi<\/strong>: \u0110\u01b0\u1ee3c cung c\u1ea5p b\u1edfi d\u1ea7u g\u1ed1c \u1ed5n \u0111\u1ecbnh c\u00f9ng v\u1edbi h\u1ec7 th\u1ed1ng ch\u1ea5t ch\u1ed1ng oxy h\u00f3a hi\u1ec7u su\u1ea5t cao, ng\u0103n ng\u1eeba s\u1ef1 h\u00ecnh th\u00e0nh ch\u1ea5t axit v\u00e0 c\u1eb7n b\u00e3 trong qu\u00e1 tr\u00ecnh s\u1eed d\u1ee5ng, k\u00e9o d\u00e0i tu\u1ed5i th\u1ecd c\u1ee7a d\u1ea7u.<\/li>\n<li>\n<p style=\"text-align: justify\"><strong>T\u1ea5t c\u1ea3 b\u1ed1n lo\u1ea1i \u0111\u1ec1u \u0111\u00e1p \u1ee9ng c\u00e1c y\u00eau c\u1ea7u c\u1ee7a IEC 60296:2003 cho d\u1ea7u bi\u1ebfn \u00e1p.<\/strong><\/p>\n<\/li>\n<\/ul>\n<h3>Th\u00f4ng S\u1ed1 K\u1ef9 Thu\u1eadt:<\/h3>\n<div class=\"table-responsive\">\n<table class=\"table table-striped\">\n<tbody>\n<tr>\n<td colspan=\"5\" width=\"595\">SINOPEC\u00a0Super\u00a0Transformer Oil<\/td>\n<td width=\"128\"><\/td>\n<\/tr>\n<tr>\n<td width=\"228\">Grade<\/td>\n<td width=\"80\">TVAI-20\u00baC<\/td>\n<td width=\"80\">TVAI-30\u00baC<\/td>\n<td width=\"82\">TVAI-40\u00baC<\/td>\n<td colspan=\"2\" width=\"253\">Reference method<\/td>\n<\/tr>\n<tr>\n<td width=\"228\">Kinematic viscosity,mm<sup>2<\/sup>\/s,<\/td>\n<td width=\"80\"><\/td>\n<td width=\"80\"><\/td>\n<td width=\"82\"><\/td>\n<td colspan=\"2\" width=\"253\">ISO 3104<\/td>\n<\/tr>\n<tr>\n<td width=\"228\">\u00a0\u00a0\u00a0\u00a0cSt @ 40\u00baC<\/td>\n<td width=\"80\">10.07<\/td>\n<td width=\"80\">9.447<\/td>\n<td width=\"82\">8.465<\/td>\n<td colspan=\"2\" width=\"253\">IEC 61868<\/td>\n<\/tr>\n<tr>\n<td width=\"228\">\u00a0\u00a0cSt @ -20\u00baC<\/td>\n<td width=\"80\">213.8<\/td>\n<td width=\"80\">&#8211;<\/td>\n<td width=\"82\">&#8211;<\/td>\n<td colspan=\"2\" width=\"253\"><\/td>\n<\/tr>\n<tr>\n<td width=\"228\">cSt @ -30\u00baC<\/td>\n<td width=\"80\">&#8211;<\/td>\n<td width=\"80\">397<\/td>\n<td width=\"82\">&#8211;<\/td>\n<td colspan=\"2\" width=\"253\"><\/td>\n<\/tr>\n<tr>\n<td width=\"228\">cSt @ -40\u00baC<\/td>\n<td width=\"80\">&#8211;<\/td>\n<td width=\"80\">&#8211;<\/td>\n<td width=\"82\">1944<\/td>\n<td colspan=\"2\" width=\"253\"><\/td>\n<\/tr>\n<tr>\n<td width=\"228\">Pour point,\u00baC<\/td>\n<td width=\"80\">-32<\/td>\n<td width=\"80\">-48<\/td>\n<td width=\"82\">-54<\/td>\n<td colspan=\"2\" width=\"253\">ISO 3016<\/td>\n<\/tr>\n<tr>\n<td width=\"228\">Water Content, mg\/kg<\/td>\n<td width=\"80\">16<\/td>\n<td width=\"80\">13<\/td>\n<td width=\"82\">15<\/td>\n<td colspan=\"2\" width=\"253\">IEC 60814<\/td>\n<\/tr>\n<tr>\n<td width=\"228\">Breakdown voltage, kV<\/td>\n<td width=\"80\">48<\/td>\n<td width=\"80\">43<\/td>\n<td width=\"82\">44<\/td>\n<td colspan=\"2\" width=\"253\">IEC 60156<\/td>\n<\/tr>\n<tr>\n<td rowspan=\"2\" width=\"228\">Dielectric dissipation factor @ 90\u00baC, IEC 60247<\/td>\n<td rowspan=\"2\" width=\"80\">0.0003<\/td>\n<td rowspan=\"2\" width=\"80\">0.0006<\/td>\n<td rowspan=\"2\" width=\"82\">0.0003<\/td>\n<td colspan=\"2\" width=\"253\">ISO 3675 or<\/td>\n<\/tr>\n<tr>\n<td colspan=\"2\" width=\"253\">ISO 12185<\/td>\n<\/tr>\n<tr>\n<td width=\"228\">Dielectric\u00a0dissipation factor<\/td>\n<td width=\"80\">47<\/td>\n<td width=\"80\">50<\/td>\n<td width=\"82\">53<\/td>\n<td colspan=\"2\" width=\"253\"><\/td>\n<\/tr>\n<tr>\n<td width=\"228\">Acidity, mg KOH\/g<\/td>\n<td width=\"80\">0.006<\/td>\n<td width=\"80\">0.006<\/td>\n<td width=\"82\">0.005<\/td>\n<td colspan=\"2\" width=\"253\">IEC 62021-1\/2<\/td>\n<\/tr>\n<tr>\n<td width=\"228\">Corrosive sulfur<\/td>\n<td width=\"80\">Not corrosive<\/td>\n<td width=\"80\">Not corrosive<\/td>\n<td width=\"82\">Not corrosive<\/td>\n<td colspan=\"2\" width=\"253\">DIN 51353<\/td>\n<\/tr>\n<tr>\n<td rowspan=\"2\" width=\"228\">Interfacial tension, mN\/m<\/td>\n<td rowspan=\"2\" width=\"80\">50<\/td>\n<td rowspan=\"2\" width=\"80\">51.1<\/td>\n<td rowspan=\"2\" width=\"82\">50<\/td>\n<td colspan=\"2\" width=\"253\">EN 14120 or<\/td>\n<\/tr>\n<tr>\n<td colspan=\"2\" width=\"253\">ISO 8754<\/td>\n<\/tr>\n<tr>\n<td width=\"228\">Oxidation stability,\u00a0500\u00a0h @\u00a0120\u00baC,<\/td>\n<td width=\"80\"><\/td>\n<td width=\"80\"><\/td>\n<td width=\"82\"><\/td>\n<td colspan=\"2\" rowspan=\"4\" width=\"253\">IEC 61125<\/td>\n<\/tr>\n<tr>\n<td width=\"228\">\u00a0\u00a0\u00a0\u00a0Total acidity, mg KOH\/g<\/td>\n<td width=\"80\">0.04<\/td>\n<td width=\"80\">0.06<\/td>\n<td width=\"82\">0.03<\/td>\n<\/tr>\n<tr>\n<td width=\"228\">\u00a0\u00a0\u00a0\u00a0Sludge, wt%<\/td>\n<td width=\"80\">0.01<\/td>\n<td width=\"80\">0.01<\/td>\n<td width=\"82\">0.03<\/td>\n<\/tr>\n<tr>\n<td width=\"228\">\u00a0\u00a0\u00a0\u00a0DDF\u00a0@ 90\u00baC<\/td>\n<td width=\"80\">0.011<\/td>\n<td width=\"80\">0.012<\/td>\n<td width=\"82\">0.0323<\/td>\n<\/tr>\n<tr>\n<td width=\"228\">Flash point (PMCC),\u00a0\u00baC<\/td>\n<td width=\"80\">164<\/td>\n<td width=\"80\">164<\/td>\n<td width=\"82\">156<\/td>\n<td colspan=\"2\" width=\"253\">ISO 2719<\/td>\n<\/tr>\n<tr>\n<td rowspan=\"2\" width=\"228\">Density @ 20\u00baC,\u00a0kg\/m<sup>3<\/sup><\/td>\n<td rowspan=\"2\" width=\"80\">0.833<\/td>\n<td rowspan=\"2\" width=\"80\">0.8378<\/td>\n<td rowspan=\"2\" width=\"82\">0.8354<\/td>\n<td colspan=\"2\" width=\"253\">IEC 60247 or<\/td>\n<\/tr>\n<tr>\n<td colspan=\"2\" width=\"253\">IEC 61620<\/td>\n<\/tr>\n<\/tbody>\n<\/table>\n<\/div>\n<p><\/p>","protected":false},"excerpt":{"rendered":"<p style=\"text-align: justify\"><strong>D\u1ea7u Bi\u1ebfn \u00c1p Cao C\u1ea5p SINOPEC<\/strong> \u0111\u01b0\u1ee3c pha ch\u1ebf t\u1eeb d\u1ea7u kho\u00e1ng tinh luy\u1ec7n v\u00e0 c\u00e1c ch\u1ea5t ch\u1ed1ng oxy h\u00f3a \u0111\u01b0\u1ee3c l\u1ef1a ch\u1ecdn k\u1ef9 c\u00e0ng. N\u00f3 \u0111\u01b0\u1ee3c thi\u1ebft k\u1ebf \u0111\u1ec3 c\u00e1ch \u0111i\u1ec7n v\u00e0 l\u00e0m m\u00e1t c\u00e1c m\u00e1y bi\u1ebfn \u00e1p, thi\u1ebft b\u1ecb chuy\u1ec3n m\u1ea1ch ng\u00e2m d\u1ea7u v\u00e0 c\u00e1c \u1ee9ng d\u1ee5ng c\u00e1ch \u0111i\u1ec7n kh\u00e1c. <strong>D\u1ea7u Bi\u1ebfn \u00c1p Cao C\u1ea5p SINOPEC<\/strong> kh\u00f4ng ch\u1ee9a c\u00e1c h\u1ee3p ch\u1ea5t polychlorinated biphenyls (PCBs).<\/p>\n","protected":false},"featured_media":27397,"comment_status":"closed","ping_status":"closed","template":"","meta":[],"product_cat":[773,719,1405],"product_tag":[1414,1415,1417,1416,1408,1410,1409,1245,1411,1418],"class_list":{"0":"post-28336","1":"product","2":"type-product","3":"status-publish","4":"has-post-thumbnail","6":"product_brand-sinopec","7":"product_cat-dau-cong-nghiep-sinopec","8":"product_cat-dau-nhot-sinopec","9":"product_cat-dau-sieu-bien-ap-sinopec-tvai","10":"product_tag-dau-bien-ap-cao-cap","11":"product_tag-dau-bien-ap-hieu-suat-cao","12":"product_tag-dau-bien-ap-khong-pcb","13":"product_tag-dau-bien-ap-nhiet-do-thap","14":"product_tag-dau-bien-ap-sinopec","15":"product_tag-dau-cach-dien","16":"product_tag-dau-cach-dien-sinopec","17":"product_tag-dau-chong-oxy-hoa","18":"product_tag-dau-lam-mat-bien-ap","19":"product_tag-dau-truyen-nhiet-tot","21":"first","22":"instock","23":"shipping-taxable","24":"product-type-simple"},"yoast_head":"<!-- This site is optimized with the Yoast SEO plugin v27.2 - https:\/\/yoast.com\/product\/yoast-seo-wordpress\/ -->\n<title>D\u1ea7u Si\u00eau Bi\u1ebfn \u00c1p Sinopec TVAI - C\u00f4ng Ty TNHH D\u1ea7u Nh\u1eddn T&amp;T Vi\u1ec7t Nam<\/title>\n<meta name=\"robots\" content=\"index, follow, max-snippet:-1, max-image-preview:large, max-video-preview:-1\" \/>\n<link rel=\"canonical\" href=\"https:\/\/tatco.vn\/en\/san-pham\/dau-sieu-bien-ap-sinopec-tvai\/\" \/>\n<meta property=\"og:locale\" content=\"vi_VN\" \/>\n<meta property=\"og:type\" content=\"article\" \/>\n<meta property=\"og:title\" content=\"D\u1ea7u Si\u00eau Bi\u1ebfn \u00c1p Sinopec TVAI - C\u00f4ng Ty TNHH D\u1ea7u Nh\u1eddn T&amp;T Vi\u1ec7t Nam\" \/>\n<meta property=\"og:url\" content=\"https:\/\/tatco.vn\/en\/san-pham\/dau-sieu-bien-ap-sinopec-tvai\/\" \/>\n<meta property=\"og:site_name\" content=\"C\u00f4ng Ty TNHH D\u1ea7u Nh\u1eddn T&amp;T Vi\u1ec7t Nam\" \/>\n<meta property=\"article:modified_time\" content=\"2025-02-23T10:11:02+00:00\" \/>\n<meta property=\"og:image\" content=\"https:\/\/tatco.vn\/wp-content\/uploads\/2021\/06\/Sinopec-oil-product.png\" \/>\n\t<meta property=\"og:image:width\" content=\"1000\" \/>\n\t<meta property=\"og:image:height\" content=\"1000\" \/>\n\t<meta property=\"og:image:type\" content=\"image\/png\" \/>\n<meta name=\"twitter:card\" content=\"summary_large_image\" \/>\n<meta name=\"twitter:label1\" content=\"\u01af\u1edbc t\u00ednh th\u1eddi gian \u0111\u1ecdc\" \/>\n\t<meta name=\"twitter:data1\" content=\"2 ph\u00fat\" \/>\n<script type=\"application\/ld+json\" class=\"yoast-schema-graph\">{\"@context\":\"https:\/\/schema.org\",\"@graph\":[{\"@type\":\"WebPage\",\"@id\":\"https:\/\/tatco.vn\/en\/san-pham\/dau-sieu-bien-ap-sinopec-tvai\/\",\"url\":\"https:\/\/tatco.vn\/en\/san-pham\/dau-sieu-bien-ap-sinopec-tvai\/\",\"name\":\"D\u1ea7u Si\u00eau Bi\u1ebfn \u00c1p Sinopec TVAI - C\u00f4ng Ty TNHH D\u1ea7u Nh\u1eddn T&amp;T Vi\u1ec7t Nam\",\"isPartOf\":{\"@id\":\"https:\/\/tatco.vn\/en\/#website\"},\"primaryImageOfPage\":{\"@id\":\"https:\/\/tatco.vn\/en\/san-pham\/dau-sieu-bien-ap-sinopec-tvai\/#primaryimage\"},\"image\":{\"@id\":\"https:\/\/tatco.vn\/en\/san-pham\/dau-sieu-bien-ap-sinopec-tvai\/#primaryimage\"},\"thumbnailUrl\":\"https:\/\/tatco.vn\/wp-content\/uploads\/2021\/06\/Sinopec-oil-product.png\",\"datePublished\":\"2025-02-23T10:11:01+00:00\",\"dateModified\":\"2025-02-23T10:11:02+00:00\",\"breadcrumb\":{\"@id\":\"https:\/\/tatco.vn\/en\/san-pham\/dau-sieu-bien-ap-sinopec-tvai\/#breadcrumb\"},\"inLanguage\":\"vi\",\"potentialAction\":[{\"@type\":\"ReadAction\",\"target\":[\"https:\/\/tatco.vn\/en\/san-pham\/dau-sieu-bien-ap-sinopec-tvai\/\"]}]},{\"@type\":\"ImageObject\",\"inLanguage\":\"vi\",\"@id\":\"https:\/\/tatco.vn\/en\/san-pham\/dau-sieu-bien-ap-sinopec-tvai\/#primaryimage\",\"url\":\"https:\/\/tatco.vn\/wp-content\/uploads\/2021\/06\/Sinopec-oil-product.png\",\"contentUrl\":\"https:\/\/tatco.vn\/wp-content\/uploads\/2021\/06\/Sinopec-oil-product.png\",\"width\":1000,\"height\":1000},{\"@type\":\"BreadcrumbList\",\"@id\":\"https:\/\/tatco.vn\/en\/san-pham\/dau-sieu-bien-ap-sinopec-tvai\/#breadcrumb\",\"itemListElement\":[{\"@type\":\"ListItem\",\"position\":1,\"name\":\"Home\",\"item\":\"https:\/\/tatco.vn\/\"},{\"@type\":\"ListItem\",\"position\":2,\"name\":\"C\u1eeda h\u00e0ng\",\"item\":\"https:\/\/tatco.vn\/en\/mua\/\"},{\"@type\":\"ListItem\",\"position\":3,\"name\":\"Sinopec TVAI Super Transformer Oil\"}]},{\"@type\":\"WebSite\",\"@id\":\"https:\/\/tatco.vn\/en\/#website\",\"url\":\"https:\/\/tatco.vn\/en\/\",\"name\":\"C\u00f4ng Ty TNHH D\u1ea7u Nh\u1eddn T&amp;T Vi\u1ec7t Nam\",\"description\":\"Right Point - Right Time - Best Solution\",\"publisher\":{\"@id\":\"https:\/\/tatco.vn\/en\/#organization\"},\"potentialAction\":[{\"@type\":\"SearchAction\",\"target\":{\"@type\":\"EntryPoint\",\"urlTemplate\":\"https:\/\/tatco.vn\/en\/?s={search_term_string}\"},\"query-input\":{\"@type\":\"PropertyValueSpecification\",\"valueRequired\":true,\"valueName\":\"search_term_string\"}}],\"inLanguage\":\"vi\"},{\"@type\":\"Organization\",\"@id\":\"https:\/\/tatco.vn\/en\/#organization\",\"name\":\"C\u00f4ng Ty TNHH D\u1ea7u Nh\u1eddn T&T Vi\u1ec7t Nam\",\"url\":\"https:\/\/tatco.vn\/en\/\",\"logo\":{\"@type\":\"ImageObject\",\"inLanguage\":\"vi\",\"@id\":\"https:\/\/tatco.vn\/en\/#\/schema\/logo\/image\/\",\"url\":\"https:\/\/tatco.vn\/wp-content\/uploads\/2019\/05\/fav-ico.png\",\"contentUrl\":\"https:\/\/tatco.vn\/wp-content\/uploads\/2019\/05\/fav-ico.png\",\"width\":200,\"height\":200,\"caption\":\"C\u00f4ng Ty TNHH D\u1ea7u Nh\u1eddn T&T Vi\u1ec7t Nam\"},\"image\":{\"@id\":\"https:\/\/tatco.vn\/en\/#\/schema\/logo\/image\/\"}}]}<\/script>\n<!-- \/ Yoast SEO plugin. -->","yoast_head_json":{"title":"D\u1ea7u Si\u00eau Bi\u1ebfn \u00c1p Sinopec TVAI - C\u00f4ng Ty TNHH D\u1ea7u Nh\u1eddn T&amp;T Vi\u1ec7t Nam","robots":{"index":"index","follow":"follow","max-snippet":"max-snippet:-1","max-image-preview":"max-image-preview:large","max-video-preview":"max-video-preview:-1"},"canonical":"https:\/\/tatco.vn\/en\/san-pham\/dau-sieu-bien-ap-sinopec-tvai\/","og_locale":"vi_VN","og_type":"article","og_title":"D\u1ea7u Si\u00eau Bi\u1ebfn \u00c1p Sinopec TVAI - C\u00f4ng Ty TNHH D\u1ea7u Nh\u1eddn T&amp;T Vi\u1ec7t Nam","og_url":"https:\/\/tatco.vn\/en\/san-pham\/dau-sieu-bien-ap-sinopec-tvai\/","og_site_name":"C\u00f4ng Ty TNHH D\u1ea7u Nh\u1eddn T&amp;T Vi\u1ec7t Nam","article_modified_time":"2025-02-23T10:11:02+00:00","og_image":[{"width":1000,"height":1000,"url":"https:\/\/tatco.vn\/wp-content\/uploads\/2021\/06\/Sinopec-oil-product.png","type":"image\/png"}],"twitter_card":"summary_large_image","twitter_misc":{"\u01af\u1edbc t\u00ednh th\u1eddi gian \u0111\u1ecdc":"2 ph\u00fat"},"schema":{"@context":"https:\/\/schema.org","@graph":[{"@type":"WebPage","@id":"https:\/\/tatco.vn\/en\/san-pham\/dau-sieu-bien-ap-sinopec-tvai\/","url":"https:\/\/tatco.vn\/en\/san-pham\/dau-sieu-bien-ap-sinopec-tvai\/","name":"D\u1ea7u Si\u00eau Bi\u1ebfn \u00c1p Sinopec TVAI - C\u00f4ng Ty TNHH D\u1ea7u Nh\u1eddn T&amp;T Vi\u1ec7t Nam","isPartOf":{"@id":"https:\/\/tatco.vn\/en\/#website"},"primaryImageOfPage":{"@id":"https:\/\/tatco.vn\/en\/san-pham\/dau-sieu-bien-ap-sinopec-tvai\/#primaryimage"},"image":{"@id":"https:\/\/tatco.vn\/en\/san-pham\/dau-sieu-bien-ap-sinopec-tvai\/#primaryimage"},"thumbnailUrl":"https:\/\/tatco.vn\/wp-content\/uploads\/2021\/06\/Sinopec-oil-product.png","datePublished":"2025-02-23T10:11:01+00:00","dateModified":"2025-02-23T10:11:02+00:00","breadcrumb":{"@id":"https:\/\/tatco.vn\/en\/san-pham\/dau-sieu-bien-ap-sinopec-tvai\/#breadcrumb"},"inLanguage":"vi","potentialAction":[{"@type":"ReadAction","target":["https:\/\/tatco.vn\/en\/san-pham\/dau-sieu-bien-ap-sinopec-tvai\/"]}]},{"@type":"ImageObject","inLanguage":"vi","@id":"https:\/\/tatco.vn\/en\/san-pham\/dau-sieu-bien-ap-sinopec-tvai\/#primaryimage","url":"https:\/\/tatco.vn\/wp-content\/uploads\/2021\/06\/Sinopec-oil-product.png","contentUrl":"https:\/\/tatco.vn\/wp-content\/uploads\/2021\/06\/Sinopec-oil-product.png","width":1000,"height":1000},{"@type":"BreadcrumbList","@id":"https:\/\/tatco.vn\/en\/san-pham\/dau-sieu-bien-ap-sinopec-tvai\/#breadcrumb","itemListElement":[{"@type":"ListItem","position":1,"name":"Home","item":"https:\/\/tatco.vn\/"},{"@type":"ListItem","position":2,"name":"C\u1eeda h\u00e0ng","item":"https:\/\/tatco.vn\/en\/mua\/"},{"@type":"ListItem","position":3,"name":"Sinopec TVAI Super Transformer Oil"}]},{"@type":"WebSite","@id":"https:\/\/tatco.vn\/en\/#website","url":"https:\/\/tatco.vn\/en\/","name":"C\u00f4ng Ty TNHH D\u1ea7u Nh\u1eddn T&amp;T Vi\u1ec7t Nam","description":"Right Point - Right Time - Best Solution","publisher":{"@id":"https:\/\/tatco.vn\/en\/#organization"},"potentialAction":[{"@type":"SearchAction","target":{"@type":"EntryPoint","urlTemplate":"https:\/\/tatco.vn\/en\/?s={search_term_string}"},"query-input":{"@type":"PropertyValueSpecification","valueRequired":true,"valueName":"search_term_string"}}],"inLanguage":"vi"},{"@type":"Organization","@id":"https:\/\/tatco.vn\/en\/#organization","name":"C\u00f4ng Ty TNHH D\u1ea7u Nh\u1eddn T&T Vi\u1ec7t Nam","url":"https:\/\/tatco.vn\/en\/","logo":{"@type":"ImageObject","inLanguage":"vi","@id":"https:\/\/tatco.vn\/en\/#\/schema\/logo\/image\/","url":"https:\/\/tatco.vn\/wp-content\/uploads\/2019\/05\/fav-ico.png","contentUrl":"https:\/\/tatco.vn\/wp-content\/uploads\/2019\/05\/fav-ico.png","width":200,"height":200,"caption":"C\u00f4ng Ty TNHH D\u1ea7u Nh\u1eddn T&T Vi\u1ec7t Nam"},"image":{"@id":"https:\/\/tatco.vn\/en\/#\/schema\/logo\/image\/"}}]}},"_links":{"self":[{"href":"https:\/\/tatco.vn\/vi\/wp-json\/wp\/v2\/product\/28336","targetHints":{"allow":["GET"]}}],"collection":[{"href":"https:\/\/tatco.vn\/vi\/wp-json\/wp\/v2\/product"}],"about":[{"href":"https:\/\/tatco.vn\/vi\/wp-json\/wp\/v2\/types\/product"}],"replies":[{"embeddable":true,"href":"https:\/\/tatco.vn\/vi\/wp-json\/wp\/v2\/comments?post=28336"}],"version-history":[{"count":1,"href":"https:\/\/tatco.vn\/vi\/wp-json\/wp\/v2\/product\/28336\/revisions"}],"predecessor-version":[{"id":28337,"href":"https:\/\/tatco.vn\/vi\/wp-json\/wp\/v2\/product\/28336\/revisions\/28337"}],"wp:featuredmedia":[{"embeddable":true,"href":"https:\/\/tatco.vn\/vi\/wp-json\/wp\/v2\/media\/27397"}],"wp:attachment":[{"href":"https:\/\/tatco.vn\/vi\/wp-json\/wp\/v2\/media?parent=28336"}],"wp:term":[{"taxonomy":"product_cat","embeddable":true,"href":"https:\/\/tatco.vn\/vi\/wp-json\/wp\/v2\/product_cat?post=28336"},{"taxonomy":"product_tag","embeddable":true,"href":"https:\/\/tatco.vn\/vi\/wp-json\/wp\/v2\/product_tag?post=28336"}],"curies":[{"name":"wp","href":"https:\/\/api.w.org\/{rel}","templated":true}]}}