{"id":28310,"date":"2025-02-15T13:30:41","date_gmt":"2025-02-15T06:30:41","guid":{"rendered":"https:\/\/tatco.vn\/vi\/?post_type=product&#038;p=28310"},"modified":"2025-02-15T13:30:43","modified_gmt":"2025-02-15T06:30:43","slug":"dau-truyen-nhiet-tong-hop-sinopec-l-qd-340","status":"publish","type":"product","link":"https:\/\/tatco.vn\/vi\/san-pham\/dau-truyen-nhiet-tong-hop-sinopec-l-qd-340\/","title":{"rendered":"D\u1ea7u Truy\u1ec1n Nhi\u1ec7t T\u1ed5ng H\u1ee3p Sinopec L-QD 340"},"content":{"rendered":"<p><\/p>\n<p style=\"text-align: justify\"><strong>D\u1ea7u Truy\u1ec1n Nhi\u1ec7t T\u1ed5ng H\u1ee3p Sinopec L-QD 340<\/strong> \u0111\u01b0\u1ee3c pha ch\u1ebf t\u1eeb c\u00e1c ch\u1ea5t th\u01a1m t\u1ed5ng h\u1ee3p c\u00f3 \u0111\u1ed9 tinh khi\u1ebft cao, v\u1edbi kh\u1ea3 n\u0103ng \u1ed5n \u0111\u1ecbnh nhi\u1ec7t tuy\u1ec7t v\u1eddi \u1edf nhi\u1ec7t \u0111\u1ed9 cao. N\u00f3 \u0111\u01b0\u1ee3c khuy\u1ebfn ngh\u1ecb s\u1eed d\u1ee5ng l\u00e0m ch\u1ea5t truy\u1ec1n nhi\u1ec7t trong c\u00e1c h\u1ec7 th\u1ed1ng tu\u1ea7n ho\u00e0n k\u00edn, c\u01b0\u1ee1ng b\u1ee9c ho\u1eb7c kh\u00f4ng c\u01b0\u1ee1ng b\u1ee9c, n\u01a1i nhi\u1ec7t \u0111\u1ed9 d\u1ea7u kh\u00f4ng v\u01b0\u1ee3t qu\u00e1 330\u2103. D\u1ea7u n\u00e0y \u0111\u01b0\u1ee3c s\u1eed d\u1ee5ng r\u1ed9ng r\u00e3i trong c\u00e1c ng\u00e0nh c\u00f4ng nghi\u1ec7p h\u00f3a d\u1ea7u, s\u1ee3i t\u1ed5ng h\u1ee3p, nh\u1ef1a t\u1ed5ng h\u1ee3p, d\u01b0\u1ee3c ph\u1ea9m, in \u1ea5n v\u00e0 nhu\u1ed9m, v\u00e0 c\u00e1c ng\u00e0nh c\u00f4ng nghi\u1ec7p kh\u00e1c.<\/p>\n<h3 style=\"text-align: justify\">\u1ee8ng D\u1ee5ng:<\/h3>\n<p style=\"text-align: justify\"><strong>D\u1ea7u Truy\u1ec1n Nhi\u1ec7t T\u1ed5ng H\u1ee3p Sinopec L-QD 340<\/strong> ph\u00f9 h\u1ee3p \u0111\u1ec3 s\u1eed d\u1ee5ng trong:<\/p>\n<ul style=\"text-align: justify\">\n<li>H\u1ec7 th\u1ed1ng truy\u1ec1n nhi\u1ec7t k\u00edn v\u1edbi tu\u1ea7n ho\u00e0n c\u01b0\u1ee1ng b\u1ee9c ho\u1eb7c kh\u00f4ng c\u01b0\u1ee1ng b\u1ee9c ho\u1ea1t \u0111\u1ed9ng \u1edf nhi\u1ec7t \u0111\u1ed9 d\u1ea7u t\u1ed1i \u0111a l\u00e0 330\u2103.<\/li>\n<li>C\u00e1c qu\u00e1 tr\u00ecnh s\u1ea5y kh\u00f4 v\u00e0 gia nhi\u1ec7t, nh\u01b0 trong ch\u1ebf bi\u1ebfn g\u1ed7, ho\u00e0n thi\u1ec7n d\u1ec7t may, ch\u1ebf bi\u1ebfn th\u1ef1c ph\u1ea9m v\u00e0 ng\u00e0nh c\u00f4ng nghi\u1ec7p h\u00f3a ch\u1ea5t.<\/li>\n<\/ul>\n<h3 style=\"text-align: justify\">\u0110\u1eb7c \u0110i\u1ec3m v\u00e0 L\u1ee3i \u00cdch:<\/h3>\n<ul>\n<li style=\"text-align: justify\"><strong>D\u1ea7u th\u01a1m t\u1ed5ng h\u1ee3p c\u00f3 \u0111i\u1ec3m ch\u01b0ng c\u1ea5t cao<\/strong>: Tr\u00e1nh s\u1ef1 gia t\u0103ng \u00e1p su\u1ea5t trong h\u1ec7 th\u1ed1ng tu\u1ea7n ho\u00e0n k\u00edn.<\/li>\n<li style=\"text-align: justify\"><strong>Kh\u1ea3 n\u0103ng \u1ed5n \u0111\u1ecbnh nhi\u1ec7t tuy\u1ec7t v\u1eddi<\/strong>: \u0110\u1ea3m b\u1ea3o d\u1ea7u kh\u00f4ng b\u1ecb n\u1ee9t, ph\u00e2n h\u1ee7y ho\u1eb7c t\u1ea1o ra c\u1eb7n \u1edf nhi\u1ec7t \u0111\u1ed9 cao, k\u00e9o d\u00e0i tu\u1ed5i th\u1ecd c\u1ee7a d\u1ea7u, b\u1ea3o v\u1ec7 h\u1ec7 th\u1ed1ng v\u00e0 gi\u1ea3m chi ph\u00ed b\u1ea3o tr\u00ec.<\/li>\n<li style=\"text-align: justify\"><strong>\u0110i\u1ec3m ch\u1edbp ch\u00e1y cao v\u00e0 t\u1ef7 l\u1ec7 bay h\u01a1i th\u1ea5p<\/strong>: Cho ph\u00e9p s\u1eed d\u1ee5ng d\u1ea7u trong h\u1ec7 th\u1ed1ng k\u00edn \u0111\u1ebfn 330\u2103.<\/li>\n<li style=\"text-align: justify\"><strong>Nhi\u1ec7t dung ri\u00eang cao v\u00e0 \u0111\u1ed9 d\u1eabn nhi\u1ec7t cao<\/strong>: \u0110\u1ea3m b\u1ea3o truy\u1ec1n nhi\u1ec7t nhanh, c\u1ea3i thi\u1ec7n hi\u1ec7u su\u1ea5t ho\u1ea1t \u0111\u1ed9ng v\u00e0 gi\u1ea3m chi ph\u00ed v\u1eadn h\u00e0nh.<\/li>\n<li style=\"text-align: justify\"><strong>T\u00ednh l\u01b0u \u0111\u1ed9ng t\u1ed1t \u1edf nhi\u1ec7t \u0111\u1ed9 th\u1ea5p<\/strong>: \u0110\u1ea3m b\u1ea3o d\u1ea7u l\u01b0u th\u00f4ng t\u1ed1t, ngay c\u1ea3 khi kh\u1edfi \u0111\u1ed9ng \u1edf nhi\u1ec7t \u0111\u1ed9 th\u1ea5p.<\/li>\n<li style=\"text-align: justify\"><strong>Kh\u1ea3 n\u0103ng ch\u1ed1ng g\u1ec9 v\u00e0 ch\u1ed1ng \u0103n m\u00f2n t\u1ed1t<\/strong>: B\u1ea3o v\u1ec7 h\u1ec7 th\u1ed1ng v\u00e0 gi\u1ea3m chi ph\u00ed b\u1ea3o tr\u00ec.<\/li>\n<li>\n<p style=\"text-align: justify\"><strong>D\u1ea7u th\u01a1m t\u1ed5ng h\u1ee3p \u0111\u00e3 qua s\u1eed d\u1ee5ng<\/strong>: C\u00f3 th\u1ec3 t\u00e1i ch\u1ebf ho\u1eb7c x\u1eed l\u00fd l\u1ea1i \u0111\u1ec3 b\u1ea3o v\u1ec7 m\u00f4i tr\u01b0\u1eddng.<\/p>\n<\/li>\n<\/ul>\n<h3>Th\u00f4ng S\u1ed1 K\u1ef9 Thu\u1eadt:<\/h3>\n<div>\n<div>\n<div class=\"table-responsive\">\n<table class=\"table table-striped\">\n<thead>\n<tr>\n<th><strong>Th\u00f4ng S\u1ed1<\/strong><\/th>\n<th><strong>D\u1ea7u Truy\u1ec1n Nhi\u1ec7t T\u1ed5ng H\u1ee3p Sinopec L-QD 340<\/strong><\/th>\n<\/tr>\n<\/thead>\n<tbody>\n<tr>\n<td><strong>\u0110\u1ed9 Nh\u1edbt \u0110\u1ed9ng H\u1ecdc, ASTM D 445<\/strong><\/td>\n<td><\/td>\n<\/tr>\n<tr>\n<td><strong>cSt @ 40\u2103<\/strong><\/td>\n<td>30.48<\/td>\n<\/tr>\n<tr>\n<td><strong>cSt @ 100\u2103<\/strong><\/td>\n<td>3.931<\/td>\n<\/tr>\n<tr>\n<td><strong>cSt @ 0\u2103<\/strong><\/td>\n<td>1329<\/td>\n<\/tr>\n<tr>\n<td><strong>\u1ed4n \u0110\u1ecbnh Nhi\u1ec7t (340\u2103, 1000h), ASTM D 51528<\/strong><\/td>\n<td><\/td>\n<\/tr>\n<tr>\n<td><strong>Ngo\u1ea1i Quan<\/strong><\/td>\n<td>Ch\u1ea5t l\u1ecfng trong su\u1ed1t m\u00e0u v\u00e0ng<\/td>\n<\/tr>\n<tr>\n<td><strong>Ch\u1ea5t g\u00e2y suy tho\u00e1i, %<\/strong><\/td>\n<td>5.7<\/td>\n<\/tr>\n<tr>\n<td><strong>\u0110i\u1ec3m Ch\u1edbp Ch\u00e1y (PM), \u2103, ISO 2719<\/strong><\/td>\n<td>182<\/td>\n<\/tr>\n<tr>\n<td><strong>\u0110i\u1ec3m Ch\u00e1y, \u2103, ASTM E 659<\/strong><\/td>\n<td>357<\/td>\n<\/tr>\n<tr>\n<td><strong>\u0110i\u1ec3m \u0110\u00f4ng \u0110\u1eb7c, \u2103, ISO 3016<\/strong><\/td>\n<td>-18<\/td>\n<\/tr>\n<tr>\n<td><strong>Ph\u1ea1m Vi Ch\u01b0ng C\u1ea5t, \u0110i\u1ec3m Ch\u01b0ng C\u1ea5t Ban \u0110\u1ea7u, \u2103, ASTM D 8887<\/strong><\/td>\n<td>315<\/td>\n<\/tr>\n<tr>\n<td><strong>2%, \u2103, ASTM D 86<\/strong><\/td>\n<td>340.9<\/td>\n<\/tr>\n<tr>\n<td><strong>D\u01b0 L\u01b0\u1ee3ng Carbon Micro-Conradson, %wt, ISO 10370<\/strong><\/td>\n<td>&lt;0.01<\/td>\n<\/tr>\n<tr>\n<td><strong>H\u00e0m L\u01b0\u1ee3ng L\u01b0u Hu\u1ef3nh, %, ASTM D5453<\/strong><\/td>\n<td>&lt;0.01<\/td>\n<\/tr>\n<tr>\n<td><strong>Gi\u00e1 Tr\u1ecb Axit, mgKOH\/kg, ASTM D 974<\/strong><\/td>\n<td>&lt;0.01<\/td>\n<\/tr>\n<tr>\n<td><strong>Gi\u00e1 Tr\u1ecb Axit, mgKOH\/kg, ASTM D 974<\/strong><\/td>\n<td>0.01<\/td>\n<\/tr>\n<\/tbody>\n<\/table>\n<\/div>\n<\/div>\n<\/div>\n<p><\/p>","protected":false},"excerpt":{"rendered":"<p style=\"text-align: justify\"><strong>D\u1ea7u Truy\u1ec1n Nhi\u1ec7t T\u1ed5ng H\u1ee3p Sinopec L-QD 340<\/strong> \u0111\u01b0\u1ee3c pha ch\u1ebf t\u1eeb c\u00e1c ch\u1ea5t th\u01a1m t\u1ed5ng h\u1ee3p c\u00f3 \u0111\u1ed9 tinh khi\u1ebft cao, v\u1edbi kh\u1ea3 n\u0103ng \u1ed5n \u0111\u1ecbnh nhi\u1ec7t tuy\u1ec7t v\u1eddi \u1edf nhi\u1ec7t \u0111\u1ed9 cao. N\u00f3 \u0111\u01b0\u1ee3c khuy\u1ebfn ngh\u1ecb s\u1eed d\u1ee5ng l\u00e0m ch\u1ea5t truy\u1ec1n nhi\u1ec7t trong c\u00e1c h\u1ec7 th\u1ed1ng tu\u1ea7n ho\u00e0n k\u00edn, c\u01b0\u1ee1ng b\u1ee9c ho\u1eb7c kh\u00f4ng c\u01b0\u1ee1ng b\u1ee9c, n\u01a1i nhi\u1ec7t \u0111\u1ed9 d\u1ea7u kh\u00f4ng v\u01b0\u1ee3t qu\u00e1 330\u2103. D\u1ea7u n\u00e0y \u0111\u01b0\u1ee3c s\u1eed d\u1ee5ng r\u1ed9ng r\u00e3i trong c\u00e1c ng\u00e0nh c\u00f4ng nghi\u1ec7p h\u00f3a d\u1ea7u, s\u1ee3i t\u1ed5ng h\u1ee3p, nh\u1ef1a t\u1ed5ng h\u1ee3p, d\u01b0\u1ee3c ph\u1ea9m, in \u1ea5n v\u00e0 nhu\u1ed9m, v\u00e0 c\u00e1c ng\u00e0nh c\u00f4ng nghi\u1ec7p kh\u00e1c.<\/p>\n","protected":false},"featured_media":27397,"comment_status":"closed","ping_status":"closed","template":"","meta":[],"product_cat":[773,719,755,1341],"product_tag":[1391,1389,1394,1395,1396,1393,1392,1390,1398,1399],"class_list":{"0":"post-28310","1":"product","2":"type-product","3":"status-publish","4":"has-post-thumbnail","6":"product_brand-sinopec","7":"product_cat-dau-cong-nghiep-sinopec","8":"product_cat-dau-nhot-sinopec","9":"product_cat-dau-truyen-nhiet-sinopec","10":"product_cat-dau-truyen-nhiet-tong-hop-l-qd-340","11":"product_tag-chat-long-nhiet","12":"product_tag-chat-truyen-nhiet","13":"product_tag-dau-nhiet-do-cao-co-diem-chop-chay-cao","14":"product_tag-dau-nhiet-do-thap-co-ty-le-bay-hoi-thap","15":"product_tag-dau-truyen-nhiet-chong-an-mon","16":"product_tag-dau-truyen-nhiet-chong-oxy-hoa","17":"product_tag-dau-truyen-nhiet-cong-nghiep","18":"product_tag-dau-truyen-nhiet-o-nhiet-do-cao","19":"product_tag-dau-truyen-nhiet-tong-hop-sinopec","20":"product_tag-sinopec-l-qd-340","22":"first","23":"instock","24":"shipping-taxable","25":"product-type-simple"},"yoast_head":"<!-- This site is optimized with the Yoast SEO plugin v27.2 - https:\/\/yoast.com\/product\/yoast-seo-wordpress\/ -->\n<title>D\u1ea7u Truy\u1ec1n Nhi\u1ec7t T\u1ed5ng H\u1ee3p Sinopec L-QD 340 - C\u00f4ng Ty TNHH D\u1ea7u Nh\u1eddn T&amp;T Vi\u1ec7t Nam<\/title>\n<meta name=\"robots\" content=\"index, follow, max-snippet:-1, max-image-preview:large, max-video-preview:-1\" \/>\n<link rel=\"canonical\" href=\"https:\/\/tatco.vn\/vi\/san-pham\/dau-truyen-nhiet-tong-hop-sinopec-l-qd-340\/\" \/>\n<meta property=\"og:locale\" content=\"vi_VN\" \/>\n<meta property=\"og:type\" content=\"article\" \/>\n<meta property=\"og:title\" content=\"D\u1ea7u Truy\u1ec1n Nhi\u1ec7t T\u1ed5ng H\u1ee3p Sinopec L-QD 340 - C\u00f4ng Ty TNHH D\u1ea7u Nh\u1eddn T&amp;T Vi\u1ec7t Nam\" \/>\n<meta property=\"og:url\" content=\"https:\/\/tatco.vn\/vi\/san-pham\/dau-truyen-nhiet-tong-hop-sinopec-l-qd-340\/\" \/>\n<meta property=\"og:site_name\" content=\"C\u00f4ng Ty TNHH D\u1ea7u Nh\u1eddn T&amp;T Vi\u1ec7t Nam\" \/>\n<meta property=\"article:modified_time\" content=\"2025-02-15T06:30:43+00:00\" \/>\n<meta property=\"og:image\" content=\"https:\/\/tatco.vn\/wp-content\/uploads\/2021\/06\/Sinopec-oil-product.png\" \/>\n\t<meta property=\"og:image:width\" content=\"1000\" \/>\n\t<meta property=\"og:image:height\" content=\"1000\" \/>\n\t<meta property=\"og:image:type\" content=\"image\/png\" \/>\n<meta name=\"twitter:card\" content=\"summary_large_image\" \/>\n<meta name=\"twitter:label1\" content=\"\u01af\u1edbc t\u00ednh th\u1eddi gian \u0111\u1ecdc\" \/>\n\t<meta name=\"twitter:data1\" content=\"2 ph\u00fat\" \/>\n<script type=\"application\/ld+json\" class=\"yoast-schema-graph\">{\"@context\":\"https:\/\/schema.org\",\"@graph\":[{\"@type\":\"WebPage\",\"@id\":\"https:\/\/tatco.vn\/vi\/san-pham\/dau-truyen-nhiet-tong-hop-sinopec-l-qd-340\/\",\"url\":\"https:\/\/tatco.vn\/vi\/san-pham\/dau-truyen-nhiet-tong-hop-sinopec-l-qd-340\/\",\"name\":\"D\u1ea7u Truy\u1ec1n Nhi\u1ec7t T\u1ed5ng H\u1ee3p Sinopec L-QD 340 - C\u00f4ng Ty TNHH D\u1ea7u Nh\u1eddn T&amp;T Vi\u1ec7t Nam\",\"isPartOf\":{\"@id\":\"https:\/\/tatco.vn\/en\/#website\"},\"primaryImageOfPage\":{\"@id\":\"https:\/\/tatco.vn\/vi\/san-pham\/dau-truyen-nhiet-tong-hop-sinopec-l-qd-340\/#primaryimage\"},\"image\":{\"@id\":\"https:\/\/tatco.vn\/vi\/san-pham\/dau-truyen-nhiet-tong-hop-sinopec-l-qd-340\/#primaryimage\"},\"thumbnailUrl\":\"https:\/\/tatco.vn\/wp-content\/uploads\/2021\/06\/Sinopec-oil-product.png\",\"datePublished\":\"2025-02-15T06:30:41+00:00\",\"dateModified\":\"2025-02-15T06:30:43+00:00\",\"breadcrumb\":{\"@id\":\"https:\/\/tatco.vn\/vi\/san-pham\/dau-truyen-nhiet-tong-hop-sinopec-l-qd-340\/#breadcrumb\"},\"inLanguage\":\"vi\",\"potentialAction\":[{\"@type\":\"ReadAction\",\"target\":[\"https:\/\/tatco.vn\/vi\/san-pham\/dau-truyen-nhiet-tong-hop-sinopec-l-qd-340\/\"]}]},{\"@type\":\"ImageObject\",\"inLanguage\":\"vi\",\"@id\":\"https:\/\/tatco.vn\/vi\/san-pham\/dau-truyen-nhiet-tong-hop-sinopec-l-qd-340\/#primaryimage\",\"url\":\"https:\/\/tatco.vn\/wp-content\/uploads\/2021\/06\/Sinopec-oil-product.png\",\"contentUrl\":\"https:\/\/tatco.vn\/wp-content\/uploads\/2021\/06\/Sinopec-oil-product.png\",\"width\":1000,\"height\":1000},{\"@type\":\"BreadcrumbList\",\"@id\":\"https:\/\/tatco.vn\/vi\/san-pham\/dau-truyen-nhiet-tong-hop-sinopec-l-qd-340\/#breadcrumb\",\"itemListElement\":[{\"@type\":\"ListItem\",\"position\":1,\"name\":\"Home\",\"item\":\"https:\/\/tatco.vn\/\"},{\"@type\":\"ListItem\",\"position\":2,\"name\":\"C\u1eeda h\u00e0ng\",\"item\":\"https:\/\/tatco.vn\/en\/mua\/\"},{\"@type\":\"ListItem\",\"position\":3,\"name\":\"D\u1ea7u Truy\u1ec1n Nhi\u1ec7t T\u1ed5ng H\u1ee3p Sinopec L-QD 340\"}]},{\"@type\":\"WebSite\",\"@id\":\"https:\/\/tatco.vn\/en\/#website\",\"url\":\"https:\/\/tatco.vn\/en\/\",\"name\":\"C\u00f4ng Ty TNHH D\u1ea7u Nh\u1eddn T&amp;T Vi\u1ec7t Nam\",\"description\":\"Right Point - Right Time - Best Solution\",\"publisher\":{\"@id\":\"https:\/\/tatco.vn\/en\/#organization\"},\"potentialAction\":[{\"@type\":\"SearchAction\",\"target\":{\"@type\":\"EntryPoint\",\"urlTemplate\":\"https:\/\/tatco.vn\/en\/?s={search_term_string}\"},\"query-input\":{\"@type\":\"PropertyValueSpecification\",\"valueRequired\":true,\"valueName\":\"search_term_string\"}}],\"inLanguage\":\"vi\"},{\"@type\":\"Organization\",\"@id\":\"https:\/\/tatco.vn\/en\/#organization\",\"name\":\"C\u00f4ng Ty TNHH D\u1ea7u Nh\u1eddn T&T Vi\u1ec7t Nam\",\"url\":\"https:\/\/tatco.vn\/en\/\",\"logo\":{\"@type\":\"ImageObject\",\"inLanguage\":\"vi\",\"@id\":\"https:\/\/tatco.vn\/en\/#\/schema\/logo\/image\/\",\"url\":\"https:\/\/tatco.vn\/wp-content\/uploads\/2019\/05\/fav-ico.png\",\"contentUrl\":\"https:\/\/tatco.vn\/wp-content\/uploads\/2019\/05\/fav-ico.png\",\"width\":200,\"height\":200,\"caption\":\"C\u00f4ng Ty TNHH D\u1ea7u Nh\u1eddn T&T Vi\u1ec7t Nam\"},\"image\":{\"@id\":\"https:\/\/tatco.vn\/en\/#\/schema\/logo\/image\/\"}}]}<\/script>\n<!-- \/ Yoast SEO plugin. -->","yoast_head_json":{"title":"D\u1ea7u Truy\u1ec1n Nhi\u1ec7t T\u1ed5ng H\u1ee3p Sinopec L-QD 340 - C\u00f4ng Ty TNHH D\u1ea7u Nh\u1eddn T&amp;T Vi\u1ec7t Nam","robots":{"index":"index","follow":"follow","max-snippet":"max-snippet:-1","max-image-preview":"max-image-preview:large","max-video-preview":"max-video-preview:-1"},"canonical":"https:\/\/tatco.vn\/vi\/san-pham\/dau-truyen-nhiet-tong-hop-sinopec-l-qd-340\/","og_locale":"vi_VN","og_type":"article","og_title":"D\u1ea7u Truy\u1ec1n Nhi\u1ec7t T\u1ed5ng H\u1ee3p Sinopec L-QD 340 - C\u00f4ng Ty TNHH D\u1ea7u Nh\u1eddn T&amp;T Vi\u1ec7t Nam","og_url":"https:\/\/tatco.vn\/vi\/san-pham\/dau-truyen-nhiet-tong-hop-sinopec-l-qd-340\/","og_site_name":"C\u00f4ng Ty TNHH D\u1ea7u Nh\u1eddn T&amp;T Vi\u1ec7t Nam","article_modified_time":"2025-02-15T06:30:43+00:00","og_image":[{"width":1000,"height":1000,"url":"https:\/\/tatco.vn\/wp-content\/uploads\/2021\/06\/Sinopec-oil-product.png","type":"image\/png"}],"twitter_card":"summary_large_image","twitter_misc":{"\u01af\u1edbc t\u00ednh th\u1eddi gian \u0111\u1ecdc":"2 ph\u00fat"},"schema":{"@context":"https:\/\/schema.org","@graph":[{"@type":"WebPage","@id":"https:\/\/tatco.vn\/vi\/san-pham\/dau-truyen-nhiet-tong-hop-sinopec-l-qd-340\/","url":"https:\/\/tatco.vn\/vi\/san-pham\/dau-truyen-nhiet-tong-hop-sinopec-l-qd-340\/","name":"D\u1ea7u Truy\u1ec1n Nhi\u1ec7t T\u1ed5ng H\u1ee3p Sinopec L-QD 340 - C\u00f4ng Ty TNHH D\u1ea7u Nh\u1eddn T&amp;T Vi\u1ec7t Nam","isPartOf":{"@id":"https:\/\/tatco.vn\/en\/#website"},"primaryImageOfPage":{"@id":"https:\/\/tatco.vn\/vi\/san-pham\/dau-truyen-nhiet-tong-hop-sinopec-l-qd-340\/#primaryimage"},"image":{"@id":"https:\/\/tatco.vn\/vi\/san-pham\/dau-truyen-nhiet-tong-hop-sinopec-l-qd-340\/#primaryimage"},"thumbnailUrl":"https:\/\/tatco.vn\/wp-content\/uploads\/2021\/06\/Sinopec-oil-product.png","datePublished":"2025-02-15T06:30:41+00:00","dateModified":"2025-02-15T06:30:43+00:00","breadcrumb":{"@id":"https:\/\/tatco.vn\/vi\/san-pham\/dau-truyen-nhiet-tong-hop-sinopec-l-qd-340\/#breadcrumb"},"inLanguage":"vi","potentialAction":[{"@type":"ReadAction","target":["https:\/\/tatco.vn\/vi\/san-pham\/dau-truyen-nhiet-tong-hop-sinopec-l-qd-340\/"]}]},{"@type":"ImageObject","inLanguage":"vi","@id":"https:\/\/tatco.vn\/vi\/san-pham\/dau-truyen-nhiet-tong-hop-sinopec-l-qd-340\/#primaryimage","url":"https:\/\/tatco.vn\/wp-content\/uploads\/2021\/06\/Sinopec-oil-product.png","contentUrl":"https:\/\/tatco.vn\/wp-content\/uploads\/2021\/06\/Sinopec-oil-product.png","width":1000,"height":1000},{"@type":"BreadcrumbList","@id":"https:\/\/tatco.vn\/vi\/san-pham\/dau-truyen-nhiet-tong-hop-sinopec-l-qd-340\/#breadcrumb","itemListElement":[{"@type":"ListItem","position":1,"name":"Home","item":"https:\/\/tatco.vn\/"},{"@type":"ListItem","position":2,"name":"C\u1eeda h\u00e0ng","item":"https:\/\/tatco.vn\/en\/mua\/"},{"@type":"ListItem","position":3,"name":"D\u1ea7u Truy\u1ec1n Nhi\u1ec7t T\u1ed5ng H\u1ee3p Sinopec L-QD 340"}]},{"@type":"WebSite","@id":"https:\/\/tatco.vn\/en\/#website","url":"https:\/\/tatco.vn\/en\/","name":"C\u00f4ng Ty TNHH D\u1ea7u Nh\u1eddn T&amp;T Vi\u1ec7t Nam","description":"Right Point - Right Time - Best Solution","publisher":{"@id":"https:\/\/tatco.vn\/en\/#organization"},"potentialAction":[{"@type":"SearchAction","target":{"@type":"EntryPoint","urlTemplate":"https:\/\/tatco.vn\/en\/?s={search_term_string}"},"query-input":{"@type":"PropertyValueSpecification","valueRequired":true,"valueName":"search_term_string"}}],"inLanguage":"vi"},{"@type":"Organization","@id":"https:\/\/tatco.vn\/en\/#organization","name":"C\u00f4ng Ty TNHH D\u1ea7u Nh\u1eddn T&T Vi\u1ec7t Nam","url":"https:\/\/tatco.vn\/en\/","logo":{"@type":"ImageObject","inLanguage":"vi","@id":"https:\/\/tatco.vn\/en\/#\/schema\/logo\/image\/","url":"https:\/\/tatco.vn\/wp-content\/uploads\/2019\/05\/fav-ico.png","contentUrl":"https:\/\/tatco.vn\/wp-content\/uploads\/2019\/05\/fav-ico.png","width":200,"height":200,"caption":"C\u00f4ng Ty TNHH D\u1ea7u Nh\u1eddn T&T Vi\u1ec7t Nam"},"image":{"@id":"https:\/\/tatco.vn\/en\/#\/schema\/logo\/image\/"}}]}},"_links":{"self":[{"href":"https:\/\/tatco.vn\/vi\/wp-json\/wp\/v2\/product\/28310","targetHints":{"allow":["GET"]}}],"collection":[{"href":"https:\/\/tatco.vn\/vi\/wp-json\/wp\/v2\/product"}],"about":[{"href":"https:\/\/tatco.vn\/vi\/wp-json\/wp\/v2\/types\/product"}],"replies":[{"embeddable":true,"href":"https:\/\/tatco.vn\/vi\/wp-json\/wp\/v2\/comments?post=28310"}],"version-history":[{"count":0,"href":"https:\/\/tatco.vn\/vi\/wp-json\/wp\/v2\/product\/28310\/revisions"}],"wp:featuredmedia":[{"embeddable":true,"href":"https:\/\/tatco.vn\/vi\/wp-json\/wp\/v2\/media\/27397"}],"wp:attachment":[{"href":"https:\/\/tatco.vn\/vi\/wp-json\/wp\/v2\/media?parent=28310"}],"wp:term":[{"taxonomy":"product_cat","embeddable":true,"href":"https:\/\/tatco.vn\/vi\/wp-json\/wp\/v2\/product_cat?post=28310"},{"taxonomy":"product_tag","embeddable":true,"href":"https:\/\/tatco.vn\/vi\/wp-json\/wp\/v2\/product_tag?post=28310"}],"curies":[{"name":"wp","href":"https:\/\/api.w.org\/{rel}","templated":true}]}}