{"id":28300,"date":"2025-02-15T11:39:03","date_gmt":"2025-02-15T04:39:03","guid":{"rendered":"https:\/\/tatco.vn\/vi\/?post_type=product&#038;p=28300"},"modified":"2025-02-15T11:39:04","modified_gmt":"2025-02-15T04:39:04","slug":"dau-toi-dang-nhiet-sinopec-u8251","status":"publish","type":"product","link":"https:\/\/tatco.vn\/vi\/san-pham\/dau-toi-dang-nhiet-sinopec-u8251\/","title":{"rendered":"D\u1ea7u T\u00f4i \u0110\u1eb3ng Nhi\u1ec7t Sinopec U8251"},"content":{"rendered":"<p><\/p>\n<p style=\"text-align: justify\"><strong>D\u1ea7u T\u00f4i \u0110\u1eb3ng Nhi\u1ec7t Sinopec U8251<\/strong> \u0111\u01b0\u1ee3c pha ch\u1ebf t\u1eeb d\u1ea7u kho\u00e1ng th\u1ee9 c\u1ea5p hydro tinh ch\u1ebf, th\u00eam c\u00e1c ph\u1ee5 gia ch\u1ee9c n\u0103ng kh\u00e1c nhau nh\u01b0 ch\u1ea5t ch\u1ed1ng oxy h\u00f3a \u1edf nhi\u1ec7t \u0111\u1ed9 cao, ch\u1ea5t nh\u1eafc nh\u1edf l\u1ea1nh v\u00e0 ch\u1ea5t l\u00e0m s\u00e1ng. N\u00f3 ph\u00f9 h\u1ee3p cho vi\u1ec7c x\u1eed l\u00fd c\u00e1c lo\u1ea1i th\u00e9p cacbua nh\u1ecf bi\u1ebfn d\u1ea1ng, th\u00e9p \u1ed5 bi, v.v.<\/p>\n<h3 style=\"text-align: justify\">\u1ee8ng D\u1ee5ng:<\/h3>\n<p style=\"text-align: justify\"><strong>D\u1ea7u T\u00f4i \u0110\u1eb3ng Nhi\u1ec7t Sinopec U8251<\/strong> ph\u00f9 h\u1ee3p \u0111\u1ec3 s\u1eed d\u1ee5ng trong:<\/p>\n<ul style=\"text-align: justify\">\n<li>Th\u00edch h\u1ee3p cho c\u1ea3 b\u1ec3 t\u00f4i m\u1edf v\u00e0 b\u1ec3 t\u00f4i k\u00edn.<\/li>\n<li>C\u00f3 th\u1ec3 \u00e1p d\u1ee5ng \u0111\u1ec3 x\u1eed l\u00fd b\u00e1nh r\u0103ng v\u00e0 \u1ed5 bi y\u00eau c\u1ea7u bi\u1ebfn d\u1ea1ng nh\u1ecf.<\/li>\n<\/ul>\n<h3 style=\"text-align: justify\">\u0110\u1eb7c \u0110i\u1ec3m v\u00e0 L\u1ee3i \u00cdch:<\/h3>\n<ul>\n<li style=\"text-align: justify\"><strong>\u0110\u1eb7c t\u00ednh t\u00f4i nhanh v\u1eeba ph\u1ea3i<\/strong>: T\u1ed1c \u0111\u1ed9 l\u00e0m m\u00e1t nhanh \u1edf giai \u0111o\u1ea1n \u0111\u1ea7u v\u00e0 th\u1ee9 hai c\u1ee7a qu\u00e1 tr\u00ecnh t\u00f4i, kh\u1ea3 n\u0103ng c\u1ee9ng h\u00f3a tuy\u1ec7t v\u1eddi.<\/li>\n<li style=\"text-align: justify\"><strong>T\u1ed1c \u0111\u1ed9 l\u00e0m m\u00e1t ch\u1eadm \u1edf giai \u0111o\u1ea1n th\u1ee9 ba c\u1ee7a qu\u00e1 tr\u00ecnh t\u00f4i<\/strong>: \u00cdt bi\u1ebfn d\u1ea1ng.<\/li>\n<li>\n<p style=\"text-align: justify\"><strong>Kh\u1ea3 n\u0103ng ch\u1ed1ng oxy h\u00f3a v\u00e0 \u1ed5n \u0111\u1ecbnh nhi\u1ec7t tuy\u1ec7t v\u1eddi<\/strong>: Tu\u1ed5i th\u1ecd l\u00e2u d\u00e0i, lo\u1ea1i b\u1ecf l\u00e3ng ph\u00ed do s\u1ef1 suy gi\u1ea3m d\u1ea7u t\u00f4i.<\/p>\n<\/li>\n<\/ul>\n<h3>Th\u00f4ng S\u1ed1 K\u1ef9 Thu\u1eadt:<\/h3>\n<div>\n<div>\n<div class=\"table-responsive\">\n<table class=\"table table-striped\">\n<thead>\n<tr>\n<th><strong>Th\u00f4ng S\u1ed1<\/strong><\/th>\n<th><strong>D\u1ea7u T\u00f4i \u0110\u1eb3ng Nhi\u1ec7t Sinopec U8251<\/strong><\/th>\n<\/tr>\n<\/thead>\n<tbody>\n<tr>\n<td><strong>\u0110\u1ed9 Nh\u1edbt \u0110\u1ed9ng H\u1ecdc (100\u2103), mm\u00b2\/s<\/strong><\/td>\n<td>12.6<\/td>\n<\/tr>\n<tr>\n<td><strong>\u0110i\u1ec3m Ch\u1edbp Ch\u00e1y (COC), \u2103<\/strong><\/td>\n<td>264<\/td>\n<\/tr>\n<tr>\n<td><strong>\u0110i\u1ec3m Ch\u00e1y, \u2103<\/strong><\/td>\n<td>294<\/td>\n<\/tr>\n<tr>\n<td><strong>H\u00e0m L\u01b0\u1ee3ng N\u01b0\u1edbc, %<\/strong><\/td>\n<td>Kh\u00f4ng c\u00f3<\/td>\n<\/tr>\n<tr>\n<td><strong>\u0102n M\u00f2n (T\u1ea5m \u0110\u1ed3ng T2, 100\u2103, 3h)<\/strong><\/td>\n<td>1<\/td>\n<\/tr>\n<tr>\n<td><strong>\u0110i\u1ec3m \u0110\u00f4ng \u0110\u1eb7c, \u2103<\/strong><\/td>\n<td>-15<\/td>\n<\/tr>\n<tr>\n<td><strong>\u0110\u1eb7c T\u00ednh L\u00e0m M\u00e1t, 120\u2103 (SH\/T 0220)<\/strong><\/td>\n<td><\/td>\n<\/tr>\n<tr>\n<td><strong>Nhi\u1ec7t \u0110\u1ed9 \u0110\u1eb7c Tr\u01b0ng, \u2103<\/strong><\/td>\n<td>660<\/td>\n<\/tr>\n<tr>\n<td><strong>t800-400\u2103, gi\u00e2y<\/strong><\/td>\n<td>3.4<\/td>\n<\/tr>\n<\/tbody>\n<\/table>\n<\/div>\n<\/div>\n<\/div>\n<p><\/p>","protected":false},"excerpt":{"rendered":"<p style=\"text-align: justify\"><strong>D\u1ea7u T\u00f4i \u0110\u1eb3ng Nhi\u1ec7t Sinopec U8251<\/strong> \u0111\u01b0\u1ee3c pha ch\u1ebf t\u1eeb d\u1ea7u kho\u00e1ng th\u1ee9 c\u1ea5p hydro tinh ch\u1ebf, th\u00eam c\u00e1c ph\u1ee5 gia ch\u1ee9c n\u0103ng kh\u00e1c nhau nh\u01b0 ch\u1ea5t ch\u1ed1ng oxy h\u00f3a \u1edf nhi\u1ec7t \u0111\u1ed9 cao, ch\u1ea5t nh\u1eafc nh\u1edf l\u1ea1nh v\u00e0 ch\u1ea5t l\u00e0m s\u00e1ng. N\u00f3 ph\u00f9 h\u1ee3p cho vi\u1ec7c x\u1eed l\u00fd c\u00e1c lo\u1ea1i th\u00e9p cacbua nh\u1ecf bi\u1ebfn d\u1ea1ng, th\u00e9p \u1ed5 bi, v.v.<\/p>\n","protected":false},"featured_media":27397,"comment_status":"closed","ping_status":"closed","template":"","meta":[],"product_cat":[773,1289,719,1347],"product_tag":[1381,1377,1386,1385,1378,1380,1383,1379,1384],"class_list":{"0":"post-28300","1":"product","2":"type-product","3":"status-publish","4":"has-post-thumbnail","6":"product_brand-sinopec","7":"product_cat-dau-cong-nghiep-sinopec","8":"product_cat-dau-gia-cong-kim-loai-sinopec","9":"product_cat-dau-nhot-sinopec","10":"product_cat-dau-toi-dang-nhiet-sinopec-u8251","11":"product_tag-dau-toi-an-toan","12":"product_tag-dau-toi-chiu-nhiet-do-cao","13":"product_tag-dau-toi-cho-banh-rang-va-o-bi","14":"product_tag-dau-toi-cho-thep-cacbua","15":"product_tag-dau-toi-chong-oxy-hoa","16":"product_tag-dau-toi-co-diem-chop-chay-cao","17":"product_tag-dau-toi-dang-nhiet-sinopec","18":"product_tag-dau-toi-on-dinh-nhiet","19":"product_tag-sinopec-u8251-quenching-oil","21":"first","22":"instock","23":"shipping-taxable","24":"product-type-simple"},"yoast_head":"<!-- This site is optimized with the Yoast SEO plugin v27.2 - https:\/\/yoast.com\/product\/yoast-seo-wordpress\/ -->\n<title>D\u1ea7u T\u00f4i \u0110\u1eb3ng Nhi\u1ec7t Sinopec U8251 - C\u00f4ng Ty TNHH D\u1ea7u Nh\u1eddn T&amp;T Vi\u1ec7t Nam<\/title>\n<meta name=\"robots\" content=\"index, follow, max-snippet:-1, max-image-preview:large, max-video-preview:-1\" \/>\n<link rel=\"canonical\" href=\"https:\/\/tatco.vn\/en\/san-pham\/dau-toi-dang-nhiet-sinopec-u8251\/\" \/>\n<meta property=\"og:locale\" content=\"vi_VN\" \/>\n<meta property=\"og:type\" content=\"article\" \/>\n<meta property=\"og:title\" content=\"D\u1ea7u T\u00f4i \u0110\u1eb3ng Nhi\u1ec7t Sinopec U8251 - C\u00f4ng Ty TNHH D\u1ea7u Nh\u1eddn T&amp;T Vi\u1ec7t Nam\" \/>\n<meta property=\"og:url\" content=\"https:\/\/tatco.vn\/en\/san-pham\/dau-toi-dang-nhiet-sinopec-u8251\/\" \/>\n<meta property=\"og:site_name\" content=\"C\u00f4ng Ty TNHH D\u1ea7u Nh\u1eddn T&amp;T Vi\u1ec7t Nam\" \/>\n<meta property=\"article:modified_time\" content=\"2025-02-15T04:39:04+00:00\" \/>\n<meta property=\"og:image\" content=\"https:\/\/tatco.vn\/wp-content\/uploads\/2021\/06\/Sinopec-oil-product.png\" \/>\n\t<meta property=\"og:image:width\" content=\"1000\" \/>\n\t<meta property=\"og:image:height\" content=\"1000\" \/>\n\t<meta property=\"og:image:type\" content=\"image\/png\" \/>\n<meta name=\"twitter:card\" content=\"summary_large_image\" \/>\n<meta name=\"twitter:label1\" content=\"\u01af\u1edbc t\u00ednh th\u1eddi gian \u0111\u1ecdc\" \/>\n\t<meta name=\"twitter:data1\" content=\"1 ph\u00fat\" \/>\n<script type=\"application\/ld+json\" class=\"yoast-schema-graph\">{\"@context\":\"https:\/\/schema.org\",\"@graph\":[{\"@type\":\"WebPage\",\"@id\":\"https:\/\/tatco.vn\/en\/san-pham\/dau-toi-dang-nhiet-sinopec-u8251\/\",\"url\":\"https:\/\/tatco.vn\/en\/san-pham\/dau-toi-dang-nhiet-sinopec-u8251\/\",\"name\":\"D\u1ea7u T\u00f4i \u0110\u1eb3ng Nhi\u1ec7t Sinopec U8251 - C\u00f4ng Ty TNHH D\u1ea7u Nh\u1eddn T&amp;T Vi\u1ec7t Nam\",\"isPartOf\":{\"@id\":\"https:\/\/tatco.vn\/en\/#website\"},\"primaryImageOfPage\":{\"@id\":\"https:\/\/tatco.vn\/en\/san-pham\/dau-toi-dang-nhiet-sinopec-u8251\/#primaryimage\"},\"image\":{\"@id\":\"https:\/\/tatco.vn\/en\/san-pham\/dau-toi-dang-nhiet-sinopec-u8251\/#primaryimage\"},\"thumbnailUrl\":\"https:\/\/tatco.vn\/wp-content\/uploads\/2021\/06\/Sinopec-oil-product.png\",\"datePublished\":\"2025-02-15T04:39:03+00:00\",\"dateModified\":\"2025-02-15T04:39:04+00:00\",\"breadcrumb\":{\"@id\":\"https:\/\/tatco.vn\/en\/san-pham\/dau-toi-dang-nhiet-sinopec-u8251\/#breadcrumb\"},\"inLanguage\":\"vi\",\"potentialAction\":[{\"@type\":\"ReadAction\",\"target\":[\"https:\/\/tatco.vn\/en\/san-pham\/dau-toi-dang-nhiet-sinopec-u8251\/\"]}]},{\"@type\":\"ImageObject\",\"inLanguage\":\"vi\",\"@id\":\"https:\/\/tatco.vn\/en\/san-pham\/dau-toi-dang-nhiet-sinopec-u8251\/#primaryimage\",\"url\":\"https:\/\/tatco.vn\/wp-content\/uploads\/2021\/06\/Sinopec-oil-product.png\",\"contentUrl\":\"https:\/\/tatco.vn\/wp-content\/uploads\/2021\/06\/Sinopec-oil-product.png\",\"width\":1000,\"height\":1000},{\"@type\":\"BreadcrumbList\",\"@id\":\"https:\/\/tatco.vn\/en\/san-pham\/dau-toi-dang-nhiet-sinopec-u8251\/#breadcrumb\",\"itemListElement\":[{\"@type\":\"ListItem\",\"position\":1,\"name\":\"Home\",\"item\":\"https:\/\/tatco.vn\/\"},{\"@type\":\"ListItem\",\"position\":2,\"name\":\"C\u1eeda h\u00e0ng\",\"item\":\"https:\/\/tatco.vn\/en\/mua\/\"},{\"@type\":\"ListItem\",\"position\":3,\"name\":\"Sinopec U8251 Isothermal Quenching Oil\"}]},{\"@type\":\"WebSite\",\"@id\":\"https:\/\/tatco.vn\/en\/#website\",\"url\":\"https:\/\/tatco.vn\/en\/\",\"name\":\"C\u00f4ng Ty TNHH D\u1ea7u Nh\u1eddn T&amp;T Vi\u1ec7t Nam\",\"description\":\"Right Point - Right Time - Best Solution\",\"publisher\":{\"@id\":\"https:\/\/tatco.vn\/en\/#organization\"},\"potentialAction\":[{\"@type\":\"SearchAction\",\"target\":{\"@type\":\"EntryPoint\",\"urlTemplate\":\"https:\/\/tatco.vn\/en\/?s={search_term_string}\"},\"query-input\":{\"@type\":\"PropertyValueSpecification\",\"valueRequired\":true,\"valueName\":\"search_term_string\"}}],\"inLanguage\":\"vi\"},{\"@type\":\"Organization\",\"@id\":\"https:\/\/tatco.vn\/en\/#organization\",\"name\":\"C\u00f4ng Ty TNHH D\u1ea7u Nh\u1eddn T&T Vi\u1ec7t Nam\",\"url\":\"https:\/\/tatco.vn\/en\/\",\"logo\":{\"@type\":\"ImageObject\",\"inLanguage\":\"vi\",\"@id\":\"https:\/\/tatco.vn\/en\/#\/schema\/logo\/image\/\",\"url\":\"https:\/\/tatco.vn\/wp-content\/uploads\/2019\/05\/fav-ico.png\",\"contentUrl\":\"https:\/\/tatco.vn\/wp-content\/uploads\/2019\/05\/fav-ico.png\",\"width\":200,\"height\":200,\"caption\":\"C\u00f4ng Ty TNHH D\u1ea7u Nh\u1eddn T&T Vi\u1ec7t Nam\"},\"image\":{\"@id\":\"https:\/\/tatco.vn\/en\/#\/schema\/logo\/image\/\"}}]}<\/script>\n<!-- \/ Yoast SEO plugin. -->","yoast_head_json":{"title":"D\u1ea7u T\u00f4i \u0110\u1eb3ng Nhi\u1ec7t Sinopec U8251 - C\u00f4ng Ty TNHH D\u1ea7u Nh\u1eddn T&amp;T Vi\u1ec7t Nam","robots":{"index":"index","follow":"follow","max-snippet":"max-snippet:-1","max-image-preview":"max-image-preview:large","max-video-preview":"max-video-preview:-1"},"canonical":"https:\/\/tatco.vn\/en\/san-pham\/dau-toi-dang-nhiet-sinopec-u8251\/","og_locale":"vi_VN","og_type":"article","og_title":"D\u1ea7u T\u00f4i \u0110\u1eb3ng Nhi\u1ec7t Sinopec U8251 - C\u00f4ng Ty TNHH D\u1ea7u Nh\u1eddn T&amp;T Vi\u1ec7t Nam","og_url":"https:\/\/tatco.vn\/en\/san-pham\/dau-toi-dang-nhiet-sinopec-u8251\/","og_site_name":"C\u00f4ng Ty TNHH D\u1ea7u Nh\u1eddn T&amp;T Vi\u1ec7t Nam","article_modified_time":"2025-02-15T04:39:04+00:00","og_image":[{"width":1000,"height":1000,"url":"https:\/\/tatco.vn\/wp-content\/uploads\/2021\/06\/Sinopec-oil-product.png","type":"image\/png"}],"twitter_card":"summary_large_image","twitter_misc":{"\u01af\u1edbc t\u00ednh th\u1eddi gian \u0111\u1ecdc":"1 ph\u00fat"},"schema":{"@context":"https:\/\/schema.org","@graph":[{"@type":"WebPage","@id":"https:\/\/tatco.vn\/en\/san-pham\/dau-toi-dang-nhiet-sinopec-u8251\/","url":"https:\/\/tatco.vn\/en\/san-pham\/dau-toi-dang-nhiet-sinopec-u8251\/","name":"D\u1ea7u T\u00f4i \u0110\u1eb3ng Nhi\u1ec7t Sinopec U8251 - C\u00f4ng Ty TNHH D\u1ea7u Nh\u1eddn T&amp;T Vi\u1ec7t Nam","isPartOf":{"@id":"https:\/\/tatco.vn\/en\/#website"},"primaryImageOfPage":{"@id":"https:\/\/tatco.vn\/en\/san-pham\/dau-toi-dang-nhiet-sinopec-u8251\/#primaryimage"},"image":{"@id":"https:\/\/tatco.vn\/en\/san-pham\/dau-toi-dang-nhiet-sinopec-u8251\/#primaryimage"},"thumbnailUrl":"https:\/\/tatco.vn\/wp-content\/uploads\/2021\/06\/Sinopec-oil-product.png","datePublished":"2025-02-15T04:39:03+00:00","dateModified":"2025-02-15T04:39:04+00:00","breadcrumb":{"@id":"https:\/\/tatco.vn\/en\/san-pham\/dau-toi-dang-nhiet-sinopec-u8251\/#breadcrumb"},"inLanguage":"vi","potentialAction":[{"@type":"ReadAction","target":["https:\/\/tatco.vn\/en\/san-pham\/dau-toi-dang-nhiet-sinopec-u8251\/"]}]},{"@type":"ImageObject","inLanguage":"vi","@id":"https:\/\/tatco.vn\/en\/san-pham\/dau-toi-dang-nhiet-sinopec-u8251\/#primaryimage","url":"https:\/\/tatco.vn\/wp-content\/uploads\/2021\/06\/Sinopec-oil-product.png","contentUrl":"https:\/\/tatco.vn\/wp-content\/uploads\/2021\/06\/Sinopec-oil-product.png","width":1000,"height":1000},{"@type":"BreadcrumbList","@id":"https:\/\/tatco.vn\/en\/san-pham\/dau-toi-dang-nhiet-sinopec-u8251\/#breadcrumb","itemListElement":[{"@type":"ListItem","position":1,"name":"Home","item":"https:\/\/tatco.vn\/"},{"@type":"ListItem","position":2,"name":"C\u1eeda h\u00e0ng","item":"https:\/\/tatco.vn\/en\/mua\/"},{"@type":"ListItem","position":3,"name":"Sinopec U8251 Isothermal Quenching Oil"}]},{"@type":"WebSite","@id":"https:\/\/tatco.vn\/en\/#website","url":"https:\/\/tatco.vn\/en\/","name":"C\u00f4ng Ty TNHH D\u1ea7u Nh\u1eddn T&amp;T Vi\u1ec7t Nam","description":"Right Point - Right Time - Best Solution","publisher":{"@id":"https:\/\/tatco.vn\/en\/#organization"},"potentialAction":[{"@type":"SearchAction","target":{"@type":"EntryPoint","urlTemplate":"https:\/\/tatco.vn\/en\/?s={search_term_string}"},"query-input":{"@type":"PropertyValueSpecification","valueRequired":true,"valueName":"search_term_string"}}],"inLanguage":"vi"},{"@type":"Organization","@id":"https:\/\/tatco.vn\/en\/#organization","name":"C\u00f4ng Ty TNHH D\u1ea7u Nh\u1eddn T&T Vi\u1ec7t Nam","url":"https:\/\/tatco.vn\/en\/","logo":{"@type":"ImageObject","inLanguage":"vi","@id":"https:\/\/tatco.vn\/en\/#\/schema\/logo\/image\/","url":"https:\/\/tatco.vn\/wp-content\/uploads\/2019\/05\/fav-ico.png","contentUrl":"https:\/\/tatco.vn\/wp-content\/uploads\/2019\/05\/fav-ico.png","width":200,"height":200,"caption":"C\u00f4ng Ty TNHH D\u1ea7u Nh\u1eddn T&T Vi\u1ec7t Nam"},"image":{"@id":"https:\/\/tatco.vn\/en\/#\/schema\/logo\/image\/"}}]}},"_links":{"self":[{"href":"https:\/\/tatco.vn\/vi\/wp-json\/wp\/v2\/product\/28300","targetHints":{"allow":["GET"]}}],"collection":[{"href":"https:\/\/tatco.vn\/vi\/wp-json\/wp\/v2\/product"}],"about":[{"href":"https:\/\/tatco.vn\/vi\/wp-json\/wp\/v2\/types\/product"}],"replies":[{"embeddable":true,"href":"https:\/\/tatco.vn\/vi\/wp-json\/wp\/v2\/comments?post=28300"}],"version-history":[{"count":0,"href":"https:\/\/tatco.vn\/vi\/wp-json\/wp\/v2\/product\/28300\/revisions"}],"wp:featuredmedia":[{"embeddable":true,"href":"https:\/\/tatco.vn\/vi\/wp-json\/wp\/v2\/media\/27397"}],"wp:attachment":[{"href":"https:\/\/tatco.vn\/vi\/wp-json\/wp\/v2\/media?parent=28300"}],"wp:term":[{"taxonomy":"product_cat","embeddable":true,"href":"https:\/\/tatco.vn\/vi\/wp-json\/wp\/v2\/product_cat?post=28300"},{"taxonomy":"product_tag","embeddable":true,"href":"https:\/\/tatco.vn\/vi\/wp-json\/wp\/v2\/product_tag?post=28300"}],"curies":[{"name":"wp","href":"https:\/\/api.w.org\/{rel}","templated":true}]}}