{"id":28298,"date":"2025-02-15T11:34:56","date_gmt":"2025-02-15T04:34:56","guid":{"rendered":"https:\/\/tatco.vn\/vi\/?post_type=product&#038;p=28298"},"modified":"2025-02-15T11:34:57","modified_gmt":"2025-02-15T04:34:57","slug":"dau-toi-thuong-sinopec-u8101","status":"publish","type":"product","link":"https:\/\/tatco.vn\/vi\/san-pham\/dau-toi-thuong-sinopec-u8101\/","title":{"rendered":"D\u1ea7u T\u00f4i Th\u01b0\u1eddng Sinopec U8101"},"content":{"rendered":"<p><\/p>\n<p style=\"text-align: justify\"><strong>D\u1ea7u T\u00f4i Ph\u1ed5 Th\u00f4ng Sinopec U8101<\/strong> \u0111\u01b0\u1ee3c pha ch\u1ebf t\u1eeb d\u1ea7u kho\u00e1ng tinh ch\u1ebf s\u00e2u v\u00e0 c\u00e1c ph\u1ee5 gia ch\u1ee9c n\u0103ng kh\u00e1c nhau nh\u01b0 ch\u1ea5t ch\u1ed1ng oxy h\u00f3a \u1edf nhi\u1ec7t \u0111\u1ed9 cao, ch\u1ea5t nh\u1eafc nh\u1edf l\u1ea1nh v\u00e0 ch\u1ea5t l\u00e0m s\u00e1ng. N\u00f3 ph\u00f9 h\u1ee3p cho c\u00e1c lo\u1ea1i th\u00e9p h\u1ee3p kim c\u00f3 k\u00edch th\u01b0\u1edbc nh\u1ecf v\u00e0 kh\u1ea3 n\u0103ng t\u00f4i c\u1ee9ng t\u1ed1t.<\/p>\n<h3 style=\"text-align: justify\">\u1ee8ng D\u1ee5ng:<\/h3>\n<p style=\"text-align: justify\"><strong>D\u1ea7u T\u00f4i Ph\u1ed5 Th\u00f4ng Sinopec U8101<\/strong> ph\u00f9 h\u1ee3p \u0111\u1ec3 s\u1eed d\u1ee5ng trong:<\/p>\n<ul style=\"text-align: justify\">\n<li>L\u00f2 h\u1ea7m \u0111\u1ee9ng v\u00e0 l\u00f2 h\u1ed9p \u0111i\u1ec7n trong m\u00f4i tr\u01b0\u1eddng c\u00f3 ho\u1eb7c kh\u00f4ng c\u00f3 kh\u00ed b\u1ea3o v\u1ec7.<\/li>\n<li>X\u1eed l\u00fd c\u00e1c lo\u1ea1i th\u00e9p h\u1ee3p kim c\u00f3 k\u00edch th\u01b0\u1edbc nh\u1ecf.<\/li>\n<\/ul>\n<h3 style=\"text-align: justify\">\u0110\u1eb7c \u0110i\u1ec3m v\u00e0 L\u1ee3i \u00cdch:<\/h3>\n<ul>\n<li style=\"text-align: justify\"><strong>\u0110\u1eb7c t\u00ednh t\u00f4i nhanh v\u1eeba ph\u1ea3i<\/strong>: T\u1ed1c \u0111\u1ed9 l\u00e0m m\u00e1t nhanh trong giai \u0111o\u1ea1n \u0111\u1ea7u c\u1ee7a qu\u00e1 tr\u00ecnh t\u00f4i, mang l\u1ea1i kh\u1ea3 n\u0103ng c\u1ee9ng h\u00f3a t\u1ed1t.<\/li>\n<li style=\"text-align: justify\"><strong>Kh\u1ea3 n\u0103ng ch\u1ed1ng oxy h\u00f3a v\u00e0 \u1ed5n \u0111\u1ecbnh nhi\u1ec7t tuy\u1ec7t v\u1eddi<\/strong>: Tu\u1ed5i th\u1ecd l\u00e2u d\u00e0i, lo\u1ea1i b\u1ecf l\u00e3ng ph\u00ed do s\u1ef1 suy gi\u1ea3m d\u1ea7u t\u00f4i.<\/li>\n<li>\n<p style=\"text-align: justify\"><strong>Kh\u00f4ng ch\u1ee9a c\u00e1c ch\u1ea5t \u0111\u1ed9c h\u1ea1i<\/strong>: \u0110i\u1ec3m ch\u1edbp ch\u00e1y cao v\u00e0 an to\u00e0n s\u1eed d\u1ee5ng t\u1ed1t.<\/p>\n<\/li>\n<\/ul>\n<h3>Th\u00f4ng S\u1ed1 K\u1ef9 Thu\u1eadt:<\/h3>\n<div>\n<div>\n<div class=\"table-responsive\">\n<table class=\"table table-striped\">\n<thead>\n<tr>\n<th><strong>Th\u00f4ng S\u1ed1<\/strong><\/th>\n<th><strong>D\u1ea7u T\u00f4i Ph\u1ed5 Th\u00f4ng Sinopec U8101<\/strong><\/th>\n<\/tr>\n<\/thead>\n<tbody>\n<tr>\n<td><strong>\u0110\u1ed9 Nh\u1edbt \u0110\u1ed9ng H\u1ecdc (40\u2103), mm\u00b2\/s<\/strong><\/td>\n<td>25.67<\/td>\n<\/tr>\n<tr>\n<td><strong>\u0110i\u1ec3m Ch\u1edbp Ch\u00e1y (COC), \u2103<\/strong><\/td>\n<td>206<\/td>\n<\/tr>\n<tr>\n<td><strong>\u0110i\u1ec3m Ch\u00e1y, \u2103<\/strong><\/td>\n<td>222<\/td>\n<\/tr>\n<tr>\n<td><strong>H\u00e0m L\u01b0\u1ee3ng N\u01b0\u1edbc, %<\/strong><\/td>\n<td>Kh\u00f4ng c\u00f3<\/td>\n<\/tr>\n<tr>\n<td><strong>\u0102n M\u00f2n (T\u1ea5m \u0110\u1ed3ng T2, 100\u2103, 3h)<\/strong><\/td>\n<td>1<\/td>\n<\/tr>\n<tr>\n<td><strong>\u0110i\u1ec3m \u0110\u00f4ng \u0110\u1eb7c, \u2103<\/strong><\/td>\n<td>-9<\/td>\n<\/tr>\n<tr>\n<td><strong>\u0110\u1eb7c T\u00ednh L\u00e0m M\u00e1t, 80\u2103 (SH\/T 0220)<\/strong><\/td>\n<td><\/td>\n<\/tr>\n<tr>\n<td><strong>Nhi\u1ec7t \u0110\u1ed9 \u0110\u1eb7c Tr\u01b0ng, \u2103<\/strong><\/td>\n<td>584<\/td>\n<\/tr>\n<tr>\n<td><strong>t800-400\u2103, gi\u00e2y<\/strong><\/td>\n<td>3.5<\/td>\n<\/tr>\n<\/tbody>\n<\/table>\n<\/div>\n<\/div>\n<\/div>\n<p><\/p>","protected":false},"excerpt":{"rendered":"<p style=\"text-align: justify\"><strong>D\u1ea7u T\u00f4i Ph\u1ed5 Th\u00f4ng Sinopec U8101<\/strong> \u0111\u01b0\u1ee3c pha ch\u1ebf t\u1eeb d\u1ea7u kho\u00e1ng tinh ch\u1ebf s\u00e2u v\u00e0 c\u00e1c ph\u1ee5 gia ch\u1ee9c n\u0103ng kh\u00e1c nhau nh\u01b0 ch\u1ea5t ch\u1ed1ng oxy h\u00f3a \u1edf nhi\u1ec7t \u0111\u1ed9 cao, ch\u1ea5t nh\u1eafc nh\u1edf l\u1ea1nh v\u00e0 ch\u1ea5t l\u00e0m s\u00e1ng. N\u00f3 ph\u00f9 h\u1ee3p cho c\u00e1c lo\u1ea1i th\u00e9p h\u1ee3p kim c\u00f3 k\u00edch th\u01b0\u1edbc nh\u1ecf v\u00e0 kh\u1ea3 n\u0103ng t\u00f4i c\u1ee9ng t\u1ed1t.<\/p>\n","protected":false},"featured_media":27397,"comment_status":"closed","ping_status":"closed","template":"","meta":[],"product_cat":[773,1289,719,1346],"product_tag":[1381,1377,1376,1382,1378,1380,1379,1374,1375],"class_list":{"0":"post-28298","1":"product","2":"type-product","3":"status-publish","4":"has-post-thumbnail","6":"product_brand-sinopec","7":"product_cat-dau-cong-nghiep-sinopec","8":"product_cat-dau-gia-cong-kim-loai-sinopec","9":"product_cat-dau-nhot-sinopec","10":"product_cat-dau-toi-thuong-sinopec-u8101","11":"product_tag-dau-toi-an-toan","12":"product_tag-dau-toi-chiu-nhiet-do-cao","13":"product_tag-dau-toi-cho-thep-hop-kim","14":"product_tag-dau-toi-cho-thep-hop-kim-kich-thuoc-nho","15":"product_tag-dau-toi-chong-oxy-hoa","16":"product_tag-dau-toi-co-diem-chop-chay-cao","17":"product_tag-dau-toi-on-dinh-nhiet","18":"product_tag-dau-toi-pho-thong-sinopec","19":"product_tag-dau-toi-sinopec-u8101","21":"first","22":"instock","23":"shipping-taxable","24":"product-type-simple"},"yoast_head":"<!-- This site is optimized with the Yoast SEO plugin v27.2 - https:\/\/yoast.com\/product\/yoast-seo-wordpress\/ -->\n<title>D\u1ea7u T\u00f4i Th\u01b0\u1eddng Sinopec U8101 - C\u00f4ng Ty TNHH D\u1ea7u Nh\u1eddn T&amp;T Vi\u1ec7t Nam<\/title>\n<meta name=\"robots\" content=\"index, follow, max-snippet:-1, max-image-preview:large, max-video-preview:-1\" \/>\n<link rel=\"canonical\" href=\"https:\/\/tatco.vn\/vi\/san-pham\/dau-toi-thuong-sinopec-u8101\/\" \/>\n<meta property=\"og:locale\" content=\"vi_VN\" \/>\n<meta property=\"og:type\" content=\"article\" \/>\n<meta property=\"og:title\" content=\"D\u1ea7u T\u00f4i Th\u01b0\u1eddng Sinopec U8101 - C\u00f4ng Ty TNHH D\u1ea7u Nh\u1eddn T&amp;T Vi\u1ec7t Nam\" \/>\n<meta property=\"og:url\" content=\"https:\/\/tatco.vn\/vi\/san-pham\/dau-toi-thuong-sinopec-u8101\/\" \/>\n<meta property=\"og:site_name\" content=\"C\u00f4ng Ty TNHH D\u1ea7u Nh\u1eddn T&amp;T Vi\u1ec7t Nam\" \/>\n<meta property=\"article:modified_time\" content=\"2025-02-15T04:34:57+00:00\" \/>\n<meta property=\"og:image\" content=\"https:\/\/tatco.vn\/wp-content\/uploads\/2021\/06\/Sinopec-oil-product.png\" \/>\n\t<meta property=\"og:image:width\" content=\"1000\" \/>\n\t<meta property=\"og:image:height\" content=\"1000\" \/>\n\t<meta property=\"og:image:type\" content=\"image\/png\" \/>\n<meta name=\"twitter:card\" content=\"summary_large_image\" \/>\n<meta name=\"twitter:label1\" content=\"\u01af\u1edbc t\u00ednh th\u1eddi gian \u0111\u1ecdc\" \/>\n\t<meta name=\"twitter:data1\" content=\"1 ph\u00fat\" \/>\n<script type=\"application\/ld+json\" class=\"yoast-schema-graph\">{\"@context\":\"https:\/\/schema.org\",\"@graph\":[{\"@type\":\"WebPage\",\"@id\":\"https:\/\/tatco.vn\/vi\/san-pham\/dau-toi-thuong-sinopec-u8101\/\",\"url\":\"https:\/\/tatco.vn\/vi\/san-pham\/dau-toi-thuong-sinopec-u8101\/\",\"name\":\"D\u1ea7u T\u00f4i Th\u01b0\u1eddng Sinopec U8101 - C\u00f4ng Ty TNHH D\u1ea7u Nh\u1eddn T&amp;T Vi\u1ec7t Nam\",\"isPartOf\":{\"@id\":\"https:\/\/tatco.vn\/en\/#website\"},\"primaryImageOfPage\":{\"@id\":\"https:\/\/tatco.vn\/vi\/san-pham\/dau-toi-thuong-sinopec-u8101\/#primaryimage\"},\"image\":{\"@id\":\"https:\/\/tatco.vn\/vi\/san-pham\/dau-toi-thuong-sinopec-u8101\/#primaryimage\"},\"thumbnailUrl\":\"https:\/\/tatco.vn\/wp-content\/uploads\/2021\/06\/Sinopec-oil-product.png\",\"datePublished\":\"2025-02-15T04:34:56+00:00\",\"dateModified\":\"2025-02-15T04:34:57+00:00\",\"breadcrumb\":{\"@id\":\"https:\/\/tatco.vn\/vi\/san-pham\/dau-toi-thuong-sinopec-u8101\/#breadcrumb\"},\"inLanguage\":\"vi\",\"potentialAction\":[{\"@type\":\"ReadAction\",\"target\":[\"https:\/\/tatco.vn\/vi\/san-pham\/dau-toi-thuong-sinopec-u8101\/\"]}]},{\"@type\":\"ImageObject\",\"inLanguage\":\"vi\",\"@id\":\"https:\/\/tatco.vn\/vi\/san-pham\/dau-toi-thuong-sinopec-u8101\/#primaryimage\",\"url\":\"https:\/\/tatco.vn\/wp-content\/uploads\/2021\/06\/Sinopec-oil-product.png\",\"contentUrl\":\"https:\/\/tatco.vn\/wp-content\/uploads\/2021\/06\/Sinopec-oil-product.png\",\"width\":1000,\"height\":1000},{\"@type\":\"BreadcrumbList\",\"@id\":\"https:\/\/tatco.vn\/vi\/san-pham\/dau-toi-thuong-sinopec-u8101\/#breadcrumb\",\"itemListElement\":[{\"@type\":\"ListItem\",\"position\":1,\"name\":\"Home\",\"item\":\"https:\/\/tatco.vn\/\"},{\"@type\":\"ListItem\",\"position\":2,\"name\":\"C\u1eeda h\u00e0ng\",\"item\":\"https:\/\/tatco.vn\/en\/mua\/\"},{\"@type\":\"ListItem\",\"position\":3,\"name\":\"D\u1ea7u T\u00f4i Th\u01b0\u1eddng Sinopec U8101\"}]},{\"@type\":\"WebSite\",\"@id\":\"https:\/\/tatco.vn\/en\/#website\",\"url\":\"https:\/\/tatco.vn\/en\/\",\"name\":\"C\u00f4ng Ty TNHH D\u1ea7u Nh\u1eddn T&amp;T Vi\u1ec7t Nam\",\"description\":\"Right Point - Right Time - Best Solution\",\"publisher\":{\"@id\":\"https:\/\/tatco.vn\/en\/#organization\"},\"potentialAction\":[{\"@type\":\"SearchAction\",\"target\":{\"@type\":\"EntryPoint\",\"urlTemplate\":\"https:\/\/tatco.vn\/en\/?s={search_term_string}\"},\"query-input\":{\"@type\":\"PropertyValueSpecification\",\"valueRequired\":true,\"valueName\":\"search_term_string\"}}],\"inLanguage\":\"vi\"},{\"@type\":\"Organization\",\"@id\":\"https:\/\/tatco.vn\/en\/#organization\",\"name\":\"C\u00f4ng Ty TNHH D\u1ea7u Nh\u1eddn T&T Vi\u1ec7t Nam\",\"url\":\"https:\/\/tatco.vn\/en\/\",\"logo\":{\"@type\":\"ImageObject\",\"inLanguage\":\"vi\",\"@id\":\"https:\/\/tatco.vn\/en\/#\/schema\/logo\/image\/\",\"url\":\"https:\/\/tatco.vn\/wp-content\/uploads\/2019\/05\/fav-ico.png\",\"contentUrl\":\"https:\/\/tatco.vn\/wp-content\/uploads\/2019\/05\/fav-ico.png\",\"width\":200,\"height\":200,\"caption\":\"C\u00f4ng Ty TNHH D\u1ea7u Nh\u1eddn T&T Vi\u1ec7t Nam\"},\"image\":{\"@id\":\"https:\/\/tatco.vn\/en\/#\/schema\/logo\/image\/\"}}]}<\/script>\n<!-- \/ Yoast SEO plugin. -->","yoast_head_json":{"title":"D\u1ea7u T\u00f4i Th\u01b0\u1eddng Sinopec U8101 - C\u00f4ng Ty TNHH D\u1ea7u Nh\u1eddn T&amp;T Vi\u1ec7t Nam","robots":{"index":"index","follow":"follow","max-snippet":"max-snippet:-1","max-image-preview":"max-image-preview:large","max-video-preview":"max-video-preview:-1"},"canonical":"https:\/\/tatco.vn\/vi\/san-pham\/dau-toi-thuong-sinopec-u8101\/","og_locale":"vi_VN","og_type":"article","og_title":"D\u1ea7u T\u00f4i Th\u01b0\u1eddng Sinopec U8101 - C\u00f4ng Ty TNHH D\u1ea7u Nh\u1eddn T&amp;T Vi\u1ec7t Nam","og_url":"https:\/\/tatco.vn\/vi\/san-pham\/dau-toi-thuong-sinopec-u8101\/","og_site_name":"C\u00f4ng Ty TNHH D\u1ea7u Nh\u1eddn T&amp;T Vi\u1ec7t Nam","article_modified_time":"2025-02-15T04:34:57+00:00","og_image":[{"width":1000,"height":1000,"url":"https:\/\/tatco.vn\/wp-content\/uploads\/2021\/06\/Sinopec-oil-product.png","type":"image\/png"}],"twitter_card":"summary_large_image","twitter_misc":{"\u01af\u1edbc t\u00ednh th\u1eddi gian \u0111\u1ecdc":"1 ph\u00fat"},"schema":{"@context":"https:\/\/schema.org","@graph":[{"@type":"WebPage","@id":"https:\/\/tatco.vn\/vi\/san-pham\/dau-toi-thuong-sinopec-u8101\/","url":"https:\/\/tatco.vn\/vi\/san-pham\/dau-toi-thuong-sinopec-u8101\/","name":"D\u1ea7u T\u00f4i Th\u01b0\u1eddng Sinopec U8101 - C\u00f4ng Ty TNHH D\u1ea7u Nh\u1eddn T&amp;T Vi\u1ec7t Nam","isPartOf":{"@id":"https:\/\/tatco.vn\/en\/#website"},"primaryImageOfPage":{"@id":"https:\/\/tatco.vn\/vi\/san-pham\/dau-toi-thuong-sinopec-u8101\/#primaryimage"},"image":{"@id":"https:\/\/tatco.vn\/vi\/san-pham\/dau-toi-thuong-sinopec-u8101\/#primaryimage"},"thumbnailUrl":"https:\/\/tatco.vn\/wp-content\/uploads\/2021\/06\/Sinopec-oil-product.png","datePublished":"2025-02-15T04:34:56+00:00","dateModified":"2025-02-15T04:34:57+00:00","breadcrumb":{"@id":"https:\/\/tatco.vn\/vi\/san-pham\/dau-toi-thuong-sinopec-u8101\/#breadcrumb"},"inLanguage":"vi","potentialAction":[{"@type":"ReadAction","target":["https:\/\/tatco.vn\/vi\/san-pham\/dau-toi-thuong-sinopec-u8101\/"]}]},{"@type":"ImageObject","inLanguage":"vi","@id":"https:\/\/tatco.vn\/vi\/san-pham\/dau-toi-thuong-sinopec-u8101\/#primaryimage","url":"https:\/\/tatco.vn\/wp-content\/uploads\/2021\/06\/Sinopec-oil-product.png","contentUrl":"https:\/\/tatco.vn\/wp-content\/uploads\/2021\/06\/Sinopec-oil-product.png","width":1000,"height":1000},{"@type":"BreadcrumbList","@id":"https:\/\/tatco.vn\/vi\/san-pham\/dau-toi-thuong-sinopec-u8101\/#breadcrumb","itemListElement":[{"@type":"ListItem","position":1,"name":"Home","item":"https:\/\/tatco.vn\/"},{"@type":"ListItem","position":2,"name":"C\u1eeda h\u00e0ng","item":"https:\/\/tatco.vn\/en\/mua\/"},{"@type":"ListItem","position":3,"name":"D\u1ea7u T\u00f4i Th\u01b0\u1eddng Sinopec U8101"}]},{"@type":"WebSite","@id":"https:\/\/tatco.vn\/en\/#website","url":"https:\/\/tatco.vn\/en\/","name":"C\u00f4ng Ty TNHH D\u1ea7u Nh\u1eddn T&amp;T Vi\u1ec7t Nam","description":"Right Point - Right Time - Best Solution","publisher":{"@id":"https:\/\/tatco.vn\/en\/#organization"},"potentialAction":[{"@type":"SearchAction","target":{"@type":"EntryPoint","urlTemplate":"https:\/\/tatco.vn\/en\/?s={search_term_string}"},"query-input":{"@type":"PropertyValueSpecification","valueRequired":true,"valueName":"search_term_string"}}],"inLanguage":"vi"},{"@type":"Organization","@id":"https:\/\/tatco.vn\/en\/#organization","name":"C\u00f4ng Ty TNHH D\u1ea7u Nh\u1eddn T&T Vi\u1ec7t Nam","url":"https:\/\/tatco.vn\/en\/","logo":{"@type":"ImageObject","inLanguage":"vi","@id":"https:\/\/tatco.vn\/en\/#\/schema\/logo\/image\/","url":"https:\/\/tatco.vn\/wp-content\/uploads\/2019\/05\/fav-ico.png","contentUrl":"https:\/\/tatco.vn\/wp-content\/uploads\/2019\/05\/fav-ico.png","width":200,"height":200,"caption":"C\u00f4ng Ty TNHH D\u1ea7u Nh\u1eddn T&T Vi\u1ec7t Nam"},"image":{"@id":"https:\/\/tatco.vn\/en\/#\/schema\/logo\/image\/"}}]}},"_links":{"self":[{"href":"https:\/\/tatco.vn\/vi\/wp-json\/wp\/v2\/product\/28298","targetHints":{"allow":["GET"]}}],"collection":[{"href":"https:\/\/tatco.vn\/vi\/wp-json\/wp\/v2\/product"}],"about":[{"href":"https:\/\/tatco.vn\/vi\/wp-json\/wp\/v2\/types\/product"}],"replies":[{"embeddable":true,"href":"https:\/\/tatco.vn\/vi\/wp-json\/wp\/v2\/comments?post=28298"}],"version-history":[{"count":0,"href":"https:\/\/tatco.vn\/vi\/wp-json\/wp\/v2\/product\/28298\/revisions"}],"wp:featuredmedia":[{"embeddable":true,"href":"https:\/\/tatco.vn\/vi\/wp-json\/wp\/v2\/media\/27397"}],"wp:attachment":[{"href":"https:\/\/tatco.vn\/vi\/wp-json\/wp\/v2\/media?parent=28298"}],"wp:term":[{"taxonomy":"product_cat","embeddable":true,"href":"https:\/\/tatco.vn\/vi\/wp-json\/wp\/v2\/product_cat?post=28298"},{"taxonomy":"product_tag","embeddable":true,"href":"https:\/\/tatco.vn\/vi\/wp-json\/wp\/v2\/product_tag?post=28298"}],"curies":[{"name":"wp","href":"https:\/\/api.w.org\/{rel}","templated":true}]}}