{"id":28296,"date":"2025-02-15T11:30:09","date_gmt":"2025-02-15T04:30:09","guid":{"rendered":"https:\/\/tatco.vn\/vi\/?post_type=product&#038;p=28296"},"modified":"2025-02-15T11:30:10","modified_gmt":"2025-02-15T04:30:10","slug":"dau-chong-gi-day-cap-thep-sinopec-r5319","status":"publish","type":"product","link":"https:\/\/tatco.vn\/vi\/san-pham\/dau-chong-gi-day-cap-thep-sinopec-r5319\/","title":{"rendered":"D\u1ea7u Ch\u1ed1ng G\u1ec9 D\u00e2y C\u00e1p Th\u00e9p Sinopec R5319"},"content":{"rendered":"<p><\/p>\n<p style=\"text-align: justify\"><strong>D\u1ea7u Ch\u1ed1ng R\u1ec9 D\u00e2y Th\u00e9p Sinopec R5319<\/strong> l\u00e0 m\u1ed9t lo\u1ea1i d\u1ea7u \u0111\u01b0\u1ee3c pha ch\u1ebf \u0111\u1eb7c bi\u1ec7t d\u00e0nh cho d\u00e2y th\u00e9p v\u1edbi d\u1ea7u kho\u00e1ng tinh ch\u1ebf v\u00e0 c\u00e1c ch\u1ea5t ph\u1ee5 gia ch\u1ecbu \u00e1p su\u1ea5t c\u1ef1c cao, ch\u1ea5t ch\u1ed1ng r\u1ec9 v\u00e0 ch\u1ea5t ch\u1ed1ng oxy h\u00f3a.<\/p>\n<h3 style=\"text-align: justify\">\u1ee8ng D\u1ee5ng:<\/h3>\n<p style=\"text-align: justify\"><strong>D\u1ea7u Ch\u1ed1ng R\u1ec9 D\u00e2y Th\u00e9p Sinopec R5319<\/strong> ph\u00f9 h\u1ee3p \u0111\u1ec3 s\u1eed d\u1ee5ng trong:<\/p>\n<ul style=\"text-align: justify\">\n<li>B\u1ea3o v\u1ec7 ch\u1ed1ng r\u1ec9 cho d\u00e2y th\u00e9p, c\u00e1p v\u00e0 x\u00edch trong th\u1eddi gian l\u01b0u tr\u1eef trong nh\u00e0.<\/li>\n<li>\u0110\u1ec1 ngh\u1ecb s\u1eed d\u1ee5ng v\u1edbi m\u1ee1 b\u00f4i tr\u01a1n cho c\u00e1c \u1ee9ng d\u1ee5ng ngo\u00e0i tr\u1eddi.<\/li>\n<\/ul>\n<h3 style=\"text-align: justify\">\u0110\u1eb7c \u0110i\u1ec3m v\u00e0 L\u1ee3i \u00cdch:<\/h3>\n<ul>\n<li style=\"text-align: justify\"><strong>Hi\u1ec7u su\u1ea5t ch\u1ecbu \u00e1p su\u1ea5t cao v\u00e0 ch\u1ed1ng m\u00e0i m\u00f2n t\u1ed1t<\/strong> b\u1ea3o v\u1ec7 s\u1ef1 m\u00e0i m\u00f2n gi\u1eefa d\u00e2y th\u00e9p v\u00e0 r\u00f2ng r\u1ecdc, k\u00e9o d\u00e0i tu\u1ed5i th\u1ecd.<\/li>\n<li style=\"text-align: justify\"><strong>Kh\u1ea3 n\u0103ng ch\u1ed1ng r\u1ec9 v\u00e0 ch\u1ed1ng \u0103n m\u00f2n t\u1ed1t<\/strong> b\u1ea3o v\u1ec7 thi\u1ebft b\u1ecb kh\u1ecfi b\u1ecb r\u1ec9 v\u00e0 \u0103n m\u00f2n, k\u00e9o d\u00e0i tu\u1ed5i th\u1ecd thi\u1ebft b\u1ecb.<\/li>\n<li style=\"text-align: justify\"><strong>Th\u1ea9m th\u1ea5u nhanh<\/strong> \u0111\u1ec3 \u0111\u1ea3m b\u1ea3o d\u1ea7u th\u1ea5m \u0111\u1ebfn l\u00f5i c\u1ee7a d\u00e2y th\u00e9p.<\/li>\n<li>\n<p style=\"text-align: justify\"><strong>Kh\u1ea3 n\u0103ng \u1ed5n \u0111\u1ecbnh oxy h\u00f3a t\u1ed1t<\/strong> k\u00e9o d\u00e0i tu\u1ed5i th\u1ecd d\u1ea7u v\u00e0 t\u0103ng kho\u1ea3ng th\u1eddi gian b\u1ea3o d\u01b0\u1ee1ng.<\/p>\n<\/li>\n<\/ul>\n<h3>Th\u00f4ng S\u1ed1 K\u1ef9 Thu\u1eadt:<\/h3>\n<div>\n<div>\n<div class=\"table-responsive\">\n<table class=\"table table-striped\">\n<thead>\n<tr>\n<th><strong>Th\u00f4ng S\u1ed1<\/strong><\/th>\n<th><strong>D\u1ea7u Ch\u1ed1ng R\u1ec9 D\u00e2y Th\u00e9p Sinopec R5319<\/strong><\/th>\n<\/tr>\n<\/thead>\n<tbody>\n<tr>\n<td><strong>Ngo\u1ea1i Quan<\/strong><\/td>\n<td>Ch\u1ea5t l\u1ecfng trong su\u1ed1t m\u00e0u n\u00e2u<\/td>\n<\/tr>\n<tr>\n<td><strong>\u0110\u1ed9 Nh\u1edbt \u0110\u1ed9ng H\u1ecdc, cSt @ 40\u2103, ASTM D 445<\/strong><\/td>\n<td>59.78<\/td>\n<\/tr>\n<tr>\n<td><strong>\u0110i\u1ec3m Ch\u1edbp Ch\u00e1y (COC), \u2103, ASTM D 92<\/strong><\/td>\n<td>196<\/td>\n<\/tr>\n<tr>\n<td><strong>Th\u1eed Nghi\u1ec7m Ch\u1ed1ng R\u1ec9 T\u1ee7 \u0110\u1ed9 \u1ea8m (T\u1ea5m Th\u00e9p 45#, 49\u00b11\u2103, C\u1ea5p A), gi\u1edd<\/strong><\/td>\n<td>48<\/td>\n<\/tr>\n<tr>\n<td><strong>Th\u1eed Nghi\u1ec7m B\u1ed1n Bi, PB, N, ASTM D 2783<\/strong><\/td>\n<td>784<\/td>\n<\/tr>\n<\/tbody>\n<\/table>\n<\/div>\n<\/div>\n<\/div>\n<p><\/p>","protected":false},"excerpt":{"rendered":"<p style=\"text-align: justify\"><strong>D\u1ea7u Ch\u1ed1ng R\u1ec9 D\u00e2y Th\u00e9p Sinopec R5319<\/strong> l\u00e0 m\u1ed9t lo\u1ea1i d\u1ea7u \u0111\u01b0\u1ee3c pha ch\u1ebf \u0111\u1eb7c bi\u1ec7t d\u00e0nh cho d\u00e2y th\u00e9p v\u1edbi d\u1ea7u kho\u00e1ng tinh ch\u1ebf v\u00e0 c\u00e1c ch\u1ea5t ph\u1ee5 gia ch\u1ecbu \u00e1p su\u1ea5t c\u1ef1c cao, ch\u1ea5t ch\u1ed1ng r\u1ec9 v\u00e0 ch\u1ea5t ch\u1ed1ng oxy h\u00f3a.<\/p>\n","protected":false},"featured_media":27397,"comment_status":"closed","ping_status":"closed","template":"","meta":[],"product_cat":[1345,773,1289,719],"product_tag":[1373,1361,1246,1370,1369,1371,1367,1363,1372,1368],"class_list":{"0":"post-28296","1":"product","2":"type-product","3":"status-publish","4":"has-post-thumbnail","6":"product_brand-sinopec","7":"product_cat-dau-chong-gi-day-cap-thep-sinopec-r5319","8":"product_cat-dau-cong-nghiep-sinopec","9":"product_cat-dau-gia-cong-kim-loai-sinopec","10":"product_cat-dau-nhot-sinopec","11":"product_tag-dau-boi-tron-chiu-ap-suat-cao","12":"product_tag-dau-boi-tron-chong-ri","13":"product_tag-dau-chong-an-mon","14":"product_tag-dau-chong-ri-cho-cap","15":"product_tag-dau-chong-ri-cho-day-thep","16":"product_tag-dau-chong-ri-cho-xich","17":"product_tag-dau-chong-ri-day-thep-sinopec","18":"product_tag-dau-chong-ri-hieu-suat-cao","19":"product_tag-dau-khoang-tinh-che","20":"product_tag-sinopec-r5319-antirust-oil","22":"first","23":"instock","24":"shipping-taxable","25":"product-type-simple"},"yoast_head":"<!-- This site is optimized with the Yoast SEO plugin v27.2 - https:\/\/yoast.com\/product\/yoast-seo-wordpress\/ -->\n<title>D\u1ea7u Ch\u1ed1ng G\u1ec9 D\u00e2y C\u00e1p Th\u00e9p Sinopec R5319 - C\u00f4ng Ty TNHH D\u1ea7u Nh\u1eddn T&amp;T Vi\u1ec7t Nam<\/title>\n<meta name=\"robots\" content=\"index, follow, max-snippet:-1, max-image-preview:large, max-video-preview:-1\" \/>\n<link rel=\"canonical\" href=\"https:\/\/tatco.vn\/en\/san-pham\/dau-chong-gi-day-cap-thep-sinopec-r5319\/\" \/>\n<meta property=\"og:locale\" content=\"vi_VN\" \/>\n<meta property=\"og:type\" content=\"article\" \/>\n<meta property=\"og:title\" content=\"D\u1ea7u Ch\u1ed1ng G\u1ec9 D\u00e2y C\u00e1p Th\u00e9p Sinopec R5319 - C\u00f4ng Ty TNHH D\u1ea7u Nh\u1eddn T&amp;T Vi\u1ec7t Nam\" \/>\n<meta property=\"og:url\" content=\"https:\/\/tatco.vn\/en\/san-pham\/dau-chong-gi-day-cap-thep-sinopec-r5319\/\" \/>\n<meta property=\"og:site_name\" content=\"C\u00f4ng Ty TNHH D\u1ea7u Nh\u1eddn T&amp;T Vi\u1ec7t Nam\" \/>\n<meta property=\"article:modified_time\" content=\"2025-02-15T04:30:10+00:00\" \/>\n<meta property=\"og:image\" content=\"https:\/\/tatco.vn\/wp-content\/uploads\/2021\/06\/Sinopec-oil-product.png\" \/>\n\t<meta property=\"og:image:width\" content=\"1000\" \/>\n\t<meta property=\"og:image:height\" content=\"1000\" \/>\n\t<meta property=\"og:image:type\" content=\"image\/png\" \/>\n<meta name=\"twitter:card\" content=\"summary_large_image\" \/>\n<meta name=\"twitter:label1\" content=\"\u01af\u1edbc t\u00ednh th\u1eddi gian \u0111\u1ecdc\" \/>\n\t<meta name=\"twitter:data1\" content=\"1 ph\u00fat\" \/>\n<script type=\"application\/ld+json\" class=\"yoast-schema-graph\">{\"@context\":\"https:\/\/schema.org\",\"@graph\":[{\"@type\":\"WebPage\",\"@id\":\"https:\/\/tatco.vn\/en\/san-pham\/dau-chong-gi-day-cap-thep-sinopec-r5319\/\",\"url\":\"https:\/\/tatco.vn\/en\/san-pham\/dau-chong-gi-day-cap-thep-sinopec-r5319\/\",\"name\":\"D\u1ea7u Ch\u1ed1ng G\u1ec9 D\u00e2y C\u00e1p Th\u00e9p Sinopec R5319 - C\u00f4ng Ty TNHH D\u1ea7u Nh\u1eddn T&amp;T Vi\u1ec7t Nam\",\"isPartOf\":{\"@id\":\"https:\/\/tatco.vn\/en\/#website\"},\"primaryImageOfPage\":{\"@id\":\"https:\/\/tatco.vn\/en\/san-pham\/dau-chong-gi-day-cap-thep-sinopec-r5319\/#primaryimage\"},\"image\":{\"@id\":\"https:\/\/tatco.vn\/en\/san-pham\/dau-chong-gi-day-cap-thep-sinopec-r5319\/#primaryimage\"},\"thumbnailUrl\":\"https:\/\/tatco.vn\/wp-content\/uploads\/2021\/06\/Sinopec-oil-product.png\",\"datePublished\":\"2025-02-15T04:30:09+00:00\",\"dateModified\":\"2025-02-15T04:30:10+00:00\",\"breadcrumb\":{\"@id\":\"https:\/\/tatco.vn\/en\/san-pham\/dau-chong-gi-day-cap-thep-sinopec-r5319\/#breadcrumb\"},\"inLanguage\":\"vi\",\"potentialAction\":[{\"@type\":\"ReadAction\",\"target\":[\"https:\/\/tatco.vn\/en\/san-pham\/dau-chong-gi-day-cap-thep-sinopec-r5319\/\"]}]},{\"@type\":\"ImageObject\",\"inLanguage\":\"vi\",\"@id\":\"https:\/\/tatco.vn\/en\/san-pham\/dau-chong-gi-day-cap-thep-sinopec-r5319\/#primaryimage\",\"url\":\"https:\/\/tatco.vn\/wp-content\/uploads\/2021\/06\/Sinopec-oil-product.png\",\"contentUrl\":\"https:\/\/tatco.vn\/wp-content\/uploads\/2021\/06\/Sinopec-oil-product.png\",\"width\":1000,\"height\":1000},{\"@type\":\"BreadcrumbList\",\"@id\":\"https:\/\/tatco.vn\/en\/san-pham\/dau-chong-gi-day-cap-thep-sinopec-r5319\/#breadcrumb\",\"itemListElement\":[{\"@type\":\"ListItem\",\"position\":1,\"name\":\"Home\",\"item\":\"https:\/\/tatco.vn\/\"},{\"@type\":\"ListItem\",\"position\":2,\"name\":\"C\u1eeda h\u00e0ng\",\"item\":\"https:\/\/tatco.vn\/en\/mua\/\"},{\"@type\":\"ListItem\",\"position\":3,\"name\":\"Sinopec R5319 Wire Rope Antirust Oil\"}]},{\"@type\":\"WebSite\",\"@id\":\"https:\/\/tatco.vn\/en\/#website\",\"url\":\"https:\/\/tatco.vn\/en\/\",\"name\":\"C\u00f4ng Ty TNHH D\u1ea7u Nh\u1eddn T&amp;T Vi\u1ec7t Nam\",\"description\":\"Right Point - Right Time - Best Solution\",\"publisher\":{\"@id\":\"https:\/\/tatco.vn\/en\/#organization\"},\"potentialAction\":[{\"@type\":\"SearchAction\",\"target\":{\"@type\":\"EntryPoint\",\"urlTemplate\":\"https:\/\/tatco.vn\/en\/?s={search_term_string}\"},\"query-input\":{\"@type\":\"PropertyValueSpecification\",\"valueRequired\":true,\"valueName\":\"search_term_string\"}}],\"inLanguage\":\"vi\"},{\"@type\":\"Organization\",\"@id\":\"https:\/\/tatco.vn\/en\/#organization\",\"name\":\"C\u00f4ng Ty TNHH D\u1ea7u Nh\u1eddn T&T Vi\u1ec7t Nam\",\"url\":\"https:\/\/tatco.vn\/en\/\",\"logo\":{\"@type\":\"ImageObject\",\"inLanguage\":\"vi\",\"@id\":\"https:\/\/tatco.vn\/en\/#\/schema\/logo\/image\/\",\"url\":\"https:\/\/tatco.vn\/wp-content\/uploads\/2019\/05\/fav-ico.png\",\"contentUrl\":\"https:\/\/tatco.vn\/wp-content\/uploads\/2019\/05\/fav-ico.png\",\"width\":200,\"height\":200,\"caption\":\"C\u00f4ng Ty TNHH D\u1ea7u Nh\u1eddn T&T Vi\u1ec7t Nam\"},\"image\":{\"@id\":\"https:\/\/tatco.vn\/en\/#\/schema\/logo\/image\/\"}}]}<\/script>\n<!-- \/ Yoast SEO plugin. -->","yoast_head_json":{"title":"D\u1ea7u Ch\u1ed1ng G\u1ec9 D\u00e2y C\u00e1p Th\u00e9p Sinopec R5319 - C\u00f4ng Ty TNHH D\u1ea7u Nh\u1eddn T&amp;T Vi\u1ec7t Nam","robots":{"index":"index","follow":"follow","max-snippet":"max-snippet:-1","max-image-preview":"max-image-preview:large","max-video-preview":"max-video-preview:-1"},"canonical":"https:\/\/tatco.vn\/en\/san-pham\/dau-chong-gi-day-cap-thep-sinopec-r5319\/","og_locale":"vi_VN","og_type":"article","og_title":"D\u1ea7u Ch\u1ed1ng G\u1ec9 D\u00e2y C\u00e1p Th\u00e9p Sinopec R5319 - C\u00f4ng Ty TNHH D\u1ea7u Nh\u1eddn T&amp;T Vi\u1ec7t Nam","og_url":"https:\/\/tatco.vn\/en\/san-pham\/dau-chong-gi-day-cap-thep-sinopec-r5319\/","og_site_name":"C\u00f4ng Ty TNHH D\u1ea7u Nh\u1eddn T&amp;T Vi\u1ec7t Nam","article_modified_time":"2025-02-15T04:30:10+00:00","og_image":[{"width":1000,"height":1000,"url":"https:\/\/tatco.vn\/wp-content\/uploads\/2021\/06\/Sinopec-oil-product.png","type":"image\/png"}],"twitter_card":"summary_large_image","twitter_misc":{"\u01af\u1edbc t\u00ednh th\u1eddi gian \u0111\u1ecdc":"1 ph\u00fat"},"schema":{"@context":"https:\/\/schema.org","@graph":[{"@type":"WebPage","@id":"https:\/\/tatco.vn\/en\/san-pham\/dau-chong-gi-day-cap-thep-sinopec-r5319\/","url":"https:\/\/tatco.vn\/en\/san-pham\/dau-chong-gi-day-cap-thep-sinopec-r5319\/","name":"D\u1ea7u Ch\u1ed1ng G\u1ec9 D\u00e2y C\u00e1p Th\u00e9p Sinopec R5319 - C\u00f4ng Ty TNHH D\u1ea7u Nh\u1eddn T&amp;T Vi\u1ec7t Nam","isPartOf":{"@id":"https:\/\/tatco.vn\/en\/#website"},"primaryImageOfPage":{"@id":"https:\/\/tatco.vn\/en\/san-pham\/dau-chong-gi-day-cap-thep-sinopec-r5319\/#primaryimage"},"image":{"@id":"https:\/\/tatco.vn\/en\/san-pham\/dau-chong-gi-day-cap-thep-sinopec-r5319\/#primaryimage"},"thumbnailUrl":"https:\/\/tatco.vn\/wp-content\/uploads\/2021\/06\/Sinopec-oil-product.png","datePublished":"2025-02-15T04:30:09+00:00","dateModified":"2025-02-15T04:30:10+00:00","breadcrumb":{"@id":"https:\/\/tatco.vn\/en\/san-pham\/dau-chong-gi-day-cap-thep-sinopec-r5319\/#breadcrumb"},"inLanguage":"vi","potentialAction":[{"@type":"ReadAction","target":["https:\/\/tatco.vn\/en\/san-pham\/dau-chong-gi-day-cap-thep-sinopec-r5319\/"]}]},{"@type":"ImageObject","inLanguage":"vi","@id":"https:\/\/tatco.vn\/en\/san-pham\/dau-chong-gi-day-cap-thep-sinopec-r5319\/#primaryimage","url":"https:\/\/tatco.vn\/wp-content\/uploads\/2021\/06\/Sinopec-oil-product.png","contentUrl":"https:\/\/tatco.vn\/wp-content\/uploads\/2021\/06\/Sinopec-oil-product.png","width":1000,"height":1000},{"@type":"BreadcrumbList","@id":"https:\/\/tatco.vn\/en\/san-pham\/dau-chong-gi-day-cap-thep-sinopec-r5319\/#breadcrumb","itemListElement":[{"@type":"ListItem","position":1,"name":"Home","item":"https:\/\/tatco.vn\/"},{"@type":"ListItem","position":2,"name":"C\u1eeda h\u00e0ng","item":"https:\/\/tatco.vn\/en\/mua\/"},{"@type":"ListItem","position":3,"name":"Sinopec R5319 Wire Rope Antirust Oil"}]},{"@type":"WebSite","@id":"https:\/\/tatco.vn\/en\/#website","url":"https:\/\/tatco.vn\/en\/","name":"C\u00f4ng Ty TNHH D\u1ea7u Nh\u1eddn T&amp;T Vi\u1ec7t Nam","description":"Right Point - Right Time - Best Solution","publisher":{"@id":"https:\/\/tatco.vn\/en\/#organization"},"potentialAction":[{"@type":"SearchAction","target":{"@type":"EntryPoint","urlTemplate":"https:\/\/tatco.vn\/en\/?s={search_term_string}"},"query-input":{"@type":"PropertyValueSpecification","valueRequired":true,"valueName":"search_term_string"}}],"inLanguage":"vi"},{"@type":"Organization","@id":"https:\/\/tatco.vn\/en\/#organization","name":"C\u00f4ng Ty TNHH D\u1ea7u Nh\u1eddn T&T Vi\u1ec7t Nam","url":"https:\/\/tatco.vn\/en\/","logo":{"@type":"ImageObject","inLanguage":"vi","@id":"https:\/\/tatco.vn\/en\/#\/schema\/logo\/image\/","url":"https:\/\/tatco.vn\/wp-content\/uploads\/2019\/05\/fav-ico.png","contentUrl":"https:\/\/tatco.vn\/wp-content\/uploads\/2019\/05\/fav-ico.png","width":200,"height":200,"caption":"C\u00f4ng Ty TNHH D\u1ea7u Nh\u1eddn T&T Vi\u1ec7t Nam"},"image":{"@id":"https:\/\/tatco.vn\/en\/#\/schema\/logo\/image\/"}}]}},"_links":{"self":[{"href":"https:\/\/tatco.vn\/vi\/wp-json\/wp\/v2\/product\/28296","targetHints":{"allow":["GET"]}}],"collection":[{"href":"https:\/\/tatco.vn\/vi\/wp-json\/wp\/v2\/product"}],"about":[{"href":"https:\/\/tatco.vn\/vi\/wp-json\/wp\/v2\/types\/product"}],"replies":[{"embeddable":true,"href":"https:\/\/tatco.vn\/vi\/wp-json\/wp\/v2\/comments?post=28296"}],"version-history":[{"count":0,"href":"https:\/\/tatco.vn\/vi\/wp-json\/wp\/v2\/product\/28296\/revisions"}],"wp:featuredmedia":[{"embeddable":true,"href":"https:\/\/tatco.vn\/vi\/wp-json\/wp\/v2\/media\/27397"}],"wp:attachment":[{"href":"https:\/\/tatco.vn\/vi\/wp-json\/wp\/v2\/media?parent=28296"}],"wp:term":[{"taxonomy":"product_cat","embeddable":true,"href":"https:\/\/tatco.vn\/vi\/wp-json\/wp\/v2\/product_cat?post=28296"},{"taxonomy":"product_tag","embeddable":true,"href":"https:\/\/tatco.vn\/vi\/wp-json\/wp\/v2\/product_tag?post=28296"}],"curies":[{"name":"wp","href":"https:\/\/api.w.org\/{rel}","templated":true}]}}