{"id":28292,"date":"2025-02-15T11:23:24","date_gmt":"2025-02-15T04:23:24","guid":{"rendered":"https:\/\/tatco.vn\/vi\/?post_type=product&#038;p=28292"},"modified":"2025-02-15T11:23:55","modified_gmt":"2025-02-15T04:23:55","slug":"dau-boi-tron-chong-gi-loi-sat-thep-silic-sinopec-r5316b","status":"publish","type":"product","link":"https:\/\/tatco.vn\/vi\/san-pham\/dau-boi-tron-chong-gi-loi-sat-thep-silic-sinopec-r5316b\/","title":{"rendered":"D\u1ea7u B\u00f4i Tr\u01a1n Ch\u1ed1ng G\u1ec9 L\u00f5i S\u1eaft Th\u00e9p Silic Sinopec R5316B"},"content":{"rendered":"<p><\/p>\n<p style=\"text-align: justify\"><strong>D\u1ea7u B\u00f4i Tr\u01a1n Ch\u1ed1ng R\u1ec9 L\u00f5i S\u1eaft Th\u00e9p Silicon Sinopec R5316B<\/strong> \u0111\u01b0\u1ee3c c\u1ea5u t\u1ea1o t\u1eeb d\u1ea7u kho\u00e1ng tinh ch\u1ebf v\u00e0 c\u00e1c ch\u1ea5t ph\u1ee5 gia ch\u1ed1ng r\u1ec9, ph\u00f9 h\u1ee3p cho vi\u1ec7c b\u00f4i tr\u01a1n v\u00e0 ch\u1ed1ng r\u1ec9 cho c\u00e1c t\u1ea5m th\u00e9p silicon.<\/p>\n<h3 style=\"text-align: justify\">\u1ee8ng D\u1ee5ng:<\/h3>\n<p style=\"text-align: justify\"><strong>D\u1ea7u B\u00f4i Tr\u01a1n Ch\u1ed1ng R\u1ec9 L\u00f5i S\u1eaft Th\u00e9p Silicon Sinopec R5316B<\/strong> ph\u00f9 h\u1ee3p \u0111\u1ec3 s\u1eed d\u1ee5ng trong:<\/p>\n<ul style=\"text-align: justify\">\n<li>B\u00f4i tr\u01a1n trong qu\u00e1 tr\u00ecnh gia c\u00f4ng t\u1ea5m th\u00e9p silicon.<\/li>\n<li>Ch\u1ed1ng r\u1ec9 l\u00f5i s\u1eaft sau khi l\u1eafp r\u00e1p.<\/li>\n<\/ul>\n<h3 style=\"text-align: justify\">\u0110\u1eb7c \u0110i\u1ec3m v\u00e0 L\u1ee3i \u00cdch:<\/h3>\n<ul>\n<li style=\"text-align: justify\"><strong>T\u00ednh n\u0103ng ch\u1ed1ng r\u1ec9 t\u1ed1t<\/strong>.<\/li>\n<li style=\"text-align: justify\"><strong>Hi\u1ec7u su\u1ea5t b\u00f4i tr\u01a1n t\u1ed1t<\/strong>.<\/li>\n<li>\n<p style=\"text-align: justify\"><strong>Kh\u00f4ng c\u1ea7n l\u00e0m s\u1ea1ch, l\u1eafp r\u00e1p tr\u1ef1c ti\u1ebfp<\/strong>.<\/p>\n<\/li>\n<\/ul>\n<h3>Th\u00f4ng S\u1ed1 K\u1ef9 Thu\u1eadt:<\/h3>\n<div>\n<div>\n<div class=\"table-responsive\">\n<table class=\"table table-striped\">\n<thead>\n<tr>\n<th><strong>Th\u00f4ng S\u1ed1<\/strong><\/th>\n<th><strong>D\u1ea7u B\u00f4i Tr\u01a1n Ch\u1ed1ng R\u1ec9 L\u00f5i S\u1eaft Th\u00e9p Silicon Sinopec R5316B<\/strong><\/th>\n<\/tr>\n<\/thead>\n<tbody>\n<tr>\n<td><strong>Ngo\u1ea1i Quan<\/strong><\/td>\n<td>Ch\u1ea5t l\u1ecfng trong su\u1ed1t m\u00e0u n\u00e2u<\/td>\n<\/tr>\n<tr>\n<td><strong>\u0110\u1ed9 Nh\u1edbt \u0110\u1ed9ng H\u1ecdc, cSt @ 40\u2103, ASTM D 445<\/strong><\/td>\n<td>11.11<\/td>\n<\/tr>\n<tr>\n<td><strong>\u0110i\u1ec3m Ch\u1edbp Ch\u00e1y (COC), \u2103, ASTM D 92<\/strong><\/td>\n<td>156<\/td>\n<\/tr>\n<tr>\n<td><strong>Th\u1eed Nghi\u1ec7m Ch\u1ed1ng R\u1ec9 T\u1ee7 \u0110\u1ed9 \u1ea8m (T\u1ea5m Th\u00e9p 45#, 49\u00b11\u2103, C\u1ea5p A), gi\u1edd<\/strong><\/td>\n<td>120<\/td>\n<\/tr>\n<tr>\n<td><strong>Th\u1eed Nghi\u1ec7m \u0102n M\u00f2n (100\u2103, 3h)<\/strong><\/td>\n<td>T\u1ea5m \u0110\u1ed3ng T3: \u0110\u1ea1t<\/td>\n<\/tr>\n<tr>\n<td><\/td>\n<td>T\u1ea5m Th\u00e9p 45#: \u0110\u1ea1t<\/td>\n<\/tr>\n<\/tbody>\n<\/table>\n<\/div>\n<\/div>\n<\/div>\n<p><\/p>","protected":false},"excerpt":{"rendered":"<p style=\"text-align: justify\"><strong>D\u1ea7u B\u00f4i Tr\u01a1n Ch\u1ed1ng R\u1ec9 L\u00f5i S\u1eaft Th\u00e9p Silicon Sinopec R5316B<\/strong> \u0111\u01b0\u1ee3c c\u1ea5u t\u1ea1o t\u1eeb d\u1ea7u kho\u00e1ng tinh ch\u1ebf v\u00e0 c\u00e1c ch\u1ea5t ph\u1ee5 gia ch\u1ed1ng r\u1ec9, ph\u00f9 h\u1ee3p cho vi\u1ec7c b\u00f4i tr\u01a1n v\u00e0 ch\u1ed1ng r\u1ec9 cho c\u00e1c t\u1ea5m th\u00e9p silicon.<\/p>\n","protected":false},"featured_media":27397,"comment_status":"closed","ping_status":"closed","template":"","meta":[],"product_cat":[1344,773,1289,719],"product_tag":[1362,1366,1361,1358,1359,1357,1364,1363,1360,1365],"class_list":{"0":"post-28292","1":"product","2":"type-product","3":"status-publish","4":"has-post-thumbnail","6":"product_brand-sinopec","7":"product_cat-dau-boi-tron-chong-gi-loi-sat-thep-silic-sinopec-r5316b","8":"product_cat-dau-cong-nghiep-sinopec","9":"product_cat-dau-gia-cong-kim-loai-sinopec","10":"product_cat-dau-nhot-sinopec","11":"product_tag-dau-boi-tron-cho-thep-silicon","12":"product_tag-dau-boi-tron-chong-an-mon","13":"product_tag-dau-boi-tron-chong-ri","14":"product_tag-dau-boi-tron-chong-ri-sinopec-r5316b","15":"product_tag-dau-boi-tron-tam-thep-silicon","16":"product_tag-dau-boi-tron-thep-silicon-sinopec","17":"product_tag-dau-boi-tron-trong-suot","18":"product_tag-dau-chong-ri-hieu-suat-cao","19":"product_tag-dau-chong-ri-loi-sat","20":"product_tag-dau-khoang-tinh-che-cho-boi-tron","22":"first","23":"instock","24":"shipping-taxable","25":"product-type-simple"},"yoast_head":"<!-- This site is optimized with the Yoast SEO plugin v27.2 - https:\/\/yoast.com\/product\/yoast-seo-wordpress\/ -->\n<title>D\u1ea7u B\u00f4i Tr\u01a1n Ch\u1ed1ng G\u1ec9 L\u00f5i S\u1eaft Th\u00e9p Silic Sinopec R5316B - C\u00f4ng Ty TNHH D\u1ea7u Nh\u1eddn T&amp;T Vi\u1ec7t Nam<\/title>\n<meta name=\"robots\" content=\"index, follow, max-snippet:-1, max-image-preview:large, max-video-preview:-1\" \/>\n<link rel=\"canonical\" href=\"https:\/\/tatco.vn\/en\/san-pham\/dau-boi-tron-chong-gi-loi-sat-thep-silic-sinopec-r5316b\/\" \/>\n<meta property=\"og:locale\" content=\"vi_VN\" \/>\n<meta property=\"og:type\" content=\"article\" \/>\n<meta property=\"og:title\" content=\"D\u1ea7u B\u00f4i Tr\u01a1n Ch\u1ed1ng G\u1ec9 L\u00f5i S\u1eaft Th\u00e9p Silic Sinopec R5316B - C\u00f4ng Ty TNHH D\u1ea7u Nh\u1eddn T&amp;T Vi\u1ec7t Nam\" \/>\n<meta property=\"og:url\" content=\"https:\/\/tatco.vn\/en\/san-pham\/dau-boi-tron-chong-gi-loi-sat-thep-silic-sinopec-r5316b\/\" \/>\n<meta property=\"og:site_name\" content=\"C\u00f4ng Ty TNHH D\u1ea7u Nh\u1eddn T&amp;T Vi\u1ec7t Nam\" \/>\n<meta property=\"article:modified_time\" content=\"2025-02-15T04:23:55+00:00\" \/>\n<meta property=\"og:image\" content=\"https:\/\/tatco.vn\/wp-content\/uploads\/2021\/06\/Sinopec-oil-product.png\" \/>\n\t<meta property=\"og:image:width\" content=\"1000\" \/>\n\t<meta property=\"og:image:height\" content=\"1000\" \/>\n\t<meta property=\"og:image:type\" content=\"image\/png\" \/>\n<meta name=\"twitter:card\" content=\"summary_large_image\" \/>\n<meta name=\"twitter:label1\" content=\"\u01af\u1edbc t\u00ednh th\u1eddi gian \u0111\u1ecdc\" \/>\n\t<meta name=\"twitter:data1\" content=\"1 ph\u00fat\" \/>\n<script type=\"application\/ld+json\" class=\"yoast-schema-graph\">{\"@context\":\"https:\/\/schema.org\",\"@graph\":[{\"@type\":\"WebPage\",\"@id\":\"https:\/\/tatco.vn\/en\/san-pham\/dau-boi-tron-chong-gi-loi-sat-thep-silic-sinopec-r5316b\/\",\"url\":\"https:\/\/tatco.vn\/en\/san-pham\/dau-boi-tron-chong-gi-loi-sat-thep-silic-sinopec-r5316b\/\",\"name\":\"D\u1ea7u B\u00f4i Tr\u01a1n Ch\u1ed1ng G\u1ec9 L\u00f5i S\u1eaft Th\u00e9p Silic Sinopec R5316B - C\u00f4ng Ty TNHH D\u1ea7u Nh\u1eddn T&amp;T Vi\u1ec7t Nam\",\"isPartOf\":{\"@id\":\"https:\/\/tatco.vn\/en\/#website\"},\"primaryImageOfPage\":{\"@id\":\"https:\/\/tatco.vn\/en\/san-pham\/dau-boi-tron-chong-gi-loi-sat-thep-silic-sinopec-r5316b\/#primaryimage\"},\"image\":{\"@id\":\"https:\/\/tatco.vn\/en\/san-pham\/dau-boi-tron-chong-gi-loi-sat-thep-silic-sinopec-r5316b\/#primaryimage\"},\"thumbnailUrl\":\"https:\/\/tatco.vn\/wp-content\/uploads\/2021\/06\/Sinopec-oil-product.png\",\"datePublished\":\"2025-02-15T04:23:24+00:00\",\"dateModified\":\"2025-02-15T04:23:55+00:00\",\"breadcrumb\":{\"@id\":\"https:\/\/tatco.vn\/en\/san-pham\/dau-boi-tron-chong-gi-loi-sat-thep-silic-sinopec-r5316b\/#breadcrumb\"},\"inLanguage\":\"vi\",\"potentialAction\":[{\"@type\":\"ReadAction\",\"target\":[\"https:\/\/tatco.vn\/en\/san-pham\/dau-boi-tron-chong-gi-loi-sat-thep-silic-sinopec-r5316b\/\"]}]},{\"@type\":\"ImageObject\",\"inLanguage\":\"vi\",\"@id\":\"https:\/\/tatco.vn\/en\/san-pham\/dau-boi-tron-chong-gi-loi-sat-thep-silic-sinopec-r5316b\/#primaryimage\",\"url\":\"https:\/\/tatco.vn\/wp-content\/uploads\/2021\/06\/Sinopec-oil-product.png\",\"contentUrl\":\"https:\/\/tatco.vn\/wp-content\/uploads\/2021\/06\/Sinopec-oil-product.png\",\"width\":1000,\"height\":1000},{\"@type\":\"BreadcrumbList\",\"@id\":\"https:\/\/tatco.vn\/en\/san-pham\/dau-boi-tron-chong-gi-loi-sat-thep-silic-sinopec-r5316b\/#breadcrumb\",\"itemListElement\":[{\"@type\":\"ListItem\",\"position\":1,\"name\":\"Home\",\"item\":\"https:\/\/tatco.vn\/\"},{\"@type\":\"ListItem\",\"position\":2,\"name\":\"C\u1eeda h\u00e0ng\",\"item\":\"https:\/\/tatco.vn\/en\/mua\/\"},{\"@type\":\"ListItem\",\"position\":3,\"name\":\"Sinopec R5316B Silicon Steel Iron-core Lubricating Rust Preventive Oil\"}]},{\"@type\":\"WebSite\",\"@id\":\"https:\/\/tatco.vn\/en\/#website\",\"url\":\"https:\/\/tatco.vn\/en\/\",\"name\":\"C\u00f4ng Ty TNHH D\u1ea7u Nh\u1eddn T&amp;T Vi\u1ec7t Nam\",\"description\":\"Right Point - Right Time - Best Solution\",\"publisher\":{\"@id\":\"https:\/\/tatco.vn\/en\/#organization\"},\"potentialAction\":[{\"@type\":\"SearchAction\",\"target\":{\"@type\":\"EntryPoint\",\"urlTemplate\":\"https:\/\/tatco.vn\/en\/?s={search_term_string}\"},\"query-input\":{\"@type\":\"PropertyValueSpecification\",\"valueRequired\":true,\"valueName\":\"search_term_string\"}}],\"inLanguage\":\"vi\"},{\"@type\":\"Organization\",\"@id\":\"https:\/\/tatco.vn\/en\/#organization\",\"name\":\"C\u00f4ng Ty TNHH D\u1ea7u Nh\u1eddn T&T Vi\u1ec7t Nam\",\"url\":\"https:\/\/tatco.vn\/en\/\",\"logo\":{\"@type\":\"ImageObject\",\"inLanguage\":\"vi\",\"@id\":\"https:\/\/tatco.vn\/en\/#\/schema\/logo\/image\/\",\"url\":\"https:\/\/tatco.vn\/wp-content\/uploads\/2019\/05\/fav-ico.png\",\"contentUrl\":\"https:\/\/tatco.vn\/wp-content\/uploads\/2019\/05\/fav-ico.png\",\"width\":200,\"height\":200,\"caption\":\"C\u00f4ng Ty TNHH D\u1ea7u Nh\u1eddn T&T Vi\u1ec7t Nam\"},\"image\":{\"@id\":\"https:\/\/tatco.vn\/en\/#\/schema\/logo\/image\/\"}}]}<\/script>\n<!-- \/ Yoast SEO plugin. -->","yoast_head_json":{"title":"D\u1ea7u B\u00f4i Tr\u01a1n Ch\u1ed1ng G\u1ec9 L\u00f5i S\u1eaft Th\u00e9p Silic Sinopec R5316B - C\u00f4ng Ty TNHH D\u1ea7u Nh\u1eddn T&amp;T Vi\u1ec7t Nam","robots":{"index":"index","follow":"follow","max-snippet":"max-snippet:-1","max-image-preview":"max-image-preview:large","max-video-preview":"max-video-preview:-1"},"canonical":"https:\/\/tatco.vn\/en\/san-pham\/dau-boi-tron-chong-gi-loi-sat-thep-silic-sinopec-r5316b\/","og_locale":"vi_VN","og_type":"article","og_title":"D\u1ea7u B\u00f4i Tr\u01a1n Ch\u1ed1ng G\u1ec9 L\u00f5i S\u1eaft Th\u00e9p Silic Sinopec R5316B - C\u00f4ng Ty TNHH D\u1ea7u Nh\u1eddn T&amp;T Vi\u1ec7t Nam","og_url":"https:\/\/tatco.vn\/en\/san-pham\/dau-boi-tron-chong-gi-loi-sat-thep-silic-sinopec-r5316b\/","og_site_name":"C\u00f4ng Ty TNHH D\u1ea7u Nh\u1eddn T&amp;T Vi\u1ec7t Nam","article_modified_time":"2025-02-15T04:23:55+00:00","og_image":[{"width":1000,"height":1000,"url":"https:\/\/tatco.vn\/wp-content\/uploads\/2021\/06\/Sinopec-oil-product.png","type":"image\/png"}],"twitter_card":"summary_large_image","twitter_misc":{"\u01af\u1edbc t\u00ednh th\u1eddi gian \u0111\u1ecdc":"1 ph\u00fat"},"schema":{"@context":"https:\/\/schema.org","@graph":[{"@type":"WebPage","@id":"https:\/\/tatco.vn\/en\/san-pham\/dau-boi-tron-chong-gi-loi-sat-thep-silic-sinopec-r5316b\/","url":"https:\/\/tatco.vn\/en\/san-pham\/dau-boi-tron-chong-gi-loi-sat-thep-silic-sinopec-r5316b\/","name":"D\u1ea7u B\u00f4i Tr\u01a1n Ch\u1ed1ng G\u1ec9 L\u00f5i S\u1eaft Th\u00e9p Silic Sinopec R5316B - C\u00f4ng Ty TNHH D\u1ea7u Nh\u1eddn T&amp;T Vi\u1ec7t Nam","isPartOf":{"@id":"https:\/\/tatco.vn\/en\/#website"},"primaryImageOfPage":{"@id":"https:\/\/tatco.vn\/en\/san-pham\/dau-boi-tron-chong-gi-loi-sat-thep-silic-sinopec-r5316b\/#primaryimage"},"image":{"@id":"https:\/\/tatco.vn\/en\/san-pham\/dau-boi-tron-chong-gi-loi-sat-thep-silic-sinopec-r5316b\/#primaryimage"},"thumbnailUrl":"https:\/\/tatco.vn\/wp-content\/uploads\/2021\/06\/Sinopec-oil-product.png","datePublished":"2025-02-15T04:23:24+00:00","dateModified":"2025-02-15T04:23:55+00:00","breadcrumb":{"@id":"https:\/\/tatco.vn\/en\/san-pham\/dau-boi-tron-chong-gi-loi-sat-thep-silic-sinopec-r5316b\/#breadcrumb"},"inLanguage":"vi","potentialAction":[{"@type":"ReadAction","target":["https:\/\/tatco.vn\/en\/san-pham\/dau-boi-tron-chong-gi-loi-sat-thep-silic-sinopec-r5316b\/"]}]},{"@type":"ImageObject","inLanguage":"vi","@id":"https:\/\/tatco.vn\/en\/san-pham\/dau-boi-tron-chong-gi-loi-sat-thep-silic-sinopec-r5316b\/#primaryimage","url":"https:\/\/tatco.vn\/wp-content\/uploads\/2021\/06\/Sinopec-oil-product.png","contentUrl":"https:\/\/tatco.vn\/wp-content\/uploads\/2021\/06\/Sinopec-oil-product.png","width":1000,"height":1000},{"@type":"BreadcrumbList","@id":"https:\/\/tatco.vn\/en\/san-pham\/dau-boi-tron-chong-gi-loi-sat-thep-silic-sinopec-r5316b\/#breadcrumb","itemListElement":[{"@type":"ListItem","position":1,"name":"Home","item":"https:\/\/tatco.vn\/"},{"@type":"ListItem","position":2,"name":"C\u1eeda h\u00e0ng","item":"https:\/\/tatco.vn\/en\/mua\/"},{"@type":"ListItem","position":3,"name":"Sinopec R5316B Silicon Steel Iron-core Lubricating Rust Preventive Oil"}]},{"@type":"WebSite","@id":"https:\/\/tatco.vn\/en\/#website","url":"https:\/\/tatco.vn\/en\/","name":"C\u00f4ng Ty TNHH D\u1ea7u Nh\u1eddn T&amp;T Vi\u1ec7t Nam","description":"Right Point - Right Time - Best Solution","publisher":{"@id":"https:\/\/tatco.vn\/en\/#organization"},"potentialAction":[{"@type":"SearchAction","target":{"@type":"EntryPoint","urlTemplate":"https:\/\/tatco.vn\/en\/?s={search_term_string}"},"query-input":{"@type":"PropertyValueSpecification","valueRequired":true,"valueName":"search_term_string"}}],"inLanguage":"vi"},{"@type":"Organization","@id":"https:\/\/tatco.vn\/en\/#organization","name":"C\u00f4ng Ty TNHH D\u1ea7u Nh\u1eddn T&T Vi\u1ec7t Nam","url":"https:\/\/tatco.vn\/en\/","logo":{"@type":"ImageObject","inLanguage":"vi","@id":"https:\/\/tatco.vn\/en\/#\/schema\/logo\/image\/","url":"https:\/\/tatco.vn\/wp-content\/uploads\/2019\/05\/fav-ico.png","contentUrl":"https:\/\/tatco.vn\/wp-content\/uploads\/2019\/05\/fav-ico.png","width":200,"height":200,"caption":"C\u00f4ng Ty TNHH D\u1ea7u Nh\u1eddn T&T Vi\u1ec7t Nam"},"image":{"@id":"https:\/\/tatco.vn\/en\/#\/schema\/logo\/image\/"}}]}},"_links":{"self":[{"href":"https:\/\/tatco.vn\/vi\/wp-json\/wp\/v2\/product\/28292","targetHints":{"allow":["GET"]}}],"collection":[{"href":"https:\/\/tatco.vn\/vi\/wp-json\/wp\/v2\/product"}],"about":[{"href":"https:\/\/tatco.vn\/vi\/wp-json\/wp\/v2\/types\/product"}],"replies":[{"embeddable":true,"href":"https:\/\/tatco.vn\/vi\/wp-json\/wp\/v2\/comments?post=28292"}],"version-history":[{"count":0,"href":"https:\/\/tatco.vn\/vi\/wp-json\/wp\/v2\/product\/28292\/revisions"}],"wp:featuredmedia":[{"embeddable":true,"href":"https:\/\/tatco.vn\/vi\/wp-json\/wp\/v2\/media\/27397"}],"wp:attachment":[{"href":"https:\/\/tatco.vn\/vi\/wp-json\/wp\/v2\/media?parent=28292"}],"wp:term":[{"taxonomy":"product_cat","embeddable":true,"href":"https:\/\/tatco.vn\/vi\/wp-json\/wp\/v2\/product_cat?post=28292"},{"taxonomy":"product_tag","embeddable":true,"href":"https:\/\/tatco.vn\/vi\/wp-json\/wp\/v2\/product_tag?post=28292"}],"curies":[{"name":"wp","href":"https:\/\/api.w.org\/{rel}","templated":true}]}}