{"id":28290,"date":"2025-02-15T11:19:11","date_gmt":"2025-02-15T04:19:11","guid":{"rendered":"https:\/\/tatco.vn\/vi\/?post_type=product&#038;p=28290"},"modified":"2025-02-15T11:19:12","modified_gmt":"2025-02-15T04:19:12","slug":"dau-cat-got-sinopec-m1087","status":"publish","type":"product","link":"https:\/\/tatco.vn\/vi\/san-pham\/dau-cat-got-sinopec-m1087\/","title":{"rendered":"D\u1ea7u C\u1eaft G\u1ecdt Sinopec M1087"},"content":{"rendered":"<p><\/p>\n<p style=\"text-align: justify\"><strong>D\u1ea7u C\u1eaft G\u1ecdt \u0110\u1eb7c Bi\u1ec7t Sinopec M1087<\/strong> l\u00e0 m\u1ed9t d\u1ea1ng nh\u0169 t\u01b0\u01a1ng \u0111a ch\u1ee9c n\u0103ng \u0111\u01b0\u1ee3c khuy\u1ebfn ngh\u1ecb s\u1eed d\u1ee5ng cho c\u00e1c c\u00f4ng vi\u1ec7c gia c\u00f4ng n\u1eb7ng \u0111\u1ed1i v\u1edbi kim lo\u1ea1i m\u00e0u v\u00e0 kim lo\u1ea1i kh\u00f4ng m\u00e0u. D\u1ea7u c\u1eaft g\u1ecdt Sinopec M1087 kh\u00f4ng ch\u1ee9a phenol v\u00e0 nitrit.<\/p>\n<h3 style=\"text-align: justify\">\u1ee8ng D\u1ee5ng:<\/h3>\n<p style=\"text-align: justify\"><strong>D\u1ea7u C\u1eaft G\u1ecdt Sinopec M1087<\/strong> ph\u00f9 h\u1ee3p \u0111\u1ec3 s\u1eed d\u1ee5ng trong:<\/p>\n<ul style=\"text-align: justify\">\n<li>Gia c\u00f4ng c\u00e1c v\u1eadt li\u1ec7u kh\u00f3 nh\u01b0 gang, th\u00e9p cacbon, th\u00e9p kh\u00f4ng g\u1ec9, th\u00e9p h\u1ee3p kim, h\u1ee3p kim nh\u00f4m ho\u1eb7c h\u1ee3p kim \u0111\u1ed3ng.<\/li>\n<li>\u0110\u1ea1t hi\u1ec7u qu\u1ea3 xu\u1ea5t s\u1eafc trong c\u00e1c c\u00f4ng vi\u1ec7c nh\u01b0 chu\u1ed1t, ren, khoan, kho\u00e9t, doa. N\u1ed3ng \u0111\u1ed9 d\u1ea7u s\u1ebd thay \u0111\u1ed5i t\u00f9y theo lo\u1ea1i c\u00f4ng vi\u1ec7c gia c\u00f4ng:\n<ul>\n<li>Ti\u1ec7n v\u00e0 phay th\u00f4ng th\u01b0\u1eddng: 5-8%<\/li>\n<li>Gia c\u00f4ng n\u1eb7ng: 8-15%<\/li>\n<\/ul>\n<\/li>\n<\/ul>\n<h3 style=\"text-align: justify\">\u0110\u1eb7c \u0110i\u1ec3m v\u00e0 L\u1ee3i \u00cdch:<\/h3>\n<ul>\n<li style=\"text-align: justify\"><strong>Hi\u1ec7u su\u1ea5t b\u00f4i tr\u01a1n tuy\u1ec7t v\u1eddi<\/strong>: ph\u00f9 h\u1ee3p cho gia c\u00f4ng n\u1eb7ng.<\/li>\n<li style=\"text-align: justify\"><strong>Kh\u1ea3 n\u0103ng l\u00e0m m\u00e1t v\u00e0 r\u1eeda s\u1ea1ch tuy\u1ec7t v\u1eddi.<\/strong><\/li>\n<li style=\"text-align: justify\"><strong>Kh\u1ea3 n\u0103ng ch\u1ed1ng \u0103n m\u00f2n t\u1ed1t<\/strong>: gi\u1ea3m t\u1ef7 l\u1ec7 ph\u1ebf ph\u1ea9m v\u00e0 chi ph\u00ed b\u1ea3o tr\u00ec li\u00ean quan \u0111\u1ebfn c\u00e1c v\u1ea5n \u0111\u1ec1 \u0103n m\u00f2n c\u1ee7a kim lo\u1ea1i kh\u00f4ng m\u00e0u.<\/li>\n<li style=\"text-align: justify\"><strong>Ph\u1ea1m vi v\u1eadt li\u1ec7u\/\u1ee9ng d\u1ee5ng r\u1ed9ng<\/strong>: gi\u00fap gi\u1ea3m s\u1ed1 l\u01b0\u1ee3ng ch\u1ea5t l\u1ecfng s\u1eed d\u1ee5ng v\u00e0 chi ph\u00ed mua h\u00e0ng\/kho b\u00e3i li\u00ean quan.<\/li>\n<li style=\"text-align: justify\"><strong>\u0110\u1ed9 \u1ed5n \u0111\u1ecbnh t\u1ed1t<\/strong>: \u0111\u1ea3m b\u1ea3o tu\u1ed5i th\u1ecd l\u00e2u d\u00e0i.<\/li>\n<li style=\"text-align: justify\"><strong>Tu\u00e2n th\u1ee7 c\u00e1c quy \u0111\u1ecbnh v\u1ec1 m\u00f4i tr\u01b0\u1eddng<\/strong>: kh\u00f4ng ch\u1ee9a phenol v\u00e0 nitrit.<\/li>\n<li>\n<p style=\"text-align: justify\"><strong>T\u01b0\u01a1ng th\u00edch v\u1edbi v\u1eadt li\u1ec7u ph\u1ee7 v\u00e0 v\u1eadt li\u1ec7u k\u00edn th\u00f4ng th\u01b0\u1eddng<\/strong>.<\/p>\n<\/li>\n<\/ul>\n<h3>Th\u00f4ng S\u1ed1 K\u1ef9 Thu\u1eadt:<\/h3>\n<div>\n<div>\n<div class=\"table-responsive\">\n<table class=\"table table-striped\">\n<thead>\n<tr>\n<th><strong>Th\u00f4ng S\u1ed1<\/strong><\/th>\n<th><strong>D\u1ea7u C\u1eaft G\u1ecdt Sinopec M1087<\/strong><\/th>\n<\/tr>\n<\/thead>\n<tbody>\n<tr>\n<td><strong>Ngo\u1ea1i Quan<\/strong><\/td>\n<td>Ch\u1ea5t l\u1ecfng trong su\u1ed1t<\/td>\n<\/tr>\n<tr>\n<td><strong>\u0110\u1ed9 PH c\u1ee7a nh\u0169 t\u01b0\u01a1ng \u1edf 5%<\/strong><\/td>\n<td>8.7<\/td>\n<\/tr>\n<tr>\n<td><strong>Th\u1eed nghi\u1ec7m ch\u1ed1ng g\u1ec9 c\u1ee7a nh\u0169 t\u01b0\u01a1ng \u1edf 5%<\/strong><\/td>\n<td>\u0110\u1ea1t<\/td>\n<\/tr>\n<\/tbody>\n<\/table>\n<\/div>\n<div><\/div>\n<\/div>\n<\/div>\n<p><\/p>","protected":false},"excerpt":{"rendered":"<p style=\"text-align: justify\"><strong>D\u1ea7u C\u1eaft G\u1ecdt \u0110\u1eb7c Bi\u1ec7t Sinopec M1087<\/strong> l\u00e0 m\u1ed9t d\u1ea1ng nh\u0169 t\u01b0\u01a1ng \u0111a ch\u1ee9c n\u0103ng \u0111\u01b0\u1ee3c khuy\u1ebfn ngh\u1ecb s\u1eed d\u1ee5ng cho c\u00e1c c\u00f4ng vi\u1ec7c gia c\u00f4ng n\u1eb7ng \u0111\u1ed1i v\u1edbi kim lo\u1ea1i m\u00e0u v\u00e0 kim lo\u1ea1i kh\u00f4ng m\u00e0u. D\u1ea7u c\u1eaft g\u1ecdt Sinopec M1087 kh\u00f4ng ch\u1ee9a phenol v\u00e0 nitrit.<\/p>\n","protected":false},"featured_media":27397,"comment_status":"closed","ping_status":"closed","template":"","meta":[],"product_cat":[1343,773,1289,719],"product_tag":[1352,1349,1351,1350,1354,1295,1348,1355,1356,1353],"class_list":{"0":"post-28290","1":"product","2":"type-product","3":"status-publish","4":"has-post-thumbnail","6":"product_brand-sinopec","7":"product_cat-dau-cat-got-sinopec-m1087","8":"product_cat-dau-cong-nghiep-sinopec","9":"product_cat-dau-gia-cong-kim-loai-sinopec","10":"product_cat-dau-nhot-sinopec","11":"product_tag-dau-boi-tron-cat-got","12":"product_tag-dau-cat-got-cho-gia-cong-nang","13":"product_tag-dau-cat-got-cho-kim-loai-khong-mau","14":"product_tag-dau-cat-got-cho-kim-loai-mau","15":"product_tag-dau-cat-got-chong-an-mon","16":"product_tag-dau-cat-got-dac-biet-sinopec","17":"product_tag-dau-cat-got-sinopec-m1087","18":"product_tag-dau-cat-got-tuan-thu-moi-truong","19":"product_tag-dau-cat-got-ty-le-phe-pham-thap","20":"product_tag-dau-lam-mat-cat-got","22":"first","23":"instock","24":"shipping-taxable","25":"product-type-simple"},"yoast_head":"<!-- This site is optimized with the Yoast SEO plugin v27.2 - https:\/\/yoast.com\/product\/yoast-seo-wordpress\/ -->\n<title>D\u1ea7u C\u1eaft G\u1ecdt Sinopec M1087 - C\u00f4ng Ty TNHH D\u1ea7u Nh\u1eddn T&amp;T Vi\u1ec7t Nam<\/title>\n<meta name=\"robots\" content=\"index, follow, max-snippet:-1, max-image-preview:large, max-video-preview:-1\" \/>\n<link rel=\"canonical\" href=\"https:\/\/tatco.vn\/vi\/san-pham\/dau-cat-got-sinopec-m1087\/\" \/>\n<meta property=\"og:locale\" content=\"vi_VN\" \/>\n<meta property=\"og:type\" content=\"article\" \/>\n<meta property=\"og:title\" content=\"D\u1ea7u C\u1eaft G\u1ecdt Sinopec M1087 - C\u00f4ng Ty TNHH D\u1ea7u Nh\u1eddn T&amp;T Vi\u1ec7t Nam\" \/>\n<meta property=\"og:url\" content=\"https:\/\/tatco.vn\/vi\/san-pham\/dau-cat-got-sinopec-m1087\/\" \/>\n<meta property=\"og:site_name\" content=\"C\u00f4ng Ty TNHH D\u1ea7u Nh\u1eddn T&amp;T Vi\u1ec7t Nam\" \/>\n<meta property=\"article:modified_time\" content=\"2025-02-15T04:19:12+00:00\" \/>\n<meta property=\"og:image\" content=\"https:\/\/tatco.vn\/wp-content\/uploads\/2021\/06\/Sinopec-oil-product.png\" \/>\n\t<meta property=\"og:image:width\" content=\"1000\" \/>\n\t<meta property=\"og:image:height\" content=\"1000\" \/>\n\t<meta property=\"og:image:type\" content=\"image\/png\" \/>\n<meta name=\"twitter:card\" content=\"summary_large_image\" \/>\n<meta name=\"twitter:label1\" content=\"\u01af\u1edbc t\u00ednh th\u1eddi gian \u0111\u1ecdc\" \/>\n\t<meta name=\"twitter:data1\" content=\"2 ph\u00fat\" \/>\n<script type=\"application\/ld+json\" class=\"yoast-schema-graph\">{\"@context\":\"https:\/\/schema.org\",\"@graph\":[{\"@type\":\"WebPage\",\"@id\":\"https:\/\/tatco.vn\/vi\/san-pham\/dau-cat-got-sinopec-m1087\/\",\"url\":\"https:\/\/tatco.vn\/vi\/san-pham\/dau-cat-got-sinopec-m1087\/\",\"name\":\"D\u1ea7u C\u1eaft G\u1ecdt Sinopec M1087 - C\u00f4ng Ty TNHH D\u1ea7u Nh\u1eddn T&amp;T Vi\u1ec7t Nam\",\"isPartOf\":{\"@id\":\"https:\/\/tatco.vn\/en\/#website\"},\"primaryImageOfPage\":{\"@id\":\"https:\/\/tatco.vn\/vi\/san-pham\/dau-cat-got-sinopec-m1087\/#primaryimage\"},\"image\":{\"@id\":\"https:\/\/tatco.vn\/vi\/san-pham\/dau-cat-got-sinopec-m1087\/#primaryimage\"},\"thumbnailUrl\":\"https:\/\/tatco.vn\/wp-content\/uploads\/2021\/06\/Sinopec-oil-product.png\",\"datePublished\":\"2025-02-15T04:19:11+00:00\",\"dateModified\":\"2025-02-15T04:19:12+00:00\",\"breadcrumb\":{\"@id\":\"https:\/\/tatco.vn\/vi\/san-pham\/dau-cat-got-sinopec-m1087\/#breadcrumb\"},\"inLanguage\":\"vi\",\"potentialAction\":[{\"@type\":\"ReadAction\",\"target\":[\"https:\/\/tatco.vn\/vi\/san-pham\/dau-cat-got-sinopec-m1087\/\"]}]},{\"@type\":\"ImageObject\",\"inLanguage\":\"vi\",\"@id\":\"https:\/\/tatco.vn\/vi\/san-pham\/dau-cat-got-sinopec-m1087\/#primaryimage\",\"url\":\"https:\/\/tatco.vn\/wp-content\/uploads\/2021\/06\/Sinopec-oil-product.png\",\"contentUrl\":\"https:\/\/tatco.vn\/wp-content\/uploads\/2021\/06\/Sinopec-oil-product.png\",\"width\":1000,\"height\":1000},{\"@type\":\"BreadcrumbList\",\"@id\":\"https:\/\/tatco.vn\/vi\/san-pham\/dau-cat-got-sinopec-m1087\/#breadcrumb\",\"itemListElement\":[{\"@type\":\"ListItem\",\"position\":1,\"name\":\"Home\",\"item\":\"https:\/\/tatco.vn\/\"},{\"@type\":\"ListItem\",\"position\":2,\"name\":\"C\u1eeda h\u00e0ng\",\"item\":\"https:\/\/tatco.vn\/en\/mua\/\"},{\"@type\":\"ListItem\",\"position\":3,\"name\":\"D\u1ea7u C\u1eaft G\u1ecdt Sinopec M1087\"}]},{\"@type\":\"WebSite\",\"@id\":\"https:\/\/tatco.vn\/en\/#website\",\"url\":\"https:\/\/tatco.vn\/en\/\",\"name\":\"C\u00f4ng Ty TNHH D\u1ea7u Nh\u1eddn T&amp;T Vi\u1ec7t Nam\",\"description\":\"Right Point - Right Time - Best Solution\",\"publisher\":{\"@id\":\"https:\/\/tatco.vn\/en\/#organization\"},\"potentialAction\":[{\"@type\":\"SearchAction\",\"target\":{\"@type\":\"EntryPoint\",\"urlTemplate\":\"https:\/\/tatco.vn\/en\/?s={search_term_string}\"},\"query-input\":{\"@type\":\"PropertyValueSpecification\",\"valueRequired\":true,\"valueName\":\"search_term_string\"}}],\"inLanguage\":\"vi\"},{\"@type\":\"Organization\",\"@id\":\"https:\/\/tatco.vn\/en\/#organization\",\"name\":\"C\u00f4ng Ty TNHH D\u1ea7u Nh\u1eddn T&T Vi\u1ec7t Nam\",\"url\":\"https:\/\/tatco.vn\/en\/\",\"logo\":{\"@type\":\"ImageObject\",\"inLanguage\":\"vi\",\"@id\":\"https:\/\/tatco.vn\/en\/#\/schema\/logo\/image\/\",\"url\":\"https:\/\/tatco.vn\/wp-content\/uploads\/2019\/05\/fav-ico.png\",\"contentUrl\":\"https:\/\/tatco.vn\/wp-content\/uploads\/2019\/05\/fav-ico.png\",\"width\":200,\"height\":200,\"caption\":\"C\u00f4ng Ty TNHH D\u1ea7u Nh\u1eddn T&T Vi\u1ec7t Nam\"},\"image\":{\"@id\":\"https:\/\/tatco.vn\/en\/#\/schema\/logo\/image\/\"}}]}<\/script>\n<!-- \/ Yoast SEO plugin. -->","yoast_head_json":{"title":"D\u1ea7u C\u1eaft G\u1ecdt Sinopec M1087 - C\u00f4ng Ty TNHH D\u1ea7u Nh\u1eddn T&amp;T Vi\u1ec7t Nam","robots":{"index":"index","follow":"follow","max-snippet":"max-snippet:-1","max-image-preview":"max-image-preview:large","max-video-preview":"max-video-preview:-1"},"canonical":"https:\/\/tatco.vn\/vi\/san-pham\/dau-cat-got-sinopec-m1087\/","og_locale":"vi_VN","og_type":"article","og_title":"D\u1ea7u C\u1eaft G\u1ecdt Sinopec M1087 - C\u00f4ng Ty TNHH D\u1ea7u Nh\u1eddn T&amp;T Vi\u1ec7t Nam","og_url":"https:\/\/tatco.vn\/vi\/san-pham\/dau-cat-got-sinopec-m1087\/","og_site_name":"C\u00f4ng Ty TNHH D\u1ea7u Nh\u1eddn T&amp;T Vi\u1ec7t Nam","article_modified_time":"2025-02-15T04:19:12+00:00","og_image":[{"width":1000,"height":1000,"url":"https:\/\/tatco.vn\/wp-content\/uploads\/2021\/06\/Sinopec-oil-product.png","type":"image\/png"}],"twitter_card":"summary_large_image","twitter_misc":{"\u01af\u1edbc t\u00ednh th\u1eddi gian \u0111\u1ecdc":"2 ph\u00fat"},"schema":{"@context":"https:\/\/schema.org","@graph":[{"@type":"WebPage","@id":"https:\/\/tatco.vn\/vi\/san-pham\/dau-cat-got-sinopec-m1087\/","url":"https:\/\/tatco.vn\/vi\/san-pham\/dau-cat-got-sinopec-m1087\/","name":"D\u1ea7u C\u1eaft G\u1ecdt Sinopec M1087 - C\u00f4ng Ty TNHH D\u1ea7u Nh\u1eddn T&amp;T Vi\u1ec7t Nam","isPartOf":{"@id":"https:\/\/tatco.vn\/en\/#website"},"primaryImageOfPage":{"@id":"https:\/\/tatco.vn\/vi\/san-pham\/dau-cat-got-sinopec-m1087\/#primaryimage"},"image":{"@id":"https:\/\/tatco.vn\/vi\/san-pham\/dau-cat-got-sinopec-m1087\/#primaryimage"},"thumbnailUrl":"https:\/\/tatco.vn\/wp-content\/uploads\/2021\/06\/Sinopec-oil-product.png","datePublished":"2025-02-15T04:19:11+00:00","dateModified":"2025-02-15T04:19:12+00:00","breadcrumb":{"@id":"https:\/\/tatco.vn\/vi\/san-pham\/dau-cat-got-sinopec-m1087\/#breadcrumb"},"inLanguage":"vi","potentialAction":[{"@type":"ReadAction","target":["https:\/\/tatco.vn\/vi\/san-pham\/dau-cat-got-sinopec-m1087\/"]}]},{"@type":"ImageObject","inLanguage":"vi","@id":"https:\/\/tatco.vn\/vi\/san-pham\/dau-cat-got-sinopec-m1087\/#primaryimage","url":"https:\/\/tatco.vn\/wp-content\/uploads\/2021\/06\/Sinopec-oil-product.png","contentUrl":"https:\/\/tatco.vn\/wp-content\/uploads\/2021\/06\/Sinopec-oil-product.png","width":1000,"height":1000},{"@type":"BreadcrumbList","@id":"https:\/\/tatco.vn\/vi\/san-pham\/dau-cat-got-sinopec-m1087\/#breadcrumb","itemListElement":[{"@type":"ListItem","position":1,"name":"Home","item":"https:\/\/tatco.vn\/"},{"@type":"ListItem","position":2,"name":"C\u1eeda h\u00e0ng","item":"https:\/\/tatco.vn\/en\/mua\/"},{"@type":"ListItem","position":3,"name":"D\u1ea7u C\u1eaft G\u1ecdt Sinopec M1087"}]},{"@type":"WebSite","@id":"https:\/\/tatco.vn\/en\/#website","url":"https:\/\/tatco.vn\/en\/","name":"C\u00f4ng Ty TNHH D\u1ea7u Nh\u1eddn T&amp;T Vi\u1ec7t Nam","description":"Right Point - Right Time - Best Solution","publisher":{"@id":"https:\/\/tatco.vn\/en\/#organization"},"potentialAction":[{"@type":"SearchAction","target":{"@type":"EntryPoint","urlTemplate":"https:\/\/tatco.vn\/en\/?s={search_term_string}"},"query-input":{"@type":"PropertyValueSpecification","valueRequired":true,"valueName":"search_term_string"}}],"inLanguage":"vi"},{"@type":"Organization","@id":"https:\/\/tatco.vn\/en\/#organization","name":"C\u00f4ng Ty TNHH D\u1ea7u Nh\u1eddn T&T Vi\u1ec7t Nam","url":"https:\/\/tatco.vn\/en\/","logo":{"@type":"ImageObject","inLanguage":"vi","@id":"https:\/\/tatco.vn\/en\/#\/schema\/logo\/image\/","url":"https:\/\/tatco.vn\/wp-content\/uploads\/2019\/05\/fav-ico.png","contentUrl":"https:\/\/tatco.vn\/wp-content\/uploads\/2019\/05\/fav-ico.png","width":200,"height":200,"caption":"C\u00f4ng Ty TNHH D\u1ea7u Nh\u1eddn T&T Vi\u1ec7t Nam"},"image":{"@id":"https:\/\/tatco.vn\/en\/#\/schema\/logo\/image\/"}}]}},"_links":{"self":[{"href":"https:\/\/tatco.vn\/vi\/wp-json\/wp\/v2\/product\/28290","targetHints":{"allow":["GET"]}}],"collection":[{"href":"https:\/\/tatco.vn\/vi\/wp-json\/wp\/v2\/product"}],"about":[{"href":"https:\/\/tatco.vn\/vi\/wp-json\/wp\/v2\/types\/product"}],"replies":[{"embeddable":true,"href":"https:\/\/tatco.vn\/vi\/wp-json\/wp\/v2\/comments?post=28290"}],"version-history":[{"count":0,"href":"https:\/\/tatco.vn\/vi\/wp-json\/wp\/v2\/product\/28290\/revisions"}],"wp:featuredmedia":[{"embeddable":true,"href":"https:\/\/tatco.vn\/vi\/wp-json\/wp\/v2\/media\/27397"}],"wp:attachment":[{"href":"https:\/\/tatco.vn\/vi\/wp-json\/wp\/v2\/media?parent=28290"}],"wp:term":[{"taxonomy":"product_cat","embeddable":true,"href":"https:\/\/tatco.vn\/vi\/wp-json\/wp\/v2\/product_cat?post=28290"},{"taxonomy":"product_tag","embeddable":true,"href":"https:\/\/tatco.vn\/vi\/wp-json\/wp\/v2\/product_tag?post=28290"}],"curies":[{"name":"wp","href":"https:\/\/api.w.org\/{rel}","templated":true}]}}