{"id":28282,"date":"2025-02-14T18:21:45","date_gmt":"2025-02-14T11:21:45","guid":{"rendered":"https:\/\/tatco.vn\/vi\/?post_type=product&#038;p=28282"},"modified":"2025-02-14T18:22:33","modified_gmt":"2025-02-14T11:22:33","slug":"dau-can-nguoi-nhom-sinopec-m0721b","status":"publish","type":"product","link":"https:\/\/tatco.vn\/vi\/san-pham\/dau-can-nguoi-nhom-sinopec-m0721b\/","title":{"rendered":"D\u1ea7u C\u00e1n Ngu\u1ed9i Nh\u00f4m Sinopec M0721B"},"content":{"rendered":"<p><\/p>\n<p style=\"text-align: justify\"><strong>D\u1ea7u C\u00e1n L\u1ea1nh Nh\u00f4m Sinopec M0721<\/strong> s\u1eed d\u1ee5ng d\u1ea7u g\u1ed1c kho\u00e1ng ch\u1ea5t l\u01b0\u1ee3ng cao \u0111\u01b0\u1ee3c tinh ch\u1ebf \u0111\u1eb7c bi\u1ec7t v\u00e0 sau \u0111\u00f3 tr\u1ea3i qua qu\u00e1 tr\u00ecnh kh\u1eed l\u01b0u hu\u1ef3nh b\u1eb1ng hydro, kh\u1eed nit\u01a1, kh\u1eed th\u01a1m v\u00e0 lo\u1ea1i b\u1ecf keo, c\u0169ng nh\u01b0 c\u1eaft ph\u1ea1m vi s\u00f4i h\u1eb9p ch\u00ednh x\u00e1c. N\u00f3 c\u00f3 \u0111\u1ed9 bay h\u01a1i th\u1ea5p v\u00e0 \u0111\u1ed9 \u1ed5n \u0111\u1ecbnh cao. L\u00e0 d\u1ea7u g\u1ed1c c\u1ee7a d\u1ea7u c\u00e1n nh\u00f4m, c\u1ea7n ph\u1ea3i th\u00eam c\u00e1c ph\u1ee5 gia c\u1ee7a d\u00f2ng s\u1ea3n ph\u1ea9m Sinopec M0729 \u0111\u1ec3 \u0111\u1ea1t \u0111\u01b0\u1ee3c c\u00e1c th\u00f4ng s\u1ed1 hi\u1ec7u su\u1ea5t c\u1ee5 th\u1ec3.<\/p>\n<h3 style=\"text-align: justify\">\u1ee8ng D\u1ee5ng:<\/h3>\n<p style=\"text-align: justify\"><strong>D\u1ea7u C\u00e1n L\u1ea1nh Nh\u00f4m Sinopec M0721<\/strong> ph\u00f9 h\u1ee3p \u0111\u1ec3 s\u1eed d\u1ee5ng trong:<\/p>\n<ul style=\"text-align: justify\">\n<li>D\u00f2ng s\u1ea3n ph\u1ea9m M0721 cung c\u1ea5p kh\u1ea3 n\u0103ng l\u00e0m m\u00e1t v\u00e0 b\u00f4i tr\u01a1n \u0111\u00e1ng tin c\u1eady cho quy tr\u00ecnh c\u00e1n nh\u00f4m v\u00e0 c\u00e1c \u1ee9ng d\u1ee5ng ho\u1ea1t \u0111\u1ed9ng kh\u00e1c.<\/li>\n<li>D\u00f2ng s\u1ea3n ph\u1ea9m M0721A, B \u00e1p d\u1ee5ng cho qu\u00e1 tr\u00ecnh c\u00e1n t\u1ed1c \u0111\u1ed9 cao c\u1ee7a nh\u00f4m l\u00e1; d\u00f2ng s\u1ea3n ph\u1ea9m M0721C, D \u00e1p d\u1ee5ng cho qu\u00e1 tr\u00ecnh c\u00e1n nh\u00f4m t\u1ea5m v\u00e0 v\u1eadt li\u1ec7u d\u00e0y h\u01a1n.<\/li>\n<li>D\u00f2ng s\u1ea3n ph\u1ea9m M0721 c\u00f3 th\u1ec3 \u0111\u01b0\u1ee3c tr\u1ed9n v\u1edbi ph\u1ee5 gia b\u00f4i tr\u01a1n d\u00f2ng s\u1ea3n ph\u1ea9m M0729 \u0111\u1ec3 t\u1ea1o th\u00e0nh d\u1ea7u c\u00e1n h\u1ed7n h\u1ee3p \u0111\u00e1p \u1ee9ng c\u00e1c y\u00eau c\u1ea7u c\u1ee7a c\u00e1c quy tr\u00ecnh c\u00e1n kh\u00e1c nhau.<\/li>\n<\/ul>\n<h3 style=\"text-align: justify\">\u0110\u1eb7c \u0110i\u1ec3m v\u00e0 L\u1ee3i \u00cdch:<\/h3>\n<ul>\n<li style=\"text-align: justify\"><strong>\u0110\u1ed9 tinh khi\u1ebft cao cung c\u1ea5p \u0111\u1eb7c t\u00ednh \u1ee7 s\u1ea1ch.<\/strong><\/li>\n<li style=\"text-align: justify\"><strong>\u0110\u1ed9 bay h\u01a1i th\u1ea5p gi\u1eef hi\u1ec7u su\u1ea5t gia c\u00f4ng v\u00e0 hi\u1ec7u su\u1ea5t s\u1ea3n ph\u1ea9m \u1ed5n \u0111\u1ecbnh.<\/strong><\/li>\n<li style=\"text-align: justify\"><strong>Kh\u1ea3 n\u0103ng \u1ed5n \u0111\u1ecbnh oxy h\u00f3a t\u1ed1t, t\u1ed5n th\u1ea5t bay h\u01a1i nh\u1ecf v\u00e0 tu\u1ed5i th\u1ecd d\u00e0i.<\/strong><\/li>\n<li style=\"text-align: justify\"><strong>H\u00e0m l\u01b0\u1ee3ng l\u01b0u hu\u1ef3nh th\u1ea5p, hydrocarbon th\u01a1m th\u1ea5p, \u0111i\u1ec3m ch\u1edbp ch\u00e1y cao, \u00edt m\u00f9i, an to\u00e0n s\u1eed d\u1ee5ng cao v\u00e0 kh\u00f4ng g\u00e2y h\u1ea1i cho ng\u01b0\u1eddi v\u1eadn h\u00e0nh v\u00e0 m\u00f4i tr\u01b0\u1eddng.<\/strong><\/li>\n<li>\n<p style=\"text-align: justify\"><strong>Ph\u1ea1m vi s\u00f4i h\u1eb9p; ti\u00eau th\u1ee5 d\u1ea7u t\u01b0\u01a1ng \u0111\u1ed1i th\u1ea5p.<\/strong><\/p>\n<\/li>\n<\/ul>\n<h3>Th\u00f4ng S\u1ed1 K\u1ef9 Thu\u1eadt:<\/h3>\n<div>\n<div>\n<div class=\"table-responsive\">\n<table class=\"table table-striped\">\n<thead>\n<tr>\n<th><strong>Th\u00f4ng S\u1ed1<\/strong><\/th>\n<th><strong>M0721A<\/strong><\/th>\n<th><strong>M0721B<\/strong><\/th>\n<th><strong>M0721C<\/strong><\/th>\n<th><strong>M0721D<\/strong><\/th>\n<\/tr>\n<\/thead>\n<tbody>\n<tr>\n<td><strong>Ngo\u1ea1i Quan<\/strong><\/td>\n<td>Ch\u1ea5t l\u1ecfng trong su\u1ed1t<\/td>\n<td>Ch\u1ea5t l\u1ecfng trong su\u1ed1t<\/td>\n<td>Ch\u1ea5t l\u1ecfng trong su\u1ed1t<\/td>\n<td>Ch\u1ea5t l\u1ecfng trong su\u1ed1t<\/td>\n<\/tr>\n<tr>\n<td><strong>\u0110\u1ed9 Nh\u1edbt \u0110\u1ed9ng H\u1ecdc (40\u2103), mm\u00b2\/s<\/strong><\/td>\n<td>1.6853<\/td>\n<td>2.235<\/td>\n<td>2.5213<\/td>\n<td>2.807<\/td>\n<\/tr>\n<tr>\n<td><strong>\u0110i\u1ec3m Ch\u1edbp Ch\u00e1y (\u0111\u00f3ng), \u2103<\/strong><\/td>\n<td>83<\/td>\n<td>96<\/td>\n<td>107<\/td>\n<td>116<\/td>\n<\/tr>\n<tr>\n<td><strong>Th\u1eed Nghi\u1ec7m \u0102n M\u00f2n \u0110\u1ed3ng (50\u2103, 3h), C\u1ea5p<\/strong><\/td>\n<td>1<\/td>\n<td>1<\/td>\n<td>1<\/td>\n<td>1<\/td>\n<\/tr>\n<\/tbody>\n<\/table>\n<\/div>\n<div><\/div>\n<\/div>\n<\/div>\n<p><\/p>","protected":false},"excerpt":{"rendered":"<p style=\"text-align: justify\"><strong>D\u1ea7u C\u00e1n L\u1ea1nh Nh\u00f4m Sinopec M0721<\/strong> s\u1eed d\u1ee5ng d\u1ea7u g\u1ed1c kho\u00e1ng ch\u1ea5t l\u01b0\u1ee3ng cao \u0111\u01b0\u1ee3c tinh ch\u1ebf \u0111\u1eb7c bi\u1ec7t v\u00e0 sau \u0111\u00f3 tr\u1ea3i qua qu\u00e1 tr\u00ecnh kh\u1eed l\u01b0u hu\u1ef3nh b\u1eb1ng hydro, kh\u1eed nit\u01a1, kh\u1eed th\u01a1m v\u00e0 lo\u1ea1i b\u1ecf keo, c\u0169ng nh\u01b0 c\u1eaft ph\u1ea1m vi s\u00f4i h\u1eb9p ch\u00ednh x\u00e1c. N\u00f3 c\u00f3 \u0111\u1ed9 bay h\u01a1i th\u1ea5p v\u00e0 \u0111\u1ed9 \u1ed5n \u0111\u1ecbnh cao. L\u00e0 d\u1ea7u g\u1ed1c c\u1ee7a d\u1ea7u c\u00e1n nh\u00f4m, c\u1ea7n ph\u1ea3i th\u00eam c\u00e1c ph\u1ee5 gia c\u1ee7a d\u00f2ng s\u1ea3n ph\u1ea9m Sinopec M0729 \u0111\u1ec3 \u0111\u1ea1t \u0111\u01b0\u1ee3c c\u00e1c th\u00f4ng s\u1ed1 hi\u1ec7u su\u1ea5t c\u1ee5 th\u1ec3.<\/p>\n","protected":false},"featured_media":27397,"comment_status":"closed","ping_status":"closed","template":"","meta":[],"product_cat":[1294,773,1289,719],"product_tag":[1333,954,1337,1332,1330,1335,1334,1336,1245,1331],"class_list":{"0":"post-28282","1":"product","2":"type-product","3":"status-publish","4":"has-post-thumbnail","6":"product_brand-sinopec","7":"product_cat-dau-can-nguoi-nhom-sinopec-m0721","8":"product_cat-dau-cong-nghiep-sinopec","9":"product_cat-dau-gia-cong-kim-loai-sinopec","10":"product_cat-dau-nhot-sinopec","11":"product_tag-dau-boi-tron-cho-quy-trinh-can-nhom","12":"product_tag-dau-boi-tron-hieu-suat-cao","13":"product_tag-dau-can-hon-hop","14":"product_tag-dau-can-lanh-nhom","15":"product_tag-dau-can-lanh-nhom-sinopec","16":"product_tag-dau-can-nhom-tam","17":"product_tag-dau-can-toc-do-cao","18":"product_tag-dau-can-vat-lieu-day","19":"product_tag-dau-chong-oxy-hoa","20":"product_tag-sinopec-m0721-aluminum-cold-rolling-oil","22":"first","23":"instock","24":"shipping-taxable","25":"product-type-simple"},"yoast_head":"<!-- This site is optimized with the Yoast SEO plugin v27.2 - https:\/\/yoast.com\/product\/yoast-seo-wordpress\/ -->\n<title>D\u1ea7u C\u00e1n Ngu\u1ed9i Nh\u00f4m Sinopec M0721B - C\u00f4ng Ty TNHH D\u1ea7u Nh\u1eddn T&amp;T Vi\u1ec7t Nam<\/title>\n<meta name=\"robots\" content=\"index, follow, max-snippet:-1, max-image-preview:large, max-video-preview:-1\" \/>\n<link rel=\"canonical\" href=\"https:\/\/tatco.vn\/en\/san-pham\/dau-can-nguoi-nhom-sinopec-m0721b\/\" \/>\n<meta property=\"og:locale\" content=\"vi_VN\" \/>\n<meta property=\"og:type\" content=\"article\" \/>\n<meta property=\"og:title\" content=\"D\u1ea7u C\u00e1n Ngu\u1ed9i Nh\u00f4m Sinopec M0721B - C\u00f4ng Ty TNHH D\u1ea7u Nh\u1eddn T&amp;T Vi\u1ec7t Nam\" \/>\n<meta property=\"og:url\" content=\"https:\/\/tatco.vn\/en\/san-pham\/dau-can-nguoi-nhom-sinopec-m0721b\/\" \/>\n<meta property=\"og:site_name\" content=\"C\u00f4ng Ty TNHH D\u1ea7u Nh\u1eddn T&amp;T Vi\u1ec7t Nam\" \/>\n<meta property=\"article:modified_time\" content=\"2025-02-14T11:22:33+00:00\" \/>\n<meta property=\"og:image\" content=\"https:\/\/tatco.vn\/wp-content\/uploads\/2021\/06\/Sinopec-oil-product.png\" \/>\n\t<meta property=\"og:image:width\" content=\"1000\" \/>\n\t<meta property=\"og:image:height\" content=\"1000\" \/>\n\t<meta property=\"og:image:type\" content=\"image\/png\" \/>\n<meta name=\"twitter:card\" content=\"summary_large_image\" \/>\n<meta name=\"twitter:label1\" content=\"\u01af\u1edbc t\u00ednh th\u1eddi gian \u0111\u1ecdc\" \/>\n\t<meta name=\"twitter:data1\" content=\"2 ph\u00fat\" \/>\n<script type=\"application\/ld+json\" class=\"yoast-schema-graph\">{\"@context\":\"https:\/\/schema.org\",\"@graph\":[{\"@type\":\"WebPage\",\"@id\":\"https:\/\/tatco.vn\/en\/san-pham\/dau-can-nguoi-nhom-sinopec-m0721b\/\",\"url\":\"https:\/\/tatco.vn\/en\/san-pham\/dau-can-nguoi-nhom-sinopec-m0721b\/\",\"name\":\"D\u1ea7u C\u00e1n Ngu\u1ed9i Nh\u00f4m Sinopec M0721B - C\u00f4ng Ty TNHH D\u1ea7u Nh\u1eddn T&amp;T Vi\u1ec7t Nam\",\"isPartOf\":{\"@id\":\"https:\/\/tatco.vn\/en\/#website\"},\"primaryImageOfPage\":{\"@id\":\"https:\/\/tatco.vn\/en\/san-pham\/dau-can-nguoi-nhom-sinopec-m0721b\/#primaryimage\"},\"image\":{\"@id\":\"https:\/\/tatco.vn\/en\/san-pham\/dau-can-nguoi-nhom-sinopec-m0721b\/#primaryimage\"},\"thumbnailUrl\":\"https:\/\/tatco.vn\/wp-content\/uploads\/2021\/06\/Sinopec-oil-product.png\",\"datePublished\":\"2025-02-14T11:21:45+00:00\",\"dateModified\":\"2025-02-14T11:22:33+00:00\",\"breadcrumb\":{\"@id\":\"https:\/\/tatco.vn\/en\/san-pham\/dau-can-nguoi-nhom-sinopec-m0721b\/#breadcrumb\"},\"inLanguage\":\"vi\",\"potentialAction\":[{\"@type\":\"ReadAction\",\"target\":[\"https:\/\/tatco.vn\/en\/san-pham\/dau-can-nguoi-nhom-sinopec-m0721b\/\"]}]},{\"@type\":\"ImageObject\",\"inLanguage\":\"vi\",\"@id\":\"https:\/\/tatco.vn\/en\/san-pham\/dau-can-nguoi-nhom-sinopec-m0721b\/#primaryimage\",\"url\":\"https:\/\/tatco.vn\/wp-content\/uploads\/2021\/06\/Sinopec-oil-product.png\",\"contentUrl\":\"https:\/\/tatco.vn\/wp-content\/uploads\/2021\/06\/Sinopec-oil-product.png\",\"width\":1000,\"height\":1000},{\"@type\":\"BreadcrumbList\",\"@id\":\"https:\/\/tatco.vn\/en\/san-pham\/dau-can-nguoi-nhom-sinopec-m0721b\/#breadcrumb\",\"itemListElement\":[{\"@type\":\"ListItem\",\"position\":1,\"name\":\"Home\",\"item\":\"https:\/\/tatco.vn\/\"},{\"@type\":\"ListItem\",\"position\":2,\"name\":\"C\u1eeda h\u00e0ng\",\"item\":\"https:\/\/tatco.vn\/en\/mua\/\"},{\"@type\":\"ListItem\",\"position\":3,\"name\":\"Sinopec Aluminum Cold Rolling Oil M0721B\"}]},{\"@type\":\"WebSite\",\"@id\":\"https:\/\/tatco.vn\/en\/#website\",\"url\":\"https:\/\/tatco.vn\/en\/\",\"name\":\"C\u00f4ng Ty TNHH D\u1ea7u Nh\u1eddn T&amp;T Vi\u1ec7t Nam\",\"description\":\"Right Point - Right Time - Best Solution\",\"publisher\":{\"@id\":\"https:\/\/tatco.vn\/en\/#organization\"},\"potentialAction\":[{\"@type\":\"SearchAction\",\"target\":{\"@type\":\"EntryPoint\",\"urlTemplate\":\"https:\/\/tatco.vn\/en\/?s={search_term_string}\"},\"query-input\":{\"@type\":\"PropertyValueSpecification\",\"valueRequired\":true,\"valueName\":\"search_term_string\"}}],\"inLanguage\":\"vi\"},{\"@type\":\"Organization\",\"@id\":\"https:\/\/tatco.vn\/en\/#organization\",\"name\":\"C\u00f4ng Ty TNHH D\u1ea7u Nh\u1eddn T&T Vi\u1ec7t Nam\",\"url\":\"https:\/\/tatco.vn\/en\/\",\"logo\":{\"@type\":\"ImageObject\",\"inLanguage\":\"vi\",\"@id\":\"https:\/\/tatco.vn\/en\/#\/schema\/logo\/image\/\",\"url\":\"https:\/\/tatco.vn\/wp-content\/uploads\/2019\/05\/fav-ico.png\",\"contentUrl\":\"https:\/\/tatco.vn\/wp-content\/uploads\/2019\/05\/fav-ico.png\",\"width\":200,\"height\":200,\"caption\":\"C\u00f4ng Ty TNHH D\u1ea7u Nh\u1eddn T&T Vi\u1ec7t Nam\"},\"image\":{\"@id\":\"https:\/\/tatco.vn\/en\/#\/schema\/logo\/image\/\"}}]}<\/script>\n<!-- \/ Yoast SEO plugin. -->","yoast_head_json":{"title":"D\u1ea7u C\u00e1n Ngu\u1ed9i Nh\u00f4m Sinopec M0721B - C\u00f4ng Ty TNHH D\u1ea7u Nh\u1eddn T&amp;T Vi\u1ec7t Nam","robots":{"index":"index","follow":"follow","max-snippet":"max-snippet:-1","max-image-preview":"max-image-preview:large","max-video-preview":"max-video-preview:-1"},"canonical":"https:\/\/tatco.vn\/en\/san-pham\/dau-can-nguoi-nhom-sinopec-m0721b\/","og_locale":"vi_VN","og_type":"article","og_title":"D\u1ea7u C\u00e1n Ngu\u1ed9i Nh\u00f4m Sinopec M0721B - C\u00f4ng Ty TNHH D\u1ea7u Nh\u1eddn T&amp;T Vi\u1ec7t Nam","og_url":"https:\/\/tatco.vn\/en\/san-pham\/dau-can-nguoi-nhom-sinopec-m0721b\/","og_site_name":"C\u00f4ng Ty TNHH D\u1ea7u Nh\u1eddn T&amp;T Vi\u1ec7t Nam","article_modified_time":"2025-02-14T11:22:33+00:00","og_image":[{"width":1000,"height":1000,"url":"https:\/\/tatco.vn\/wp-content\/uploads\/2021\/06\/Sinopec-oil-product.png","type":"image\/png"}],"twitter_card":"summary_large_image","twitter_misc":{"\u01af\u1edbc t\u00ednh th\u1eddi gian \u0111\u1ecdc":"2 ph\u00fat"},"schema":{"@context":"https:\/\/schema.org","@graph":[{"@type":"WebPage","@id":"https:\/\/tatco.vn\/en\/san-pham\/dau-can-nguoi-nhom-sinopec-m0721b\/","url":"https:\/\/tatco.vn\/en\/san-pham\/dau-can-nguoi-nhom-sinopec-m0721b\/","name":"D\u1ea7u C\u00e1n Ngu\u1ed9i Nh\u00f4m Sinopec M0721B - C\u00f4ng Ty TNHH D\u1ea7u Nh\u1eddn T&amp;T Vi\u1ec7t Nam","isPartOf":{"@id":"https:\/\/tatco.vn\/en\/#website"},"primaryImageOfPage":{"@id":"https:\/\/tatco.vn\/en\/san-pham\/dau-can-nguoi-nhom-sinopec-m0721b\/#primaryimage"},"image":{"@id":"https:\/\/tatco.vn\/en\/san-pham\/dau-can-nguoi-nhom-sinopec-m0721b\/#primaryimage"},"thumbnailUrl":"https:\/\/tatco.vn\/wp-content\/uploads\/2021\/06\/Sinopec-oil-product.png","datePublished":"2025-02-14T11:21:45+00:00","dateModified":"2025-02-14T11:22:33+00:00","breadcrumb":{"@id":"https:\/\/tatco.vn\/en\/san-pham\/dau-can-nguoi-nhom-sinopec-m0721b\/#breadcrumb"},"inLanguage":"vi","potentialAction":[{"@type":"ReadAction","target":["https:\/\/tatco.vn\/en\/san-pham\/dau-can-nguoi-nhom-sinopec-m0721b\/"]}]},{"@type":"ImageObject","inLanguage":"vi","@id":"https:\/\/tatco.vn\/en\/san-pham\/dau-can-nguoi-nhom-sinopec-m0721b\/#primaryimage","url":"https:\/\/tatco.vn\/wp-content\/uploads\/2021\/06\/Sinopec-oil-product.png","contentUrl":"https:\/\/tatco.vn\/wp-content\/uploads\/2021\/06\/Sinopec-oil-product.png","width":1000,"height":1000},{"@type":"BreadcrumbList","@id":"https:\/\/tatco.vn\/en\/san-pham\/dau-can-nguoi-nhom-sinopec-m0721b\/#breadcrumb","itemListElement":[{"@type":"ListItem","position":1,"name":"Home","item":"https:\/\/tatco.vn\/"},{"@type":"ListItem","position":2,"name":"C\u1eeda h\u00e0ng","item":"https:\/\/tatco.vn\/en\/mua\/"},{"@type":"ListItem","position":3,"name":"Sinopec Aluminum Cold Rolling Oil M0721B"}]},{"@type":"WebSite","@id":"https:\/\/tatco.vn\/en\/#website","url":"https:\/\/tatco.vn\/en\/","name":"C\u00f4ng Ty TNHH D\u1ea7u Nh\u1eddn T&amp;T Vi\u1ec7t Nam","description":"Right Point - Right Time - Best Solution","publisher":{"@id":"https:\/\/tatco.vn\/en\/#organization"},"potentialAction":[{"@type":"SearchAction","target":{"@type":"EntryPoint","urlTemplate":"https:\/\/tatco.vn\/en\/?s={search_term_string}"},"query-input":{"@type":"PropertyValueSpecification","valueRequired":true,"valueName":"search_term_string"}}],"inLanguage":"vi"},{"@type":"Organization","@id":"https:\/\/tatco.vn\/en\/#organization","name":"C\u00f4ng Ty TNHH D\u1ea7u Nh\u1eddn T&T Vi\u1ec7t Nam","url":"https:\/\/tatco.vn\/en\/","logo":{"@type":"ImageObject","inLanguage":"vi","@id":"https:\/\/tatco.vn\/en\/#\/schema\/logo\/image\/","url":"https:\/\/tatco.vn\/wp-content\/uploads\/2019\/05\/fav-ico.png","contentUrl":"https:\/\/tatco.vn\/wp-content\/uploads\/2019\/05\/fav-ico.png","width":200,"height":200,"caption":"C\u00f4ng Ty TNHH D\u1ea7u Nh\u1eddn T&T Vi\u1ec7t Nam"},"image":{"@id":"https:\/\/tatco.vn\/en\/#\/schema\/logo\/image\/"}}]}},"_links":{"self":[{"href":"https:\/\/tatco.vn\/vi\/wp-json\/wp\/v2\/product\/28282","targetHints":{"allow":["GET"]}}],"collection":[{"href":"https:\/\/tatco.vn\/vi\/wp-json\/wp\/v2\/product"}],"about":[{"href":"https:\/\/tatco.vn\/vi\/wp-json\/wp\/v2\/types\/product"}],"replies":[{"embeddable":true,"href":"https:\/\/tatco.vn\/vi\/wp-json\/wp\/v2\/comments?post=28282"}],"version-history":[{"count":0,"href":"https:\/\/tatco.vn\/vi\/wp-json\/wp\/v2\/product\/28282\/revisions"}],"wp:featuredmedia":[{"embeddable":true,"href":"https:\/\/tatco.vn\/vi\/wp-json\/wp\/v2\/media\/27397"}],"wp:attachment":[{"href":"https:\/\/tatco.vn\/vi\/wp-json\/wp\/v2\/media?parent=28282"}],"wp:term":[{"taxonomy":"product_cat","embeddable":true,"href":"https:\/\/tatco.vn\/vi\/wp-json\/wp\/v2\/product_cat?post=28282"},{"taxonomy":"product_tag","embeddable":true,"href":"https:\/\/tatco.vn\/vi\/wp-json\/wp\/v2\/product_tag?post=28282"}],"curies":[{"name":"wp","href":"https:\/\/api.w.org\/{rel}","templated":true}]}}