{"id":28278,"date":"2025-02-14T18:08:15","date_gmt":"2025-02-14T11:08:15","guid":{"rendered":"https:\/\/tatco.vn\/vi\/?post_type=product&#038;p=28278"},"modified":"2025-02-14T18:08:16","modified_gmt":"2025-02-14T11:08:16","slug":"dau-keo-thep-khong-gi-sinopec-m0583a","status":"publish","type":"product","link":"https:\/\/tatco.vn\/vi\/san-pham\/dau-keo-thep-khong-gi-sinopec-m0583a\/","title":{"rendered":"D\u1ea7u K\u00e9o Th\u00e9p Kh\u00f4ng G\u1ec9 Sinopec M0583A"},"content":{"rendered":"<p><\/p>\n<p style=\"text-align: justify\"><strong>D\u1ea7u K\u00e9o Th\u00e9p Kh\u00f4ng G\u1ec9 Sinopec M0583A<\/strong> \u0111\u01b0\u1ee3c s\u1ea3n xu\u1ea5t t\u1eeb d\u1ea7u kho\u00e1ng tinh ch\u1ebf cao v\u00e0 c\u00e1c ph\u1ee5 gia ch\u1ee9c n\u0103ng kh\u00e1c nhau, mang l\u1ea1i hi\u1ec7u su\u1ea5t b\u00f4i tr\u01a1n tuy\u1ec7t v\u1eddi. N\u00f3 ph\u00f9 h\u1ee3p \u0111\u1ec3 b\u00f4i tr\u01a1n trong qu\u00e1 tr\u00ecnh k\u00e9o d\u00e2y th\u00e9p kh\u00f4ng g\u1ec9.<\/p>\n<h3 style=\"text-align: justify\">\u1ee8ng D\u1ee5ng:<\/h3>\n<p style=\"text-align: justify\"><strong>D\u1ea7u K\u00e9o Th\u00e9p Kh\u00f4ng G\u1ec9 Sinopec M0583A<\/strong> ph\u00f9 h\u1ee3p \u0111\u1ec3 s\u1eed d\u1ee5ng trong:<\/p>\n<ul style=\"text-align: justify\">\n<li>B\u00f4i tr\u01a1n qu\u00e1 tr\u00ecnh k\u00e9o d\u00e2y th\u00e9p kh\u00f4ng g\u1ec9.<\/li>\n<\/ul>\n<h3 style=\"text-align: justify\">\u0110\u1eb7c \u0110i\u1ec3m v\u00e0 L\u1ee3i \u00cdch:<\/h3>\n<ul>\n<li style=\"text-align: justify\"><strong>Hi\u1ec7u su\u1ea5t ch\u1ecbu \u00e1p su\u1ea5t cao v\u00e0 b\u00f4i tr\u01a1n xu\u1ea5t s\u1eafc.<\/strong><\/li>\n<li>\n<p style=\"text-align: justify\"><strong>Hi\u1ec7u su\u1ea5t ch\u1ecbu \u00e1p su\u1ea5t cao xu\u1ea5t s\u1eafc d\u1eabn \u0111\u1ebfn k\u00e9o d\u00e0i tu\u1ed5i th\u1ecd khu\u00f4n.<\/strong><\/p>\n<\/li>\n<\/ul>\n<h3>Th\u00f4ng S\u1ed1 K\u1ef9 Thu\u1eadt:<\/h3>\n<div>\n<div>\n<div class=\"table-responsive\">\n<table class=\"table table-striped\">\n<thead>\n<tr>\n<th><strong>Th\u00f4ng S\u1ed1<\/strong><\/th>\n<th><strong>D\u1ea7u K\u00e9o Th\u00e9p Kh\u00f4ng G\u1ec9 Sinopec M0583A<\/strong><\/th>\n<\/tr>\n<\/thead>\n<tbody>\n<tr>\n<td><strong>Ngo\u1ea1i Quan<\/strong><\/td>\n<td>Ch\u1ea5t l\u1ecfng trong su\u1ed1t<\/td>\n<\/tr>\n<tr>\n<td><strong>\u0110\u1ed9 Nh\u1edbt \u0110\u1ed9ng H\u1ecdc (40\u2103), mm\u00b2\/s<\/strong><\/td>\n<td>207.2<\/td>\n<\/tr>\n<tr>\n<td><strong>\u0110i\u1ec3m Ch\u1edbp Ch\u00e1y (COC), \u2103<\/strong><\/td>\n<td>216<\/td>\n<\/tr>\n<tr>\n<td><strong>Th\u1eed Nghi\u1ec7m \u0102n M\u00f2n (Th\u00e9p 45#, 100\u2103, 3h)<\/strong><\/td>\n<td>\u0110\u1ea1t<\/td>\n<\/tr>\n<tr>\n<td><strong>T\u1ea3i Tr\u1ecdng Kh\u00f4ng K\u1eb9p T\u1ed1i \u0110a (PB), N<\/strong><\/td>\n<td>1026<\/td>\n<\/tr>\n<tr>\n<td><strong>\u0110i\u1ec3m H\u00e0n (PD), N<\/strong><\/td>\n<td>7845<\/td>\n<\/tr>\n<\/tbody>\n<\/table>\n<\/div>\n<div><\/div>\n<\/div>\n<\/div>\n<p><\/p>","protected":false},"excerpt":{"rendered":"<p style=\"text-align: justify\"><strong>D\u1ea7u K\u00e9o Th\u00e9p Kh\u00f4ng G\u1ec9 Sinopec M0583A<\/strong> \u0111\u01b0\u1ee3c s\u1ea3n xu\u1ea5t t\u1eeb d\u1ea7u kho\u00e1ng tinh ch\u1ebf cao v\u00e0 c\u00e1c ph\u1ee5 gia ch\u1ee9c n\u0103ng kh\u00e1c nhau, mang l\u1ea1i hi\u1ec7u su\u1ea5t b\u00f4i tr\u01a1n tuy\u1ec7t v\u1eddi. N\u00f3 ph\u00f9 h\u1ee3p \u0111\u1ec3 b\u00f4i tr\u01a1n trong qu\u00e1 tr\u00ecnh k\u00e9o d\u00e2y th\u00e9p kh\u00f4ng g\u1ec9.<\/p>\n","protected":false},"featured_media":27397,"comment_status":"closed","ping_status":"closed","template":"","meta":[],"product_cat":[773,1289,1293,719],"product_tag":[1326,1323,954,1324,1328,1322,1327,1329,1321,1325],"class_list":{"0":"post-28278","1":"product","2":"type-product","3":"status-publish","4":"has-post-thumbnail","6":"product_brand-sinopec","7":"product_cat-dau-cong-nghiep-sinopec","8":"product_cat-dau-gia-cong-kim-loai-sinopec","9":"product_cat-dau-keo-thep-khong-gi-sinopec-m0583a","10":"product_cat-dau-nhot-sinopec","11":"product_tag-chat-boi-tron-keo-thep-khong-gi","12":"product_tag-dau-boi-tron-cho-keo-day-thep-khong-gi","13":"product_tag-dau-boi-tron-hieu-suat-cao","14":"product_tag-dau-keo-chiu-ap-suat-cao","15":"product_tag-dau-keo-chong-oxy-hoa","16":"product_tag-dau-keo-day-thep-sinopec-m0583a","17":"product_tag-dau-keo-do-nhot-cao","18":"product_tag-dau-keo-keo-dai-tuoi-tho-khuon","19":"product_tag-dau-keo-thep-khong-gi-sinopec","20":"product_tag-dau-keo-trong-suot","22":"first","23":"instock","24":"shipping-taxable","25":"product-type-simple"},"yoast_head":"<!-- This site is optimized with the Yoast SEO plugin v27.2 - https:\/\/yoast.com\/product\/yoast-seo-wordpress\/ -->\n<title>D\u1ea7u K\u00e9o Th\u00e9p Kh\u00f4ng G\u1ec9 Sinopec M0583A - C\u00f4ng Ty TNHH D\u1ea7u Nh\u1eddn T&amp;T Vi\u1ec7t Nam<\/title>\n<meta name=\"robots\" content=\"index, follow, max-snippet:-1, max-image-preview:large, max-video-preview:-1\" \/>\n<link rel=\"canonical\" href=\"https:\/\/tatco.vn\/en\/san-pham\/dau-keo-thep-khong-gi-sinopec-m0583a\/\" \/>\n<meta property=\"og:locale\" content=\"vi_VN\" \/>\n<meta property=\"og:type\" content=\"article\" \/>\n<meta property=\"og:title\" content=\"D\u1ea7u K\u00e9o Th\u00e9p Kh\u00f4ng G\u1ec9 Sinopec M0583A - C\u00f4ng Ty TNHH D\u1ea7u Nh\u1eddn T&amp;T Vi\u1ec7t Nam\" \/>\n<meta property=\"og:url\" content=\"https:\/\/tatco.vn\/en\/san-pham\/dau-keo-thep-khong-gi-sinopec-m0583a\/\" \/>\n<meta property=\"og:site_name\" content=\"C\u00f4ng Ty TNHH D\u1ea7u Nh\u1eddn T&amp;T Vi\u1ec7t Nam\" \/>\n<meta property=\"article:modified_time\" content=\"2025-02-14T11:08:16+00:00\" \/>\n<meta property=\"og:image\" content=\"https:\/\/tatco.vn\/wp-content\/uploads\/2021\/06\/Sinopec-oil-product.png\" \/>\n\t<meta property=\"og:image:width\" content=\"1000\" \/>\n\t<meta property=\"og:image:height\" content=\"1000\" \/>\n\t<meta property=\"og:image:type\" content=\"image\/png\" \/>\n<meta name=\"twitter:card\" content=\"summary_large_image\" \/>\n<meta name=\"twitter:label1\" content=\"\u01af\u1edbc t\u00ednh th\u1eddi gian \u0111\u1ecdc\" \/>\n\t<meta name=\"twitter:data1\" content=\"1 ph\u00fat\" \/>\n<script type=\"application\/ld+json\" class=\"yoast-schema-graph\">{\"@context\":\"https:\/\/schema.org\",\"@graph\":[{\"@type\":\"WebPage\",\"@id\":\"https:\/\/tatco.vn\/en\/san-pham\/dau-keo-thep-khong-gi-sinopec-m0583a\/\",\"url\":\"https:\/\/tatco.vn\/en\/san-pham\/dau-keo-thep-khong-gi-sinopec-m0583a\/\",\"name\":\"D\u1ea7u K\u00e9o Th\u00e9p Kh\u00f4ng G\u1ec9 Sinopec M0583A - C\u00f4ng Ty TNHH D\u1ea7u Nh\u1eddn T&amp;T Vi\u1ec7t Nam\",\"isPartOf\":{\"@id\":\"https:\/\/tatco.vn\/en\/#website\"},\"primaryImageOfPage\":{\"@id\":\"https:\/\/tatco.vn\/en\/san-pham\/dau-keo-thep-khong-gi-sinopec-m0583a\/#primaryimage\"},\"image\":{\"@id\":\"https:\/\/tatco.vn\/en\/san-pham\/dau-keo-thep-khong-gi-sinopec-m0583a\/#primaryimage\"},\"thumbnailUrl\":\"https:\/\/tatco.vn\/wp-content\/uploads\/2021\/06\/Sinopec-oil-product.png\",\"datePublished\":\"2025-02-14T11:08:15+00:00\",\"dateModified\":\"2025-02-14T11:08:16+00:00\",\"breadcrumb\":{\"@id\":\"https:\/\/tatco.vn\/en\/san-pham\/dau-keo-thep-khong-gi-sinopec-m0583a\/#breadcrumb\"},\"inLanguage\":\"vi\",\"potentialAction\":[{\"@type\":\"ReadAction\",\"target\":[\"https:\/\/tatco.vn\/en\/san-pham\/dau-keo-thep-khong-gi-sinopec-m0583a\/\"]}]},{\"@type\":\"ImageObject\",\"inLanguage\":\"vi\",\"@id\":\"https:\/\/tatco.vn\/en\/san-pham\/dau-keo-thep-khong-gi-sinopec-m0583a\/#primaryimage\",\"url\":\"https:\/\/tatco.vn\/wp-content\/uploads\/2021\/06\/Sinopec-oil-product.png\",\"contentUrl\":\"https:\/\/tatco.vn\/wp-content\/uploads\/2021\/06\/Sinopec-oil-product.png\",\"width\":1000,\"height\":1000},{\"@type\":\"BreadcrumbList\",\"@id\":\"https:\/\/tatco.vn\/en\/san-pham\/dau-keo-thep-khong-gi-sinopec-m0583a\/#breadcrumb\",\"itemListElement\":[{\"@type\":\"ListItem\",\"position\":1,\"name\":\"Home\",\"item\":\"https:\/\/tatco.vn\/\"},{\"@type\":\"ListItem\",\"position\":2,\"name\":\"C\u1eeda h\u00e0ng\",\"item\":\"https:\/\/tatco.vn\/en\/mua\/\"},{\"@type\":\"ListItem\",\"position\":3,\"name\":\"Sinopec M0583A Stainless Steel Drawing Oil\"}]},{\"@type\":\"WebSite\",\"@id\":\"https:\/\/tatco.vn\/en\/#website\",\"url\":\"https:\/\/tatco.vn\/en\/\",\"name\":\"C\u00f4ng Ty TNHH D\u1ea7u Nh\u1eddn T&amp;T Vi\u1ec7t Nam\",\"description\":\"Right Point - Right Time - Best Solution\",\"publisher\":{\"@id\":\"https:\/\/tatco.vn\/en\/#organization\"},\"potentialAction\":[{\"@type\":\"SearchAction\",\"target\":{\"@type\":\"EntryPoint\",\"urlTemplate\":\"https:\/\/tatco.vn\/en\/?s={search_term_string}\"},\"query-input\":{\"@type\":\"PropertyValueSpecification\",\"valueRequired\":true,\"valueName\":\"search_term_string\"}}],\"inLanguage\":\"vi\"},{\"@type\":\"Organization\",\"@id\":\"https:\/\/tatco.vn\/en\/#organization\",\"name\":\"C\u00f4ng Ty TNHH D\u1ea7u Nh\u1eddn T&T Vi\u1ec7t Nam\",\"url\":\"https:\/\/tatco.vn\/en\/\",\"logo\":{\"@type\":\"ImageObject\",\"inLanguage\":\"vi\",\"@id\":\"https:\/\/tatco.vn\/en\/#\/schema\/logo\/image\/\",\"url\":\"https:\/\/tatco.vn\/wp-content\/uploads\/2019\/05\/fav-ico.png\",\"contentUrl\":\"https:\/\/tatco.vn\/wp-content\/uploads\/2019\/05\/fav-ico.png\",\"width\":200,\"height\":200,\"caption\":\"C\u00f4ng Ty TNHH D\u1ea7u Nh\u1eddn T&T Vi\u1ec7t Nam\"},\"image\":{\"@id\":\"https:\/\/tatco.vn\/en\/#\/schema\/logo\/image\/\"}}]}<\/script>\n<!-- \/ Yoast SEO plugin. -->","yoast_head_json":{"title":"D\u1ea7u K\u00e9o Th\u00e9p Kh\u00f4ng G\u1ec9 Sinopec M0583A - C\u00f4ng Ty TNHH D\u1ea7u Nh\u1eddn T&amp;T Vi\u1ec7t Nam","robots":{"index":"index","follow":"follow","max-snippet":"max-snippet:-1","max-image-preview":"max-image-preview:large","max-video-preview":"max-video-preview:-1"},"canonical":"https:\/\/tatco.vn\/en\/san-pham\/dau-keo-thep-khong-gi-sinopec-m0583a\/","og_locale":"vi_VN","og_type":"article","og_title":"D\u1ea7u K\u00e9o Th\u00e9p Kh\u00f4ng G\u1ec9 Sinopec M0583A - C\u00f4ng Ty TNHH D\u1ea7u Nh\u1eddn T&amp;T Vi\u1ec7t Nam","og_url":"https:\/\/tatco.vn\/en\/san-pham\/dau-keo-thep-khong-gi-sinopec-m0583a\/","og_site_name":"C\u00f4ng Ty TNHH D\u1ea7u Nh\u1eddn T&amp;T Vi\u1ec7t Nam","article_modified_time":"2025-02-14T11:08:16+00:00","og_image":[{"width":1000,"height":1000,"url":"https:\/\/tatco.vn\/wp-content\/uploads\/2021\/06\/Sinopec-oil-product.png","type":"image\/png"}],"twitter_card":"summary_large_image","twitter_misc":{"\u01af\u1edbc t\u00ednh th\u1eddi gian \u0111\u1ecdc":"1 ph\u00fat"},"schema":{"@context":"https:\/\/schema.org","@graph":[{"@type":"WebPage","@id":"https:\/\/tatco.vn\/en\/san-pham\/dau-keo-thep-khong-gi-sinopec-m0583a\/","url":"https:\/\/tatco.vn\/en\/san-pham\/dau-keo-thep-khong-gi-sinopec-m0583a\/","name":"D\u1ea7u K\u00e9o Th\u00e9p Kh\u00f4ng G\u1ec9 Sinopec M0583A - C\u00f4ng Ty TNHH D\u1ea7u Nh\u1eddn T&amp;T Vi\u1ec7t Nam","isPartOf":{"@id":"https:\/\/tatco.vn\/en\/#website"},"primaryImageOfPage":{"@id":"https:\/\/tatco.vn\/en\/san-pham\/dau-keo-thep-khong-gi-sinopec-m0583a\/#primaryimage"},"image":{"@id":"https:\/\/tatco.vn\/en\/san-pham\/dau-keo-thep-khong-gi-sinopec-m0583a\/#primaryimage"},"thumbnailUrl":"https:\/\/tatco.vn\/wp-content\/uploads\/2021\/06\/Sinopec-oil-product.png","datePublished":"2025-02-14T11:08:15+00:00","dateModified":"2025-02-14T11:08:16+00:00","breadcrumb":{"@id":"https:\/\/tatco.vn\/en\/san-pham\/dau-keo-thep-khong-gi-sinopec-m0583a\/#breadcrumb"},"inLanguage":"vi","potentialAction":[{"@type":"ReadAction","target":["https:\/\/tatco.vn\/en\/san-pham\/dau-keo-thep-khong-gi-sinopec-m0583a\/"]}]},{"@type":"ImageObject","inLanguage":"vi","@id":"https:\/\/tatco.vn\/en\/san-pham\/dau-keo-thep-khong-gi-sinopec-m0583a\/#primaryimage","url":"https:\/\/tatco.vn\/wp-content\/uploads\/2021\/06\/Sinopec-oil-product.png","contentUrl":"https:\/\/tatco.vn\/wp-content\/uploads\/2021\/06\/Sinopec-oil-product.png","width":1000,"height":1000},{"@type":"BreadcrumbList","@id":"https:\/\/tatco.vn\/en\/san-pham\/dau-keo-thep-khong-gi-sinopec-m0583a\/#breadcrumb","itemListElement":[{"@type":"ListItem","position":1,"name":"Home","item":"https:\/\/tatco.vn\/"},{"@type":"ListItem","position":2,"name":"C\u1eeda h\u00e0ng","item":"https:\/\/tatco.vn\/en\/mua\/"},{"@type":"ListItem","position":3,"name":"Sinopec M0583A Stainless Steel Drawing Oil"}]},{"@type":"WebSite","@id":"https:\/\/tatco.vn\/en\/#website","url":"https:\/\/tatco.vn\/en\/","name":"C\u00f4ng Ty TNHH D\u1ea7u Nh\u1eddn T&amp;T Vi\u1ec7t Nam","description":"Right Point - Right Time - Best Solution","publisher":{"@id":"https:\/\/tatco.vn\/en\/#organization"},"potentialAction":[{"@type":"SearchAction","target":{"@type":"EntryPoint","urlTemplate":"https:\/\/tatco.vn\/en\/?s={search_term_string}"},"query-input":{"@type":"PropertyValueSpecification","valueRequired":true,"valueName":"search_term_string"}}],"inLanguage":"vi"},{"@type":"Organization","@id":"https:\/\/tatco.vn\/en\/#organization","name":"C\u00f4ng Ty TNHH D\u1ea7u Nh\u1eddn T&T Vi\u1ec7t Nam","url":"https:\/\/tatco.vn\/en\/","logo":{"@type":"ImageObject","inLanguage":"vi","@id":"https:\/\/tatco.vn\/en\/#\/schema\/logo\/image\/","url":"https:\/\/tatco.vn\/wp-content\/uploads\/2019\/05\/fav-ico.png","contentUrl":"https:\/\/tatco.vn\/wp-content\/uploads\/2019\/05\/fav-ico.png","width":200,"height":200,"caption":"C\u00f4ng Ty TNHH D\u1ea7u Nh\u1eddn T&T Vi\u1ec7t Nam"},"image":{"@id":"https:\/\/tatco.vn\/en\/#\/schema\/logo\/image\/"}}]}},"_links":{"self":[{"href":"https:\/\/tatco.vn\/vi\/wp-json\/wp\/v2\/product\/28278","targetHints":{"allow":["GET"]}}],"collection":[{"href":"https:\/\/tatco.vn\/vi\/wp-json\/wp\/v2\/product"}],"about":[{"href":"https:\/\/tatco.vn\/vi\/wp-json\/wp\/v2\/types\/product"}],"replies":[{"embeddable":true,"href":"https:\/\/tatco.vn\/vi\/wp-json\/wp\/v2\/comments?post=28278"}],"version-history":[{"count":0,"href":"https:\/\/tatco.vn\/vi\/wp-json\/wp\/v2\/product\/28278\/revisions"}],"wp:featuredmedia":[{"embeddable":true,"href":"https:\/\/tatco.vn\/vi\/wp-json\/wp\/v2\/media\/27397"}],"wp:attachment":[{"href":"https:\/\/tatco.vn\/vi\/wp-json\/wp\/v2\/media?parent=28278"}],"wp:term":[{"taxonomy":"product_cat","embeddable":true,"href":"https:\/\/tatco.vn\/vi\/wp-json\/wp\/v2\/product_cat?post=28278"},{"taxonomy":"product_tag","embeddable":true,"href":"https:\/\/tatco.vn\/vi\/wp-json\/wp\/v2\/product_tag?post=28278"}],"curies":[{"name":"wp","href":"https:\/\/api.w.org\/{rel}","templated":true}]}}