{"id":28271,"date":"2025-02-14T17:55:29","date_gmt":"2025-02-14T10:55:29","guid":{"rendered":"https:\/\/tatco.vn\/vi\/?post_type=product&#038;p=28271"},"modified":"2025-02-15T13:48:18","modified_gmt":"2025-02-15T06:48:18","slug":"dau-gia-cong-phong-dien-sinopec-m0252","status":"publish","type":"product","link":"https:\/\/tatco.vn\/vi\/san-pham\/dau-gia-cong-phong-dien-sinopec-m0252\/","title":{"rendered":"D\u1ea7u Gia C\u00f4ng Ph\u00f3ng \u0110i\u1ec7n Sinopec M0252"},"content":{"rendered":"<p><strong>D\u1ea7u Gia C\u00f4ng Ph\u00f3ng \u0110i\u1ec7n Sinopec M0252<\/strong> \u0111\u01b0\u1ee3c pha ch\u1ebf t\u1eeb hydrocarbua parafinic ch\u1ee9a c\u00e1c ph\u1ee5 gia nh\u1eadp kh\u1ea9u hi\u1ec7u su\u1ea5t cao. D\u1ea7u gia c\u00f4ng ph\u00f3ng \u0111i\u1ec7n Sinopec M0252 \u0111\u01b0\u1ee3c s\u1eed d\u1ee5ng cho c\u00e1c m\u00e1y ph\u00f3ng \u0111i\u1ec7n ho\u1ea1t \u0111\u1ed9ng theo c\u01a1 ch\u1ebf th\u00e2m nh\u1eadp.<\/p>\n<ul>\n<li>Kh\u00f4ng ch\u1ee9a clo<\/li>\n<li>H\u00e0m l\u01b0\u1ee3ng th\u01a1m th\u1ea5p<\/li>\n<li>Kh\u00f4ng ch\u1ee9a kim lo\u1ea1i n\u1eb7ng<\/li>\n<\/ul>\n<h3>\u1ee8ng D\u1ee5ng:<\/h3>\n<p><strong>D\u1ea7u Gia C\u00f4ng Ph\u00f3ng \u0110i\u1ec7n Sinopec M0252<\/strong> ph\u00f9 h\u1ee3p \u0111\u1ec3 s\u1eed d\u1ee5ng trong:<\/p>\n<ul>\n<li>Ph\u00f9 h\u1ee3p cho t\u1ea5t c\u1ea3 c\u00e1c m\u00e1y gia c\u00f4ng ph\u00f3ng \u0111i\u1ec7n.<\/li>\n<li>C\u00f3 th\u1ec3 s\u1eed d\u1ee5ng v\u1edbi c\u00e1c \u0111i\u1ec7n c\u1ef1c graphite v\u00e0 \u0111\u1ed3ng.<\/li>\n<\/ul>\n<h3>\u0110\u1eb7c \u0110i\u1ec3m v\u00e0 L\u1ee3i \u00cdch:<\/h3>\n<ul>\n<li><strong>An to\u00e0n v\u00e0 b\u1ea3o v\u1ec7 m\u00f4i tr\u01b0\u1eddng<\/strong>.<\/li>\n<li><strong>Kh\u00f4ng m\u00e0u v\u00e0 \u00edt m\u00f9i<\/strong>.<\/li>\n<li><strong>\u0110i\u1ec3m ch\u1edbp ch\u00e1y cao<\/strong>: gi\u1ea3m nguy c\u01a1 ch\u00e1y n\u1ed5.<\/li>\n<li><strong>\u0110\u1ed9 nh\u1edbt th\u1ea5p v\u00e0 \u0111\u1ed9 \u1ea9m cao<\/strong>: \u0111\u1ea3m b\u1ea3o ti\u1ebfp x\u00fac t\u1ed1t gi\u1eefa ch\u1ea5t l\u1ecfng v\u00e0 kim lo\u1ea1i, \u0111\u1ed3ng th\u1eddi c\u00f3 kh\u1ea3 n\u0103ng t\u1ea9y r\u1eeda t\u1ed1t.<\/li>\n<li><strong>Kh\u1ea3 n\u0103ng ch\u1ed1ng oxy h\u00f3a li\u00ean t\u1ee5c<\/strong>: d\u1ea7u c\u00f3 tu\u1ed5i th\u1ecd d\u00e0i.<\/li>\n<\/ul>\n<h3>Th\u00f4ng S\u1ed1 K\u1ef9 Thu\u1eadt:<\/h3>\n<div>\n<div>\n<div class=\"table-responsive\">\n<table class=\"table table-striped\">\n<thead>\n<tr>\n<th><strong>Th\u00f4ng S\u1ed1<\/strong><\/th>\n<th><strong>D\u1ea7u Gia C\u00f4ng Ph\u00f3ng \u0110i\u1ec7n Sinopec M0252<\/strong><\/th>\n<\/tr>\n<\/thead>\n<tbody>\n<tr>\n<td><strong>Ngo\u1ea1i Quan, Quan S\u00e1t<\/strong><\/td>\n<td>Kh\u00f4ng m\u00e0u<\/td>\n<\/tr>\n<tr>\n<td><strong>\u0110\u1ed9 Nh\u1edbt \u0110\u1ed9ng H\u1ecdc (40\u2103), cSt, ASTM D 445<\/strong><\/td>\n<td>2.234<\/td>\n<\/tr>\n<tr>\n<td><strong>\u0110i\u1ec3m Ch\u1edbp Ch\u00e1y (PMCC), \u2103, ASTM D 93<\/strong><\/td>\n<td>102<\/td>\n<\/tr>\n<tr>\n<td><strong>H\u00e0m L\u01b0\u1ee3ng N\u01b0\u1edbc, %(m\/m), ASTM D 95<\/strong><\/td>\n<td>D\u1ea5u v\u1ebft<\/td>\n<\/tr>\n<tr>\n<td><strong>Th\u1eed Nghi\u1ec7m \u0102n M\u00f2n \u0110\u1ed3ng, ASTM D130<\/strong><\/td>\n<td>1b<\/td>\n<\/tr>\n<\/tbody>\n<\/table>\n<\/div>\n<div><\/div>\n<\/div>\n<\/div>\n<p><\/p>","protected":false},"excerpt":{"rendered":"<p style=\"text-align: justify\"><strong>D\u1ea7u Gia C\u00f4ng Ph\u00f3ng \u0110i\u1ec7n Sinopec M0252<\/strong> \u0111\u01b0\u1ee3c pha ch\u1ebf t\u1eeb hydrocarbua parafinic ch\u1ee9a c\u00e1c ph\u1ee5 gia nh\u1eadp kh\u1ea9u hi\u1ec7u su\u1ea5t cao. D\u1ea7u gia c\u00f4ng ph\u00f3ng \u0111i\u1ec7n Sinopec M0252 \u0111\u01b0\u1ee3c s\u1eed d\u1ee5ng cho c\u00e1c m\u00e1y ph\u00f3ng \u0111i\u1ec7n ho\u1ea1t \u0111\u1ed9ng theo c\u01a1 ch\u1ebf th\u00e2m nh\u1eadp.<\/p>\n","protected":false},"featured_media":27397,"comment_status":"closed","ping_status":"closed","template":"","meta":[],"product_cat":[773,1289,1291,719],"product_tag":[1312,1311,1309,1308,1310,1304,1307,1306,1305],"class_list":{"0":"post-28271","1":"product","2":"type-product","3":"status-publish","4":"has-post-thumbnail","6":"product_brand-sinopec","7":"product_cat-dau-cong-nghiep-sinopec","8":"product_cat-dau-gia-cong-kim-loai-sinopec","9":"product_cat-dau-gia-cong-phong-dien-sinopec-m0252","10":"product_cat-dau-nhot-sinopec","11":"product_tag-dau-bao-ve-moi-truong","12":"product_tag-dau-chong-oxy-hoa-phong-dien","13":"product_tag-dau-gia-cong-dien-cuc-dong","14":"product_tag-dau-gia-cong-dien-cuc-graphite","15":"product_tag-dau-gia-cong-do-nhot-thap","16":"product_tag-dau-gia-cong-phong-dien-sinopec","17":"product_tag-dau-phong-dien-it-mui","18":"product_tag-dau-phong-dien-khong-chua-clo","19":"product_tag-sinopec-m0252-electrical-discharge-machining-oil","21":"first","22":"instock","23":"shipping-taxable","24":"product-type-simple"},"yoast_head":"<!-- This site is optimized with the Yoast SEO plugin v27.2 - https:\/\/yoast.com\/product\/yoast-seo-wordpress\/ -->\n<title>D\u1ea7u Gia C\u00f4ng Ph\u00f3ng \u0110i\u1ec7n Sinopec M0252 - C\u00f4ng Ty TNHH D\u1ea7u Nh\u1eddn T&amp;T Vi\u1ec7t Nam<\/title>\n<meta name=\"robots\" content=\"index, follow, max-snippet:-1, max-image-preview:large, max-video-preview:-1\" \/>\n<link rel=\"canonical\" href=\"https:\/\/tatco.vn\/vi\/san-pham\/dau-gia-cong-phong-dien-sinopec-m0252\/\" \/>\n<meta property=\"og:locale\" content=\"vi_VN\" \/>\n<meta property=\"og:type\" content=\"article\" \/>\n<meta property=\"og:title\" content=\"D\u1ea7u Gia C\u00f4ng Ph\u00f3ng \u0110i\u1ec7n Sinopec M0252 - C\u00f4ng Ty TNHH D\u1ea7u Nh\u1eddn T&amp;T Vi\u1ec7t Nam\" \/>\n<meta property=\"og:url\" content=\"https:\/\/tatco.vn\/vi\/san-pham\/dau-gia-cong-phong-dien-sinopec-m0252\/\" \/>\n<meta property=\"og:site_name\" content=\"C\u00f4ng Ty TNHH D\u1ea7u Nh\u1eddn T&amp;T Vi\u1ec7t Nam\" \/>\n<meta property=\"article:modified_time\" content=\"2025-02-15T06:48:18+00:00\" \/>\n<meta property=\"og:image\" content=\"https:\/\/tatco.vn\/wp-content\/uploads\/2021\/06\/Sinopec-oil-product.png\" \/>\n\t<meta property=\"og:image:width\" content=\"1000\" \/>\n\t<meta property=\"og:image:height\" content=\"1000\" \/>\n\t<meta property=\"og:image:type\" content=\"image\/png\" \/>\n<meta name=\"twitter:card\" content=\"summary_large_image\" \/>\n<meta name=\"twitter:label1\" content=\"\u01af\u1edbc t\u00ednh th\u1eddi gian \u0111\u1ecdc\" \/>\n\t<meta name=\"twitter:data1\" content=\"1 ph\u00fat\" \/>\n<script type=\"application\/ld+json\" class=\"yoast-schema-graph\">{\"@context\":\"https:\/\/schema.org\",\"@graph\":[{\"@type\":\"WebPage\",\"@id\":\"https:\/\/tatco.vn\/vi\/san-pham\/dau-gia-cong-phong-dien-sinopec-m0252\/\",\"url\":\"https:\/\/tatco.vn\/vi\/san-pham\/dau-gia-cong-phong-dien-sinopec-m0252\/\",\"name\":\"D\u1ea7u Gia C\u00f4ng Ph\u00f3ng \u0110i\u1ec7n Sinopec M0252 - C\u00f4ng Ty TNHH D\u1ea7u Nh\u1eddn T&amp;T Vi\u1ec7t Nam\",\"isPartOf\":{\"@id\":\"https:\/\/tatco.vn\/en\/#website\"},\"primaryImageOfPage\":{\"@id\":\"https:\/\/tatco.vn\/vi\/san-pham\/dau-gia-cong-phong-dien-sinopec-m0252\/#primaryimage\"},\"image\":{\"@id\":\"https:\/\/tatco.vn\/vi\/san-pham\/dau-gia-cong-phong-dien-sinopec-m0252\/#primaryimage\"},\"thumbnailUrl\":\"https:\/\/tatco.vn\/wp-content\/uploads\/2021\/06\/Sinopec-oil-product.png\",\"datePublished\":\"2025-02-14T10:55:29+00:00\",\"dateModified\":\"2025-02-15T06:48:18+00:00\",\"breadcrumb\":{\"@id\":\"https:\/\/tatco.vn\/vi\/san-pham\/dau-gia-cong-phong-dien-sinopec-m0252\/#breadcrumb\"},\"inLanguage\":\"vi\",\"potentialAction\":[{\"@type\":\"ReadAction\",\"target\":[\"https:\/\/tatco.vn\/vi\/san-pham\/dau-gia-cong-phong-dien-sinopec-m0252\/\"]}]},{\"@type\":\"ImageObject\",\"inLanguage\":\"vi\",\"@id\":\"https:\/\/tatco.vn\/vi\/san-pham\/dau-gia-cong-phong-dien-sinopec-m0252\/#primaryimage\",\"url\":\"https:\/\/tatco.vn\/wp-content\/uploads\/2021\/06\/Sinopec-oil-product.png\",\"contentUrl\":\"https:\/\/tatco.vn\/wp-content\/uploads\/2021\/06\/Sinopec-oil-product.png\",\"width\":1000,\"height\":1000},{\"@type\":\"BreadcrumbList\",\"@id\":\"https:\/\/tatco.vn\/vi\/san-pham\/dau-gia-cong-phong-dien-sinopec-m0252\/#breadcrumb\",\"itemListElement\":[{\"@type\":\"ListItem\",\"position\":1,\"name\":\"Home\",\"item\":\"https:\/\/tatco.vn\/\"},{\"@type\":\"ListItem\",\"position\":2,\"name\":\"C\u1eeda h\u00e0ng\",\"item\":\"https:\/\/tatco.vn\/en\/mua\/\"},{\"@type\":\"ListItem\",\"position\":3,\"name\":\"D\u1ea7u Gia C\u00f4ng Ph\u00f3ng \u0110i\u1ec7n Sinopec M0252\"}]},{\"@type\":\"WebSite\",\"@id\":\"https:\/\/tatco.vn\/en\/#website\",\"url\":\"https:\/\/tatco.vn\/en\/\",\"name\":\"C\u00f4ng Ty TNHH D\u1ea7u Nh\u1eddn T&amp;T Vi\u1ec7t Nam\",\"description\":\"Right Point - Right Time - Best Solution\",\"publisher\":{\"@id\":\"https:\/\/tatco.vn\/en\/#organization\"},\"potentialAction\":[{\"@type\":\"SearchAction\",\"target\":{\"@type\":\"EntryPoint\",\"urlTemplate\":\"https:\/\/tatco.vn\/en\/?s={search_term_string}\"},\"query-input\":{\"@type\":\"PropertyValueSpecification\",\"valueRequired\":true,\"valueName\":\"search_term_string\"}}],\"inLanguage\":\"vi\"},{\"@type\":\"Organization\",\"@id\":\"https:\/\/tatco.vn\/en\/#organization\",\"name\":\"C\u00f4ng Ty TNHH D\u1ea7u Nh\u1eddn T&T Vi\u1ec7t Nam\",\"url\":\"https:\/\/tatco.vn\/en\/\",\"logo\":{\"@type\":\"ImageObject\",\"inLanguage\":\"vi\",\"@id\":\"https:\/\/tatco.vn\/en\/#\/schema\/logo\/image\/\",\"url\":\"https:\/\/tatco.vn\/wp-content\/uploads\/2019\/05\/fav-ico.png\",\"contentUrl\":\"https:\/\/tatco.vn\/wp-content\/uploads\/2019\/05\/fav-ico.png\",\"width\":200,\"height\":200,\"caption\":\"C\u00f4ng Ty TNHH D\u1ea7u Nh\u1eddn T&T Vi\u1ec7t Nam\"},\"image\":{\"@id\":\"https:\/\/tatco.vn\/en\/#\/schema\/logo\/image\/\"}}]}<\/script>\n<!-- \/ Yoast SEO plugin. -->","yoast_head_json":{"title":"D\u1ea7u Gia C\u00f4ng Ph\u00f3ng \u0110i\u1ec7n Sinopec M0252 - C\u00f4ng Ty TNHH D\u1ea7u Nh\u1eddn T&amp;T Vi\u1ec7t Nam","robots":{"index":"index","follow":"follow","max-snippet":"max-snippet:-1","max-image-preview":"max-image-preview:large","max-video-preview":"max-video-preview:-1"},"canonical":"https:\/\/tatco.vn\/vi\/san-pham\/dau-gia-cong-phong-dien-sinopec-m0252\/","og_locale":"vi_VN","og_type":"article","og_title":"D\u1ea7u Gia C\u00f4ng Ph\u00f3ng \u0110i\u1ec7n Sinopec M0252 - C\u00f4ng Ty TNHH D\u1ea7u Nh\u1eddn T&amp;T Vi\u1ec7t Nam","og_url":"https:\/\/tatco.vn\/vi\/san-pham\/dau-gia-cong-phong-dien-sinopec-m0252\/","og_site_name":"C\u00f4ng Ty TNHH D\u1ea7u Nh\u1eddn T&amp;T Vi\u1ec7t Nam","article_modified_time":"2025-02-15T06:48:18+00:00","og_image":[{"width":1000,"height":1000,"url":"https:\/\/tatco.vn\/wp-content\/uploads\/2021\/06\/Sinopec-oil-product.png","type":"image\/png"}],"twitter_card":"summary_large_image","twitter_misc":{"\u01af\u1edbc t\u00ednh th\u1eddi gian \u0111\u1ecdc":"1 ph\u00fat"},"schema":{"@context":"https:\/\/schema.org","@graph":[{"@type":"WebPage","@id":"https:\/\/tatco.vn\/vi\/san-pham\/dau-gia-cong-phong-dien-sinopec-m0252\/","url":"https:\/\/tatco.vn\/vi\/san-pham\/dau-gia-cong-phong-dien-sinopec-m0252\/","name":"D\u1ea7u Gia C\u00f4ng Ph\u00f3ng \u0110i\u1ec7n Sinopec M0252 - C\u00f4ng Ty TNHH D\u1ea7u Nh\u1eddn T&amp;T Vi\u1ec7t Nam","isPartOf":{"@id":"https:\/\/tatco.vn\/en\/#website"},"primaryImageOfPage":{"@id":"https:\/\/tatco.vn\/vi\/san-pham\/dau-gia-cong-phong-dien-sinopec-m0252\/#primaryimage"},"image":{"@id":"https:\/\/tatco.vn\/vi\/san-pham\/dau-gia-cong-phong-dien-sinopec-m0252\/#primaryimage"},"thumbnailUrl":"https:\/\/tatco.vn\/wp-content\/uploads\/2021\/06\/Sinopec-oil-product.png","datePublished":"2025-02-14T10:55:29+00:00","dateModified":"2025-02-15T06:48:18+00:00","breadcrumb":{"@id":"https:\/\/tatco.vn\/vi\/san-pham\/dau-gia-cong-phong-dien-sinopec-m0252\/#breadcrumb"},"inLanguage":"vi","potentialAction":[{"@type":"ReadAction","target":["https:\/\/tatco.vn\/vi\/san-pham\/dau-gia-cong-phong-dien-sinopec-m0252\/"]}]},{"@type":"ImageObject","inLanguage":"vi","@id":"https:\/\/tatco.vn\/vi\/san-pham\/dau-gia-cong-phong-dien-sinopec-m0252\/#primaryimage","url":"https:\/\/tatco.vn\/wp-content\/uploads\/2021\/06\/Sinopec-oil-product.png","contentUrl":"https:\/\/tatco.vn\/wp-content\/uploads\/2021\/06\/Sinopec-oil-product.png","width":1000,"height":1000},{"@type":"BreadcrumbList","@id":"https:\/\/tatco.vn\/vi\/san-pham\/dau-gia-cong-phong-dien-sinopec-m0252\/#breadcrumb","itemListElement":[{"@type":"ListItem","position":1,"name":"Home","item":"https:\/\/tatco.vn\/"},{"@type":"ListItem","position":2,"name":"C\u1eeda h\u00e0ng","item":"https:\/\/tatco.vn\/en\/mua\/"},{"@type":"ListItem","position":3,"name":"D\u1ea7u Gia C\u00f4ng Ph\u00f3ng \u0110i\u1ec7n Sinopec M0252"}]},{"@type":"WebSite","@id":"https:\/\/tatco.vn\/en\/#website","url":"https:\/\/tatco.vn\/en\/","name":"C\u00f4ng Ty TNHH D\u1ea7u Nh\u1eddn T&amp;T Vi\u1ec7t Nam","description":"Right Point - Right Time - Best Solution","publisher":{"@id":"https:\/\/tatco.vn\/en\/#organization"},"potentialAction":[{"@type":"SearchAction","target":{"@type":"EntryPoint","urlTemplate":"https:\/\/tatco.vn\/en\/?s={search_term_string}"},"query-input":{"@type":"PropertyValueSpecification","valueRequired":true,"valueName":"search_term_string"}}],"inLanguage":"vi"},{"@type":"Organization","@id":"https:\/\/tatco.vn\/en\/#organization","name":"C\u00f4ng Ty TNHH D\u1ea7u Nh\u1eddn T&T Vi\u1ec7t Nam","url":"https:\/\/tatco.vn\/en\/","logo":{"@type":"ImageObject","inLanguage":"vi","@id":"https:\/\/tatco.vn\/en\/#\/schema\/logo\/image\/","url":"https:\/\/tatco.vn\/wp-content\/uploads\/2019\/05\/fav-ico.png","contentUrl":"https:\/\/tatco.vn\/wp-content\/uploads\/2019\/05\/fav-ico.png","width":200,"height":200,"caption":"C\u00f4ng Ty TNHH D\u1ea7u Nh\u1eddn T&T Vi\u1ec7t Nam"},"image":{"@id":"https:\/\/tatco.vn\/en\/#\/schema\/logo\/image\/"}}]}},"_links":{"self":[{"href":"https:\/\/tatco.vn\/vi\/wp-json\/wp\/v2\/product\/28271","targetHints":{"allow":["GET"]}}],"collection":[{"href":"https:\/\/tatco.vn\/vi\/wp-json\/wp\/v2\/product"}],"about":[{"href":"https:\/\/tatco.vn\/vi\/wp-json\/wp\/v2\/types\/product"}],"replies":[{"embeddable":true,"href":"https:\/\/tatco.vn\/vi\/wp-json\/wp\/v2\/comments?post=28271"}],"version-history":[{"count":0,"href":"https:\/\/tatco.vn\/vi\/wp-json\/wp\/v2\/product\/28271\/revisions"}],"wp:featuredmedia":[{"embeddable":true,"href":"https:\/\/tatco.vn\/vi\/wp-json\/wp\/v2\/media\/27397"}],"wp:attachment":[{"href":"https:\/\/tatco.vn\/vi\/wp-json\/wp\/v2\/media?parent=28271"}],"wp:term":[{"taxonomy":"product_cat","embeddable":true,"href":"https:\/\/tatco.vn\/vi\/wp-json\/wp\/v2\/product_cat?post=28271"},{"taxonomy":"product_tag","embeddable":true,"href":"https:\/\/tatco.vn\/vi\/wp-json\/wp\/v2\/product_tag?post=28271"}],"curies":[{"name":"wp","href":"https:\/\/api.w.org\/{rel}","templated":true}]}}