{"id":28243,"date":"2025-02-14T14:12:18","date_gmt":"2025-02-14T07:12:18","guid":{"rendered":"https:\/\/tatco.vn\/vi\/?post_type=product&#038;p=28243"},"modified":"2025-02-14T14:12:19","modified_gmt":"2025-02-14T07:12:19","slug":"dau-tua-bin-tuoi-tho-cao-sinopec-l-tsa-lf-32","status":"publish","type":"product","link":"https:\/\/tatco.vn\/vi\/san-pham\/dau-tua-bin-tuoi-tho-cao-sinopec-l-tsa-lf-32\/","title":{"rendered":"D\u1ea7u Tua bin Tu\u1ed5i Th\u1ecd Cao Sinopec L-TSA\/LF 32"},"content":{"rendered":"<p><\/p>\n<p style=\"text-align: justify\"><strong>D\u1ea7u Tua-bin Sinopec L-TSA\/LF Long Service Life<\/strong> l\u00e0 m\u1ed9t d\u00f2ng s\u1ea3n ph\u1ea9m d\u1ea7u tua-bin \u0111\u01b0\u1ee3c pha ch\u1ebf t\u1eeb d\u1ea7u g\u1ed1c hydro h\u00f3a ch\u1ea5t l\u01b0\u1ee3ng cao v\u00e0 c\u00e1c ph\u1ee5 gia ch\u1ecdn l\u1ecdc. Kh\u1ea3 n\u0103ng \u1ed5n \u0111\u1ecbnh oxy h\u00f3a tuy\u1ec7t v\u1eddi, gi\u00fap gi\u1ea3m s\u1ef1 h\u00ecnh th\u00e0nh c\u1eb7n b\u00e3 v\u00e0 l\u1eafng \u0111\u1ecdng, cho ph\u00e9p s\u1ea3n ph\u1ea9m n\u00e0y \u0111\u01b0\u1ee3c s\u1eed d\u1ee5ng l\u00e0m d\u1ea7u tua-bin h\u01a1i\/nhi\u1ec7t \u0111\u1ed9 d\u00e0i h\u1ea1n. C\u00f3 s\u1eb5n trong c\u00e1c c\u1ea5p \u0111\u1ed9 nh\u1edbt ISO 32, 46 v\u00e0 68.<\/p>\n<h3 style=\"text-align: justify\">\u1ee8ng D\u1ee5ng:<\/h3>\n<p style=\"text-align: justify\"><strong>D\u1ea7u Tua-bin Sinopec L-TSA\/LF Long Service Life<\/strong> ph\u00f9 h\u1ee3p \u0111\u1ec3 s\u1eed d\u1ee5ng trong:<\/p>\n<ul style=\"text-align: justify\">\n<li>C\u00e1c tua-bin h\u01a1i si\u00eau t\u1edbi h\u1ea1n l\u1edbn \u0111\u01b0\u1ee3c s\u1eed d\u1ee5ng trong s\u1ea3n xu\u1ea5t \u0111i\u1ec7n.<\/li>\n<li>C\u00e1c tua-bin kh\u00ed n\u1eb7ng.<\/li>\n<li>Tua-bin h\u00e0ng h\u1ea3i t\u1eeb trung b\u00ecnh \u0111\u1ebfn l\u1edbn.<\/li>\n<li>Tua-bin h\u01a1i, kh\u00ed v\u00e0 n\u01b0\u1edbc c\u00f4ng nghi\u1ec7p.<\/li>\n<li>C\u00e1c tua-bin chu tr\u00ecnh k\u1ebft h\u1ee3p.<\/li>\n<\/ul>\n<h3 style=\"text-align: justify\">\u0110\u1eb7c \u0110i\u1ec3m v\u00e0 L\u1ee3i \u00cdch:<\/h3>\n<ul>\n<li style=\"text-align: justify\"><strong>\u1ed4n \u0111\u1ecbnh oxy h\u00f3a ho\u00e0n h\u1ea3o<\/strong> ng\u0103n ch\u1eb7n s\u1ef1 h\u00ecnh th\u00e0nh c\u1eb7n b\u00e3, \u0111\u1ea3m b\u1ea3o ho\u1ea1t \u0111\u1ed9ng tr\u01a1n tru v\u00e0 k\u00e9o d\u00e0i tu\u1ed5i th\u1ecd c\u1ee7a d\u1ea7u.<\/li>\n<li style=\"text-align: justify\"><strong>Kh\u1ea3 n\u0103ng t\u00e1ch n\u01b0\u1edbc tuy\u1ec7t v\u1eddi<\/strong> \u0111\u1ea3m b\u1ea3o b\u1ea5t k\u1ef3 \u00f4 nhi\u1ec5m n\u01b0\u1edbc n\u00e0o c\u0169ng c\u00f3 th\u1ec3 d\u1ec5 d\u00e0ng t\u00e1ch ra kh\u1ecfi d\u1ea7u, b\u1ea3o v\u1ec7 thi\u1ebft b\u1ecb kh\u1ecfi b\u1ecb g\u1ec9 v\u00e0 \u0103n m\u00f2n v\u00e0 k\u00e9o d\u00e0i tu\u1ed5i th\u1ecd c\u1ee7a d\u1ea7u.<\/li>\n<li style=\"text-align: justify\"><strong>Kh\u1ea3 n\u0103ng gi\u1ea3i ph\u00f3ng kh\u00ed t\u1ed1t<\/strong> b\u1ea3o v\u1ec7 ch\u1ed1ng l\u1ea1i s\u1ef1 x\u00e2m nh\u1eadp c\u1ee7a kh\u00ed, \u0111\u1ea3m b\u1ea3o \u0111\u1ed9 d\u00e0y c\u1ee7a m\u00e0ng d\u1ea7u t\u1ed1i \u01b0u v\u00e0 b\u1ea3o v\u1ec7 c\u00e1c th\u00e0nh ph\u1ea7n thi\u1ebft b\u1ecb kh\u1ecfi hi\u1ec7n t\u01b0\u1ee3ng x\u00e2m th\u1ef1c.<\/li>\n<li style=\"text-align: justify\"><strong>Kh\u1ea3 n\u0103ng ch\u1ed1ng t\u1ea1o b\u1ecdt t\u1ed1t<\/strong> tr\u00e1nh s\u1ef1 h\u00ecnh th\u00e0nh b\u1ecdt v\u00e0 gi\u1ea3m r\u00f2 r\u1ec9 d\u1ea7u t\u1eeb h\u1ec7 th\u1ed1ng.<\/li>\n<li>\n<p style=\"text-align: justify\"><strong>Kh\u1ea3 n\u0103ng ch\u1ed1ng r\u1ec9 s\u00e9t v\u00e0 ch\u1ed1ng \u0103n m\u00f2n tuy\u1ec7t v\u1eddi<\/strong> b\u1ea3o v\u1ec7 thi\u1ebft b\u1ecb kh\u1ecfi b\u1ecb r\u1ec9 s\u00e9t v\u00e0 \u0103n m\u00f2n v\u00e0 k\u00e9o d\u00e0i tu\u1ed5i th\u1ecd thi\u1ebft b\u1ecb.<\/p>\n<\/li>\n<\/ul>\n<h3>Th\u00f4ng S\u1ed1 K\u1ef9 Thu\u1eadt:<\/h3>\n<div>\n<div>\n<div class=\"table-responsive\">\n<table class=\"table table-striped\">\n<thead>\n<tr>\n<th><strong>Th\u00f4ng S\u1ed1<\/strong><\/th>\n<th><strong>32<\/strong><\/th>\n<th><strong>46<\/strong><\/th>\n<th><strong>68<\/strong><\/th>\n<\/tr>\n<\/thead>\n<tbody>\n<tr>\n<td><strong>\u0110\u1ed9 Nh\u1edbt \u0110\u1ed9ng H\u1ecdc c\u1ee7a D\u1ea7u G\u1ed1c, ASTM D 445<\/strong><\/td>\n<td>&#8211;<\/td>\n<td>&#8211;<\/td>\n<td>&#8211;<\/td>\n<\/tr>\n<tr>\n<td><strong>cSt @ 40\u2103<\/strong><\/td>\n<td>33.21<\/td>\n<td>45.15<\/td>\n<td>64.29<\/td>\n<\/tr>\n<tr>\n<td><strong>cSt @ 100\u2103<\/strong><\/td>\n<td>6.086<\/td>\n<td>7.185<\/td>\n<td>8.866<\/td>\n<\/tr>\n<tr>\n<td><strong>Ch\u1ec9 S\u1ed1 \u0110\u1ed9 Nh\u1edbt c\u1ee7a D\u1ea7u G\u1ed1c, ASTM D 2270<\/strong><\/td>\n<td>132<\/td>\n<td>120<\/td>\n<td>112<\/td>\n<\/tr>\n<tr>\n<td><strong>Gi\u1ea3i Ph\u00f3ng Kh\u00ed \u1edf 50\u2103, ph\u00fat, ASTM D 3427<\/strong><\/td>\n<td>1.7<\/td>\n<td>3.5<\/td>\n<td>5.5<\/td>\n<\/tr>\n<tr>\n<td><strong>\u0110\u1eb7c T\u00ednh T\u1ea1o B\u1ecdt, sequences 1, 2 v\u00e0 3, ASTM D 892<\/strong><\/td>\n<td><strong>32<\/strong><\/td>\n<td><strong>46<\/strong><\/td>\n<td><strong>68<\/strong><\/td>\n<\/tr>\n<tr>\n<td><strong>\u0110\u1eb7c T\u00ednh T\u1ea1o B\u1ecdt, sequence 1<\/strong><\/td>\n<td>10\/0<\/td>\n<td>10\/0<\/td>\n<td>10\/0<\/td>\n<\/tr>\n<tr>\n<td><strong>\u0110\u1eb7c T\u00ednh T\u1ea1o B\u1ecdt, sequence 2<\/strong><\/td>\n<td>10\/0<\/td>\n<td>10\/0<\/td>\n<td>10\/0<\/td>\n<\/tr>\n<tr>\n<td><strong>\u0110\u1eb7c T\u00ednh T\u1ea1o B\u1ecdt, sequence 3<\/strong><\/td>\n<td>10\/0<\/td>\n<td>10\/0<\/td>\n<td>10\/0<\/td>\n<\/tr>\n<tr>\n<td><strong>T\u00ednh T\u00e1ch N\u01b0\u1edbc @ 54\u2103, th\u1eddi gian \u0111\u1ebfn 3 ml nh\u0169 t\u01b0\u01a1ng, ph\u00fat, ASTM D 1401<\/strong><\/td>\n<td>8<\/td>\n<td>10<\/td>\n<td>10<\/td>\n<\/tr>\n<tr>\n<td><strong>S\u1ed1 Trung H\u00f2a, mg KOH\/g, ASTM D 974<\/strong><\/td>\n<td>0.07<\/td>\n<td>0.1<\/td>\n<td>0.1<\/td>\n<\/tr>\n<tr>\n<td><strong>\u1ed4n \u0110\u1ecbnh Oxy H\u00f3a, th\u1eddi gian \u0111\u1ebfn 2 mg KOH\/g, gi\u1edd, ASTM D 943<\/strong><\/td>\n<td>&gt;10000<\/td>\n<td>&gt;10000<\/td>\n<td>&gt;10000<\/td>\n<\/tr>\n<tr>\n<td><strong>\u1ed4n \u0110\u1ecbnh Oxy H\u00f3a, RPVOT @ 150\u2103, ph\u00fat, ASTM D 2772<\/strong><\/td>\n<td>1200+<\/td>\n<td>1200+<\/td>\n<td>1200+<\/td>\n<\/tr>\n<tr>\n<td><strong>Ph\u00f2ng Ng\u1eeba G\u1ec9, ASTM D 665<\/strong><\/td>\n<td>&#8211;<\/td>\n<td>&#8211;<\/td>\n<td>&#8211;<\/td>\n<\/tr>\n<tr>\n<td><strong>N\u01b0\u1edbc C\u1ea5t<\/strong><\/td>\n<td>Pass<\/td>\n<td>Pass<\/td>\n<td>Pass<\/td>\n<\/tr>\n<tr>\n<td><strong>N\u01b0\u1edbc Bi\u1ec3n Nh\u00e2n T\u1ea1o<\/strong><\/td>\n<td>Pass<\/td>\n<td>Pass<\/td>\n<td>Pass<\/td>\n<\/tr>\n<tr>\n<td><strong>\u0102n M\u00f2n \u0110\u1ed3ng, 3 gi\u1edd @ 100\u2103, ASTM D 130<\/strong><\/td>\n<td>1b<\/td>\n<td>1b<\/td>\n<td>1b<\/td>\n<\/tr>\n<tr>\n<td><strong>\u0110i\u1ec3m \u0110\u00f4ng \u0110\u1eb7c, \u2103, ASTM D 97<\/strong><\/td>\n<td>-16<\/td>\n<td>-16<\/td>\n<td>-13<\/td>\n<\/tr>\n<tr>\n<td><strong>\u0110i\u1ec3m Ch\u1edbp Ch\u00e1y (COC), \u2103, ASTM D 92<\/strong><\/td>\n<td>228<\/td>\n<td>230<\/td>\n<td>230<\/td>\n<\/tr>\n<tr>\n<td><strong>Kh\u1ed1i L\u01b0\u1ee3ng Ri\u00eang @ 15\u2103, kg\/l, ASTM D 4052<\/strong><\/td>\n<td>0.8417<\/td>\n<td>0.8506<\/td>\n<td>0.8641<\/td>\n<\/tr>\n<\/tbody>\n<\/table>\n<\/div>\n<div><\/div>\n<\/div>\n<p><\/p>","protected":false},"excerpt":{"rendered":"<p style=\"text-align: justify\"><strong>D\u1ea7u Tua-bin Sinopec L-TSA\/LF Long Service Life<\/strong> l\u00e0 m\u1ed9t d\u00f2ng s\u1ea3n ph\u1ea9m d\u1ea7u tua-bin \u0111\u01b0\u1ee3c pha ch\u1ebf t\u1eeb d\u1ea7u g\u1ed1c hydro h\u00f3a ch\u1ea5t l\u01b0\u1ee3ng cao v\u00e0 c\u00e1c ph\u1ee5 gia ch\u1ecdn l\u1ecdc. Kh\u1ea3 n\u0103ng \u1ed5n \u0111\u1ecbnh oxy h\u00f3a tuy\u1ec7t v\u1eddi, gi\u00fap gi\u1ea3m s\u1ef1 h\u00ecnh th\u00e0nh c\u1eb7n b\u00e3 v\u00e0 l\u1eafng \u0111\u1ecdng, cho ph\u00e9p s\u1ea3n ph\u1ea9m n\u00e0y \u0111\u01b0\u1ee3c s\u1eed d\u1ee5ng l\u00e0m d\u1ea7u tua-bin h\u01a1i\/nhi\u1ec7t \u0111\u1ed9 d\u00e0i h\u1ea1n. C\u00f3 s\u1eb5n trong c\u00e1c c\u1ea5p \u0111\u1ed9 nh\u1edbt ISO 32, 46 v\u00e0 68.<\/p>\n","protected":false},"featured_media":27397,"comment_status":"closed","ping_status":"closed","template":"","meta":[],"product_cat":[773,719,753,1262],"product_tag":[1257,1258,1259,1247,1267,1254,1255,1256,1252,1266],"class_list":{"0":"post-28243","1":"product","2":"type-product","3":"status-publish","4":"has-post-thumbnail","6":"product_brand-castrol","7":"product_cat-dau-cong-nghiep-sinopec","8":"product_cat-dau-nhot-sinopec","9":"product_cat-dau-sinopec-turbine","10":"product_cat-dau-tua-bin-tuoi-tho-cao-sinopec-l-tsa-lf","11":"product_tag-dau-boi-tron-tua-bin-hoi","12":"product_tag-dau-boi-tron-tua-bin-khi","13":"product_tag-dau-boi-tron-tua-bin-nuoc","14":"product_tag-dau-chiu-ap-suat-cao","15":"product_tag-dau-chiu-nhiet-do-cao","16":"product_tag-dau-tua-bin-cap-do-32","17":"product_tag-dau-tua-bin-cap-do-46","18":"product_tag-dau-tua-bin-cap-do-68","19":"product_tag-dau-tua-bin-sinopec","20":"product_tag-sinopec-l-tsa-lf-long-service-life-turbine-oil","22":"first","23":"instock","24":"shipping-taxable","25":"product-type-simple"},"yoast_head":"<!-- This site is optimized with the Yoast SEO plugin v27.2 - https:\/\/yoast.com\/product\/yoast-seo-wordpress\/ -->\n<title>D\u1ea7u Tua bin Tu\u1ed5i Th\u1ecd Cao Sinopec L-TSA\/LF 32 - C\u00f4ng Ty TNHH D\u1ea7u Nh\u1eddn T&amp;T Vi\u1ec7t Nam<\/title>\n<meta name=\"robots\" content=\"index, follow, max-snippet:-1, max-image-preview:large, max-video-preview:-1\" \/>\n<link rel=\"canonical\" href=\"https:\/\/tatco.vn\/en\/san-pham\/dau-tua-bin-tuoi-tho-cao-sinopec-l-tsa-lf-32\/\" \/>\n<meta property=\"og:locale\" content=\"vi_VN\" \/>\n<meta property=\"og:type\" content=\"article\" \/>\n<meta property=\"og:title\" content=\"D\u1ea7u Tua bin Tu\u1ed5i Th\u1ecd Cao Sinopec L-TSA\/LF 32 - C\u00f4ng Ty TNHH D\u1ea7u Nh\u1eddn T&amp;T Vi\u1ec7t Nam\" \/>\n<meta property=\"og:url\" content=\"https:\/\/tatco.vn\/en\/san-pham\/dau-tua-bin-tuoi-tho-cao-sinopec-l-tsa-lf-32\/\" \/>\n<meta property=\"og:site_name\" content=\"C\u00f4ng Ty TNHH D\u1ea7u Nh\u1eddn T&amp;T Vi\u1ec7t Nam\" \/>\n<meta property=\"article:modified_time\" content=\"2025-02-14T07:12:19+00:00\" \/>\n<meta property=\"og:image\" content=\"https:\/\/tatco.vn\/wp-content\/uploads\/2021\/06\/Sinopec-oil-product.png\" \/>\n\t<meta property=\"og:image:width\" content=\"1000\" \/>\n\t<meta property=\"og:image:height\" content=\"1000\" \/>\n\t<meta property=\"og:image:type\" content=\"image\/png\" \/>\n<meta name=\"twitter:card\" content=\"summary_large_image\" \/>\n<meta name=\"twitter:label1\" content=\"\u01af\u1edbc t\u00ednh th\u1eddi gian \u0111\u1ecdc\" \/>\n\t<meta name=\"twitter:data1\" content=\"3 ph\u00fat\" \/>\n<script type=\"application\/ld+json\" class=\"yoast-schema-graph\">{\"@context\":\"https:\/\/schema.org\",\"@graph\":[{\"@type\":\"WebPage\",\"@id\":\"https:\/\/tatco.vn\/en\/san-pham\/dau-tua-bin-tuoi-tho-cao-sinopec-l-tsa-lf-32\/\",\"url\":\"https:\/\/tatco.vn\/en\/san-pham\/dau-tua-bin-tuoi-tho-cao-sinopec-l-tsa-lf-32\/\",\"name\":\"D\u1ea7u Tua bin Tu\u1ed5i Th\u1ecd Cao Sinopec L-TSA\/LF 32 - C\u00f4ng Ty TNHH D\u1ea7u Nh\u1eddn T&amp;T Vi\u1ec7t Nam\",\"isPartOf\":{\"@id\":\"https:\/\/tatco.vn\/en\/#website\"},\"primaryImageOfPage\":{\"@id\":\"https:\/\/tatco.vn\/en\/san-pham\/dau-tua-bin-tuoi-tho-cao-sinopec-l-tsa-lf-32\/#primaryimage\"},\"image\":{\"@id\":\"https:\/\/tatco.vn\/en\/san-pham\/dau-tua-bin-tuoi-tho-cao-sinopec-l-tsa-lf-32\/#primaryimage\"},\"thumbnailUrl\":\"https:\/\/tatco.vn\/wp-content\/uploads\/2021\/06\/Sinopec-oil-product.png\",\"datePublished\":\"2025-02-14T07:12:18+00:00\",\"dateModified\":\"2025-02-14T07:12:19+00:00\",\"breadcrumb\":{\"@id\":\"https:\/\/tatco.vn\/en\/san-pham\/dau-tua-bin-tuoi-tho-cao-sinopec-l-tsa-lf-32\/#breadcrumb\"},\"inLanguage\":\"vi\",\"potentialAction\":[{\"@type\":\"ReadAction\",\"target\":[\"https:\/\/tatco.vn\/en\/san-pham\/dau-tua-bin-tuoi-tho-cao-sinopec-l-tsa-lf-32\/\"]}]},{\"@type\":\"ImageObject\",\"inLanguage\":\"vi\",\"@id\":\"https:\/\/tatco.vn\/en\/san-pham\/dau-tua-bin-tuoi-tho-cao-sinopec-l-tsa-lf-32\/#primaryimage\",\"url\":\"https:\/\/tatco.vn\/wp-content\/uploads\/2021\/06\/Sinopec-oil-product.png\",\"contentUrl\":\"https:\/\/tatco.vn\/wp-content\/uploads\/2021\/06\/Sinopec-oil-product.png\",\"width\":1000,\"height\":1000},{\"@type\":\"BreadcrumbList\",\"@id\":\"https:\/\/tatco.vn\/en\/san-pham\/dau-tua-bin-tuoi-tho-cao-sinopec-l-tsa-lf-32\/#breadcrumb\",\"itemListElement\":[{\"@type\":\"ListItem\",\"position\":1,\"name\":\"Home\",\"item\":\"https:\/\/tatco.vn\/\"},{\"@type\":\"ListItem\",\"position\":2,\"name\":\"C\u1eeda h\u00e0ng\",\"item\":\"https:\/\/tatco.vn\/en\/mua\/\"},{\"@type\":\"ListItem\",\"position\":3,\"name\":\"Sinopec Long Service Life Turbine Oil L-TSA\/LF 32\"}]},{\"@type\":\"WebSite\",\"@id\":\"https:\/\/tatco.vn\/en\/#website\",\"url\":\"https:\/\/tatco.vn\/en\/\",\"name\":\"C\u00f4ng Ty TNHH D\u1ea7u Nh\u1eddn T&amp;T Vi\u1ec7t Nam\",\"description\":\"Right Point - Right Time - Best Solution\",\"publisher\":{\"@id\":\"https:\/\/tatco.vn\/en\/#organization\"},\"potentialAction\":[{\"@type\":\"SearchAction\",\"target\":{\"@type\":\"EntryPoint\",\"urlTemplate\":\"https:\/\/tatco.vn\/en\/?s={search_term_string}\"},\"query-input\":{\"@type\":\"PropertyValueSpecification\",\"valueRequired\":true,\"valueName\":\"search_term_string\"}}],\"inLanguage\":\"vi\"},{\"@type\":\"Organization\",\"@id\":\"https:\/\/tatco.vn\/en\/#organization\",\"name\":\"C\u00f4ng Ty TNHH D\u1ea7u Nh\u1eddn T&T Vi\u1ec7t Nam\",\"url\":\"https:\/\/tatco.vn\/en\/\",\"logo\":{\"@type\":\"ImageObject\",\"inLanguage\":\"vi\",\"@id\":\"https:\/\/tatco.vn\/en\/#\/schema\/logo\/image\/\",\"url\":\"https:\/\/tatco.vn\/wp-content\/uploads\/2019\/05\/fav-ico.png\",\"contentUrl\":\"https:\/\/tatco.vn\/wp-content\/uploads\/2019\/05\/fav-ico.png\",\"width\":200,\"height\":200,\"caption\":\"C\u00f4ng Ty TNHH D\u1ea7u Nh\u1eddn T&T Vi\u1ec7t Nam\"},\"image\":{\"@id\":\"https:\/\/tatco.vn\/en\/#\/schema\/logo\/image\/\"}}]}<\/script>\n<!-- \/ Yoast SEO plugin. -->","yoast_head_json":{"title":"D\u1ea7u Tua bin Tu\u1ed5i Th\u1ecd Cao Sinopec L-TSA\/LF 32 - C\u00f4ng Ty TNHH D\u1ea7u Nh\u1eddn T&amp;T Vi\u1ec7t Nam","robots":{"index":"index","follow":"follow","max-snippet":"max-snippet:-1","max-image-preview":"max-image-preview:large","max-video-preview":"max-video-preview:-1"},"canonical":"https:\/\/tatco.vn\/en\/san-pham\/dau-tua-bin-tuoi-tho-cao-sinopec-l-tsa-lf-32\/","og_locale":"vi_VN","og_type":"article","og_title":"D\u1ea7u Tua bin Tu\u1ed5i Th\u1ecd Cao Sinopec L-TSA\/LF 32 - C\u00f4ng Ty TNHH D\u1ea7u Nh\u1eddn T&amp;T Vi\u1ec7t Nam","og_url":"https:\/\/tatco.vn\/en\/san-pham\/dau-tua-bin-tuoi-tho-cao-sinopec-l-tsa-lf-32\/","og_site_name":"C\u00f4ng Ty TNHH D\u1ea7u Nh\u1eddn T&amp;T Vi\u1ec7t Nam","article_modified_time":"2025-02-14T07:12:19+00:00","og_image":[{"width":1000,"height":1000,"url":"https:\/\/tatco.vn\/wp-content\/uploads\/2021\/06\/Sinopec-oil-product.png","type":"image\/png"}],"twitter_card":"summary_large_image","twitter_misc":{"\u01af\u1edbc t\u00ednh th\u1eddi gian \u0111\u1ecdc":"3 ph\u00fat"},"schema":{"@context":"https:\/\/schema.org","@graph":[{"@type":"WebPage","@id":"https:\/\/tatco.vn\/en\/san-pham\/dau-tua-bin-tuoi-tho-cao-sinopec-l-tsa-lf-32\/","url":"https:\/\/tatco.vn\/en\/san-pham\/dau-tua-bin-tuoi-tho-cao-sinopec-l-tsa-lf-32\/","name":"D\u1ea7u Tua bin Tu\u1ed5i Th\u1ecd Cao Sinopec L-TSA\/LF 32 - C\u00f4ng Ty TNHH D\u1ea7u Nh\u1eddn T&amp;T Vi\u1ec7t Nam","isPartOf":{"@id":"https:\/\/tatco.vn\/en\/#website"},"primaryImageOfPage":{"@id":"https:\/\/tatco.vn\/en\/san-pham\/dau-tua-bin-tuoi-tho-cao-sinopec-l-tsa-lf-32\/#primaryimage"},"image":{"@id":"https:\/\/tatco.vn\/en\/san-pham\/dau-tua-bin-tuoi-tho-cao-sinopec-l-tsa-lf-32\/#primaryimage"},"thumbnailUrl":"https:\/\/tatco.vn\/wp-content\/uploads\/2021\/06\/Sinopec-oil-product.png","datePublished":"2025-02-14T07:12:18+00:00","dateModified":"2025-02-14T07:12:19+00:00","breadcrumb":{"@id":"https:\/\/tatco.vn\/en\/san-pham\/dau-tua-bin-tuoi-tho-cao-sinopec-l-tsa-lf-32\/#breadcrumb"},"inLanguage":"vi","potentialAction":[{"@type":"ReadAction","target":["https:\/\/tatco.vn\/en\/san-pham\/dau-tua-bin-tuoi-tho-cao-sinopec-l-tsa-lf-32\/"]}]},{"@type":"ImageObject","inLanguage":"vi","@id":"https:\/\/tatco.vn\/en\/san-pham\/dau-tua-bin-tuoi-tho-cao-sinopec-l-tsa-lf-32\/#primaryimage","url":"https:\/\/tatco.vn\/wp-content\/uploads\/2021\/06\/Sinopec-oil-product.png","contentUrl":"https:\/\/tatco.vn\/wp-content\/uploads\/2021\/06\/Sinopec-oil-product.png","width":1000,"height":1000},{"@type":"BreadcrumbList","@id":"https:\/\/tatco.vn\/en\/san-pham\/dau-tua-bin-tuoi-tho-cao-sinopec-l-tsa-lf-32\/#breadcrumb","itemListElement":[{"@type":"ListItem","position":1,"name":"Home","item":"https:\/\/tatco.vn\/"},{"@type":"ListItem","position":2,"name":"C\u1eeda h\u00e0ng","item":"https:\/\/tatco.vn\/en\/mua\/"},{"@type":"ListItem","position":3,"name":"Sinopec Long Service Life Turbine Oil L-TSA\/LF 32"}]},{"@type":"WebSite","@id":"https:\/\/tatco.vn\/en\/#website","url":"https:\/\/tatco.vn\/en\/","name":"C\u00f4ng Ty TNHH D\u1ea7u Nh\u1eddn T&amp;T Vi\u1ec7t Nam","description":"Right Point - Right Time - Best Solution","publisher":{"@id":"https:\/\/tatco.vn\/en\/#organization"},"potentialAction":[{"@type":"SearchAction","target":{"@type":"EntryPoint","urlTemplate":"https:\/\/tatco.vn\/en\/?s={search_term_string}"},"query-input":{"@type":"PropertyValueSpecification","valueRequired":true,"valueName":"search_term_string"}}],"inLanguage":"vi"},{"@type":"Organization","@id":"https:\/\/tatco.vn\/en\/#organization","name":"C\u00f4ng Ty TNHH D\u1ea7u Nh\u1eddn T&T Vi\u1ec7t Nam","url":"https:\/\/tatco.vn\/en\/","logo":{"@type":"ImageObject","inLanguage":"vi","@id":"https:\/\/tatco.vn\/en\/#\/schema\/logo\/image\/","url":"https:\/\/tatco.vn\/wp-content\/uploads\/2019\/05\/fav-ico.png","contentUrl":"https:\/\/tatco.vn\/wp-content\/uploads\/2019\/05\/fav-ico.png","width":200,"height":200,"caption":"C\u00f4ng Ty TNHH D\u1ea7u Nh\u1eddn T&T Vi\u1ec7t Nam"},"image":{"@id":"https:\/\/tatco.vn\/en\/#\/schema\/logo\/image\/"}}]}},"_links":{"self":[{"href":"https:\/\/tatco.vn\/vi\/wp-json\/wp\/v2\/product\/28243","targetHints":{"allow":["GET"]}}],"collection":[{"href":"https:\/\/tatco.vn\/vi\/wp-json\/wp\/v2\/product"}],"about":[{"href":"https:\/\/tatco.vn\/vi\/wp-json\/wp\/v2\/types\/product"}],"replies":[{"embeddable":true,"href":"https:\/\/tatco.vn\/vi\/wp-json\/wp\/v2\/comments?post=28243"}],"version-history":[{"count":0,"href":"https:\/\/tatco.vn\/vi\/wp-json\/wp\/v2\/product\/28243\/revisions"}],"wp:featuredmedia":[{"embeddable":true,"href":"https:\/\/tatco.vn\/vi\/wp-json\/wp\/v2\/media\/27397"}],"wp:attachment":[{"href":"https:\/\/tatco.vn\/vi\/wp-json\/wp\/v2\/media?parent=28243"}],"wp:term":[{"taxonomy":"product_cat","embeddable":true,"href":"https:\/\/tatco.vn\/vi\/wp-json\/wp\/v2\/product_cat?post=28243"},{"taxonomy":"product_tag","embeddable":true,"href":"https:\/\/tatco.vn\/vi\/wp-json\/wp\/v2\/product_tag?post=28243"}],"curies":[{"name":"wp","href":"https:\/\/api.w.org\/{rel}","templated":true}]}}