{"id":28214,"date":"2025-02-13T16:32:07","date_gmt":"2025-02-13T09:32:07","guid":{"rendered":"https:\/\/tatco.vn\/vi\/?post_type=product&#038;p=28214"},"modified":"2025-02-13T16:33:16","modified_gmt":"2025-02-13T09:33:16","slug":"dau-may-nen-khi-sinopec-l-dah-32","status":"publish","type":"product","link":"https:\/\/tatco.vn\/vi\/san-pham\/dau-may-nen-khi-sinopec-l-dah-32\/","title":{"rendered":"D\u1ea7u M\u00e1y N\u00e9n Kh\u00ed Sinopec L-DAH 32"},"content":{"rendered":"<p><\/p>\n<p style=\"text-align: justify\"><strong>D\u1ea7u M\u00e1y N\u00e9n Kh\u00ed Sinopec L-DAH Oil Injection Rotary Air Compressor Oil<\/strong> l\u00e0 d\u1ea7u b\u00f4i tr\u01a1n \u0111\u01b0\u1ee3c pha ch\u1ebf t\u1eeb d\u1ea7u g\u1ed1c hydro h\u00f3a v\u00e0 c\u00e1c ph\u1ee5 gia \u0111a ch\u1ee9c n\u0103ng. N\u00f3 ph\u00f9 h\u1ee3p cho vi\u1ec7c b\u00f4i tr\u01a1n c\u00e1c m\u00e1y n\u00e9n kh\u00ed d\u1ea7u phun lo\u1ea1i trung b\u00ecnh (tr\u1ee5c v\u00edt v\u00e0 c\u00e1nh tr\u01b0\u1ee3t). S\u1ea3n ph\u1ea9m n\u00e0y c\u00f3 nhi\u1ec1u c\u1ea5p \u0111\u1ed9 nh\u01b0 ISO 32, 37, 46 v\u00e0 68 d\u1ef1a tr\u00ean \u0111\u1ed9 nh\u1edbt \u0111\u1ed9ng h\u1ecdc t\u1ea1i 40\u2103.<\/p>\n<h3 style=\"text-align: justify\">\u1ee8ng D\u1ee5ng:<\/h3>\n<p style=\"text-align: justify\"><strong>D\u1ea7u M\u00e1y N\u00e9n Kh\u00ed Sinopec L-DAH Oil Injection Rotary Air Compressor Oil<\/strong> ph\u00f9 h\u1ee3p \u0111\u1ec3 s\u1eed d\u1ee5ng trong:<\/p>\n<ul style=\"text-align: justify\">\n<li>B\u00f4i tr\u01a1n m\u00e1y n\u00e9n kh\u00ed lo\u1ea1i tr\u1ee5c v\u00edt v\u00e0 c\u00e1nh tr\u01b0\u1ee3t trong \u0111i\u1ec1u ki\u1ec7n nhi\u1ec7t \u0111\u1ed9 x\u1ea3 d\u01b0\u1edbi 100\u2103 v\u00e0 \u00e1p su\u1ea5t l\u00e0m vi\u1ec7c t\u1eeb 800 kPa \u0111\u1ebfn 1500 kPa, ho\u1eb7c nhi\u1ec7t \u0111\u1ed9 x\u1ea3 t\u1eeb 100\u2103 \u0111\u1ebfn 110\u2103 v\u00e0 \u00e1p su\u1ea5t l\u00e0m vi\u1ec7c 800 kPa.<\/li>\n<\/ul>\n<h3 style=\"text-align: justify\">\u0110\u1eb7c \u0110i\u1ec3m v\u00e0 L\u1ee3i \u00cdch:<\/h3>\n<ul>\n<li style=\"text-align: justify\">\u1ed4n \u0111\u1ecbnh ch\u1ed1ng oxy h\u00f3a xu\u1ea5t s\u1eafc: \u0110\u1ea3m b\u1ea3o tu\u1ed5i th\u1ecd d\u1ecbch v\u1ee5 r\u1ea5t d\u00e0i.<\/li>\n<li style=\"text-align: justify\">Hi\u1ec7u su\u1ea5t t\u00e1ch d\u1ea7u-n\u01b0\u1edbc tuy\u1ec7t v\u1eddi.<\/li>\n<li style=\"text-align: justify\">Hi\u1ec7u su\u1ea5t ch\u1ed1ng m\u00e0i m\u00f2n xu\u1ea5t s\u1eafc.<\/li>\n<li>\n<p style=\"text-align: justify\">Hi\u1ec7u su\u1ea5t ch\u1ed1ng g\u1ec9 t\u1ed1t.<\/p>\n<\/li>\n<\/ul>\n<h3>Th\u00f4ng S\u1ed1 K\u1ef9 Thu\u1eadt:<\/h3>\n<div>\n<div>\n<div class=\"table-responsive\">\n<table class=\"table table-striped\">\n<thead>\n<tr>\n<th><strong>Th\u00f4ng S\u1ed1<\/strong><\/th>\n<th><strong>32<\/strong><\/th>\n<th><strong>37<\/strong><\/th>\n<th><strong>46<\/strong><\/th>\n<th><strong>68<\/strong><\/th>\n<\/tr>\n<\/thead>\n<tbody>\n<tr>\n<td><strong>\u0110\u1ed9 Nh\u1edbt \u0110\u1ed9ng H\u1ecdc, ASTM D445<\/strong><\/td>\n<td>&#8211;<\/td>\n<td>&#8211;<\/td>\n<td>&#8211;<\/td>\n<td>&#8211;<\/td>\n<\/tr>\n<tr>\n<td><strong>cSt @ 40\u2103<\/strong><\/td>\n<td>31.82<\/td>\n<td>37.15<\/td>\n<td>46.06<\/td>\n<td>68.00<\/td>\n<\/tr>\n<tr>\n<td><strong>cSt @ 100\u2103<\/strong><\/td>\n<td>5.872<\/td>\n<td>6.563<\/td>\n<td>7.572<\/td>\n<td>9.21<\/td>\n<\/tr>\n<tr>\n<td><strong>Ch\u1ec9 S\u1ed1 \u0110\u1ed9 Nh\u1edbt, ASTM D 2270<\/strong><\/td>\n<td>130<\/td>\n<td>132<\/td>\n<td>131<\/td>\n<td>111<\/td>\n<\/tr>\n<tr>\n<td><strong>\u0110\u1ed9 Bay H\u01a1i NOACK, 1 gi\u1edd @ 250\u2103, wt%, ASTM D 5800<\/strong><\/td>\n<td>6.2<\/td>\n<td>7.2<\/td>\n<td>4.5<\/td>\n<td>3.0<\/td>\n<\/tr>\n<tr>\n<td><strong>\u0110\u1eb7c T\u00ednh T\u1ea1o B\u1ecdt, Sequence 1, ASTM D 892<\/strong><\/td>\n<td>10\/0<\/td>\n<td>5\/0<\/td>\n<td>15\/0<\/td>\n<td>5\/0<\/td>\n<\/tr>\n<tr>\n<td><strong>Ph\u00f2ng Ng\u1eeba G\u1ec9, ASTM D 665<\/strong><\/td>\n<td>&#8211;<\/td>\n<td>&#8211;<\/td>\n<td>&#8211;<\/td>\n<td>&#8211;<\/td>\n<\/tr>\n<tr>\n<td><strong>N\u01b0\u1edbc C\u1ea5t<\/strong><\/td>\n<td>Pass<\/td>\n<td>Pass<\/td>\n<td>Pass<\/td>\n<td>Pass<\/td>\n<\/tr>\n<tr>\n<td><strong>\u0102n M\u00f2n \u0110\u1ed3ng, 3 gi\u1edd @ 100\u2103, ASTM D130<\/strong><\/td>\n<td>1b<\/td>\n<td>1b<\/td>\n<td>1b<\/td>\n<td>1b<\/td>\n<\/tr>\n<tr>\n<td><strong>Kh\u1ea3 N\u0103ng T\u00e1ch N\u01b0\u1edbc, th\u1eddi gian \u0111\u1ebfn 40\/37\/3 @ 54\u2103, ph\u00fat, ASTM D 1401<\/strong><\/td>\n<td>8<\/td>\n<td>10<\/td>\n<td>10<\/td>\n<td>10<\/td>\n<\/tr>\n<tr>\n<td><strong>\u1ed4n \u0110\u1ecbnh Oxy H\u00f3a, th\u1eddi gian \u0111\u1ebfn 2 mg KOH\/g, gi\u1edd, ASTM D 943<\/strong><\/td>\n<td>&gt;4000<\/td>\n<td>&gt;4000<\/td>\n<td>&gt;4000<\/td>\n<td>&gt;4000<\/td>\n<\/tr>\n<tr>\n<td><strong>\u0110i\u1ec3m \u0110\u00f4ng \u0110\u1eb7c, \u2103, ASTM D 97<\/strong><\/td>\n<td>-18<\/td>\n<td>-18<\/td>\n<td>-18<\/td>\n<td>-18<\/td>\n<\/tr>\n<tr>\n<td><strong>\u0110i\u1ec3m Ch\u1edbp Ch\u00e1y (COC), \u2103, ASTM D 92<\/strong><\/td>\n<td>240<\/td>\n<td>250<\/td>\n<td>252<\/td>\n<td>256<\/td>\n<\/tr>\n<tr>\n<td><strong>Kh\u1ed1i L\u01b0\u1ee3ng Ri\u00eang @ 20\u2103, kg\/l, ASTM D 4052<\/strong><\/td>\n<td>0.840<\/td>\n<td>0.841<\/td>\n<td>0.845<\/td>\n<td>0.861<\/td>\n<\/tr>\n<\/tbody>\n<\/table>\n<\/div>\n<div><\/div>\n<\/div>\n<\/div>\n<p><\/p>","protected":false},"excerpt":{"rendered":"<p style=\"text-align: justify\"><strong>D\u1ea7u M\u00e1y N\u00e9n Kh\u00ed Sinopec L-DAH Oil Injection Rotary Air Compressor Oil<\/strong> l\u00e0 d\u1ea7u b\u00f4i tr\u01a1n \u0111\u01b0\u1ee3c pha ch\u1ebf t\u1eeb d\u1ea7u g\u1ed1c hydro h\u00f3a v\u00e0 c\u00e1c ph\u1ee5 gia \u0111a ch\u1ee9c n\u0103ng. N\u00f3 ph\u00f9 h\u1ee3p cho vi\u1ec7c b\u00f4i tr\u01a1n c\u00e1c m\u00e1y n\u00e9n kh\u00ed d\u1ea7u phun lo\u1ea1i trung b\u00ecnh (tr\u1ee5c v\u00edt v\u00e0 c\u00e1nh tr\u01b0\u1ee3t). S\u1ea3n ph\u1ea9m n\u00e0y c\u00f3 nhi\u1ec1u c\u1ea5p \u0111\u1ed9 nh\u01b0 ISO 32, 37, 46 v\u00e0 68 d\u1ef1a tr\u00ean \u0111\u1ed9 nh\u1edbt \u0111\u1ed9ng h\u1ecdc t\u1ea1i 40\u2103.<\/p>\n","protected":false},"featured_media":27397,"comment_status":"closed","ping_status":"closed","template":"","meta":[],"product_cat":[1146,1242,719],"product_tag":[1229,981,1245,1234,1249,1235,1236,1223,1250,1248],"class_list":{"0":"post-28214","1":"product","2":"type-product","3":"status-publish","4":"has-post-thumbnail","6":"product_brand-sinopec","7":"product_cat-dau-may-nen-khi-sinopec","8":"product_cat-dau-may-nen-khi-sinopec-l-dah","9":"product_cat-dau-nhot-sinopec","10":"product_tag-dau-boi-tron-may-nen-khi","11":"product_tag-dau-chong-mai-mon","12":"product_tag-dau-chong-oxy-hoa","13":"product_tag-dau-may-nen-khi-cap-do-32","14":"product_tag-dau-may-nen-khi-cap-do-37","15":"product_tag-dau-may-nen-khi-cap-do-46","16":"product_tag-dau-may-nen-khi-cap-do-68","17":"product_tag-dau-may-nen-khi-sinopec","18":"product_tag-dau-nen-khi-trung-binh","19":"product_tag-sinopec-l-dah-rotary-compressor-oil","21":"first","22":"instock","23":"shipping-taxable","24":"product-type-simple"},"yoast_head":"<!-- This site is optimized with the Yoast SEO plugin v27.2 - https:\/\/yoast.com\/product\/yoast-seo-wordpress\/ -->\n<title>D\u1ea7u M\u00e1y N\u00e9n Kh\u00ed Sinopec L-DAH 32 - C\u00f4ng Ty TNHH D\u1ea7u Nh\u1eddn T&amp;T Vi\u1ec7t Nam<\/title>\n<meta name=\"robots\" content=\"index, follow, max-snippet:-1, max-image-preview:large, max-video-preview:-1\" \/>\n<link rel=\"canonical\" href=\"https:\/\/tatco.vn\/vi\/san-pham\/dau-may-nen-khi-sinopec-l-dah-32\/\" \/>\n<meta property=\"og:locale\" content=\"vi_VN\" \/>\n<meta property=\"og:type\" content=\"article\" \/>\n<meta property=\"og:title\" content=\"D\u1ea7u M\u00e1y N\u00e9n Kh\u00ed Sinopec L-DAH 32 - C\u00f4ng Ty TNHH D\u1ea7u Nh\u1eddn T&amp;T Vi\u1ec7t Nam\" \/>\n<meta property=\"og:url\" content=\"https:\/\/tatco.vn\/vi\/san-pham\/dau-may-nen-khi-sinopec-l-dah-32\/\" \/>\n<meta property=\"og:site_name\" content=\"C\u00f4ng Ty TNHH D\u1ea7u Nh\u1eddn T&amp;T Vi\u1ec7t Nam\" \/>\n<meta property=\"article:modified_time\" content=\"2025-02-13T09:33:16+00:00\" \/>\n<meta property=\"og:image\" content=\"https:\/\/tatco.vn\/wp-content\/uploads\/2021\/06\/Sinopec-oil-product.png\" \/>\n\t<meta property=\"og:image:width\" content=\"1000\" \/>\n\t<meta property=\"og:image:height\" content=\"1000\" \/>\n\t<meta property=\"og:image:type\" content=\"image\/png\" \/>\n<meta name=\"twitter:card\" content=\"summary_large_image\" \/>\n<meta name=\"twitter:label1\" content=\"\u01af\u1edbc t\u00ednh th\u1eddi gian \u0111\u1ecdc\" \/>\n\t<meta name=\"twitter:data1\" content=\"2 ph\u00fat\" \/>\n<script type=\"application\/ld+json\" class=\"yoast-schema-graph\">{\"@context\":\"https:\/\/schema.org\",\"@graph\":[{\"@type\":\"WebPage\",\"@id\":\"https:\/\/tatco.vn\/vi\/san-pham\/dau-may-nen-khi-sinopec-l-dah-32\/\",\"url\":\"https:\/\/tatco.vn\/vi\/san-pham\/dau-may-nen-khi-sinopec-l-dah-32\/\",\"name\":\"D\u1ea7u M\u00e1y N\u00e9n Kh\u00ed Sinopec L-DAH 32 - C\u00f4ng Ty TNHH D\u1ea7u Nh\u1eddn T&amp;T Vi\u1ec7t Nam\",\"isPartOf\":{\"@id\":\"https:\/\/tatco.vn\/en\/#website\"},\"primaryImageOfPage\":{\"@id\":\"https:\/\/tatco.vn\/vi\/san-pham\/dau-may-nen-khi-sinopec-l-dah-32\/#primaryimage\"},\"image\":{\"@id\":\"https:\/\/tatco.vn\/vi\/san-pham\/dau-may-nen-khi-sinopec-l-dah-32\/#primaryimage\"},\"thumbnailUrl\":\"https:\/\/tatco.vn\/wp-content\/uploads\/2021\/06\/Sinopec-oil-product.png\",\"datePublished\":\"2025-02-13T09:32:07+00:00\",\"dateModified\":\"2025-02-13T09:33:16+00:00\",\"breadcrumb\":{\"@id\":\"https:\/\/tatco.vn\/vi\/san-pham\/dau-may-nen-khi-sinopec-l-dah-32\/#breadcrumb\"},\"inLanguage\":\"vi\",\"potentialAction\":[{\"@type\":\"ReadAction\",\"target\":[\"https:\/\/tatco.vn\/vi\/san-pham\/dau-may-nen-khi-sinopec-l-dah-32\/\"]}]},{\"@type\":\"ImageObject\",\"inLanguage\":\"vi\",\"@id\":\"https:\/\/tatco.vn\/vi\/san-pham\/dau-may-nen-khi-sinopec-l-dah-32\/#primaryimage\",\"url\":\"https:\/\/tatco.vn\/wp-content\/uploads\/2021\/06\/Sinopec-oil-product.png\",\"contentUrl\":\"https:\/\/tatco.vn\/wp-content\/uploads\/2021\/06\/Sinopec-oil-product.png\",\"width\":1000,\"height\":1000},{\"@type\":\"BreadcrumbList\",\"@id\":\"https:\/\/tatco.vn\/vi\/san-pham\/dau-may-nen-khi-sinopec-l-dah-32\/#breadcrumb\",\"itemListElement\":[{\"@type\":\"ListItem\",\"position\":1,\"name\":\"Home\",\"item\":\"https:\/\/tatco.vn\/\"},{\"@type\":\"ListItem\",\"position\":2,\"name\":\"C\u1eeda h\u00e0ng\",\"item\":\"https:\/\/tatco.vn\/en\/mua\/\"},{\"@type\":\"ListItem\",\"position\":3,\"name\":\"D\u1ea7u M\u00e1y N\u00e9n Kh\u00ed Sinopec L-DAH 32\"}]},{\"@type\":\"WebSite\",\"@id\":\"https:\/\/tatco.vn\/en\/#website\",\"url\":\"https:\/\/tatco.vn\/en\/\",\"name\":\"C\u00f4ng Ty TNHH D\u1ea7u Nh\u1eddn T&amp;T Vi\u1ec7t Nam\",\"description\":\"Right Point - Right Time - Best Solution\",\"publisher\":{\"@id\":\"https:\/\/tatco.vn\/en\/#organization\"},\"potentialAction\":[{\"@type\":\"SearchAction\",\"target\":{\"@type\":\"EntryPoint\",\"urlTemplate\":\"https:\/\/tatco.vn\/en\/?s={search_term_string}\"},\"query-input\":{\"@type\":\"PropertyValueSpecification\",\"valueRequired\":true,\"valueName\":\"search_term_string\"}}],\"inLanguage\":\"vi\"},{\"@type\":\"Organization\",\"@id\":\"https:\/\/tatco.vn\/en\/#organization\",\"name\":\"C\u00f4ng Ty TNHH D\u1ea7u Nh\u1eddn T&T Vi\u1ec7t Nam\",\"url\":\"https:\/\/tatco.vn\/en\/\",\"logo\":{\"@type\":\"ImageObject\",\"inLanguage\":\"vi\",\"@id\":\"https:\/\/tatco.vn\/en\/#\/schema\/logo\/image\/\",\"url\":\"https:\/\/tatco.vn\/wp-content\/uploads\/2019\/05\/fav-ico.png\",\"contentUrl\":\"https:\/\/tatco.vn\/wp-content\/uploads\/2019\/05\/fav-ico.png\",\"width\":200,\"height\":200,\"caption\":\"C\u00f4ng Ty TNHH D\u1ea7u Nh\u1eddn T&T Vi\u1ec7t Nam\"},\"image\":{\"@id\":\"https:\/\/tatco.vn\/en\/#\/schema\/logo\/image\/\"}}]}<\/script>\n<!-- \/ Yoast SEO plugin. -->","yoast_head_json":{"title":"D\u1ea7u M\u00e1y N\u00e9n Kh\u00ed Sinopec L-DAH 32 - C\u00f4ng Ty TNHH D\u1ea7u Nh\u1eddn T&amp;T Vi\u1ec7t Nam","robots":{"index":"index","follow":"follow","max-snippet":"max-snippet:-1","max-image-preview":"max-image-preview:large","max-video-preview":"max-video-preview:-1"},"canonical":"https:\/\/tatco.vn\/vi\/san-pham\/dau-may-nen-khi-sinopec-l-dah-32\/","og_locale":"vi_VN","og_type":"article","og_title":"D\u1ea7u M\u00e1y N\u00e9n Kh\u00ed Sinopec L-DAH 32 - C\u00f4ng Ty TNHH D\u1ea7u Nh\u1eddn T&amp;T Vi\u1ec7t Nam","og_url":"https:\/\/tatco.vn\/vi\/san-pham\/dau-may-nen-khi-sinopec-l-dah-32\/","og_site_name":"C\u00f4ng Ty TNHH D\u1ea7u Nh\u1eddn T&amp;T Vi\u1ec7t Nam","article_modified_time":"2025-02-13T09:33:16+00:00","og_image":[{"width":1000,"height":1000,"url":"https:\/\/tatco.vn\/wp-content\/uploads\/2021\/06\/Sinopec-oil-product.png","type":"image\/png"}],"twitter_card":"summary_large_image","twitter_misc":{"\u01af\u1edbc t\u00ednh th\u1eddi gian \u0111\u1ecdc":"2 ph\u00fat"},"schema":{"@context":"https:\/\/schema.org","@graph":[{"@type":"WebPage","@id":"https:\/\/tatco.vn\/vi\/san-pham\/dau-may-nen-khi-sinopec-l-dah-32\/","url":"https:\/\/tatco.vn\/vi\/san-pham\/dau-may-nen-khi-sinopec-l-dah-32\/","name":"D\u1ea7u M\u00e1y N\u00e9n Kh\u00ed Sinopec L-DAH 32 - C\u00f4ng Ty TNHH D\u1ea7u Nh\u1eddn T&amp;T Vi\u1ec7t Nam","isPartOf":{"@id":"https:\/\/tatco.vn\/en\/#website"},"primaryImageOfPage":{"@id":"https:\/\/tatco.vn\/vi\/san-pham\/dau-may-nen-khi-sinopec-l-dah-32\/#primaryimage"},"image":{"@id":"https:\/\/tatco.vn\/vi\/san-pham\/dau-may-nen-khi-sinopec-l-dah-32\/#primaryimage"},"thumbnailUrl":"https:\/\/tatco.vn\/wp-content\/uploads\/2021\/06\/Sinopec-oil-product.png","datePublished":"2025-02-13T09:32:07+00:00","dateModified":"2025-02-13T09:33:16+00:00","breadcrumb":{"@id":"https:\/\/tatco.vn\/vi\/san-pham\/dau-may-nen-khi-sinopec-l-dah-32\/#breadcrumb"},"inLanguage":"vi","potentialAction":[{"@type":"ReadAction","target":["https:\/\/tatco.vn\/vi\/san-pham\/dau-may-nen-khi-sinopec-l-dah-32\/"]}]},{"@type":"ImageObject","inLanguage":"vi","@id":"https:\/\/tatco.vn\/vi\/san-pham\/dau-may-nen-khi-sinopec-l-dah-32\/#primaryimage","url":"https:\/\/tatco.vn\/wp-content\/uploads\/2021\/06\/Sinopec-oil-product.png","contentUrl":"https:\/\/tatco.vn\/wp-content\/uploads\/2021\/06\/Sinopec-oil-product.png","width":1000,"height":1000},{"@type":"BreadcrumbList","@id":"https:\/\/tatco.vn\/vi\/san-pham\/dau-may-nen-khi-sinopec-l-dah-32\/#breadcrumb","itemListElement":[{"@type":"ListItem","position":1,"name":"Home","item":"https:\/\/tatco.vn\/"},{"@type":"ListItem","position":2,"name":"C\u1eeda h\u00e0ng","item":"https:\/\/tatco.vn\/en\/mua\/"},{"@type":"ListItem","position":3,"name":"D\u1ea7u M\u00e1y N\u00e9n Kh\u00ed Sinopec L-DAH 32"}]},{"@type":"WebSite","@id":"https:\/\/tatco.vn\/en\/#website","url":"https:\/\/tatco.vn\/en\/","name":"C\u00f4ng Ty TNHH D\u1ea7u Nh\u1eddn T&amp;T Vi\u1ec7t Nam","description":"Right Point - Right Time - Best Solution","publisher":{"@id":"https:\/\/tatco.vn\/en\/#organization"},"potentialAction":[{"@type":"SearchAction","target":{"@type":"EntryPoint","urlTemplate":"https:\/\/tatco.vn\/en\/?s={search_term_string}"},"query-input":{"@type":"PropertyValueSpecification","valueRequired":true,"valueName":"search_term_string"}}],"inLanguage":"vi"},{"@type":"Organization","@id":"https:\/\/tatco.vn\/en\/#organization","name":"C\u00f4ng Ty TNHH D\u1ea7u Nh\u1eddn T&T Vi\u1ec7t Nam","url":"https:\/\/tatco.vn\/en\/","logo":{"@type":"ImageObject","inLanguage":"vi","@id":"https:\/\/tatco.vn\/en\/#\/schema\/logo\/image\/","url":"https:\/\/tatco.vn\/wp-content\/uploads\/2019\/05\/fav-ico.png","contentUrl":"https:\/\/tatco.vn\/wp-content\/uploads\/2019\/05\/fav-ico.png","width":200,"height":200,"caption":"C\u00f4ng Ty TNHH D\u1ea7u Nh\u1eddn T&T Vi\u1ec7t Nam"},"image":{"@id":"https:\/\/tatco.vn\/en\/#\/schema\/logo\/image\/"}}]}},"_links":{"self":[{"href":"https:\/\/tatco.vn\/vi\/wp-json\/wp\/v2\/product\/28214","targetHints":{"allow":["GET"]}}],"collection":[{"href":"https:\/\/tatco.vn\/vi\/wp-json\/wp\/v2\/product"}],"about":[{"href":"https:\/\/tatco.vn\/vi\/wp-json\/wp\/v2\/types\/product"}],"replies":[{"embeddable":true,"href":"https:\/\/tatco.vn\/vi\/wp-json\/wp\/v2\/comments?post=28214"}],"version-history":[{"count":0,"href":"https:\/\/tatco.vn\/vi\/wp-json\/wp\/v2\/product\/28214\/revisions"}],"wp:featuredmedia":[{"embeddable":true,"href":"https:\/\/tatco.vn\/vi\/wp-json\/wp\/v2\/media\/27397"}],"wp:attachment":[{"href":"https:\/\/tatco.vn\/vi\/wp-json\/wp\/v2\/media?parent=28214"}],"wp:term":[{"taxonomy":"product_cat","embeddable":true,"href":"https:\/\/tatco.vn\/vi\/wp-json\/wp\/v2\/product_cat?post=28214"},{"taxonomy":"product_tag","embeddable":true,"href":"https:\/\/tatco.vn\/vi\/wp-json\/wp\/v2\/product_tag?post=28214"}],"curies":[{"name":"wp","href":"https:\/\/api.w.org\/{rel}","templated":true}]}}