{"id":28186,"date":"2025-02-13T15:17:15","date_gmt":"2025-02-13T08:17:15","guid":{"rendered":"https:\/\/tatco.vn\/vi\/?post_type=product&#038;p=28186"},"modified":"2025-02-13T15:17:59","modified_gmt":"2025-02-13T08:17:59","slug":"dau-may-nen-khi-sinopec-l-daa-150","status":"publish","type":"product","link":"https:\/\/tatco.vn\/vi\/san-pham\/dau-may-nen-khi-sinopec-l-daa\/","title":{"rendered":"D\u1ea7u m\u00e1y n\u00e9n kh\u00ed Sinopec L-DAA 150"},"content":{"rendered":"<p><\/p>\n<p style=\"text-align: justify\"><strong>D\u1ea7u m\u00e1y n\u00e9n kh\u00ed Sinopec L-DAA<\/strong> l\u00e0 d\u1ea7u b\u00f4i tr\u01a1n \u0111\u01b0\u1ee3c pha ch\u1ebf t\u1eeb d\u1ea7u g\u1ed1c kho\u00e1ng \u0111\u01b0\u1ee3c tinh ch\u1ebf cao v\u00e0 c\u00e1c ph\u1ee5 gia \u0111\u01b0\u1ee3c l\u1ef1a ch\u1ecdn k\u1ef9 l\u01b0\u1ee1ng, ph\u00f9 h\u1ee3p cho vi\u1ec7c b\u00f4i tr\u01a1n c\u00e1c m\u00e1y n\u00e9n kh\u00ed pitt\u00f4ng lo\u1ea1i nh\u1eb9. S\u1ea3n ph\u1ea9m n\u00e0y c\u00f3 nhi\u1ec1u c\u1ea5p \u0111\u1ed9 nh\u01b0 100, 125, 150 v\u00e0 220 d\u1ef1a tr\u00ean \u0111\u1ed9 nh\u1edbt \u0111\u1ed9ng h\u1ecdc t\u1ea1i 40\u2103.<\/p>\n<h3 style=\"text-align: justify\">\u1ee8ng D\u1ee5ng:<\/h3>\n<p style=\"text-align: justify\"><strong>D\u1ea7u m\u00e1y n\u00e9n kh\u00ed Sinopec L-DAA<\/strong> ph\u00f9 h\u1ee3p \u0111\u1ec3 s\u1eed d\u1ee5ng trong:<\/p>\n<ul style=\"text-align: justify\">\n<li>B\u00f4i tr\u01a1n cho c\u00e1c m\u00e1y n\u00e9n kh\u00ed pitt\u00f4ng lo\u1ea1i nh\u1eb9.<\/li>\n<\/ul>\n<h3 style=\"text-align: justify\">\u0110\u1eb7c \u0110i\u1ec3m v\u00e0 L\u1ee3i \u00cdch:<\/h3>\n<ul>\n<li style=\"text-align: justify\">Ch\u01b0ng c\u1ea5t h\u1eb9p, \u0111\u1ed9 bay h\u01a1i th\u1ea5p v\u00e0 \u0111i\u1ec3m ch\u1edbp ch\u00e1y t\u01b0\u01a1ng \u0111\u1ed1i cao.<\/li>\n<li style=\"text-align: justify\">\u1ed4n \u0111\u1ecbnh nhi\u1ec7t-oxy h\u00f3a t\u1ed1t, kh\u00f4ng d\u1ec5 t\u1ea1o th\u00e0nh c\u1eb7n carbon trong \u0111i\u1ec1u ki\u1ec7n nhi\u1ec7t \u0111\u1ed9 cao.<\/li>\n<li>\n<p style=\"text-align: justify\">T\u00ednh n\u0103ng ch\u1ed1ng g\u1ec9 v\u00e0 ch\u1ed1ng \u0103n m\u00f2n t\u1ed1t, ng\u0103n ng\u1eeba xi-lanh v\u00e0 van x\u1ea3 b\u1ecb \u0103n m\u00f2n v\u00e0 g\u1ec9.<\/p>\n<\/li>\n<\/ul>\n<h3>D\u1eef Li\u1ec7u \u0110i\u1ec3n H\u00ecnh v\u1ec1 D\u1ea7u M\u00e1y N\u00e9n Kh\u00ed Sinopec L-DAA<\/h3>\n<div>\n<div>\n<div class=\"table-responsive\">\n<table class=\"table table-striped\">\n<thead>\n<tr>\n<th><strong>Th\u00f4ng S\u1ed1<\/strong><\/th>\n<th><strong>100<\/strong><\/th>\n<th><strong>125<\/strong><\/th>\n<th><strong>150<\/strong><\/th>\n<th><strong>220<\/strong><\/th>\n<\/tr>\n<\/thead>\n<tbody>\n<tr>\n<td><strong>\u0110\u1ed9 Nh\u1edbt \u0110\u1ed9ng H\u1ecdc, ASTM D445<\/strong><\/td>\n<td><\/td>\n<td><\/td>\n<td><\/td>\n<td><\/td>\n<\/tr>\n<tr>\n<td><strong>cSt @ 40\u2103<\/strong><\/td>\n<td>99.06<\/td>\n<td>124.6<\/td>\n<td>149.0<\/td>\n<td>220.0<\/td>\n<\/tr>\n<tr>\n<td><strong>cSt @ 100\u2103<\/strong><\/td>\n<td>11.26<\/td>\n<td>12.7<\/td>\n<td>14.38<\/td>\n<td>18.60<\/td>\n<\/tr>\n<tr>\n<td><strong>Ch\u1ec9 S\u1ed1 \u0110\u1ed9 Nh\u1edbt, ASTM D2270<\/strong><\/td>\n<td>94<\/td>\n<td>94<\/td>\n<td>94<\/td>\n<td>94<\/td>\n<\/tr>\n<tr>\n<td><strong>S\u1ed1 L\u01b0\u1ee3ng Trung H\u00f2a, mg KOH\/g, ASTM D664<\/strong><\/td>\n<td>0.17<\/td>\n<td>&#8211;<\/td>\n<td>0.09<\/td>\n<td>0.07<\/td>\n<\/tr>\n<tr>\n<td><strong>\u0102n M\u00f2n \u0110\u1ed3ng, 3 gi\u1edd @ 100\u2103, ASTM D130<\/strong><\/td>\n<td>1b<\/td>\n<td>1b<\/td>\n<td>1b<\/td>\n<td>1b<\/td>\n<\/tr>\n<tr>\n<td><strong>\u0110i\u1ec3m \u0110\u00f4ng \u0110\u1eb7c, \u2103, ASTM D97<\/strong><\/td>\n<td>-18<\/td>\n<td>-18<\/td>\n<td>-12<\/td>\n<td>-9<\/td>\n<\/tr>\n<tr>\n<td><strong>\u0110i\u1ec3m Ch\u1edbp Ch\u00e1y (COC), \u2103, ASTM D92<\/strong><\/td>\n<td>254<\/td>\n<td>263<\/td>\n<td>270<\/td>\n<td>276<\/td>\n<\/tr>\n<tr>\n<td><strong>Kh\u1ed1i L\u01b0\u1ee3ng Ri\u00eang @ 20\u2103, kg\/l, ASTM D4052<\/strong><\/td>\n<td>0.880<\/td>\n<td>0.881<\/td>\n<td>0.886<\/td>\n<td>0.889<\/td>\n<\/tr>\n<\/tbody>\n<\/table>\n<\/div>\n<div><\/div>\n<\/div>\n<\/div>\n<p><\/p>","protected":false},"excerpt":{"rendered":"<p style=\"text-align: justify\"><strong>D\u1ea7u m\u00e1y n\u00e9n kh\u00ed Sinopec L-DAA<\/strong> l\u00e0 d\u1ea7u b\u00f4i tr\u01a1n \u0111\u01b0\u1ee3c pha ch\u1ebf t\u1eeb d\u1ea7u g\u1ed1c kho\u00e1ng \u0111\u01b0\u1ee3c tinh ch\u1ebf cao v\u00e0 c\u00e1c ph\u1ee5 gia \u0111\u01b0\u1ee3c l\u1ef1a ch\u1ecdn k\u1ef9 l\u01b0\u1ee1ng, ph\u00f9 h\u1ee3p cho vi\u1ec7c b\u00f4i tr\u01a1n c\u00e1c m\u00e1y n\u00e9n kh\u00ed pitt\u00f4ng lo\u1ea1i nh\u1eb9. S\u1ea3n ph\u1ea9m n\u00e0y c\u00f3 nhi\u1ec1u c\u1ea5p \u0111\u1ed9 nh\u01b0 100, 125, 150 v\u00e0 220 d\u1ef1a tr\u00ean \u0111\u1ed9 nh\u1edbt \u0111\u1ed9ng h\u1ecdc t\u1ea1i 40\u2103.<\/p>\n","protected":false},"featured_media":27397,"comment_status":"closed","ping_status":"closed","template":"","meta":[],"product_cat":[773,1146,1221,719],"product_tag":[1229,1232,1225,1226,1227,1228,1223,1230,1231,1224],"class_list":{"0":"post-28186","1":"product","2":"type-product","3":"status-publish","4":"has-post-thumbnail","6":"product_brand-sinopec","7":"product_cat-dau-cong-nghiep-sinopec","8":"product_cat-dau-may-nen-khi-sinopec","9":"product_cat-dau-may-nen-khi-sinopec-l-daa","10":"product_cat-dau-nhot-sinopec","11":"product_tag-dau-boi-tron-may-nen-khi","12":"product_tag-dau-chiu-nhiet-do-cao-cho-may-nen-khi","13":"product_tag-dau-may-nen-khi-iso-vg-100","14":"product_tag-dau-may-nen-khi-iso-vg-125","15":"product_tag-dau-may-nen-khi-iso-vg-150","16":"product_tag-dau-may-nen-khi-iso-vg-220","17":"product_tag-dau-may-nen-khi-sinopec","18":"product_tag-dau-nen-khi-chiu-ap-luc","19":"product_tag-dau-nhot-may-nen-khi","20":"product_tag-sinopec-l-daa-air-compressor-oil","22":"first","23":"instock","24":"shipping-taxable","25":"product-type-simple"},"yoast_head":"<!-- This site is optimized with the Yoast SEO plugin v27.2 - https:\/\/yoast.com\/product\/yoast-seo-wordpress\/ -->\n<title>D\u1ea7u m\u00e1y n\u00e9n kh\u00ed Sinopec L-DAA 150 - C\u00f4ng Ty TNHH D\u1ea7u Nh\u1eddn T&amp;T Vi\u1ec7t Nam<\/title>\n<meta name=\"robots\" content=\"index, follow, max-snippet:-1, max-image-preview:large, max-video-preview:-1\" \/>\n<link rel=\"canonical\" href=\"https:\/\/tatco.vn\/vi\/san-pham\/dau-may-nen-khi-sinopec-l-daa-150\/\" \/>\n<meta property=\"og:locale\" content=\"vi_VN\" \/>\n<meta property=\"og:type\" content=\"article\" \/>\n<meta property=\"og:title\" content=\"D\u1ea7u m\u00e1y n\u00e9n kh\u00ed Sinopec L-DAA 150 - C\u00f4ng Ty TNHH D\u1ea7u Nh\u1eddn T&amp;T Vi\u1ec7t Nam\" \/>\n<meta property=\"og:url\" content=\"https:\/\/tatco.vn\/vi\/san-pham\/dau-may-nen-khi-sinopec-l-daa-150\/\" \/>\n<meta property=\"og:site_name\" content=\"C\u00f4ng Ty TNHH D\u1ea7u Nh\u1eddn T&amp;T Vi\u1ec7t Nam\" \/>\n<meta property=\"article:modified_time\" content=\"2025-02-13T08:17:59+00:00\" \/>\n<meta property=\"og:image\" content=\"https:\/\/tatco.vn\/wp-content\/uploads\/2021\/06\/Sinopec-oil-product.png\" \/>\n\t<meta property=\"og:image:width\" content=\"1000\" \/>\n\t<meta property=\"og:image:height\" content=\"1000\" \/>\n\t<meta property=\"og:image:type\" content=\"image\/png\" \/>\n<meta name=\"twitter:card\" content=\"summary_large_image\" \/>\n<meta name=\"twitter:label1\" content=\"\u01af\u1edbc t\u00ednh th\u1eddi gian \u0111\u1ecdc\" \/>\n\t<meta name=\"twitter:data1\" content=\"2 ph\u00fat\" \/>\n<script type=\"application\/ld+json\" class=\"yoast-schema-graph\">{\"@context\":\"https:\/\/schema.org\",\"@graph\":[{\"@type\":\"WebPage\",\"@id\":\"https:\/\/tatco.vn\/vi\/san-pham\/dau-may-nen-khi-sinopec-l-daa-150\/\",\"url\":\"https:\/\/tatco.vn\/vi\/san-pham\/dau-may-nen-khi-sinopec-l-daa-150\/\",\"name\":\"D\u1ea7u m\u00e1y n\u00e9n kh\u00ed Sinopec L-DAA 150 - C\u00f4ng Ty TNHH D\u1ea7u Nh\u1eddn T&amp;T Vi\u1ec7t Nam\",\"isPartOf\":{\"@id\":\"https:\/\/tatco.vn\/en\/#website\"},\"primaryImageOfPage\":{\"@id\":\"https:\/\/tatco.vn\/vi\/san-pham\/dau-may-nen-khi-sinopec-l-daa-150\/#primaryimage\"},\"image\":{\"@id\":\"https:\/\/tatco.vn\/vi\/san-pham\/dau-may-nen-khi-sinopec-l-daa-150\/#primaryimage\"},\"thumbnailUrl\":\"https:\/\/tatco.vn\/wp-content\/uploads\/2021\/06\/Sinopec-oil-product.png\",\"datePublished\":\"2025-02-13T08:17:15+00:00\",\"dateModified\":\"2025-02-13T08:17:59+00:00\",\"breadcrumb\":{\"@id\":\"https:\/\/tatco.vn\/vi\/san-pham\/dau-may-nen-khi-sinopec-l-daa-150\/#breadcrumb\"},\"inLanguage\":\"vi\",\"potentialAction\":[{\"@type\":\"ReadAction\",\"target\":[\"https:\/\/tatco.vn\/vi\/san-pham\/dau-may-nen-khi-sinopec-l-daa-150\/\"]}]},{\"@type\":\"ImageObject\",\"inLanguage\":\"vi\",\"@id\":\"https:\/\/tatco.vn\/vi\/san-pham\/dau-may-nen-khi-sinopec-l-daa-150\/#primaryimage\",\"url\":\"https:\/\/tatco.vn\/wp-content\/uploads\/2021\/06\/Sinopec-oil-product.png\",\"contentUrl\":\"https:\/\/tatco.vn\/wp-content\/uploads\/2021\/06\/Sinopec-oil-product.png\",\"width\":1000,\"height\":1000},{\"@type\":\"BreadcrumbList\",\"@id\":\"https:\/\/tatco.vn\/vi\/san-pham\/dau-may-nen-khi-sinopec-l-daa-150\/#breadcrumb\",\"itemListElement\":[{\"@type\":\"ListItem\",\"position\":1,\"name\":\"Home\",\"item\":\"https:\/\/tatco.vn\/\"},{\"@type\":\"ListItem\",\"position\":2,\"name\":\"C\u1eeda h\u00e0ng\",\"item\":\"https:\/\/tatco.vn\/en\/mua\/\"},{\"@type\":\"ListItem\",\"position\":3,\"name\":\"D\u1ea7u m\u00e1y n\u00e9n kh\u00ed Sinopec L-DAA 150\"}]},{\"@type\":\"WebSite\",\"@id\":\"https:\/\/tatco.vn\/en\/#website\",\"url\":\"https:\/\/tatco.vn\/en\/\",\"name\":\"C\u00f4ng Ty TNHH D\u1ea7u Nh\u1eddn T&amp;T Vi\u1ec7t Nam\",\"description\":\"Right Point - Right Time - Best Solution\",\"publisher\":{\"@id\":\"https:\/\/tatco.vn\/en\/#organization\"},\"potentialAction\":[{\"@type\":\"SearchAction\",\"target\":{\"@type\":\"EntryPoint\",\"urlTemplate\":\"https:\/\/tatco.vn\/en\/?s={search_term_string}\"},\"query-input\":{\"@type\":\"PropertyValueSpecification\",\"valueRequired\":true,\"valueName\":\"search_term_string\"}}],\"inLanguage\":\"vi\"},{\"@type\":\"Organization\",\"@id\":\"https:\/\/tatco.vn\/en\/#organization\",\"name\":\"C\u00f4ng Ty TNHH D\u1ea7u Nh\u1eddn T&T Vi\u1ec7t Nam\",\"url\":\"https:\/\/tatco.vn\/en\/\",\"logo\":{\"@type\":\"ImageObject\",\"inLanguage\":\"vi\",\"@id\":\"https:\/\/tatco.vn\/en\/#\/schema\/logo\/image\/\",\"url\":\"https:\/\/tatco.vn\/wp-content\/uploads\/2019\/05\/fav-ico.png\",\"contentUrl\":\"https:\/\/tatco.vn\/wp-content\/uploads\/2019\/05\/fav-ico.png\",\"width\":200,\"height\":200,\"caption\":\"C\u00f4ng Ty TNHH D\u1ea7u Nh\u1eddn T&T Vi\u1ec7t Nam\"},\"image\":{\"@id\":\"https:\/\/tatco.vn\/en\/#\/schema\/logo\/image\/\"}}]}<\/script>\n<!-- \/ Yoast SEO plugin. -->","yoast_head_json":{"title":"D\u1ea7u m\u00e1y n\u00e9n kh\u00ed Sinopec L-DAA 150 - C\u00f4ng Ty TNHH D\u1ea7u Nh\u1eddn T&amp;T Vi\u1ec7t Nam","robots":{"index":"index","follow":"follow","max-snippet":"max-snippet:-1","max-image-preview":"max-image-preview:large","max-video-preview":"max-video-preview:-1"},"canonical":"https:\/\/tatco.vn\/vi\/san-pham\/dau-may-nen-khi-sinopec-l-daa-150\/","og_locale":"vi_VN","og_type":"article","og_title":"D\u1ea7u m\u00e1y n\u00e9n kh\u00ed Sinopec L-DAA 150 - C\u00f4ng Ty TNHH D\u1ea7u Nh\u1eddn T&amp;T Vi\u1ec7t Nam","og_url":"https:\/\/tatco.vn\/vi\/san-pham\/dau-may-nen-khi-sinopec-l-daa-150\/","og_site_name":"C\u00f4ng Ty TNHH D\u1ea7u Nh\u1eddn T&amp;T Vi\u1ec7t Nam","article_modified_time":"2025-02-13T08:17:59+00:00","og_image":[{"width":1000,"height":1000,"url":"https:\/\/tatco.vn\/wp-content\/uploads\/2021\/06\/Sinopec-oil-product.png","type":"image\/png"}],"twitter_card":"summary_large_image","twitter_misc":{"\u01af\u1edbc t\u00ednh th\u1eddi gian \u0111\u1ecdc":"2 ph\u00fat"},"schema":{"@context":"https:\/\/schema.org","@graph":[{"@type":"WebPage","@id":"https:\/\/tatco.vn\/vi\/san-pham\/dau-may-nen-khi-sinopec-l-daa-150\/","url":"https:\/\/tatco.vn\/vi\/san-pham\/dau-may-nen-khi-sinopec-l-daa-150\/","name":"D\u1ea7u m\u00e1y n\u00e9n kh\u00ed Sinopec L-DAA 150 - C\u00f4ng Ty TNHH D\u1ea7u Nh\u1eddn T&amp;T Vi\u1ec7t Nam","isPartOf":{"@id":"https:\/\/tatco.vn\/en\/#website"},"primaryImageOfPage":{"@id":"https:\/\/tatco.vn\/vi\/san-pham\/dau-may-nen-khi-sinopec-l-daa-150\/#primaryimage"},"image":{"@id":"https:\/\/tatco.vn\/vi\/san-pham\/dau-may-nen-khi-sinopec-l-daa-150\/#primaryimage"},"thumbnailUrl":"https:\/\/tatco.vn\/wp-content\/uploads\/2021\/06\/Sinopec-oil-product.png","datePublished":"2025-02-13T08:17:15+00:00","dateModified":"2025-02-13T08:17:59+00:00","breadcrumb":{"@id":"https:\/\/tatco.vn\/vi\/san-pham\/dau-may-nen-khi-sinopec-l-daa-150\/#breadcrumb"},"inLanguage":"vi","potentialAction":[{"@type":"ReadAction","target":["https:\/\/tatco.vn\/vi\/san-pham\/dau-may-nen-khi-sinopec-l-daa-150\/"]}]},{"@type":"ImageObject","inLanguage":"vi","@id":"https:\/\/tatco.vn\/vi\/san-pham\/dau-may-nen-khi-sinopec-l-daa-150\/#primaryimage","url":"https:\/\/tatco.vn\/wp-content\/uploads\/2021\/06\/Sinopec-oil-product.png","contentUrl":"https:\/\/tatco.vn\/wp-content\/uploads\/2021\/06\/Sinopec-oil-product.png","width":1000,"height":1000},{"@type":"BreadcrumbList","@id":"https:\/\/tatco.vn\/vi\/san-pham\/dau-may-nen-khi-sinopec-l-daa-150\/#breadcrumb","itemListElement":[{"@type":"ListItem","position":1,"name":"Home","item":"https:\/\/tatco.vn\/"},{"@type":"ListItem","position":2,"name":"C\u1eeda h\u00e0ng","item":"https:\/\/tatco.vn\/en\/mua\/"},{"@type":"ListItem","position":3,"name":"D\u1ea7u m\u00e1y n\u00e9n kh\u00ed Sinopec L-DAA 150"}]},{"@type":"WebSite","@id":"https:\/\/tatco.vn\/en\/#website","url":"https:\/\/tatco.vn\/en\/","name":"C\u00f4ng Ty TNHH D\u1ea7u Nh\u1eddn T&amp;T Vi\u1ec7t Nam","description":"Right Point - Right Time - Best Solution","publisher":{"@id":"https:\/\/tatco.vn\/en\/#organization"},"potentialAction":[{"@type":"SearchAction","target":{"@type":"EntryPoint","urlTemplate":"https:\/\/tatco.vn\/en\/?s={search_term_string}"},"query-input":{"@type":"PropertyValueSpecification","valueRequired":true,"valueName":"search_term_string"}}],"inLanguage":"vi"},{"@type":"Organization","@id":"https:\/\/tatco.vn\/en\/#organization","name":"C\u00f4ng Ty TNHH D\u1ea7u Nh\u1eddn T&T Vi\u1ec7t Nam","url":"https:\/\/tatco.vn\/en\/","logo":{"@type":"ImageObject","inLanguage":"vi","@id":"https:\/\/tatco.vn\/en\/#\/schema\/logo\/image\/","url":"https:\/\/tatco.vn\/wp-content\/uploads\/2019\/05\/fav-ico.png","contentUrl":"https:\/\/tatco.vn\/wp-content\/uploads\/2019\/05\/fav-ico.png","width":200,"height":200,"caption":"C\u00f4ng Ty TNHH D\u1ea7u Nh\u1eddn T&T Vi\u1ec7t Nam"},"image":{"@id":"https:\/\/tatco.vn\/en\/#\/schema\/logo\/image\/"}}]}},"_links":{"self":[{"href":"https:\/\/tatco.vn\/vi\/wp-json\/wp\/v2\/product\/28186","targetHints":{"allow":["GET"]}}],"collection":[{"href":"https:\/\/tatco.vn\/vi\/wp-json\/wp\/v2\/product"}],"about":[{"href":"https:\/\/tatco.vn\/vi\/wp-json\/wp\/v2\/types\/product"}],"replies":[{"embeddable":true,"href":"https:\/\/tatco.vn\/vi\/wp-json\/wp\/v2\/comments?post=28186"}],"version-history":[{"count":0,"href":"https:\/\/tatco.vn\/vi\/wp-json\/wp\/v2\/product\/28186\/revisions"}],"wp:featuredmedia":[{"embeddable":true,"href":"https:\/\/tatco.vn\/vi\/wp-json\/wp\/v2\/media\/27397"}],"wp:attachment":[{"href":"https:\/\/tatco.vn\/vi\/wp-json\/wp\/v2\/media?parent=28186"}],"wp:term":[{"taxonomy":"product_cat","embeddable":true,"href":"https:\/\/tatco.vn\/vi\/wp-json\/wp\/v2\/product_cat?post=28186"},{"taxonomy":"product_tag","embeddable":true,"href":"https:\/\/tatco.vn\/vi\/wp-json\/wp\/v2\/product_tag?post=28186"}],"curies":[{"name":"wp","href":"https:\/\/api.w.org\/{rel}","templated":true}]}}