{"id":28171,"date":"2025-02-09T17:57:52","date_gmt":"2025-02-09T10:57:52","guid":{"rendered":"https:\/\/tatco.vn\/vi\/?post_type=product&#038;p=28171"},"modified":"2025-02-09T17:57:54","modified_gmt":"2025-02-09T10:57:54","slug":"mo-sinopec-heavy-duty-lc-mining-nlgi-1","status":"publish","type":"product","link":"https:\/\/tatco.vn\/vi\/san-pham\/mo-sinopec-heavy-duty-lc-mining-nlgi-1\/","title":{"rendered":"M\u1ee1 Sinopec Heavy Duty LC Mining NLGI 1"},"content":{"rendered":"<p><\/p>\n<p style=\"text-align: justify\"><strong>M\u1ee1 b\u00f4i tr\u01a1n khai th\u00e1c m\u1ecf Sinopec LC Mining Grease<\/strong> l\u00e0 m\u1ee1 b\u00f4i tr\u01a1n ch\u1ecbu c\u1ef1c \u00e1p cao, \u0111\u01b0\u1ee3c pha ch\u1ebf t\u1eeb d\u1ea7u g\u1ed1c kho\u00e1ng c\u00f3 \u0111\u1ed9 nh\u1edbt cao (&gt; 400 cSt \u1edf 40\u00b0C) v\u1edbi ch\u1ea5t l\u00e0m \u0111\u1eb7c Lithium ph\u1ee9c (Lithium complex). S\u1ea3n ph\u1ea9m c\u00f3 s\u1eb5n \u1edf hai c\u1ea5p \u0111\u1ed9 \u0111\u1eb7c l\u00e0 NLGI 1 v\u00e0 NLGI 2. N\u00f3 ch\u1ee9a c\u00e1c ch\u1ea5t ch\u1ed1ng \u00f4xi h\u00f3a, ph\u1ee5 gia ch\u1ecbu \u00e1p EP v\u00e0 ph\u1ee5 gia r\u1eafn ch\u1ed1ng m\u00e0i m\u00f2n Molypden disulfua (MoS2 ho\u1eb7c &#8216;moly&#8217;), gi\u00fap b\u1ea3o v\u1ec7 thi\u1ebft b\u1ecb l\u00e0m vi\u1ec7c trong \u0111i\u1ec1u ki\u1ec7n kh\u1eafc nghi\u1ec7t, ch\u1ecbu t\u1ea3i tr\u1ecdng rung \u0111\u1ed9ng trong nhi\u1ec1u \u1ee9ng d\u1ee5ng nh\u01b0 ng\u00e0nh khai th\u00e1c m\u1ecf (m\u00e1y nghi\u1ec1n \u0111\u00e1), m\u00e1y n\u00e9n vi\u00ean g\u1ed7, m\u00e1y n\u00e9n vi\u00ean th\u1ee9c \u0103n gia s\u00fac.<\/p>\n<h3 style=\"text-align: justify\">\u1ee8ng D\u1ee5ng:<\/h3>\n<p style=\"text-align: justify\"><strong>M\u1ee1 b\u00f4i tr\u01a1n ch\u1ecbu t\u1ea3i n\u1eb7ng Sinopec LC Mining Grease<\/strong> ph\u00f9 h\u1ee3p \u0111\u1ec3 s\u1eed d\u1ee5ng:<\/p>\n<ul style=\"text-align: justify\">\n<li>B\u00f4i tr\u01a1n cho c\u00e1c thi\u1ebft b\u1ecb Off-road trong ng\u00e0nh c\u00f4ng nghi\u1ec7p khai th\u00e1c m\u1ecf, \u0111\u1eb7c bi\u1ec7t l\u00e0 \u0111\u1ec3 b\u00f4i tr\u01a1n cho nh\u1eefng v\u00f2ng bi l\u0103n v\u00e0 \u1ed5 \u0111\u1ee1 tr\u1ee5c tr\u01a1n (b\u1ea1c l\u00f3t, b\u1ea1c thau) t\u1ed1c \u0111\u1ed9 ch\u1eadm trong \u0111i\u1ec1u ki\u1ec7n ch\u1ecbu t\u1ea3i tr\u1ecdng r\u1ea5t cao, ch\u1ecbu va \u0111\u1eadp v\u00e0 rung \u0111\u1ed9ng.<\/li>\n<li>S\u1eed d\u1ee5ng cho nh\u1eefng thi\u1ebft b\u1ecb trong ng\u00e0nh x\u00e2y d\u1ef1ng h\u1ea1ng n\u1eb7ng, thi\u1ebft b\u1ecb \u0111\u00e0o \u0111\u1ea5t, thi\u1ebft b\u1ecb di \u0111\u1ed9ng v\u00e0 thi\u1ebft b\u1ecb c\u1ed1 \u0111\u1ecbnh.<\/li>\n<li>B\u00f4i tr\u01a1n trong nh\u1eefng \u1ee9ng d\u1ee5ng ch\u1ecbu t\u1ea3i n\u1eb7ng \u1edf nh\u1eefng v\u1ecb tr\u00ed kh\u00f3 ti\u1ebfp c\u1eadn, \u0111\u00f2i h\u1ecfi th\u1eddi gian b\u00f4i tr\u01a1n l\u00e2u h\u01a1n.<\/li>\n<\/ul>\n<h3 style=\"text-align: justify\">\u0110\u1eb7c \u0110i\u1ec3m v\u00e0 L\u1ee3i \u00cdch:<\/h3>\n<ul>\n<li style=\"text-align: justify\"><strong>\u0110\u1eb7c t\u00ednh ch\u1ed1ng m\u00e0i m\u00f2n v\u00e0 ch\u1ecbu c\u1ef1c \u00e1p tuy\u1ec7t v\u1eddi:<\/strong> Gi\u00fap b\u1ea3o v\u1ec7 v\u00f2ng bi tr\u00e1nh s\u1ef1 m\u00e0i m\u00f2n trong \u0111i\u1ec1u ki\u1ec7n ch\u1ecbu t\u1ea3i tr\u1ecdng n\u1eb7ng v\u00e0 va \u0111\u1eadp, k\u00e9o d\u00e0i tu\u1ed5i th\u1ecd thi\u1ebft b\u1ecb.<\/li>\n<li style=\"text-align: justify\"><strong>Ph\u1ee5 gia r\u1eafn ch\u1ee9a molybden disulfua (MoS2):<\/strong> T\u0103ng t\u00ednh ch\u1ecbu t\u1ea3i v\u00e0 b\u1ea3o v\u1ec7 b\u1ec1 m\u1eb7t kim lo\u1ea1i ch\u1ed1ng s\u1ef1 m\u00e0i m\u00f2n trong nh\u1eefng tr\u01b0\u1eddng h\u1ee3p t\u1ea3i tr\u1ecdng rung \u0111\u1ed9ng va \u0111\u1eadp l\u00e0m m\u1ee1 c\u00f3 xu h\u01b0\u1edbng b\u1ecb \u00e9p ra kh\u1ecfi b\u1ec1 m\u1eb7t kim lo\u1ea1i.<\/li>\n<li style=\"text-align: justify\"><strong>Ch\u1ea5t l\u00e0m \u0111\u1eb7c x\u00e0 ph\u00f2ng ph\u1ee9c (Lithium complex):<\/strong> \u0110\u1ea3m b\u1ea3o nhi\u1ec7t \u0111\u1ed9 nh\u1ecf gi\u1ecdt cao, \u0111\u1ed3ng ngh\u0129a v\u1edbi nhi\u1ec7t \u0111\u1ed9 l\u00e0m vi\u1ec7c c\u1ee7a m\u1ee1 cao (d\u00e3y nhi\u1ec7t \u0111\u1ed9 ho\u1ea1t \u0111\u1ed9ng t\u1eeb -10\u00b0C \u0111\u1ebfn +150\u00b0C), v\u00e0 c\u0169ng t\u1ea1o s\u1ef1 \u1ed5n \u0111\u1ecbnh c\u01a1 h\u1ecdc tuy\u1ec7t v\u1eddi l\u00e0m cho c\u1ea5u tr\u00fac m\u1ee1 kh\u00f4ng b\u1ecb ph\u00e1 v\u1ee1 trong v\u00e0i tr\u01b0\u1eddng h\u1ee3p.<\/li>\n<li style=\"text-align: justify\"><strong>\u0110\u1ed9 nh\u1edbt c\u1ee7a d\u1ea7u g\u1ed1c cao:<\/strong> Lu\u00f4n \u0111\u1ea3m b\u1ea3o duy tr\u00ec \u0111\u1ed9 d\u00e0y c\u1ee7a m\u00e0ng d\u1ea7u trong nh\u1eefng \u0111i\u1ec1u ki\u1ec7n nhi\u1ec7t \u0111\u1ed9 l\u00e0m vi\u1ec7c cao, b\u1ea3o v\u1ec7 c\u00e1c chi ti\u1ebft ch\u1ed1ng l\u1ea1i s\u1ef1 m\u00e0i m\u00f2n.<\/li>\n<li style=\"text-align: justify\"><strong>Kh\u1ea3 n\u0103ng ch\u1ecbu n\u01b0\u1edbc tuy\u1ec7t v\u1eddi:<\/strong> M\u1ee1 kh\u00f4ng b\u1ecb r\u1eeda tr\u00f4i ho\u1eb7c tr\u00e0o ra trong \u0111i\u1ec1u ki\u1ec7n \u01b0\u1edbt, gi\u00fap gi\u1ea3m hao ph\u00ed m\u1ee1.<\/li>\n<li style=\"text-align: justify\"><strong>B\u1ea3o v\u1ec7 tuy\u1ec7t v\u1eddi ch\u1ed1ng r\u1ec9 s\u00e9t v\u00e0 ch\u1ed1ng \u0103n m\u00f2n:<\/strong> \u0110\u1ea3m b\u1ea3o k\u00e9o d\u00e0i tu\u1ed5i th\u1ecd thi\u1ebft b\u1ecb, v\u00e0 k\u00e9o d\u00e0i kho\u1ea3ng th\u1eddi gian b\u1ea3o d\u01b0\u1ee1ng.<\/li>\n<li style=\"text-align: justify\"><strong>\u0110\u1ed9 \u1ed5n \u0111\u1ecbnh nhi\u1ec7t v\u00e0 oxy h\u00f3a t\u1ed1t:<\/strong> Gi\u00fap \u0111\u1ea3m b\u1ea3o \u0111\u1ed9 b\u1ec1n c\u1ee7a d\u1ea7u m\u1ee1 trong \u0111i\u1ec1u ki\u1ec7n nhi\u1ec7t \u0111\u1ed9 cao, t\u1ea1o ra s\u1ef1 b\u00f4i tr\u01a1n t\u1ed1i \u0111a, k\u00e9o d\u00e0i tu\u1ed5i th\u1ecd c\u1ee7a thi\u1ebft b\u1ecb v\u00e0 gi\u1ea3m c\u00e1c y\u00eau c\u1ea7u b\u1ea3o tr\u00ec.<\/li>\n<li>\n<p style=\"text-align: justify\"><strong>C\u00f3 c\u00e1c c\u1ea5p \u0111\u1ed9 \u0111\u1eb7c theo NLGI 1, 2:<\/strong> C\u1ea5p \u0111\u1ed9 NLGI 1 c\u00f3 th\u1ec3 \u0111\u01b0\u1ee3c s\u1eed d\u1ee5ng trong h\u1ec7 th\u1ed1ng b\u00f4i tr\u01a1n trung t\u00e2m, \u1edf nh\u1eefng v\u1ecb tr\u00ed ph\u1ea3i s\u1eed d\u1ee5ng b\u01a1m.<\/p>\n<\/li>\n<\/ul>\n<h3>Th\u00f4ng S\u1ed1 K\u1ef9 Thu\u1eadt:<\/h3>\n<div>\n<div>\n<div class=\"table-responsive\">\n<table class=\"table table-striped\">\n<thead>\n<tr>\n<th><strong>T\u00ednh Ch\u1ea5t<\/strong><\/th>\n<th><strong>Sinopec LC Mining Grease<\/strong><\/th>\n<\/tr>\n<\/thead>\n<tbody>\n<tr>\n<td><strong>C\u1ea5p \u0111\u1ed9 \u0111\u1eb7c theo NLGI<\/strong><\/td>\n<td>1<\/td>\n<td>2<\/td>\n<\/tr>\n<tr>\n<td><strong>M\u00e0u s\u1eafc, tr\u1ea1ng th\u00e1i<\/strong><\/td>\n<td>\u0110en<\/td>\n<td>\u0110en<\/td>\n<\/tr>\n<tr>\n<td><strong>Lo\u1ea1i ch\u1ea5t l\u00e0m \u0111\u1eb7c<\/strong><\/td>\n<td>Lithium ph\u1ee9c<\/td>\n<td>Lithium ph\u1ee9c<\/td>\n<\/tr>\n<tr>\n<td><strong>Lo\u1ea1i d\u1ea7u g\u1ed1c<\/strong><\/td>\n<td>Kho\u00e1ng S\u1ea3n<\/td>\n<td>Kho\u00e1ng S\u1ea3n<\/td>\n<\/tr>\n<tr>\n<td><strong>\u0110\u1ed9 nh\u1edbt \u0111\u1ed9ng h\u1ecdc, cSt @ 40\u00b0C (ASTM D445)<\/strong><\/td>\n<td>330<\/td>\n<td>410<\/td>\n<\/tr>\n<tr>\n<td><strong>\u0110\u1ed9 xuy\u00ean kim, W\u00d760, mm-1 (ASTM D217)<\/strong><\/td>\n<td>322<\/td>\n<td>275<\/td>\n<\/tr>\n<tr>\n<td><strong>Nhi\u1ec7t \u0111\u1ed9 nh\u1ecf gi\u1ecdt, \u00b0C (ASTM D2265)<\/strong><\/td>\n<td>269<\/td>\n<td>273<\/td>\n<\/tr>\n<tr>\n<td><strong>T\u00e1ch d\u1ea7u, 24 h @ 100\u00b0C, % (FTMS 791C-321.3)<\/strong><\/td>\n<td>6<\/td>\n<td>1<\/td>\n<\/tr>\n<tr>\n<td><strong>Th\u1eed t\u1ea3i tr\u00ean m\u00e1y 4 bi, 60 min @ 392 N, mm (ASTM D2266)<\/strong><\/td>\n<td>0.5<\/td>\n<td>0.45<\/td>\n<\/tr>\n<tr>\n<td><strong>Th\u1eed t\u1ea3i tr\u00ean m\u00e1y 4 bi, N (ASTM D2596)<\/strong><\/td>\n<td>6076<\/td>\n<td>6076<\/td>\n<\/tr>\n<tr>\n<td><strong>T\u1ea3i tr\u1ecdng Timken, N (ASTM D2509)<\/strong><\/td>\n<td>200<\/td>\n<td>222<\/td>\n<\/tr>\n<tr>\n<td><strong>\u0110\u1ed9 r\u1eeda tr\u00f4i c\u1ee7a n\u01b0\u1edbc, 1 h @ 38\u00b0C, % (ASTM D1264)<\/strong><\/td>\n<td>6<\/td>\n<td>1<\/td>\n<\/tr>\n<tr>\n<td><strong>\u0102n m\u00f2n l\u00e1 \u0111\u1ed3ng, T2 copper strip, 24 h @ 100\u00b0C (ASTM D4048)<\/strong><\/td>\n<td>V\u01b0\u1ee3t Qua<\/td>\n<td>V\u01b0\u1ee3t Qua<\/td>\n<\/tr>\n<\/tbody>\n<\/table>\n<\/div>\n<div><\/div>\n<\/div>\n<div><\/div>\n<\/div>\n<p><\/p>","protected":false},"excerpt":{"rendered":"<p style=\"text-align: justify\"><strong>M\u1ee1 b\u00f4i tr\u01a1n khai th\u00e1c m\u1ecf Sinopec LC Mining Grease<\/strong> l\u00e0 m\u1ee1 b\u00f4i tr\u01a1n ch\u1ecbu c\u1ef1c \u00e1p cao, \u0111\u01b0\u1ee3c pha ch\u1ebf t\u1eeb d\u1ea7u g\u1ed1c kho\u00e1ng c\u00f3 \u0111\u1ed9 nh\u1edbt cao (&gt; 400 cSt \u1edf 40\u00b0C) v\u1edbi ch\u1ea5t l\u00e0m \u0111\u1eb7c Lithium ph\u1ee9c (Lithium complex). S\u1ea3n ph\u1ea9m c\u00f3 s\u1eb5n \u1edf hai c\u1ea5p \u0111\u1ed9 \u0111\u1eb7c l\u00e0 NLGI 1 v\u00e0 NLGI 2. N\u00f3 ch\u1ee9a c\u00e1c ch\u1ea5t ch\u1ed1ng \u00f4xi h\u00f3a, ph\u1ee5 gia ch\u1ecbu \u00e1p EP v\u00e0 ph\u1ee5 gia r\u1eafn ch\u1ed1ng m\u00e0i m\u00f2n Molypden disulfua (MoS2 ho\u1eb7c &#8216;moly&#8217;), gi\u00fap b\u1ea3o v\u1ec7 thi\u1ebft b\u1ecb l\u00e0m vi\u1ec7c trong \u0111i\u1ec1u ki\u1ec7n kh\u1eafc nghi\u1ec7t, ch\u1ecbu t\u1ea3i tr\u1ecdng rung \u0111\u1ed9ng trong nhi\u1ec1u \u1ee9ng d\u1ee5ng nh\u01b0 ng\u00e0nh khai th\u00e1c m\u1ecf (m\u00e1y nghi\u1ec1n \u0111\u00e1), m\u00e1y n\u00e9n vi\u00ean g\u1ed7, m\u00e1y n\u00e9n vi\u00ean th\u1ee9c \u0103n gia s\u00fac.<\/p>\n","protected":false},"featured_media":27397,"comment_status":"closed","ping_status":"closed","template":"","meta":[],"product_cat":[773,719,722,1208],"product_tag":[1214,1220,1216,1061,1213,1219,1068,1217,1049,1218],"class_list":{"0":"post-28171","1":"product","2":"type-product","3":"status-publish","4":"has-post-thumbnail","6":"product_brand-sinopec","7":"product_cat-dau-cong-nghiep-sinopec","8":"product_cat-dau-nhot-sinopec","9":"product_cat-mo-cong-nghiep-sinopec","10":"product_cat-mo-sinopec-nlgi-heavy-duty-lc-mining-mo-cong-nghiep-sinopec","11":"product_tag-mo-boi-tron-cong-nghiep","12":"product_tag-mo-boi-tron-thiet-bi-khai-thac-mo","13":"product_tag-mo-chiu-ap-luc-khai-thac-mo-sinopec","14":"product_tag-mo-chiu-nhiet-do-cao","15":"product_tag-mo-chiu-rung-dong-va-va-dap","16":"product_tag-mo-chiu-tai-nang","17":"product_tag-mo-chong-mai-mon","18":"product_tag-mo-lc-mining-grease","19":"product_tag-mo-lithium-phuc-hop","20":"product_tag-mo-molypden-disulfua","22":"first","23":"instock","24":"shipping-taxable","25":"product-type-simple"},"yoast_head":"<!-- This site is optimized with the Yoast SEO plugin v27.2 - https:\/\/yoast.com\/product\/yoast-seo-wordpress\/ -->\n<title>M\u1ee1 Sinopec Heavy Duty LC Mining NLGI 1 - C\u00f4ng Ty TNHH D\u1ea7u Nh\u1eddn T&amp;T Vi\u1ec7t Nam<\/title>\n<meta name=\"robots\" content=\"index, follow, max-snippet:-1, max-image-preview:large, max-video-preview:-1\" \/>\n<link rel=\"canonical\" href=\"https:\/\/tatco.vn\/vi\/san-pham\/mo-sinopec-heavy-duty-lc-mining-nlgi-1\/\" \/>\n<meta property=\"og:locale\" content=\"vi_VN\" \/>\n<meta property=\"og:type\" content=\"article\" \/>\n<meta property=\"og:title\" content=\"M\u1ee1 Sinopec Heavy Duty LC Mining NLGI 1 - C\u00f4ng Ty TNHH D\u1ea7u Nh\u1eddn T&amp;T Vi\u1ec7t Nam\" \/>\n<meta property=\"og:url\" content=\"https:\/\/tatco.vn\/vi\/san-pham\/mo-sinopec-heavy-duty-lc-mining-nlgi-1\/\" \/>\n<meta property=\"og:site_name\" content=\"C\u00f4ng Ty TNHH D\u1ea7u Nh\u1eddn T&amp;T Vi\u1ec7t Nam\" \/>\n<meta property=\"article:modified_time\" content=\"2025-02-09T10:57:54+00:00\" \/>\n<meta property=\"og:image\" content=\"https:\/\/tatco.vn\/wp-content\/uploads\/2021\/06\/Sinopec-oil-product.png\" \/>\n\t<meta property=\"og:image:width\" content=\"1000\" \/>\n\t<meta property=\"og:image:height\" content=\"1000\" \/>\n\t<meta property=\"og:image:type\" content=\"image\/png\" \/>\n<meta name=\"twitter:card\" content=\"summary_large_image\" \/>\n<meta name=\"twitter:label1\" content=\"\u01af\u1edbc t\u00ednh th\u1eddi gian \u0111\u1ecdc\" \/>\n\t<meta name=\"twitter:data1\" content=\"3 ph\u00fat\" \/>\n<script type=\"application\/ld+json\" class=\"yoast-schema-graph\">{\"@context\":\"https:\/\/schema.org\",\"@graph\":[{\"@type\":\"WebPage\",\"@id\":\"https:\/\/tatco.vn\/vi\/san-pham\/mo-sinopec-heavy-duty-lc-mining-nlgi-1\/\",\"url\":\"https:\/\/tatco.vn\/vi\/san-pham\/mo-sinopec-heavy-duty-lc-mining-nlgi-1\/\",\"name\":\"M\u1ee1 Sinopec Heavy Duty LC Mining NLGI 1 - C\u00f4ng Ty TNHH D\u1ea7u Nh\u1eddn T&amp;T Vi\u1ec7t Nam\",\"isPartOf\":{\"@id\":\"https:\/\/tatco.vn\/en\/#website\"},\"primaryImageOfPage\":{\"@id\":\"https:\/\/tatco.vn\/vi\/san-pham\/mo-sinopec-heavy-duty-lc-mining-nlgi-1\/#primaryimage\"},\"image\":{\"@id\":\"https:\/\/tatco.vn\/vi\/san-pham\/mo-sinopec-heavy-duty-lc-mining-nlgi-1\/#primaryimage\"},\"thumbnailUrl\":\"https:\/\/tatco.vn\/wp-content\/uploads\/2021\/06\/Sinopec-oil-product.png\",\"datePublished\":\"2025-02-09T10:57:52+00:00\",\"dateModified\":\"2025-02-09T10:57:54+00:00\",\"breadcrumb\":{\"@id\":\"https:\/\/tatco.vn\/vi\/san-pham\/mo-sinopec-heavy-duty-lc-mining-nlgi-1\/#breadcrumb\"},\"inLanguage\":\"vi\",\"potentialAction\":[{\"@type\":\"ReadAction\",\"target\":[\"https:\/\/tatco.vn\/vi\/san-pham\/mo-sinopec-heavy-duty-lc-mining-nlgi-1\/\"]}]},{\"@type\":\"ImageObject\",\"inLanguage\":\"vi\",\"@id\":\"https:\/\/tatco.vn\/vi\/san-pham\/mo-sinopec-heavy-duty-lc-mining-nlgi-1\/#primaryimage\",\"url\":\"https:\/\/tatco.vn\/wp-content\/uploads\/2021\/06\/Sinopec-oil-product.png\",\"contentUrl\":\"https:\/\/tatco.vn\/wp-content\/uploads\/2021\/06\/Sinopec-oil-product.png\",\"width\":1000,\"height\":1000},{\"@type\":\"BreadcrumbList\",\"@id\":\"https:\/\/tatco.vn\/vi\/san-pham\/mo-sinopec-heavy-duty-lc-mining-nlgi-1\/#breadcrumb\",\"itemListElement\":[{\"@type\":\"ListItem\",\"position\":1,\"name\":\"Home\",\"item\":\"https:\/\/tatco.vn\/\"},{\"@type\":\"ListItem\",\"position\":2,\"name\":\"C\u1eeda h\u00e0ng\",\"item\":\"https:\/\/tatco.vn\/en\/mua\/\"},{\"@type\":\"ListItem\",\"position\":3,\"name\":\"M\u1ee1 Sinopec Heavy Duty LC Mining NLGI 1\"}]},{\"@type\":\"WebSite\",\"@id\":\"https:\/\/tatco.vn\/en\/#website\",\"url\":\"https:\/\/tatco.vn\/en\/\",\"name\":\"C\u00f4ng Ty TNHH D\u1ea7u Nh\u1eddn T&amp;T Vi\u1ec7t Nam\",\"description\":\"Right Point - Right Time - Best Solution\",\"publisher\":{\"@id\":\"https:\/\/tatco.vn\/en\/#organization\"},\"potentialAction\":[{\"@type\":\"SearchAction\",\"target\":{\"@type\":\"EntryPoint\",\"urlTemplate\":\"https:\/\/tatco.vn\/en\/?s={search_term_string}\"},\"query-input\":{\"@type\":\"PropertyValueSpecification\",\"valueRequired\":true,\"valueName\":\"search_term_string\"}}],\"inLanguage\":\"vi\"},{\"@type\":\"Organization\",\"@id\":\"https:\/\/tatco.vn\/en\/#organization\",\"name\":\"C\u00f4ng Ty TNHH D\u1ea7u Nh\u1eddn T&T Vi\u1ec7t Nam\",\"url\":\"https:\/\/tatco.vn\/en\/\",\"logo\":{\"@type\":\"ImageObject\",\"inLanguage\":\"vi\",\"@id\":\"https:\/\/tatco.vn\/en\/#\/schema\/logo\/image\/\",\"url\":\"https:\/\/tatco.vn\/wp-content\/uploads\/2019\/05\/fav-ico.png\",\"contentUrl\":\"https:\/\/tatco.vn\/wp-content\/uploads\/2019\/05\/fav-ico.png\",\"width\":200,\"height\":200,\"caption\":\"C\u00f4ng Ty TNHH D\u1ea7u Nh\u1eddn T&T Vi\u1ec7t Nam\"},\"image\":{\"@id\":\"https:\/\/tatco.vn\/en\/#\/schema\/logo\/image\/\"}}]}<\/script>\n<!-- \/ Yoast SEO plugin. -->","yoast_head_json":{"title":"M\u1ee1 Sinopec Heavy Duty LC Mining NLGI 1 - C\u00f4ng Ty TNHH D\u1ea7u Nh\u1eddn T&amp;T Vi\u1ec7t Nam","robots":{"index":"index","follow":"follow","max-snippet":"max-snippet:-1","max-image-preview":"max-image-preview:large","max-video-preview":"max-video-preview:-1"},"canonical":"https:\/\/tatco.vn\/vi\/san-pham\/mo-sinopec-heavy-duty-lc-mining-nlgi-1\/","og_locale":"vi_VN","og_type":"article","og_title":"M\u1ee1 Sinopec Heavy Duty LC Mining NLGI 1 - C\u00f4ng Ty TNHH D\u1ea7u Nh\u1eddn T&amp;T Vi\u1ec7t Nam","og_url":"https:\/\/tatco.vn\/vi\/san-pham\/mo-sinopec-heavy-duty-lc-mining-nlgi-1\/","og_site_name":"C\u00f4ng Ty TNHH D\u1ea7u Nh\u1eddn T&amp;T Vi\u1ec7t Nam","article_modified_time":"2025-02-09T10:57:54+00:00","og_image":[{"width":1000,"height":1000,"url":"https:\/\/tatco.vn\/wp-content\/uploads\/2021\/06\/Sinopec-oil-product.png","type":"image\/png"}],"twitter_card":"summary_large_image","twitter_misc":{"\u01af\u1edbc t\u00ednh th\u1eddi gian \u0111\u1ecdc":"3 ph\u00fat"},"schema":{"@context":"https:\/\/schema.org","@graph":[{"@type":"WebPage","@id":"https:\/\/tatco.vn\/vi\/san-pham\/mo-sinopec-heavy-duty-lc-mining-nlgi-1\/","url":"https:\/\/tatco.vn\/vi\/san-pham\/mo-sinopec-heavy-duty-lc-mining-nlgi-1\/","name":"M\u1ee1 Sinopec Heavy Duty LC Mining NLGI 1 - C\u00f4ng Ty TNHH D\u1ea7u Nh\u1eddn T&amp;T Vi\u1ec7t Nam","isPartOf":{"@id":"https:\/\/tatco.vn\/en\/#website"},"primaryImageOfPage":{"@id":"https:\/\/tatco.vn\/vi\/san-pham\/mo-sinopec-heavy-duty-lc-mining-nlgi-1\/#primaryimage"},"image":{"@id":"https:\/\/tatco.vn\/vi\/san-pham\/mo-sinopec-heavy-duty-lc-mining-nlgi-1\/#primaryimage"},"thumbnailUrl":"https:\/\/tatco.vn\/wp-content\/uploads\/2021\/06\/Sinopec-oil-product.png","datePublished":"2025-02-09T10:57:52+00:00","dateModified":"2025-02-09T10:57:54+00:00","breadcrumb":{"@id":"https:\/\/tatco.vn\/vi\/san-pham\/mo-sinopec-heavy-duty-lc-mining-nlgi-1\/#breadcrumb"},"inLanguage":"vi","potentialAction":[{"@type":"ReadAction","target":["https:\/\/tatco.vn\/vi\/san-pham\/mo-sinopec-heavy-duty-lc-mining-nlgi-1\/"]}]},{"@type":"ImageObject","inLanguage":"vi","@id":"https:\/\/tatco.vn\/vi\/san-pham\/mo-sinopec-heavy-duty-lc-mining-nlgi-1\/#primaryimage","url":"https:\/\/tatco.vn\/wp-content\/uploads\/2021\/06\/Sinopec-oil-product.png","contentUrl":"https:\/\/tatco.vn\/wp-content\/uploads\/2021\/06\/Sinopec-oil-product.png","width":1000,"height":1000},{"@type":"BreadcrumbList","@id":"https:\/\/tatco.vn\/vi\/san-pham\/mo-sinopec-heavy-duty-lc-mining-nlgi-1\/#breadcrumb","itemListElement":[{"@type":"ListItem","position":1,"name":"Home","item":"https:\/\/tatco.vn\/"},{"@type":"ListItem","position":2,"name":"C\u1eeda h\u00e0ng","item":"https:\/\/tatco.vn\/en\/mua\/"},{"@type":"ListItem","position":3,"name":"M\u1ee1 Sinopec Heavy Duty LC Mining NLGI 1"}]},{"@type":"WebSite","@id":"https:\/\/tatco.vn\/en\/#website","url":"https:\/\/tatco.vn\/en\/","name":"C\u00f4ng Ty TNHH D\u1ea7u Nh\u1eddn T&amp;T Vi\u1ec7t Nam","description":"Right Point - Right Time - Best Solution","publisher":{"@id":"https:\/\/tatco.vn\/en\/#organization"},"potentialAction":[{"@type":"SearchAction","target":{"@type":"EntryPoint","urlTemplate":"https:\/\/tatco.vn\/en\/?s={search_term_string}"},"query-input":{"@type":"PropertyValueSpecification","valueRequired":true,"valueName":"search_term_string"}}],"inLanguage":"vi"},{"@type":"Organization","@id":"https:\/\/tatco.vn\/en\/#organization","name":"C\u00f4ng Ty TNHH D\u1ea7u Nh\u1eddn T&T Vi\u1ec7t Nam","url":"https:\/\/tatco.vn\/en\/","logo":{"@type":"ImageObject","inLanguage":"vi","@id":"https:\/\/tatco.vn\/en\/#\/schema\/logo\/image\/","url":"https:\/\/tatco.vn\/wp-content\/uploads\/2019\/05\/fav-ico.png","contentUrl":"https:\/\/tatco.vn\/wp-content\/uploads\/2019\/05\/fav-ico.png","width":200,"height":200,"caption":"C\u00f4ng Ty TNHH D\u1ea7u Nh\u1eddn T&T Vi\u1ec7t Nam"},"image":{"@id":"https:\/\/tatco.vn\/en\/#\/schema\/logo\/image\/"}}]}},"_links":{"self":[{"href":"https:\/\/tatco.vn\/vi\/wp-json\/wp\/v2\/product\/28171","targetHints":{"allow":["GET"]}}],"collection":[{"href":"https:\/\/tatco.vn\/vi\/wp-json\/wp\/v2\/product"}],"about":[{"href":"https:\/\/tatco.vn\/vi\/wp-json\/wp\/v2\/types\/product"}],"replies":[{"embeddable":true,"href":"https:\/\/tatco.vn\/vi\/wp-json\/wp\/v2\/comments?post=28171"}],"version-history":[{"count":0,"href":"https:\/\/tatco.vn\/vi\/wp-json\/wp\/v2\/product\/28171\/revisions"}],"wp:featuredmedia":[{"embeddable":true,"href":"https:\/\/tatco.vn\/vi\/wp-json\/wp\/v2\/media\/27397"}],"wp:attachment":[{"href":"https:\/\/tatco.vn\/vi\/wp-json\/wp\/v2\/media?parent=28171"}],"wp:term":[{"taxonomy":"product_cat","embeddable":true,"href":"https:\/\/tatco.vn\/vi\/wp-json\/wp\/v2\/product_cat?post=28171"},{"taxonomy":"product_tag","embeddable":true,"href":"https:\/\/tatco.vn\/vi\/wp-json\/wp\/v2\/product_tag?post=28171"}],"curies":[{"name":"wp","href":"https:\/\/api.w.org\/{rel}","templated":true}]}}