{"id":28163,"date":"2025-02-09T17:46:21","date_gmt":"2025-02-09T10:46:21","guid":{"rendered":"https:\/\/tatco.vn\/vi\/?post_type=product&#038;p=28163"},"modified":"2025-02-09T17:47:24","modified_gmt":"2025-02-09T10:47:24","slug":"mo-sinopec-moly-lithium-nlgi-2","status":"publish","type":"product","link":"https:\/\/tatco.vn\/vi\/san-pham\/mo-sinopec-moly-lithium-nlgi-2\/","title":{"rendered":"M\u1ee1 Sinopec Moly-Lithium NLGI 2"},"content":{"rendered":"<p><\/p>\n<p style=\"text-align: justify\"><strong>M\u1ee1 b\u00f4i tr\u01a1n ch\u1ecbu t\u1ea3i n\u1eb7ng Sinopec Moly-Lithium<\/strong> l\u00e0 m\u1ee1 b\u00f4i tr\u01a1n ch\u1ecbu c\u1ef1c \u00e1p cao, \u0111\u01b0\u1ee3c pha ch\u1ebf t\u1eeb ch\u1ea5t l\u00e0m \u0111\u1eb7c x\u00e0 ph\u00f2ng lithium v\u00e0 d\u1ea7u g\u1ed1c kho\u00e1ng ch\u1ea5t l\u01b0\u1ee3ng cao, k\u1ebft h\u1ee3p v\u1edbi c\u00e1c ph\u1ee5 gia \u0111\u01b0\u1ee3c ch\u1ecdn l\u1ecdc. \u0110\u1eb7c bi\u1ec7t c\u00f3 b\u1ed5 sung ph\u1ee5 gia r\u1eafn ch\u1ecbu t\u1ea3i n\u1eb7ng Molybdenum disulfide (MoS2 ho\u1eb7c \u2018moly\u2019). Ph\u1ee5 gia n\u00e0y c\u00f3 \u0111\u1eb7c t\u00ednh ch\u1ecbu \u00e1p su\u1ea5t c\u1ef1c cao, t\u0103ng kh\u1ea3 n\u0103ng ch\u1ed1ng m\u00e0i m\u00f2n c\u1ee7a m\u1ee1. C\u00f3 s\u1eb5n c\u00e1c c\u1ea5p \u0111\u1ed9 \u0111\u1eb7c NLGI 1, 2 v\u00e0 3.<\/p>\n<h3 style=\"text-align: justify\">\u1ee8ng D\u1ee5ng:<\/h3>\n<p style=\"text-align: justify\"><strong>M\u1ee1 b\u00f4i tr\u01a1n ch\u1ecbu t\u1ea3i n\u1eb7ng Sinopec Moly-Lithium<\/strong> ph\u00f9 h\u1ee3p \u0111\u1ec3 s\u1eed d\u1ee5ng:<\/p>\n<ul style=\"text-align: justify\">\n<li>V\u00f2ng bi v\u00e0 b\u00e1nh r\u0103ng c\u1ee7a thi\u1ebft b\u1ecb ch\u1ecbu t\u1ea3i n\u1eb7ng ho\u1ea1t \u0111\u1ed9ng trong \u0111i\u1ec1u ki\u1ec7n rung\/dao \u0111\u1ed9ng, ch\u1eb3ng h\u1ea1n nh\u01b0 nh\u1eefng thi\u1ebft b\u1ecb \u0111\u01b0\u1ee3c s\u1eed d\u1ee5ng trong ng\u00e0nh c\u00f4ng nghi\u1ec7p th\u00e9p v\u00e0 khai th\u00e1c m\u1ecf, n\u01a1i c\u1ea7n m\u1ee1 ch\u1ecbu \u00e1p su\u1ea5t c\u1ef1c cao\/ch\u1ed1ng m\u00e0i m\u00f2n m\u1ea1nh m\u1ebd.<\/li>\n<li>\u1ee8ng d\u1ee5ng trong ph\u1ea1m vi nhi\u1ec7t \u0111\u1ed9 t\u1eeb \u201320\u00b0C \u0111\u1ebfn +120\u00b0C.<\/li>\n<\/ul>\n<h3 style=\"text-align: justify\">\u0110\u1eb7c \u0110i\u1ec3m v\u00e0 L\u1ee3i \u00cdch:<\/h3>\n<ul>\n<li style=\"text-align: justify\"><strong>\u0110\u1eb7c t\u00ednh ch\u1ed1ng m\u00e0i m\u00f2n v\u00e0 ch\u1ecbu c\u1ef1c \u00e1p tuy\u1ec7t v\u1eddi:<\/strong> Gi\u00fap b\u1ea3o v\u1ec7 v\u00f2ng bi tr\u00e1nh s\u1ef1 m\u00e0i m\u00f2n trong \u0111i\u1ec1u ki\u1ec7n ch\u1ecbu t\u1ea3i tr\u1ecdng n\u1eb7ng v\u00e0 va \u0111\u1eadp, k\u00e9o d\u00e0i tu\u1ed5i th\u1ecd thi\u1ebft b\u1ecb.<\/li>\n<li style=\"text-align: justify\"><strong>Ph\u1ee5 gia r\u1eafn ch\u1ee9a molybden disulfide (MoS2):<\/strong> T\u0103ng t\u00ednh ch\u1ecbu t\u1ea3i v\u00e0 b\u1ea3o v\u1ec7 b\u1ec1 m\u1eb7t kim lo\u1ea1i ch\u1ed1ng m\u00e0i m\u00f2n trong nh\u1eefng tr\u01b0\u1eddng h\u1ee3p t\u1ea3i tr\u1ecdng rung \u0111\u1ed9ng va \u0111\u1eadp l\u00e0m m\u1ee1 c\u00f3 xu h\u01b0\u1edbng b\u1ecb \u00e9p ra kh\u1ecfi b\u1ec1 m\u1eb7t kim lo\u1ea1i.<\/li>\n<li style=\"text-align: justify\"><strong>Ch\u1ea5t l\u00e0m \u0111\u1eb7c x\u00e0 ph\u00f2ng (Lithium soap thickener):<\/strong> \u0110\u1ea3m b\u1ea3o \u0111\u1ed9 \u1ed5n \u0111\u1ecbnh c\u01a1 h\u1ecdc t\u1ed1t, do \u0111\u00f3 c\u1ea5u tr\u00fac m\u1ee1 kh\u00f4ng b\u1ecb m\u1ec1m ho\u1eb7c ph\u00e2n h\u1ee7y trong qu\u00e1 tr\u00ecnh s\u1eed d\u1ee5ng.<\/li>\n<li style=\"text-align: justify\"><strong>C\u00e1c \u0111\u1eb7c t\u00ednh ch\u1ed1ng n\u01b0\u1edbc t\u1ed1t:<\/strong> \u0110\u1ea3m b\u1ea3o m\u1ee1 kh\u00f4ng d\u1ec5 b\u1ecb r\u1eeda tr\u00f4i kh\u1ecfi \u1ed5 tr\u1ee5c ho\u1eb7c b\u1ec1 m\u1eb7t b\u00e1nh r\u0103ng, cung c\u1ea5p b\u1ea3o v\u1ec7 t\u1ed1i \u01b0u.<\/li>\n<li style=\"text-align: justify\"><strong>Kh\u1ea3 n\u0103ng ch\u1ecbu n\u01b0\u1edbc tuy\u1ec7t v\u1eddi:<\/strong> M\u1ee1 kh\u00f4ng b\u1ecb r\u1eeda tr\u00f4i ho\u1eb7c tr\u00e0o ra trong \u0111i\u1ec1u ki\u1ec7n \u01b0\u1edbt, gi\u00fap gi\u1ea3m hao ph\u00ed m\u1ee1.<\/li>\n<li style=\"text-align: justify\"><strong>\u0110\u1eb7c t\u00ednh k\u1ebft d\u00ednh t\u1ed1t:<\/strong> \u0110\u1ea3m b\u1ea3o m\u1ee1 b\u00e1m v\u00e0o b\u1ec1 m\u1eb7t kim lo\u1ea1i, ng\u0103n ch\u1eb7n b\u1ee5i b\u1ea9n v\u00e0 v\u1eadt li\u1ec7u m\u00e0i m\u00f2n, k\u00e9o d\u00e0i th\u1eddi gian b\u00f4i tr\u01a1n.<\/li>\n<li style=\"text-align: justify\"><strong>B\u1ea3o v\u1ec7 t\u1ed1t ch\u1ed1ng g\u1ec9 v\u00e0 \u0103n m\u00f2n:<\/strong> K\u00e9o d\u00e0i tu\u1ed5i th\u1ecd linh ki\u1ec7n v\u00e0 th\u1eddi gian b\u00f4i tr\u01a1n l\u1ea1i.<\/li>\n<li>\n<p style=\"text-align: justify\"><strong>C\u00f3 s\u1eb5n \u1edf c\u00e1c c\u1ea5p NLGI 1, 2 v\u00e0 3:<\/strong> \u0110\u1ec3 \u0111\u00e1p \u1ee9ng c\u00e1c y\u00eau c\u1ea7u c\u1ee7a c\u00e1c \u1ee9ng d\u1ee5ng c\u1ee5 th\u1ec3.<\/p>\n<\/li>\n<\/ul>\n<h3>\u0110\u1eb7c T\u00ednh v\u00e0 Ch\u1ec9 Ti\u00eau K\u1ef9 Thu\u1eadt:<\/h3>\n<div>\n<div>\n<div class=\"table-responsive\">\n<table class=\"table table-striped\">\n<thead>\n<tr>\n<th><strong>Th\u00f4ng S\u1ed1<\/strong><\/th>\n<th><strong>NLGI 1<\/strong><\/th>\n<th><strong>NLGI 2<\/strong><\/th>\n<th><strong>NLGI 3<\/strong><\/th>\n<\/tr>\n<\/thead>\n<tbody>\n<tr>\n<td><strong>C\u1ea5p NLGI<\/strong><\/td>\n<td>1<\/td>\n<td>2<\/td>\n<td>3<\/td>\n<\/tr>\n<tr>\n<td><strong>M\u00e0u s\u1eafc, tr\u1ef1c quan<\/strong><\/td>\n<td>\u0110en, m\u1ec1m<\/td>\n<td>\u0110en, m\u1ec1m<\/td>\n<td>\u0110en, m\u1ec1m<\/td>\n<\/tr>\n<tr>\n<td><strong>Ch\u1ea5t l\u00e0m \u0111\u1eb7c<\/strong><\/td>\n<td>Lithium<\/td>\n<td>Lithium<\/td>\n<td>Lithium<\/td>\n<\/tr>\n<tr>\n<td><strong>Lo\u1ea1i d\u1ea7u g\u1ed1c<\/strong><\/td>\n<td>Kho\u00e1ng S\u1ea3n<\/td>\n<td>Kho\u00e1ng S\u1ea3n<\/td>\n<td>Kho\u00e1ng S\u1ea3n<\/td>\n<\/tr>\n<tr>\n<td><strong>\u0110\u1ed9 nh\u1edbt \u0111\u1ed9ng h\u1ecdc c\u1ee7a d\u1ea7u g\u1ed1c, cSt @ 100\u00b0C (ASTM D445)<\/strong><\/td>\n<td>9-12<\/td>\n<td>9-12<\/td>\n<td>9-12<\/td>\n<\/tr>\n<tr>\n<td><strong>\u0110\u1ed9 xuy\u00ean kim, W\u00d760, mm-1 (ASTM D217)<\/strong><\/td>\n<td>329<\/td>\n<td>289<\/td>\n<td>240<\/td>\n<\/tr>\n<tr>\n<td><strong>\u0110\u1ed9 xuy\u00ean kim, W\u00d7100,000, mm-1 (ASTM D217)<\/strong><\/td>\n<td>340<\/td>\n<td>314<\/td>\n<td>280<\/td>\n<\/tr>\n<tr>\n<td><strong>Nhi\u1ec7t \u0111\u1ed9 nh\u1ecf gi\u1ecdt, \u00b0C (ASTM D566)<\/strong><\/td>\n<td>194<\/td>\n<td>199<\/td>\n<td>200<\/td>\n<\/tr>\n<tr>\n<td><strong>T\u00e1ch d\u1ea7u, 24 h @ 100\u00b0C, % (FTMS 791C-321.3)<\/strong><\/td>\n<td>6.6<\/td>\n<td>2.8<\/td>\n<td>0.0<\/td>\n<\/tr>\n<tr>\n<td><strong>\u0110\u1ed9 nh\u1edbt bi\u1ec3u ki\u1ebfn, \u201315\u00b0C, 10 s\u20131, Pas (GOST 7163)<\/strong><\/td>\n<td>198<\/td>\n<td>320<\/td>\n<td>891<\/td>\n<\/tr>\n<tr>\n<td><strong>\u0110\u1ed9 \u1ed5n \u0111\u1ecbnh oxy h\u00f3a, 100 h @ 99\u00b0C &amp; 758 kPa, gi\u1ea3m \u00e1p su\u1ea5t, kPa (ASTM D942)<\/strong><\/td>\n<td>19<\/td>\n<td>30<\/td>\n<td>49<\/td>\n<\/tr>\n<tr>\n<td><strong>Ph\u00f2ng ch\u1ed1ng \u0103n m\u00f2n, 48 h @ 52\u00b0C (ASTM D1743)<\/strong><\/td>\n<td>Pass<\/td>\n<td>Pass<\/td>\n<td>Pass<\/td>\n<\/tr>\n<tr>\n<td><strong>\u0110\u1ed9 r\u1eeda tr\u00f4i c\u1ee7a n\u01b0\u1edbc, 1 h @ 38\u00b0C, % (ASTM D1264)<\/strong><\/td>\n<td>3.5<\/td>\n<td>1.25<\/td>\n<td>1.25<\/td>\n<\/tr>\n<tr>\n<td><strong>Th\u1eed t\u1ea3i tr\u1ecdng EP tr\u00ean 4 bi, t\u1ea3i kh\u00f4ng k\u1eb9t t\u1ed1i \u0111a PB, N (ASTM D2596)<\/strong><\/td>\n<td>618<\/td>\n<td>618<\/td>\n<td>618<\/td>\n<\/tr>\n<\/tbody>\n<\/table>\n<\/div>\n<div><\/div>\n<\/div>\n<div><\/div>\n<p><\/p>","protected":false},"excerpt":{"rendered":"<p style=\"text-align: justify\"><strong>M\u1ee1 b\u00f4i tr\u01a1n ch\u1ecbu t\u1ea3i n\u1eb7ng Sinopec Moly-Lithium<\/strong> l\u00e0 m\u1ee1 b\u00f4i tr\u01a1n ch\u1ecbu c\u1ef1c \u00e1p cao, \u0111\u01b0\u1ee3c pha ch\u1ebf t\u1eeb ch\u1ea5t l\u00e0m \u0111\u1eb7c x\u00e0 ph\u00f2ng lithium v\u00e0 d\u1ea7u g\u1ed1c kho\u00e1ng ch\u1ea5t l\u01b0\u1ee3ng cao, k\u1ebft h\u1ee3p v\u1edbi c\u00e1c ph\u1ee5 gia \u0111\u01b0\u1ee3c ch\u1ecdn l\u1ecdc. \u0110\u1eb7c bi\u1ec7t c\u00f3 b\u1ed5 sung ph\u1ee5 gia r\u1eafn ch\u1ecbu t\u1ea3i n\u1eb7ng Molybdenum disulfide (MoS2 ho\u1eb7c \u2018moly\u2019). Ph\u1ee5 gia n\u00e0y c\u00f3 \u0111\u1eb7c t\u00ednh ch\u1ecbu \u00e1p su\u1ea5t c\u1ef1c cao, t\u0103ng kh\u1ea3 n\u0103ng ch\u1ed1ng m\u00e0i m\u00f2n c\u1ee7a m\u1ee1. C\u00f3 s\u1eb5n c\u00e1c c\u1ea5p \u0111\u1ed9 \u0111\u1eb7c NLGI 1, 2 v\u00e0 3.<\/p>\n","protected":false},"featured_media":27397,"comment_status":"closed","ping_status":"closed","template":"","meta":[],"product_cat":[773,719,722,1188],"product_tag":[1211,1202,1215,1214,1050,1213,1068,1212,1209,1210],"class_list":{"0":"post-28163","1":"product","2":"type-product","3":"status-publish","4":"has-post-thumbnail","6":"product_brand-sinopec","7":"product_cat-dau-cong-nghiep-sinopec","8":"product_cat-dau-nhot-sinopec","9":"product_cat-mo-cong-nghiep-sinopec","10":"product_cat-mo-sinopec-nlgi-moly-lithium","11":"product_tag-mo-boi-tron-chiu-ap-luc","12":"product_tag-mo-boi-tron-chiu-tai-nang","13":"product_tag-mo-boi-tron-cho-vong-bi-va-banh-rang","14":"product_tag-mo-boi-tron-cong-nghiep","15":"product_tag-mo-chiu-cuc-ap","16":"product_tag-mo-chiu-rung-dong-va-va-dap","17":"product_tag-mo-chong-mai-mon","18":"product_tag-mo-chua-molybden-disulfide","19":"product_tag-mo-moly-lithium","20":"product_tag-sinopec-moly-lithium-grease","22":"first","23":"instock","24":"shipping-taxable","25":"product-type-simple"},"yoast_head":"<!-- This site is optimized with the Yoast SEO plugin v27.2 - https:\/\/yoast.com\/product\/yoast-seo-wordpress\/ -->\n<title>M\u1ee1 Sinopec Moly-Lithium NLGI 2 - C\u00f4ng Ty TNHH D\u1ea7u Nh\u1eddn T&amp;T Vi\u1ec7t Nam<\/title>\n<meta name=\"robots\" content=\"index, follow, max-snippet:-1, max-image-preview:large, max-video-preview:-1\" \/>\n<link rel=\"canonical\" href=\"https:\/\/tatco.vn\/vi\/san-pham\/mo-sinopec-moly-lithium-nlgi-2\/\" \/>\n<meta property=\"og:locale\" content=\"vi_VN\" \/>\n<meta property=\"og:type\" content=\"article\" \/>\n<meta property=\"og:title\" content=\"M\u1ee1 Sinopec Moly-Lithium NLGI 2 - C\u00f4ng Ty TNHH D\u1ea7u Nh\u1eddn T&amp;T Vi\u1ec7t Nam\" \/>\n<meta property=\"og:url\" content=\"https:\/\/tatco.vn\/vi\/san-pham\/mo-sinopec-moly-lithium-nlgi-2\/\" \/>\n<meta property=\"og:site_name\" content=\"C\u00f4ng Ty TNHH D\u1ea7u Nh\u1eddn T&amp;T Vi\u1ec7t Nam\" \/>\n<meta property=\"article:modified_time\" content=\"2025-02-09T10:47:24+00:00\" \/>\n<meta property=\"og:image\" content=\"https:\/\/tatco.vn\/wp-content\/uploads\/2021\/06\/Sinopec-oil-product.png\" \/>\n\t<meta property=\"og:image:width\" content=\"1000\" \/>\n\t<meta property=\"og:image:height\" content=\"1000\" \/>\n\t<meta property=\"og:image:type\" content=\"image\/png\" \/>\n<meta name=\"twitter:card\" content=\"summary_large_image\" \/>\n<meta name=\"twitter:label1\" content=\"\u01af\u1edbc t\u00ednh th\u1eddi gian \u0111\u1ecdc\" \/>\n\t<meta name=\"twitter:data1\" content=\"3 ph\u00fat\" \/>\n<script type=\"application\/ld+json\" class=\"yoast-schema-graph\">{\"@context\":\"https:\/\/schema.org\",\"@graph\":[{\"@type\":\"WebPage\",\"@id\":\"https:\/\/tatco.vn\/vi\/san-pham\/mo-sinopec-moly-lithium-nlgi-2\/\",\"url\":\"https:\/\/tatco.vn\/vi\/san-pham\/mo-sinopec-moly-lithium-nlgi-2\/\",\"name\":\"M\u1ee1 Sinopec Moly-Lithium NLGI 2 - C\u00f4ng Ty TNHH D\u1ea7u Nh\u1eddn T&amp;T Vi\u1ec7t Nam\",\"isPartOf\":{\"@id\":\"https:\/\/tatco.vn\/en\/#website\"},\"primaryImageOfPage\":{\"@id\":\"https:\/\/tatco.vn\/vi\/san-pham\/mo-sinopec-moly-lithium-nlgi-2\/#primaryimage\"},\"image\":{\"@id\":\"https:\/\/tatco.vn\/vi\/san-pham\/mo-sinopec-moly-lithium-nlgi-2\/#primaryimage\"},\"thumbnailUrl\":\"https:\/\/tatco.vn\/wp-content\/uploads\/2021\/06\/Sinopec-oil-product.png\",\"datePublished\":\"2025-02-09T10:46:21+00:00\",\"dateModified\":\"2025-02-09T10:47:24+00:00\",\"breadcrumb\":{\"@id\":\"https:\/\/tatco.vn\/vi\/san-pham\/mo-sinopec-moly-lithium-nlgi-2\/#breadcrumb\"},\"inLanguage\":\"vi\",\"potentialAction\":[{\"@type\":\"ReadAction\",\"target\":[\"https:\/\/tatco.vn\/vi\/san-pham\/mo-sinopec-moly-lithium-nlgi-2\/\"]}]},{\"@type\":\"ImageObject\",\"inLanguage\":\"vi\",\"@id\":\"https:\/\/tatco.vn\/vi\/san-pham\/mo-sinopec-moly-lithium-nlgi-2\/#primaryimage\",\"url\":\"https:\/\/tatco.vn\/wp-content\/uploads\/2021\/06\/Sinopec-oil-product.png\",\"contentUrl\":\"https:\/\/tatco.vn\/wp-content\/uploads\/2021\/06\/Sinopec-oil-product.png\",\"width\":1000,\"height\":1000},{\"@type\":\"BreadcrumbList\",\"@id\":\"https:\/\/tatco.vn\/vi\/san-pham\/mo-sinopec-moly-lithium-nlgi-2\/#breadcrumb\",\"itemListElement\":[{\"@type\":\"ListItem\",\"position\":1,\"name\":\"Home\",\"item\":\"https:\/\/tatco.vn\/\"},{\"@type\":\"ListItem\",\"position\":2,\"name\":\"C\u1eeda h\u00e0ng\",\"item\":\"https:\/\/tatco.vn\/en\/mua\/\"},{\"@type\":\"ListItem\",\"position\":3,\"name\":\"M\u1ee1 Sinopec Moly-Lithium NLGI 2\"}]},{\"@type\":\"WebSite\",\"@id\":\"https:\/\/tatco.vn\/en\/#website\",\"url\":\"https:\/\/tatco.vn\/en\/\",\"name\":\"C\u00f4ng Ty TNHH D\u1ea7u Nh\u1eddn T&amp;T Vi\u1ec7t Nam\",\"description\":\"Right Point - Right Time - Best Solution\",\"publisher\":{\"@id\":\"https:\/\/tatco.vn\/en\/#organization\"},\"potentialAction\":[{\"@type\":\"SearchAction\",\"target\":{\"@type\":\"EntryPoint\",\"urlTemplate\":\"https:\/\/tatco.vn\/en\/?s={search_term_string}\"},\"query-input\":{\"@type\":\"PropertyValueSpecification\",\"valueRequired\":true,\"valueName\":\"search_term_string\"}}],\"inLanguage\":\"vi\"},{\"@type\":\"Organization\",\"@id\":\"https:\/\/tatco.vn\/en\/#organization\",\"name\":\"C\u00f4ng Ty TNHH D\u1ea7u Nh\u1eddn T&T Vi\u1ec7t Nam\",\"url\":\"https:\/\/tatco.vn\/en\/\",\"logo\":{\"@type\":\"ImageObject\",\"inLanguage\":\"vi\",\"@id\":\"https:\/\/tatco.vn\/en\/#\/schema\/logo\/image\/\",\"url\":\"https:\/\/tatco.vn\/wp-content\/uploads\/2019\/05\/fav-ico.png\",\"contentUrl\":\"https:\/\/tatco.vn\/wp-content\/uploads\/2019\/05\/fav-ico.png\",\"width\":200,\"height\":200,\"caption\":\"C\u00f4ng Ty TNHH D\u1ea7u Nh\u1eddn T&T Vi\u1ec7t Nam\"},\"image\":{\"@id\":\"https:\/\/tatco.vn\/en\/#\/schema\/logo\/image\/\"}}]}<\/script>\n<!-- \/ Yoast SEO plugin. -->","yoast_head_json":{"title":"M\u1ee1 Sinopec Moly-Lithium NLGI 2 - C\u00f4ng Ty TNHH D\u1ea7u Nh\u1eddn T&amp;T Vi\u1ec7t Nam","robots":{"index":"index","follow":"follow","max-snippet":"max-snippet:-1","max-image-preview":"max-image-preview:large","max-video-preview":"max-video-preview:-1"},"canonical":"https:\/\/tatco.vn\/vi\/san-pham\/mo-sinopec-moly-lithium-nlgi-2\/","og_locale":"vi_VN","og_type":"article","og_title":"M\u1ee1 Sinopec Moly-Lithium NLGI 2 - C\u00f4ng Ty TNHH D\u1ea7u Nh\u1eddn T&amp;T Vi\u1ec7t Nam","og_url":"https:\/\/tatco.vn\/vi\/san-pham\/mo-sinopec-moly-lithium-nlgi-2\/","og_site_name":"C\u00f4ng Ty TNHH D\u1ea7u Nh\u1eddn T&amp;T Vi\u1ec7t Nam","article_modified_time":"2025-02-09T10:47:24+00:00","og_image":[{"width":1000,"height":1000,"url":"https:\/\/tatco.vn\/wp-content\/uploads\/2021\/06\/Sinopec-oil-product.png","type":"image\/png"}],"twitter_card":"summary_large_image","twitter_misc":{"\u01af\u1edbc t\u00ednh th\u1eddi gian \u0111\u1ecdc":"3 ph\u00fat"},"schema":{"@context":"https:\/\/schema.org","@graph":[{"@type":"WebPage","@id":"https:\/\/tatco.vn\/vi\/san-pham\/mo-sinopec-moly-lithium-nlgi-2\/","url":"https:\/\/tatco.vn\/vi\/san-pham\/mo-sinopec-moly-lithium-nlgi-2\/","name":"M\u1ee1 Sinopec Moly-Lithium NLGI 2 - C\u00f4ng Ty TNHH D\u1ea7u Nh\u1eddn T&amp;T Vi\u1ec7t Nam","isPartOf":{"@id":"https:\/\/tatco.vn\/en\/#website"},"primaryImageOfPage":{"@id":"https:\/\/tatco.vn\/vi\/san-pham\/mo-sinopec-moly-lithium-nlgi-2\/#primaryimage"},"image":{"@id":"https:\/\/tatco.vn\/vi\/san-pham\/mo-sinopec-moly-lithium-nlgi-2\/#primaryimage"},"thumbnailUrl":"https:\/\/tatco.vn\/wp-content\/uploads\/2021\/06\/Sinopec-oil-product.png","datePublished":"2025-02-09T10:46:21+00:00","dateModified":"2025-02-09T10:47:24+00:00","breadcrumb":{"@id":"https:\/\/tatco.vn\/vi\/san-pham\/mo-sinopec-moly-lithium-nlgi-2\/#breadcrumb"},"inLanguage":"vi","potentialAction":[{"@type":"ReadAction","target":["https:\/\/tatco.vn\/vi\/san-pham\/mo-sinopec-moly-lithium-nlgi-2\/"]}]},{"@type":"ImageObject","inLanguage":"vi","@id":"https:\/\/tatco.vn\/vi\/san-pham\/mo-sinopec-moly-lithium-nlgi-2\/#primaryimage","url":"https:\/\/tatco.vn\/wp-content\/uploads\/2021\/06\/Sinopec-oil-product.png","contentUrl":"https:\/\/tatco.vn\/wp-content\/uploads\/2021\/06\/Sinopec-oil-product.png","width":1000,"height":1000},{"@type":"BreadcrumbList","@id":"https:\/\/tatco.vn\/vi\/san-pham\/mo-sinopec-moly-lithium-nlgi-2\/#breadcrumb","itemListElement":[{"@type":"ListItem","position":1,"name":"Home","item":"https:\/\/tatco.vn\/"},{"@type":"ListItem","position":2,"name":"C\u1eeda h\u00e0ng","item":"https:\/\/tatco.vn\/en\/mua\/"},{"@type":"ListItem","position":3,"name":"M\u1ee1 Sinopec Moly-Lithium NLGI 2"}]},{"@type":"WebSite","@id":"https:\/\/tatco.vn\/en\/#website","url":"https:\/\/tatco.vn\/en\/","name":"C\u00f4ng Ty TNHH D\u1ea7u Nh\u1eddn T&amp;T Vi\u1ec7t Nam","description":"Right Point - Right Time - Best Solution","publisher":{"@id":"https:\/\/tatco.vn\/en\/#organization"},"potentialAction":[{"@type":"SearchAction","target":{"@type":"EntryPoint","urlTemplate":"https:\/\/tatco.vn\/en\/?s={search_term_string}"},"query-input":{"@type":"PropertyValueSpecification","valueRequired":true,"valueName":"search_term_string"}}],"inLanguage":"vi"},{"@type":"Organization","@id":"https:\/\/tatco.vn\/en\/#organization","name":"C\u00f4ng Ty TNHH D\u1ea7u Nh\u1eddn T&T Vi\u1ec7t Nam","url":"https:\/\/tatco.vn\/en\/","logo":{"@type":"ImageObject","inLanguage":"vi","@id":"https:\/\/tatco.vn\/en\/#\/schema\/logo\/image\/","url":"https:\/\/tatco.vn\/wp-content\/uploads\/2019\/05\/fav-ico.png","contentUrl":"https:\/\/tatco.vn\/wp-content\/uploads\/2019\/05\/fav-ico.png","width":200,"height":200,"caption":"C\u00f4ng Ty TNHH D\u1ea7u Nh\u1eddn T&T Vi\u1ec7t Nam"},"image":{"@id":"https:\/\/tatco.vn\/en\/#\/schema\/logo\/image\/"}}]}},"_links":{"self":[{"href":"https:\/\/tatco.vn\/vi\/wp-json\/wp\/v2\/product\/28163","targetHints":{"allow":["GET"]}}],"collection":[{"href":"https:\/\/tatco.vn\/vi\/wp-json\/wp\/v2\/product"}],"about":[{"href":"https:\/\/tatco.vn\/vi\/wp-json\/wp\/v2\/types\/product"}],"replies":[{"embeddable":true,"href":"https:\/\/tatco.vn\/vi\/wp-json\/wp\/v2\/comments?post=28163"}],"version-history":[{"count":0,"href":"https:\/\/tatco.vn\/vi\/wp-json\/wp\/v2\/product\/28163\/revisions"}],"wp:featuredmedia":[{"embeddable":true,"href":"https:\/\/tatco.vn\/vi\/wp-json\/wp\/v2\/media\/27397"}],"wp:attachment":[{"href":"https:\/\/tatco.vn\/vi\/wp-json\/wp\/v2\/media?parent=28163"}],"wp:term":[{"taxonomy":"product_cat","embeddable":true,"href":"https:\/\/tatco.vn\/vi\/wp-json\/wp\/v2\/product_cat?post=28163"},{"taxonomy":"product_tag","embeddable":true,"href":"https:\/\/tatco.vn\/vi\/wp-json\/wp\/v2\/product_tag?post=28163"}],"curies":[{"name":"wp","href":"https:\/\/api.w.org\/{rel}","templated":true}]}}