{"id":28150,"date":"2025-02-09T17:21:52","date_gmt":"2025-02-09T10:21:52","guid":{"rendered":"https:\/\/tatco.vn\/vi\/?post_type=product&#038;p=28150"},"modified":"2025-02-09T17:22:51","modified_gmt":"2025-02-09T10:22:51","slug":"mo-sinopec-nlgi-1-extreme-pressure-golden","status":"publish","type":"product","link":"https:\/\/tatco.vn\/vi\/san-pham\/mo-sinopec-nlgi-1-extreme-pressure-golden\/","title":{"rendered":"M\u1ee1 Sinopec NLGI 1 Extreme Pressure Golden"},"content":{"rendered":"<p><\/p>\n<p style=\"text-align: justify\"><strong>Sinopec EP Golden Grease<\/strong> l\u00e0 m\u1ee1 ch\u1ecbu c\u1ef1c \u00e1p \u0111a d\u1ee5ng, \u0111\u01b0\u1ee3c pha ch\u1ebf b\u1eb1ng c\u00e1ch s\u1eed d\u1ee5ng c\u00f4ng ngh\u1ec7 nan\u00f4 ti\u00ean ti\u1ebfn, NanoShield. N\u00f3 \u0111\u01b0\u1ee3c chu\u1ea9n b\u1ecb th\u00f4ng qua qu\u00e1 tr\u00ecnh x\u00e0 ph\u00f2ng h\u00f3a c\u00e1c ti\u1ec1n ch\u1ea5t nan\u00f4 c\u00f3 ho\u1ea1t t\u00ednh cao v\u00e0 axit b\u00e9o \u0111\u1ec3 t\u1ea1o th\u00e0nh c\u00e1c s\u1ee3i x\u00e0 ph\u00f2ng kim lo\u1ea1i \u1ed5n \u0111\u1ecbnh v\u00e0 g\u1ecdn nh\u1eb9 trong d\u1ea7u g\u1ed1c kho\u00e1ng ch\u1ea5t l\u01b0\u1ee3ng cao. S\u1ea3n ph\u1ea9m ch\u1ee9a c\u00e1c ph\u1ee5 gia ch\u1ecbu c\u1ef1c \u00e1p v\u00e0 ch\u1ed1ng m\u00e0i m\u00f2n, cung c\u1ea5p kh\u1ea3 n\u0103ng ch\u1ecbu c\u1ef1c \u00e1p, b\u1ea3o v\u1ec7 ch\u1ed1ng m\u00e0i m\u00f2n tuy\u1ec7t v\u1eddi, \u0111\u1ed9 b\u00f4i tr\u01a1n v\u01b0\u1ee3t tr\u1ed9i, c\u0169ng nh\u01b0 \u0111\u1ed9 \u1ed5n \u0111\u1ecbnh c\u01a1 h\u1ecdc, kh\u1ea3 n\u0103ng ch\u1ed1ng n\u01b0\u1edbc, \u0111\u1ed9 b\u00e1m d\u00ednh, kh\u1ea3 n\u0103ng b\u1ecbt k\u00edn v\u00e0 kh\u1ea3 n\u0103ng ch\u1ed1ng g\u1ec9 tuy\u1ec7t v\u1eddi, \u0111\u1ea3m b\u1ea3o hi\u1ec7u su\u1ea5t v\u01b0\u1ee3t tr\u1ed9i v\u00e0 tu\u1ed5i th\u1ecd d\u00e0i ngay c\u1ea3 trong \u0111i\u1ec1u ki\u1ec7n v\u1eadn h\u00e0nh kh\u1eafc nghi\u1ec7t nh\u01b0 t\u1ea3i tr\u1ecdng s\u1ed1c v\u00e0 nhi\u1ec5m n\u01b0\u1edbc.<\/p>\n<h3 style=\"text-align: justify\">\u1ee8ng D\u1ee5ng:<\/h3>\n<p style=\"text-align: justify\"><strong>Sinopec EP Golden Grease<\/strong> ph\u00f9 h\u1ee3p \u0111\u1ec3 s\u1eed d\u1ee5ng trong:<\/p>\n<ul style=\"text-align: justify\">\n<li>B\u00f4i tr\u01a1n v\u00e0 b\u1ea3o v\u1ec7 c\u00e1c thi\u1ebft b\u1ecb c\u01a1 kh\u00ed ch\u1ecbu t\u1ea3i t\u1eeb trung b\u00ecnh \u0111\u1ebfn n\u1eb7ng v\u00e0 t\u1ed1c \u0111\u1ed9 trung b\u00ecnh ho\u1eb7c th\u1ea5p nh\u01b0 m\u00e1y m\u00f3c x\u00e2y d\u1ef1ng, m\u00e1y m\u00f3c n\u00f4ng nghi\u1ec7p, g\u1ed1m s\u1ee9 (nh\u01b0 m\u00e1y \u0111\u00e1nh b\u00f3ng, v\u00f2ng bi truy\u1ec1n \u0111\u1ed9ng).<\/li>\n<li>\u1ee8ng d\u1ee5ng cho v\u00f2ng bi \u0111\u1ed9ng c\u01a1, luy\u1ec7n kim (nh\u01b0 b\u0103ng t\u1ea3i), \u00f4 t\u00f4 (khung g\u1ea7m, b\u00e1nh xe) v\u00e0 m\u00e1y m\u00f3c th\u00f4ng th\u01b0\u1eddng kh\u00e1c, v.v.<\/li>\n<li>C\u00e1c \u1ee9ng d\u1ee5ng c\u00f3 ph\u1ea1m vi nhi\u1ec7t \u0111\u1ed9 t\u1eeb -20\u2103 \u0111\u1ebfn 110\u2103.<\/li>\n<\/ul>\n<h3 style=\"text-align: justify\">T\u00ednh N\u0103ng v\u00e0 L\u1ee3i \u00cdch:<\/h3>\n<ul style=\"text-align: justify\">\n<li><strong>C\u00e1c \u0110\u1eb7c T\u00ednh Ch\u1ed1ng M\u00e0i M\u00f2n v\u00e0 Ch\u1ecbu \u00c1p Su\u1ea5t C\u1ef1c Cao:<\/strong> B\u1ea3o v\u1ec7 c\u00e1c v\u00f2ng bi ch\u1ecbu t\u1ea3i n\u1eb7ng ho\u1eb7c ch\u1ecbu t\u1ea3i tr\u1ecdng s\u1ed1c kh\u1ecfi b\u1ecb m\u00e0i m\u00f2n, k\u00e9o d\u00e0i tu\u1ed5i th\u1ecd thi\u1ebft b\u1ecb.<\/li>\n<li><strong>Kh\u1ea3 N\u0103ng Ch\u1ed1ng R\u1eeda Tr\u00f4i N\u01b0\u1edbc Tuy\u1ec7t V\u1eddi:<\/strong> C\u1ea3i thi\u1ec7n \u0111\u1ed9 b\u00f4i tr\u01a1n ngay c\u1ea3 trong \u0111i\u1ec1u ki\u1ec7n \u0111\u1ed9 \u1ea9m cao v\u00e0 nhi\u1ec5m n\u01b0\u1edbc kh\u00f4ng th\u1ec3 tr\u00e1nh kh\u1ecfi.<\/li>\n<li><strong>\u1ed4n \u0110\u1ecbnh Oxy H\u00f3a V\u01b0\u1ee3t Tr\u1ed9i:<\/strong> \u0110\u1ea3m b\u1ea3o tu\u1ed5i th\u1ecd d\u00e0i h\u01a1n trong qu\u00e1 tr\u00ecnh \u1ee9ng d\u1ee5ng.<\/li>\n<li><strong>\u1ed4n \u0110\u1ecbnh C\u01a1 H\u1ecdc Tuy\u1ec7t V\u1eddi:<\/strong> \u0110\u1ea3m b\u1ea3o kh\u1ea3 n\u0103ng ch\u1ed1ng ch\u1ecbu l\u1ef1c c\u1eaft kh\u1eafc nghi\u1ec7t.<\/li>\n<li><strong>Kh\u1ea3 N\u0103ng Ch\u1ed1ng G\u1ec9 V\u01b0\u1ee3t Tr\u1ed9i:<\/strong> Ng\u0103n ng\u1eeba s\u1ef1 m\u00e0i m\u00f2n c\u1ee7a c\u00e1c c\u1eb7p ma s\u00e1t trong qu\u00e1 tr\u00ecnh v\u1eadn h\u00e0nh.<\/li>\n<li><strong>\u0110\u1ed9 B\u00e1m D\u00ednh T\u1ed1t:<\/strong> Trong ph\u1ea1m vi nhi\u1ec7t \u0111\u1ed9 \u1ee9ng d\u1ee5ng.<\/li>\n<\/ul>\n<div style=\"text-align: justify\"><\/div>\n<h3>\u0110\u1eb7c T\u00ednh v\u00e0 Ch\u1ec9 Ti\u00eau K\u1ef9 Thu\u1eadt<\/h3>\n<div>\n<div>\n<div class=\"table-responsive\">\n<table class=\"table table-striped\">\n<thead>\n<tr>\n<th><strong>Th\u00f4ng S\u1ed1<\/strong><\/th>\n<th><strong>NLGI 1<\/strong><\/th>\n<th><strong>NLGI 2<\/strong><\/th>\n<th><strong>NLGI 3<\/strong><\/th>\n<\/tr>\n<\/thead>\n<tbody>\n<tr>\n<td><strong>Grade NLGI<\/strong><\/td>\n<td>1<\/td>\n<td>2<\/td>\n<td>3<\/td>\n<\/tr>\n<tr>\n<td><strong>Ngo\u1ea1i H\u00ecnh, Tr\u1ef1c Quan<\/strong><\/td>\n<td>M\u1ecbn, n\u00e2u nh\u1ea1t, b\u01a1<\/td>\n<td>M\u1ecbn, n\u00e2u nh\u1ea1t, b\u01a1<\/td>\n<td>M\u1ecbn, n\u00e2u nh\u1ea1t, b\u01a1<\/td>\n<\/tr>\n<tr>\n<td><strong>Lo\u1ea1i Ch\u1ea5t L\u1ecfng C\u01a1 B\u1ea3n<\/strong><\/td>\n<td>Kho\u00e1ng S\u1ea3n<\/td>\n<td>Kho\u00e1ng S\u1ea3n<\/td>\n<td>Kho\u00e1ng S\u1ea3n<\/td>\n<\/tr>\n<tr>\n<td><strong>\u0110\u1ed9 Nh\u1edbt \u0110\u1ed9ng H\u1ecdc, cSt @ 40\u2103 (ASTM D445)<\/strong><\/td>\n<td>170<\/td>\n<td>170<\/td>\n<td>170<\/td>\n<\/tr>\n<tr>\n<td><strong>\u0110\u1ed9 Xuy\u00ean Th\u1ee7ng H\u00ecnh N\u00f3n, W\u00d760, mm-1 (ASTM D217)<\/strong><\/td>\n<td>318<\/td>\n<td>283<\/td>\n<td>238<\/td>\n<\/tr>\n<tr>\n<td><strong>\u0110\u1ed9 Xuy\u00ean Th\u1ee7ng H\u00ecnh N\u00f3n, W\u00d7100,000, mm-1 (ASTM D217)<\/strong><\/td>\n<td>345<\/td>\n<td>317<\/td>\n<td>275<\/td>\n<\/tr>\n<tr>\n<td><strong>\u0110i\u1ec3m Nh\u1ecf Gi\u1ecdt, \u2103 (ASTM D566)<\/strong><\/td>\n<td>138<\/td>\n<td>150<\/td>\n<td>155<\/td>\n<\/tr>\n<tr>\n<td><strong>T\u00e1ch D\u1ea7u, 24 Gi\u1edd @ 100\u2103, % (ASTM D6184)<\/strong><\/td>\n<td>8.0<\/td>\n<td>3.2<\/td>\n<td>0.2<\/td>\n<\/tr>\n<tr>\n<td><strong>\u0102n M\u00f2n \u0110\u1ed3ng, D\u1ea3i \u0110\u1ed3ng T2, 24 Gi\u1edd @ 100\u2103 (JIS K 2220 5.5)<\/strong><\/td>\n<td>V\u01b0\u1ee3t Qua<\/td>\n<td>V\u01b0\u1ee3t Qua<\/td>\n<td>V\u01b0\u1ee3t Qua<\/td>\n<\/tr>\n<tr>\n<td><strong>Ph\u00f2ng Ng\u1eeba \u0102n M\u00f2n, 48 Gi\u1edd @ 52\u2103 (ASTM D1743)<\/strong><\/td>\n<td>V\u01b0\u1ee3t Qua<\/td>\n<td>V\u01b0\u1ee3t Qua<\/td>\n<td>V\u01b0\u1ee3t Qua<\/td>\n<\/tr>\n<tr>\n<td><strong>T\u1ea3i Tr\u1ecdng Timken OK, N (ASTM D2509)<\/strong><\/td>\n<td>178<\/td>\n<td>178<\/td>\n<td>178<\/td>\n<\/tr>\n<tr>\n<td><strong>B\u1ed1n Bi EP, PB, N (ASTM D2596)<\/strong><\/td>\n<td>618<\/td>\n<td>618<\/td>\n<td>618<\/td>\n<\/tr>\n<tr>\n<td><strong>\u0110\u1ed9 Nh\u1edbt Bi\u1ec3u Ki\u1ebfn, -15\u2103, 10 s-1, Pas (GOST 7163)<\/strong><\/td>\n<td>126<\/td>\n<td>349<\/td>\n<td>736<\/td>\n<\/tr>\n<tr>\n<td><strong>T\u1ea1p Ch\u1ea5t, S\u1ed1 L\u01b0\u1ee3ng\/cm3 (JIS K 2220 5.9)<\/strong><\/td>\n<td>25 \u00b5m ho\u1eb7c l\u1edbn h\u01a1n: 200, 75 \u00b5m ho\u1eb7c l\u1edbn h\u01a1n: 0, 125 \u00b5m ho\u1eb7c l\u1edbn h\u01a1n: 0<\/td>\n<td>25 \u00b5m ho\u1eb7c l\u1edbn h\u01a1n: 280, 75 \u00b5m ho\u1eb7c l\u1edbn h\u01a1n: 0, 125 \u00b5m ho\u1eb7c l\u1edbn h\u01a1n: 0<\/td>\n<td>25 \u00b5m ho\u1eb7c l\u1edbn h\u01a1n: 280, 75 \u00b5m ho\u1eb7c l\u1edbn h\u01a1n: 90, 125 \u00b5m ho\u1eb7c l\u1edbn h\u01a1n: 0<\/td>\n<\/tr>\n<\/tbody>\n<\/table>\n<\/div>\n<div><\/div>\n<\/div>\n<\/div>\n<p><\/p>","protected":false},"excerpt":{"rendered":"<p style=\"text-align: justify\"><strong>Sinopec EP Golden Grease<\/strong> l\u00e0 m\u1ee1 ch\u1ecbu c\u1ef1c \u00e1p \u0111a d\u1ee5ng, \u0111\u01b0\u1ee3c pha ch\u1ebf b\u1eb1ng c\u00e1ch s\u1eed d\u1ee5ng c\u00f4ng ngh\u1ec7 nan\u00f4 ti\u00ean ti\u1ebfn, NanoShield. N\u00f3 \u0111\u01b0\u1ee3c chu\u1ea9n b\u1ecb th\u00f4ng qua qu\u00e1 tr\u00ecnh x\u00e0 ph\u00f2ng h\u00f3a c\u00e1c ti\u1ec1n ch\u1ea5t nan\u00f4 c\u00f3 ho\u1ea1t t\u00ednh cao v\u00e0 axit b\u00e9o \u0111\u1ec3 t\u1ea1o th\u00e0nh c\u00e1c s\u1ee3i x\u00e0 ph\u00f2ng kim lo\u1ea1i \u1ed5n \u0111\u1ecbnh v\u00e0 g\u1ecdn nh\u1eb9 trong d\u1ea7u g\u1ed1c kho\u00e1ng ch\u1ea5t l\u01b0\u1ee3ng cao. S\u1ea3n ph\u1ea9m ch\u1ee9a c\u00e1c ph\u1ee5 gia ch\u1ecbu c\u1ef1c \u00e1p v\u00e0 ch\u1ed1ng m\u00e0i m\u00f2n, cung c\u1ea5p kh\u1ea3 n\u0103ng ch\u1ecbu c\u1ef1c \u00e1p, b\u1ea3o v\u1ec7 ch\u1ed1ng m\u00e0i m\u00f2n tuy\u1ec7t v\u1eddi, \u0111\u1ed9 b\u00f4i tr\u01a1n v\u01b0\u1ee3t tr\u1ed9i, c\u0169ng nh\u01b0 \u0111\u1ed9 \u1ed5n \u0111\u1ecbnh c\u01a1 h\u1ecdc, kh\u1ea3 n\u0103ng ch\u1ed1ng n\u01b0\u1edbc, \u0111\u1ed9 b\u00e1m d\u00ednh, kh\u1ea3 n\u0103ng b\u1ecbt k\u00edn v\u00e0 kh\u1ea3 n\u0103ng ch\u1ed1ng g\u1ec9 tuy\u1ec7t v\u1eddi, \u0111\u1ea3m b\u1ea3o hi\u1ec7u su\u1ea5t v\u01b0\u1ee3t tr\u1ed9i v\u00e0 tu\u1ed5i th\u1ecd d\u00e0i ngay c\u1ea3 trong \u0111i\u1ec1u ki\u1ec7n v\u1eadn h\u00e0nh kh\u1eafc nghi\u1ec7t nh\u01b0 t\u1ea3i tr\u1ecdng s\u1ed1c v\u00e0 nhi\u1ec5m n\u01b0\u1edbc.<\/p>\n","protected":false},"featured_media":27397,"comment_status":"closed","ping_status":"closed","template":"","meta":[],"product_cat":[773,719,722,1187],"product_tag":[1051,1206,1190,1191,1061,1056,1068,1207,1204,1205],"class_list":{"0":"post-28150","1":"product","2":"type-product","3":"status-publish","4":"has-post-thumbnail","6":"product_brand-sinopec","7":"product_cat-dau-cong-nghiep-sinopec","8":"product_cat-dau-nhot-sinopec","9":"product_cat-mo-cong-nghiep-sinopec","10":"product_cat-mo-sinopec-nlgi-extreme-pressure-golden","11":"product_tag-mo-boi-tron-da-dung","12":"product_tag-mo-boi-tron-nanoshield","13":"product_tag-mo-chiu-ap-luc-sinopec","14":"product_tag-mo-chiu-ap-suat-cuc-cao","15":"product_tag-mo-chiu-nhiet-do-cao","16":"product_tag-mo-chiu-tai-trong-nang","17":"product_tag-mo-chong-mai-mon","18":"product_tag-mo-chong-nuoc-sinopec","19":"product_tag-mo-ep-golden-sinopec","20":"product_tag-mo-goc-khoang-sinopec","22":"first","23":"instock","24":"shipping-taxable","25":"product-type-simple"},"yoast_head":"<!-- This site is optimized with the Yoast SEO plugin v27.2 - https:\/\/yoast.com\/product\/yoast-seo-wordpress\/ -->\n<title>M\u1ee1 Sinopec NLGI 1 Extreme Pressure Golden - C\u00f4ng Ty TNHH D\u1ea7u Nh\u1eddn T&amp;T Vi\u1ec7t Nam<\/title>\n<meta name=\"robots\" content=\"index, follow, max-snippet:-1, max-image-preview:large, max-video-preview:-1\" \/>\n<link rel=\"canonical\" href=\"https:\/\/tatco.vn\/vi\/san-pham\/mo-sinopec-nlgi-1-extreme-pressure-golden\/\" \/>\n<meta property=\"og:locale\" content=\"vi_VN\" \/>\n<meta property=\"og:type\" content=\"article\" \/>\n<meta property=\"og:title\" content=\"M\u1ee1 Sinopec NLGI 1 Extreme Pressure Golden - C\u00f4ng Ty TNHH D\u1ea7u Nh\u1eddn T&amp;T Vi\u1ec7t Nam\" \/>\n<meta property=\"og:url\" content=\"https:\/\/tatco.vn\/vi\/san-pham\/mo-sinopec-nlgi-1-extreme-pressure-golden\/\" \/>\n<meta property=\"og:site_name\" content=\"C\u00f4ng Ty TNHH D\u1ea7u Nh\u1eddn T&amp;T Vi\u1ec7t Nam\" \/>\n<meta property=\"article:modified_time\" content=\"2025-02-09T10:22:51+00:00\" \/>\n<meta property=\"og:image\" content=\"https:\/\/tatco.vn\/wp-content\/uploads\/2021\/06\/Sinopec-oil-product.png\" \/>\n\t<meta property=\"og:image:width\" content=\"1000\" \/>\n\t<meta property=\"og:image:height\" content=\"1000\" \/>\n\t<meta property=\"og:image:type\" content=\"image\/png\" \/>\n<meta name=\"twitter:card\" content=\"summary_large_image\" \/>\n<meta name=\"twitter:label1\" content=\"\u01af\u1edbc t\u00ednh th\u1eddi gian \u0111\u1ecdc\" \/>\n\t<meta name=\"twitter:data1\" content=\"4 ph\u00fat\" \/>\n<script type=\"application\/ld+json\" class=\"yoast-schema-graph\">{\"@context\":\"https:\/\/schema.org\",\"@graph\":[{\"@type\":\"WebPage\",\"@id\":\"https:\/\/tatco.vn\/vi\/san-pham\/mo-sinopec-nlgi-1-extreme-pressure-golden\/\",\"url\":\"https:\/\/tatco.vn\/vi\/san-pham\/mo-sinopec-nlgi-1-extreme-pressure-golden\/\",\"name\":\"M\u1ee1 Sinopec NLGI 1 Extreme Pressure Golden - C\u00f4ng Ty TNHH D\u1ea7u Nh\u1eddn T&amp;T Vi\u1ec7t Nam\",\"isPartOf\":{\"@id\":\"https:\/\/tatco.vn\/en\/#website\"},\"primaryImageOfPage\":{\"@id\":\"https:\/\/tatco.vn\/vi\/san-pham\/mo-sinopec-nlgi-1-extreme-pressure-golden\/#primaryimage\"},\"image\":{\"@id\":\"https:\/\/tatco.vn\/vi\/san-pham\/mo-sinopec-nlgi-1-extreme-pressure-golden\/#primaryimage\"},\"thumbnailUrl\":\"https:\/\/tatco.vn\/wp-content\/uploads\/2021\/06\/Sinopec-oil-product.png\",\"datePublished\":\"2025-02-09T10:21:52+00:00\",\"dateModified\":\"2025-02-09T10:22:51+00:00\",\"breadcrumb\":{\"@id\":\"https:\/\/tatco.vn\/vi\/san-pham\/mo-sinopec-nlgi-1-extreme-pressure-golden\/#breadcrumb\"},\"inLanguage\":\"vi\",\"potentialAction\":[{\"@type\":\"ReadAction\",\"target\":[\"https:\/\/tatco.vn\/vi\/san-pham\/mo-sinopec-nlgi-1-extreme-pressure-golden\/\"]}]},{\"@type\":\"ImageObject\",\"inLanguage\":\"vi\",\"@id\":\"https:\/\/tatco.vn\/vi\/san-pham\/mo-sinopec-nlgi-1-extreme-pressure-golden\/#primaryimage\",\"url\":\"https:\/\/tatco.vn\/wp-content\/uploads\/2021\/06\/Sinopec-oil-product.png\",\"contentUrl\":\"https:\/\/tatco.vn\/wp-content\/uploads\/2021\/06\/Sinopec-oil-product.png\",\"width\":1000,\"height\":1000},{\"@type\":\"BreadcrumbList\",\"@id\":\"https:\/\/tatco.vn\/vi\/san-pham\/mo-sinopec-nlgi-1-extreme-pressure-golden\/#breadcrumb\",\"itemListElement\":[{\"@type\":\"ListItem\",\"position\":1,\"name\":\"Home\",\"item\":\"https:\/\/tatco.vn\/\"},{\"@type\":\"ListItem\",\"position\":2,\"name\":\"C\u1eeda h\u00e0ng\",\"item\":\"https:\/\/tatco.vn\/en\/mua\/\"},{\"@type\":\"ListItem\",\"position\":3,\"name\":\"M\u1ee1 Sinopec NLGI 1 Extreme Pressure Golden\"}]},{\"@type\":\"WebSite\",\"@id\":\"https:\/\/tatco.vn\/en\/#website\",\"url\":\"https:\/\/tatco.vn\/en\/\",\"name\":\"C\u00f4ng Ty TNHH D\u1ea7u Nh\u1eddn T&amp;T Vi\u1ec7t Nam\",\"description\":\"Right Point - Right Time - Best Solution\",\"publisher\":{\"@id\":\"https:\/\/tatco.vn\/en\/#organization\"},\"potentialAction\":[{\"@type\":\"SearchAction\",\"target\":{\"@type\":\"EntryPoint\",\"urlTemplate\":\"https:\/\/tatco.vn\/en\/?s={search_term_string}\"},\"query-input\":{\"@type\":\"PropertyValueSpecification\",\"valueRequired\":true,\"valueName\":\"search_term_string\"}}],\"inLanguage\":\"vi\"},{\"@type\":\"Organization\",\"@id\":\"https:\/\/tatco.vn\/en\/#organization\",\"name\":\"C\u00f4ng Ty TNHH D\u1ea7u Nh\u1eddn T&T Vi\u1ec7t Nam\",\"url\":\"https:\/\/tatco.vn\/en\/\",\"logo\":{\"@type\":\"ImageObject\",\"inLanguage\":\"vi\",\"@id\":\"https:\/\/tatco.vn\/en\/#\/schema\/logo\/image\/\",\"url\":\"https:\/\/tatco.vn\/wp-content\/uploads\/2019\/05\/fav-ico.png\",\"contentUrl\":\"https:\/\/tatco.vn\/wp-content\/uploads\/2019\/05\/fav-ico.png\",\"width\":200,\"height\":200,\"caption\":\"C\u00f4ng Ty TNHH D\u1ea7u Nh\u1eddn T&T Vi\u1ec7t Nam\"},\"image\":{\"@id\":\"https:\/\/tatco.vn\/en\/#\/schema\/logo\/image\/\"}}]}<\/script>\n<!-- \/ Yoast SEO plugin. -->","yoast_head_json":{"title":"M\u1ee1 Sinopec NLGI 1 Extreme Pressure Golden - C\u00f4ng Ty TNHH D\u1ea7u Nh\u1eddn T&amp;T Vi\u1ec7t Nam","robots":{"index":"index","follow":"follow","max-snippet":"max-snippet:-1","max-image-preview":"max-image-preview:large","max-video-preview":"max-video-preview:-1"},"canonical":"https:\/\/tatco.vn\/vi\/san-pham\/mo-sinopec-nlgi-1-extreme-pressure-golden\/","og_locale":"vi_VN","og_type":"article","og_title":"M\u1ee1 Sinopec NLGI 1 Extreme Pressure Golden - C\u00f4ng Ty TNHH D\u1ea7u Nh\u1eddn T&amp;T Vi\u1ec7t Nam","og_url":"https:\/\/tatco.vn\/vi\/san-pham\/mo-sinopec-nlgi-1-extreme-pressure-golden\/","og_site_name":"C\u00f4ng Ty TNHH D\u1ea7u Nh\u1eddn T&amp;T Vi\u1ec7t Nam","article_modified_time":"2025-02-09T10:22:51+00:00","og_image":[{"width":1000,"height":1000,"url":"https:\/\/tatco.vn\/wp-content\/uploads\/2021\/06\/Sinopec-oil-product.png","type":"image\/png"}],"twitter_card":"summary_large_image","twitter_misc":{"\u01af\u1edbc t\u00ednh th\u1eddi gian \u0111\u1ecdc":"4 ph\u00fat"},"schema":{"@context":"https:\/\/schema.org","@graph":[{"@type":"WebPage","@id":"https:\/\/tatco.vn\/vi\/san-pham\/mo-sinopec-nlgi-1-extreme-pressure-golden\/","url":"https:\/\/tatco.vn\/vi\/san-pham\/mo-sinopec-nlgi-1-extreme-pressure-golden\/","name":"M\u1ee1 Sinopec NLGI 1 Extreme Pressure Golden - C\u00f4ng Ty TNHH D\u1ea7u Nh\u1eddn T&amp;T Vi\u1ec7t Nam","isPartOf":{"@id":"https:\/\/tatco.vn\/en\/#website"},"primaryImageOfPage":{"@id":"https:\/\/tatco.vn\/vi\/san-pham\/mo-sinopec-nlgi-1-extreme-pressure-golden\/#primaryimage"},"image":{"@id":"https:\/\/tatco.vn\/vi\/san-pham\/mo-sinopec-nlgi-1-extreme-pressure-golden\/#primaryimage"},"thumbnailUrl":"https:\/\/tatco.vn\/wp-content\/uploads\/2021\/06\/Sinopec-oil-product.png","datePublished":"2025-02-09T10:21:52+00:00","dateModified":"2025-02-09T10:22:51+00:00","breadcrumb":{"@id":"https:\/\/tatco.vn\/vi\/san-pham\/mo-sinopec-nlgi-1-extreme-pressure-golden\/#breadcrumb"},"inLanguage":"vi","potentialAction":[{"@type":"ReadAction","target":["https:\/\/tatco.vn\/vi\/san-pham\/mo-sinopec-nlgi-1-extreme-pressure-golden\/"]}]},{"@type":"ImageObject","inLanguage":"vi","@id":"https:\/\/tatco.vn\/vi\/san-pham\/mo-sinopec-nlgi-1-extreme-pressure-golden\/#primaryimage","url":"https:\/\/tatco.vn\/wp-content\/uploads\/2021\/06\/Sinopec-oil-product.png","contentUrl":"https:\/\/tatco.vn\/wp-content\/uploads\/2021\/06\/Sinopec-oil-product.png","width":1000,"height":1000},{"@type":"BreadcrumbList","@id":"https:\/\/tatco.vn\/vi\/san-pham\/mo-sinopec-nlgi-1-extreme-pressure-golden\/#breadcrumb","itemListElement":[{"@type":"ListItem","position":1,"name":"Home","item":"https:\/\/tatco.vn\/"},{"@type":"ListItem","position":2,"name":"C\u1eeda h\u00e0ng","item":"https:\/\/tatco.vn\/en\/mua\/"},{"@type":"ListItem","position":3,"name":"M\u1ee1 Sinopec NLGI 1 Extreme Pressure Golden"}]},{"@type":"WebSite","@id":"https:\/\/tatco.vn\/en\/#website","url":"https:\/\/tatco.vn\/en\/","name":"C\u00f4ng Ty TNHH D\u1ea7u Nh\u1eddn T&amp;T Vi\u1ec7t Nam","description":"Right Point - Right Time - Best Solution","publisher":{"@id":"https:\/\/tatco.vn\/en\/#organization"},"potentialAction":[{"@type":"SearchAction","target":{"@type":"EntryPoint","urlTemplate":"https:\/\/tatco.vn\/en\/?s={search_term_string}"},"query-input":{"@type":"PropertyValueSpecification","valueRequired":true,"valueName":"search_term_string"}}],"inLanguage":"vi"},{"@type":"Organization","@id":"https:\/\/tatco.vn\/en\/#organization","name":"C\u00f4ng Ty TNHH D\u1ea7u Nh\u1eddn T&T Vi\u1ec7t Nam","url":"https:\/\/tatco.vn\/en\/","logo":{"@type":"ImageObject","inLanguage":"vi","@id":"https:\/\/tatco.vn\/en\/#\/schema\/logo\/image\/","url":"https:\/\/tatco.vn\/wp-content\/uploads\/2019\/05\/fav-ico.png","contentUrl":"https:\/\/tatco.vn\/wp-content\/uploads\/2019\/05\/fav-ico.png","width":200,"height":200,"caption":"C\u00f4ng Ty TNHH D\u1ea7u Nh\u1eddn T&T Vi\u1ec7t Nam"},"image":{"@id":"https:\/\/tatco.vn\/en\/#\/schema\/logo\/image\/"}}]}},"_links":{"self":[{"href":"https:\/\/tatco.vn\/vi\/wp-json\/wp\/v2\/product\/28150","targetHints":{"allow":["GET"]}}],"collection":[{"href":"https:\/\/tatco.vn\/vi\/wp-json\/wp\/v2\/product"}],"about":[{"href":"https:\/\/tatco.vn\/vi\/wp-json\/wp\/v2\/types\/product"}],"replies":[{"embeddable":true,"href":"https:\/\/tatco.vn\/vi\/wp-json\/wp\/v2\/comments?post=28150"}],"version-history":[{"count":0,"href":"https:\/\/tatco.vn\/vi\/wp-json\/wp\/v2\/product\/28150\/revisions"}],"wp:featuredmedia":[{"embeddable":true,"href":"https:\/\/tatco.vn\/vi\/wp-json\/wp\/v2\/media\/27397"}],"wp:attachment":[{"href":"https:\/\/tatco.vn\/vi\/wp-json\/wp\/v2\/media?parent=28150"}],"wp:term":[{"taxonomy":"product_cat","embeddable":true,"href":"https:\/\/tatco.vn\/vi\/wp-json\/wp\/v2\/product_cat?post=28150"},{"taxonomy":"product_tag","embeddable":true,"href":"https:\/\/tatco.vn\/vi\/wp-json\/wp\/v2\/product_tag?post=28150"}],"curies":[{"name":"wp","href":"https:\/\/api.w.org\/{rel}","templated":true}]}}