{"id":28138,"date":"2025-02-09T16:59:24","date_gmt":"2025-02-09T09:59:24","guid":{"rendered":"https:\/\/tatco.vn\/vi\/?post_type=product&#038;p=28138"},"modified":"2025-02-09T16:59:25","modified_gmt":"2025-02-09T09:59:25","slug":"mo-sinopec-nlgi-2-extreme-pressure-lithium-complex","status":"publish","type":"product","link":"https:\/\/tatco.vn\/vi\/san-pham\/mo-sinopec-nlgi-2-extreme-pressure-lithium-complex\/","title":{"rendered":"M\u1ee1 Sinopec NLGI 2 Extreme Pressure Lithium Complex"},"content":{"rendered":"<p><\/p>\n<p style=\"text-align: justify\"><strong>M\u1ee1 Ch\u1ecbu C\u1ef1c \u00c1p Lithium Complex Sinopec<\/strong> l\u00e0 lo\u1ea1i m\u1ee1 ch\u1ecbu c\u1ef1c \u00e1p, \u0111\u01b0\u1ee3c pha ch\u1ebf v\u1edbi ch\u1ea5t l\u00e0m \u0111\u1eb7c x\u00e0 ph\u00f2ng ph\u1ee9c h\u1ee3p lithium v\u00e0 d\u1ea7u g\u1ed1c kho\u00e1ng ch\u1ea5t l\u01b0\u1ee3ng cao. N\u00f3 ch\u1ee9a ch\u1ea5t \u1ee9c ch\u1ebf r\u1ec9 s\u00e9t v\u00e0 oxy h\u00f3a, ph\u1ee5 gia EP v\u00e0 ph\u1ee5 gia ch\u1ed1ng m\u00e0i m\u00f2n \u0111\u1ec3 \u0111\u1ea3m b\u1ea3o hi\u1ec7u su\u1ea5t v\u01b0\u1ee3t tr\u1ed9i v\u00e0 tu\u1ed5i th\u1ecd cao, ngay c\u1ea3 trong \u0111i\u1ec1u ki\u1ec7n v\u1eadn h\u00e0nh kh\u1eafc nghi\u1ec7t nh\u01b0 nhi\u1ec7t \u0111\u1ed9 cao, t\u1ea3i s\u1ed1c v\u00e0 nhi\u1ec5m n\u01b0\u1edbc. C\u00f3 s\u1eb5n \u1edf c\u00e1c c\u1ea5p NLGI 1, 2 v\u00e0 3.<\/p>\n<h3 style=\"text-align: justify\">\u1ee8ng D\u1ee5ng:<\/h3>\n<p style=\"text-align: justify\">M\u1ee1 Ch\u1ecbu C\u1ef1c \u00c1p Lithium Complex Sinopec ph\u00f9 h\u1ee3p \u0111\u1ec3 s\u1eed d\u1ee5ng trong:<\/p>\n<ul style=\"text-align: justify\">\n<li>V\u00f2ng bi ho\u1ea1t \u0111\u1ed9ng d\u01b0\u1edbi t\u1ea3i tr\u1ecdng cao ho\u1eb7c t\u1ea3i s\u1ed1c v\u00e0 \u1edf nhi\u1ec7t \u0111\u1ed9 cao, v\u00ed d\u1ee5 nh\u01b0 trong ng\u00e0nh luy\u1ec7n kim, n\u01a1i c\u1ea7n m\u1ee1 ch\u1ecbu \u00e1p su\u1ea5t c\u1ef1c cao.<\/li>\n<li>C\u00e1c \u1ee9ng d\u1ee5ng m\u1ee1 ch\u1ecbu nhi\u1ec7t cao kh\u00e1c, v\u00ed d\u1ee5 nh\u01b0 trong ng\u00e0nh nhu\u1ed9m v\u00e0 in \u1ea5n.<\/li>\n<li>V\u00f2ng bi c\u1ee7a b\u01a1m d\u1ea7u c\u1ee7a c\u00e1c xe \u00f4 t\u00f4 c\u00f3 dung t\u00edch l\u1edbn, ho\u1ea1t \u0111\u1ed9ng \u1edf nhi\u1ec7t \u0111\u1ed9 cao.<\/li>\n<li>C\u00e1c \u1ee9ng d\u1ee5ng c\u00f3 ph\u1ea1m vi nhi\u1ec7t \u0111\u1ed9 t\u1eeb \u201320\u00b0C \u0111\u1ebfn +160\u00b0C.<\/li>\n<\/ul>\n<h3 style=\"text-align: justify\">T\u00ednh N\u0103ng v\u00e0 L\u1ee3i \u00cdch:<\/h3>\n<ul style=\"text-align: justify\">\n<li><strong>C\u00e1c \u0110\u1eb7c T\u00ednh Ch\u1ed1ng M\u00e0i M\u00f2n v\u00e0 Ch\u1ecbu \u00c1p Su\u1ea5t C\u1ef1c Cao:<\/strong> B\u1ea3o v\u1ec7 c\u00e1c \u1ed5 tr\u1ee5c ch\u1ecbu t\u1ea3i n\u1eb7ng ho\u1eb7c ch\u1ecbu t\u1ea3i tr\u1ecdng cao kh\u1ecfi b\u1ecb m\u00e0i m\u00f2n, k\u00e9o d\u00e0i tu\u1ed5i th\u1ecd thi\u1ebft b\u1ecb.<\/li>\n<li><strong>Ch\u1ea5t L\u00e0m \u0110\u1eb7c X\u00e0 Ph\u00f2ng Ph\u1ee9c H\u1ee3p Lithium:<\/strong> \u0110\u1ea3m b\u1ea3o \u0111i\u1ec3m nh\u1ecf gi\u1ecdt cao, c\u00f3 ngh\u0129a l\u00e0 m\u1ee1 c\u00f3 th\u1ec3 \u0111\u01b0\u1ee3c s\u1eed d\u1ee5ng \u1edf nhi\u1ec7t \u0111\u1ed9 cao trong c\u00e1c \u1ee9ng d\u1ee5ng d\u1ecbch v\u1ee5 nghi\u00eam ng\u1eb7t (\u201320\u00b0C \u0111\u1ebfn +160\u00b0C), v\u00e0 c\u0169ng mang l\u1ea1i \u0111\u1ed9 \u1ed5n \u0111\u1ecbnh c\u01a1 h\u1ecdc t\u1ed1t \u0111\u1ec3 c\u1ea5u tr\u00fac m\u1ee1 kh\u00f4ng b\u1ecb ph\u00e2n h\u1ee7y trong qu\u00e1 tr\u00ecnh s\u1eed d\u1ee5ng.<\/li>\n<li><strong>D\u1ea7u G\u1ed1c Ch\u1ea5t L\u01b0\u1ee3ng Cao:<\/strong> \u0110\u1ea3m b\u1ea3o duy tr\u00ec \u0111\u1ed9 d\u00e0y m\u00e0ng d\u1ea7u t\u1ed1t, ngay c\u1ea3 trong c\u00e1c \u1ee9ng d\u1ee5ng nhi\u1ec7t \u0111\u1ed9 cao, b\u1ea3o v\u1ec7 c\u00e1c th\u00e0nh ph\u1ea7n kh\u1ecfi m\u00f2n.<\/li>\n<li><strong>Kh\u1ea3 N\u0103ng Ch\u1ecbu N\u01b0\u1edbc Tuy\u1ec7t V\u1eddi:<\/strong> M\u1ee1 v\u1eabn gi\u1eef nguy\u00ean v\u1ecb tr\u00ed v\u00e0 kh\u00f4ng b\u1ecb r\u1eeda tr\u00f4i ho\u1eb7c phun ra trong \u0111i\u1ec1u ki\u1ec7n \u01b0\u1edbt, gi\u1ea3m nhu c\u1ea7u t\u00e1i \u00e1p d\u1ee5ng th\u01b0\u1eddng xuy\u00ean.<\/li>\n<li><strong>B\u1ea3o V\u1ec7 Ch\u1ed1ng G\u1ec9 v\u00e0 \u0102n M\u00f2n:<\/strong> \u0110\u1ea3m b\u1ea3o tu\u1ed5i th\u1ecd linh ki\u1ec7n l\u00e2u d\u00e0i v\u00e0 k\u00e9o d\u00e0i th\u1eddi gian b\u1ea3o tr\u00ec.<\/li>\n<li><strong>T\u00ednh \u1ed4n \u0110\u1ecbnh Nhi\u1ec7t v\u00e0 Oxy H\u00f3a T\u1ed1t:<\/strong> \u0110\u1ea3m b\u1ea3o tu\u1ed5i th\u1ecd m\u1ee1 l\u00e2u h\u01a1n trong \u0111i\u1ec1u ki\u1ec7n nhi\u1ec7t \u0111\u1ed9 cao, mang l\u1ea1i hi\u1ec7u qu\u1ea3 b\u00f4i tr\u01a1n t\u1ed1i \u01b0u, k\u00e9o d\u00e0i tu\u1ed5i th\u1ecd thi\u1ebft b\u1ecb v\u00e0 gi\u1ea3m y\u00eau c\u1ea7u b\u1ea3o tr\u00ec.<\/li>\n<li><strong>C\u00f3 S\u1eb5n C\u00e1c C\u1ea5p NLGI 1, 2 v\u00e0 3:<\/strong> \u0110\u1ec3 \u0111\u00e1p \u1ee9ng c\u00e1c y\u00eau c\u1ea7u c\u1ee7a c\u00e1c \u1ee9ng d\u1ee5ng c\u1ee5 th\u1ec3.<\/li>\n<\/ul>\n<div style=\"text-align: justify\"><\/div>\n<h3 style=\"text-align: justify\">T\u1ed5ng Quan S\u1ea3n Ph\u1ea9m:<\/h3>\n<p style=\"text-align: justify\"><strong>M\u00f4 T\u1ea3 S\u1ea3n Ph\u1ea9m:<\/strong> M\u1ee1 Ch\u1ecbu C\u1ef1c \u00c1p Lithium Complex Sinopec l\u00e0 lo\u1ea1i m\u1ee1 ch\u1ecbu \u00e1p su\u1ea5t c\u1ef1c cao, \u0111\u01b0\u1ee3c pha ch\u1ebf v\u1edbi ch\u1ea5t l\u00e0m \u0111\u1eb7c x\u00e0 ph\u00f2ng ph\u1ee9c h\u1ee3p lithium v\u00e0 d\u1ea7u g\u1ed1c kho\u00e1ng ch\u1ea5t l\u01b0\u1ee3ng cao. N\u00f3 ch\u1ee9a ch\u1ea5t \u1ee9c ch\u1ebf r\u1ec9 s\u00e9t v\u00e0 oxy h\u00f3a, ph\u1ee5 gia EP v\u00e0 ph\u1ee5 gia ch\u1ed1ng m\u00e0i m\u00f2n \u0111\u1ec3 \u0111\u1ea3m b\u1ea3o hi\u1ec7u su\u1ea5t v\u01b0\u1ee3t tr\u1ed9i v\u00e0 tu\u1ed5i th\u1ecd cao, ngay c\u1ea3 trong \u0111i\u1ec1u ki\u1ec7n v\u1eadn h\u00e0nh kh\u1eafc nghi\u1ec7t nh\u01b0 nhi\u1ec7t \u0111\u1ed9 cao, t\u1ea3i s\u1ed1c v\u00e0 nhi\u1ec5m n\u01b0\u1edbc. C\u00f3 s\u1eb5n \u1edf c\u00e1c c\u1ea5p NLGI 1, 2 v\u00e0 3.<\/p>\n<div><\/div>\n<h3>\u0110\u1eb7c T\u00ednh v\u00e0 Ch\u1ec9 Ti\u00eau K\u1ef9 Thu\u1eadt:<\/h3>\n<div>\n<div>\n<div class=\"table-responsive\">\n<table class=\"table table-striped\">\n<thead>\n<tr>\n<th><strong>Th\u00f4ng S\u1ed1<\/strong><\/th>\n<th><strong>NLGI 1<\/strong><\/th>\n<th><strong>NLGI 2<\/strong><\/th>\n<th><strong>NLGI 3<\/strong><\/th>\n<\/tr>\n<\/thead>\n<tbody>\n<tr>\n<td><strong>Ngo\u1ea1i H\u00ecnh, Tr\u1ef1c Quan<\/strong><\/td>\n<td>M\u1ecbn, n\u00e2u, b\u01a1<\/td>\n<td>M\u1ecbn, n\u00e2u, b\u01a1<\/td>\n<td>M\u1ecbn, n\u00e2u, b\u01a1<\/td>\n<\/tr>\n<tr>\n<td><strong>Lo\u1ea1i Ch\u1ea5t L\u00e0m \u0110\u1eb7c<\/strong><\/td>\n<td>Lithium Complex<\/td>\n<td>Lithium Complex<\/td>\n<td>Lithium Complex<\/td>\n<\/tr>\n<tr>\n<td><strong>Lo\u1ea1i Ch\u1ea5t L\u1ecfng C\u01a1 B\u1ea3n<\/strong><\/td>\n<td>Kho\u00e1ng S\u1ea3n<\/td>\n<td>Kho\u00e1ng S\u1ea3n<\/td>\n<td>Kho\u00e1ng S\u1ea3n<\/td>\n<\/tr>\n<tr>\n<td><strong>\u0110\u1ed9 Nh\u1edbt \u0110\u1ed9ng H\u1ecdc @ 100\u00b0C, cSt (ASTM D445)<\/strong><\/td>\n<td>10\u201313<\/td>\n<td>10\u201313<\/td>\n<td>10\u201313<\/td>\n<\/tr>\n<tr>\n<td><strong>\u0110\u1ed9 Xuy\u00ean Th\u1ee7ng H\u00ecnh N\u00f3n, W\u00d760, mm\u20131 (ASTM D217)<\/strong><\/td>\n<td>318<\/td>\n<td>289<\/td>\n<td>242<\/td>\n<\/tr>\n<tr>\n<td><strong>\u0110\u1ed9 Xuy\u00ean Th\u1ee7ng H\u00ecnh N\u00f3n, W\u00d7100,000, % thay \u0111\u1ed5i t\u1eeb W\u00d760<\/strong><\/td>\n<td>8.49<\/td>\n<td>7.27<\/td>\n<td>8.26<\/td>\n<\/tr>\n<tr>\n<td><strong>\u0110i\u1ec3m Nh\u1ecf Gi\u1ecdt, \u00b0C (ASTM D2265)<\/strong><\/td>\n<td>282<\/td>\n<td>300<\/td>\n<td>297<\/td>\n<\/tr>\n<tr>\n<td><strong>T\u00e1ch D\u1ea7u, 24 Gi\u1edd @ 100\u00b0C, % (FTMS 791C-321.3)<\/strong><\/td>\n<td>4.6<\/td>\n<td>2.1<\/td>\n<td>0.0<\/td>\n<\/tr>\n<tr>\n<td><strong>\u0110\u1ed9 Nh\u1edbt Bi\u1ec3u Ki\u1ebfn, \u201310\u00b0C, 10 s\u20131, Pas (GOST 7163)<\/strong><\/td>\n<td>210<\/td>\n<td>336<\/td>\n<td>685<\/td>\n<\/tr>\n<tr>\n<td><strong>R\u1eeda Tr\u00f4i N\u01b0\u1edbc, 1 Gi\u1edd @ 38\u00b0C, % (ASTM D1264)<\/strong><\/td>\n<td>\u2013<\/td>\n<td>0<\/td>\n<td>\u2013<\/td>\n<\/tr>\n<tr>\n<td><strong>Ph\u00f2ng Ng\u1eeba \u0102n M\u00f2n, 48 Gi\u1edd @ 52\u00b0C (ASTM D1743)<\/strong><\/td>\n<td>\u2013<\/td>\n<td>V\u01b0\u1ee3t Qua<\/td>\n<td>\u2013<\/td>\n<\/tr>\n<tr>\n<td><strong>\u0102n M\u00f2n \u0110\u1ed3ng, 24 Gi\u1edd @ 100\u00b0C (ASTM D4048)<\/strong><\/td>\n<td>V\u01b0\u1ee3t Qua<\/td>\n<td>V\u01b0\u1ee3t Qua<\/td>\n<td>V\u01b0\u1ee3t Qua<\/td>\n<\/tr>\n<tr>\n<td><strong>\u1ed4n \u0110\u1ecbnh Oxy H\u00f3a, 100 Gi\u1edd @ 99\u00b0C &amp; 758 kPa, gi\u1ea3m \u00e1p, kPa (ASTM D942)<\/strong><\/td>\n<td>13<\/td>\n<td>16<\/td>\n<td>36<\/td>\n<\/tr>\n<tr>\n<td><strong>T\u1ea3i Tr\u1ecdng Timken OK, N (ASTM D2509)<\/strong><\/td>\n<td>\u2013<\/td>\n<td>156<\/td>\n<td>156<\/td>\n<\/tr>\n<tr>\n<td><strong>B\u1ed1n Bi EP, t\u1ea3i m\u00e0i m\u00f2n PD, N (ASTM D2596)<\/strong><\/td>\n<td>\u2013<\/td>\n<td>3,089<\/td>\n<td>3,089<\/td>\n<\/tr>\n<tr>\n<td><strong>B\u1ed1n Bi EP, ch\u1ec9 s\u1ed1 m\u00f2n t\u1ea3i (ASTM D2596)<\/strong><\/td>\n<td>\u2013<\/td>\n<td>459<\/td>\n<td>443<\/td>\n<\/tr>\n<\/tbody>\n<\/table>\n<\/div>\n<\/div>\n<\/div>\n<p><\/p>","protected":false},"excerpt":{"rendered":"<p><strong>M\u1ee1 Ch\u1ecbu C\u1ef1c \u00c1p Lithium Complex Sinopec<\/strong> l\u00e0 lo\u1ea1i m\u1ee1 ch\u1ecbu c\u1ef1c \u00e1p, \u0111\u01b0\u1ee3c pha ch\u1ebf v\u1edbi ch\u1ea5t l\u00e0m \u0111\u1eb7c x\u00e0 ph\u00f2ng ph\u1ee9c h\u1ee3p lithium v\u00e0 d\u1ea7u g\u1ed1c kho\u00e1ng ch\u1ea5t l\u01b0\u1ee3ng cao. N\u00f3 ch\u1ee9a ch\u1ea5t \u1ee9c ch\u1ebf r\u1ec9 s\u00e9t v\u00e0 oxy h\u00f3a, ph\u1ee5 gia EP v\u00e0 ph\u1ee5 gia ch\u1ed1ng m\u00e0i m\u00f2n \u0111\u1ec3 \u0111\u1ea3m b\u1ea3o hi\u1ec7u su\u1ea5t v\u01b0\u1ee3t tr\u1ed9i v\u00e0 tu\u1ed5i th\u1ecd cao, ngay c\u1ea3 trong \u0111i\u1ec1u ki\u1ec7n v\u1eadn h\u00e0nh kh\u1eafc nghi\u1ec7t nh\u01b0 nhi\u1ec7t \u0111\u1ed9 cao, t\u1ea3i s\u1ed1c v\u00e0 nhi\u1ec5m n\u01b0\u1edbc. C\u00f3 s\u1eb5n \u1edf c\u00e1c c\u1ea5p NLGI 1, 2 v\u00e0 3.<\/p>\n","protected":false},"featured_media":27397,"comment_status":"closed","ping_status":"closed","template":"","meta":[],"product_cat":[773,719,722,1186],"product_tag":[1200,1201,1082,1202,1197,1191,1061,1196,1068,1195,1198,1199,1203],"class_list":{"0":"post-28138","1":"product","2":"type-product","3":"status-publish","4":"has-post-thumbnail","6":"product_brand-sinopec","7":"product_cat-dau-cong-nghiep-sinopec","8":"product_cat-dau-nhot-sinopec","9":"product_cat-mo-cong-nghiep-sinopec","10":"product_cat-mo-sinopec-nlgi-extreme-pressure-lithium-complex","11":"product_tag-1200","12":"product_tag-1201","13":"product_tag-mo-boi-tron-chat-luong-cao","14":"product_tag-mo-boi-tron-chiu-tai-nang","15":"product_tag-mo-chiu-ap-luc-lithium-complex-sinopec","16":"product_tag-mo-chiu-ap-suat-cuc-cao","17":"product_tag-mo-chiu-nhiet-do-cao","18":"product_tag-mo-chong-gi-va-an-mon","19":"product_tag-mo-chong-mai-mon","20":"product_tag-mo-dau-goc-khoang","21":"product_tag-mo-goc-lithium-complex","22":"product_tag-mo-nlgi-1","23":"product_tag-mo-voi-chat-lam-dac-xa-phong-phuc-hop-lithium","25":"first","26":"instock","27":"shipping-taxable","28":"product-type-simple"},"yoast_head":"<!-- This site is optimized with the Yoast SEO plugin v27.2 - https:\/\/yoast.com\/product\/yoast-seo-wordpress\/ -->\n<title>M\u1ee1 Sinopec NLGI 2 Extreme Pressure Lithium Complex - C\u00f4ng Ty TNHH D\u1ea7u Nh\u1eddn T&amp;T Vi\u1ec7t Nam<\/title>\n<meta name=\"robots\" content=\"index, follow, max-snippet:-1, max-image-preview:large, max-video-preview:-1\" \/>\n<link rel=\"canonical\" href=\"https:\/\/tatco.vn\/vi\/san-pham\/mo-sinopec-nlgi-2-extreme-pressure-lithium-complex\/\" \/>\n<meta property=\"og:locale\" content=\"vi_VN\" \/>\n<meta property=\"og:type\" content=\"article\" \/>\n<meta property=\"og:title\" content=\"M\u1ee1 Sinopec NLGI 2 Extreme Pressure Lithium Complex - C\u00f4ng Ty TNHH D\u1ea7u Nh\u1eddn T&amp;T Vi\u1ec7t Nam\" \/>\n<meta property=\"og:url\" content=\"https:\/\/tatco.vn\/vi\/san-pham\/mo-sinopec-nlgi-2-extreme-pressure-lithium-complex\/\" \/>\n<meta property=\"og:site_name\" content=\"C\u00f4ng Ty TNHH D\u1ea7u Nh\u1eddn T&amp;T Vi\u1ec7t Nam\" \/>\n<meta property=\"article:modified_time\" content=\"2025-02-09T09:59:25+00:00\" \/>\n<meta property=\"og:image\" content=\"https:\/\/tatco.vn\/wp-content\/uploads\/2021\/06\/Sinopec-oil-product.png\" \/>\n\t<meta property=\"og:image:width\" content=\"1000\" \/>\n\t<meta property=\"og:image:height\" content=\"1000\" \/>\n\t<meta property=\"og:image:type\" content=\"image\/png\" \/>\n<meta name=\"twitter:card\" content=\"summary_large_image\" \/>\n<meta name=\"twitter:label1\" content=\"\u01af\u1edbc t\u00ednh th\u1eddi gian \u0111\u1ecdc\" \/>\n\t<meta name=\"twitter:data1\" content=\"5 ph\u00fat\" \/>\n<script type=\"application\/ld+json\" class=\"yoast-schema-graph\">{\"@context\":\"https:\/\/schema.org\",\"@graph\":[{\"@type\":\"WebPage\",\"@id\":\"https:\/\/tatco.vn\/vi\/san-pham\/mo-sinopec-nlgi-2-extreme-pressure-lithium-complex\/\",\"url\":\"https:\/\/tatco.vn\/vi\/san-pham\/mo-sinopec-nlgi-2-extreme-pressure-lithium-complex\/\",\"name\":\"M\u1ee1 Sinopec NLGI 2 Extreme Pressure Lithium Complex - C\u00f4ng Ty TNHH D\u1ea7u Nh\u1eddn T&amp;T Vi\u1ec7t Nam\",\"isPartOf\":{\"@id\":\"https:\/\/tatco.vn\/en\/#website\"},\"primaryImageOfPage\":{\"@id\":\"https:\/\/tatco.vn\/vi\/san-pham\/mo-sinopec-nlgi-2-extreme-pressure-lithium-complex\/#primaryimage\"},\"image\":{\"@id\":\"https:\/\/tatco.vn\/vi\/san-pham\/mo-sinopec-nlgi-2-extreme-pressure-lithium-complex\/#primaryimage\"},\"thumbnailUrl\":\"https:\/\/tatco.vn\/wp-content\/uploads\/2021\/06\/Sinopec-oil-product.png\",\"datePublished\":\"2025-02-09T09:59:24+00:00\",\"dateModified\":\"2025-02-09T09:59:25+00:00\",\"breadcrumb\":{\"@id\":\"https:\/\/tatco.vn\/vi\/san-pham\/mo-sinopec-nlgi-2-extreme-pressure-lithium-complex\/#breadcrumb\"},\"inLanguage\":\"vi\",\"potentialAction\":[{\"@type\":\"ReadAction\",\"target\":[\"https:\/\/tatco.vn\/vi\/san-pham\/mo-sinopec-nlgi-2-extreme-pressure-lithium-complex\/\"]}]},{\"@type\":\"ImageObject\",\"inLanguage\":\"vi\",\"@id\":\"https:\/\/tatco.vn\/vi\/san-pham\/mo-sinopec-nlgi-2-extreme-pressure-lithium-complex\/#primaryimage\",\"url\":\"https:\/\/tatco.vn\/wp-content\/uploads\/2021\/06\/Sinopec-oil-product.png\",\"contentUrl\":\"https:\/\/tatco.vn\/wp-content\/uploads\/2021\/06\/Sinopec-oil-product.png\",\"width\":1000,\"height\":1000},{\"@type\":\"BreadcrumbList\",\"@id\":\"https:\/\/tatco.vn\/vi\/san-pham\/mo-sinopec-nlgi-2-extreme-pressure-lithium-complex\/#breadcrumb\",\"itemListElement\":[{\"@type\":\"ListItem\",\"position\":1,\"name\":\"Home\",\"item\":\"https:\/\/tatco.vn\/\"},{\"@type\":\"ListItem\",\"position\":2,\"name\":\"C\u1eeda h\u00e0ng\",\"item\":\"https:\/\/tatco.vn\/en\/mua\/\"},{\"@type\":\"ListItem\",\"position\":3,\"name\":\"M\u1ee1 Sinopec NLGI 2 Extreme Pressure Lithium Complex\"}]},{\"@type\":\"WebSite\",\"@id\":\"https:\/\/tatco.vn\/en\/#website\",\"url\":\"https:\/\/tatco.vn\/en\/\",\"name\":\"C\u00f4ng Ty TNHH D\u1ea7u Nh\u1eddn T&amp;T Vi\u1ec7t Nam\",\"description\":\"Right Point - Right Time - Best Solution\",\"publisher\":{\"@id\":\"https:\/\/tatco.vn\/en\/#organization\"},\"potentialAction\":[{\"@type\":\"SearchAction\",\"target\":{\"@type\":\"EntryPoint\",\"urlTemplate\":\"https:\/\/tatco.vn\/en\/?s={search_term_string}\"},\"query-input\":{\"@type\":\"PropertyValueSpecification\",\"valueRequired\":true,\"valueName\":\"search_term_string\"}}],\"inLanguage\":\"vi\"},{\"@type\":\"Organization\",\"@id\":\"https:\/\/tatco.vn\/en\/#organization\",\"name\":\"C\u00f4ng Ty TNHH D\u1ea7u Nh\u1eddn T&T Vi\u1ec7t Nam\",\"url\":\"https:\/\/tatco.vn\/en\/\",\"logo\":{\"@type\":\"ImageObject\",\"inLanguage\":\"vi\",\"@id\":\"https:\/\/tatco.vn\/en\/#\/schema\/logo\/image\/\",\"url\":\"https:\/\/tatco.vn\/wp-content\/uploads\/2019\/05\/fav-ico.png\",\"contentUrl\":\"https:\/\/tatco.vn\/wp-content\/uploads\/2019\/05\/fav-ico.png\",\"width\":200,\"height\":200,\"caption\":\"C\u00f4ng Ty TNHH D\u1ea7u Nh\u1eddn T&T Vi\u1ec7t Nam\"},\"image\":{\"@id\":\"https:\/\/tatco.vn\/en\/#\/schema\/logo\/image\/\"}}]}<\/script>\n<!-- \/ Yoast SEO plugin. -->","yoast_head_json":{"title":"M\u1ee1 Sinopec NLGI 2 Extreme Pressure Lithium Complex - C\u00f4ng Ty TNHH D\u1ea7u Nh\u1eddn T&amp;T Vi\u1ec7t Nam","robots":{"index":"index","follow":"follow","max-snippet":"max-snippet:-1","max-image-preview":"max-image-preview:large","max-video-preview":"max-video-preview:-1"},"canonical":"https:\/\/tatco.vn\/vi\/san-pham\/mo-sinopec-nlgi-2-extreme-pressure-lithium-complex\/","og_locale":"vi_VN","og_type":"article","og_title":"M\u1ee1 Sinopec NLGI 2 Extreme Pressure Lithium Complex - C\u00f4ng Ty TNHH D\u1ea7u Nh\u1eddn T&amp;T Vi\u1ec7t Nam","og_url":"https:\/\/tatco.vn\/vi\/san-pham\/mo-sinopec-nlgi-2-extreme-pressure-lithium-complex\/","og_site_name":"C\u00f4ng Ty TNHH D\u1ea7u Nh\u1eddn T&amp;T Vi\u1ec7t Nam","article_modified_time":"2025-02-09T09:59:25+00:00","og_image":[{"width":1000,"height":1000,"url":"https:\/\/tatco.vn\/wp-content\/uploads\/2021\/06\/Sinopec-oil-product.png","type":"image\/png"}],"twitter_card":"summary_large_image","twitter_misc":{"\u01af\u1edbc t\u00ednh th\u1eddi gian \u0111\u1ecdc":"5 ph\u00fat"},"schema":{"@context":"https:\/\/schema.org","@graph":[{"@type":"WebPage","@id":"https:\/\/tatco.vn\/vi\/san-pham\/mo-sinopec-nlgi-2-extreme-pressure-lithium-complex\/","url":"https:\/\/tatco.vn\/vi\/san-pham\/mo-sinopec-nlgi-2-extreme-pressure-lithium-complex\/","name":"M\u1ee1 Sinopec NLGI 2 Extreme Pressure Lithium Complex - C\u00f4ng Ty TNHH D\u1ea7u Nh\u1eddn T&amp;T Vi\u1ec7t Nam","isPartOf":{"@id":"https:\/\/tatco.vn\/en\/#website"},"primaryImageOfPage":{"@id":"https:\/\/tatco.vn\/vi\/san-pham\/mo-sinopec-nlgi-2-extreme-pressure-lithium-complex\/#primaryimage"},"image":{"@id":"https:\/\/tatco.vn\/vi\/san-pham\/mo-sinopec-nlgi-2-extreme-pressure-lithium-complex\/#primaryimage"},"thumbnailUrl":"https:\/\/tatco.vn\/wp-content\/uploads\/2021\/06\/Sinopec-oil-product.png","datePublished":"2025-02-09T09:59:24+00:00","dateModified":"2025-02-09T09:59:25+00:00","breadcrumb":{"@id":"https:\/\/tatco.vn\/vi\/san-pham\/mo-sinopec-nlgi-2-extreme-pressure-lithium-complex\/#breadcrumb"},"inLanguage":"vi","potentialAction":[{"@type":"ReadAction","target":["https:\/\/tatco.vn\/vi\/san-pham\/mo-sinopec-nlgi-2-extreme-pressure-lithium-complex\/"]}]},{"@type":"ImageObject","inLanguage":"vi","@id":"https:\/\/tatco.vn\/vi\/san-pham\/mo-sinopec-nlgi-2-extreme-pressure-lithium-complex\/#primaryimage","url":"https:\/\/tatco.vn\/wp-content\/uploads\/2021\/06\/Sinopec-oil-product.png","contentUrl":"https:\/\/tatco.vn\/wp-content\/uploads\/2021\/06\/Sinopec-oil-product.png","width":1000,"height":1000},{"@type":"BreadcrumbList","@id":"https:\/\/tatco.vn\/vi\/san-pham\/mo-sinopec-nlgi-2-extreme-pressure-lithium-complex\/#breadcrumb","itemListElement":[{"@type":"ListItem","position":1,"name":"Home","item":"https:\/\/tatco.vn\/"},{"@type":"ListItem","position":2,"name":"C\u1eeda h\u00e0ng","item":"https:\/\/tatco.vn\/en\/mua\/"},{"@type":"ListItem","position":3,"name":"M\u1ee1 Sinopec NLGI 2 Extreme Pressure Lithium Complex"}]},{"@type":"WebSite","@id":"https:\/\/tatco.vn\/en\/#website","url":"https:\/\/tatco.vn\/en\/","name":"C\u00f4ng Ty TNHH D\u1ea7u Nh\u1eddn T&amp;T Vi\u1ec7t Nam","description":"Right Point - Right Time - Best Solution","publisher":{"@id":"https:\/\/tatco.vn\/en\/#organization"},"potentialAction":[{"@type":"SearchAction","target":{"@type":"EntryPoint","urlTemplate":"https:\/\/tatco.vn\/en\/?s={search_term_string}"},"query-input":{"@type":"PropertyValueSpecification","valueRequired":true,"valueName":"search_term_string"}}],"inLanguage":"vi"},{"@type":"Organization","@id":"https:\/\/tatco.vn\/en\/#organization","name":"C\u00f4ng Ty TNHH D\u1ea7u Nh\u1eddn T&T Vi\u1ec7t Nam","url":"https:\/\/tatco.vn\/en\/","logo":{"@type":"ImageObject","inLanguage":"vi","@id":"https:\/\/tatco.vn\/en\/#\/schema\/logo\/image\/","url":"https:\/\/tatco.vn\/wp-content\/uploads\/2019\/05\/fav-ico.png","contentUrl":"https:\/\/tatco.vn\/wp-content\/uploads\/2019\/05\/fav-ico.png","width":200,"height":200,"caption":"C\u00f4ng Ty TNHH D\u1ea7u Nh\u1eddn T&T Vi\u1ec7t Nam"},"image":{"@id":"https:\/\/tatco.vn\/en\/#\/schema\/logo\/image\/"}}]}},"_links":{"self":[{"href":"https:\/\/tatco.vn\/vi\/wp-json\/wp\/v2\/product\/28138","targetHints":{"allow":["GET"]}}],"collection":[{"href":"https:\/\/tatco.vn\/vi\/wp-json\/wp\/v2\/product"}],"about":[{"href":"https:\/\/tatco.vn\/vi\/wp-json\/wp\/v2\/types\/product"}],"replies":[{"embeddable":true,"href":"https:\/\/tatco.vn\/vi\/wp-json\/wp\/v2\/comments?post=28138"}],"version-history":[{"count":0,"href":"https:\/\/tatco.vn\/vi\/wp-json\/wp\/v2\/product\/28138\/revisions"}],"wp:featuredmedia":[{"embeddable":true,"href":"https:\/\/tatco.vn\/vi\/wp-json\/wp\/v2\/media\/27397"}],"wp:attachment":[{"href":"https:\/\/tatco.vn\/vi\/wp-json\/wp\/v2\/media?parent=28138"}],"wp:term":[{"taxonomy":"product_cat","embeddable":true,"href":"https:\/\/tatco.vn\/vi\/wp-json\/wp\/v2\/product_cat?post=28138"},{"taxonomy":"product_tag","embeddable":true,"href":"https:\/\/tatco.vn\/vi\/wp-json\/wp\/v2\/product_tag?post=28138"}],"curies":[{"name":"wp","href":"https:\/\/api.w.org\/{rel}","templated":true}]}}