{"id":28110,"date":"2025-02-09T10:57:36","date_gmt":"2025-02-09T03:57:36","guid":{"rendered":"https:\/\/tatco.vn\/vi\/?post_type=product&#038;p=28110"},"modified":"2025-02-23T16:09:58","modified_gmt":"2025-02-23T09:09:58","slug":"dau-thuy-luc-nhiet-do-thap-sinopec-l-hv-100","status":"publish","type":"product","link":"https:\/\/tatco.vn\/vi\/san-pham\/dau-thuy-luc-nhiet-do-thap-sinopec-l-hv-100\/","title":{"rendered":"D\u1ea7u Th\u1ee7y L\u1ef1c Nhi\u1ec7t \u0110\u1ed9 Th\u1ea5p Sinopec L-HV 100"},"content":{"rendered":"<p><\/p>\n<h3 style=\"text-align: justify;\">D\u1ea7u Th\u1ee7y L\u1ef1c Sinopec L-HV 100<\/h3>\n<p style=\"text-align: justify;\"><strong>D\u1ea7u thu\u1ef7 l\u1ef1c ch\u1ed1ng m\u00e0i m\u00f2n Sinopec L-HV<\/strong> l\u00e0 d\u00f2ng d\u1ea7u b\u00f4i tr\u01a1n ch\u1ea5t l\u01b0\u1ee3ng cao, c\u00f3 d\u1ea3i nhi\u1ec7t \u0111\u1ed9 r\u1ed9ng (ch\u1ecbu \u0111\u01b0\u1ee3c nhi\u1ec7t t\u1eeb l\u1ea1nh \u0111\u1ebfn n\u00f3ng), \u0111\u01b0\u1ee3c pha tr\u1ed9n b\u1eb1ng c\u00e1ch s\u1eed d\u1ee5ng d\u1ea7u g\u1ed1c kho\u00e1ng \u0111\u00e3 \u0111\u01b0\u1ee3c tinh ch\u1ebf v\u00e0 ch\u1ecdn l\u1ecdc k\u1ef9 l\u01b0\u1ee1ng, k\u1ebft h\u1ee3p v\u1edbi h\u1ec7 th\u1ed1ng ph\u1ee5 gia \u0111a ch\u1ee9c n\u0103ng v\u00e0 c\u00e1c c\u1ea5p \u0111\u1ed9 nh\u1edbt t\u1eeb ISO 15 \u0111\u1ebfn 100. D\u1ea7u th\u1ee7y l\u1ef1c ch\u1ed1ng m\u00e0i m\u00f2n nhi\u1ec7t \u0111\u1ed9 th\u1ea5p L-HV c\u00f3 ch\u1ec9 s\u1ed1 \u0111\u1ed9 nh\u1edbt cao v\u00e0 \u0111i\u1ec3m \u0111\u00f4ng \u0111\u1eb7c th\u1ea5p, \u0111\u01b0\u1ee3c thi\u1ebft k\u1ebf \u0111\u1ec3 \u0111\u00e1p \u1ee9ng cho c\u00e1c h\u1ec7 th\u1ed1ng th\u1ee7y l\u1ef1c \u00e1p su\u1ea5t trung b\u00ecnh \u0111\u1ebfn cao, ho\u1ea1t \u0111\u1ed9ng ngo\u00e0i tr\u1eddi \u1edf c\u00e1c v\u00f9ng l\u1ea1nh v\u00e0 c\u00e1c n\u01a1i c\u00f3 nhi\u1ec7t \u0111\u1ed9 m\u00f4i tr\u01b0\u1eddng thay \u0111\u1ed5i nhi\u1ec1u.<\/p>\n<h4 style=\"text-align: justify;\">\u1ee8ng D\u1ee5ng<\/h4>\n<p style=\"text-align: justify;\"><strong>D\u1ea7u th\u1ee7y l\u1ef1c ch\u1ed1ng m\u00e0i m\u00f2n Sinopec L-HV<\/strong> \u0111\u01b0\u1ee3c s\u1eed d\u1ee5ng trong:<\/p>\n<ul style=\"text-align: justify;\">\n<li><strong>H\u1ec7 Th\u1ed1ng Th\u1ee7y L\u1ef1c C\u00f4ng Nghi\u1ec7p, X\u00e2y D\u1ef1ng, Khai Th\u00e1c H\u1ea7m M\u1ecf<\/strong>: Ho\u1ea1t \u0111\u1ed9ng trong m\u00f4i tr\u01b0\u1eddng l\u00e0m vi\u1ec7c kh\u1eafc nghi\u1ec7t, \u00e1p su\u1ea5t cao, nhi\u1ec7t \u0111\u1ed9 cao.<\/li>\n<li><strong>H\u1ec7 Th\u1ed1ng B\u01a1m C\u00e1nh G\u1ea1t v\u00e0 B\u01a1m B\u00e1nh R\u0103ng<\/strong>: Ho\u1ea1t \u0111\u1ed9ng d\u01b0\u1edbi t\u1ea3i tr\u1ecdng cao theo khuy\u1ebfn c\u00e1o c\u1ee7a c\u00e1c nh\u00e0 s\u1ea3n xu\u1ea5t b\u01a1m.<\/li>\n<li><strong>H\u1ec7 Th\u1ed1ng Th\u1ee7y L\u1ef1c H\u1ea1ng N\u1eb7ng<\/strong>: S\u1eed d\u1ee5ng m\u00e1y b\u01a1m piston h\u01b0\u1edbng tr\u1ee5c v\u00e0 h\u01b0\u1edbng t\u00e2m theo khuy\u1ebfn c\u00e1o c\u1ee7a c\u00e1c nh\u00e0 s\u1ea3n xu\u1ea5t b\u01a1m.<\/li>\n<\/ul>\n<h4 style=\"text-align: justify;\">\u0110\u1eb7c \u0110i\u1ec3m &amp; L\u1ee3i \u00cdch<\/h4>\n<ul>\n<li style=\"text-align: justify;\"><strong>Ch\u1ec9 S\u1ed1 \u0110\u1ed9 Nh\u1edbt Cao v\u00e0 \u0110i\u1ec3m \u0110\u00f4ng \u0110\u1eb7c Th\u1ea5p<\/strong>: Gi\u00fap d\u1ea7u l\u01b0u \u0111\u1ed9ng t\u1ed1t v\u00e0 kh\u1edfi \u0111\u1ed9ng \u1edf nhi\u1ec7t \u0111\u1ed9 th\u1ea5p, b\u1ea3o v\u1ec7 h\u1ec7 th\u1ed1ng th\u1ee7y l\u1ef1c kh\u1ecfi b\u1ecb m\u00e0i m\u00f2n v\u00e0 k\u00e9o d\u00e0i tu\u1ed5i th\u1ecd c\u1ee7a h\u1ec7 th\u1ed1ng.<\/li>\n<li style=\"text-align: justify;\"><strong>\u0110\u1ed9 C\u1eaft \u1ed4n \u0110\u1ecbnh<\/strong>: \u0110\u1ea3m b\u1ea3o \u0111\u1ed9 d\u00e0y m\u00e0ng d\u1ea7u \u0111\u01b0\u1ee3c duy tr\u00ec t\u1ed1t trong \u0111i\u1ec1u ki\u1ec7n l\u00e0m vi\u1ec7c kh\u1eafc nghi\u1ec7t, b\u1ea3o v\u1ec7 c\u00e1c b\u1ed9 ph\u1eadn c\u1ee7a h\u1ec7 th\u1ed1ng th\u1ee7y l\u1ef1c.<\/li>\n<li style=\"text-align: justify;\"><strong>Ch\u1ed1ng M\u00e0i M\u00f2n V\u01b0\u1ee3t Tr\u1ed9i<\/strong>: B\u1ea3o v\u1ec7 ch\u1ed1ng g\u1ec9, ng\u0103n ch\u1eb7n h\u00ecnh th\u00e0nh c\u1eb7n b\u00f9n, kh\u1ea3 n\u0103ng kh\u1eed nh\u0169 t\u1ed1t, ch\u1ed1ng oxy h\u00f3a, ch\u1ed1ng t\u1ea1o b\u1ecdt v\u00e0 tho\u00e1t kh\u00ed t\u1ed1t \u0111\u1ec3 k\u00e9o d\u00e0i tu\u1ed5i th\u1ecd c\u1ee7a m\u00e1y b\u01a1m v\u00e0 h\u1ec7 th\u1ed1ng th\u1ee7y l\u1ef1c.<\/li>\n<li style=\"text-align: justify;\"><strong>\u1ed4n \u0110\u1ecbnh Th\u1ee7y Ph\u00e2n v\u00e0 Kh\u1ea3 N\u0103ng L\u1ecdc T\u1ed1t<\/strong>: \u0110\u1ea3m b\u1ea3o hi\u1ec7u su\u1ea5t s\u1ea3n ph\u1ea9m t\u1ed1i \u01b0u v\u00e0 ng\u0103n ch\u1eb7n s\u1ef1 t\u1eafc ngh\u1ebdn c\u1ee7a b\u1ed9 l\u1ecdc.<\/li>\n<li style=\"text-align: justify;\"><strong>\u0110a D\u1ea1ng C\u1ea5p \u0110\u1ed9 Nh\u1edbt<\/strong>: \u0110\u1ea3m b\u1ea3o \u0111\u1ed9 nh\u1edbt t\u1ed1i \u01b0u cho b\u1ea5t k\u1ef3 nhi\u1ec7t \u0111\u1ed9 v\u1eadn h\u00e0nh n\u00e0o c\u1ee7a h\u1ec7 th\u1ed1ng th\u1ee7y l\u1ef1c.<\/li>\n<li style=\"text-align: justify;\"><strong>T\u01b0\u01a1ng Th\u00edch V\u1edbi V\u1eadt Li\u1ec7u L\u00e0m K\u00edn<\/strong>: Ho\u00e0n to\u00e0n t\u01b0\u01a1ng th\u00edch v\u1edbi c\u00e1c v\u1eadt li\u1ec7u l\u00e0m k\u00edn ph\u1ed5 bi\u1ebfn trong c\u00e1c h\u1ec7 th\u1ed1ng th\u1ee7y l\u1ef1c, ng\u0103n ch\u1eb7n r\u00f2 r\u1ec9 ch\u1ea5t l\u1ecfng.<\/li>\n<\/ul>\n<h4>Th\u00f4ng S\u1ed1 K\u1ef9 Thu\u1eadt<\/h4>\n<div>\n<div>\n<div class=\"table-responsive\">\n<table class=\"table table-striped\">\n<thead>\n<tr>\n<th>C\u1ea5p \u0110\u1ed9 Nh\u1edbt ISO<\/th>\n<th>15<\/th>\n<th>22<\/th>\n<th>32<\/th>\n<th>46<\/th>\n<th>68<\/th>\n<th>100<\/th>\n<\/tr>\n<\/thead>\n<tbody>\n<tr>\n<td>\u0110\u1ed9 Nh\u1edbt \u0110\u1ed9ng H\u1ecdc @ 40\u00b0C, cSt (ASTM D445)<\/td>\n<td>15.17<\/td>\n<td>21.93<\/td>\n<td>33.39<\/td>\n<td>46.49<\/td>\n<td>68.70<\/td>\n<td>100.5<\/td>\n<\/tr>\n<tr>\n<td>\u0110\u1ed9 Nh\u1edbt \u0110\u1ed9ng H\u1ecdc @ 100\u00b0C, cSt (ASTM D445)<\/td>\n<td>3.66<\/td>\n<td>5.06<\/td>\n<td>6.66<\/td>\n<td>8.36<\/td>\n<td>11.14<\/td>\n<td>&#8211;<\/td>\n<\/tr>\n<tr>\n<td>Ch\u1ec9 S\u1ed1 \u0110\u1ed9 Nh\u1edbt VI (ASTM D2270)<\/td>\n<td>140<\/td>\n<td>173<\/td>\n<td>157<\/td>\n<td>156<\/td>\n<td>156<\/td>\n<td>157<\/td>\n<\/tr>\n<tr>\n<td>Tho\u00e1t Kh\u00ed @ 50\u00b0C, ph\u00fat (ASTM D3427)<\/td>\n<td>1.1<\/td>\n<td>2.0<\/td>\n<td>3.3<\/td>\n<td>4.1<\/td>\n<td>6.5<\/td>\n<td>8.9<\/td>\n<\/tr>\n<tr>\n<td>\u0110\u1eb7c T\u00ednh T\u1ea1o B\u1ecdt, sequences 1, 2, 3 (ASTM D892)<\/td>\n<td>10\/0<\/td>\n<td>10\/0<\/td>\n<td>10\/0<\/td>\n<td>10\/0<\/td>\n<td>10\/0<\/td>\n<td>15\/0<\/td>\n<\/tr>\n<tr>\n<td>Tr\u1ecb S\u1ed1 Axit TAN, mg KOH\/g (ASTM D974)<\/td>\n<td>0.52<\/td>\n<td>0.53<\/td>\n<td>0.57<\/td>\n<td>0.66<\/td>\n<td>0.75<\/td>\n<td>0.74<\/td>\n<\/tr>\n<tr>\n<td>Th\u1eed T\u1ea3i Tr\u1ecdng FZG (A\/8.3\/90), c\u1ea5p t\u1ea3i h\u1ecfng (DIN 51345)<\/td>\n<td>12<\/td>\n<td>12<\/td>\n<td>12<\/td>\n<td>12<\/td>\n<td>12<\/td>\n<td>12<\/td>\n<\/tr>\n<tr>\n<td>Ph\u00f2ng Ng\u1eeba G\u1ec9 S\u00e9t (ASTM D665)<\/td>\n<td>Pass<\/td>\n<td>Pass<\/td>\n<td>Pass<\/td>\n<td>Pass<\/td>\n<td>Pass<\/td>\n<td>Pass<\/td>\n<\/tr>\n<tr>\n<td>\u0102n M\u00f2n \u0110\u1ed3ng, 3 gi\u1edd @ 100\u00b0C (ASTM D130)<\/td>\n<td>1b<\/td>\n<td>1b<\/td>\n<td>1b<\/td>\n<td>1b<\/td>\n<td>1b<\/td>\n<td>1b<\/td>\n<\/tr>\n<tr>\n<td>T\u00e1ch N\u01b0\u1edbc, ph\u00fat (ASTM D2711)<\/td>\n<td>5.8 (54\u00b0C)<\/td>\n<td>6.0 (54\u00b0C)<\/td>\n<td>10 (54\u00b0C)<\/td>\n<td>15 (54\u00b0C)<\/td>\n<td>16 (54\u00b0C)<\/td>\n<td>15 (82\u00b0C)<\/td>\n<\/tr>\n<tr>\n<td>\u0110i\u1ec3m \u0110\u00f4ng \u0110\u1eb7c, \u00b0C (ASTM D97)<\/td>\n<td>-45<\/td>\n<td>-42<\/td>\n<td>-39<\/td>\n<td>-37<\/td>\n<td>-35<\/td>\n<td>-34<\/td>\n<\/tr>\n<tr>\n<td>\u0110i\u1ec3m Ch\u1edbp Ch\u00e1y (COC), \u00b0C (ASTM D92)<\/td>\n<td>180<\/td>\n<td>178<\/td>\n<td>210<\/td>\n<td>220<\/td>\n<td>221<\/td>\n<td>240<\/td>\n<\/tr>\n<\/tbody>\n<\/table>\n<\/div>\n<div><\/div>\n<\/div>\n<h4>Ti\u00eau Chu\u1ea9n &amp; Khuy\u1ebfn C\u00e1o C\u1ee7a Nh\u00e0 S\u1ea3n Xu\u1ea5t Thi\u1ebft B\u1ecb OEM<\/h4>\n<p style=\"text-align: justify;\"><strong>D\u1ea7u th\u1ee7y l\u1ef1c Sinopec L-HV<\/strong> \u0111\u00e1p \u1ee9ng c\u00e1c ti\u00eau chu\u1ea9n:<\/p>\n<ul style=\"text-align: justify;\">\n<li><strong>DIN 51524<\/strong><\/li>\n<li><strong>GB 11118.1-2011 (L-HV)<\/strong><\/li>\n<li><strong>ISO 11158 (L-HV)<\/strong><\/li>\n<\/ul>\n<p style=\"text-align: justify;\">Sinopec L-HV c\u0169ng \u0111\u00e1p \u1ee9ng c\u00e1c khuy\u1ebfn c\u00e1o c\u1ee7a c\u00e1c nh\u00e0 s\u1ea3n xu\u1ea5t thi\u1ebft b\u1ecb c\u00f4ng nghi\u1ec7p:<\/p>\n<ul style=\"text-align: justify;\">\n<li><strong>Cincinnati P-68 (ISO 32)<\/strong><\/li>\n<li><strong>Cincinnati P-69 (ISO 68)<\/strong><\/li>\n<li><strong>Cincinnati P-70 (ISO 46)<\/strong><\/li>\n<li><strong>Eaton Vickers<\/strong><\/li>\n<\/ul>\n<h4 style=\"text-align: justify;\">S\u1ee9c Kh\u1ecfe &amp; An To\u00e0n<\/h4>\n<p style=\"text-align: justify;\">S\u1ea3n ph\u1ea9m n\u00e0y kh\u00f4ng g\u00e2y ra b\u1ea5t k\u1ef3 v\u1ea5n \u0111\u1ec1 s\u1ee9c kh\u1ecfe n\u00e0o khi \u0111\u01b0\u1ee3c s\u1eed d\u1ee5ng theo khuy\u1ebfn c\u00e1o. \u0110\u01b0a d\u1ea7u \u0111\u00e3 qua s\u1eed d\u1ee5ng \u0111\u1ebfn \u0111i\u1ec3m thu gom quy \u0111\u1ecbnh. Kh\u00f4ng th\u1ea3i ra c\u1ed1ng r\u00e3nh, m\u1eb7t \u0111\u1ea5t hay ngu\u1ed3n n\u01b0\u1edbc.<\/p>\n<\/div>\n<p><\/p>","protected":false},"excerpt":{"rendered":"<p style=\"text-align: justify;\"><strong>D\u1ea7u thu\u1ef7 l\u1ef1c ch\u1ed1ng m\u00e0i m\u00f2n Sinopec L-HV<\/strong> l\u00e0 d\u00f2ng d\u1ea7u b\u00f4i tr\u01a1n ch\u1ea5t l\u01b0\u1ee3ng cao, c\u00f3 d\u1ea3i nhi\u1ec7t \u0111\u1ed9 r\u1ed9ng (ch\u1ecbu \u0111\u01b0\u1ee3c nhi\u1ec7t t\u1eeb l\u1ea1nh \u0111\u1ebfn n\u00f3ng), \u0111\u01b0\u1ee3c pha tr\u1ed9n b\u1eb1ng c\u00e1ch s\u1eed d\u1ee5ng d\u1ea7u g\u1ed1c kho\u00e1ng \u0111\u00e3 \u0111\u01b0\u1ee3c tinh ch\u1ebf v\u00e0 ch\u1ecdn l\u1ecdc k\u1ef9 l\u01b0\u1ee1ng, k\u1ebft h\u1ee3p v\u1edbi h\u1ec7 th\u1ed1ng ph\u1ee5 gia \u0111a ch\u1ee9c n\u0103ng v\u00e0 c\u00e1c c\u1ea5p \u0111\u1ed9 nh\u1edbt t\u1eeb ISO 15 \u0111\u1ebfn 100. D\u1ea7u th\u1ee7y l\u1ef1c ch\u1ed1ng m\u00e0i m\u00f2n nhi\u1ec7t \u0111\u1ed9 th\u1ea5p L-HV c\u00f3 ch\u1ec9 s\u1ed1 \u0111\u1ed9 nh\u1edbt cao v\u00e0 \u0111i\u1ec3m \u0111\u00f4ng \u0111\u1eb7c th\u1ea5p, \u0111\u01b0\u1ee3c thi\u1ebft k\u1ebf \u0111\u1ec3 \u0111\u00e1p \u1ee9ng cho c\u00e1c h\u1ec7 th\u1ed1ng th\u1ee7y l\u1ef1c \u00e1p su\u1ea5t trung b\u00ecnh \u0111\u1ebfn cao, ho\u1ea1t \u0111\u1ed9ng ngo\u00e0i tr\u1eddi \u1edf c\u00e1c v\u00f9ng l\u1ea1nh v\u00e0 c\u00e1c n\u01a1i c\u00f3 nhi\u1ec7t \u0111\u1ed9 m\u00f4i tr\u01b0\u1eddng thay \u0111\u1ed5i nhi\u1ec1u.<\/p>\n","protected":false},"featured_media":27397,"comment_status":"closed","ping_status":"closed","template":"","meta":[],"product_cat":[773,719,1178,750],"product_tag":[652,788,855,1183,1180,811,1171,1182,1184,1181,1179],"class_list":{"0":"post-28110","1":"product","2":"type-product","3":"status-publish","4":"has-post-thumbnail","6":"product_brand-sinopec","7":"product_cat-dau-cong-nghiep-sinopec","8":"product_cat-dau-nhot-sinopec","9":"product_cat-dau-thuy-luc-nhiet-do-thap-sinopec-l-hv","10":"product_cat-dau-thuy-luc-sinopec","11":"product_tag-dau-thuy-luc","12":"product_tag-dau-thuy-luc-chat-luong-cao","13":"product_tag-dau-thuy-luc-chi-so-do-nhot-cao","14":"product_tag-dau-thuy-luc-cho-bom-canh-gat-va-bom-banh-rang","15":"product_tag-dau-thuy-luc-chong-mai-mon-nhiet-do-thap","16":"product_tag-dau-thuy-luc-cong-nghiep","17":"product_tag-dau-thuy-luc-duoc-khuyen-cao-oem","18":"product_tag-dau-thuy-luc-khai-thac-mo","19":"product_tag-dau-thuy-luc-tai-nang","20":"product_tag-dau-thuy-luc-xay-dung","21":"product_tag-sinopec-l-hv","23":"first","24":"instock","25":"shipping-taxable","26":"product-type-simple"},"yoast_head":"<!-- This site is optimized with the Yoast SEO plugin v27.2 - https:\/\/yoast.com\/product\/yoast-seo-wordpress\/ -->\n<title>D\u1ea7u Th\u1ee7y L\u1ef1c Nhi\u1ec7t \u0110\u1ed9 Th\u1ea5p Sinopec L-HV 100 - C\u00f4ng Ty TNHH D\u1ea7u Nh\u1eddn T&amp;T Vi\u1ec7t Nam<\/title>\n<meta name=\"robots\" content=\"index, follow, max-snippet:-1, max-image-preview:large, max-video-preview:-1\" \/>\n<link rel=\"canonical\" href=\"https:\/\/tatco.vn\/vi\/san-pham\/dau-thuy-luc-nhiet-do-thap-sinopec-l-hv-100\/\" \/>\n<meta property=\"og:locale\" content=\"vi_VN\" \/>\n<meta property=\"og:type\" content=\"article\" \/>\n<meta property=\"og:title\" content=\"D\u1ea7u Th\u1ee7y L\u1ef1c Nhi\u1ec7t \u0110\u1ed9 Th\u1ea5p Sinopec L-HV 100 - C\u00f4ng Ty TNHH D\u1ea7u Nh\u1eddn T&amp;T Vi\u1ec7t Nam\" \/>\n<meta property=\"og:url\" content=\"https:\/\/tatco.vn\/vi\/san-pham\/dau-thuy-luc-nhiet-do-thap-sinopec-l-hv-100\/\" \/>\n<meta property=\"og:site_name\" content=\"C\u00f4ng Ty TNHH D\u1ea7u Nh\u1eddn T&amp;T Vi\u1ec7t Nam\" \/>\n<meta property=\"article:modified_time\" content=\"2025-02-23T09:09:58+00:00\" \/>\n<meta property=\"og:image\" content=\"https:\/\/tatco.vn\/wp-content\/uploads\/2021\/06\/Sinopec-oil-product.png\" \/>\n\t<meta property=\"og:image:width\" content=\"1000\" \/>\n\t<meta property=\"og:image:height\" content=\"1000\" \/>\n\t<meta property=\"og:image:type\" content=\"image\/png\" \/>\n<meta name=\"twitter:card\" content=\"summary_large_image\" \/>\n<meta name=\"twitter:label1\" content=\"\u01af\u1edbc t\u00ednh th\u1eddi gian \u0111\u1ecdc\" \/>\n\t<meta name=\"twitter:data1\" content=\"4 ph\u00fat\" \/>\n<script type=\"application\/ld+json\" class=\"yoast-schema-graph\">{\"@context\":\"https:\/\/schema.org\",\"@graph\":[{\"@type\":\"WebPage\",\"@id\":\"https:\/\/tatco.vn\/vi\/san-pham\/dau-thuy-luc-nhiet-do-thap-sinopec-l-hv-100\/\",\"url\":\"https:\/\/tatco.vn\/vi\/san-pham\/dau-thuy-luc-nhiet-do-thap-sinopec-l-hv-100\/\",\"name\":\"D\u1ea7u Th\u1ee7y L\u1ef1c Nhi\u1ec7t \u0110\u1ed9 Th\u1ea5p Sinopec L-HV 100 - C\u00f4ng Ty TNHH D\u1ea7u Nh\u1eddn T&amp;T Vi\u1ec7t Nam\",\"isPartOf\":{\"@id\":\"https:\/\/tatco.vn\/en\/#website\"},\"primaryImageOfPage\":{\"@id\":\"https:\/\/tatco.vn\/vi\/san-pham\/dau-thuy-luc-nhiet-do-thap-sinopec-l-hv-100\/#primaryimage\"},\"image\":{\"@id\":\"https:\/\/tatco.vn\/vi\/san-pham\/dau-thuy-luc-nhiet-do-thap-sinopec-l-hv-100\/#primaryimage\"},\"thumbnailUrl\":\"https:\/\/tatco.vn\/wp-content\/uploads\/2021\/06\/Sinopec-oil-product.png\",\"datePublished\":\"2025-02-09T03:57:36+00:00\",\"dateModified\":\"2025-02-23T09:09:58+00:00\",\"breadcrumb\":{\"@id\":\"https:\/\/tatco.vn\/vi\/san-pham\/dau-thuy-luc-nhiet-do-thap-sinopec-l-hv-100\/#breadcrumb\"},\"inLanguage\":\"vi\",\"potentialAction\":[{\"@type\":\"ReadAction\",\"target\":[\"https:\/\/tatco.vn\/vi\/san-pham\/dau-thuy-luc-nhiet-do-thap-sinopec-l-hv-100\/\"]}]},{\"@type\":\"ImageObject\",\"inLanguage\":\"vi\",\"@id\":\"https:\/\/tatco.vn\/vi\/san-pham\/dau-thuy-luc-nhiet-do-thap-sinopec-l-hv-100\/#primaryimage\",\"url\":\"https:\/\/tatco.vn\/wp-content\/uploads\/2021\/06\/Sinopec-oil-product.png\",\"contentUrl\":\"https:\/\/tatco.vn\/wp-content\/uploads\/2021\/06\/Sinopec-oil-product.png\",\"width\":1000,\"height\":1000},{\"@type\":\"BreadcrumbList\",\"@id\":\"https:\/\/tatco.vn\/vi\/san-pham\/dau-thuy-luc-nhiet-do-thap-sinopec-l-hv-100\/#breadcrumb\",\"itemListElement\":[{\"@type\":\"ListItem\",\"position\":1,\"name\":\"Home\",\"item\":\"https:\/\/tatco.vn\/\"},{\"@type\":\"ListItem\",\"position\":2,\"name\":\"C\u1eeda h\u00e0ng\",\"item\":\"https:\/\/tatco.vn\/en\/mua\/\"},{\"@type\":\"ListItem\",\"position\":3,\"name\":\"D\u1ea7u Th\u1ee7y L\u1ef1c Nhi\u1ec7t \u0110\u1ed9 Th\u1ea5p Sinopec L-HV 100\"}]},{\"@type\":\"WebSite\",\"@id\":\"https:\/\/tatco.vn\/en\/#website\",\"url\":\"https:\/\/tatco.vn\/en\/\",\"name\":\"C\u00f4ng Ty TNHH D\u1ea7u Nh\u1eddn T&amp;T Vi\u1ec7t Nam\",\"description\":\"Right Point - Right Time - Best Solution\",\"publisher\":{\"@id\":\"https:\/\/tatco.vn\/en\/#organization\"},\"potentialAction\":[{\"@type\":\"SearchAction\",\"target\":{\"@type\":\"EntryPoint\",\"urlTemplate\":\"https:\/\/tatco.vn\/en\/?s={search_term_string}\"},\"query-input\":{\"@type\":\"PropertyValueSpecification\",\"valueRequired\":true,\"valueName\":\"search_term_string\"}}],\"inLanguage\":\"vi\"},{\"@type\":\"Organization\",\"@id\":\"https:\/\/tatco.vn\/en\/#organization\",\"name\":\"C\u00f4ng Ty TNHH D\u1ea7u Nh\u1eddn T&T Vi\u1ec7t Nam\",\"url\":\"https:\/\/tatco.vn\/en\/\",\"logo\":{\"@type\":\"ImageObject\",\"inLanguage\":\"vi\",\"@id\":\"https:\/\/tatco.vn\/en\/#\/schema\/logo\/image\/\",\"url\":\"https:\/\/tatco.vn\/wp-content\/uploads\/2019\/05\/fav-ico.png\",\"contentUrl\":\"https:\/\/tatco.vn\/wp-content\/uploads\/2019\/05\/fav-ico.png\",\"width\":200,\"height\":200,\"caption\":\"C\u00f4ng Ty TNHH D\u1ea7u Nh\u1eddn T&T Vi\u1ec7t Nam\"},\"image\":{\"@id\":\"https:\/\/tatco.vn\/en\/#\/schema\/logo\/image\/\"}}]}<\/script>\n<!-- \/ Yoast SEO plugin. -->","yoast_head_json":{"title":"D\u1ea7u Th\u1ee7y L\u1ef1c Nhi\u1ec7t \u0110\u1ed9 Th\u1ea5p Sinopec L-HV 100 - C\u00f4ng Ty TNHH D\u1ea7u Nh\u1eddn T&amp;T Vi\u1ec7t Nam","robots":{"index":"index","follow":"follow","max-snippet":"max-snippet:-1","max-image-preview":"max-image-preview:large","max-video-preview":"max-video-preview:-1"},"canonical":"https:\/\/tatco.vn\/vi\/san-pham\/dau-thuy-luc-nhiet-do-thap-sinopec-l-hv-100\/","og_locale":"vi_VN","og_type":"article","og_title":"D\u1ea7u Th\u1ee7y L\u1ef1c Nhi\u1ec7t \u0110\u1ed9 Th\u1ea5p Sinopec L-HV 100 - C\u00f4ng Ty TNHH D\u1ea7u Nh\u1eddn T&amp;T Vi\u1ec7t Nam","og_url":"https:\/\/tatco.vn\/vi\/san-pham\/dau-thuy-luc-nhiet-do-thap-sinopec-l-hv-100\/","og_site_name":"C\u00f4ng Ty TNHH D\u1ea7u Nh\u1eddn T&amp;T Vi\u1ec7t Nam","article_modified_time":"2025-02-23T09:09:58+00:00","og_image":[{"width":1000,"height":1000,"url":"https:\/\/tatco.vn\/wp-content\/uploads\/2021\/06\/Sinopec-oil-product.png","type":"image\/png"}],"twitter_card":"summary_large_image","twitter_misc":{"\u01af\u1edbc t\u00ednh th\u1eddi gian \u0111\u1ecdc":"4 ph\u00fat"},"schema":{"@context":"https:\/\/schema.org","@graph":[{"@type":"WebPage","@id":"https:\/\/tatco.vn\/vi\/san-pham\/dau-thuy-luc-nhiet-do-thap-sinopec-l-hv-100\/","url":"https:\/\/tatco.vn\/vi\/san-pham\/dau-thuy-luc-nhiet-do-thap-sinopec-l-hv-100\/","name":"D\u1ea7u Th\u1ee7y L\u1ef1c Nhi\u1ec7t \u0110\u1ed9 Th\u1ea5p Sinopec L-HV 100 - C\u00f4ng Ty TNHH D\u1ea7u Nh\u1eddn T&amp;T Vi\u1ec7t Nam","isPartOf":{"@id":"https:\/\/tatco.vn\/en\/#website"},"primaryImageOfPage":{"@id":"https:\/\/tatco.vn\/vi\/san-pham\/dau-thuy-luc-nhiet-do-thap-sinopec-l-hv-100\/#primaryimage"},"image":{"@id":"https:\/\/tatco.vn\/vi\/san-pham\/dau-thuy-luc-nhiet-do-thap-sinopec-l-hv-100\/#primaryimage"},"thumbnailUrl":"https:\/\/tatco.vn\/wp-content\/uploads\/2021\/06\/Sinopec-oil-product.png","datePublished":"2025-02-09T03:57:36+00:00","dateModified":"2025-02-23T09:09:58+00:00","breadcrumb":{"@id":"https:\/\/tatco.vn\/vi\/san-pham\/dau-thuy-luc-nhiet-do-thap-sinopec-l-hv-100\/#breadcrumb"},"inLanguage":"vi","potentialAction":[{"@type":"ReadAction","target":["https:\/\/tatco.vn\/vi\/san-pham\/dau-thuy-luc-nhiet-do-thap-sinopec-l-hv-100\/"]}]},{"@type":"ImageObject","inLanguage":"vi","@id":"https:\/\/tatco.vn\/vi\/san-pham\/dau-thuy-luc-nhiet-do-thap-sinopec-l-hv-100\/#primaryimage","url":"https:\/\/tatco.vn\/wp-content\/uploads\/2021\/06\/Sinopec-oil-product.png","contentUrl":"https:\/\/tatco.vn\/wp-content\/uploads\/2021\/06\/Sinopec-oil-product.png","width":1000,"height":1000},{"@type":"BreadcrumbList","@id":"https:\/\/tatco.vn\/vi\/san-pham\/dau-thuy-luc-nhiet-do-thap-sinopec-l-hv-100\/#breadcrumb","itemListElement":[{"@type":"ListItem","position":1,"name":"Home","item":"https:\/\/tatco.vn\/"},{"@type":"ListItem","position":2,"name":"C\u1eeda h\u00e0ng","item":"https:\/\/tatco.vn\/en\/mua\/"},{"@type":"ListItem","position":3,"name":"D\u1ea7u Th\u1ee7y L\u1ef1c Nhi\u1ec7t \u0110\u1ed9 Th\u1ea5p Sinopec L-HV 100"}]},{"@type":"WebSite","@id":"https:\/\/tatco.vn\/en\/#website","url":"https:\/\/tatco.vn\/en\/","name":"C\u00f4ng Ty TNHH D\u1ea7u Nh\u1eddn T&amp;T Vi\u1ec7t Nam","description":"Right Point - Right Time - Best Solution","publisher":{"@id":"https:\/\/tatco.vn\/en\/#organization"},"potentialAction":[{"@type":"SearchAction","target":{"@type":"EntryPoint","urlTemplate":"https:\/\/tatco.vn\/en\/?s={search_term_string}"},"query-input":{"@type":"PropertyValueSpecification","valueRequired":true,"valueName":"search_term_string"}}],"inLanguage":"vi"},{"@type":"Organization","@id":"https:\/\/tatco.vn\/en\/#organization","name":"C\u00f4ng Ty TNHH D\u1ea7u Nh\u1eddn T&T Vi\u1ec7t Nam","url":"https:\/\/tatco.vn\/en\/","logo":{"@type":"ImageObject","inLanguage":"vi","@id":"https:\/\/tatco.vn\/en\/#\/schema\/logo\/image\/","url":"https:\/\/tatco.vn\/wp-content\/uploads\/2019\/05\/fav-ico.png","contentUrl":"https:\/\/tatco.vn\/wp-content\/uploads\/2019\/05\/fav-ico.png","width":200,"height":200,"caption":"C\u00f4ng Ty TNHH D\u1ea7u Nh\u1eddn T&T Vi\u1ec7t Nam"},"image":{"@id":"https:\/\/tatco.vn\/en\/#\/schema\/logo\/image\/"}}]}},"_links":{"self":[{"href":"https:\/\/tatco.vn\/vi\/wp-json\/wp\/v2\/product\/28110","targetHints":{"allow":["GET"]}}],"collection":[{"href":"https:\/\/tatco.vn\/vi\/wp-json\/wp\/v2\/product"}],"about":[{"href":"https:\/\/tatco.vn\/vi\/wp-json\/wp\/v2\/types\/product"}],"replies":[{"embeddable":true,"href":"https:\/\/tatco.vn\/vi\/wp-json\/wp\/v2\/comments?post=28110"}],"version-history":[{"count":2,"href":"https:\/\/tatco.vn\/vi\/wp-json\/wp\/v2\/product\/28110\/revisions"}],"predecessor-version":[{"id":28325,"href":"https:\/\/tatco.vn\/vi\/wp-json\/wp\/v2\/product\/28110\/revisions\/28325"}],"wp:featuredmedia":[{"embeddable":true,"href":"https:\/\/tatco.vn\/vi\/wp-json\/wp\/v2\/media\/27397"}],"wp:attachment":[{"href":"https:\/\/tatco.vn\/vi\/wp-json\/wp\/v2\/media?parent=28110"}],"wp:term":[{"taxonomy":"product_cat","embeddable":true,"href":"https:\/\/tatco.vn\/vi\/wp-json\/wp\/v2\/product_cat?post=28110"},{"taxonomy":"product_tag","embeddable":true,"href":"https:\/\/tatco.vn\/vi\/wp-json\/wp\/v2\/product_tag?post=28110"}],"curies":[{"name":"wp","href":"https:\/\/api.w.org\/{rel}","templated":true}]}}