{"id":28062,"date":"2025-02-09T10:04:11","date_gmt":"2025-02-09T03:04:11","guid":{"rendered":"https:\/\/tatco.vn\/vi\/?post_type=product&#038;p=28062"},"modified":"2025-02-09T10:04:13","modified_gmt":"2025-02-09T03:04:13","slug":"dau-thuy-luc-khong-tro-sinopec-l-hm-32","status":"publish","type":"product","link":"https:\/\/tatco.vn\/vi\/san-pham\/dau-thuy-luc-khong-tro-sinopec-l-hm-32\/","title":{"rendered":"D\u1ea7u Th\u1ee7y L\u1ef1c Kh\u00f4ng Tro Sinopec L-HM 32"},"content":{"rendered":"<p><\/p>\n<h3 style=\"text-align: justify\">D\u1ea7u Th\u1ee7y L\u1ef1c Sinopec Ashless L-HM<\/h3>\n<p style=\"text-align: justify\"><strong>D\u1ea7u thu\u1ef7 l\u1ef1c ch\u1ed1ng m\u00e0i m\u00f2n (AW) ch\u1ecbu \u00e1p su\u1ea5t cao Sinopec Ashless L-HM<\/strong> l\u00e0 lo\u1ea1i d\u1ea7u thu\u1ef7 l\u1ef1c cao c\u1ea5p, s\u1eed d\u1ee5ng d\u1ea7u g\u1ed1c kho\u00e1ng ch\u1ea5t l\u01b0\u1ee3ng cao \u0111\u01b0\u1ee3c ch\u1ecdn l\u1ecdc v\u00e0 tinh ch\u1ebf c\u1ea9n th\u1eadn, k\u1ebft h\u1ee3p v\u1edbi h\u1ec7 th\u1ed1ng ph\u1ee5 gia kh\u00f4ng tro (kh\u00f4ng k\u1ebdm \u2013 Zinc Free) v\u00e0 c\u00e1c c\u1ea5p \u0111\u1ed9 nh\u1edbt t\u1eeb ISO 32 \u0111\u1ebfn 100.<\/p>\n<h4 style=\"text-align: justify\">\u1ee8ng D\u1ee5ng<\/h4>\n<ul style=\"text-align: justify\">\n<li><strong>H\u1ec7 th\u1ed1ng th\u1ee7y l\u1ef1c c\u00f4ng nghi\u1ec7p v\u00e0 h\u00e0ng h\u1ea3i<\/strong>: Ph\u00f9 h\u1ee3p cho c\u00e1c h\u1ec7 th\u1ed1ng l\u00e0m vi\u1ec7c trong \u0111i\u1ec1u ki\u1ec7n kh\u1eafc nghi\u1ec7t, nhi\u1ec7t \u0111\u1ed9 cao v\u00e0 \u00e1p su\u1ea5t cao.<\/li>\n<li><strong>B\u01a1m c\u00e1nh g\u1ea1t v\u00e0 b\u01a1m b\u00e1nh r\u0103ng<\/strong>: Ho\u1ea1t \u0111\u1ed9ng v\u1edbi \u00e1p su\u1ea5t cao v\u00e0 nhi\u1ec7t \u0111\u1ed9 th\u1ea5p theo khuy\u1ebfn c\u00e1o c\u1ee7a nh\u00e0 s\u1ea3n xu\u1ea5t b\u01a1m.<\/li>\n<li><strong>H\u1ec7 th\u1ed1ng th\u1ee7y l\u1ef1c t\u1ea3i n\u1eb7ng<\/strong>: S\u1eed d\u1ee5ng m\u00e1y b\u01a1m piston h\u01b0\u1edbng tr\u1ee5c v\u00e0 h\u01b0\u1edbng t\u00e2m theo khuy\u1ebfn c\u00e1o c\u1ee7a nh\u00e0 s\u1ea3n xu\u1ea5t m\u00e1y b\u01a1m.<\/li>\n<\/ul>\n<h4 style=\"text-align: justify\">\u0110\u1eb7c \u0110i\u1ec3m &amp; L\u1ee3i \u00cdch<\/h4>\n<ul>\n<li style=\"text-align: justify\"><strong>Kh\u00f4ng \u0103n m\u00f2n kim lo\u1ea1i m\u00e0u<\/strong>: H\u1ec7 ph\u1ee5 gia kh\u00f4ng tro (kh\u00f4ng ch\u1ee9a k\u1ebdm) kh\u00f4ng l\u00e0m \u0103n m\u00f2n c\u00e1c kim lo\u1ea1i m\u00e0u, k\u00e9o d\u00e0i tu\u1ed5i th\u1ecd c\u1ee7a m\u00e1y b\u01a1m.<\/li>\n<li style=\"text-align: justify\"><strong>Ch\u1ed1ng m\u00e0i m\u00f2n hi\u1ec7u qu\u1ea3<\/strong>: \u0110\u1eb7c t\u00ednh ch\u1ed1ng m\u00e0i m\u00f2n v\u01b0\u1ee3t tr\u1ed9i khi l\u00e0m vi\u1ec7c trong \u0111i\u1ec1u ki\u1ec7n \u00e1p su\u1ea5t cao, duy tr\u00ec \u0111\u1ed9 \u1ed5n \u0111\u1ecbnh c\u1ee7a ph\u1ee5 gia.<\/li>\n<li style=\"text-align: justify\"><strong>Tu\u1ed5i th\u1ecd d\u00e0i<\/strong>: Ph\u1ee5 gia kh\u00f4ng tro k\u00e9o d\u00e0i tu\u1ed5i th\u1ecd c\u1ee7a d\u1ea7u g\u1ea5p \u0111\u00f4i so v\u1edbi d\u1ea7u s\u1eed d\u1ee5ng ph\u1ee5 gia k\u1ebdm th\u00f4ng th\u01b0\u1eddng.<\/li>\n<\/ul>\n<h4>Th\u00f4ng S\u1ed1 K\u1ef9 Thu\u1eadt<\/h4>\n<div>\n<div>\n<div class=\"table-responsive\">\n<table class=\"table table-striped\">\n<thead>\n<tr>\n<th>C\u1ea5p \u0110\u1ed9 Nh\u1edbt ISO<\/th>\n<th>32<\/th>\n<th>46<\/th>\n<th>68<\/th>\n<th>100<\/th>\n<\/tr>\n<\/thead>\n<tbody>\n<tr>\n<td>\u0110\u1ed9 Nh\u1edbt \u0110\u1ed9ng H\u1ecdc @ 40\u00b0C, cSt (ASTM D445)<\/td>\n<td>32.56<\/td>\n<td>47.12<\/td>\n<td>68.05<\/td>\n<td>99.78<\/td>\n<\/tr>\n<tr>\n<td>\u0110\u1ed9 Nh\u1edbt \u0110\u1ed9ng H\u1ecdc @ 100\u00b0C, cSt (ASTM D445)<\/td>\n<td>5.42<\/td>\n<td>6.74<\/td>\n<td>8.56<\/td>\n<td>11.14<\/td>\n<\/tr>\n<tr>\n<td>Ch\u1ec9 S\u1ed1 \u0110\u1ed9 Nh\u1edbt VI (ASTM D2270)<\/td>\n<td>100<\/td>\n<td>97<\/td>\n<td>97<\/td>\n<td>97<\/td>\n<\/tr>\n<tr>\n<td>Tho\u00e1t Kh\u00ed @ 50\u00b0C, ph\u00fat (ASTM D3427)<\/td>\n<td>4<\/td>\n<td>6<\/td>\n<td>8<\/td>\n<td>10<\/td>\n<\/tr>\n<tr>\n<td>\u0110\u1eb7c T\u00ednh T\u1ea1o B\u1ecdt, sequences 1, 2, 3 (ASTM D892)<\/td>\n<td>10\/0<\/td>\n<td>10\/0<\/td>\n<td>10\/0<\/td>\n<td>5\/0<\/td>\n<\/tr>\n<tr>\n<td>Tr\u1ecb S\u1ed1 Axit TAN, mg KOH\/g (ASTM D974)<\/td>\n<td>0.25<\/td>\n<td>0.26<\/td>\n<td>0.27<\/td>\n<td>0.28<\/td>\n<\/tr>\n<tr>\n<td>Th\u1eed T\u1ea3i Tr\u1ecdng FZG (A\/8.3\/90), c\u1ea5p t\u1ea3i h\u1ecfng (DIN 51345)<\/td>\n<td>12<\/td>\n<td>12<\/td>\n<td>12<\/td>\n<td>12<\/td>\n<\/tr>\n<tr>\n<td>Ph\u00f2ng Ng\u1eeba G\u1ec9 S\u00e9t (ASTM D665)<\/td>\n<td>Pass<\/td>\n<td>Pass<\/td>\n<td>Pass<\/td>\n<td>Pass<\/td>\n<\/tr>\n<tr>\n<td>\u0102n M\u00f2n \u0110\u1ed3ng, 3 gi\u1edd @ 100\u00b0C (ASTM D130)<\/td>\n<td>1b<\/td>\n<td>1b<\/td>\n<td>1b<\/td>\n<td>1b<\/td>\n<\/tr>\n<tr>\n<td>T\u00e1ch N\u01b0\u1edbc, ph\u00fat (ASTM D2711)<\/td>\n<td>6 (54\u00b0C)<\/td>\n<td>9 (54\u00b0C)<\/td>\n<td>10 (54\u00b0C)<\/td>\n<td>11 (82\u00b0C)<\/td>\n<\/tr>\n<tr>\n<td>\u0110i\u1ec3m \u0110\u00f4ng \u0110\u1eb7c, \u00b0C (ASTM D97)<\/td>\n<td>-15<\/td>\n<td>-15<\/td>\n<td>-12<\/td>\n<td>-12<\/td>\n<\/tr>\n<tr>\n<td>\u0110i\u1ec3m Ch\u1edbp Ch\u00e1y (COC), \u00b0C (ASTM D92)<\/td>\n<td>215<\/td>\n<td>235<\/td>\n<td>248<\/td>\n<td>263<\/td>\n<\/tr>\n<\/tbody>\n<\/table>\n<\/div>\n<div><\/div>\n<\/div>\n<h4 style=\"text-align: justify\">Ti\u00eau Chu\u1ea9n &amp; Khuy\u1ebfn C\u00e1o C\u1ee7a Nh\u00e0 S\u1ea3n Xu\u1ea5t Thi\u1ebft B\u1ecb OEM<\/h4>\n<p style=\"text-align: justify\"><strong>D\u1ea7u thu\u1ef7 l\u1ef1c ch\u1ed1ng m\u00e0i m\u00f2n (AW) ch\u1ecbu \u00e1p su\u1ea5t cao Sinopec Ashless L-HM<\/strong> \u0111\u00e1p \u1ee9ng c\u00e1c ti\u00eau chu\u1ea9n:<\/p>\n<ul style=\"text-align: justify\">\n<li><strong>DIN 51524<\/strong><\/li>\n<li><strong>ISO 11158 (L-HM)<\/strong><\/li>\n<li><strong>GB<\/strong>: Ti\u00eau chu\u1ea9n qu\u1ed1c gia c\u1ee7a Trung Qu\u1ed1c<\/li>\n<\/ul>\n<p style=\"text-align: justify\"><strong>Sinopec Ashless L-HM<\/strong> c\u0169ng \u0111\u00e1p \u1ee9ng c\u00e1c khuy\u1ebfn c\u00e1o c\u1ee7a c\u00e1c nh\u00e0 s\u1ea3n xu\u1ea5t thi\u1ebft b\u1ecb c\u00f4ng nghi\u1ec7p:<\/p>\n<ul style=\"text-align: justify\">\n<li><strong>Cincinnati P-68 (ISO 32)<\/strong><\/li>\n<li><strong>Cincinnati P-69 (ISO 68)<\/strong><\/li>\n<li><strong>Cincinnati P-70 (ISO 46)<\/strong><\/li>\n<li><strong>Parker Denison HF-0<\/strong><\/li>\n<\/ul>\n<h4 style=\"text-align: justify\">S\u1ee9c Kh\u1ecfe &amp; An To\u00e0n<\/h4>\n<p style=\"text-align: justify\">S\u1ea3n ph\u1ea9m n\u00e0y kh\u00f4ng g\u00e2y ra b\u1ea5t k\u1ef3 v\u1ea5n \u0111\u1ec1 s\u1ee9c kh\u1ecfe n\u00e0o khi \u0111\u01b0\u1ee3c s\u1eed d\u1ee5ng theo khuy\u1ebfn c\u00e1o. \u0110\u01b0a d\u1ea7u \u0111\u00e3 qua s\u1eed d\u1ee5ng \u0111\u1ebfn \u0111i\u1ec3m thu gom quy \u0111\u1ecbnh. Kh\u00f4ng th\u1ea3i ra c\u1ed1ng r\u00e3nh, m\u1eb7t \u0111\u1ea5t hay ngu\u1ed3n n\u01b0\u1edbc.<\/p>\n<div style=\"text-align: justify\"><\/div>\n<\/div>\n<p><\/p>","protected":false},"excerpt":{"rendered":"<p><strong>D\u1ea7u thu\u1ef7 l\u1ef1c ch\u1ed1ng m\u00e0i m\u00f2n (AW) ch\u1ecbu \u00e1p su\u1ea5t cao Sinopec Ashless L-HM<\/strong> l\u00e0 lo\u1ea1i d\u1ea7u thu\u1ef7 l\u1ef1c cao c\u1ea5p, s\u1eed d\u1ee5ng d\u1ea7u g\u1ed1c kho\u00e1ng ch\u1ea5t l\u01b0\u1ee3ng cao \u0111\u01b0\u1ee3c ch\u1ecdn l\u1ecdc v\u00e0 tinh ch\u1ebf c\u1ea9n th\u1eadn, k\u1ebft h\u1ee3p v\u1edbi h\u1ec7 th\u1ed1ng ph\u1ee5 gia kh\u00f4ng tro (kh\u00f4ng k\u1ebdm \u2013 Zinc Free) v\u00e0 c\u00e1c c\u1ea5p \u0111\u1ed9 nh\u1edbt t\u1eeb ISO 32 \u0111\u1ebfn 100.<\/p>\n","protected":false},"featured_media":27397,"comment_status":"closed","ping_status":"closed","template":"","meta":[],"product_cat":[719,1151,750],"product_tag":[1175,1173,1152,811,1174,1177,1168,856,1176,1172],"class_list":{"0":"post-28062","1":"product","2":"type-product","3":"status-publish","4":"has-post-thumbnail","6":"product_brand-sinopec","7":"product_cat-dau-nhot-sinopec","8":"product_cat-dau-thuy-luc-khong-tro-sinopec-l-hm","9":"product_cat-dau-thuy-luc-sinopec","10":"product_tag-dau-thuy-luc-bao-ve-bom","11":"product_tag-dau-thuy-luc-chiu-ap-suat-cao","12":"product_tag-dau-thuy-luc-chong-mai-mon-khong-tro","13":"product_tag-dau-thuy-luc-cong-nghiep","14":"product_tag-dau-thuy-luc-di-dong","15":"product_tag-dau-thuy-luc-dat-tieu-chuan-din","16":"product_tag-dau-thuy-luc-hang-hai","17":"product_tag-dau-thuy-luc-khong-kem","18":"product_tag-dau-thuy-luc-tieu-chuan-quoc-gia-trung-quoc","19":"product_tag-sinopec-ashless-l-hm","21":"first","22":"instock","23":"shipping-taxable","24":"product-type-simple"},"yoast_head":"<!-- This site is optimized with the Yoast SEO plugin v27.2 - https:\/\/yoast.com\/product\/yoast-seo-wordpress\/ -->\n<title>D\u1ea7u Th\u1ee7y L\u1ef1c Kh\u00f4ng Tro Sinopec L-HM 32 - C\u00f4ng Ty TNHH D\u1ea7u Nh\u1eddn T&amp;T Vi\u1ec7t Nam<\/title>\n<meta name=\"robots\" content=\"index, follow, max-snippet:-1, max-image-preview:large, max-video-preview:-1\" \/>\n<link rel=\"canonical\" href=\"https:\/\/tatco.vn\/vi\/san-pham\/dau-thuy-luc-khong-tro-sinopec-l-hm-32\/\" \/>\n<meta property=\"og:locale\" content=\"vi_VN\" \/>\n<meta property=\"og:type\" content=\"article\" \/>\n<meta property=\"og:title\" content=\"D\u1ea7u Th\u1ee7y L\u1ef1c Kh\u00f4ng Tro Sinopec L-HM 32 - C\u00f4ng Ty TNHH D\u1ea7u Nh\u1eddn T&amp;T Vi\u1ec7t Nam\" \/>\n<meta property=\"og:url\" content=\"https:\/\/tatco.vn\/vi\/san-pham\/dau-thuy-luc-khong-tro-sinopec-l-hm-32\/\" \/>\n<meta property=\"og:site_name\" content=\"C\u00f4ng Ty TNHH D\u1ea7u Nh\u1eddn T&amp;T Vi\u1ec7t Nam\" \/>\n<meta property=\"article:modified_time\" content=\"2025-02-09T03:04:13+00:00\" \/>\n<meta property=\"og:image\" content=\"https:\/\/tatco.vn\/wp-content\/uploads\/2021\/06\/Sinopec-oil-product.png\" \/>\n\t<meta property=\"og:image:width\" content=\"1000\" \/>\n\t<meta property=\"og:image:height\" content=\"1000\" \/>\n\t<meta property=\"og:image:type\" content=\"image\/png\" \/>\n<meta name=\"twitter:card\" content=\"summary_large_image\" \/>\n<meta name=\"twitter:label1\" content=\"\u01af\u1edbc t\u00ednh th\u1eddi gian \u0111\u1ecdc\" \/>\n\t<meta name=\"twitter:data1\" content=\"3 ph\u00fat\" \/>\n<script type=\"application\/ld+json\" class=\"yoast-schema-graph\">{\"@context\":\"https:\/\/schema.org\",\"@graph\":[{\"@type\":\"WebPage\",\"@id\":\"https:\/\/tatco.vn\/vi\/san-pham\/dau-thuy-luc-khong-tro-sinopec-l-hm-32\/\",\"url\":\"https:\/\/tatco.vn\/vi\/san-pham\/dau-thuy-luc-khong-tro-sinopec-l-hm-32\/\",\"name\":\"D\u1ea7u Th\u1ee7y L\u1ef1c Kh\u00f4ng Tro Sinopec L-HM 32 - C\u00f4ng Ty TNHH D\u1ea7u Nh\u1eddn T&amp;T Vi\u1ec7t Nam\",\"isPartOf\":{\"@id\":\"https:\/\/tatco.vn\/en\/#website\"},\"primaryImageOfPage\":{\"@id\":\"https:\/\/tatco.vn\/vi\/san-pham\/dau-thuy-luc-khong-tro-sinopec-l-hm-32\/#primaryimage\"},\"image\":{\"@id\":\"https:\/\/tatco.vn\/vi\/san-pham\/dau-thuy-luc-khong-tro-sinopec-l-hm-32\/#primaryimage\"},\"thumbnailUrl\":\"https:\/\/tatco.vn\/wp-content\/uploads\/2021\/06\/Sinopec-oil-product.png\",\"datePublished\":\"2025-02-09T03:04:11+00:00\",\"dateModified\":\"2025-02-09T03:04:13+00:00\",\"breadcrumb\":{\"@id\":\"https:\/\/tatco.vn\/vi\/san-pham\/dau-thuy-luc-khong-tro-sinopec-l-hm-32\/#breadcrumb\"},\"inLanguage\":\"vi\",\"potentialAction\":[{\"@type\":\"ReadAction\",\"target\":[\"https:\/\/tatco.vn\/vi\/san-pham\/dau-thuy-luc-khong-tro-sinopec-l-hm-32\/\"]}]},{\"@type\":\"ImageObject\",\"inLanguage\":\"vi\",\"@id\":\"https:\/\/tatco.vn\/vi\/san-pham\/dau-thuy-luc-khong-tro-sinopec-l-hm-32\/#primaryimage\",\"url\":\"https:\/\/tatco.vn\/wp-content\/uploads\/2021\/06\/Sinopec-oil-product.png\",\"contentUrl\":\"https:\/\/tatco.vn\/wp-content\/uploads\/2021\/06\/Sinopec-oil-product.png\",\"width\":1000,\"height\":1000},{\"@type\":\"BreadcrumbList\",\"@id\":\"https:\/\/tatco.vn\/vi\/san-pham\/dau-thuy-luc-khong-tro-sinopec-l-hm-32\/#breadcrumb\",\"itemListElement\":[{\"@type\":\"ListItem\",\"position\":1,\"name\":\"Home\",\"item\":\"https:\/\/tatco.vn\/\"},{\"@type\":\"ListItem\",\"position\":2,\"name\":\"C\u1eeda h\u00e0ng\",\"item\":\"https:\/\/tatco.vn\/en\/mua\/\"},{\"@type\":\"ListItem\",\"position\":3,\"name\":\"D\u1ea7u Th\u1ee7y L\u1ef1c Kh\u00f4ng Tro Sinopec L-HM 32\"}]},{\"@type\":\"WebSite\",\"@id\":\"https:\/\/tatco.vn\/en\/#website\",\"url\":\"https:\/\/tatco.vn\/en\/\",\"name\":\"C\u00f4ng Ty TNHH D\u1ea7u Nh\u1eddn T&amp;T Vi\u1ec7t Nam\",\"description\":\"Right Point - Right Time - Best Solution\",\"publisher\":{\"@id\":\"https:\/\/tatco.vn\/en\/#organization\"},\"potentialAction\":[{\"@type\":\"SearchAction\",\"target\":{\"@type\":\"EntryPoint\",\"urlTemplate\":\"https:\/\/tatco.vn\/en\/?s={search_term_string}\"},\"query-input\":{\"@type\":\"PropertyValueSpecification\",\"valueRequired\":true,\"valueName\":\"search_term_string\"}}],\"inLanguage\":\"vi\"},{\"@type\":\"Organization\",\"@id\":\"https:\/\/tatco.vn\/en\/#organization\",\"name\":\"C\u00f4ng Ty TNHH D\u1ea7u Nh\u1eddn T&T Vi\u1ec7t Nam\",\"url\":\"https:\/\/tatco.vn\/en\/\",\"logo\":{\"@type\":\"ImageObject\",\"inLanguage\":\"vi\",\"@id\":\"https:\/\/tatco.vn\/en\/#\/schema\/logo\/image\/\",\"url\":\"https:\/\/tatco.vn\/wp-content\/uploads\/2019\/05\/fav-ico.png\",\"contentUrl\":\"https:\/\/tatco.vn\/wp-content\/uploads\/2019\/05\/fav-ico.png\",\"width\":200,\"height\":200,\"caption\":\"C\u00f4ng Ty TNHH D\u1ea7u Nh\u1eddn T&T Vi\u1ec7t Nam\"},\"image\":{\"@id\":\"https:\/\/tatco.vn\/en\/#\/schema\/logo\/image\/\"}}]}<\/script>\n<!-- \/ Yoast SEO plugin. -->","yoast_head_json":{"title":"D\u1ea7u Th\u1ee7y L\u1ef1c Kh\u00f4ng Tro Sinopec L-HM 32 - C\u00f4ng Ty TNHH D\u1ea7u Nh\u1eddn T&amp;T Vi\u1ec7t Nam","robots":{"index":"index","follow":"follow","max-snippet":"max-snippet:-1","max-image-preview":"max-image-preview:large","max-video-preview":"max-video-preview:-1"},"canonical":"https:\/\/tatco.vn\/vi\/san-pham\/dau-thuy-luc-khong-tro-sinopec-l-hm-32\/","og_locale":"vi_VN","og_type":"article","og_title":"D\u1ea7u Th\u1ee7y L\u1ef1c Kh\u00f4ng Tro Sinopec L-HM 32 - C\u00f4ng Ty TNHH D\u1ea7u Nh\u1eddn T&amp;T Vi\u1ec7t Nam","og_url":"https:\/\/tatco.vn\/vi\/san-pham\/dau-thuy-luc-khong-tro-sinopec-l-hm-32\/","og_site_name":"C\u00f4ng Ty TNHH D\u1ea7u Nh\u1eddn T&amp;T Vi\u1ec7t Nam","article_modified_time":"2025-02-09T03:04:13+00:00","og_image":[{"width":1000,"height":1000,"url":"https:\/\/tatco.vn\/wp-content\/uploads\/2021\/06\/Sinopec-oil-product.png","type":"image\/png"}],"twitter_card":"summary_large_image","twitter_misc":{"\u01af\u1edbc t\u00ednh th\u1eddi gian \u0111\u1ecdc":"3 ph\u00fat"},"schema":{"@context":"https:\/\/schema.org","@graph":[{"@type":"WebPage","@id":"https:\/\/tatco.vn\/vi\/san-pham\/dau-thuy-luc-khong-tro-sinopec-l-hm-32\/","url":"https:\/\/tatco.vn\/vi\/san-pham\/dau-thuy-luc-khong-tro-sinopec-l-hm-32\/","name":"D\u1ea7u Th\u1ee7y L\u1ef1c Kh\u00f4ng Tro Sinopec L-HM 32 - C\u00f4ng Ty TNHH D\u1ea7u Nh\u1eddn T&amp;T Vi\u1ec7t Nam","isPartOf":{"@id":"https:\/\/tatco.vn\/en\/#website"},"primaryImageOfPage":{"@id":"https:\/\/tatco.vn\/vi\/san-pham\/dau-thuy-luc-khong-tro-sinopec-l-hm-32\/#primaryimage"},"image":{"@id":"https:\/\/tatco.vn\/vi\/san-pham\/dau-thuy-luc-khong-tro-sinopec-l-hm-32\/#primaryimage"},"thumbnailUrl":"https:\/\/tatco.vn\/wp-content\/uploads\/2021\/06\/Sinopec-oil-product.png","datePublished":"2025-02-09T03:04:11+00:00","dateModified":"2025-02-09T03:04:13+00:00","breadcrumb":{"@id":"https:\/\/tatco.vn\/vi\/san-pham\/dau-thuy-luc-khong-tro-sinopec-l-hm-32\/#breadcrumb"},"inLanguage":"vi","potentialAction":[{"@type":"ReadAction","target":["https:\/\/tatco.vn\/vi\/san-pham\/dau-thuy-luc-khong-tro-sinopec-l-hm-32\/"]}]},{"@type":"ImageObject","inLanguage":"vi","@id":"https:\/\/tatco.vn\/vi\/san-pham\/dau-thuy-luc-khong-tro-sinopec-l-hm-32\/#primaryimage","url":"https:\/\/tatco.vn\/wp-content\/uploads\/2021\/06\/Sinopec-oil-product.png","contentUrl":"https:\/\/tatco.vn\/wp-content\/uploads\/2021\/06\/Sinopec-oil-product.png","width":1000,"height":1000},{"@type":"BreadcrumbList","@id":"https:\/\/tatco.vn\/vi\/san-pham\/dau-thuy-luc-khong-tro-sinopec-l-hm-32\/#breadcrumb","itemListElement":[{"@type":"ListItem","position":1,"name":"Home","item":"https:\/\/tatco.vn\/"},{"@type":"ListItem","position":2,"name":"C\u1eeda h\u00e0ng","item":"https:\/\/tatco.vn\/en\/mua\/"},{"@type":"ListItem","position":3,"name":"D\u1ea7u Th\u1ee7y L\u1ef1c Kh\u00f4ng Tro Sinopec L-HM 32"}]},{"@type":"WebSite","@id":"https:\/\/tatco.vn\/en\/#website","url":"https:\/\/tatco.vn\/en\/","name":"C\u00f4ng Ty TNHH D\u1ea7u Nh\u1eddn T&amp;T Vi\u1ec7t Nam","description":"Right Point - Right Time - Best Solution","publisher":{"@id":"https:\/\/tatco.vn\/en\/#organization"},"potentialAction":[{"@type":"SearchAction","target":{"@type":"EntryPoint","urlTemplate":"https:\/\/tatco.vn\/en\/?s={search_term_string}"},"query-input":{"@type":"PropertyValueSpecification","valueRequired":true,"valueName":"search_term_string"}}],"inLanguage":"vi"},{"@type":"Organization","@id":"https:\/\/tatco.vn\/en\/#organization","name":"C\u00f4ng Ty TNHH D\u1ea7u Nh\u1eddn T&T Vi\u1ec7t Nam","url":"https:\/\/tatco.vn\/en\/","logo":{"@type":"ImageObject","inLanguage":"vi","@id":"https:\/\/tatco.vn\/en\/#\/schema\/logo\/image\/","url":"https:\/\/tatco.vn\/wp-content\/uploads\/2019\/05\/fav-ico.png","contentUrl":"https:\/\/tatco.vn\/wp-content\/uploads\/2019\/05\/fav-ico.png","width":200,"height":200,"caption":"C\u00f4ng Ty TNHH D\u1ea7u Nh\u1eddn T&T Vi\u1ec7t Nam"},"image":{"@id":"https:\/\/tatco.vn\/en\/#\/schema\/logo\/image\/"}}]}},"_links":{"self":[{"href":"https:\/\/tatco.vn\/vi\/wp-json\/wp\/v2\/product\/28062","targetHints":{"allow":["GET"]}}],"collection":[{"href":"https:\/\/tatco.vn\/vi\/wp-json\/wp\/v2\/product"}],"about":[{"href":"https:\/\/tatco.vn\/vi\/wp-json\/wp\/v2\/types\/product"}],"replies":[{"embeddable":true,"href":"https:\/\/tatco.vn\/vi\/wp-json\/wp\/v2\/comments?post=28062"}],"version-history":[{"count":0,"href":"https:\/\/tatco.vn\/vi\/wp-json\/wp\/v2\/product\/28062\/revisions"}],"wp:featuredmedia":[{"embeddable":true,"href":"https:\/\/tatco.vn\/vi\/wp-json\/wp\/v2\/media\/27397"}],"wp:attachment":[{"href":"https:\/\/tatco.vn\/vi\/wp-json\/wp\/v2\/media?parent=28062"}],"wp:term":[{"taxonomy":"product_cat","embeddable":true,"href":"https:\/\/tatco.vn\/vi\/wp-json\/wp\/v2\/product_cat?post=28062"},{"taxonomy":"product_tag","embeddable":true,"href":"https:\/\/tatco.vn\/vi\/wp-json\/wp\/v2\/product_tag?post=28062"}],"curies":[{"name":"wp","href":"https:\/\/api.w.org\/{rel}","templated":true}]}}