{"id":28055,"date":"2025-02-09T09:46:08","date_gmt":"2025-02-09T02:46:08","guid":{"rendered":"https:\/\/tatco.vn\/vi\/?post_type=product&#038;p=28055"},"modified":"2025-02-09T09:47:13","modified_gmt":"2025-02-09T02:47:13","slug":"dau-thuy-luc-sinopec-l-hm-hpc-32","status":"publish","type":"product","link":"https:\/\/tatco.vn\/vi\/san-pham\/dau-thuy-luc-sinopec-l-hm-hpc-32\/","title":{"rendered":"D\u1ea7u th\u1ee7y l\u1ef1c Sinopec L-HM HPC 32"},"content":{"rendered":"<p><\/p>\n<h3>D\u1ea7u Th\u1ee7y L\u1ef1c Sinopec L-HM HPC\u2122<\/h3>\n<p style=\"text-align: justify\"><strong>D\u1ea7u th\u1ee7y l\u1ef1c Sinopec L-HM HPC\u2122<\/strong> l\u00e0 d\u1ea7u th\u1ee7y l\u1ef1c ch\u1ed1ng m\u00e0i m\u00f2n cao c\u1ea5p, hi\u1ec7u su\u1ea5t cao, \u0111\u01b0\u1ee3c thi\u1ebft k\u1ebf cho c\u00e1c \u1ee9ng d\u1ee5ng c\u00f4ng nghi\u1ec7p v\u1edbi \u0111\u1ed9 s\u1ea1ch \u0111\u1ea1t chu\u1ea9n NAS 7 ho\u1eb7c cao h\u01a1n. S\u1ea3n ph\u1ea9m n\u00e0y k\u1ebft h\u1ee3p d\u1ea7u g\u1ed1c nh\u00f3m II v\u00e0 h\u1ec7 ph\u1ee5 gia \u0111a ch\u1ee9c n\u0103ng, mang l\u1ea1i kh\u1ea3 n\u0103ng ch\u1ed1ng m\u00e0i m\u00f2n v\u01b0\u1ee3t tr\u1ed9i, k\u00e9o d\u00e0i tu\u1ed5i th\u1ecd v\u00e0 n\u00e2ng cao hi\u1ec7u qu\u1ea3 h\u1ec7 th\u1ed1ng. D\u00f2ng d\u1ea7u chuy\u00ean d\u1ee5ng n\u00e0y \u0111\u00e1p \u1ee9ng c\u00e1c y\u00eau c\u1ea7u c\u1ee7a c\u00e1c nh\u00e0 s\u1ea3n xu\u1ea5t thi\u1ebft b\u1ecb b\u01a1m th\u1ee7y l\u1ef1c cho h\u1ea7u h\u1ebft c\u00e1c \u1ee9ng d\u1ee5ng c\u00f4ng nghi\u1ec7p v\u00e0 h\u00e0ng h\u1ea3i, c\u0169ng nh\u01b0 trong c\u00e1c \u1ee9ng d\u1ee5ng th\u1ee7y l\u1ef1c c\u1ee7a m\u00e1y m\u00f3c di \u0111\u1ed9ng.<\/p>\n<h4 style=\"text-align: justify\">\u1ee8ng D\u1ee5ng<\/h4>\n<p style=\"text-align: justify\"><strong>D\u1ea7u th\u1ee7y l\u1ef1c ch\u1ed1ng m\u00e0i m\u00f2n Sinopec L-HM HPC\u2122<\/strong> \u0111\u01b0\u1ee3c s\u1eed d\u1ee5ng trong:<\/p>\n<ul style=\"text-align: justify\">\n<li><strong>H\u1ec7 Th\u1ed1ng C\u00f4ng Nghi\u1ec7p v\u00e0 S\u1ea3n Xu\u1ea5t<\/strong>: Ph\u00f9 h\u1ee3p cho c\u00e1c h\u1ec7 th\u1ed1ng th\u1ee7y l\u1ef1c c\u00f4ng nghi\u1ec7p.<\/li>\n<li><strong>Thi\u1ebft B\u1ecb Di \u0110\u1ed9ng v\u00e0 Ph\u01b0\u01a1ng Ti\u1ec7n \u0110\u1ecba H\u00ecnh<\/strong>: L\u00fd t\u01b0\u1edfng cho c\u1ea7n c\u1ea9u, m\u00e1y x\u00fac, v\u00e0 xe n\u00e2ng trong \u0111i\u1ec1u ki\u1ec7n kh\u00f4ng c\u00f3 s\u1ef1 thay \u0111\u1ed5i nhi\u1ec7t \u0111\u1ed9 m\u00f4i tr\u01b0\u1eddng qu\u00e1 m\u1ea1nh.<\/li>\n<li><strong>H\u1ec7 Th\u1ed1ng H\u00e0ng H\u1ea3i<\/strong>: \u0110\u00e1p \u1ee9ng c\u00e1c y\u00eau c\u1ea7u cho h\u1ec7 th\u1ed1ng th\u1ee7y l\u1ef1c h\u00e0ng h\u1ea3i c\u1ea7n d\u1ea7u th\u1ee7y l\u1ef1c ISO HM.<\/li>\n<li><strong>B\u01a1m C\u00e1nh G\u1ea1t v\u00e0 B\u01a1m B\u00e1nh R\u0103ng<\/strong>: \u0110\u01b0\u1ee3c khuy\u1ebfn ngh\u1ecb cho c\u00e1c ho\u1ea1t \u0111\u1ed9ng d\u01b0\u1edbi t\u1ea3i tr\u1ecdng cao theo khuy\u1ebfn c\u00e1o c\u1ee7a c\u00e1c nh\u00e0 s\u1ea3n xu\u1ea5t b\u01a1m.<\/li>\n<li><strong>H\u1ec7 Th\u1ed1ng Th\u1ee7y L\u1ef1c H\u1ea1ng N\u1eb7ng<\/strong>: Th\u00edch h\u1ee3p cho b\u01a1m piston h\u01b0\u1edbng tr\u1ee5c v\u00e0 h\u01b0\u1edbng t\u00e2m trong \u0111i\u1ec1u ki\u1ec7n d\u1ecbch v\u1ee5 n\u1eb7ng theo khuy\u1ebfn c\u00e1o c\u1ee7a c\u00e1c nh\u00e0 s\u1ea3n xu\u1ea5t b\u01a1m.<\/li>\n<\/ul>\n<h4 style=\"text-align: justify\">\u0110\u1eb7c \u0110i\u1ec3m v\u00e0 L\u1ee3i \u00cdch<\/h4>\n<ul>\n<li style=\"text-align: justify\"><strong>Ch\u1ed1ng M\u00e0i M\u00f2n v\u00e0 \u0102n M\u00f2n V\u01b0\u1ee3t Tr\u1ed9i<\/strong>: K\u00e9o d\u00e0i tu\u1ed5i th\u1ecd c\u00e1c th\u00e0nh ph\u1ea7n kim lo\u1ea1i.<\/li>\n<li style=\"text-align: justify\"><strong>\u1ed4n \u0110\u1ecbnh Oxy H\u00f3a v\u00e0 Gi\u1eef S\u1ea1ch T\u1ed1t<\/strong>: Gi\u1ea3m thi\u1ec3u m\u00e0ng b\u00e1m v\u00e0 c\u1eb7n b\u00f9n, b\u1ea3o v\u1ec7 v\u00e0 k\u00e9o d\u00e0i tu\u1ed5i th\u1ecd h\u1ec7 th\u1ed1ng v\u00e0 b\u01a1m th\u1ee7y l\u1ef1c.<\/li>\n<li style=\"text-align: justify\"><strong>Kh\u1eed Nh\u0169 T\u01b0\u01a1ng Cao<\/strong>: Kh\u1ea3 n\u0103ng t\u00e1ch n\u01b0\u1edbc hi\u1ec7u qu\u1ea3, t\u00ednh n\u0103ng ch\u1ed1ng t\u1ea1o b\u1ecdt t\u1ed1t v\u00e0 tho\u00e1t kh\u00ed nhanh, \u0111\u1ea3m b\u1ea3o \u0111\u1ed9 b\u1ec1n c\u1ee7a h\u1ec7 th\u1ed1ng v\u00e0 gi\u1ea3m nguy c\u01a1 \u0103n m\u00f2n trong \u0111i\u1ec1u ki\u1ec7n kh\u1eafc nghi\u1ec7t v\u00e0 \u1ea9m \u01b0\u1edbt.<\/li>\n<li style=\"text-align: justify\"><strong>\u1ed4n \u0110\u1ecbnh Th\u1ee7y Ph\u00e2n v\u00e0 Kh\u1ea3 N\u0103ng L\u1ecdc T\u1ed1t<\/strong>: \u0110\u1ea3m b\u1ea3o hi\u1ec7u su\u1ea5t s\u1ea3n ph\u1ea9m t\u1ed1i \u01b0u v\u00e0 ng\u0103n ch\u1eb7n t\u1eafc ngh\u1ebdn b\u1ed9 l\u1ecdc. Ti\u00eau chu\u1ea9n \u0111\u1ed9 s\u1ea1ch cao (\u0111\u1ea1t NAS 7 ho\u1eb7c t\u1ed1t h\u01a1n) gi\u00fap gi\u1ea3m thi\u1ec3u c\u00e1c h\u1ea1t b\u1ea9n c\u1ee9ng qua l\u1ecdc, k\u00e9o d\u00e0i tu\u1ed5i th\u1ecd b\u1ed9 l\u1ecdc v\u00e0 gi\u1ea3m th\u1eddi gian b\u1ea3o tr\u00ec.<\/li>\n<li style=\"text-align: justify\"><strong>T\u01b0\u01a1ng Th\u00edch V\u1edbi V\u1eadt Li\u1ec7u L\u00e0m K\u00edn<\/strong>: Ho\u00e0n to\u00e0n t\u01b0\u01a1ng th\u00edch v\u1edbi c\u00e1c v\u1eadt li\u1ec7u l\u00e0m k\u00edn th\u00f4ng d\u1ee5ng, k\u00e9o d\u00e0i tu\u1ed5i th\u1ecd c\u1ee7a ph\u1edbt v\u00e0 ng\u0103n ch\u1eb7n r\u00f2 r\u1ec9 ch\u1ea5t l\u1ecfng.<\/li>\n<\/ul>\n<h4>Th\u00f4ng S\u1ed1 K\u1ef9 Thu\u1eadt<\/h4>\n<div>\n<div>\n<div class=\"table-responsive\">\n<table class=\"table table-striped\">\n<thead>\n<tr>\n<th>C\u1ea5p \u0110\u1ed9 Nh\u1edbt ISO<\/th>\n<th>32<\/th>\n<th>46<\/th>\n<th>68<\/th>\n<\/tr>\n<\/thead>\n<tbody>\n<tr>\n<td>\u0110\u1ed9 Nh\u1edbt \u0110\u1ed9ng H\u1ecdc @ 40\u00b0C, cSt (ASTM D445)<\/td>\n<td>32<\/td>\n<td>46<\/td>\n<td>66<\/td>\n<\/tr>\n<tr>\n<td>\u0110\u1ed9 Nh\u1edbt \u0110\u1ed9ng H\u1ecdc @ 100\u00b0C, cSt (ASTM D445)<\/td>\n<td>5.5<\/td>\n<td>7.1<\/td>\n<td>8.7<\/td>\n<\/tr>\n<tr>\n<td>Ch\u1ec9 S\u1ed1 \u0110\u1ed9 Nh\u1edbt VI (ASTM D2270)<\/td>\n<td>110<\/td>\n<td>110<\/td>\n<td>105<\/td>\n<\/tr>\n<tr>\n<td>Tho\u00e1t Kh\u00ed @ 50\u00b0C, ph\u00fat (ASTM D3427)<\/td>\n<td>1.7<\/td>\n<td>6<\/td>\n<td>3.5<\/td>\n<\/tr>\n<tr>\n<td>\u0110\u1eb7c T\u00ednh T\u1ea1o B\u1ecdt, sequences 1, 2, 3 (ASTM D892)<\/td>\n<td>20\/0<\/td>\n<td>10\/0<\/td>\n<td>15\/0<\/td>\n<\/tr>\n<tr>\n<td>Tr\u1ecb S\u1ed1 Axit TAN, mg KOH\/g (ASTM D974)<\/td>\n<td>0.75<\/td>\n<td>0.65<\/td>\n<td>0.60<\/td>\n<\/tr>\n<tr>\n<td>Th\u1eed T\u1ea3i Tr\u1ecdng FZG (A\/8.3\/90), c\u1ea5p t\u1ea3i h\u1ecfng (DIN 51345)<\/td>\n<td>12<\/td>\n<td>12<\/td>\n<td>12<\/td>\n<\/tr>\n<tr>\n<td>Ph\u00f2ng Ng\u1eeba G\u1ec9 S\u00e9t (ASTM D665)<\/td>\n<td>Pass<\/td>\n<td>Pass<\/td>\n<td>Pass<\/td>\n<\/tr>\n<tr>\n<td>\u0102n M\u00f2n \u0110\u1ed3ng, 3 gi\u1edd @ 100\u00b0C (ASTM D130)<\/td>\n<td>1a<\/td>\n<td>1a<\/td>\n<td>1a<\/td>\n<\/tr>\n<tr>\n<td>T\u00e1ch N\u01b0\u1edbc, ph\u00fat (ASTM D2711)<\/td>\n<td>6 (54\u00b0C)<\/td>\n<td>10 (54\u00b0C)<\/td>\n<td>12 (54\u00b0C)<\/td>\n<\/tr>\n<tr>\n<td>\u0110i\u1ec3m \u0110\u00f4ng \u0110\u1eb7c, \u00b0C (ASTM D97)<\/td>\n<td>-38<\/td>\n<td>-27<\/td>\n<td>-21<\/td>\n<\/tr>\n<tr>\n<td>\u0110i\u1ec3m Ch\u1edbp Ch\u00e1y (COC), \u00b0C (ASTM D92)<\/td>\n<td>226<\/td>\n<td>248<\/td>\n<td>242<\/td>\n<\/tr>\n<\/tbody>\n<\/table>\n<p>&nbsp;<\/p>\n<\/div>\n<div style=\"text-align: justify\"><strong>Ti\u00eau Chu\u1ea9n Ng\u00e0nh V\u00e0 Khuy\u1ebfn C\u00e1o C\u1ee7a OEM<\/strong><\/div>\n<\/div>\n<p style=\"text-align: justify\"><strong>Sinopec L-HM HPC\u2122<\/strong> \u0111\u00e1p \u1ee9ng c\u00e1c ti\u00eau chu\u1ea9n ng\u00e0nh v\u00e0 khuy\u1ebfn c\u00e1o c\u1ee7a c\u00e1c nh\u00e0 s\u1ea3n xu\u1ea5t thi\u1ebft b\u1ecb OEM:<\/p>\n<ul style=\"text-align: justify\">\n<li><strong>DIN 51524 Pt 2<\/strong><\/li>\n<li><strong>GB 11118.1-2011 (L-HM, \u00c1p Su\u1ea5t Cao)<\/strong><\/li>\n<li><strong>ISO 11158 (L-HM)<\/strong><\/li>\n<\/ul>\n<h4 style=\"text-align: justify\">S\u1ee9c Kh\u1ecfe &amp; An To\u00e0n<\/h4>\n<p style=\"text-align: justify\">S\u1ea3n ph\u1ea9m n\u00e0y kh\u00f4ng g\u00e2y ra b\u1ea5t k\u1ef3 v\u1ea5n \u0111\u1ec1 s\u1ee9c kh\u1ecfe n\u00e0o khi \u0111\u01b0\u1ee3c s\u1eed d\u1ee5ng theo khuy\u1ebfn c\u00e1o. \u0110\u01b0a d\u1ea7u \u0111\u00e3 qua s\u1eed d\u1ee5ng \u0111\u1ebfn \u0111i\u1ec3m thu gom quy \u0111\u1ecbnh. Kh\u00f4ng th\u1ea3i ra c\u1ed1ng r\u00e3nh, m\u1eb7t \u0111\u1ea5t hay ngu\u1ed3n n\u01b0\u1edbc.<\/p>\n<\/div>\n<p><\/p>","protected":false},"excerpt":{"rendered":"<p><strong>D\u1ea7u th\u1ee7y l\u1ef1c Sinopec L-HM HPC\u2122<\/strong> l\u00e0 d\u1ea7u th\u1ee7y l\u1ef1c ch\u1ed1ng m\u00e0i m\u00f2n cao c\u1ea5p, hi\u1ec7u su\u1ea5t cao, \u0111\u01b0\u1ee3c thi\u1ebft k\u1ebf cho c\u00e1c \u1ee9ng d\u1ee5ng c\u00f4ng nghi\u1ec7p v\u1edbi \u0111\u1ed9 s\u1ea1ch \u0111\u1ea1t chu\u1ea9n NAS 7 ho\u1eb7c cao h\u01a1n. S\u1ea3n ph\u1ea9m n\u00e0y k\u1ebft h\u1ee3p d\u1ea7u g\u1ed1c nh\u00f3m II v\u00e0 h\u1ec7 ph\u1ee5 gia \u0111a ch\u1ee9c n\u0103ng, mang l\u1ea1i kh\u1ea3 n\u0103ng ch\u1ed1ng m\u00e0i m\u00f2n v\u01b0\u1ee3t tr\u1ed9i, k\u00e9o d\u00e0i tu\u1ed5i th\u1ecd v\u00e0 n\u00e2ng cao hi\u1ec7u qu\u1ea3 h\u1ec7 th\u1ed1ng. D\u00f2ng d\u1ea7u chuy\u00ean d\u1ee5ng n\u00e0y \u0111\u00e1p \u1ee9ng c\u00e1c y\u00eau c\u1ea7u c\u1ee7a c\u00e1c nh\u00e0 s\u1ea3n xu\u1ea5t thi\u1ebft b\u1ecb b\u01a1m th\u1ee7y l\u1ef1c cho h\u1ea7u h\u1ebft c\u00e1c \u1ee9ng d\u1ee5ng c\u00f4ng nghi\u1ec7p v\u00e0 h\u00e0ng h\u1ea3i, c\u0169ng nh\u01b0 trong c\u00e1c \u1ee9ng d\u1ee5ng th\u1ee7y l\u1ef1c c\u1ee7a m\u00e1y m\u00f3c di \u0111\u1ed9ng.<\/p>\n","protected":false},"featured_media":27397,"comment_status":"closed","ping_status":"closed","template":"","meta":[],"product_cat":[719,750,1150],"product_tag":[1167,808,1165,811,1170,1171,1168,1166,1169,1164],"class_list":{"0":"post-28055","1":"product","2":"type-product","3":"status-publish","4":"has-post-thumbnail","6":"product_brand-sinopec","7":"product_cat-dau-nhot-sinopec","8":"product_cat-dau-thuy-luc-sinopec","9":"product_cat-dau-thuy-luc-sinopec-l-hm-hpc","10":"product_tag-dau-thuy-luc-cho-may-moc-di-dong","11":"product_tag-dau-thuy-luc-chong-mai-mon","12":"product_tag-dau-thuy-luc-chong-mai-mon-cao-cap","13":"product_tag-dau-thuy-luc-cong-nghiep","14":"product_tag-dau-thuy-luc-dat-chuan-do-sach-cao","15":"product_tag-dau-thuy-luc-duoc-khuyen-cao-oem","16":"product_tag-dau-thuy-luc-hang-hai","17":"product_tag-dau-thuy-luc-hieu-suat-cao","18":"product_tag-dau-thuy-luc-iso-hm","19":"product_tag-sinopec-l-hm-hpc","21":"first","22":"instock","23":"shipping-taxable","24":"product-type-simple"},"yoast_head":"<!-- This site is optimized with the Yoast SEO plugin v27.2 - https:\/\/yoast.com\/product\/yoast-seo-wordpress\/ -->\n<title>D\u1ea7u th\u1ee7y l\u1ef1c Sinopec L-HM HPC 32 - C\u00f4ng Ty TNHH D\u1ea7u Nh\u1eddn T&amp;T Vi\u1ec7t Nam<\/title>\n<meta name=\"robots\" content=\"index, follow, max-snippet:-1, max-image-preview:large, max-video-preview:-1\" \/>\n<link rel=\"canonical\" href=\"https:\/\/tatco.vn\/vi\/san-pham\/dau-thuy-luc-sinopec-l-hm-hpc-32\/\" \/>\n<meta property=\"og:locale\" content=\"vi_VN\" \/>\n<meta property=\"og:type\" content=\"article\" \/>\n<meta property=\"og:title\" content=\"D\u1ea7u th\u1ee7y l\u1ef1c Sinopec L-HM HPC 32 - C\u00f4ng Ty TNHH D\u1ea7u Nh\u1eddn T&amp;T Vi\u1ec7t Nam\" \/>\n<meta property=\"og:url\" content=\"https:\/\/tatco.vn\/vi\/san-pham\/dau-thuy-luc-sinopec-l-hm-hpc-32\/\" \/>\n<meta property=\"og:site_name\" content=\"C\u00f4ng Ty TNHH D\u1ea7u Nh\u1eddn T&amp;T Vi\u1ec7t Nam\" \/>\n<meta property=\"article:modified_time\" content=\"2025-02-09T02:47:13+00:00\" \/>\n<meta property=\"og:image\" content=\"https:\/\/tatco.vn\/wp-content\/uploads\/2021\/06\/Sinopec-oil-product.png\" \/>\n\t<meta property=\"og:image:width\" content=\"1000\" \/>\n\t<meta property=\"og:image:height\" content=\"1000\" \/>\n\t<meta property=\"og:image:type\" content=\"image\/png\" \/>\n<meta name=\"twitter:card\" content=\"summary_large_image\" \/>\n<meta name=\"twitter:label1\" content=\"\u01af\u1edbc t\u00ednh th\u1eddi gian \u0111\u1ecdc\" \/>\n\t<meta name=\"twitter:data1\" content=\"3 ph\u00fat\" \/>\n<script type=\"application\/ld+json\" class=\"yoast-schema-graph\">{\"@context\":\"https:\/\/schema.org\",\"@graph\":[{\"@type\":\"WebPage\",\"@id\":\"https:\/\/tatco.vn\/vi\/san-pham\/dau-thuy-luc-sinopec-l-hm-hpc-32\/\",\"url\":\"https:\/\/tatco.vn\/vi\/san-pham\/dau-thuy-luc-sinopec-l-hm-hpc-32\/\",\"name\":\"D\u1ea7u th\u1ee7y l\u1ef1c Sinopec L-HM HPC 32 - C\u00f4ng Ty TNHH D\u1ea7u Nh\u1eddn T&amp;T Vi\u1ec7t Nam\",\"isPartOf\":{\"@id\":\"https:\/\/tatco.vn\/en\/#website\"},\"primaryImageOfPage\":{\"@id\":\"https:\/\/tatco.vn\/vi\/san-pham\/dau-thuy-luc-sinopec-l-hm-hpc-32\/#primaryimage\"},\"image\":{\"@id\":\"https:\/\/tatco.vn\/vi\/san-pham\/dau-thuy-luc-sinopec-l-hm-hpc-32\/#primaryimage\"},\"thumbnailUrl\":\"https:\/\/tatco.vn\/wp-content\/uploads\/2021\/06\/Sinopec-oil-product.png\",\"datePublished\":\"2025-02-09T02:46:08+00:00\",\"dateModified\":\"2025-02-09T02:47:13+00:00\",\"breadcrumb\":{\"@id\":\"https:\/\/tatco.vn\/vi\/san-pham\/dau-thuy-luc-sinopec-l-hm-hpc-32\/#breadcrumb\"},\"inLanguage\":\"vi\",\"potentialAction\":[{\"@type\":\"ReadAction\",\"target\":[\"https:\/\/tatco.vn\/vi\/san-pham\/dau-thuy-luc-sinopec-l-hm-hpc-32\/\"]}]},{\"@type\":\"ImageObject\",\"inLanguage\":\"vi\",\"@id\":\"https:\/\/tatco.vn\/vi\/san-pham\/dau-thuy-luc-sinopec-l-hm-hpc-32\/#primaryimage\",\"url\":\"https:\/\/tatco.vn\/wp-content\/uploads\/2021\/06\/Sinopec-oil-product.png\",\"contentUrl\":\"https:\/\/tatco.vn\/wp-content\/uploads\/2021\/06\/Sinopec-oil-product.png\",\"width\":1000,\"height\":1000},{\"@type\":\"BreadcrumbList\",\"@id\":\"https:\/\/tatco.vn\/vi\/san-pham\/dau-thuy-luc-sinopec-l-hm-hpc-32\/#breadcrumb\",\"itemListElement\":[{\"@type\":\"ListItem\",\"position\":1,\"name\":\"Home\",\"item\":\"https:\/\/tatco.vn\/\"},{\"@type\":\"ListItem\",\"position\":2,\"name\":\"C\u1eeda h\u00e0ng\",\"item\":\"https:\/\/tatco.vn\/en\/mua\/\"},{\"@type\":\"ListItem\",\"position\":3,\"name\":\"D\u1ea7u th\u1ee7y l\u1ef1c Sinopec L-HM HPC 32\"}]},{\"@type\":\"WebSite\",\"@id\":\"https:\/\/tatco.vn\/en\/#website\",\"url\":\"https:\/\/tatco.vn\/en\/\",\"name\":\"C\u00f4ng Ty TNHH D\u1ea7u Nh\u1eddn T&amp;T Vi\u1ec7t Nam\",\"description\":\"Right Point - Right Time - Best Solution\",\"publisher\":{\"@id\":\"https:\/\/tatco.vn\/en\/#organization\"},\"potentialAction\":[{\"@type\":\"SearchAction\",\"target\":{\"@type\":\"EntryPoint\",\"urlTemplate\":\"https:\/\/tatco.vn\/en\/?s={search_term_string}\"},\"query-input\":{\"@type\":\"PropertyValueSpecification\",\"valueRequired\":true,\"valueName\":\"search_term_string\"}}],\"inLanguage\":\"vi\"},{\"@type\":\"Organization\",\"@id\":\"https:\/\/tatco.vn\/en\/#organization\",\"name\":\"C\u00f4ng Ty TNHH D\u1ea7u Nh\u1eddn T&T Vi\u1ec7t Nam\",\"url\":\"https:\/\/tatco.vn\/en\/\",\"logo\":{\"@type\":\"ImageObject\",\"inLanguage\":\"vi\",\"@id\":\"https:\/\/tatco.vn\/en\/#\/schema\/logo\/image\/\",\"url\":\"https:\/\/tatco.vn\/wp-content\/uploads\/2019\/05\/fav-ico.png\",\"contentUrl\":\"https:\/\/tatco.vn\/wp-content\/uploads\/2019\/05\/fav-ico.png\",\"width\":200,\"height\":200,\"caption\":\"C\u00f4ng Ty TNHH D\u1ea7u Nh\u1eddn T&T Vi\u1ec7t Nam\"},\"image\":{\"@id\":\"https:\/\/tatco.vn\/en\/#\/schema\/logo\/image\/\"}}]}<\/script>\n<!-- \/ Yoast SEO plugin. -->","yoast_head_json":{"title":"D\u1ea7u th\u1ee7y l\u1ef1c Sinopec L-HM HPC 32 - C\u00f4ng Ty TNHH D\u1ea7u Nh\u1eddn T&amp;T Vi\u1ec7t Nam","robots":{"index":"index","follow":"follow","max-snippet":"max-snippet:-1","max-image-preview":"max-image-preview:large","max-video-preview":"max-video-preview:-1"},"canonical":"https:\/\/tatco.vn\/vi\/san-pham\/dau-thuy-luc-sinopec-l-hm-hpc-32\/","og_locale":"vi_VN","og_type":"article","og_title":"D\u1ea7u th\u1ee7y l\u1ef1c Sinopec L-HM HPC 32 - C\u00f4ng Ty TNHH D\u1ea7u Nh\u1eddn T&amp;T Vi\u1ec7t Nam","og_url":"https:\/\/tatco.vn\/vi\/san-pham\/dau-thuy-luc-sinopec-l-hm-hpc-32\/","og_site_name":"C\u00f4ng Ty TNHH D\u1ea7u Nh\u1eddn T&amp;T Vi\u1ec7t Nam","article_modified_time":"2025-02-09T02:47:13+00:00","og_image":[{"width":1000,"height":1000,"url":"https:\/\/tatco.vn\/wp-content\/uploads\/2021\/06\/Sinopec-oil-product.png","type":"image\/png"}],"twitter_card":"summary_large_image","twitter_misc":{"\u01af\u1edbc t\u00ednh th\u1eddi gian \u0111\u1ecdc":"3 ph\u00fat"},"schema":{"@context":"https:\/\/schema.org","@graph":[{"@type":"WebPage","@id":"https:\/\/tatco.vn\/vi\/san-pham\/dau-thuy-luc-sinopec-l-hm-hpc-32\/","url":"https:\/\/tatco.vn\/vi\/san-pham\/dau-thuy-luc-sinopec-l-hm-hpc-32\/","name":"D\u1ea7u th\u1ee7y l\u1ef1c Sinopec L-HM HPC 32 - C\u00f4ng Ty TNHH D\u1ea7u Nh\u1eddn T&amp;T Vi\u1ec7t Nam","isPartOf":{"@id":"https:\/\/tatco.vn\/en\/#website"},"primaryImageOfPage":{"@id":"https:\/\/tatco.vn\/vi\/san-pham\/dau-thuy-luc-sinopec-l-hm-hpc-32\/#primaryimage"},"image":{"@id":"https:\/\/tatco.vn\/vi\/san-pham\/dau-thuy-luc-sinopec-l-hm-hpc-32\/#primaryimage"},"thumbnailUrl":"https:\/\/tatco.vn\/wp-content\/uploads\/2021\/06\/Sinopec-oil-product.png","datePublished":"2025-02-09T02:46:08+00:00","dateModified":"2025-02-09T02:47:13+00:00","breadcrumb":{"@id":"https:\/\/tatco.vn\/vi\/san-pham\/dau-thuy-luc-sinopec-l-hm-hpc-32\/#breadcrumb"},"inLanguage":"vi","potentialAction":[{"@type":"ReadAction","target":["https:\/\/tatco.vn\/vi\/san-pham\/dau-thuy-luc-sinopec-l-hm-hpc-32\/"]}]},{"@type":"ImageObject","inLanguage":"vi","@id":"https:\/\/tatco.vn\/vi\/san-pham\/dau-thuy-luc-sinopec-l-hm-hpc-32\/#primaryimage","url":"https:\/\/tatco.vn\/wp-content\/uploads\/2021\/06\/Sinopec-oil-product.png","contentUrl":"https:\/\/tatco.vn\/wp-content\/uploads\/2021\/06\/Sinopec-oil-product.png","width":1000,"height":1000},{"@type":"BreadcrumbList","@id":"https:\/\/tatco.vn\/vi\/san-pham\/dau-thuy-luc-sinopec-l-hm-hpc-32\/#breadcrumb","itemListElement":[{"@type":"ListItem","position":1,"name":"Home","item":"https:\/\/tatco.vn\/"},{"@type":"ListItem","position":2,"name":"C\u1eeda h\u00e0ng","item":"https:\/\/tatco.vn\/en\/mua\/"},{"@type":"ListItem","position":3,"name":"D\u1ea7u th\u1ee7y l\u1ef1c Sinopec L-HM HPC 32"}]},{"@type":"WebSite","@id":"https:\/\/tatco.vn\/en\/#website","url":"https:\/\/tatco.vn\/en\/","name":"C\u00f4ng Ty TNHH D\u1ea7u Nh\u1eddn T&amp;T Vi\u1ec7t Nam","description":"Right Point - Right Time - Best Solution","publisher":{"@id":"https:\/\/tatco.vn\/en\/#organization"},"potentialAction":[{"@type":"SearchAction","target":{"@type":"EntryPoint","urlTemplate":"https:\/\/tatco.vn\/en\/?s={search_term_string}"},"query-input":{"@type":"PropertyValueSpecification","valueRequired":true,"valueName":"search_term_string"}}],"inLanguage":"vi"},{"@type":"Organization","@id":"https:\/\/tatco.vn\/en\/#organization","name":"C\u00f4ng Ty TNHH D\u1ea7u Nh\u1eddn T&T Vi\u1ec7t Nam","url":"https:\/\/tatco.vn\/en\/","logo":{"@type":"ImageObject","inLanguage":"vi","@id":"https:\/\/tatco.vn\/en\/#\/schema\/logo\/image\/","url":"https:\/\/tatco.vn\/wp-content\/uploads\/2019\/05\/fav-ico.png","contentUrl":"https:\/\/tatco.vn\/wp-content\/uploads\/2019\/05\/fav-ico.png","width":200,"height":200,"caption":"C\u00f4ng Ty TNHH D\u1ea7u Nh\u1eddn T&T Vi\u1ec7t Nam"},"image":{"@id":"https:\/\/tatco.vn\/en\/#\/schema\/logo\/image\/"}}]}},"_links":{"self":[{"href":"https:\/\/tatco.vn\/vi\/wp-json\/wp\/v2\/product\/28055","targetHints":{"allow":["GET"]}}],"collection":[{"href":"https:\/\/tatco.vn\/vi\/wp-json\/wp\/v2\/product"}],"about":[{"href":"https:\/\/tatco.vn\/vi\/wp-json\/wp\/v2\/types\/product"}],"replies":[{"embeddable":true,"href":"https:\/\/tatco.vn\/vi\/wp-json\/wp\/v2\/comments?post=28055"}],"version-history":[{"count":0,"href":"https:\/\/tatco.vn\/vi\/wp-json\/wp\/v2\/product\/28055\/revisions"}],"wp:featuredmedia":[{"embeddable":true,"href":"https:\/\/tatco.vn\/vi\/wp-json\/wp\/v2\/media\/27397"}],"wp:attachment":[{"href":"https:\/\/tatco.vn\/vi\/wp-json\/wp\/v2\/media?parent=28055"}],"wp:term":[{"taxonomy":"product_cat","embeddable":true,"href":"https:\/\/tatco.vn\/vi\/wp-json\/wp\/v2\/product_cat?post=28055"},{"taxonomy":"product_tag","embeddable":true,"href":"https:\/\/tatco.vn\/vi\/wp-json\/wp\/v2\/product_tag?post=28055"}],"curies":[{"name":"wp","href":"https:\/\/api.w.org\/{rel}","templated":true}]}}