{"id":28048,"date":"2025-02-08T18:22:25","date_gmt":"2025-02-08T11:22:25","guid":{"rendered":"https:\/\/tatco.vn\/vi\/?post_type=product&#038;p=28048"},"modified":"2025-02-09T13:40:35","modified_gmt":"2025-02-09T06:40:35","slug":"dau-thuy-luc-chong-mai-mon-sinopec-l-hm-100","status":"publish","type":"product","link":"https:\/\/tatco.vn\/vi\/san-pham\/dau-thuy-luc-chong-mai-mon-sinopec-l-hm-100\/","title":{"rendered":"D\u1ea7u Th\u1ee7y L\u1ef1c Ch\u1ed1ng M\u00e0i M\u00f2n Sinopec L-HM 100"},"content":{"rendered":"<p><\/p>\n<h3>D\u1ea7u Th\u1ee7y L\u1ef1c Ch\u1ed1ng M\u00e0i M\u00f2n Sinopec L-HM<\/h3>\n<h4 style=\"text-align: justify\">M\u00f4 T\u1ea3 S\u1ea3n Ph\u1ea9m<\/h4>\n<p><strong>Sinopec Antiwear Hydraulic Oil L-HM<\/strong> l\u00e0 d\u00f2ng d\u1ea7u b\u00f4i tr\u01a1n ch\u1ed1ng m\u00e0i m\u00f2n cao c\u1ea5p, \u0111\u01b0\u1ee3c pha tr\u1ed9n t\u1eeb d\u1ea7u g\u1ed1c kho\u00e1ng ch\u1ea5t l\u01b0\u1ee3ng cao v\u00e0 h\u1ec7 ph\u1ee5 gia \u0111a ch\u1ee9c n\u0103ng, c\u00f3 s\u1eb5n trong d\u1ea3i \u0111\u1ed9 nh\u1edbt r\u1ed9ng t\u1eeb ISO Grade 32 \u0111\u1ebfn 150. D\u00f2ng d\u1ea7u n\u00e0y \u0111\u01b0\u1ee3c thi\u1ebft k\u1ebf \u0111\u1ec3 \u0111\u00e1p \u1ee9ng y\u00eau c\u1ea7u c\u1ee7a c\u00e1c nh\u00e0 s\u1ea3n xu\u1ea5t b\u01a1m th\u1ee7y l\u1ef1c l\u1edbn, v\u00e0 \u1ee9ng d\u1ee5ng bao g\u1ed3m h\u1ec7 th\u1ed1ng th\u1ee7y l\u1ef1c \u0111\u01b0\u1ee3c s\u1eed d\u1ee5ng trong c\u00f4ng nghi\u1ec7p v\u00e0 h\u00e0ng h\u1ea3i c\u0169ng nh\u01b0 trong m\u00e1y m\u00f3c di \u0111\u1ed9ng.<\/p>\n<h4>\u1ee8ng D\u1ee5ng<\/h4>\n<ul>\n<li><strong>\u1ee8ng D\u1ee5ng Th\u1ee7y L\u1ef1c<\/strong>: Trong nhi\u1ec1u lo\u1ea1i thi\u1ebft b\u1ecb c\u00f4ng nghi\u1ec7p, h\u00e0ng h\u1ea3i v\u00e0 di \u0111\u1ed9ng.<\/li>\n<li><strong>B\u01a1m C\u00e1nh G\u1ea1t v\u00e0 B\u01a1m B\u00e1nh R\u0103ng<\/strong>: Ho\u1ea1t \u0111\u1ed9ng d\u01b0\u1edbi t\u1ea3i tr\u1ecdng cao theo khuy\u1ebfn ngh\u1ecb c\u1ee7a nh\u00e0 s\u1ea3n xu\u1ea5t b\u01a1m.<\/li>\n<li><strong>H\u1ec7 Th\u1ed1ng Th\u1ee7y L\u1ef1c D\u1ecbch V\u1ee5 N\u1eb7ng<\/strong>: S\u1eed d\u1ee5ng b\u01a1m piston h\u01b0\u1edbng tr\u1ee5c v\u00e0 h\u01b0\u1edbng k\u00ednh theo khuy\u1ebfn ngh\u1ecb c\u1ee7a nh\u00e0 s\u1ea3n xu\u1ea5t b\u01a1m.<\/li>\n<\/ul>\n<h4>\u0110\u1eb7c \u0110i\u1ec3m v\u00e0 L\u1ee3i \u00cdch<\/h4>\n<ul style=\"text-align: justify\">\n<li><strong>T\u00ednh N\u0103ng Ch\u1ed1ng M\u00e0i M\u00f2n Xu\u1ea5t S\u1eafc<\/strong>: D\u1ea7u g\u1ed1c ch\u1ea5t l\u01b0\u1ee3ng cao k\u1ebft h\u1ee3p v\u1edbi c\u00f4ng ngh\u1ec7 ph\u1ee5 gia \u0111a ch\u1ee9c n\u0103ng cung c\u1ea5p t\u00ednh n\u0103ng ch\u1ed1ng m\u00e0i m\u00f2n tuy\u1ec7t v\u1eddi, b\u1ea3o v\u1ec7 ch\u1ed1ng g\u1ec9 s\u00e9t, \u00edt \u0111\u00f3ng c\u1eb7n v\u00e0 l\u1eafng c\u1eb7n, kh\u1ea3 n\u0103ng t\u00e1ch n\u01b0\u1edbc t\u1ed1t, ch\u1ed1ng oxy h\u00f3a, t\u00ednh n\u0103ng ch\u1ed1ng t\u1ea1o b\u1ecdt t\u1ed1t v\u00e0 kh\u1ea3 n\u0103ng gi\u1ea3i ph\u00f3ng kh\u00ed nhanh, b\u1ea3o v\u1ec7 v\u00e0 k\u00e9o d\u00e0i tu\u1ed5i th\u1ecd c\u1ee7a b\u01a1m v\u00e0 h\u1ec7 th\u1ed1ng th\u1ee7y l\u1ef1c.<\/li>\n<li><strong>\u1ed4n \u0110\u1ecbnh Th\u1ee7y Ph\u00e2n v\u00e0 Kh\u1ea3 N\u0103ng L\u1ecdc T\u1ed1t<\/strong>: \u0110\u1ea3m b\u1ea3o tu\u1ed5i th\u1ecd v\u00e0 hi\u1ec7u su\u1ea5t t\u1ed1i \u01b0u c\u1ee7a s\u1ea3n ph\u1ea9m, ng\u0103n ng\u1eeba t\u1eafc ngh\u1ebdn l\u1ecdc.<\/li>\n<li><strong>D\u1ea3i \u0110\u1ed9 Nh\u1edbt R\u1ed9ng<\/strong>: \u0110\u1ea3m b\u1ea3o \u0111\u1ed9 nh\u1edbt t\u1ed1i \u01b0u cho m\u1ecdi nhi\u1ec7t \u0111\u1ed9 v\u1eadn h\u00e0nh c\u1ee7a h\u1ec7 th\u1ed1ng th\u1ee7y l\u1ef1c.<\/li>\n<li><strong>T\u01b0\u01a1ng Th\u00edch V\u1edbi V\u1eadt Li\u1ec7u Ph\u1edbt Th\u00f4ng D\u1ee5ng<\/strong>: K\u00e9o d\u00e0i tu\u1ed5i th\u1ecd ph\u1edbt v\u00e0 ng\u0103n ng\u1eeba r\u00f2 r\u1ec9 d\u1ea7u.<\/li>\n<\/ul>\n<h4 style=\"text-align: justify\">D\u1eef Li\u1ec7u \u0110i\u1ec3n H\u00ecnh<\/h4>\n<div style=\"text-align: justify\">\n<div>\n<div class=\"table-responsive\">\n<table class=\"table table-striped\">\n<thead>\n<tr>\n<th>C\u1ea5p \u0110\u1ed9 Nh\u1edbt ISO<\/th>\n<th>32<\/th>\n<th>46<\/th>\n<th>68<\/th>\n<th>100<\/th>\n<th>150<\/th>\n<\/tr>\n<\/thead>\n<tbody>\n<tr>\n<td>\u0110\u1ed9 Nh\u1edbt \u0110\u1ed9ng H\u1ecdc @ 40\u00b0C, cSt (ASTM D445)<\/td>\n<td>34.21<\/td>\n<td>45.58<\/td>\n<td>66.50<\/td>\n<td>99.72<\/td>\n<td>150.6<\/td>\n<\/tr>\n<tr>\n<td>\u0110\u1ed9 Nh\u1edbt \u0110\u1ed9ng H\u1ecdc @ 100\u00b0C, cSt (ASTM D445)<\/td>\n<td>5.90<\/td>\n<td>7.00<\/td>\n<td>8.70<\/td>\n<td>11.05<\/td>\n<td>15.28<\/td>\n<\/tr>\n<tr>\n<td>Ch\u1ec9 S\u1ed1 \u0110\u1ed9 Nh\u1edbt (ASTM D2270)<\/td>\n<td>116<\/td>\n<td>111<\/td>\n<td>102<\/td>\n<td>95<\/td>\n<td>99<\/td>\n<\/tr>\n<tr>\n<td>Gi\u1ea3i Ph\u00f3ng Kh\u00ed @ 50\u00b0C, ph\u00fat (ASTM D3427)<\/td>\n<td>4<\/td>\n<td>5.2<\/td>\n<td>8<\/td>\n<td>&#8211;<\/td>\n<td>&#8211;<\/td>\n<\/tr>\n<tr>\n<td>\u0110\u1eb7c T\u00ednh Ch\u1ed1ng T\u1ea1o B\u1ecdt (ASTM D892)<\/td>\n<td>10\/0<\/td>\n<td>15\/0<\/td>\n<td>10\/0<\/td>\n<td>20\/0<\/td>\n<td>10\/0<\/td>\n<\/tr>\n<tr>\n<td>Tr\u1ecb S\u1ed1 Trung H\u00f2a, mg KOH\/g (ASTM D974)<\/td>\n<td>0.69<\/td>\n<td>0.72<\/td>\n<td>0.71<\/td>\n<td>0.72<\/td>\n<td>0.69<\/td>\n<\/tr>\n<tr>\n<td>Th\u1eed Nghi\u1ec7m FZG (A\/8.3\/90), C\u1ea5p T\u1ea3i H\u1ecfng (DIN 51345)<\/td>\n<td>12<\/td>\n<td>12<\/td>\n<td>12<\/td>\n<td>12<\/td>\n<td>12<\/td>\n<\/tr>\n<tr>\n<td>Ph\u00f2ng Ng\u1eeba G\u1ec9 S\u00e9t (ASTM D665)<\/td>\n<td>Pass<\/td>\n<td>Pass<\/td>\n<td>Pass<\/td>\n<td>Pass<\/td>\n<td>Pass<\/td>\n<\/tr>\n<tr>\n<td>\u0102n M\u00f2n \u0110\u1ed3ng, 3 gi\u1edd @ 100\u00b0C (ASTM D130)<\/td>\n<td>1b<\/td>\n<td>1b<\/td>\n<td>1b<\/td>\n<td>1b<\/td>\n<td>1b<\/td>\n<\/tr>\n<tr>\n<td>T\u00e1ch N\u01b0\u1edbc (ASTM D2711)<\/td>\n<td>13 (54\u00b0C)<\/td>\n<td>15 (54\u00b0C)<\/td>\n<td>13 (54\u00b0C)<\/td>\n<td>12 (82\u00b0C)<\/td>\n<td>15 (82\u00b0C)<\/td>\n<\/tr>\n<tr>\n<td>\u0110i\u1ec3m \u0110\u00f4ng \u0110\u1eb7c, \u00b0C (ASTM D97)<\/td>\n<td>-18<\/td>\n<td>-15<\/td>\n<td>-14<\/td>\n<td>-13<\/td>\n<td>-12<\/td>\n<\/tr>\n<tr>\n<td>\u0110i\u1ec3m Ch\u1edbp Ch\u00e1y (COC), \u00b0C (ASTM D92)<\/td>\n<td>228<\/td>\n<td>230<\/td>\n<td>234<\/td>\n<td>238<\/td>\n<td>260<\/td>\n<\/tr>\n<\/tbody>\n<\/table>\n<\/div>\n<div><\/div>\n<\/div>\n<p>Nh\u1eefng d\u1eef li\u1ec7u n\u00e0y ch\u1ec9 mang t\u00ednh ch\u1ea5t tham kh\u1ea3o v\u00e0 kh\u00f4ng ph\u1ea3i l\u00e0 quy c\u00e1ch ch\u00ednh x\u00e1c.<\/p>\n<h4>Ti\u00eau Chu\u1ea9n Ng\u00e0nh V\u00e0 Ph\u00ea Duy\u1ec7t OEM<\/h4>\n<p><strong>Sinopec L-HM 100<\/strong>\u00a0\u0111\u00e1p \u1ee9ng c\u00e1c y\u00eau c\u1ea7u hi\u1ec7u su\u1ea5t sau:<\/p>\n<h4>Ti\u00eau Chu\u1ea9n Ng\u00e0nh:<\/h4>\n<ul>\n<li><strong>DIN 51524 Pt 2<\/strong><\/li>\n<li><strong>GB1 11118.1-2011 (L-HM, \u00c1p Su\u1ea5t Cao)<\/strong><\/li>\n<li><strong>ISO 11158 (L-HM)<\/strong><\/li>\n<\/ul>\n<h4>Ph\u00ea Duy\u1ec7t OEM:<\/h4>\n<ul>\n<li><strong>Cincinnati P-68 (ISO 32)<\/strong><\/li>\n<li><strong>Cincinnati P-69 (ISO 68)<\/strong><\/li>\n<li><strong>Cincinnati P-70 (ISO 46)<\/strong><\/li>\n<li><strong>Parker Denison HF-0, HF-1, HF-2 (ISO 32, ISO 46, ISO 68)<\/strong><\/li>\n<li><strong>Eaton Vickers M-2950-S (ISO 46)<\/strong><\/li>\n<\/ul>\n<\/div>\n<p><\/p>","protected":false},"excerpt":{"rendered":"<p style=\"text-align: justify\"><strong>Sinopec Antiwear Hydraulic Oil L-HM<\/strong> l\u00e0 d\u00f2ng d\u1ea7u b\u00f4i tr\u01a1n ch\u1ed1ng m\u00e0i m\u00f2n cao c\u1ea5p, \u0111\u01b0\u1ee3c pha tr\u1ed9n t\u1eeb d\u1ea7u g\u1ed1c kho\u00e1ng ch\u1ea5t l\u01b0\u1ee3ng cao v\u00e0 h\u1ec7 ph\u1ee5 gia \u0111a ch\u1ee9c n\u0103ng, c\u00f3 s\u1eb5n trong d\u1ea3i \u0111\u1ed9 nh\u1edbt r\u1ed9ng t\u1eeb ISO Grade 32 \u0111\u1ebfn 150. D\u00f2ng d\u1ea7u n\u00e0y \u0111\u01b0\u1ee3c thi\u1ebft k\u1ebf \u0111\u1ec3 \u0111\u00e1p \u1ee9ng y\u00eau c\u1ea7u c\u1ee7a c\u00e1c nh\u00e0 s\u1ea3n xu\u1ea5t b\u01a1m th\u1ee7y l\u1ef1c l\u1edbn, v\u00e0 \u1ee9ng d\u1ee5ng bao g\u1ed3m h\u1ec7 th\u1ed1ng th\u1ee7y l\u1ef1c \u0111\u01b0\u1ee3c s\u1eed d\u1ee5ng trong c\u00f4ng nghi\u1ec7p v\u00e0 h\u00e0ng h\u1ea3i c\u0169ng nh\u01b0 trong m\u00e1y m\u00f3c di \u0111\u1ed9ng.<\/p>\n","protected":false},"featured_media":27397,"comment_status":"closed","ping_status":"closed","template":"","meta":[],"product_cat":[719,751,750],"product_tag":[1156,1157,1154,1158,1152,1160,1155,1161,1159,1162,1153,1163],"class_list":{"0":"post-28048","1":"product","2":"type-product","3":"status-publish","4":"has-post-thumbnail","6":"product_brand-sinopec","7":"product_cat-dau-nhot-sinopec","8":"product_cat-dau-thuy-luc-sinopec-l-hm-antiwear","9":"product_cat-dau-thuy-luc-sinopec","10":"product_tag-1156","11":"product_tag-1157","12":"product_tag-bao-ve-dong-bac","13":"product_tag-chong-mai-mon-vuot-troi","14":"product_tag-dau-thuy-luc-chong-mai-mon-khong-tro","15":"product_tag-dau-thuy-luc-chong-oxy-hoa","16":"product_tag-dau-thuy-luc-iso-vg-32","17":"product_tag-dau-thuy-luc-khong-ro-ri","18":"product_tag-dau-thuy-luc-loc-tot","19":"product_tag-dau-thuy-luc-on-dinh-thuy-phan","20":"product_tag-dau-thuy-luc-sinopec","21":"product_tag-thong-so-ky-thuat-dau-thuy-luc","23":"first","24":"instock","25":"shipping-taxable","26":"product-type-simple"},"yoast_head":"<!-- This site is optimized with the Yoast SEO plugin v27.2 - https:\/\/yoast.com\/product\/yoast-seo-wordpress\/ -->\n<title>D\u1ea7u Th\u1ee7y L\u1ef1c Ch\u1ed1ng M\u00e0i M\u00f2n Sinopec L-HM 100 - C\u00f4ng Ty TNHH D\u1ea7u Nh\u1eddn T&amp;T Vi\u1ec7t Nam<\/title>\n<meta name=\"robots\" content=\"index, follow, max-snippet:-1, max-image-preview:large, max-video-preview:-1\" \/>\n<link rel=\"canonical\" href=\"https:\/\/tatco.vn\/vi\/san-pham\/dau-thuy-luc-chong-mai-mon-sinopec-l-hm-100\/\" \/>\n<meta property=\"og:locale\" content=\"vi_VN\" \/>\n<meta property=\"og:type\" content=\"article\" \/>\n<meta property=\"og:title\" content=\"D\u1ea7u Th\u1ee7y L\u1ef1c Ch\u1ed1ng M\u00e0i M\u00f2n Sinopec L-HM 100 - C\u00f4ng Ty TNHH D\u1ea7u Nh\u1eddn T&amp;T Vi\u1ec7t Nam\" \/>\n<meta property=\"og:url\" content=\"https:\/\/tatco.vn\/vi\/san-pham\/dau-thuy-luc-chong-mai-mon-sinopec-l-hm-100\/\" \/>\n<meta property=\"og:site_name\" content=\"C\u00f4ng Ty TNHH D\u1ea7u Nh\u1eddn T&amp;T Vi\u1ec7t Nam\" \/>\n<meta property=\"article:modified_time\" content=\"2025-02-09T06:40:35+00:00\" \/>\n<meta property=\"og:image\" content=\"https:\/\/tatco.vn\/wp-content\/uploads\/2021\/06\/Sinopec-oil-product.png\" \/>\n\t<meta property=\"og:image:width\" content=\"1000\" \/>\n\t<meta property=\"og:image:height\" content=\"1000\" \/>\n\t<meta property=\"og:image:type\" content=\"image\/png\" \/>\n<meta name=\"twitter:card\" content=\"summary_large_image\" \/>\n<meta name=\"twitter:label1\" content=\"\u01af\u1edbc t\u00ednh th\u1eddi gian \u0111\u1ecdc\" \/>\n\t<meta name=\"twitter:data1\" content=\"4 ph\u00fat\" \/>\n<script type=\"application\/ld+json\" class=\"yoast-schema-graph\">{\"@context\":\"https:\/\/schema.org\",\"@graph\":[{\"@type\":\"WebPage\",\"@id\":\"https:\/\/tatco.vn\/vi\/san-pham\/dau-thuy-luc-chong-mai-mon-sinopec-l-hm-100\/\",\"url\":\"https:\/\/tatco.vn\/vi\/san-pham\/dau-thuy-luc-chong-mai-mon-sinopec-l-hm-100\/\",\"name\":\"D\u1ea7u Th\u1ee7y L\u1ef1c Ch\u1ed1ng M\u00e0i M\u00f2n Sinopec L-HM 100 - C\u00f4ng Ty TNHH D\u1ea7u Nh\u1eddn T&amp;T Vi\u1ec7t Nam\",\"isPartOf\":{\"@id\":\"https:\/\/tatco.vn\/en\/#website\"},\"primaryImageOfPage\":{\"@id\":\"https:\/\/tatco.vn\/vi\/san-pham\/dau-thuy-luc-chong-mai-mon-sinopec-l-hm-100\/#primaryimage\"},\"image\":{\"@id\":\"https:\/\/tatco.vn\/vi\/san-pham\/dau-thuy-luc-chong-mai-mon-sinopec-l-hm-100\/#primaryimage\"},\"thumbnailUrl\":\"https:\/\/tatco.vn\/wp-content\/uploads\/2021\/06\/Sinopec-oil-product.png\",\"datePublished\":\"2025-02-08T11:22:25+00:00\",\"dateModified\":\"2025-02-09T06:40:35+00:00\",\"breadcrumb\":{\"@id\":\"https:\/\/tatco.vn\/vi\/san-pham\/dau-thuy-luc-chong-mai-mon-sinopec-l-hm-100\/#breadcrumb\"},\"inLanguage\":\"vi\",\"potentialAction\":[{\"@type\":\"ReadAction\",\"target\":[\"https:\/\/tatco.vn\/vi\/san-pham\/dau-thuy-luc-chong-mai-mon-sinopec-l-hm-100\/\"]}]},{\"@type\":\"ImageObject\",\"inLanguage\":\"vi\",\"@id\":\"https:\/\/tatco.vn\/vi\/san-pham\/dau-thuy-luc-chong-mai-mon-sinopec-l-hm-100\/#primaryimage\",\"url\":\"https:\/\/tatco.vn\/wp-content\/uploads\/2021\/06\/Sinopec-oil-product.png\",\"contentUrl\":\"https:\/\/tatco.vn\/wp-content\/uploads\/2021\/06\/Sinopec-oil-product.png\",\"width\":1000,\"height\":1000},{\"@type\":\"BreadcrumbList\",\"@id\":\"https:\/\/tatco.vn\/vi\/san-pham\/dau-thuy-luc-chong-mai-mon-sinopec-l-hm-100\/#breadcrumb\",\"itemListElement\":[{\"@type\":\"ListItem\",\"position\":1,\"name\":\"Home\",\"item\":\"https:\/\/tatco.vn\/\"},{\"@type\":\"ListItem\",\"position\":2,\"name\":\"C\u1eeda h\u00e0ng\",\"item\":\"https:\/\/tatco.vn\/en\/mua\/\"},{\"@type\":\"ListItem\",\"position\":3,\"name\":\"D\u1ea7u Th\u1ee7y L\u1ef1c Ch\u1ed1ng M\u00e0i M\u00f2n Sinopec L-HM 100\"}]},{\"@type\":\"WebSite\",\"@id\":\"https:\/\/tatco.vn\/en\/#website\",\"url\":\"https:\/\/tatco.vn\/en\/\",\"name\":\"C\u00f4ng Ty TNHH D\u1ea7u Nh\u1eddn T&amp;T Vi\u1ec7t Nam\",\"description\":\"Right Point - Right Time - Best Solution\",\"publisher\":{\"@id\":\"https:\/\/tatco.vn\/en\/#organization\"},\"potentialAction\":[{\"@type\":\"SearchAction\",\"target\":{\"@type\":\"EntryPoint\",\"urlTemplate\":\"https:\/\/tatco.vn\/en\/?s={search_term_string}\"},\"query-input\":{\"@type\":\"PropertyValueSpecification\",\"valueRequired\":true,\"valueName\":\"search_term_string\"}}],\"inLanguage\":\"vi\"},{\"@type\":\"Organization\",\"@id\":\"https:\/\/tatco.vn\/en\/#organization\",\"name\":\"C\u00f4ng Ty TNHH D\u1ea7u Nh\u1eddn T&T Vi\u1ec7t Nam\",\"url\":\"https:\/\/tatco.vn\/en\/\",\"logo\":{\"@type\":\"ImageObject\",\"inLanguage\":\"vi\",\"@id\":\"https:\/\/tatco.vn\/en\/#\/schema\/logo\/image\/\",\"url\":\"https:\/\/tatco.vn\/wp-content\/uploads\/2019\/05\/fav-ico.png\",\"contentUrl\":\"https:\/\/tatco.vn\/wp-content\/uploads\/2019\/05\/fav-ico.png\",\"width\":200,\"height\":200,\"caption\":\"C\u00f4ng Ty TNHH D\u1ea7u Nh\u1eddn T&T Vi\u1ec7t Nam\"},\"image\":{\"@id\":\"https:\/\/tatco.vn\/en\/#\/schema\/logo\/image\/\"}}]}<\/script>\n<!-- \/ Yoast SEO plugin. -->","yoast_head_json":{"title":"D\u1ea7u Th\u1ee7y L\u1ef1c Ch\u1ed1ng M\u00e0i M\u00f2n Sinopec L-HM 100 - C\u00f4ng Ty TNHH D\u1ea7u Nh\u1eddn T&amp;T Vi\u1ec7t Nam","robots":{"index":"index","follow":"follow","max-snippet":"max-snippet:-1","max-image-preview":"max-image-preview:large","max-video-preview":"max-video-preview:-1"},"canonical":"https:\/\/tatco.vn\/vi\/san-pham\/dau-thuy-luc-chong-mai-mon-sinopec-l-hm-100\/","og_locale":"vi_VN","og_type":"article","og_title":"D\u1ea7u Th\u1ee7y L\u1ef1c Ch\u1ed1ng M\u00e0i M\u00f2n Sinopec L-HM 100 - C\u00f4ng Ty TNHH D\u1ea7u Nh\u1eddn T&amp;T Vi\u1ec7t Nam","og_url":"https:\/\/tatco.vn\/vi\/san-pham\/dau-thuy-luc-chong-mai-mon-sinopec-l-hm-100\/","og_site_name":"C\u00f4ng Ty TNHH D\u1ea7u Nh\u1eddn T&amp;T Vi\u1ec7t Nam","article_modified_time":"2025-02-09T06:40:35+00:00","og_image":[{"width":1000,"height":1000,"url":"https:\/\/tatco.vn\/wp-content\/uploads\/2021\/06\/Sinopec-oil-product.png","type":"image\/png"}],"twitter_card":"summary_large_image","twitter_misc":{"\u01af\u1edbc t\u00ednh th\u1eddi gian \u0111\u1ecdc":"4 ph\u00fat"},"schema":{"@context":"https:\/\/schema.org","@graph":[{"@type":"WebPage","@id":"https:\/\/tatco.vn\/vi\/san-pham\/dau-thuy-luc-chong-mai-mon-sinopec-l-hm-100\/","url":"https:\/\/tatco.vn\/vi\/san-pham\/dau-thuy-luc-chong-mai-mon-sinopec-l-hm-100\/","name":"D\u1ea7u Th\u1ee7y L\u1ef1c Ch\u1ed1ng M\u00e0i M\u00f2n Sinopec L-HM 100 - C\u00f4ng Ty TNHH D\u1ea7u Nh\u1eddn T&amp;T Vi\u1ec7t Nam","isPartOf":{"@id":"https:\/\/tatco.vn\/en\/#website"},"primaryImageOfPage":{"@id":"https:\/\/tatco.vn\/vi\/san-pham\/dau-thuy-luc-chong-mai-mon-sinopec-l-hm-100\/#primaryimage"},"image":{"@id":"https:\/\/tatco.vn\/vi\/san-pham\/dau-thuy-luc-chong-mai-mon-sinopec-l-hm-100\/#primaryimage"},"thumbnailUrl":"https:\/\/tatco.vn\/wp-content\/uploads\/2021\/06\/Sinopec-oil-product.png","datePublished":"2025-02-08T11:22:25+00:00","dateModified":"2025-02-09T06:40:35+00:00","breadcrumb":{"@id":"https:\/\/tatco.vn\/vi\/san-pham\/dau-thuy-luc-chong-mai-mon-sinopec-l-hm-100\/#breadcrumb"},"inLanguage":"vi","potentialAction":[{"@type":"ReadAction","target":["https:\/\/tatco.vn\/vi\/san-pham\/dau-thuy-luc-chong-mai-mon-sinopec-l-hm-100\/"]}]},{"@type":"ImageObject","inLanguage":"vi","@id":"https:\/\/tatco.vn\/vi\/san-pham\/dau-thuy-luc-chong-mai-mon-sinopec-l-hm-100\/#primaryimage","url":"https:\/\/tatco.vn\/wp-content\/uploads\/2021\/06\/Sinopec-oil-product.png","contentUrl":"https:\/\/tatco.vn\/wp-content\/uploads\/2021\/06\/Sinopec-oil-product.png","width":1000,"height":1000},{"@type":"BreadcrumbList","@id":"https:\/\/tatco.vn\/vi\/san-pham\/dau-thuy-luc-chong-mai-mon-sinopec-l-hm-100\/#breadcrumb","itemListElement":[{"@type":"ListItem","position":1,"name":"Home","item":"https:\/\/tatco.vn\/"},{"@type":"ListItem","position":2,"name":"C\u1eeda h\u00e0ng","item":"https:\/\/tatco.vn\/en\/mua\/"},{"@type":"ListItem","position":3,"name":"D\u1ea7u Th\u1ee7y L\u1ef1c Ch\u1ed1ng M\u00e0i M\u00f2n Sinopec L-HM 100"}]},{"@type":"WebSite","@id":"https:\/\/tatco.vn\/en\/#website","url":"https:\/\/tatco.vn\/en\/","name":"C\u00f4ng Ty TNHH D\u1ea7u Nh\u1eddn T&amp;T Vi\u1ec7t Nam","description":"Right Point - Right Time - Best Solution","publisher":{"@id":"https:\/\/tatco.vn\/en\/#organization"},"potentialAction":[{"@type":"SearchAction","target":{"@type":"EntryPoint","urlTemplate":"https:\/\/tatco.vn\/en\/?s={search_term_string}"},"query-input":{"@type":"PropertyValueSpecification","valueRequired":true,"valueName":"search_term_string"}}],"inLanguage":"vi"},{"@type":"Organization","@id":"https:\/\/tatco.vn\/en\/#organization","name":"C\u00f4ng Ty TNHH D\u1ea7u Nh\u1eddn T&T Vi\u1ec7t Nam","url":"https:\/\/tatco.vn\/en\/","logo":{"@type":"ImageObject","inLanguage":"vi","@id":"https:\/\/tatco.vn\/en\/#\/schema\/logo\/image\/","url":"https:\/\/tatco.vn\/wp-content\/uploads\/2019\/05\/fav-ico.png","contentUrl":"https:\/\/tatco.vn\/wp-content\/uploads\/2019\/05\/fav-ico.png","width":200,"height":200,"caption":"C\u00f4ng Ty TNHH D\u1ea7u Nh\u1eddn T&T Vi\u1ec7t Nam"},"image":{"@id":"https:\/\/tatco.vn\/en\/#\/schema\/logo\/image\/"}}]}},"_links":{"self":[{"href":"https:\/\/tatco.vn\/vi\/wp-json\/wp\/v2\/product\/28048","targetHints":{"allow":["GET"]}}],"collection":[{"href":"https:\/\/tatco.vn\/vi\/wp-json\/wp\/v2\/product"}],"about":[{"href":"https:\/\/tatco.vn\/vi\/wp-json\/wp\/v2\/types\/product"}],"replies":[{"embeddable":true,"href":"https:\/\/tatco.vn\/vi\/wp-json\/wp\/v2\/comments?post=28048"}],"version-history":[{"count":0,"href":"https:\/\/tatco.vn\/vi\/wp-json\/wp\/v2\/product\/28048\/revisions"}],"wp:featuredmedia":[{"embeddable":true,"href":"https:\/\/tatco.vn\/vi\/wp-json\/wp\/v2\/media\/27397"}],"wp:attachment":[{"href":"https:\/\/tatco.vn\/vi\/wp-json\/wp\/v2\/media?parent=28048"}],"wp:term":[{"taxonomy":"product_cat","embeddable":true,"href":"https:\/\/tatco.vn\/vi\/wp-json\/wp\/v2\/product_cat?post=28048"},{"taxonomy":"product_tag","embeddable":true,"href":"https:\/\/tatco.vn\/vi\/wp-json\/wp\/v2\/product_tag?post=28048"}],"curies":[{"name":"wp","href":"https:\/\/api.w.org\/{rel}","templated":true}]}}