{"id":27930,"date":"2025-02-07T16:44:10","date_gmt":"2025-02-07T09:44:10","guid":{"rendered":"https:\/\/tatco.vn\/vi\/?post_type=product&#038;p=27930"},"modified":"2025-02-08T11:55:28","modified_gmt":"2025-02-08T04:55:28","slug":"dau-truyen-nhiet-castrol-perfecto-ht-5","status":"publish","type":"product","link":"https:\/\/tatco.vn\/vi\/san-pham\/dau-truyen-nhiet-castrol-perfecto-ht-5\/","title":{"rendered":"D\u1ea7u Truy\u1ec1n Nhi\u1ec7t Castrol PERFECTO HT 5"},"content":{"rendered":"<p><\/p>\n<h3>Perfecto\u2122 HT 5: D\u1ea7u Truy\u1ec1n Nhi\u1ec7t<\/h3>\n<h4 style=\"text-align: justify\">M\u00f4 T\u1ea3<\/h4>\n<p style=\"text-align: justify\"><strong>Perfecto\u2122 HT 5<\/strong> \u0111\u01b0\u1ee3c pha ch\u1ebf t\u1eeb d\u1ea7u g\u1ed1c kho\u00e1ng tinh l\u1ecdc b\u1eb1ng dung m\u00f4i, c\u00f3 ch\u1ec9 s\u1ed1 \u0111\u1ed9 nh\u1edbt cao v\u1edbi t\u00ednh ch\u1ea5t b\u1ec1n nhi\u1ec7t v\u00e0 b\u1ec1n \u00f4-xi h\u00f3a cao.<\/p>\n<h4 style=\"text-align: justify\">C\u00f4ng D\u1ee5ng<\/h4>\n<p style=\"text-align: justify\"><strong>Perfecto HT 5<\/strong> ch\u1ee7 y\u1ebfu \u0111\u01b0\u1ee3c d\u00f9ng cho c\u00e1c h\u1ec7 th\u1ed1ng truy\u1ec1n nhi\u1ec7t k\u00edn v\u1edbi nhi\u1ec7t \u0111\u1ed9 kh\u1ed1i d\u1ea7u kh\u00f4ng qu\u00e1 300\u00b0C. N\u00f3 c\u0169ng d\u00f9ng \u0111\u01b0\u1ee3c cho c\u00e1c h\u1ec7 th\u1ed1ng h\u1edf v\u1edbi nhi\u1ec7t \u0111\u1ed9 kh\u1ed1i d\u1ea7u th\u1ea5p h\u01a1n. V\u1edbi t\u00ednh h\u00f2a tan v\u00e0 kh\u1ea3 n\u0103ng b\u1ec1n nhi\u1ec7t cao, <strong>Perfecto HT 5<\/strong> c\u00f3 th\u1ec3 \u0111\u01b0\u1ee3c s\u1eed d\u1ee5ng nh\u01b0 d\u1ea7u s\u00fac r\u1eeda \u01b0u vi\u1ec7t cho h\u1ec7 th\u1ed1ng tuabin.<\/p>\n<h4 style=\"text-align: justify\">L\u1ee3i \u0110i\u1ec3m<\/h4>\n<ul>\n<li style=\"text-align: justify\"><strong>Ki\u1ec3m So\u00e1t Ch\u1eb7t Ch\u1ebd<\/strong>: T\u00ednh ch\u1ea5t c\u1ee7a d\u1ea7u \u0111\u01b0\u1ee3c ki\u1ec3m so\u00e1t r\u1ea5t ch\u1eb7t ch\u1ebd gi\u00fap gi\u1ea3m thi\u1ec3u \u0111\u00f3ng c\u1eb7n \u1edf b\u1ed9 trao \u0111\u1ed5i nhi\u1ec7t, duy tr\u00ec hi\u1ec7u qu\u1ea3 truy\u1ec1n nhi\u1ec7t.<\/li>\n<li style=\"text-align: justify\"><strong>Ho\u1ea1t \u0110\u1ed9ng \u1ede Nhi\u1ec7t \u0110\u1ed9 Cao<\/strong>: Kh\u1ea3 n\u0103ng v\u1eadn h\u00e0nh \u1edf nhi\u1ec7t \u0111\u1ed9 cao \u0111\u1ebfn 300\u00b0C \u0111\u1ed1i v\u1edbi h\u1ec7 th\u1ed1ng truy\u1ec1n nhi\u1ec7t k\u00edn.<\/li>\n<\/ul>\n<h4>C\u00e1c \u0110\u1eb7c Tr\u01b0ng Ti\u00eau Bi\u1ec3u<\/h4>\n<div>\n<div>\n<div class=\"table-responsive\">\n<table class=\"table table-striped\">\n<thead>\n<tr>\n<th>Th\u1eed Nghi\u1ec7m<\/th>\n<th>Ph\u01b0\u01a1ng Ph\u00e1p<\/th>\n<th>\u0110\u01a1n V\u1ecb<\/th>\n<th>Perfecto HT 5<\/th>\n<\/tr>\n<\/thead>\n<tbody>\n<tr>\n<td>Kh\u1ed1i l\u01b0\u1ee3ng ri\u00eang \u1edf 15\u00b0C<\/td>\n<td>ISO 12185 \/ ASTM D4052<\/td>\n<td>kg\/m\u00b3<\/td>\n<td>868<\/td>\n<\/tr>\n<tr>\n<td>\u0110\u1ed9 nh\u1edbt \u0111\u1ed9ng h\u1ecdc \u1edf 40\u00b0C<\/td>\n<td>ISO 3104 \/ ASTM D445<\/td>\n<td>cSt<\/td>\n<td>30.5<\/td>\n<\/tr>\n<tr>\n<td>\u0110\u1ed9 nh\u1edbt \u0111\u1ed9ng h\u1ecdc \u1edf 100\u00b0C<\/td>\n<td>ISO 3104 \/ ASTM D445<\/td>\n<td>cSt<\/td>\n<td>5.28<\/td>\n<\/tr>\n<tr>\n<td>Ch\u1ec9 s\u1ed1 \u0111\u1ed9 nh\u1edbt<\/td>\n<td>ISO 2909 \/ ASTM D2270<\/td>\n<td>&#8211;<\/td>\n<td>106<\/td>\n<\/tr>\n<tr>\n<td>\u0110i\u1ec3m r\u00f3t ch\u1ea3y<\/td>\n<td>ISO 3016 \/ ASTM D97<\/td>\n<td>\u00b0C<\/td>\n<td>-9<\/td>\n<\/tr>\n<tr>\n<td>\u0110i\u1ec3m ch\u1edbp ch\u00e1y c\u1ed1c k\u00edn<\/td>\n<td>ISO 2719 \/ ASTM D93<\/td>\n<td>\u00b0C<\/td>\n<td>210<\/td>\n<\/tr>\n<tr>\n<td>\u0110i\u1ec3m ch\u1edbp ch\u00e1y c\u1ed1c h\u1edf<\/td>\n<td>ISO 2592 \/ ASTM D92<\/td>\n<td>\u00b0C<\/td>\n<td>220<\/td>\n<\/tr>\n<tr>\n<td>\u0110i\u1ec3m b\u1eaft ch\u00e1y<\/td>\n<td>ISO 2592 \/ ASTM D92<\/td>\n<td>\u00b0C<\/td>\n<td>249<\/td>\n<\/tr>\n<tr>\n<td>M\u00e0u<\/td>\n<td>IP 196<\/td>\n<td>&#8211;<\/td>\n<td>2.0<\/td>\n<\/tr>\n<tr>\n<td>Tr\u1ecb s\u1ed1 trung h\u00f2a<\/td>\n<td>ISO 6618 \/ ASTM D974<\/td>\n<td>mgKOH\/g<\/td>\n<td>&lt;0.05<\/td>\n<\/tr>\n<tr>\n<td>Nhi\u1ec7t dung ri\u00eang \u1edf 15\u00b0C<\/td>\n<td>ASTM D2766<\/td>\n<td>kJ\/kg\u00b0C<\/td>\n<td>1.86<\/td>\n<\/tr>\n<tr>\n<td>\u0110\u1ed9 d\u1eabn nhi\u1ec7t \u1edf 15\u00b0C<\/td>\n<td>ASTM D2717<\/td>\n<td>W\/m\u00b0C<\/td>\n<td>0.133<\/td>\n<\/tr>\n<tr>\n<td>D\u1ea3i nhi\u1ec7t \u0111\u1ed9 ch\u01b0ng c\u1ea5t &#8211; \u0111i\u1ec3m s\u00f4i \u0111\u1ea7u<\/td>\n<td>ASTM D86<\/td>\n<td>\u00b0C<\/td>\n<td>343<\/td>\n<\/tr>\n<tr>\n<td>D\u1ea3i nhi\u1ec7t \u0111\u1ed9 ch\u01b0ng c\u1ea5t &#8211; ch\u01b0ng c\u1ea5t 10%<\/td>\n<td>ASTM D86<\/td>\n<td>\u00b0C<\/td>\n<td>390<\/td>\n<\/tr>\n<tr>\n<td>D\u1ea3i nhi\u1ec7t \u0111\u1ed9 ch\u01b0ng c\u1ea5t &#8211; ch\u01b0ng c\u1ea5t 90%<\/td>\n<td>ASTM D86<\/td>\n<td>\u00b0C<\/td>\n<td>454<\/td>\n<\/tr>\n<tr>\n<td>H\u1ec7 s\u1ed1 gi\u00e3n n\u1edf nhi\u1ec7t \u1edf 15\u00b0C<\/td>\n<td>ASTM D1903<\/td>\n<td>\u00b0C<\/td>\n<td>0.00077<\/td>\n<\/tr>\n<\/tbody>\n<\/table>\n<\/div>\n<div><\/div>\n<\/div>\n<\/div>\n<p><\/p>","protected":false},"excerpt":{"rendered":"<p><strong>Perfecto\u2122 HT 5<\/strong> \u0111\u01b0\u1ee3c pha ch\u1ebf t\u1eeb d\u1ea7u g\u1ed1c kho\u00e1ng tinh l\u1ecdc b\u1eb1ng dung m\u00f4i, c\u00f3 ch\u1ec9 s\u1ed1 \u0111\u1ed9 nh\u1edbt cao v\u1edbi t\u00ednh ch\u1ea5t b\u1ec1n nhi\u1ec7t v\u00e0 b\u1ec1n \u00f4-xi h\u00f3a cao.<\/p>\n","protected":false},"featured_media":27593,"comment_status":"closed","ping_status":"closed","template":"","meta":[],"product_cat":[760,761,762],"product_tag":[1143,1139,1137,1138,1144,1145,1142,1141,1140,1136],"class_list":{"0":"post-27930","1":"product","2":"type-product","3":"status-publish","4":"has-post-thumbnail","6":"product_brand-castrol","7":"product_cat-dau-nhot-castrol","8":"product_cat-dau-truyen-nhiet-castrol","9":"product_cat-dau-truyen-nhiet-castrol-perfecto-ht-5","10":"product_tag-dau-suc-rua-cho-he-thong-tuabin","11":"product_tag-dau-tong-hop-truyen-nhiet","12":"product_tag-dau-truyen-nhiet","13":"product_tag-dau-truyen-nhiet-ben-nhiet","14":"product_tag-dau-truyen-nhiet-castrol","15":"product_tag-dau-truyen-nhiet-chiu-nhiet-do-cao","16":"product_tag-dau-truyen-nhiet-cho-he-thong-ho","17":"product_tag-dau-truyen-nhiet-cho-he-thong-kin","18":"product_tag-dau-truyen-nhiet-hieu-qua-cao","19":"product_tag-perfecto-ht-5","21":"first","22":"instock","23":"shipping-taxable","24":"product-type-simple"},"yoast_head":"<!-- This site is optimized with the Yoast SEO plugin v27.2 - https:\/\/yoast.com\/product\/yoast-seo-wordpress\/ -->\n<title>D\u1ea7u Truy\u1ec1n Nhi\u1ec7t Castrol PERFECTO HT 5 - C\u00f4ng Ty TNHH D\u1ea7u Nh\u1eddn T&amp;T Vi\u1ec7t Nam<\/title>\n<meta name=\"robots\" content=\"index, follow, max-snippet:-1, max-image-preview:large, max-video-preview:-1\" \/>\n<link rel=\"canonical\" href=\"https:\/\/tatco.vn\/en\/san-pham\/dau-truyen-nhiet-castrol-perfecto-ht-5\/\" \/>\n<meta property=\"og:locale\" content=\"vi_VN\" \/>\n<meta property=\"og:type\" content=\"article\" \/>\n<meta property=\"og:title\" content=\"D\u1ea7u Truy\u1ec1n Nhi\u1ec7t Castrol PERFECTO HT 5 - C\u00f4ng Ty TNHH D\u1ea7u Nh\u1eddn T&amp;T Vi\u1ec7t Nam\" \/>\n<meta property=\"og:url\" content=\"https:\/\/tatco.vn\/en\/san-pham\/dau-truyen-nhiet-castrol-perfecto-ht-5\/\" \/>\n<meta property=\"og:site_name\" content=\"C\u00f4ng Ty TNHH D\u1ea7u Nh\u1eddn T&amp;T Vi\u1ec7t Nam\" \/>\n<meta property=\"article:modified_time\" content=\"2025-02-08T04:55:28+00:00\" \/>\n<meta property=\"og:image\" content=\"https:\/\/tatco.vn\/wp-content\/uploads\/2022\/12\/Castrol-v5.png\" \/>\n\t<meta property=\"og:image:width\" content=\"750\" \/>\n\t<meta property=\"og:image:height\" content=\"1000\" \/>\n\t<meta property=\"og:image:type\" content=\"image\/png\" \/>\n<meta name=\"twitter:card\" content=\"summary_large_image\" \/>\n<meta name=\"twitter:label1\" content=\"\u01af\u1edbc t\u00ednh th\u1eddi gian \u0111\u1ecdc\" \/>\n\t<meta name=\"twitter:data1\" content=\"2 ph\u00fat\" \/>\n<script type=\"application\/ld+json\" class=\"yoast-schema-graph\">{\"@context\":\"https:\/\/schema.org\",\"@graph\":[{\"@type\":\"WebPage\",\"@id\":\"https:\/\/tatco.vn\/en\/san-pham\/dau-truyen-nhiet-castrol-perfecto-ht-5\/\",\"url\":\"https:\/\/tatco.vn\/en\/san-pham\/dau-truyen-nhiet-castrol-perfecto-ht-5\/\",\"name\":\"D\u1ea7u Truy\u1ec1n Nhi\u1ec7t Castrol PERFECTO HT 5 - C\u00f4ng Ty TNHH D\u1ea7u Nh\u1eddn T&amp;T Vi\u1ec7t Nam\",\"isPartOf\":{\"@id\":\"https:\/\/tatco.vn\/en\/#website\"},\"primaryImageOfPage\":{\"@id\":\"https:\/\/tatco.vn\/en\/san-pham\/dau-truyen-nhiet-castrol-perfecto-ht-5\/#primaryimage\"},\"image\":{\"@id\":\"https:\/\/tatco.vn\/en\/san-pham\/dau-truyen-nhiet-castrol-perfecto-ht-5\/#primaryimage\"},\"thumbnailUrl\":\"https:\/\/tatco.vn\/wp-content\/uploads\/2022\/12\/Castrol-v5.png\",\"datePublished\":\"2025-02-07T09:44:10+00:00\",\"dateModified\":\"2025-02-08T04:55:28+00:00\",\"breadcrumb\":{\"@id\":\"https:\/\/tatco.vn\/en\/san-pham\/dau-truyen-nhiet-castrol-perfecto-ht-5\/#breadcrumb\"},\"inLanguage\":\"vi\",\"potentialAction\":[{\"@type\":\"ReadAction\",\"target\":[\"https:\/\/tatco.vn\/en\/san-pham\/dau-truyen-nhiet-castrol-perfecto-ht-5\/\"]}]},{\"@type\":\"ImageObject\",\"inLanguage\":\"vi\",\"@id\":\"https:\/\/tatco.vn\/en\/san-pham\/dau-truyen-nhiet-castrol-perfecto-ht-5\/#primaryimage\",\"url\":\"https:\/\/tatco.vn\/wp-content\/uploads\/2022\/12\/Castrol-v5.png\",\"contentUrl\":\"https:\/\/tatco.vn\/wp-content\/uploads\/2022\/12\/Castrol-v5.png\",\"width\":750,\"height\":1000,\"caption\":\"Castrol Perfecto HT 5\"},{\"@type\":\"BreadcrumbList\",\"@id\":\"https:\/\/tatco.vn\/en\/san-pham\/dau-truyen-nhiet-castrol-perfecto-ht-5\/#breadcrumb\",\"itemListElement\":[{\"@type\":\"ListItem\",\"position\":1,\"name\":\"Home\",\"item\":\"https:\/\/tatco.vn\/\"},{\"@type\":\"ListItem\",\"position\":2,\"name\":\"C\u1eeda h\u00e0ng\",\"item\":\"https:\/\/tatco.vn\/en\/mua\/\"},{\"@type\":\"ListItem\",\"position\":3,\"name\":\"Castrol Perfecto\u2122 HT 5\"}]},{\"@type\":\"WebSite\",\"@id\":\"https:\/\/tatco.vn\/en\/#website\",\"url\":\"https:\/\/tatco.vn\/en\/\",\"name\":\"C\u00f4ng Ty TNHH D\u1ea7u Nh\u1eddn T&amp;T Vi\u1ec7t Nam\",\"description\":\"Right Point - Right Time - Best Solution\",\"publisher\":{\"@id\":\"https:\/\/tatco.vn\/en\/#organization\"},\"potentialAction\":[{\"@type\":\"SearchAction\",\"target\":{\"@type\":\"EntryPoint\",\"urlTemplate\":\"https:\/\/tatco.vn\/en\/?s={search_term_string}\"},\"query-input\":{\"@type\":\"PropertyValueSpecification\",\"valueRequired\":true,\"valueName\":\"search_term_string\"}}],\"inLanguage\":\"vi\"},{\"@type\":\"Organization\",\"@id\":\"https:\/\/tatco.vn\/en\/#organization\",\"name\":\"C\u00f4ng Ty TNHH D\u1ea7u Nh\u1eddn T&T Vi\u1ec7t Nam\",\"url\":\"https:\/\/tatco.vn\/en\/\",\"logo\":{\"@type\":\"ImageObject\",\"inLanguage\":\"vi\",\"@id\":\"https:\/\/tatco.vn\/en\/#\/schema\/logo\/image\/\",\"url\":\"https:\/\/tatco.vn\/wp-content\/uploads\/2019\/05\/fav-ico.png\",\"contentUrl\":\"https:\/\/tatco.vn\/wp-content\/uploads\/2019\/05\/fav-ico.png\",\"width\":200,\"height\":200,\"caption\":\"C\u00f4ng Ty TNHH D\u1ea7u Nh\u1eddn T&T Vi\u1ec7t Nam\"},\"image\":{\"@id\":\"https:\/\/tatco.vn\/en\/#\/schema\/logo\/image\/\"}}]}<\/script>\n<!-- \/ Yoast SEO plugin. -->","yoast_head_json":{"title":"D\u1ea7u Truy\u1ec1n Nhi\u1ec7t Castrol PERFECTO HT 5 - C\u00f4ng Ty TNHH D\u1ea7u Nh\u1eddn T&amp;T Vi\u1ec7t Nam","robots":{"index":"index","follow":"follow","max-snippet":"max-snippet:-1","max-image-preview":"max-image-preview:large","max-video-preview":"max-video-preview:-1"},"canonical":"https:\/\/tatco.vn\/en\/san-pham\/dau-truyen-nhiet-castrol-perfecto-ht-5\/","og_locale":"vi_VN","og_type":"article","og_title":"D\u1ea7u Truy\u1ec1n Nhi\u1ec7t Castrol PERFECTO HT 5 - C\u00f4ng Ty TNHH D\u1ea7u Nh\u1eddn T&amp;T Vi\u1ec7t Nam","og_url":"https:\/\/tatco.vn\/en\/san-pham\/dau-truyen-nhiet-castrol-perfecto-ht-5\/","og_site_name":"C\u00f4ng Ty TNHH D\u1ea7u Nh\u1eddn T&amp;T Vi\u1ec7t Nam","article_modified_time":"2025-02-08T04:55:28+00:00","og_image":[{"width":750,"height":1000,"url":"https:\/\/tatco.vn\/wp-content\/uploads\/2022\/12\/Castrol-v5.png","type":"image\/png"}],"twitter_card":"summary_large_image","twitter_misc":{"\u01af\u1edbc t\u00ednh th\u1eddi gian \u0111\u1ecdc":"2 ph\u00fat"},"schema":{"@context":"https:\/\/schema.org","@graph":[{"@type":"WebPage","@id":"https:\/\/tatco.vn\/en\/san-pham\/dau-truyen-nhiet-castrol-perfecto-ht-5\/","url":"https:\/\/tatco.vn\/en\/san-pham\/dau-truyen-nhiet-castrol-perfecto-ht-5\/","name":"D\u1ea7u Truy\u1ec1n Nhi\u1ec7t Castrol PERFECTO HT 5 - C\u00f4ng Ty TNHH D\u1ea7u Nh\u1eddn T&amp;T Vi\u1ec7t Nam","isPartOf":{"@id":"https:\/\/tatco.vn\/en\/#website"},"primaryImageOfPage":{"@id":"https:\/\/tatco.vn\/en\/san-pham\/dau-truyen-nhiet-castrol-perfecto-ht-5\/#primaryimage"},"image":{"@id":"https:\/\/tatco.vn\/en\/san-pham\/dau-truyen-nhiet-castrol-perfecto-ht-5\/#primaryimage"},"thumbnailUrl":"https:\/\/tatco.vn\/wp-content\/uploads\/2022\/12\/Castrol-v5.png","datePublished":"2025-02-07T09:44:10+00:00","dateModified":"2025-02-08T04:55:28+00:00","breadcrumb":{"@id":"https:\/\/tatco.vn\/en\/san-pham\/dau-truyen-nhiet-castrol-perfecto-ht-5\/#breadcrumb"},"inLanguage":"vi","potentialAction":[{"@type":"ReadAction","target":["https:\/\/tatco.vn\/en\/san-pham\/dau-truyen-nhiet-castrol-perfecto-ht-5\/"]}]},{"@type":"ImageObject","inLanguage":"vi","@id":"https:\/\/tatco.vn\/en\/san-pham\/dau-truyen-nhiet-castrol-perfecto-ht-5\/#primaryimage","url":"https:\/\/tatco.vn\/wp-content\/uploads\/2022\/12\/Castrol-v5.png","contentUrl":"https:\/\/tatco.vn\/wp-content\/uploads\/2022\/12\/Castrol-v5.png","width":750,"height":1000,"caption":"Castrol Perfecto HT 5"},{"@type":"BreadcrumbList","@id":"https:\/\/tatco.vn\/en\/san-pham\/dau-truyen-nhiet-castrol-perfecto-ht-5\/#breadcrumb","itemListElement":[{"@type":"ListItem","position":1,"name":"Home","item":"https:\/\/tatco.vn\/"},{"@type":"ListItem","position":2,"name":"C\u1eeda h\u00e0ng","item":"https:\/\/tatco.vn\/en\/mua\/"},{"@type":"ListItem","position":3,"name":"Castrol Perfecto\u2122 HT 5"}]},{"@type":"WebSite","@id":"https:\/\/tatco.vn\/en\/#website","url":"https:\/\/tatco.vn\/en\/","name":"C\u00f4ng Ty TNHH D\u1ea7u Nh\u1eddn T&amp;T Vi\u1ec7t Nam","description":"Right Point - Right Time - Best Solution","publisher":{"@id":"https:\/\/tatco.vn\/en\/#organization"},"potentialAction":[{"@type":"SearchAction","target":{"@type":"EntryPoint","urlTemplate":"https:\/\/tatco.vn\/en\/?s={search_term_string}"},"query-input":{"@type":"PropertyValueSpecification","valueRequired":true,"valueName":"search_term_string"}}],"inLanguage":"vi"},{"@type":"Organization","@id":"https:\/\/tatco.vn\/en\/#organization","name":"C\u00f4ng Ty TNHH D\u1ea7u Nh\u1eddn T&T Vi\u1ec7t Nam","url":"https:\/\/tatco.vn\/en\/","logo":{"@type":"ImageObject","inLanguage":"vi","@id":"https:\/\/tatco.vn\/en\/#\/schema\/logo\/image\/","url":"https:\/\/tatco.vn\/wp-content\/uploads\/2019\/05\/fav-ico.png","contentUrl":"https:\/\/tatco.vn\/wp-content\/uploads\/2019\/05\/fav-ico.png","width":200,"height":200,"caption":"C\u00f4ng Ty TNHH D\u1ea7u Nh\u1eddn T&T Vi\u1ec7t Nam"},"image":{"@id":"https:\/\/tatco.vn\/en\/#\/schema\/logo\/image\/"}}]}},"_links":{"self":[{"href":"https:\/\/tatco.vn\/vi\/wp-json\/wp\/v2\/product\/27930","targetHints":{"allow":["GET"]}}],"collection":[{"href":"https:\/\/tatco.vn\/vi\/wp-json\/wp\/v2\/product"}],"about":[{"href":"https:\/\/tatco.vn\/vi\/wp-json\/wp\/v2\/types\/product"}],"replies":[{"embeddable":true,"href":"https:\/\/tatco.vn\/vi\/wp-json\/wp\/v2\/comments?post=27930"}],"version-history":[{"count":0,"href":"https:\/\/tatco.vn\/vi\/wp-json\/wp\/v2\/product\/27930\/revisions"}],"wp:featuredmedia":[{"embeddable":true,"href":"https:\/\/tatco.vn\/vi\/wp-json\/wp\/v2\/media\/27593"}],"wp:attachment":[{"href":"https:\/\/tatco.vn\/vi\/wp-json\/wp\/v2\/media?parent=27930"}],"wp:term":[{"taxonomy":"product_cat","embeddable":true,"href":"https:\/\/tatco.vn\/vi\/wp-json\/wp\/v2\/product_cat?post=27930"},{"taxonomy":"product_tag","embeddable":true,"href":"https:\/\/tatco.vn\/vi\/wp-json\/wp\/v2\/product_tag?post=27930"}],"curies":[{"name":"wp","href":"https:\/\/api.w.org\/{rel}","templated":true}]}}