{"id":27924,"date":"2025-02-07T16:36:02","date_gmt":"2025-02-07T09:36:02","guid":{"rendered":"https:\/\/tatco.vn\/vi\/?post_type=product&#038;p=27924"},"modified":"2025-02-08T13:12:21","modified_gmt":"2025-02-08T06:12:21","slug":"dau-xich-tai-castrol-viscogen-kl-15-20l","status":"publish","type":"product","link":"https:\/\/tatco.vn\/vi\/san-pham\/dau-xich-tai-castrol-viscogen-kl-15-20l\/","title":{"rendered":"D\u1ea7u X\u00edch T\u1ea3i Castrol VISCOGEN KL 15 20L"},"content":{"rendered":"<p><\/p>\n<h3>Viscogen KL: D\u1ea7u T\u1ed5ng H\u1ee3p B\u00f4i Tr\u01a1n X\u00edch T\u1ea3i \u1ede Nhi\u1ec7t \u0110\u1ed9 Cao<\/h3>\n<h4>M\u00f4 T\u1ea3<\/h4>\n<p style=\"text-align: justify\"><strong>Castrol Viscogen\u2122 KL<\/strong> l\u00e0 d\u00f2ng s\u1ea3n ph\u1ea9m t\u1ed5ng h\u1ee3p b\u1ec1n nhi\u1ec7t, \u0111\u01b0\u1ee3c thi\u1ebft k\u1ebf \u0111\u1ec3 b\u00f4i tr\u01a1n \u1edf nhi\u1ec7t \u0111\u1ed9 cao trong c\u00e1c \u0111i\u1ec1u ki\u1ec7n kh\u1eafc nghi\u1ec7t, n\u01a1i m\u00e0 d\u1ea7u g\u1ed1c kho\u00e1ng ho\u1eb7c d\u1ea7u t\u1ed5ng h\u1ee3p th\u00f4ng th\u01b0\u1eddng c\u00f3 th\u1ec3 g\u00e2y ra m\u00e0i m\u00f2n qu\u00e1 m\u1ee9c, h\u00f3a than v\u00e0 t\u1ea1o th\u00e0nh c\u1eb7n. T\u00f9y theo \u0111\u1ed9 nh\u1edbt, s\u1ea3n ph\u1ea9m n\u00e0y c\u00f3 th\u1ec3 \u0111\u01b0\u1ee3c d\u00f9ng \u1edf nhi\u1ec7t \u0111\u1ed9 l\u00ean \u0111\u1ebfn +240\u00b0C (+464\u00b0F). <strong>Viscogen KL<\/strong> \u0111\u01b0\u1ee3c ph\u00e1t tri\u1ec3n t\u1eeb c\u00e1c lo\u1ea1i d\u1ea7u g\u1ed1c c\u00f3 kh\u1ea3 n\u0103ng t\u1ea1o th\u00e0nh c\u00e1c m\u00e0ng d\u1ea7u b\u00f4i tr\u01a1n b\u00e1m d\u00ednh c\u1ef1c t\u1ed1t, trong su\u1ed1t v\u00e0 kh\u00f4ng m\u00e0u, k\u1ebft h\u1ee3p v\u1edbi h\u1ec7 ph\u1ee5 gia ch\u1ecbu t\u1ea3i v\u00e0 ch\u1ed1ng m\u00e0i m\u00f2n kh\u00f4ng ch\u1ee9a c\u00e1c ch\u1ea5t r\u1eafn, kim lo\u1ea1i ho\u1eb7c silicon.<\/p>\n<h4 style=\"text-align: justify\">C\u00f4ng D\u1ee5ng<\/h4>\n<p style=\"text-align: justify\"><strong>Viscogen KL<\/strong> c\u00f3 s\u1eb5n 6 \u0111\u1ed9 nh\u1edbt kh\u00e1c nhau, ph\u00f9 h\u1ee3p v\u1edbi c\u00e1c \u0111i\u1ec1u ki\u1ec7n m\u00f4i tr\u01b0\u1eddng v\u00e0 v\u1eadn h\u00e0nh kh\u00e1c nhau. Vi\u1ec7c l\u1ef1a ch\u1ecdn \u0111\u1ed9 nh\u1edbt t\u00f9y thu\u1ed9c v\u00e0o k\u00edch th\u01b0\u1edbc v\u00e0 h\u00ecnh d\u1ea1ng c\u1ee7a x\u00edch t\u1ea3i (v\u00ed d\u1ee5: x\u00edch l\u0103n, x\u00edch ch\u1ed1t, x\u00edch thang, x\u00edch t\u1eddi c\u00f3 m\u1eaft d\u1eb9t); \u0111\u1ed3ng th\u1eddi c\u1ea7n xem x\u00e9t \u0111\u1ebfn c\u00e1ch b\u00f4i tr\u01a1n, v\u00ed d\u1ee5 nh\u01b0 b\u00f4i tr\u01a1n th\u1ee7 c\u00f4ng, b\u00ecnh nh\u1ecf gi\u1ecdt, b\u00f4i tr\u01a1n trung t\u00e2m, b\u1ed3n d\u1ea7u ho\u1eb7c b\u00ecnh phun.<\/p>\n<p style=\"text-align: justify\">C\u00e1c \u1ee9ng d\u1ee5ng c\u00f4ng nghi\u1ec7p ph\u1ed5 bi\u1ebfn c\u1ee7a <strong>Viscogen KL<\/strong> g\u1ed3m:<\/p>\n<ul style=\"text-align: justify\">\n<li>C\u00e1c k\u1ec7 ch\u1ee9a h\u00e0ng cao<\/li>\n<li>M\u00e1y l\u00e0m b\u00e1nh<\/li>\n<li>D\u00e2y chuy\u1ec1n s\u01a1n<\/li>\n<li>X\u00edch b\u0103ng t\u1ea3i<\/li>\n<li>M\u00e1y c\u0103ng \u0111\u1ecbnh h\u00ecnh v\u1ea3i<\/li>\n<li>M\u00e1y r\u1eeda<\/li>\n<li>X\u00edch t\u1ea3i ng\u1ea7m<\/li>\n<li>N\u1ed3i h\u1ea5p<\/li>\n<li>M\u00e1y h\u1ed3 s\u1ee3i<\/li>\n<li>L\u00f2 n\u01b0\u1edbng<\/li>\n<li>\u0110\u01b0\u1eddng tr\u01b0\u1ee3t<\/li>\n<li>Thoi d\u1ec7t<\/li>\n<li>D\u00e2y c\u00e1p<\/li>\n<li>B\u00e1nh r\u0103ng h\u1edf<\/li>\n<li>D\u00e2y \u0111ai nh\u1ef1a c\u00f3 r\u0103ng<\/li>\n<li>M\u00e1y in offset<\/li>\n<\/ul>\n<p style=\"text-align: justify\"><strong>Viscogen KL 23<\/strong> \u0111\u1eb7c bi\u1ec7t th\u00edch h\u1ee3p cho m\u00e1y tr\u00e1ng m\u00e0ng BOPP (Biaxially Oriented Polypropylene).<\/p>\n<h4 style=\"text-align: justify\">L\u1ee3i \u0110i\u1ec3m<\/h4>\n<p style=\"text-align: justify\"><strong>Viscogen KL<\/strong> c\u00f3 nhi\u1ec1u \u01b0u \u0111i\u1ec3m so v\u1edbi c\u00e1c s\u1ea3n ph\u1ea9m d\u1ea7u b\u00f4i tr\u01a1n x\u00edch t\u1ea3i th\u00f4ng th\u01b0\u1eddng:<\/p>\n<ul>\n<li style=\"text-align: justify\"><strong>M\u1ee9c \u0110\u1ed9 Bay H\u01a1i Th\u1ea5p<\/strong>: \u00cdt t\u1ea1o c\u1eb7n v\u00e0 \u00edt kh\u00f3i \u1edf nhi\u1ec7t \u0111\u1ed9 cao, gi\u1ea3m y\u00eau c\u1ea7u b\u1ea3o d\u01b0\u1ee1ng, \u00edt hao nh\u1edbt v\u00e0 m\u00f4i tr\u01b0\u1eddng l\u00e0m vi\u1ec7c t\u1ed1t h\u01a1n.<\/li>\n<li style=\"text-align: justify\"><strong>Kh\u1ea3 N\u0103ng Ch\u1ecbu T\u1ea3i Tuy\u1ec7t V\u1eddi<\/strong>: Ho\u1ea1t \u0111\u1ed9ng t\u1ed1t d\u01b0\u1edbi t\u1ea3i tr\u1ecdng c\u01a1 h\u1ecdc kh\u1eafc nghi\u1ec7t v\u00e0 nhi\u1ec7t \u0111\u1ed9 cao, v\u1edbi \u0111\u1ed9 th\u1ea5m t\u1ed1t tr\u00ean x\u00edch v\u00e0 d\u00e2y c\u00e1p, k\u00e9o d\u00e0i tu\u1ed5i th\u1ecd c\u1ee7a x\u00edch v\u00e0 d\u00e2y c\u00e1p.<\/li>\n<li style=\"text-align: justify\"><strong>Kh\u00f4ng B\u1ecb Ch\u1ea3y<\/strong>: Ng\u0103n ch\u1ea3y ho\u1eb7c v\u0103ng \u1edf t\u1ed1c \u0111\u1ed9 cao ho\u1eb7c nhi\u1ec7t \u0111\u1ed9 cao, gi\u1ea3m hao nh\u1edbt.<\/li>\n<li style=\"text-align: justify\"><strong>Ch\u1ed1ng R\u1ec9 V\u00e0 Ch\u1ed1ng Oxi H\u00f3a<\/strong>: Kh\u00f4ng t\u1ea1o c\u1eb7n carbon, d\u1eabn \u0111\u1ebfn gi\u1ea3m b\u1ea3o d\u01b0\u1ee1ng v\u00e0 t\u0103ng tu\u1ed5i th\u1ecd c\u1ee7a x\u00edch t\u1ea3i.<\/li>\n<li>\n<h3>C\u00e1c \u0110\u1eb7c Tr\u01b0ng Ti\u00eau Bi\u1ec3u c\u1ee7a Viscogen KL<\/h3>\n<div>\n<div>\n<div class=\"table-responsive\">\n<table class=\"table table-striped\">\n<thead>\n<tr>\n<th>Ph\u01b0\u01a1ng Ph\u00e1p<\/th>\n<th>M\u00e0u S\u1eafc<\/th>\n<th>\u0110\u01a1n V\u1ecb<\/th>\n<th>KL 3<\/th>\n<th>KL 9<\/th>\n<th>KL 15<\/th>\n<th>KL 23<\/th>\n<th>KL 130<\/th>\n<th>KL 300<\/th>\n<\/tr>\n<\/thead>\n<tbody>\n<tr>\n<td>ASTM D1500<\/td>\n<td>M\u00e0u<\/td>\n<td>&#8211;<\/td>\n<td>Xanh l\u00e1 c\u00e2y<\/td>\n<td>Xanh l\u00e1 c\u00e2y<\/td>\n<td>Xanh l\u00e1 c\u00e2y<\/td>\n<td>Xanh l\u00e1 c\u00e2y<\/td>\n<td>Xanh l\u00e1 c\u00e2y<\/td>\n<td>Xanh l\u00e1 c\u00e2y<\/td>\n<\/tr>\n<tr>\n<td>D\u1ea7u g\u1ed1c<\/td>\n<td>&#8211;<\/td>\n<td>&#8211;<\/td>\n<td>T\u1ed5ng h\u1ee3p<\/td>\n<td>T\u1ed5ng h\u1ee3p<\/td>\n<td>T\u1ed5ng h\u1ee3p<\/td>\n<td>T\u1ed5ng h\u1ee3p<\/td>\n<td>T\u1ed5ng h\u1ee3p<\/td>\n<td>T\u1ed5ng h\u1ee3p<\/td>\n<\/tr>\n<tr>\n<td>ISO Viscosity Grade<\/td>\n<td>&#8211;<\/td>\n<td>&#8211;<\/td>\n<td>32<\/td>\n<td>100<\/td>\n<td>220<\/td>\n<td>&#8211;<\/td>\n<td>&#8211;<\/td>\n<td>&#8211;<\/td>\n<\/tr>\n<tr>\n<td>ISO 12185 \/ ASTM D4052<\/td>\n<td>Kh\u1ed1i l\u01b0\u1ee3ng ri\u00eang @15\u00b0C<\/td>\n<td>kg\/m\u00b3<\/td>\n<td>948<\/td>\n<td>964<\/td>\n<td>947<\/td>\n<td>950<\/td>\n<td>930<\/td>\n<td>920<\/td>\n<\/tr>\n<tr>\n<td>ISO 3104 \/ ASTM D445<\/td>\n<td>\u0110\u1ed9 nh\u1edbt \u0111\u1ed9ng h\u1ecdc @ 40\u00b0C\/104\u00b0F<\/td>\n<td>mm\u00b2\/s<\/td>\n<td>31<\/td>\n<td>99<\/td>\n<td>219<\/td>\n<td>249<\/td>\n<td>1400<\/td>\n<td>3500<\/td>\n<\/tr>\n<tr>\n<td>ISO 3104 \/ ASTM D445<\/td>\n<td>\u0110\u1ed9 nh\u1edbt \u0111\u1ed9ng h\u1ecdc @ 100\u00b0C\/212\u00b0F<\/td>\n<td>mm\u00b2\/s<\/td>\n<td>6<\/td>\n<td>12<\/td>\n<td>20<\/td>\n<td>23<\/td>\n<td>90<\/td>\n<td>190<\/td>\n<\/tr>\n<tr>\n<td>ISO 2592 \/ ASTM D92<\/td>\n<td>\u0110i\u1ec3m ch\u1edbp ch\u00e1y c\u1ed1c h\u1edf<\/td>\n<td>\u00b0C\/\u00b0F<\/td>\n<td>&gt;230\/450<\/td>\n<td>230\/450<\/td>\n<td>&gt;250\/480<\/td>\n<td>&gt;240\/465<\/td>\n<td>&gt;220\/430<\/td>\n<td>220\/430<\/td>\n<\/tr>\n<tr>\n<td>ISO 3016 \/ ASTM D97<\/td>\n<td>\u0110i\u1ec3m r\u00f3t ch\u1ea3y<\/td>\n<td>\u00b0C\/\u00b0F<\/td>\n<td>-60\/-76<\/td>\n<td>-51\/-60<\/td>\n<td>-39\/-38<\/td>\n<td>-39\/-38<\/td>\n<td>-27\/-17<\/td>\n<td>-12\/1<\/td>\n<\/tr>\n<tr>\n<td>ISO 2160 \/ ASTM D130<\/td>\n<td>\u0102n m\u00f2n \u0110\u1ed3ng (3 gi\u1edd @100\u00b0C\/212\u00b0F)<\/td>\n<td>\u0110\u00e1nh gi\u00e1<\/td>\n<td>1<\/td>\n<td>1<\/td>\n<td>1<\/td>\n<td>1<\/td>\n<td>1<\/td>\n<td>1<\/td>\n<\/tr>\n<tr>\n<td>DIN 51350-3B<\/td>\n<td>Th\u1eed t\u1ea3i 4 bi \u2013 \u0110\u01b0\u1eddng k\u00ednh v\u1ebft m\u00f2n (300N \/ 1 gi\u1edd)<\/td>\n<td>mm<\/td>\n<td>0.6<\/td>\n<td>0.5<\/td>\n<td>0.4<\/td>\n<td>0.4<\/td>\n<td>0.4<\/td>\n<td>0.4<\/td>\n<\/tr>\n<\/tbody>\n<\/table>\n<\/div>\n<div><\/div>\n<\/div>\n<\/div>\n<\/li>\n<\/ul>\n<p><\/p>","protected":false},"excerpt":{"rendered":"<p><strong>Castrol Viscogen\u2122 KL<\/strong> l\u00e0 d\u00f2ng s\u1ea3n ph\u1ea9m t\u1ed5ng h\u1ee3p b\u1ec1n nhi\u1ec7t, \u0111\u01b0\u1ee3c thi\u1ebft k\u1ebf \u0111\u1ec3 b\u00f4i tr\u01a1n \u1edf nhi\u1ec7t \u0111\u1ed9 cao trong c\u00e1c \u0111i\u1ec1u ki\u1ec7n kh\u1eafc nghi\u1ec7t, n\u01a1i m\u00e0 d\u1ea7u g\u1ed1c kho\u00e1ng ho\u1eb7c d\u1ea7u t\u1ed5ng h\u1ee3p th\u00f4ng th\u01b0\u1eddng c\u00f3 th\u1ec3 g\u00e2y ra m\u00e0i m\u00f2n qu\u00e1 m\u1ee9c, h\u00f3a than v\u00e0 t\u1ea1o th\u00e0nh c\u1eb7n. T\u00f9y theo \u0111\u1ed9 nh\u1edbt, s\u1ea3n ph\u1ea9m n\u00e0y c\u00f3 th\u1ec3 \u0111\u01b0\u1ee3c d\u00f9ng \u1edf nhi\u1ec7t \u0111\u1ed9 l\u00ean \u0111\u1ebfn +240\u00b0C (+464\u00b0F). <strong>Viscogen KL<\/strong> \u0111\u01b0\u1ee3c ph\u00e1t tri\u1ec3n t\u1eeb c\u00e1c lo\u1ea1i d\u1ea7u g\u1ed1c c\u00f3 kh\u1ea3 n\u0103ng t\u1ea1o th\u00e0nh c\u00e1c m\u00e0ng d\u1ea7u b\u00f4i tr\u01a1n b\u00e1m d\u00ednh c\u1ef1c t\u1ed1t, trong su\u1ed1t v\u00e0 kh\u00f4ng m\u00e0u, k\u1ebft h\u1ee3p v\u1edbi h\u1ec7 ph\u1ee5 gia ch\u1ecbu t\u1ea3i v\u00e0 ch\u1ed1ng m\u00e0i m\u00f2n kh\u00f4ng ch\u1ee9a c\u00e1c ch\u1ea5t r\u1eafn, kim lo\u1ea1i ho\u1eb7c silicon.<\/p>\n","protected":false},"featured_media":27593,"comment_status":"closed","ping_status":"closed","template":"","meta":[],"product_cat":[760,766,998],"product_tag":[1126,1131,1133,1132,1135,1128,1134,1127,1129,1130],"class_list":{"0":"post-27924","1":"product","2":"type-product","3":"status-publish","4":"has-post-thumbnail","6":"product_brand-castrol","7":"product_cat-dau-nhot-castrol","8":"product_cat-dau-xich-tai-castrol","9":"product_cat-dau-xich-tai-viscogen-kl","10":"product_tag-castrol-viscogen-kl","11":"product_tag-dau-boi-tron-chiu-tai-cao","12":"product_tag-dau-boi-tron-chong-oxi-hoa","13":"product_tag-dau-boi-tron-chong-ri-set","14":"product_tag-dau-boi-tron-may-trang-mang-bopp","15":"product_tag-dau-boi-tron-tong-hop","16":"product_tag-dau-boi-tron-xich-bang-tai","17":"product_tag-dau-boi-tron-xich-tai-nhiet-do-cao","18":"product_tag-dau-cong-nghiep","19":"product_tag-dau-xich-tai-bay-hoi-thap","21":"first","22":"instock","23":"shipping-taxable","24":"product-type-simple"},"yoast_head":"<!-- This site is optimized with the Yoast SEO plugin v27.2 - https:\/\/yoast.com\/product\/yoast-seo-wordpress\/ -->\n<title>D\u1ea7u X\u00edch T\u1ea3i Castrol VISCOGEN KL 15 20L - C\u00f4ng Ty TNHH D\u1ea7u Nh\u1eddn T&amp;T Vi\u1ec7t Nam<\/title>\n<meta name=\"robots\" content=\"index, follow, max-snippet:-1, max-image-preview:large, max-video-preview:-1\" \/>\n<link rel=\"canonical\" href=\"https:\/\/tatco.vn\/en\/san-pham\/dau-xich-tai-castrol-viscogen-kl-15-20l\/\" \/>\n<meta property=\"og:locale\" content=\"vi_VN\" \/>\n<meta property=\"og:type\" content=\"article\" \/>\n<meta property=\"og:title\" content=\"D\u1ea7u X\u00edch T\u1ea3i Castrol VISCOGEN KL 15 20L - C\u00f4ng Ty TNHH D\u1ea7u Nh\u1eddn T&amp;T Vi\u1ec7t Nam\" \/>\n<meta property=\"og:url\" content=\"https:\/\/tatco.vn\/en\/san-pham\/dau-xich-tai-castrol-viscogen-kl-15-20l\/\" \/>\n<meta property=\"og:site_name\" content=\"C\u00f4ng Ty TNHH D\u1ea7u Nh\u1eddn T&amp;T Vi\u1ec7t Nam\" \/>\n<meta property=\"article:modified_time\" content=\"2025-02-08T06:12:21+00:00\" \/>\n<meta property=\"og:image\" content=\"https:\/\/tatco.vn\/wp-content\/uploads\/2022\/12\/Castrol-v5.png\" \/>\n\t<meta property=\"og:image:width\" content=\"750\" \/>\n\t<meta property=\"og:image:height\" content=\"1000\" \/>\n\t<meta property=\"og:image:type\" content=\"image\/png\" \/>\n<meta name=\"twitter:card\" content=\"summary_large_image\" \/>\n<meta name=\"twitter:label1\" content=\"\u01af\u1edbc t\u00ednh th\u1eddi gian \u0111\u1ecdc\" \/>\n\t<meta name=\"twitter:data1\" content=\"3 ph\u00fat\" \/>\n<script type=\"application\/ld+json\" class=\"yoast-schema-graph\">{\"@context\":\"https:\/\/schema.org\",\"@graph\":[{\"@type\":\"WebPage\",\"@id\":\"https:\/\/tatco.vn\/en\/san-pham\/dau-xich-tai-castrol-viscogen-kl-15-20l\/\",\"url\":\"https:\/\/tatco.vn\/en\/san-pham\/dau-xich-tai-castrol-viscogen-kl-15-20l\/\",\"name\":\"D\u1ea7u X\u00edch T\u1ea3i Castrol VISCOGEN KL 15 20L - C\u00f4ng Ty TNHH D\u1ea7u Nh\u1eddn T&amp;T Vi\u1ec7t Nam\",\"isPartOf\":{\"@id\":\"https:\/\/tatco.vn\/en\/#website\"},\"primaryImageOfPage\":{\"@id\":\"https:\/\/tatco.vn\/en\/san-pham\/dau-xich-tai-castrol-viscogen-kl-15-20l\/#primaryimage\"},\"image\":{\"@id\":\"https:\/\/tatco.vn\/en\/san-pham\/dau-xich-tai-castrol-viscogen-kl-15-20l\/#primaryimage\"},\"thumbnailUrl\":\"https:\/\/tatco.vn\/wp-content\/uploads\/2022\/12\/Castrol-v5.png\",\"datePublished\":\"2025-02-07T09:36:02+00:00\",\"dateModified\":\"2025-02-08T06:12:21+00:00\",\"breadcrumb\":{\"@id\":\"https:\/\/tatco.vn\/en\/san-pham\/dau-xich-tai-castrol-viscogen-kl-15-20l\/#breadcrumb\"},\"inLanguage\":\"vi\",\"potentialAction\":[{\"@type\":\"ReadAction\",\"target\":[\"https:\/\/tatco.vn\/en\/san-pham\/dau-xich-tai-castrol-viscogen-kl-15-20l\/\"]}]},{\"@type\":\"ImageObject\",\"inLanguage\":\"vi\",\"@id\":\"https:\/\/tatco.vn\/en\/san-pham\/dau-xich-tai-castrol-viscogen-kl-15-20l\/#primaryimage\",\"url\":\"https:\/\/tatco.vn\/wp-content\/uploads\/2022\/12\/Castrol-v5.png\",\"contentUrl\":\"https:\/\/tatco.vn\/wp-content\/uploads\/2022\/12\/Castrol-v5.png\",\"width\":750,\"height\":1000,\"caption\":\"Castrol Perfecto HT 5\"},{\"@type\":\"BreadcrumbList\",\"@id\":\"https:\/\/tatco.vn\/en\/san-pham\/dau-xich-tai-castrol-viscogen-kl-15-20l\/#breadcrumb\",\"itemListElement\":[{\"@type\":\"ListItem\",\"position\":1,\"name\":\"Home\",\"item\":\"https:\/\/tatco.vn\/\"},{\"@type\":\"ListItem\",\"position\":2,\"name\":\"C\u1eeda h\u00e0ng\",\"item\":\"https:\/\/tatco.vn\/en\/mua\/\"},{\"@type\":\"ListItem\",\"position\":3,\"name\":\"Castrol Viscogen\u2122 KL 20L\"}]},{\"@type\":\"WebSite\",\"@id\":\"https:\/\/tatco.vn\/en\/#website\",\"url\":\"https:\/\/tatco.vn\/en\/\",\"name\":\"C\u00f4ng Ty TNHH D\u1ea7u Nh\u1eddn T&amp;T Vi\u1ec7t Nam\",\"description\":\"Right Point - Right Time - Best Solution\",\"publisher\":{\"@id\":\"https:\/\/tatco.vn\/en\/#organization\"},\"potentialAction\":[{\"@type\":\"SearchAction\",\"target\":{\"@type\":\"EntryPoint\",\"urlTemplate\":\"https:\/\/tatco.vn\/en\/?s={search_term_string}\"},\"query-input\":{\"@type\":\"PropertyValueSpecification\",\"valueRequired\":true,\"valueName\":\"search_term_string\"}}],\"inLanguage\":\"vi\"},{\"@type\":\"Organization\",\"@id\":\"https:\/\/tatco.vn\/en\/#organization\",\"name\":\"C\u00f4ng Ty TNHH D\u1ea7u Nh\u1eddn T&T Vi\u1ec7t Nam\",\"url\":\"https:\/\/tatco.vn\/en\/\",\"logo\":{\"@type\":\"ImageObject\",\"inLanguage\":\"vi\",\"@id\":\"https:\/\/tatco.vn\/en\/#\/schema\/logo\/image\/\",\"url\":\"https:\/\/tatco.vn\/wp-content\/uploads\/2019\/05\/fav-ico.png\",\"contentUrl\":\"https:\/\/tatco.vn\/wp-content\/uploads\/2019\/05\/fav-ico.png\",\"width\":200,\"height\":200,\"caption\":\"C\u00f4ng Ty TNHH D\u1ea7u Nh\u1eddn T&T Vi\u1ec7t Nam\"},\"image\":{\"@id\":\"https:\/\/tatco.vn\/en\/#\/schema\/logo\/image\/\"}}]}<\/script>\n<!-- \/ Yoast SEO plugin. -->","yoast_head_json":{"title":"D\u1ea7u X\u00edch T\u1ea3i Castrol VISCOGEN KL 15 20L - C\u00f4ng Ty TNHH D\u1ea7u Nh\u1eddn T&amp;T Vi\u1ec7t Nam","robots":{"index":"index","follow":"follow","max-snippet":"max-snippet:-1","max-image-preview":"max-image-preview:large","max-video-preview":"max-video-preview:-1"},"canonical":"https:\/\/tatco.vn\/en\/san-pham\/dau-xich-tai-castrol-viscogen-kl-15-20l\/","og_locale":"vi_VN","og_type":"article","og_title":"D\u1ea7u X\u00edch T\u1ea3i Castrol VISCOGEN KL 15 20L - C\u00f4ng Ty TNHH D\u1ea7u Nh\u1eddn T&amp;T Vi\u1ec7t Nam","og_url":"https:\/\/tatco.vn\/en\/san-pham\/dau-xich-tai-castrol-viscogen-kl-15-20l\/","og_site_name":"C\u00f4ng Ty TNHH D\u1ea7u Nh\u1eddn T&amp;T Vi\u1ec7t Nam","article_modified_time":"2025-02-08T06:12:21+00:00","og_image":[{"width":750,"height":1000,"url":"https:\/\/tatco.vn\/wp-content\/uploads\/2022\/12\/Castrol-v5.png","type":"image\/png"}],"twitter_card":"summary_large_image","twitter_misc":{"\u01af\u1edbc t\u00ednh th\u1eddi gian \u0111\u1ecdc":"3 ph\u00fat"},"schema":{"@context":"https:\/\/schema.org","@graph":[{"@type":"WebPage","@id":"https:\/\/tatco.vn\/en\/san-pham\/dau-xich-tai-castrol-viscogen-kl-15-20l\/","url":"https:\/\/tatco.vn\/en\/san-pham\/dau-xich-tai-castrol-viscogen-kl-15-20l\/","name":"D\u1ea7u X\u00edch T\u1ea3i Castrol VISCOGEN KL 15 20L - C\u00f4ng Ty TNHH D\u1ea7u Nh\u1eddn T&amp;T Vi\u1ec7t Nam","isPartOf":{"@id":"https:\/\/tatco.vn\/en\/#website"},"primaryImageOfPage":{"@id":"https:\/\/tatco.vn\/en\/san-pham\/dau-xich-tai-castrol-viscogen-kl-15-20l\/#primaryimage"},"image":{"@id":"https:\/\/tatco.vn\/en\/san-pham\/dau-xich-tai-castrol-viscogen-kl-15-20l\/#primaryimage"},"thumbnailUrl":"https:\/\/tatco.vn\/wp-content\/uploads\/2022\/12\/Castrol-v5.png","datePublished":"2025-02-07T09:36:02+00:00","dateModified":"2025-02-08T06:12:21+00:00","breadcrumb":{"@id":"https:\/\/tatco.vn\/en\/san-pham\/dau-xich-tai-castrol-viscogen-kl-15-20l\/#breadcrumb"},"inLanguage":"vi","potentialAction":[{"@type":"ReadAction","target":["https:\/\/tatco.vn\/en\/san-pham\/dau-xich-tai-castrol-viscogen-kl-15-20l\/"]}]},{"@type":"ImageObject","inLanguage":"vi","@id":"https:\/\/tatco.vn\/en\/san-pham\/dau-xich-tai-castrol-viscogen-kl-15-20l\/#primaryimage","url":"https:\/\/tatco.vn\/wp-content\/uploads\/2022\/12\/Castrol-v5.png","contentUrl":"https:\/\/tatco.vn\/wp-content\/uploads\/2022\/12\/Castrol-v5.png","width":750,"height":1000,"caption":"Castrol Perfecto HT 5"},{"@type":"BreadcrumbList","@id":"https:\/\/tatco.vn\/en\/san-pham\/dau-xich-tai-castrol-viscogen-kl-15-20l\/#breadcrumb","itemListElement":[{"@type":"ListItem","position":1,"name":"Home","item":"https:\/\/tatco.vn\/"},{"@type":"ListItem","position":2,"name":"C\u1eeda h\u00e0ng","item":"https:\/\/tatco.vn\/en\/mua\/"},{"@type":"ListItem","position":3,"name":"Castrol Viscogen\u2122 KL 20L"}]},{"@type":"WebSite","@id":"https:\/\/tatco.vn\/en\/#website","url":"https:\/\/tatco.vn\/en\/","name":"C\u00f4ng Ty TNHH D\u1ea7u Nh\u1eddn T&amp;T Vi\u1ec7t Nam","description":"Right Point - Right Time - Best Solution","publisher":{"@id":"https:\/\/tatco.vn\/en\/#organization"},"potentialAction":[{"@type":"SearchAction","target":{"@type":"EntryPoint","urlTemplate":"https:\/\/tatco.vn\/en\/?s={search_term_string}"},"query-input":{"@type":"PropertyValueSpecification","valueRequired":true,"valueName":"search_term_string"}}],"inLanguage":"vi"},{"@type":"Organization","@id":"https:\/\/tatco.vn\/en\/#organization","name":"C\u00f4ng Ty TNHH D\u1ea7u Nh\u1eddn T&T Vi\u1ec7t Nam","url":"https:\/\/tatco.vn\/en\/","logo":{"@type":"ImageObject","inLanguage":"vi","@id":"https:\/\/tatco.vn\/en\/#\/schema\/logo\/image\/","url":"https:\/\/tatco.vn\/wp-content\/uploads\/2019\/05\/fav-ico.png","contentUrl":"https:\/\/tatco.vn\/wp-content\/uploads\/2019\/05\/fav-ico.png","width":200,"height":200,"caption":"C\u00f4ng Ty TNHH D\u1ea7u Nh\u1eddn T&T Vi\u1ec7t Nam"},"image":{"@id":"https:\/\/tatco.vn\/en\/#\/schema\/logo\/image\/"}}]}},"_links":{"self":[{"href":"https:\/\/tatco.vn\/vi\/wp-json\/wp\/v2\/product\/27924","targetHints":{"allow":["GET"]}}],"collection":[{"href":"https:\/\/tatco.vn\/vi\/wp-json\/wp\/v2\/product"}],"about":[{"href":"https:\/\/tatco.vn\/vi\/wp-json\/wp\/v2\/types\/product"}],"replies":[{"embeddable":true,"href":"https:\/\/tatco.vn\/vi\/wp-json\/wp\/v2\/comments?post=27924"}],"version-history":[{"count":0,"href":"https:\/\/tatco.vn\/vi\/wp-json\/wp\/v2\/product\/27924\/revisions"}],"wp:featuredmedia":[{"embeddable":true,"href":"https:\/\/tatco.vn\/vi\/wp-json\/wp\/v2\/media\/27593"}],"wp:attachment":[{"href":"https:\/\/tatco.vn\/vi\/wp-json\/wp\/v2\/media?parent=27924"}],"wp:term":[{"taxonomy":"product_cat","embeddable":true,"href":"https:\/\/tatco.vn\/vi\/wp-json\/wp\/v2\/product_cat?post=27924"},{"taxonomy":"product_tag","embeddable":true,"href":"https:\/\/tatco.vn\/vi\/wp-json\/wp\/v2\/product_tag?post=27924"}],"curies":[{"name":"wp","href":"https:\/\/api.w.org\/{rel}","templated":true}]}}