{"id":27913,"date":"2025-02-07T16:15:52","date_gmt":"2025-02-07T09:15:52","guid":{"rendered":"https:\/\/tatco.vn\/vi\/?post_type=product&#038;p=27913"},"modified":"2025-02-08T13:09:54","modified_gmt":"2025-02-08T06:09:54","slug":"dau-dong-co-castrol-vecton-15w-40-ci-4-e7","status":"publish","type":"product","link":"https:\/\/tatco.vn\/vi\/san-pham\/dau-dong-co-castrol-vecton-15w-40-ci-4-e7\/","title":{"rendered":"D\u1ea7u \u0110\u1ed9ng C\u01a1 Castrol VECTON 15W-40 CI-4\/E7"},"content":{"rendered":"<p><\/p>\n<h3>Vecton 15W-40 CI-4\/E7: K\u00e9o D\u00e0i Th\u1eddi Gian Thay D\u1ea7u Nh\u1edbt<\/h3>\n<p style=\"text-align: justify\"><strong>Castrol VECTON\u00ae 15W-40 CI-4\/E7<\/strong> l\u00e0 d\u1ea7u \u0111\u1ed9ng c\u01a1 diesel h\u1ea1ng n\u1eb7ng cao c\u1ea5p, \u0111\u01b0\u1ee3c \u0111\u1eb7c ch\u1ebf v\u1edbi d\u1ea7u g\u1ed1c c\u00f4ng ngh\u1ec7 t\u1ed5ng h\u1ee3p nh\u1eb1m k\u00e9o d\u00e0i th\u1eddi gian thay d\u1ea7u. S\u1ea3n ph\u1ea9m n\u00e0y ph\u00f9 h\u1ee3p v\u1edbi c\u00e1c lo\u1ea1i \u0111\u1ed9ng c\u01a1 diesel 4 k\u1ef3 cao t\u1ed1c v\u00e0 t\u01b0\u01a1ng th\u00edch v\u1edbi d\u1ea3i r\u1ed9ng c\u00e1c lo\u1ea1i nhi\u00ean li\u1ec7u diesel kh\u00e1c nhau, bao g\u1ed3m c\u1ea3 \u0111\u1ed9ng c\u01a1 diesel c\u00f3 g\u1eafn b\u1ed9 h\u1ed3i l\u01b0u kh\u00ed x\u1ea3 (EGR).<\/p>\n<h4 style=\"text-align: justify\">L\u1ee3i \u0110i\u1ec3m<\/h4>\n<p style=\"text-align: justify\"><strong>VECTON\u00ae 15W-40 CI-4\/E7<\/strong> v\u1edbi c\u00f4ng ngh\u1ec7 <strong>System Pro\u2122<\/strong> cung c\u1ea5p th\u00eam 45% hi\u1ec7u n\u0103ng l\u00e0m vi\u1ec7c c\u1ee7a d\u1ea7u nh\u1edbt \u0111\u1ed9ng c\u01a1 (*) trong vi\u1ec7c ch\u1ed1ng l\u1ea1i s\u1ef1 ph\u00e1 h\u1ee7y d\u1ea7u nh\u1edbt v\u00e0 ph\u00f9 h\u1ee3p \u0111\u1ec3 s\u1eed d\u1ee5ng \u1edf nhi\u1ec7t \u0111\u1ed9 cao, gi\u00fap b\u1ea1n y\u00ean t\u00e2m t\u1ed1i \u0111a h\u00f3a th\u1eddi gian thay d\u1ea7u nh\u1edbt \u0111\u1ed9ng c\u01a1. T\u1ea5t c\u1ea3 s\u1ea3n ph\u1ea9m Castrol VECTON\u00ae \u0111\u1ec1u \u0111\u01b0\u1ee3c ch\u1ee9ng nh\u1eadn trung h\u00f2a CO2 theo ti\u00eau chu\u1ea9n qu\u1ed1c t\u1ebf <strong>PAS2060<\/strong>.<\/p>\n<p style=\"text-align: justify\">Nh\u1eefng d\u00f2ng xe t\u1ea3i hi\u1ec7n \u0111\u1ea1i s\u1eed d\u1ee5ng c\u00f4ng ngh\u1ec7 m\u1edbi \u0111\u01b0\u1ee3c thi\u1ebft k\u1ebf c\u00f3 m\u00f4 men xo\u1eafn cao h\u01a1n 30%, d\u1eabn t\u1edbi \u0111\u1ed9ng c\u01a1 l\u00e0m vi\u1ec7c \u1edf nhi\u1ec7t \u0111\u1ed9 v\u00e0 \u00e1p su\u1ea5t cao h\u01a1n. Nh\u1eefng thay \u0111\u1ed5i n\u00e0y khi\u1ebfn d\u1ea7u nh\u1edbt \u0111\u1ed9ng c\u01a1 nhanh b\u1ecb bi\u1ebfn ch\u1ea5t v\u00e0 ph\u1ea3i r\u00fat ng\u1eafn \u0111\u1ecbnh k\u1ef3 thay d\u1ea7u. <strong>Castrol VECTON\u00ae 15W-40 CI-4\/E7<\/strong> v\u1edbi c\u00f4ng ngh\u1ec7 <strong>System Pro\u2122<\/strong> \u0111\u01b0\u1ee3c \u0111\u1eb7c ch\u1ebf gi\u00fap c\u1ea3i thi\u1ec7n t\u00ednh n\u0103ng l\u00e0m vi\u1ec7c c\u1ee7a d\u1ea7u nh\u1edbt, ch\u1ed1ng l\u1ea1i qu\u00e1 tr\u00ecnh d\u1ea7u nh\u1edbt b\u1ecb ph\u00e1 h\u1ee7y th\u00f4ng qua:<\/p>\n<ul style=\"text-align: justify\">\n<li>Ki\u1ec3m so\u00e1t qu\u00e1 tr\u00ecnh oxi h\u00f3a v\u00e0 qu\u00e1 tr\u00ecnh h\u00ecnh th\u00e0nh c\u1eb7n b\u00ean trong \u0111\u1ed9ng c\u01a1<\/li>\n<li>Trung h\u00f2a c\u00e1c axit c\u00f3 h\u1ea1i<\/li>\n<li>Duy tr\u00ec \u0111\u1ed9 nh\u1edbt<\/li>\n<\/ul>\n<p style=\"text-align: justify\">C\u00f4ng ngh\u1ec7 <strong>System Pro\u2122<\/strong> th\u00edch \u1ee9ng v\u1edbi \u0111i\u1ec1u ki\u1ec7n l\u00e0m vi\u1ec7c v\u1edbi nhi\u1ec7t \u0111\u1ed9 t\u0103ng cao, gi\u00fap ch\u1ed1ng l\u1ea1i s\u1ef1 suy gi\u1ea3m \u0111\u1ed9 nh\u1edbt c\u1ee7a d\u1ea7u nh\u1edbt d\u01b0\u1edbi t\u00e1c \u0111\u1ed9ng c\u1ee7a \u1ee9ng su\u1ea5t nhi\u1ec7t v\u00e0 c\u01a1 h\u1ecdc. T\u1ea5t c\u1ea3 nh\u1eefng \u0111i\u1ec1u n\u00e0y gi\u00fap b\u1ea1n t\u1ed1i \u0111a h\u00f3a th\u1eddi gian thay d\u1ea7u nh\u1edbt.<\/p>\n<p style=\"text-align: justify\">(*) So v\u1edbi ti\u00eau chu\u1ea9n API v\u00e0 ACEA, d\u1ef1a tr\u00ean c\u00e1c th\u1eed nghi\u1ec7m \u0111\u1ed1i v\u1edbi 81% d\u00e3y s\u1ea3n ph\u1ea9m VECTON \u0111\u01b0\u1ee3c b\u00e1n ra trong 12 th\u00e1ng t\u00ednh \u0111\u1ebfn th\u00e1ng 3 n\u0103m 2017.<\/p>\n<h4>C\u00e1c \u0110\u1eb7c Tr\u01b0ng Ti\u00eau Bi\u1ec3u<\/h4>\n<div>\n<div>\n<div class=\"table-responsive\">\n<table class=\"table table-striped\">\n<thead>\n<tr>\n<th>T\u00ean<\/th>\n<th>Ph\u01b0\u01a1ng Ph\u00e1p<\/th>\n<th>\u0110\u01a1n V\u1ecb<\/th>\n<th>Vecton 15W-40 CI-4\/E7<\/th>\n<\/tr>\n<\/thead>\n<tbody>\n<tr>\n<td>Kh\u1ed1i l\u01b0\u1ee3ng ri\u00eang @ 15\u00b0C<\/td>\n<td>ASTM D4052<\/td>\n<td>g\/ml<\/td>\n<td>0.878<\/td>\n<\/tr>\n<tr>\n<td>\u0110\u1ed9 nh\u1edbt \u0111\u1ed9ng h\u1ecdc @ 100\u00b0C<\/td>\n<td>ASTM D445<\/td>\n<td>mm\u00b2\/s<\/td>\n<td>14.8<\/td>\n<\/tr>\n<tr>\n<td>\u0110\u1ed9 nh\u1edbt kh\u1edfi \u0111\u1ed9ng l\u1ea1nh @ -20\u00b0C (15W)<\/td>\n<td>ASTM D5293<\/td>\n<td>mPa.s (cP)<\/td>\n<td>5500<\/td>\n<\/tr>\n<tr>\n<td>\u0110\u1ed9 nh\u1edbt \u0111\u1ed9ng h\u1ecdc @ 40\u00b0C<\/td>\n<td>ASTM D445<\/td>\n<td>mm\u00b2\/s<\/td>\n<td>110-139<\/td>\n<\/tr>\n<tr>\n<td>Ch\u1ec9 s\u1ed1 \u0111\u1ed9 nh\u1edbt<\/td>\n<td>ASTM D2270<\/td>\n<td>Kh\u00f4ng<\/td>\n<td>139<\/td>\n<\/tr>\n<tr>\n<td>Tro sun-ph\u00e1t<\/td>\n<td>ASTM D874<\/td>\n<td>% kl<\/td>\n<td>1.5<\/td>\n<\/tr>\n<tr>\n<td>\u0110\u1ed9 ki\u1ec1m t\u1ed5ng<\/td>\n<td>ASTM D2896<\/td>\n<td>mg KOH\/g<\/td>\n<td>12.3<\/td>\n<\/tr>\n<tr>\n<td>\u0110i\u1ec3m r\u00f3t ch\u1ea3y<\/td>\n<td>ASTM D97<\/td>\n<td>\u00b0C<\/td>\n<td>-42<\/td>\n<\/tr>\n<tr>\n<td>\u0110i\u1ec3m ch\u1edbp ch\u00e1y c\u1ed1c k\u00edn<\/td>\n<td>ASTM D93<\/td>\n<td>\u00b0C<\/td>\n<td>205<\/td>\n<\/tr>\n<\/tbody>\n<\/table>\n<\/div>\n<div><\/div>\n<\/div>\n<p><\/p>","protected":false},"excerpt":{"rendered":"<p><strong>Castrol VECTON\u00ae 15W-40 CI-4\/E7<\/strong> l\u00e0 d\u1ea7u \u0111\u1ed9ng c\u01a1 diesel h\u1ea1ng n\u1eb7ng cao c\u1ea5p, \u0111\u01b0\u1ee3c \u0111\u1eb7c ch\u1ebf v\u1edbi d\u1ea7u g\u1ed1c c\u00f4ng ngh\u1ec7 t\u1ed5ng h\u1ee3p nh\u1eb1m k\u00e9o d\u00e0i th\u1eddi gian thay d\u1ea7u. S\u1ea3n ph\u1ea9m n\u00e0y ph\u00f9 h\u1ee3p v\u1edbi c\u00e1c lo\u1ea1i \u0111\u1ed9ng c\u01a1 diesel 4 k\u1ef3 cao t\u1ed1c v\u00e0 t\u01b0\u01a1ng th\u00edch v\u1edbi d\u1ea3i r\u1ed9ng c\u00e1c lo\u1ea1i nhi\u00ean li\u1ec7u diesel kh\u00e1c nhau, bao g\u1ed3m c\u1ea3 \u0111\u1ed9ng c\u01a1 diesel c\u00f3 g\u1eafn b\u1ed9 h\u1ed3i l\u01b0u kh\u00ed x\u1ea3 (EGR).<\/p>\n","protected":false},"featured_media":27593,"comment_status":"closed","ping_status":"closed","template":"","meta":[],"product_cat":[787,997,760],"product_tag":[1116,1118,1108,1120,1121,1117,1122,1119,1115,1123],"class_list":{"0":"post-27913","1":"product","2":"type-product","3":"status-publish","4":"has-post-thumbnail","6":"product_brand-castrol","7":"product_cat-dau-dong-co-castrol","8":"product_cat-dau-dong-co-vecton","9":"product_cat-dau-nhot-castrol","10":"product_tag-castrol-vecton-15w-40-ci-4-e7","11":"product_tag-cong-nghe-system-pro","12":"product_tag-dau-dong-co-diesel-hang-nang","13":"product_tag-dau-nhot-chong-oxi-hoa","14":"product_tag-dau-nhot-duy-tri-do-nhot","15":"product_tag-dau-nhot-keo-dai-thoi-gian-thay","16":"product_tag-dau-nhot-trung-hoa-co2","17":"product_tag-dong-co-diesel-4-ky-cao-toc","18":"product_tag-dong-co-diesel-co-egr","19":"product_tag-hieu-nang-dau-nhot-dong-co","21":"first","22":"instock","23":"shipping-taxable","24":"product-type-simple"},"yoast_head":"<!-- This site is optimized with the Yoast SEO plugin v27.2 - https:\/\/yoast.com\/product\/yoast-seo-wordpress\/ -->\n<title>D\u1ea7u \u0110\u1ed9ng C\u01a1 Castrol VECTON 15W-40 CI-4\/E7 - C\u00f4ng Ty TNHH D\u1ea7u Nh\u1eddn T&amp;T Vi\u1ec7t Nam<\/title>\n<meta name=\"robots\" content=\"index, follow, max-snippet:-1, max-image-preview:large, max-video-preview:-1\" \/>\n<link rel=\"canonical\" href=\"https:\/\/tatco.vn\/vi\/san-pham\/dau-dong-co-castrol-vecton-15w-40-ci-4-e7\/\" \/>\n<meta property=\"og:locale\" content=\"vi_VN\" \/>\n<meta property=\"og:type\" content=\"article\" \/>\n<meta property=\"og:title\" content=\"D\u1ea7u \u0110\u1ed9ng C\u01a1 Castrol VECTON 15W-40 CI-4\/E7 - C\u00f4ng Ty TNHH D\u1ea7u Nh\u1eddn T&amp;T Vi\u1ec7t Nam\" \/>\n<meta property=\"og:url\" content=\"https:\/\/tatco.vn\/vi\/san-pham\/dau-dong-co-castrol-vecton-15w-40-ci-4-e7\/\" \/>\n<meta property=\"og:site_name\" content=\"C\u00f4ng Ty TNHH D\u1ea7u Nh\u1eddn T&amp;T Vi\u1ec7t Nam\" \/>\n<meta property=\"article:modified_time\" content=\"2025-02-08T06:09:54+00:00\" \/>\n<meta property=\"og:image\" content=\"https:\/\/tatco.vn\/wp-content\/uploads\/2022\/12\/Castrol-v5.png\" \/>\n\t<meta property=\"og:image:width\" content=\"750\" \/>\n\t<meta property=\"og:image:height\" content=\"1000\" \/>\n\t<meta property=\"og:image:type\" content=\"image\/png\" \/>\n<meta name=\"twitter:card\" content=\"summary_large_image\" \/>\n<meta name=\"twitter:label1\" content=\"\u01af\u1edbc t\u00ednh th\u1eddi gian \u0111\u1ecdc\" \/>\n\t<meta name=\"twitter:data1\" content=\"3 ph\u00fat\" \/>\n<script type=\"application\/ld+json\" class=\"yoast-schema-graph\">{\"@context\":\"https:\/\/schema.org\",\"@graph\":[{\"@type\":\"WebPage\",\"@id\":\"https:\/\/tatco.vn\/vi\/san-pham\/dau-dong-co-castrol-vecton-15w-40-ci-4-e7\/\",\"url\":\"https:\/\/tatco.vn\/vi\/san-pham\/dau-dong-co-castrol-vecton-15w-40-ci-4-e7\/\",\"name\":\"D\u1ea7u \u0110\u1ed9ng C\u01a1 Castrol VECTON 15W-40 CI-4\/E7 - C\u00f4ng Ty TNHH D\u1ea7u Nh\u1eddn T&amp;T Vi\u1ec7t Nam\",\"isPartOf\":{\"@id\":\"https:\/\/tatco.vn\/en\/#website\"},\"primaryImageOfPage\":{\"@id\":\"https:\/\/tatco.vn\/vi\/san-pham\/dau-dong-co-castrol-vecton-15w-40-ci-4-e7\/#primaryimage\"},\"image\":{\"@id\":\"https:\/\/tatco.vn\/vi\/san-pham\/dau-dong-co-castrol-vecton-15w-40-ci-4-e7\/#primaryimage\"},\"thumbnailUrl\":\"https:\/\/tatco.vn\/wp-content\/uploads\/2022\/12\/Castrol-v5.png\",\"datePublished\":\"2025-02-07T09:15:52+00:00\",\"dateModified\":\"2025-02-08T06:09:54+00:00\",\"breadcrumb\":{\"@id\":\"https:\/\/tatco.vn\/vi\/san-pham\/dau-dong-co-castrol-vecton-15w-40-ci-4-e7\/#breadcrumb\"},\"inLanguage\":\"vi\",\"potentialAction\":[{\"@type\":\"ReadAction\",\"target\":[\"https:\/\/tatco.vn\/vi\/san-pham\/dau-dong-co-castrol-vecton-15w-40-ci-4-e7\/\"]}]},{\"@type\":\"ImageObject\",\"inLanguage\":\"vi\",\"@id\":\"https:\/\/tatco.vn\/vi\/san-pham\/dau-dong-co-castrol-vecton-15w-40-ci-4-e7\/#primaryimage\",\"url\":\"https:\/\/tatco.vn\/wp-content\/uploads\/2022\/12\/Castrol-v5.png\",\"contentUrl\":\"https:\/\/tatco.vn\/wp-content\/uploads\/2022\/12\/Castrol-v5.png\",\"width\":750,\"height\":1000,\"caption\":\"Castrol Perfecto HT 5\"},{\"@type\":\"BreadcrumbList\",\"@id\":\"https:\/\/tatco.vn\/vi\/san-pham\/dau-dong-co-castrol-vecton-15w-40-ci-4-e7\/#breadcrumb\",\"itemListElement\":[{\"@type\":\"ListItem\",\"position\":1,\"name\":\"Home\",\"item\":\"https:\/\/tatco.vn\/\"},{\"@type\":\"ListItem\",\"position\":2,\"name\":\"C\u1eeda h\u00e0ng\",\"item\":\"https:\/\/tatco.vn\/en\/mua\/\"},{\"@type\":\"ListItem\",\"position\":3,\"name\":\"D\u1ea7u \u0110\u1ed9ng C\u01a1 Castrol VECTON 15W-40 CI-4\/E7\"}]},{\"@type\":\"WebSite\",\"@id\":\"https:\/\/tatco.vn\/en\/#website\",\"url\":\"https:\/\/tatco.vn\/en\/\",\"name\":\"C\u00f4ng Ty TNHH D\u1ea7u Nh\u1eddn T&amp;T Vi\u1ec7t Nam\",\"description\":\"Right Point - Right Time - Best Solution\",\"publisher\":{\"@id\":\"https:\/\/tatco.vn\/en\/#organization\"},\"potentialAction\":[{\"@type\":\"SearchAction\",\"target\":{\"@type\":\"EntryPoint\",\"urlTemplate\":\"https:\/\/tatco.vn\/en\/?s={search_term_string}\"},\"query-input\":{\"@type\":\"PropertyValueSpecification\",\"valueRequired\":true,\"valueName\":\"search_term_string\"}}],\"inLanguage\":\"vi\"},{\"@type\":\"Organization\",\"@id\":\"https:\/\/tatco.vn\/en\/#organization\",\"name\":\"C\u00f4ng Ty TNHH D\u1ea7u Nh\u1eddn T&T Vi\u1ec7t Nam\",\"url\":\"https:\/\/tatco.vn\/en\/\",\"logo\":{\"@type\":\"ImageObject\",\"inLanguage\":\"vi\",\"@id\":\"https:\/\/tatco.vn\/en\/#\/schema\/logo\/image\/\",\"url\":\"https:\/\/tatco.vn\/wp-content\/uploads\/2019\/05\/fav-ico.png\",\"contentUrl\":\"https:\/\/tatco.vn\/wp-content\/uploads\/2019\/05\/fav-ico.png\",\"width\":200,\"height\":200,\"caption\":\"C\u00f4ng Ty TNHH D\u1ea7u Nh\u1eddn T&T Vi\u1ec7t Nam\"},\"image\":{\"@id\":\"https:\/\/tatco.vn\/en\/#\/schema\/logo\/image\/\"}}]}<\/script>\n<!-- \/ Yoast SEO plugin. -->","yoast_head_json":{"title":"D\u1ea7u \u0110\u1ed9ng C\u01a1 Castrol VECTON 15W-40 CI-4\/E7 - C\u00f4ng Ty TNHH D\u1ea7u Nh\u1eddn T&amp;T Vi\u1ec7t Nam","robots":{"index":"index","follow":"follow","max-snippet":"max-snippet:-1","max-image-preview":"max-image-preview:large","max-video-preview":"max-video-preview:-1"},"canonical":"https:\/\/tatco.vn\/vi\/san-pham\/dau-dong-co-castrol-vecton-15w-40-ci-4-e7\/","og_locale":"vi_VN","og_type":"article","og_title":"D\u1ea7u \u0110\u1ed9ng C\u01a1 Castrol VECTON 15W-40 CI-4\/E7 - C\u00f4ng Ty TNHH D\u1ea7u Nh\u1eddn T&amp;T Vi\u1ec7t Nam","og_url":"https:\/\/tatco.vn\/vi\/san-pham\/dau-dong-co-castrol-vecton-15w-40-ci-4-e7\/","og_site_name":"C\u00f4ng Ty TNHH D\u1ea7u Nh\u1eddn T&amp;T Vi\u1ec7t Nam","article_modified_time":"2025-02-08T06:09:54+00:00","og_image":[{"width":750,"height":1000,"url":"https:\/\/tatco.vn\/wp-content\/uploads\/2022\/12\/Castrol-v5.png","type":"image\/png"}],"twitter_card":"summary_large_image","twitter_misc":{"\u01af\u1edbc t\u00ednh th\u1eddi gian \u0111\u1ecdc":"3 ph\u00fat"},"schema":{"@context":"https:\/\/schema.org","@graph":[{"@type":"WebPage","@id":"https:\/\/tatco.vn\/vi\/san-pham\/dau-dong-co-castrol-vecton-15w-40-ci-4-e7\/","url":"https:\/\/tatco.vn\/vi\/san-pham\/dau-dong-co-castrol-vecton-15w-40-ci-4-e7\/","name":"D\u1ea7u \u0110\u1ed9ng C\u01a1 Castrol VECTON 15W-40 CI-4\/E7 - C\u00f4ng Ty TNHH D\u1ea7u Nh\u1eddn T&amp;T Vi\u1ec7t Nam","isPartOf":{"@id":"https:\/\/tatco.vn\/en\/#website"},"primaryImageOfPage":{"@id":"https:\/\/tatco.vn\/vi\/san-pham\/dau-dong-co-castrol-vecton-15w-40-ci-4-e7\/#primaryimage"},"image":{"@id":"https:\/\/tatco.vn\/vi\/san-pham\/dau-dong-co-castrol-vecton-15w-40-ci-4-e7\/#primaryimage"},"thumbnailUrl":"https:\/\/tatco.vn\/wp-content\/uploads\/2022\/12\/Castrol-v5.png","datePublished":"2025-02-07T09:15:52+00:00","dateModified":"2025-02-08T06:09:54+00:00","breadcrumb":{"@id":"https:\/\/tatco.vn\/vi\/san-pham\/dau-dong-co-castrol-vecton-15w-40-ci-4-e7\/#breadcrumb"},"inLanguage":"vi","potentialAction":[{"@type":"ReadAction","target":["https:\/\/tatco.vn\/vi\/san-pham\/dau-dong-co-castrol-vecton-15w-40-ci-4-e7\/"]}]},{"@type":"ImageObject","inLanguage":"vi","@id":"https:\/\/tatco.vn\/vi\/san-pham\/dau-dong-co-castrol-vecton-15w-40-ci-4-e7\/#primaryimage","url":"https:\/\/tatco.vn\/wp-content\/uploads\/2022\/12\/Castrol-v5.png","contentUrl":"https:\/\/tatco.vn\/wp-content\/uploads\/2022\/12\/Castrol-v5.png","width":750,"height":1000,"caption":"Castrol Perfecto HT 5"},{"@type":"BreadcrumbList","@id":"https:\/\/tatco.vn\/vi\/san-pham\/dau-dong-co-castrol-vecton-15w-40-ci-4-e7\/#breadcrumb","itemListElement":[{"@type":"ListItem","position":1,"name":"Home","item":"https:\/\/tatco.vn\/"},{"@type":"ListItem","position":2,"name":"C\u1eeda h\u00e0ng","item":"https:\/\/tatco.vn\/en\/mua\/"},{"@type":"ListItem","position":3,"name":"D\u1ea7u \u0110\u1ed9ng C\u01a1 Castrol VECTON 15W-40 CI-4\/E7"}]},{"@type":"WebSite","@id":"https:\/\/tatco.vn\/en\/#website","url":"https:\/\/tatco.vn\/en\/","name":"C\u00f4ng Ty TNHH D\u1ea7u Nh\u1eddn T&amp;T Vi\u1ec7t Nam","description":"Right Point - Right Time - Best Solution","publisher":{"@id":"https:\/\/tatco.vn\/en\/#organization"},"potentialAction":[{"@type":"SearchAction","target":{"@type":"EntryPoint","urlTemplate":"https:\/\/tatco.vn\/en\/?s={search_term_string}"},"query-input":{"@type":"PropertyValueSpecification","valueRequired":true,"valueName":"search_term_string"}}],"inLanguage":"vi"},{"@type":"Organization","@id":"https:\/\/tatco.vn\/en\/#organization","name":"C\u00f4ng Ty TNHH D\u1ea7u Nh\u1eddn T&T Vi\u1ec7t Nam","url":"https:\/\/tatco.vn\/en\/","logo":{"@type":"ImageObject","inLanguage":"vi","@id":"https:\/\/tatco.vn\/en\/#\/schema\/logo\/image\/","url":"https:\/\/tatco.vn\/wp-content\/uploads\/2019\/05\/fav-ico.png","contentUrl":"https:\/\/tatco.vn\/wp-content\/uploads\/2019\/05\/fav-ico.png","width":200,"height":200,"caption":"C\u00f4ng Ty TNHH D\u1ea7u Nh\u1eddn T&T Vi\u1ec7t Nam"},"image":{"@id":"https:\/\/tatco.vn\/en\/#\/schema\/logo\/image\/"}}]}},"_links":{"self":[{"href":"https:\/\/tatco.vn\/vi\/wp-json\/wp\/v2\/product\/27913","targetHints":{"allow":["GET"]}}],"collection":[{"href":"https:\/\/tatco.vn\/vi\/wp-json\/wp\/v2\/product"}],"about":[{"href":"https:\/\/tatco.vn\/vi\/wp-json\/wp\/v2\/types\/product"}],"replies":[{"embeddable":true,"href":"https:\/\/tatco.vn\/vi\/wp-json\/wp\/v2\/comments?post=27913"}],"version-history":[{"count":0,"href":"https:\/\/tatco.vn\/vi\/wp-json\/wp\/v2\/product\/27913\/revisions"}],"wp:featuredmedia":[{"embeddable":true,"href":"https:\/\/tatco.vn\/vi\/wp-json\/wp\/v2\/media\/27593"}],"wp:attachment":[{"href":"https:\/\/tatco.vn\/vi\/wp-json\/wp\/v2\/media?parent=27913"}],"wp:term":[{"taxonomy":"product_cat","embeddable":true,"href":"https:\/\/tatco.vn\/vi\/wp-json\/wp\/v2\/product_cat?post=27913"},{"taxonomy":"product_tag","embeddable":true,"href":"https:\/\/tatco.vn\/vi\/wp-json\/wp\/v2\/product_tag?post=27913"}],"curies":[{"name":"wp","href":"https:\/\/api.w.org\/{rel}","templated":true}]}}