{"id":27911,"date":"2025-02-07T15:32:49","date_gmt":"2025-02-07T08:32:49","guid":{"rendered":"https:\/\/tatco.vn\/vi\/?post_type=product&#038;p=27911"},"modified":"2025-02-08T13:08:59","modified_gmt":"2025-02-08T06:08:59","slug":"dau-dong-co-castrol-crb-turbomax-20w-50-ci-4-209l","status":"publish","type":"product","link":"https:\/\/tatco.vn\/vi\/san-pham\/dau-dong-co-castrol-crb-turbomax-20w-50-ci-4-209l\/","title":{"rendered":"D\u1ea7u \u0110\u1ed9ng C\u01a1 Castrol CRB TURBOMAX 20W-50 CI-4 209L"},"content":{"rendered":"<p><\/p>\n<h3>Castrol CRB Turbomax 20W-50 CI-4: B\u1ea3o V\u1ec7 \u0110\u1ed9ng C\u01a1 B\u1ec1n H\u01a1n, S\u1ea1ch H\u01a1n<\/h3>\n<h4>M\u00f4 T\u1ea3<\/h4>\n<p style=\"text-align: justify\"><strong>Castrol CRB Turbomax 20W-50 CI-4<\/strong> l\u00e0 d\u1ea7u \u0111\u1ed9ng c\u01a1 diesel h\u1ea1ng n\u1eb7ng cao c\u1ea5p. \u0110\u01b0\u1ee3c thi\u1ebft k\u1ebf cho c\u00e1c \u0111\u1ed9ng c\u01a1 diesel cao t\u1ed1c 4 k\u1ef3, s\u1ea3n ph\u1ea9m n\u00e0y ph\u00f9 h\u1ee3p v\u1edbi nhi\u1ec1u lo\u1ea1i nhi\u00ean li\u1ec7u diesel kh\u00e1c nhau v\u00e0 t\u01b0\u01a1ng th\u00edch v\u1edbi c\u00e1c \u0111\u1ed9ng c\u01a1 c\u00f3 b\u1ed9 h\u1ed3i l\u01b0u kh\u00ed x\u1ea3 (EGR).<\/p>\n<h4 style=\"text-align: justify\">L\u1ee3i \u0110i\u1ec3m<\/h4>\n<p style=\"text-align: justify\">C\u00e1c ph\u01b0\u01a1ng ti\u1ec7n v\u1eadn t\u1ea3i lu\u00f4n l\u00e0m vi\u1ec7c trong \u0111i\u1ec1u ki\u1ec7n kh\u1eafc nghi\u1ec7t, khi\u1ebfn \u0111\u1ed9ng c\u01a1 d\u1ec5 b\u1ecb h\u01b0 h\u1ecfng b\u1ea5t k\u1ec3 xe m\u1edbi hay c\u0169. Trong qu\u00e1 tr\u00ecnh v\u1eadn h\u00e0nh, \u0111\u1ed9ng c\u01a1 ch\u1ecbu \u1ea3nh h\u01b0\u1edfng b\u1edfi nhi\u1ec7t, c\u1eb7n v\u00e0 m\u00e0i m\u00f2n, c\u00f3 th\u1ec3 ph\u00e1 h\u1ee7y c\u00e1c chi ti\u1ebft quan tr\u1ecdng b\u00ean trong. Nh\u1eefng y\u1ebfu t\u1ed1 n\u00e0y c\u00f3 m\u1ed1i quan h\u1ec7 m\u1eadt thi\u1ebft v\u00e0 t\u00e1c \u0111\u1ed9ng l\u1eabn nhau, d\u1eabn \u0111\u1ebfn h\u01b0 h\u1ecfng nghi\u00eam tr\u1ecdng qua th\u1eddi gian:<\/p>\n<ul style=\"text-align: justify\">\n<li><strong>Nhi\u1ec7t<\/strong>: Gia t\u0103ng nhi\u1ec7t \u0111\u1ed9 b\u00ean trong \u0111\u1ed9ng c\u01a1 g\u00e2y h\u00f3a \u0111\u1eb7c d\u1ea7u v\u00e0 h\u00ecnh th\u00e0nh c\u1eb7n b\u1ea9n.<\/li>\n<li><strong>C\u1eb7n<\/strong>: C\u1eb7n b\u1ea9n t\u00edch t\u1ee5 trong d\u1ea7u ho\u1eb7c tr\u00ean b\u1ec1 m\u1eb7t kim lo\u1ea1i g\u00e2y m\u00e0i m\u00f2n c\u00e1c chi ti\u1ebft m\u00e1y.<\/li>\n<li><strong>M\u00e0i M\u00f2n<\/strong>: M\u00e0i m\u00f2n g\u00e2y t\u0103ng ma s\u00e1t v\u00e0 nhi\u1ec7t \u0111\u1ed9, h\u00ecnh th\u00e0nh v\u00f2ng l\u1eb7p g\u00e2y h\u01b0 h\u1ecfng \u0111\u1ed9ng c\u01a1.<\/li>\n<\/ul>\n<p style=\"text-align: justify\"><strong>Castrol CRB Turbomax<\/strong> v\u1edbi C\u00f4ng ngh\u1ec7 si\u00eau b\u1ec1n, cung c\u1ea5p kh\u1ea3 n\u0103ng b\u1ea3o v\u1ec7 v\u01b0\u1ee3t tr\u1ed9i &#8211; <strong>3X Protection<\/strong>, ng\u0103n ch\u1eb7n ba y\u1ebfu t\u1ed1 g\u00e2y h\u01b0 h\u1ecfng, k\u00e9o d\u00e0i tu\u1ed5i th\u1ecd \u0111\u1ed9ng c\u01a1. <strong>3X Protection<\/strong>: B\u1ea3o v\u1ec7 kh\u1ecfi ba y\u1ebfu t\u1ed1 &#8211; Nhi\u1ec7t, c\u1eb7n v\u00e0 m\u00e0i m\u00f2n.<\/p>\n<h4>C\u00e1c \u0110\u1eb7c Tr\u01b0ng Ti\u00eau Bi\u1ec3u<\/h4>\n<div>\n<div>\n<div class=\"table-responsive\">\n<table class=\"table table-striped\">\n<thead>\n<tr>\n<th>T\u00ean<\/th>\n<th>Ph\u01b0\u01a1ng Ph\u00e1p<\/th>\n<th>\u0110\u01a1n V\u1ecb<\/th>\n<th>Castrol CRB Turbomax 20W-50 CI-4<\/th>\n<\/tr>\n<\/thead>\n<tbody>\n<tr>\n<td>Kh\u1ed1i l\u01b0\u1ee3ng ri\u00eang \u1edf 15\u00b0C<\/td>\n<td>ASTM D4052<\/td>\n<td>g\/ml<\/td>\n<td>0.880<\/td>\n<\/tr>\n<tr>\n<td>\u0110\u1ed9 nh\u1edbt \u0111\u1ed9ng h\u1ecdc @ 100\u00b0C<\/td>\n<td>ASTM D445<\/td>\n<td>mm\u00b2\/s<\/td>\n<td>20.5<\/td>\n<\/tr>\n<tr>\n<td>\u0110\u1ed9 nh\u1edbt kh\u1edfi \u0111\u1ed9ng l\u1ea1nh @ -15\u00b0C<\/td>\n<td>ASTM D5293<\/td>\n<td>mPa.s (cP)<\/td>\n<td>6100<\/td>\n<\/tr>\n<tr>\n<td>\u0110\u1ed9 nh\u1edbt \u0111\u1ed9ng h\u1ecdc @ 40\u00b0C<\/td>\n<td>ASTM D445<\/td>\n<td>mm\u00b2\/s<\/td>\n<td>133<\/td>\n<\/tr>\n<tr>\n<td>Ch\u1ec9 s\u1ed1 \u0111\u1ed9 nh\u1edbt<\/td>\n<td>ASTM D2270<\/td>\n<td>Kh\u00f4ng<\/td>\n<td>180<\/td>\n<\/tr>\n<tr>\n<td>Tro sun-ph\u00e1t<\/td>\n<td>ASTM D874<\/td>\n<td>% wt<\/td>\n<td>1.4<\/td>\n<\/tr>\n<tr>\n<td>\u0110\u1ed9 ki\u1ec1m t\u1ed5ng<\/td>\n<td>ASTM D2896<\/td>\n<td>mg KOH\/g<\/td>\n<td>10<\/td>\n<\/tr>\n<tr>\n<td>\u0110i\u1ec3m r\u00f3t ch\u1ea3y<\/td>\n<td>ASTM D97<\/td>\n<td>\u00b0C<\/td>\n<td>-39<\/td>\n<\/tr>\n<tr>\n<td>\u0110i\u1ec3m ch\u1edbp ch\u00e1y c\u1ed1c k\u00edn<\/td>\n<td>ASTM D93<\/td>\n<td>\u00b0C<\/td>\n<td>210<\/td>\n<\/tr>\n<\/tbody>\n<\/table>\n<\/div>\n<div><\/div>\n<\/div>\n<\/div>\n<p><\/p>","protected":false},"excerpt":{"rendered":"<p><strong>Castrol CRB Turbomax 20W-50 CI-4<\/strong> l\u00e0 d\u1ea7u \u0111\u1ed9ng c\u01a1 diesel h\u1ea1ng n\u1eb7ng cao c\u1ea5p. \u0110\u01b0\u1ee3c thi\u1ebft k\u1ebf cho c\u00e1c \u0111\u1ed9ng c\u01a1 diesel cao t\u1ed1c 4 k\u1ef3, s\u1ea3n ph\u1ea9m n\u00e0y ph\u00f9 h\u1ee3p v\u1edbi nhi\u1ec1u lo\u1ea1i nhi\u00ean li\u1ec7u diesel kh\u00e1c nhau v\u00e0 t\u01b0\u01a1ng th\u00edch v\u1edbi c\u00e1c \u0111\u1ed9ng c\u01a1 c\u00f3 b\u1ed9 h\u1ed3i l\u01b0u kh\u00ed x\u1ea3 (EGR).<\/p>\n","protected":false},"featured_media":27593,"comment_status":"closed","ping_status":"closed","template":"","meta":[],"product_cat":[787,995,760],"product_tag":[1109,1107,1110,1102,1113,1114,1112,1108,1111,1115],"class_list":{"0":"post-27911","1":"product","2":"type-product","3":"status-publish","4":"has-post-thumbnail","6":"product_brand-castrol","7":"product_cat-dau-dong-co-castrol","8":"product_cat-dau-dong-co-crb","9":"product_cat-dau-nhot-castrol","10":"product_tag-bao-ve-dong-co-3x-protection","11":"product_tag-castrol-crb-turbomax-20w-50-ci-4","12":"product_tag-dau-diesel-cao-cap","13":"product_tag-dau-dong-co-castrol","14":"product_tag-dau-dong-co-chong-can","15":"product_tag-dau-dong-co-chong-mai-mon","16":"product_tag-dau-dong-co-chong-nhiet","17":"product_tag-dau-dong-co-diesel-hang-nang","18":"product_tag-dong-co-diesel-cao-toc-4-ky","19":"product_tag-dong-co-diesel-co-egr","21":"first","22":"instock","23":"shipping-taxable","24":"product-type-simple"},"yoast_head":"<!-- This site is optimized with the Yoast SEO plugin v27.2 - https:\/\/yoast.com\/product\/yoast-seo-wordpress\/ -->\n<title>D\u1ea7u \u0110\u1ed9ng C\u01a1 Castrol CRB TURBOMAX 20W-50 CI-4 209L - C\u00f4ng Ty TNHH D\u1ea7u Nh\u1eddn T&amp;T Vi\u1ec7t Nam<\/title>\n<meta name=\"robots\" content=\"index, follow, max-snippet:-1, max-image-preview:large, max-video-preview:-1\" \/>\n<link rel=\"canonical\" href=\"https:\/\/tatco.vn\/en\/san-pham\/dau-dong-co-castrol-crb-turbomax-20w-50-ci-4-209l\/\" \/>\n<meta property=\"og:locale\" content=\"vi_VN\" \/>\n<meta property=\"og:type\" content=\"article\" \/>\n<meta property=\"og:title\" content=\"D\u1ea7u \u0110\u1ed9ng C\u01a1 Castrol CRB TURBOMAX 20W-50 CI-4 209L - C\u00f4ng Ty TNHH D\u1ea7u Nh\u1eddn T&amp;T Vi\u1ec7t Nam\" \/>\n<meta property=\"og:url\" content=\"https:\/\/tatco.vn\/en\/san-pham\/dau-dong-co-castrol-crb-turbomax-20w-50-ci-4-209l\/\" \/>\n<meta property=\"og:site_name\" content=\"C\u00f4ng Ty TNHH D\u1ea7u Nh\u1eddn T&amp;T Vi\u1ec7t Nam\" \/>\n<meta property=\"article:modified_time\" content=\"2025-02-08T06:08:59+00:00\" \/>\n<meta property=\"og:image\" content=\"https:\/\/tatco.vn\/wp-content\/uploads\/2022\/12\/Castrol-v5.png\" \/>\n\t<meta property=\"og:image:width\" content=\"750\" \/>\n\t<meta property=\"og:image:height\" content=\"1000\" \/>\n\t<meta property=\"og:image:type\" content=\"image\/png\" \/>\n<meta name=\"twitter:card\" content=\"summary_large_image\" \/>\n<meta name=\"twitter:label1\" content=\"\u01af\u1edbc t\u00ednh th\u1eddi gian \u0111\u1ecdc\" \/>\n\t<meta name=\"twitter:data1\" content=\"2 ph\u00fat\" \/>\n<script type=\"application\/ld+json\" class=\"yoast-schema-graph\">{\"@context\":\"https:\/\/schema.org\",\"@graph\":[{\"@type\":\"WebPage\",\"@id\":\"https:\/\/tatco.vn\/en\/san-pham\/dau-dong-co-castrol-crb-turbomax-20w-50-ci-4-209l\/\",\"url\":\"https:\/\/tatco.vn\/en\/san-pham\/dau-dong-co-castrol-crb-turbomax-20w-50-ci-4-209l\/\",\"name\":\"D\u1ea7u \u0110\u1ed9ng C\u01a1 Castrol CRB TURBOMAX 20W-50 CI-4 209L - C\u00f4ng Ty TNHH D\u1ea7u Nh\u1eddn T&amp;T Vi\u1ec7t Nam\",\"isPartOf\":{\"@id\":\"https:\/\/tatco.vn\/en\/#website\"},\"primaryImageOfPage\":{\"@id\":\"https:\/\/tatco.vn\/en\/san-pham\/dau-dong-co-castrol-crb-turbomax-20w-50-ci-4-209l\/#primaryimage\"},\"image\":{\"@id\":\"https:\/\/tatco.vn\/en\/san-pham\/dau-dong-co-castrol-crb-turbomax-20w-50-ci-4-209l\/#primaryimage\"},\"thumbnailUrl\":\"https:\/\/tatco.vn\/wp-content\/uploads\/2022\/12\/Castrol-v5.png\",\"datePublished\":\"2025-02-07T08:32:49+00:00\",\"dateModified\":\"2025-02-08T06:08:59+00:00\",\"breadcrumb\":{\"@id\":\"https:\/\/tatco.vn\/en\/san-pham\/dau-dong-co-castrol-crb-turbomax-20w-50-ci-4-209l\/#breadcrumb\"},\"inLanguage\":\"vi\",\"potentialAction\":[{\"@type\":\"ReadAction\",\"target\":[\"https:\/\/tatco.vn\/en\/san-pham\/dau-dong-co-castrol-crb-turbomax-20w-50-ci-4-209l\/\"]}]},{\"@type\":\"ImageObject\",\"inLanguage\":\"vi\",\"@id\":\"https:\/\/tatco.vn\/en\/san-pham\/dau-dong-co-castrol-crb-turbomax-20w-50-ci-4-209l\/#primaryimage\",\"url\":\"https:\/\/tatco.vn\/wp-content\/uploads\/2022\/12\/Castrol-v5.png\",\"contentUrl\":\"https:\/\/tatco.vn\/wp-content\/uploads\/2022\/12\/Castrol-v5.png\",\"width\":750,\"height\":1000,\"caption\":\"Castrol Perfecto HT 5\"},{\"@type\":\"BreadcrumbList\",\"@id\":\"https:\/\/tatco.vn\/en\/san-pham\/dau-dong-co-castrol-crb-turbomax-20w-50-ci-4-209l\/#breadcrumb\",\"itemListElement\":[{\"@type\":\"ListItem\",\"position\":1,\"name\":\"Home\",\"item\":\"https:\/\/tatco.vn\/\"},{\"@type\":\"ListItem\",\"position\":2,\"name\":\"C\u1eeda h\u00e0ng\",\"item\":\"https:\/\/tatco.vn\/en\/mua\/\"},{\"@type\":\"ListItem\",\"position\":3,\"name\":\"Castrol CRB Turbomax 20W-50 CI-4 209L\"}]},{\"@type\":\"WebSite\",\"@id\":\"https:\/\/tatco.vn\/en\/#website\",\"url\":\"https:\/\/tatco.vn\/en\/\",\"name\":\"C\u00f4ng Ty TNHH D\u1ea7u Nh\u1eddn T&amp;T Vi\u1ec7t Nam\",\"description\":\"Right Point - Right Time - Best Solution\",\"publisher\":{\"@id\":\"https:\/\/tatco.vn\/en\/#organization\"},\"potentialAction\":[{\"@type\":\"SearchAction\",\"target\":{\"@type\":\"EntryPoint\",\"urlTemplate\":\"https:\/\/tatco.vn\/en\/?s={search_term_string}\"},\"query-input\":{\"@type\":\"PropertyValueSpecification\",\"valueRequired\":true,\"valueName\":\"search_term_string\"}}],\"inLanguage\":\"vi\"},{\"@type\":\"Organization\",\"@id\":\"https:\/\/tatco.vn\/en\/#organization\",\"name\":\"C\u00f4ng Ty TNHH D\u1ea7u Nh\u1eddn T&T Vi\u1ec7t Nam\",\"url\":\"https:\/\/tatco.vn\/en\/\",\"logo\":{\"@type\":\"ImageObject\",\"inLanguage\":\"vi\",\"@id\":\"https:\/\/tatco.vn\/en\/#\/schema\/logo\/image\/\",\"url\":\"https:\/\/tatco.vn\/wp-content\/uploads\/2019\/05\/fav-ico.png\",\"contentUrl\":\"https:\/\/tatco.vn\/wp-content\/uploads\/2019\/05\/fav-ico.png\",\"width\":200,\"height\":200,\"caption\":\"C\u00f4ng Ty TNHH D\u1ea7u Nh\u1eddn T&T Vi\u1ec7t Nam\"},\"image\":{\"@id\":\"https:\/\/tatco.vn\/en\/#\/schema\/logo\/image\/\"}}]}<\/script>\n<!-- \/ Yoast SEO plugin. -->","yoast_head_json":{"title":"D\u1ea7u \u0110\u1ed9ng C\u01a1 Castrol CRB TURBOMAX 20W-50 CI-4 209L - C\u00f4ng Ty TNHH D\u1ea7u Nh\u1eddn T&amp;T Vi\u1ec7t Nam","robots":{"index":"index","follow":"follow","max-snippet":"max-snippet:-1","max-image-preview":"max-image-preview:large","max-video-preview":"max-video-preview:-1"},"canonical":"https:\/\/tatco.vn\/en\/san-pham\/dau-dong-co-castrol-crb-turbomax-20w-50-ci-4-209l\/","og_locale":"vi_VN","og_type":"article","og_title":"D\u1ea7u \u0110\u1ed9ng C\u01a1 Castrol CRB TURBOMAX 20W-50 CI-4 209L - C\u00f4ng Ty TNHH D\u1ea7u Nh\u1eddn T&amp;T Vi\u1ec7t Nam","og_url":"https:\/\/tatco.vn\/en\/san-pham\/dau-dong-co-castrol-crb-turbomax-20w-50-ci-4-209l\/","og_site_name":"C\u00f4ng Ty TNHH D\u1ea7u Nh\u1eddn T&amp;T Vi\u1ec7t Nam","article_modified_time":"2025-02-08T06:08:59+00:00","og_image":[{"width":750,"height":1000,"url":"https:\/\/tatco.vn\/wp-content\/uploads\/2022\/12\/Castrol-v5.png","type":"image\/png"}],"twitter_card":"summary_large_image","twitter_misc":{"\u01af\u1edbc t\u00ednh th\u1eddi gian \u0111\u1ecdc":"2 ph\u00fat"},"schema":{"@context":"https:\/\/schema.org","@graph":[{"@type":"WebPage","@id":"https:\/\/tatco.vn\/en\/san-pham\/dau-dong-co-castrol-crb-turbomax-20w-50-ci-4-209l\/","url":"https:\/\/tatco.vn\/en\/san-pham\/dau-dong-co-castrol-crb-turbomax-20w-50-ci-4-209l\/","name":"D\u1ea7u \u0110\u1ed9ng C\u01a1 Castrol CRB TURBOMAX 20W-50 CI-4 209L - C\u00f4ng Ty TNHH D\u1ea7u Nh\u1eddn T&amp;T Vi\u1ec7t Nam","isPartOf":{"@id":"https:\/\/tatco.vn\/en\/#website"},"primaryImageOfPage":{"@id":"https:\/\/tatco.vn\/en\/san-pham\/dau-dong-co-castrol-crb-turbomax-20w-50-ci-4-209l\/#primaryimage"},"image":{"@id":"https:\/\/tatco.vn\/en\/san-pham\/dau-dong-co-castrol-crb-turbomax-20w-50-ci-4-209l\/#primaryimage"},"thumbnailUrl":"https:\/\/tatco.vn\/wp-content\/uploads\/2022\/12\/Castrol-v5.png","datePublished":"2025-02-07T08:32:49+00:00","dateModified":"2025-02-08T06:08:59+00:00","breadcrumb":{"@id":"https:\/\/tatco.vn\/en\/san-pham\/dau-dong-co-castrol-crb-turbomax-20w-50-ci-4-209l\/#breadcrumb"},"inLanguage":"vi","potentialAction":[{"@type":"ReadAction","target":["https:\/\/tatco.vn\/en\/san-pham\/dau-dong-co-castrol-crb-turbomax-20w-50-ci-4-209l\/"]}]},{"@type":"ImageObject","inLanguage":"vi","@id":"https:\/\/tatco.vn\/en\/san-pham\/dau-dong-co-castrol-crb-turbomax-20w-50-ci-4-209l\/#primaryimage","url":"https:\/\/tatco.vn\/wp-content\/uploads\/2022\/12\/Castrol-v5.png","contentUrl":"https:\/\/tatco.vn\/wp-content\/uploads\/2022\/12\/Castrol-v5.png","width":750,"height":1000,"caption":"Castrol Perfecto HT 5"},{"@type":"BreadcrumbList","@id":"https:\/\/tatco.vn\/en\/san-pham\/dau-dong-co-castrol-crb-turbomax-20w-50-ci-4-209l\/#breadcrumb","itemListElement":[{"@type":"ListItem","position":1,"name":"Home","item":"https:\/\/tatco.vn\/"},{"@type":"ListItem","position":2,"name":"C\u1eeda h\u00e0ng","item":"https:\/\/tatco.vn\/en\/mua\/"},{"@type":"ListItem","position":3,"name":"Castrol CRB Turbomax 20W-50 CI-4 209L"}]},{"@type":"WebSite","@id":"https:\/\/tatco.vn\/en\/#website","url":"https:\/\/tatco.vn\/en\/","name":"C\u00f4ng Ty TNHH D\u1ea7u Nh\u1eddn T&amp;T Vi\u1ec7t Nam","description":"Right Point - Right Time - Best Solution","publisher":{"@id":"https:\/\/tatco.vn\/en\/#organization"},"potentialAction":[{"@type":"SearchAction","target":{"@type":"EntryPoint","urlTemplate":"https:\/\/tatco.vn\/en\/?s={search_term_string}"},"query-input":{"@type":"PropertyValueSpecification","valueRequired":true,"valueName":"search_term_string"}}],"inLanguage":"vi"},{"@type":"Organization","@id":"https:\/\/tatco.vn\/en\/#organization","name":"C\u00f4ng Ty TNHH D\u1ea7u Nh\u1eddn T&T Vi\u1ec7t Nam","url":"https:\/\/tatco.vn\/en\/","logo":{"@type":"ImageObject","inLanguage":"vi","@id":"https:\/\/tatco.vn\/en\/#\/schema\/logo\/image\/","url":"https:\/\/tatco.vn\/wp-content\/uploads\/2019\/05\/fav-ico.png","contentUrl":"https:\/\/tatco.vn\/wp-content\/uploads\/2019\/05\/fav-ico.png","width":200,"height":200,"caption":"C\u00f4ng Ty TNHH D\u1ea7u Nh\u1eddn T&T Vi\u1ec7t Nam"},"image":{"@id":"https:\/\/tatco.vn\/en\/#\/schema\/logo\/image\/"}}]}},"_links":{"self":[{"href":"https:\/\/tatco.vn\/vi\/wp-json\/wp\/v2\/product\/27911","targetHints":{"allow":["GET"]}}],"collection":[{"href":"https:\/\/tatco.vn\/vi\/wp-json\/wp\/v2\/product"}],"about":[{"href":"https:\/\/tatco.vn\/vi\/wp-json\/wp\/v2\/types\/product"}],"replies":[{"embeddable":true,"href":"https:\/\/tatco.vn\/vi\/wp-json\/wp\/v2\/comments?post=27911"}],"version-history":[{"count":0,"href":"https:\/\/tatco.vn\/vi\/wp-json\/wp\/v2\/product\/27911\/revisions"}],"wp:featuredmedia":[{"embeddable":true,"href":"https:\/\/tatco.vn\/vi\/wp-json\/wp\/v2\/media\/27593"}],"wp:attachment":[{"href":"https:\/\/tatco.vn\/vi\/wp-json\/wp\/v2\/media?parent=27911"}],"wp:term":[{"taxonomy":"product_cat","embeddable":true,"href":"https:\/\/tatco.vn\/vi\/wp-json\/wp\/v2\/product_cat?post=27911"},{"taxonomy":"product_tag","embeddable":true,"href":"https:\/\/tatco.vn\/vi\/wp-json\/wp\/v2\/product_tag?post=27911"}],"curies":[{"name":"wp","href":"https:\/\/api.w.org\/{rel}","templated":true}]}}