{"id":27901,"date":"2025-02-07T13:24:15","date_gmt":"2025-02-07T06:24:15","guid":{"rendered":"https:\/\/tatco.vn\/vi\/?post_type=product&#038;p=27901"},"modified":"2025-02-08T13:04:33","modified_gmt":"2025-02-08T06:04:33","slug":"dau-dong-co-castrol-crb-20w-50-cf-4","status":"publish","type":"product","link":"https:\/\/tatco.vn\/vi\/san-pham\/dau-dong-co-castrol-crb-20w-50-cf-4\/","title":{"rendered":"D\u1ea7u \u0110\u1ed9ng C\u01a1 Castrol CRB 20W-50 CF-4"},"content":{"rendered":"<p><\/p>\n<h3>CRB 20W-50 CF-4: B\u1ea3o \u0110\u1ea3m \u0110\u1ed9ng C\u01a1 S\u1ed1ng L\u00e2u V\u00e0 Kh\u1ecfe M\u1ea1nh<\/h3>\n<p style=\"text-align: justify\"><strong>Castrol CRB 20W-50 CF-4<\/strong> l\u00e0 d\u1ea7u \u0111\u1ed9ng c\u01a1 diesel \u0111a d\u1ee5ng, ch\u1ecbu t\u1ea3i n\u1eb7ng. \u0110\u01b0\u1ee3c thi\u1ebft k\u1ebf \u0111\u1ec3 s\u1eed d\u1ee5ng trong c\u00e1c \u0111\u1ed9ng c\u01a1 diesel h\u00fat kh\u00ed t\u1ef1 nhi\u00ean, t\u0103ng \u00e1p ho\u1eb7c si\u00eau n\u1ea1p, n\u00f3 t\u01b0\u01a1ng th\u00edch v\u1edbi nhi\u1ec1u lo\u1ea1i nhi\u00ean li\u1ec7u kh\u00e1c nhau.<\/p>\n<h4 style=\"text-align: justify\">L\u1ee3i \u00cdch<\/h4>\n<p style=\"text-align: justify\">Trong su\u1ed1t qu\u00e1 tr\u00ecnh ho\u1ea1t \u0111\u1ed9ng, \u0111\u1ed9ng c\u01a1 c\u1ee7a b\u1ea1n s\u1ebd g\u1eb7p ph\u1ea3i nh\u1eefng th\u00e1ch th\u1ee9c t\u1eeb c\u00e1c s\u1ea3n ph\u1ea9m ph\u1ee5 c\u1ee7a qu\u00e1 tr\u00ecnh \u0111\u1ed1t ch\u00e1y c\u00f3 th\u1ec3 g\u00e2y ra c\u1eb7n b\u00e1m v\u00e0 l\u00e0m \u0111\u1eb7c d\u1ea7u. <strong>Castrol CRB 20W-50 CF-4<\/strong> gi\u1ea3i quy\u1ebft nh\u1eefng v\u1ea5n \u0111\u1ec1 n\u00e0y b\u1eb1ng hai c\u00e1ch ch\u00ednh:<\/p>\n<ol style=\"text-align: justify\" start=\"1\">\n<li><strong>Ch\u1ea5t T\u1ea9y R\u1eeda<\/strong>: Gi\u00fap \u0111\u00e1nh b\u1eadt c\u00e1c h\u1ea1t c\u00f3 th\u1ec3 t\u00edch t\u1ee5 tr\u00ean b\u1ec1 m\u1eb7t \u0111\u1ed9ng c\u01a1, gi\u1ea3m thi\u1ec3u s\u1ef1 l\u1eafng \u0111\u1ecdng.<\/li>\n<li><strong>Ch\u1ea5t Ch\u1ed1ng Oxi H\u00f3a<\/strong>: C\u1ea3n tr\u1edf c\u00e1c ph\u1ea3n \u1ee9ng h\u00f3a h\u1ecdc c\u00f3 th\u1ec3 d\u1eabn \u0111\u1ebfn vi\u1ec7c l\u00e0m \u0111\u1eb7c d\u1ea7u.<\/li>\n<\/ol>\n<p style=\"text-align: justify\"><strong>Castrol CRB 20W-50 CF-4<\/strong> cung c\u1ea5p s\u1ef1 b\u1ea3o v\u1ec7 cho nhi\u1ec1u \u1ee9ng d\u1ee5ng, th\u00fac \u0111\u1ea9y tu\u1ed5i th\u1ecd v\u00e0 s\u1ee9c kho\u1ebb c\u1ee7a \u0111\u1ed9ng c\u01a1.<\/p>\n<h4>\u0110\u1eb7c T\u00ednh \u0110i\u1ec3n H\u00ecnh<\/h4>\n<div>\n<div>\n<div class=\"table-responsive\">\n<table class=\"table table-striped\">\n<thead>\n<tr>\n<th>T\u00ean<\/th>\n<th>Ph\u01b0\u01a1ng Ph\u00e1p<\/th>\n<th>\u0110\u01a1n V\u1ecb<\/th>\n<th>CRB 20W-50 CF-4<\/th>\n<\/tr>\n<\/thead>\n<tbody>\n<tr>\n<td>M\u1eadt \u0111\u1ed9 @ 15\u00b0C<\/td>\n<td>ASTM D4052<\/td>\n<td>g\/ml<\/td>\n<td>0.879<\/td>\n<\/tr>\n<tr>\n<td>\u0110\u1ed9 nh\u1edbt, \u0111\u1ed9ng h\u1ecdc 100\u00b0C<\/td>\n<td>ASTM D445<\/td>\n<td>mm\u00b2\/s<\/td>\n<td>18.5<\/td>\n<\/tr>\n<tr>\n<td>\u0110\u1ed9 nh\u1edbt, CCS -15\u00b0C (20W)<\/td>\n<td>ASTM D5293<\/td>\n<td>mPa.s (cP)<\/td>\n<td>7300<\/td>\n<\/tr>\n<tr>\n<td>\u0110\u1ed9 nh\u1edbt, \u0111\u1ed9ng h\u1ecdc 40\u00b0C<\/td>\n<td>ASTM D445<\/td>\n<td>mm\u00b2\/s<\/td>\n<td>167<\/td>\n<\/tr>\n<tr>\n<td>Ch\u1ec9 s\u1ed1 \u0111\u1ed9 nh\u1edbt<\/td>\n<td>ASTM D2270<\/td>\n<td>Kh\u00f4ng<\/td>\n<td>124<\/td>\n<\/tr>\n<tr>\n<td>Tro, Sulfated<\/td>\n<td>ASTM D874<\/td>\n<td>% wt<\/td>\n<td>0.8<\/td>\n<\/tr>\n<tr>\n<td>T\u1ed5ng s\u1ed1 baz\u01a1, TBN<\/td>\n<td>ASTM D2896<\/td>\n<td>mg KOH\/g<\/td>\n<td>6.1<\/td>\n<\/tr>\n<tr>\n<td>\u0110i\u1ec3m \u0111\u00f4ng \u0111\u1eb7c<\/td>\n<td>ASTM D97<\/td>\n<td>\u00b0C<\/td>\n<td>-36<\/td>\n<\/tr>\n<tr>\n<td>\u0110i\u1ec3m ch\u00e1y, PMCC<\/td>\n<td>ASTM D93<\/td>\n<td>\u00b0C<\/td>\n<td>220<\/td>\n<\/tr>\n<\/tbody>\n<\/table>\n<\/div>\n<div><\/div>\n<\/div>\n<\/div>\n<p><\/p>","protected":false},"excerpt":{"rendered":"<p><strong>Castrol CRB 20W-50 CF-4<\/strong> l\u00e0 d\u1ea7u \u0111\u1ed9ng c\u01a1 diesel \u0111a d\u1ee5ng, ch\u1ecbu t\u1ea3i n\u1eb7ng. \u0110\u01b0\u1ee3c thi\u1ebft k\u1ebf \u0111\u1ec3 s\u1eed d\u1ee5ng trong c\u00e1c \u0111\u1ed9ng c\u01a1 diesel h\u00fat kh\u00ed t\u1ef1 nhi\u00ean, t\u0103ng \u00e1p ho\u1eb7c si\u00eau n\u1ea1p, n\u00f3 t\u01b0\u01a1ng th\u00edch v\u1edbi nhi\u1ec1u lo\u1ea1i nhi\u00ean li\u1ec7u kh\u00e1c nhau.<\/p>\n","protected":false},"featured_media":27593,"comment_status":"closed","ping_status":"closed","template":"","meta":[],"product_cat":[787,995,760],"product_tag":[1094,1093,1099,1092,1095,1096,1090,1098,1097,1091],"class_list":{"0":"post-27901","1":"product","2":"type-product","3":"status-publish","4":"has-post-thumbnail","6":"product_brand-castrol","7":"product_cat-dau-dong-co-castrol","8":"product_cat-dau-dong-co-crb","9":"product_cat-dau-nhot-castrol","10":"product_tag-bao-ve-khoi-san-pham-phu-cua-qua-trinh-dot-chay","11":"product_tag-bao-ve-tuoi-tho-dong-co","12":"product_tag-castrol-crb-20w-50-cf-4","13":"product_tag-dau-diesel-da-dung","14":"product_tag-dau-dong-co-chong-oxi-hoa","15":"product_tag-dau-dong-co-co-chat-tay-rua","16":"product_tag-dau-dong-co-diesel-chiu-tai-nang","17":"product_tag-dau-dong-co-sieu-nap","18":"product_tag-dau-dong-co-tang-ap","19":"product_tag-loi-ich-cua-dau-dong-co-diesel","21":"first","22":"instock","23":"shipping-taxable","24":"product-type-simple"},"yoast_head":"<!-- This site is optimized with the Yoast SEO plugin v27.2 - https:\/\/yoast.com\/product\/yoast-seo-wordpress\/ -->\n<title>D\u1ea7u \u0110\u1ed9ng C\u01a1 Castrol CRB 20W-50 CF-4 - C\u00f4ng Ty TNHH D\u1ea7u Nh\u1eddn T&amp;T Vi\u1ec7t Nam<\/title>\n<meta name=\"robots\" content=\"index, follow, max-snippet:-1, max-image-preview:large, max-video-preview:-1\" \/>\n<link rel=\"canonical\" href=\"https:\/\/tatco.vn\/en\/san-pham\/dau-dong-co-castrol-crb-20w-50-cf-4\/\" \/>\n<meta property=\"og:locale\" content=\"vi_VN\" \/>\n<meta property=\"og:type\" content=\"article\" \/>\n<meta property=\"og:title\" content=\"D\u1ea7u \u0110\u1ed9ng C\u01a1 Castrol CRB 20W-50 CF-4 - C\u00f4ng Ty TNHH D\u1ea7u Nh\u1eddn T&amp;T Vi\u1ec7t Nam\" \/>\n<meta property=\"og:url\" content=\"https:\/\/tatco.vn\/en\/san-pham\/dau-dong-co-castrol-crb-20w-50-cf-4\/\" \/>\n<meta property=\"og:site_name\" content=\"C\u00f4ng Ty TNHH D\u1ea7u Nh\u1eddn T&amp;T Vi\u1ec7t Nam\" \/>\n<meta property=\"article:modified_time\" content=\"2025-02-08T06:04:33+00:00\" \/>\n<meta property=\"og:image\" content=\"https:\/\/tatco.vn\/wp-content\/uploads\/2022\/12\/Castrol-v5.png\" \/>\n\t<meta property=\"og:image:width\" content=\"750\" \/>\n\t<meta property=\"og:image:height\" content=\"1000\" \/>\n\t<meta property=\"og:image:type\" content=\"image\/png\" \/>\n<meta name=\"twitter:card\" content=\"summary_large_image\" \/>\n<meta name=\"twitter:label1\" content=\"\u01af\u1edbc t\u00ednh th\u1eddi gian \u0111\u1ecdc\" \/>\n\t<meta name=\"twitter:data1\" content=\"2 ph\u00fat\" \/>\n<script type=\"application\/ld+json\" class=\"yoast-schema-graph\">{\"@context\":\"https:\/\/schema.org\",\"@graph\":[{\"@type\":\"WebPage\",\"@id\":\"https:\/\/tatco.vn\/en\/san-pham\/dau-dong-co-castrol-crb-20w-50-cf-4\/\",\"url\":\"https:\/\/tatco.vn\/en\/san-pham\/dau-dong-co-castrol-crb-20w-50-cf-4\/\",\"name\":\"D\u1ea7u \u0110\u1ed9ng C\u01a1 Castrol CRB 20W-50 CF-4 - C\u00f4ng Ty TNHH D\u1ea7u Nh\u1eddn T&amp;T Vi\u1ec7t Nam\",\"isPartOf\":{\"@id\":\"https:\/\/tatco.vn\/en\/#website\"},\"primaryImageOfPage\":{\"@id\":\"https:\/\/tatco.vn\/en\/san-pham\/dau-dong-co-castrol-crb-20w-50-cf-4\/#primaryimage\"},\"image\":{\"@id\":\"https:\/\/tatco.vn\/en\/san-pham\/dau-dong-co-castrol-crb-20w-50-cf-4\/#primaryimage\"},\"thumbnailUrl\":\"https:\/\/tatco.vn\/wp-content\/uploads\/2022\/12\/Castrol-v5.png\",\"datePublished\":\"2025-02-07T06:24:15+00:00\",\"dateModified\":\"2025-02-08T06:04:33+00:00\",\"breadcrumb\":{\"@id\":\"https:\/\/tatco.vn\/en\/san-pham\/dau-dong-co-castrol-crb-20w-50-cf-4\/#breadcrumb\"},\"inLanguage\":\"vi\",\"potentialAction\":[{\"@type\":\"ReadAction\",\"target\":[\"https:\/\/tatco.vn\/en\/san-pham\/dau-dong-co-castrol-crb-20w-50-cf-4\/\"]}]},{\"@type\":\"ImageObject\",\"inLanguage\":\"vi\",\"@id\":\"https:\/\/tatco.vn\/en\/san-pham\/dau-dong-co-castrol-crb-20w-50-cf-4\/#primaryimage\",\"url\":\"https:\/\/tatco.vn\/wp-content\/uploads\/2022\/12\/Castrol-v5.png\",\"contentUrl\":\"https:\/\/tatco.vn\/wp-content\/uploads\/2022\/12\/Castrol-v5.png\",\"width\":750,\"height\":1000,\"caption\":\"Castrol Perfecto HT 5\"},{\"@type\":\"BreadcrumbList\",\"@id\":\"https:\/\/tatco.vn\/en\/san-pham\/dau-dong-co-castrol-crb-20w-50-cf-4\/#breadcrumb\",\"itemListElement\":[{\"@type\":\"ListItem\",\"position\":1,\"name\":\"Home\",\"item\":\"https:\/\/tatco.vn\/\"},{\"@type\":\"ListItem\",\"position\":2,\"name\":\"C\u1eeda h\u00e0ng\",\"item\":\"https:\/\/tatco.vn\/en\/mua\/\"},{\"@type\":\"ListItem\",\"position\":3,\"name\":\"Castrol CRB 20W-50 CF-4\"}]},{\"@type\":\"WebSite\",\"@id\":\"https:\/\/tatco.vn\/en\/#website\",\"url\":\"https:\/\/tatco.vn\/en\/\",\"name\":\"C\u00f4ng Ty TNHH D\u1ea7u Nh\u1eddn T&amp;T Vi\u1ec7t Nam\",\"description\":\"Right Point - Right Time - Best Solution\",\"publisher\":{\"@id\":\"https:\/\/tatco.vn\/en\/#organization\"},\"potentialAction\":[{\"@type\":\"SearchAction\",\"target\":{\"@type\":\"EntryPoint\",\"urlTemplate\":\"https:\/\/tatco.vn\/en\/?s={search_term_string}\"},\"query-input\":{\"@type\":\"PropertyValueSpecification\",\"valueRequired\":true,\"valueName\":\"search_term_string\"}}],\"inLanguage\":\"vi\"},{\"@type\":\"Organization\",\"@id\":\"https:\/\/tatco.vn\/en\/#organization\",\"name\":\"C\u00f4ng Ty TNHH D\u1ea7u Nh\u1eddn T&T Vi\u1ec7t Nam\",\"url\":\"https:\/\/tatco.vn\/en\/\",\"logo\":{\"@type\":\"ImageObject\",\"inLanguage\":\"vi\",\"@id\":\"https:\/\/tatco.vn\/en\/#\/schema\/logo\/image\/\",\"url\":\"https:\/\/tatco.vn\/wp-content\/uploads\/2019\/05\/fav-ico.png\",\"contentUrl\":\"https:\/\/tatco.vn\/wp-content\/uploads\/2019\/05\/fav-ico.png\",\"width\":200,\"height\":200,\"caption\":\"C\u00f4ng Ty TNHH D\u1ea7u Nh\u1eddn T&T Vi\u1ec7t Nam\"},\"image\":{\"@id\":\"https:\/\/tatco.vn\/en\/#\/schema\/logo\/image\/\"}}]}<\/script>\n<!-- \/ Yoast SEO plugin. -->","yoast_head_json":{"title":"D\u1ea7u \u0110\u1ed9ng C\u01a1 Castrol CRB 20W-50 CF-4 - C\u00f4ng Ty TNHH D\u1ea7u Nh\u1eddn T&amp;T Vi\u1ec7t Nam","robots":{"index":"index","follow":"follow","max-snippet":"max-snippet:-1","max-image-preview":"max-image-preview:large","max-video-preview":"max-video-preview:-1"},"canonical":"https:\/\/tatco.vn\/en\/san-pham\/dau-dong-co-castrol-crb-20w-50-cf-4\/","og_locale":"vi_VN","og_type":"article","og_title":"D\u1ea7u \u0110\u1ed9ng C\u01a1 Castrol CRB 20W-50 CF-4 - C\u00f4ng Ty TNHH D\u1ea7u Nh\u1eddn T&amp;T Vi\u1ec7t Nam","og_url":"https:\/\/tatco.vn\/en\/san-pham\/dau-dong-co-castrol-crb-20w-50-cf-4\/","og_site_name":"C\u00f4ng Ty TNHH D\u1ea7u Nh\u1eddn T&amp;T Vi\u1ec7t Nam","article_modified_time":"2025-02-08T06:04:33+00:00","og_image":[{"width":750,"height":1000,"url":"https:\/\/tatco.vn\/wp-content\/uploads\/2022\/12\/Castrol-v5.png","type":"image\/png"}],"twitter_card":"summary_large_image","twitter_misc":{"\u01af\u1edbc t\u00ednh th\u1eddi gian \u0111\u1ecdc":"2 ph\u00fat"},"schema":{"@context":"https:\/\/schema.org","@graph":[{"@type":"WebPage","@id":"https:\/\/tatco.vn\/en\/san-pham\/dau-dong-co-castrol-crb-20w-50-cf-4\/","url":"https:\/\/tatco.vn\/en\/san-pham\/dau-dong-co-castrol-crb-20w-50-cf-4\/","name":"D\u1ea7u \u0110\u1ed9ng C\u01a1 Castrol CRB 20W-50 CF-4 - C\u00f4ng Ty TNHH D\u1ea7u Nh\u1eddn T&amp;T Vi\u1ec7t Nam","isPartOf":{"@id":"https:\/\/tatco.vn\/en\/#website"},"primaryImageOfPage":{"@id":"https:\/\/tatco.vn\/en\/san-pham\/dau-dong-co-castrol-crb-20w-50-cf-4\/#primaryimage"},"image":{"@id":"https:\/\/tatco.vn\/en\/san-pham\/dau-dong-co-castrol-crb-20w-50-cf-4\/#primaryimage"},"thumbnailUrl":"https:\/\/tatco.vn\/wp-content\/uploads\/2022\/12\/Castrol-v5.png","datePublished":"2025-02-07T06:24:15+00:00","dateModified":"2025-02-08T06:04:33+00:00","breadcrumb":{"@id":"https:\/\/tatco.vn\/en\/san-pham\/dau-dong-co-castrol-crb-20w-50-cf-4\/#breadcrumb"},"inLanguage":"vi","potentialAction":[{"@type":"ReadAction","target":["https:\/\/tatco.vn\/en\/san-pham\/dau-dong-co-castrol-crb-20w-50-cf-4\/"]}]},{"@type":"ImageObject","inLanguage":"vi","@id":"https:\/\/tatco.vn\/en\/san-pham\/dau-dong-co-castrol-crb-20w-50-cf-4\/#primaryimage","url":"https:\/\/tatco.vn\/wp-content\/uploads\/2022\/12\/Castrol-v5.png","contentUrl":"https:\/\/tatco.vn\/wp-content\/uploads\/2022\/12\/Castrol-v5.png","width":750,"height":1000,"caption":"Castrol Perfecto HT 5"},{"@type":"BreadcrumbList","@id":"https:\/\/tatco.vn\/en\/san-pham\/dau-dong-co-castrol-crb-20w-50-cf-4\/#breadcrumb","itemListElement":[{"@type":"ListItem","position":1,"name":"Home","item":"https:\/\/tatco.vn\/"},{"@type":"ListItem","position":2,"name":"C\u1eeda h\u00e0ng","item":"https:\/\/tatco.vn\/en\/mua\/"},{"@type":"ListItem","position":3,"name":"Castrol CRB 20W-50 CF-4"}]},{"@type":"WebSite","@id":"https:\/\/tatco.vn\/en\/#website","url":"https:\/\/tatco.vn\/en\/","name":"C\u00f4ng Ty TNHH D\u1ea7u Nh\u1eddn T&amp;T Vi\u1ec7t Nam","description":"Right Point - Right Time - Best Solution","publisher":{"@id":"https:\/\/tatco.vn\/en\/#organization"},"potentialAction":[{"@type":"SearchAction","target":{"@type":"EntryPoint","urlTemplate":"https:\/\/tatco.vn\/en\/?s={search_term_string}"},"query-input":{"@type":"PropertyValueSpecification","valueRequired":true,"valueName":"search_term_string"}}],"inLanguage":"vi"},{"@type":"Organization","@id":"https:\/\/tatco.vn\/en\/#organization","name":"C\u00f4ng Ty TNHH D\u1ea7u Nh\u1eddn T&T Vi\u1ec7t Nam","url":"https:\/\/tatco.vn\/en\/","logo":{"@type":"ImageObject","inLanguage":"vi","@id":"https:\/\/tatco.vn\/en\/#\/schema\/logo\/image\/","url":"https:\/\/tatco.vn\/wp-content\/uploads\/2019\/05\/fav-ico.png","contentUrl":"https:\/\/tatco.vn\/wp-content\/uploads\/2019\/05\/fav-ico.png","width":200,"height":200,"caption":"C\u00f4ng Ty TNHH D\u1ea7u Nh\u1eddn T&T Vi\u1ec7t Nam"},"image":{"@id":"https:\/\/tatco.vn\/en\/#\/schema\/logo\/image\/"}}]}},"_links":{"self":[{"href":"https:\/\/tatco.vn\/vi\/wp-json\/wp\/v2\/product\/27901","targetHints":{"allow":["GET"]}}],"collection":[{"href":"https:\/\/tatco.vn\/vi\/wp-json\/wp\/v2\/product"}],"about":[{"href":"https:\/\/tatco.vn\/vi\/wp-json\/wp\/v2\/types\/product"}],"replies":[{"embeddable":true,"href":"https:\/\/tatco.vn\/vi\/wp-json\/wp\/v2\/comments?post=27901"}],"version-history":[{"count":0,"href":"https:\/\/tatco.vn\/vi\/wp-json\/wp\/v2\/product\/27901\/revisions"}],"wp:featuredmedia":[{"embeddable":true,"href":"https:\/\/tatco.vn\/vi\/wp-json\/wp\/v2\/media\/27593"}],"wp:attachment":[{"href":"https:\/\/tatco.vn\/vi\/wp-json\/wp\/v2\/media?parent=27901"}],"wp:term":[{"taxonomy":"product_cat","embeddable":true,"href":"https:\/\/tatco.vn\/vi\/wp-json\/wp\/v2\/product_cat?post=27901"},{"taxonomy":"product_tag","embeddable":true,"href":"https:\/\/tatco.vn\/vi\/wp-json\/wp\/v2\/product_tag?post=27901"}],"curies":[{"name":"wp","href":"https:\/\/api.w.org\/{rel}","templated":true}]}}