{"id":27893,"date":"2025-02-05T18:18:04","date_gmt":"2025-02-05T11:18:04","guid":{"rendered":"https:\/\/tatco.vn\/vi\/?post_type=product&#038;p=27893"},"modified":"2025-02-08T12:54:45","modified_gmt":"2025-02-08T05:54:45","slug":"mo-cong-nghiep-castrol-spheerol-cv-performance-180kg","status":"publish","type":"product","link":"https:\/\/tatco.vn\/vi\/san-pham\/mo-cong-nghiep-castrol-spheerol-cv-performance-180kg\/","title":{"rendered":"M\u1ee1 C\u00f4ng Nghi\u1ec7p Castrol SPHEEROL CV PERFORMANCE 180KG"},"content":{"rendered":"<p><strong>Spheerol\u2122 CV Performance &#8211; Automotive Wheel Bearing Grease<\/strong><\/p>\n<p style=\"text-align: justify\"><strong>M\u00f4 t\u1ea3 s\u1ea3n ph\u1ea9m Castrol Spheerol\u2122 CV Performance<\/strong> l\u00e0 m\u1ee1 b\u00f4i tr\u01a1n ch\u1ea5t l\u01b0\u1ee3ng cao \u0111\u01b0\u1ee3c ph\u00e1t tri\u1ec3n ch\u1ee7 y\u1ebfu cho m\u00f4i tr\u01b0\u1eddng v\u1eadn t\u1ea3i kh\u1eafc nghi\u1ec7t. M\u1ee1 d\u1ea1ng gel n\u00e0y \u0111\u01b0\u1ee3c pha ch\u1ebf v\u1edbi s\u1ef1 k\u1ebft h\u1ee3p c\u1ee7a d\u1ea7u g\u1ed1c, c\u00f4ng ngh\u1ec7 ch\u1ea5t l\u00e0m \u0111\u1eb7c lithium ph\u1ee9c h\u1ee3p \u0111\u1eb7c bi\u1ec7t v\u00e0 c\u00e1c ph\u1ee5 gia hi\u1ec7u su\u1ea5t cao.<\/p>\n<p style=\"text-align: justify\"><strong>\u1ee8ng d\u1ee5ng<\/strong> Spheerol CV Performance th\u1ec3 hi\u1ec7n m\u1ee9c \u0111\u1ed9 \u1ed5n \u0111\u1ecbnh c\u01a1 h\u1ecdc v\u00e0 nhi\u1ec7t tuy\u1ec7t v\u1eddi, khi\u1ebfn n\u00f3 \u0111\u1eb7c bi\u1ec7t ph\u00f9 h\u1ee3p cho vi\u1ec7c s\u1eed d\u1ee5ng trong c\u00e1c \u1ed5 bi b\u00e1nh xe c\u1ee7a \u00f4 t\u00f4, xe bu\u00fdt, thi\u1ebft b\u1ecb n\u00f4ng nghi\u1ec7p, ph\u01b0\u01a1ng ti\u1ec7n th\u01b0\u01a1ng m\u1ea1i tr\u00ean \u0111\u01b0\u1eddng cao t\u1ed1c v\u00e0 ngo\u00e0i \u0111\u01b0\u1eddng cao t\u1ed1c, bao g\u1ed3m c\u1ea3 xe t\u1ea3i \u0111a tr\u1ee5c th\u1ebf h\u1ec7 m\u1edbi d\u00e0nh cho d\u1ecbch v\u1ee5 \u0111\u01b0\u1eddng d\u00e0i.<\/p>\n<p style=\"text-align: justify\"><strong>L\u1ee3i \u0111i\u1ec3m<\/strong><\/p>\n<ul>\n<li style=\"text-align: justify\"><strong>\u1ed4n \u0111\u1ecbnh c\u01a1 h\u1ecdc xu\u1ea5t s\u1eafc<\/strong>: \u0110\u1ea3m b\u1ea3o m\u00e0ng b\u00f4i tr\u01a1n hi\u1ec7u qu\u1ea3 \u0111\u01b0\u1ee3c duy tr\u00ec gi\u1eefa c\u00e1c b\u1ec1 m\u1eb7t ti\u1ebfp x\u00fac trong th\u1eddi gian d\u00e0i.<\/li>\n<li style=\"text-align: justify\"><strong>\u1ed4n \u0111\u1ecbnh nhi\u1ec7t tuy\u1ec7t v\u1eddi<\/strong>: \u0110\u1ea3m b\u1ea3o kh\u1ea3 n\u0103ng ch\u1ed1ng ch\u1ecbu l\u00e2u d\u00e0i \u0111\u1ed1i v\u1edbi t\u00e1c \u0111\u1ed9ng c\u1ee7a phanh n\u1eb7ng.<\/li>\n<li style=\"text-align: justify\"><strong>Ch\u1ed1ng n\u01b0\u1edbc xu\u1ea5t s\u1eafc<\/strong>: C\u1ea3i thi\u1ec7n kh\u1ea3 n\u0103ng gi\u1eef s\u1ea3n ph\u1ea9m trong c\u00e1c kho\u1ea3ng th\u1eddi gian l\u00e0m vi\u1ec7c k\u00e9o d\u00e0i, d\u1eabn \u0111\u1ebfn tu\u1ed5i th\u1ecd thi\u1ebft b\u1ecb\/b\u1ea1c \u0111\u1ea1n t\u0103ng cao.<\/li>\n<li style=\"text-align: justify\"><strong>B\u1ea3o v\u1ec7 ch\u1ed1ng \u0103n m\u00f2n v\u01b0\u1ee3t tr\u1ed9i v\u00e0 t\u00ednh ch\u1ea5t ch\u1ecbu c\u1ef1c \u00e1p t\u1ed1t<\/strong>: T\u0103ng c\u01b0\u1eddng tu\u1ed5i th\u1ecd linh ki\u1ec7n v\u00e0 gi\u1ea3m b\u1ea3o tr\u00ec.<\/li>\n<\/ul>\n<p><strong>\u0110\u1eb7c \u0111i\u1ec3m k\u1ef9 thu\u1eadt<\/strong><\/p>\n<div>\n<div>\n<div class=\"table-responsive\">\n<table class=\"table table-striped\">\n<thead>\n<tr>\n<th><strong>T\u00ean<\/strong><\/th>\n<th><strong>Ph\u01b0\u01a1ng ph\u00e1p<\/strong><\/th>\n<th><strong>\u0110\u01a1n v\u1ecb<\/strong><\/th>\n<th><strong>Spheerol CV Performance<\/strong><\/th>\n<\/tr>\n<\/thead>\n<tbody>\n<tr>\n<td>Lo\u1ea1i ch\u1ea5t l\u00e0m \u0111\u1eb7c<\/td>\n<td>&#8211;<\/td>\n<td>&#8211;<\/td>\n<td>Lithium complex<\/td>\n<\/tr>\n<tr>\n<td>Lo\u1ea1i d\u1ea7u g\u1ed1c<\/td>\n<td>&#8211;<\/td>\n<td>&#8211;<\/td>\n<td>Mineral<\/td>\n<\/tr>\n<tr>\n<td>M\u00e0u s\u1eafc<\/td>\n<td>Visual<\/td>\n<td>&#8211;<\/td>\n<td>Blue<\/td>\n<\/tr>\n<tr>\n<td>Ngo\u1ea1i h\u00ecnh<\/td>\n<td>Visual<\/td>\n<td>&#8211;<\/td>\n<td>Smooth and Homogenous<\/td>\n<\/tr>\n<tr>\n<td>\u0110\u1ed9 s\u1ec7t (NLGI grade)<\/td>\n<td>ASTM D217<\/td>\n<td>&#8211;<\/td>\n<td>2.5<\/td>\n<\/tr>\n<tr>\n<td>\u0110\u1ed9 th\u00e2m nh\u1eadp m\u1ee1 @ 25\u00b0C, 60 l\u1ea7n<\/td>\n<td>ASTM D217<\/td>\n<td>1\/10 mm<\/td>\n<td>250-280<\/td>\n<\/tr>\n<tr>\n<td>\u0110\u1ed9 th\u00e2m nh\u1eadp kh\u00e1c bi\u1ec7t sau 100,000 l\u1ea7n tr\u1ed9n<\/td>\n<td>ASTM D217<\/td>\n<td>1\/10 mm<\/td>\n<td>20 max<\/td>\n<\/tr>\n<tr>\n<td>\u0110\u1ed9 \u1ed5n \u0111\u1ecbnh l\u0103n Shell, 50h\/80\u00b0C<\/td>\n<td>ASTM D1831<\/td>\n<td>1\/10 mm<\/td>\n<td>80 max<\/td>\n<\/tr>\n<tr>\n<td>\u0110\u1ed9 nh\u1edbt d\u1ea7u g\u1ed1c @ 40\u00b0C<\/td>\n<td>ASTM D445<\/td>\n<td>mm\u00b2\/s<\/td>\n<td>200 min<\/td>\n<\/tr>\n<tr>\n<td>\u0110\u1ed9 nh\u1edbt d\u1ea7u g\u1ed1c @ 100\u00b0C<\/td>\n<td>ASTM D445<\/td>\n<td>mm\u00b2\/s<\/td>\n<td>10-14<\/td>\n<\/tr>\n<tr>\n<td>\u0110i\u1ec3m nh\u1ecf gi\u1ecdt<\/td>\n<td>ASTM D2265<\/td>\n<td>\u00b0C<\/td>\n<td>215 min<\/td>\n<\/tr>\n<tr>\n<td>T\u00e1ch d\u1ea7u (m\u1ee1), 168h @ 40\u00b0C<\/td>\n<td>DIN 51817<\/td>\n<td>% wt<\/td>\n<td>3 max<\/td>\n<\/tr>\n<tr>\n<td>\u0102n m\u00f2n \u0111\u1ed3ng, 24 gi\u1edd @ 100\u00b0C<\/td>\n<td>ASTM D4048<\/td>\n<td>\u0110\u00e1nh gi\u00e1<\/td>\n<td>1b max<\/td>\n<\/tr>\n<tr>\n<td>Ki\u1ec3m tra \u0103n m\u00f2n SKF Emcor (n\u01b0\u1edbc c\u1ea5t)<\/td>\n<td>ISO 11007<\/td>\n<td>\u0110\u00e1nh gi\u00e1<\/td>\n<td>0\/0 max<\/td>\n<\/tr>\n<tr>\n<td>Ki\u1ec3m tra r\u1ec9 s\u00e9t (n\u01b0\u1edbc c\u1ea5t)<\/td>\n<td>ASTM D1743<\/td>\n<td>\u0110\u00e1nh gi\u00e1<\/td>\n<td>Pass<\/td>\n<\/tr>\n<tr>\n<td>Kh\u1ea3 n\u0103ng r\u1eeda tr\u00f4i n\u01b0\u1edbc (1 gi\u1edd @ 79\u00b0C)<\/td>\n<td>ASTM D1264<\/td>\n<td>% wt loss<\/td>\n<td>10 max<\/td>\n<\/tr>\n<tr>\n<td>T\u1ea3i tr\u1ecdng h\u00e0n b\u1ed1n bi<\/td>\n<td>ASTM D2596<\/td>\n<td>Kg<\/td>\n<td>200 min<\/td>\n<\/tr>\n<tr>\n<td>M\u00f2n b\u1ed1n bi, V\u1ebft m\u00f2n<\/td>\n<td>ASTM D2266<\/td>\n<td>mm<\/td>\n<td>0.9 max<\/td>\n<\/tr>\n<tr>\n<td>\u0110\u1ed9 \u1ed5n \u0111\u1ecbnh oxy h\u00f3a 100h\/100\u00b0C<\/td>\n<td>DIN 51808<\/td>\n<td>bar<\/td>\n<td>0.35 max<\/td>\n<\/tr>\n<\/tbody>\n<\/table>\n<\/div>\n<div><\/div>\n<\/div>\n<\/div>\n<p><\/p>","protected":false},"excerpt":{"rendered":"<p><strong> Castrol Spheerol\u2122 CV Performance<\/strong> l\u00e0 m\u1ee1 b\u00f4i tr\u01a1n ch\u1ea5t l\u01b0\u1ee3ng cao \u0111\u01b0\u1ee3c ph\u00e1t tri\u1ec3n ch\u1ee7 y\u1ebfu cho m\u00f4i tr\u01b0\u1eddng v\u1eadn t\u1ea3i kh\u1eafc nghi\u1ec7t. M\u1ee1 d\u1ea1ng gel n\u00e0y \u0111\u01b0\u1ee3c pha ch\u1ebf v\u1edbi s\u1ef1 k\u1ebft h\u1ee3p c\u1ee7a d\u1ea7u g\u1ed1c, c\u00f4ng ngh\u1ec7 ch\u1ea5t l\u00e0m \u0111\u1eb7c lithium ph\u1ee9c h\u1ee3p \u0111\u1eb7c bi\u1ec7t v\u00e0 c\u00e1c ph\u1ee5 gia hi\u1ec7u su\u1ea5t cao.<\/p>\n","protected":false},"featured_media":27593,"comment_status":"closed","ping_status":"closed","template":"","meta":[],"product_cat":[776,760,993,786],"product_tag":[1081,1026,1082,1080,1050,1085,1084,1086,1087,1009,1083,1049,1064,1024,1079],"class_list":{"0":"post-27893","1":"product","2":"type-product","3":"status-publish","4":"has-post-thumbnail","6":"product_cat-dau-cong-nghiep-castrol","7":"product_cat-dau-nhot-castrol","8":"product_cat-mo-spheerol-ap","9":"product_cat-mo-cong-nghiep-castrol","10":"product_tag-castrol-spheerol","11":"product_tag-mo-bao-ve-chong-an-mon","12":"product_tag-mo-boi-tron-chat-luong-cao","13":"product_tag-mo-boi-tron-o-bi-o-to","14":"product_tag-mo-chiu-cuc-ap","15":"product_tag-mo-cho-dich-vu-duong-dai","16":"product_tag-mo-cho-moi-truong-van-tai","17":"product_tag-mo-cho-o-to-cho-khach","18":"product_tag-mo-cho-phuong-tien-thuong-mai","19":"product_tag-mo-chong-nuoc","20":"product_tag-mo-dang-gel","21":"product_tag-mo-lithium-phuc-hop","22":"product_tag-mo-on-dinh-co-hoc","23":"product_tag-mo-on-dinh-nhiet","24":"product_tag-spheerol-cv-performance","26":"first","27":"instock","28":"shipping-taxable","29":"product-type-simple"},"yoast_head":"<!-- This site is optimized with the Yoast SEO plugin v27.2 - https:\/\/yoast.com\/product\/yoast-seo-wordpress\/ -->\n<title>M\u1ee1 C\u00f4ng Nghi\u1ec7p Castrol SPHEEROL CV PERFORMANCE 180KG - C\u00f4ng Ty TNHH D\u1ea7u Nh\u1eddn T&amp;T Vi\u1ec7t Nam<\/title>\n<meta name=\"robots\" content=\"index, follow, max-snippet:-1, max-image-preview:large, max-video-preview:-1\" \/>\n<link rel=\"canonical\" href=\"https:\/\/tatco.vn\/en\/san-pham\/mo-cong-nghiep-castrol-spheerol-cv-performance-180kg\/\" \/>\n<meta property=\"og:locale\" content=\"vi_VN\" \/>\n<meta property=\"og:type\" content=\"article\" \/>\n<meta property=\"og:title\" content=\"M\u1ee1 C\u00f4ng Nghi\u1ec7p Castrol SPHEEROL CV PERFORMANCE 180KG - C\u00f4ng Ty TNHH D\u1ea7u Nh\u1eddn T&amp;T Vi\u1ec7t Nam\" \/>\n<meta property=\"og:url\" content=\"https:\/\/tatco.vn\/en\/san-pham\/mo-cong-nghiep-castrol-spheerol-cv-performance-180kg\/\" \/>\n<meta property=\"og:site_name\" content=\"C\u00f4ng Ty TNHH D\u1ea7u Nh\u1eddn T&amp;T Vi\u1ec7t Nam\" \/>\n<meta property=\"article:modified_time\" content=\"2025-02-08T05:54:45+00:00\" \/>\n<meta property=\"og:image\" content=\"https:\/\/tatco.vn\/wp-content\/uploads\/2022\/12\/Castrol-v5.png\" \/>\n\t<meta property=\"og:image:width\" content=\"750\" \/>\n\t<meta property=\"og:image:height\" content=\"1000\" \/>\n\t<meta property=\"og:image:type\" content=\"image\/png\" \/>\n<meta name=\"twitter:card\" content=\"summary_large_image\" \/>\n<meta name=\"twitter:label1\" content=\"\u01af\u1edbc t\u00ednh th\u1eddi gian \u0111\u1ecdc\" \/>\n\t<meta name=\"twitter:data1\" content=\"3 ph\u00fat\" \/>\n<script type=\"application\/ld+json\" class=\"yoast-schema-graph\">{\"@context\":\"https:\/\/schema.org\",\"@graph\":[{\"@type\":\"WebPage\",\"@id\":\"https:\/\/tatco.vn\/en\/san-pham\/mo-cong-nghiep-castrol-spheerol-cv-performance-180kg\/\",\"url\":\"https:\/\/tatco.vn\/en\/san-pham\/mo-cong-nghiep-castrol-spheerol-cv-performance-180kg\/\",\"name\":\"M\u1ee1 C\u00f4ng Nghi\u1ec7p Castrol SPHEEROL CV PERFORMANCE 180KG - C\u00f4ng Ty TNHH D\u1ea7u Nh\u1eddn T&amp;T Vi\u1ec7t Nam\",\"isPartOf\":{\"@id\":\"https:\/\/tatco.vn\/en\/#website\"},\"primaryImageOfPage\":{\"@id\":\"https:\/\/tatco.vn\/en\/san-pham\/mo-cong-nghiep-castrol-spheerol-cv-performance-180kg\/#primaryimage\"},\"image\":{\"@id\":\"https:\/\/tatco.vn\/en\/san-pham\/mo-cong-nghiep-castrol-spheerol-cv-performance-180kg\/#primaryimage\"},\"thumbnailUrl\":\"https:\/\/tatco.vn\/wp-content\/uploads\/2022\/12\/Castrol-v5.png\",\"datePublished\":\"2025-02-05T11:18:04+00:00\",\"dateModified\":\"2025-02-08T05:54:45+00:00\",\"breadcrumb\":{\"@id\":\"https:\/\/tatco.vn\/en\/san-pham\/mo-cong-nghiep-castrol-spheerol-cv-performance-180kg\/#breadcrumb\"},\"inLanguage\":\"vi\",\"potentialAction\":[{\"@type\":\"ReadAction\",\"target\":[\"https:\/\/tatco.vn\/en\/san-pham\/mo-cong-nghiep-castrol-spheerol-cv-performance-180kg\/\"]}]},{\"@type\":\"ImageObject\",\"inLanguage\":\"vi\",\"@id\":\"https:\/\/tatco.vn\/en\/san-pham\/mo-cong-nghiep-castrol-spheerol-cv-performance-180kg\/#primaryimage\",\"url\":\"https:\/\/tatco.vn\/wp-content\/uploads\/2022\/12\/Castrol-v5.png\",\"contentUrl\":\"https:\/\/tatco.vn\/wp-content\/uploads\/2022\/12\/Castrol-v5.png\",\"width\":750,\"height\":1000,\"caption\":\"Castrol Perfecto HT 5\"},{\"@type\":\"BreadcrumbList\",\"@id\":\"https:\/\/tatco.vn\/en\/san-pham\/mo-cong-nghiep-castrol-spheerol-cv-performance-180kg\/#breadcrumb\",\"itemListElement\":[{\"@type\":\"ListItem\",\"position\":1,\"name\":\"Home\",\"item\":\"https:\/\/tatco.vn\/\"},{\"@type\":\"ListItem\",\"position\":2,\"name\":\"C\u1eeda h\u00e0ng\",\"item\":\"https:\/\/tatco.vn\/en\/mua\/\"},{\"@type\":\"ListItem\",\"position\":3,\"name\":\"Spheerol\u2122 CV Performance 180KG\"}]},{\"@type\":\"WebSite\",\"@id\":\"https:\/\/tatco.vn\/en\/#website\",\"url\":\"https:\/\/tatco.vn\/en\/\",\"name\":\"C\u00f4ng Ty TNHH D\u1ea7u Nh\u1eddn T&amp;T Vi\u1ec7t Nam\",\"description\":\"Right Point - Right Time - Best Solution\",\"publisher\":{\"@id\":\"https:\/\/tatco.vn\/en\/#organization\"},\"potentialAction\":[{\"@type\":\"SearchAction\",\"target\":{\"@type\":\"EntryPoint\",\"urlTemplate\":\"https:\/\/tatco.vn\/en\/?s={search_term_string}\"},\"query-input\":{\"@type\":\"PropertyValueSpecification\",\"valueRequired\":true,\"valueName\":\"search_term_string\"}}],\"inLanguage\":\"vi\"},{\"@type\":\"Organization\",\"@id\":\"https:\/\/tatco.vn\/en\/#organization\",\"name\":\"C\u00f4ng Ty TNHH D\u1ea7u Nh\u1eddn T&T Vi\u1ec7t Nam\",\"url\":\"https:\/\/tatco.vn\/en\/\",\"logo\":{\"@type\":\"ImageObject\",\"inLanguage\":\"vi\",\"@id\":\"https:\/\/tatco.vn\/en\/#\/schema\/logo\/image\/\",\"url\":\"https:\/\/tatco.vn\/wp-content\/uploads\/2019\/05\/fav-ico.png\",\"contentUrl\":\"https:\/\/tatco.vn\/wp-content\/uploads\/2019\/05\/fav-ico.png\",\"width\":200,\"height\":200,\"caption\":\"C\u00f4ng Ty TNHH D\u1ea7u Nh\u1eddn T&T Vi\u1ec7t Nam\"},\"image\":{\"@id\":\"https:\/\/tatco.vn\/en\/#\/schema\/logo\/image\/\"}}]}<\/script>\n<!-- \/ Yoast SEO plugin. -->","yoast_head_json":{"title":"M\u1ee1 C\u00f4ng Nghi\u1ec7p Castrol SPHEEROL CV PERFORMANCE 180KG - C\u00f4ng Ty TNHH D\u1ea7u Nh\u1eddn T&amp;T Vi\u1ec7t Nam","robots":{"index":"index","follow":"follow","max-snippet":"max-snippet:-1","max-image-preview":"max-image-preview:large","max-video-preview":"max-video-preview:-1"},"canonical":"https:\/\/tatco.vn\/en\/san-pham\/mo-cong-nghiep-castrol-spheerol-cv-performance-180kg\/","og_locale":"vi_VN","og_type":"article","og_title":"M\u1ee1 C\u00f4ng Nghi\u1ec7p Castrol SPHEEROL CV PERFORMANCE 180KG - C\u00f4ng Ty TNHH D\u1ea7u Nh\u1eddn T&amp;T Vi\u1ec7t Nam","og_url":"https:\/\/tatco.vn\/en\/san-pham\/mo-cong-nghiep-castrol-spheerol-cv-performance-180kg\/","og_site_name":"C\u00f4ng Ty TNHH D\u1ea7u Nh\u1eddn T&amp;T Vi\u1ec7t Nam","article_modified_time":"2025-02-08T05:54:45+00:00","og_image":[{"width":750,"height":1000,"url":"https:\/\/tatco.vn\/wp-content\/uploads\/2022\/12\/Castrol-v5.png","type":"image\/png"}],"twitter_card":"summary_large_image","twitter_misc":{"\u01af\u1edbc t\u00ednh th\u1eddi gian \u0111\u1ecdc":"3 ph\u00fat"},"schema":{"@context":"https:\/\/schema.org","@graph":[{"@type":"WebPage","@id":"https:\/\/tatco.vn\/en\/san-pham\/mo-cong-nghiep-castrol-spheerol-cv-performance-180kg\/","url":"https:\/\/tatco.vn\/en\/san-pham\/mo-cong-nghiep-castrol-spheerol-cv-performance-180kg\/","name":"M\u1ee1 C\u00f4ng Nghi\u1ec7p Castrol SPHEEROL CV PERFORMANCE 180KG - C\u00f4ng Ty TNHH D\u1ea7u Nh\u1eddn T&amp;T Vi\u1ec7t Nam","isPartOf":{"@id":"https:\/\/tatco.vn\/en\/#website"},"primaryImageOfPage":{"@id":"https:\/\/tatco.vn\/en\/san-pham\/mo-cong-nghiep-castrol-spheerol-cv-performance-180kg\/#primaryimage"},"image":{"@id":"https:\/\/tatco.vn\/en\/san-pham\/mo-cong-nghiep-castrol-spheerol-cv-performance-180kg\/#primaryimage"},"thumbnailUrl":"https:\/\/tatco.vn\/wp-content\/uploads\/2022\/12\/Castrol-v5.png","datePublished":"2025-02-05T11:18:04+00:00","dateModified":"2025-02-08T05:54:45+00:00","breadcrumb":{"@id":"https:\/\/tatco.vn\/en\/san-pham\/mo-cong-nghiep-castrol-spheerol-cv-performance-180kg\/#breadcrumb"},"inLanguage":"vi","potentialAction":[{"@type":"ReadAction","target":["https:\/\/tatco.vn\/en\/san-pham\/mo-cong-nghiep-castrol-spheerol-cv-performance-180kg\/"]}]},{"@type":"ImageObject","inLanguage":"vi","@id":"https:\/\/tatco.vn\/en\/san-pham\/mo-cong-nghiep-castrol-spheerol-cv-performance-180kg\/#primaryimage","url":"https:\/\/tatco.vn\/wp-content\/uploads\/2022\/12\/Castrol-v5.png","contentUrl":"https:\/\/tatco.vn\/wp-content\/uploads\/2022\/12\/Castrol-v5.png","width":750,"height":1000,"caption":"Castrol Perfecto HT 5"},{"@type":"BreadcrumbList","@id":"https:\/\/tatco.vn\/en\/san-pham\/mo-cong-nghiep-castrol-spheerol-cv-performance-180kg\/#breadcrumb","itemListElement":[{"@type":"ListItem","position":1,"name":"Home","item":"https:\/\/tatco.vn\/"},{"@type":"ListItem","position":2,"name":"C\u1eeda h\u00e0ng","item":"https:\/\/tatco.vn\/en\/mua\/"},{"@type":"ListItem","position":3,"name":"Spheerol\u2122 CV Performance 180KG"}]},{"@type":"WebSite","@id":"https:\/\/tatco.vn\/en\/#website","url":"https:\/\/tatco.vn\/en\/","name":"C\u00f4ng Ty TNHH D\u1ea7u Nh\u1eddn T&amp;T Vi\u1ec7t Nam","description":"Right Point - Right Time - Best Solution","publisher":{"@id":"https:\/\/tatco.vn\/en\/#organization"},"potentialAction":[{"@type":"SearchAction","target":{"@type":"EntryPoint","urlTemplate":"https:\/\/tatco.vn\/en\/?s={search_term_string}"},"query-input":{"@type":"PropertyValueSpecification","valueRequired":true,"valueName":"search_term_string"}}],"inLanguage":"vi"},{"@type":"Organization","@id":"https:\/\/tatco.vn\/en\/#organization","name":"C\u00f4ng Ty TNHH D\u1ea7u Nh\u1eddn T&T Vi\u1ec7t Nam","url":"https:\/\/tatco.vn\/en\/","logo":{"@type":"ImageObject","inLanguage":"vi","@id":"https:\/\/tatco.vn\/en\/#\/schema\/logo\/image\/","url":"https:\/\/tatco.vn\/wp-content\/uploads\/2019\/05\/fav-ico.png","contentUrl":"https:\/\/tatco.vn\/wp-content\/uploads\/2019\/05\/fav-ico.png","width":200,"height":200,"caption":"C\u00f4ng Ty TNHH D\u1ea7u Nh\u1eddn T&T Vi\u1ec7t Nam"},"image":{"@id":"https:\/\/tatco.vn\/en\/#\/schema\/logo\/image\/"}}]}},"_links":{"self":[{"href":"https:\/\/tatco.vn\/vi\/wp-json\/wp\/v2\/product\/27893","targetHints":{"allow":["GET"]}}],"collection":[{"href":"https:\/\/tatco.vn\/vi\/wp-json\/wp\/v2\/product"}],"about":[{"href":"https:\/\/tatco.vn\/vi\/wp-json\/wp\/v2\/types\/product"}],"replies":[{"embeddable":true,"href":"https:\/\/tatco.vn\/vi\/wp-json\/wp\/v2\/comments?post=27893"}],"version-history":[{"count":0,"href":"https:\/\/tatco.vn\/vi\/wp-json\/wp\/v2\/product\/27893\/revisions"}],"wp:featuredmedia":[{"embeddable":true,"href":"https:\/\/tatco.vn\/vi\/wp-json\/wp\/v2\/media\/27593"}],"wp:attachment":[{"href":"https:\/\/tatco.vn\/vi\/wp-json\/wp\/v2\/media?parent=27893"}],"wp:term":[{"taxonomy":"product_cat","embeddable":true,"href":"https:\/\/tatco.vn\/vi\/wp-json\/wp\/v2\/product_cat?post=27893"},{"taxonomy":"product_tag","embeddable":true,"href":"https:\/\/tatco.vn\/vi\/wp-json\/wp\/v2\/product_tag?post=27893"}],"curies":[{"name":"wp","href":"https:\/\/api.w.org\/{rel}","templated":true}]}}