{"id":27889,"date":"2025-02-05T17:12:31","date_gmt":"2025-02-05T10:12:31","guid":{"rendered":"https:\/\/tatco.vn\/vi\/?post_type=product&#038;p=27889"},"modified":"2025-02-08T13:02:33","modified_gmt":"2025-02-08T06:02:33","slug":"mo-cong-nghiep-castrol-tribol-gr-100-2-pd-18kg","status":"publish","type":"product","link":"https:\/\/tatco.vn\/vi\/san-pham\/mo-cong-nghiep-castrol-tribol-gr-100-2-pd-18kg\/","title":{"rendered":"M\u1ee1 C\u00f4ng Nghi\u1ec7p Castrol Tribol\u2122 GR 100-2 PD 18KG"},"content":{"rendered":"<p><strong>Tribol\u2122 GR 100-2 PD &#8211; M\u1ee1 T\u00ednh N\u0103ng Cao<\/strong><\/p>\n<p style=\"text-align: justify\"><strong>M\u00f4 t\u1ea3 s\u1ea3n ph\u1ea9m<\/strong> <strong>Tribol\u2122 GR 100-2 PD<\/strong> (tr\u01b0\u1edbc \u0111\u00e2y g\u1ecdi l\u00e0 Longtime\u2122 PD) l\u00e0 m\u1ee1 Lithium \u0111\u01b0\u1ee3c pha ch\u1ebf v\u1edbi d\u1ea7u g\u1ed1c kho\u00e1ng tinh ch\u1ebf v\u00e0 \u0111\u01b0\u1ee3c t\u0103ng c\u01b0\u1eddng h\u1ec7 ph\u1ee5 gia Microflux Trans (MFT). C\u00f4ng ngh\u1ec7 ph\u1ee5 gia MFT cung c\u1ea5p kh\u1ea3 n\u0103ng ch\u1ed1ng m\u00e0i m\u00f2n t\u1ed1i \u01b0u v\u00e0 h\u1ec7 s\u1ed1 ma s\u00e1t c\u1ef1c th\u1ea5p ngay c\u1ea3 trong c\u00e1c \u0111i\u1ec1u ki\u1ec7n \u00e1p su\u1ea5t c\u1ef1c l\u1edbn, rung \u0111\u1ed9ng, t\u1ea3i tr\u1ecdng va \u0111\u1eadp, t\u1ed1c \u0111\u1ed9 cao ho\u1eb7c th\u1ea5p, ho\u1eb7c \u0111\u1ed9 nh\u1eb5n vi m\u00f4 kh\u00e1c nhau c\u1ee7a c\u00e1c b\u1ec1 m\u1eb7t ma s\u00e1t. D\u01b0\u1edbi t\u1ea3i tr\u1ecdng kh\u1eafc nghi\u1ec7t, c\u00e1c th\u00e0nh ph\u1ea7n c\u1ee7a h\u1ec7 ph\u1ee5 gia MFT \u0111\u01b0\u1ee3c k\u00edch ho\u1ea1t, gi\u00fap c\u1ea3i thi\u1ec7n \u0111\u1eb7c t\u00ednh ma s\u00e1t c\u1ee7a b\u1ec1 m\u1eb7t nh\u1edd s\u1ef1 bi\u1ebfn d\u1ea1ng d\u1ebbo. C\u00e1c ch\u1ea5t h\u1eefu c\u01a1 trong ph\u1ea3n \u1ee9ng tr\u1edf th\u00e0nh th\u00e0nh ph\u1ea7n c\u1ee7a h\u1ec7 p\u00f4lime ma s\u00e1t. Kh\u00f4ng gi\u1ed1ng nh\u01b0 c\u00e1c ch\u1ea5t b\u00f4i tr\u01a1n th\u00f4ng th\u01b0\u1eddng, c\u00e1c ch\u1ea5t p\u00f4lime ma s\u00e1t do MFT t\u1ea1o th\u00e0nh l\u00e0 c\u00e1c h\u1ee3p ch\u1ea5t chu\u1ed7i d\u00e0i c\u00f3 t\u00ednh n\u0103ng b\u00f4i tr\u01a1n v\u00e0 b\u00e1m d\u00ednh tuy\u1ec7t v\u1eddi. \u0110i\u1ec1u n\u00e0y c\u00f3 ngh\u0129a l\u00e0 b\u1ec1 m\u1eb7t ch\u1ecbu t\u1ea3i \u0111\u01b0\u1ee3c t\u0103ng c\u01b0\u1eddng v\u00e0 m\u00e0ng d\u1ea7u b\u00f4i tr\u01a1n th\u1ee7y \u0111\u1ed9ng \u0111\u01b0\u1ee3c duy tr\u00ec d\u1ec5 d\u00e0ng h\u01a1n. Ph\u1ea3n \u1ee9ng l\u00fd h\u00f3a \u0111\u1ed9c \u0111\u00e1o n\u00e0y t\u1ea1o th\u00e0nh \u0111\u1ed9 nh\u1eb5n vi m\u00f4 kh\u00f4ng b\u1ecb ph\u00e1 h\u1ee7y cho c\u00e1c b\u1ec1 m\u1eb7t ma s\u00e1t.<\/p>\n<p style=\"text-align: justify\"><strong>C\u00f4ng d\u1ee5ng<\/strong> Tribol GR 100 PD c\u00f3 th\u1ec3 \u0111\u01b0\u1ee3c d\u00f9ng \u0111\u1ec3 b\u00f4i tr\u01a1n l\u00e2u d\u00e0i ngay c\u1ea3 trong c\u00e1c \u0111i\u1ec1u ki\u1ec7n v\u1eadn h\u00e0nh kh\u00f3 kh\u0103n nh\u1ea5t nh\u01b0 c\u1ef1c \u00e1p, rung \u0111\u1ed9ng, va \u0111\u1eadp v\u00e0 trong d\u1ea3i nhi\u1ec7t \u0111\u1ed9 l\u00e0m vi\u1ec7c r\u1ed9ng (-35\u00b0C \u0111\u1ebfn 140\u00b0C) trong c\u00e1c \u1ed5 l\u0103n v\u00e0 \u1ed5 tr\u01b0\u1ee3t ch\u1ecbu t\u1ea3i n\u1eb7ng. C\u00e1c \u1ee9ng d\u1ee5ng ti\u00eau bi\u1ec3u bao g\u1ed3m:<\/p>\n<ul style=\"text-align: justify\">\n<li>C\u00e1c \u1ed5 \u0111\u1ee1 trong tr\u1ee5c c\u1ecdc s\u1ee3i v\u00e0 tr\u1ee5c m\u00e1y m\u00e0i<\/li>\n<li>\u0110\u1ed9ng c\u01a1 c\u00f3 b\u00e1nh r\u0103ng gi\u1ea3m t\u1ed1c ch\u1ecbu t\u1ea3i tr\u1ecdng va \u0111\u1eadp<\/li>\n<li>C\u00e1c m\u00e1y s\u00e0ng, m\u00e1y phay g\u1ed7 v\u00e0 c\u00e1c m\u1eb7t t\u1ef1a c\u1ee7a c\u00e1c b\u1ea3n in<\/li>\n<li>\u1ed4 bi c\u00f3 v\u00e0nh ngo\u00e0i quay v\u00e0 ch\u1ecbu \u1ee9ng su\u1ea5t cao do l\u1ef1c ly t\u00e2m<\/li>\n<li>C\u00e1c \u1ed5 \u0111\u1ee1 c\u1ed5 tr\u1ee5c c\u00e1n trong nh\u00e0 m\u00e1y c\u00e1n th\u00e9p<\/li>\n<li>\u1ed4 \u0111\u1ee1 c\u00f3 h\u01b0\u1edbng quay thay \u0111\u1ed5i ho\u1eb7c chuy\u1ec3n \u0111\u1ed9ng xoay<\/li>\n<li>Kh\u1edbp r\u0103ng cong v\u00e0 h\u1ec7 th\u1ed1ng b\u00f4i tr\u01a1n trung t\u00e2m<\/li>\n<\/ul>\n<p style=\"text-align: justify\">Tribol GR 100-0 PD v\u00e0 100-00 PD l\u00e0 m\u1ee1 l\u1ecfng d\u00f9ng \u0111\u1ec3 b\u00f4i tr\u01a1n c\u00e1c b\u00e1nh r\u0103ng nh\u01b0 trong c\u00e1c h\u1ed9p s\u1ed1 c\u00f3 m\u1eb7t b\u00edch h\u00ecnh tr\u1ee5 v\u00e0 tr\u1ee5c v\u00edt. C\u0169ng th\u00edch h\u1ee3p cho c\u00e1c b\u00e1nh r\u0103ng kh\u00f4ng c\u00f3 h\u1ed9p bao k\u00edn d\u1ea7u, c\u00e1c b\u00e1nh r\u0103ng v\u00e0 c\u00e1c \u1ed5 l\u0103n c\u00f3 th\u00f9ng ch\u1ee9a m\u1ee1.<\/p>\n<p style=\"text-align: justify\"><strong>L\u1ee3i \u0111i\u1ec3m<\/strong><\/p>\n<ul>\n<li style=\"text-align: justify\"><strong>Kh\u1ea3 n\u0103ng ch\u1ecbu t\u1ea3i cao<\/strong>: K\u00e9o d\u00e0i th\u1eddi gian v\u1eadn h\u00e0nh v\u1edbi t\u1ea3i tr\u1ecdng cao, ch\u1ed1ng m\u00e0i m\u00f2n t\u1ed1i \u01b0u.<\/li>\n<li style=\"text-align: justify\"><strong>T\u00ednh n\u0103ng b\u00f4i tr\u01a1n v\u00e0 l\u00e0m nh\u1eb5n b\u1ec1 m\u1eb7t v\u01b0\u1ee3t tr\u1ed9i<\/strong>: H\u1ec7 ph\u1ee5 gia MFT gi\u00fap gi\u1ea3m s\u1ef1 c\u1ed1, gi\u1ea3m th\u1eddi gian d\u1eebng m\u00e1y v\u00e0 s\u1eeda ch\u1eefa. C\u00f4ng ngh\u1ec7 bi\u1ebfn d\u1ea1ng d\u1ebbo k\u00e9o d\u00e0i tu\u1ed5i th\u1ecd c\u1ee7a b\u1ed9 ph\u1eadn b\u1ecb h\u01b0 h\u1ea1i.<\/li>\n<li style=\"text-align: justify\"><strong>T\u1ea1o l\u1edbp b\u1ea3o v\u1ec7 MFT<\/strong>: H\u1ec7 ph\u1ee5 gia n\u00e0y t\u0103ng di\u1ec7n t\u00edch ch\u1ecbu t\u1ea3i, gi\u1ea3m \u00e1p su\u1ea5t, nhi\u1ec7t \u0111\u1ed9 v\u1eadn h\u00e0nh v\u00e0 m\u00e0i m\u00f2n, t\u0103ng tu\u1ed5i th\u1ecd c\u1ee7a chi ti\u1ebft m\u00e1y v\u00e0 m\u1ee1.<\/li>\n<li style=\"text-align: justify\"><strong>C\u1ea3i thi\u1ec7n b\u1ec1 m\u1eb7t \u1ed5 \u0111\u1ee1<\/strong>: T\u00e1c \u0111\u1ed9ng \u2018tr\u00e1ng l\u00f3t\u2019 c\u1ee7a MFT k\u00e9o d\u00e0i tu\u1ed5i th\u1ecd s\u1eed d\u1ee5ng.<\/li>\n<li style=\"text-align: justify\"><strong>H\u1ec7 s\u1ed1 ma s\u00e1t c\u1ef1c th\u1ea5p<\/strong>: Ti\u1ebft ki\u1ec7m n\u0103ng l\u01b0\u1ee3ng v\u00e0 gi\u1ea3m \u1ed3n.<\/li>\n<li style=\"text-align: justify\"><strong>\u0110a n\u0103ng<\/strong>: Tribol GR 100-0 PD v\u00e0 100-00 PD d\u00f9ng cho c\u00e1c \u1ed5 l\u0103n c\u00f3 th\u00f9ng ch\u1ee9a m\u1ee1 v\u00e0 h\u1ed9p s\u1ed1 b\u1ecb r\u00f2 r\u1ec9.<\/li>\n<li style=\"text-align: justify\"><strong>D\u1ec5 b\u01a1m trong h\u1ec7 th\u1ed1ng b\u00f4i tr\u01a1n trung t\u00e2m<\/strong>: Kh\u00f4ng t\u1ea1o r\u00e3nh b\u1edfi b\u00e1nh r\u0103ng quay \u1edf t\u1ed1c \u0111\u1ed9 cao khi d\u00f9ng 100-0 PD v\u00e0 100-00 PD.<\/li>\n<\/ul>\n<p><strong>C\u00e1c \u0111\u1eb7c tr\u01b0ng ti\u00eau bi\u1ec3u<\/strong><\/p>\n<div>\n<div>\n<div class=\"table-responsive\">\n<table class=\"table table-striped\">\n<thead>\n<tr>\n<th><strong>Th\u1eed nghi\u1ec7m<\/strong><\/th>\n<th><strong>Ph\u01b0\u01a1ng ph\u00e1p<\/strong><\/th>\n<th><strong>\u0110\u01a1n v\u1ecb<\/strong><\/th>\n<th><strong>100-00 PD<\/strong><\/th>\n<th><strong>100-0 PD<\/strong><\/th>\n<th><strong>100-1 PD<\/strong><\/th>\n<th><strong>100-2 PD<\/strong><\/th>\n<\/tr>\n<\/thead>\n<tbody>\n<tr>\n<td>D\u1ea1ng ngo\u00e0i<\/td>\n<td>Visual<\/td>\n<td>&#8211;<\/td>\n<td>Brown<\/td>\n<td>Brown<\/td>\n<td>Brown<\/td>\n<td>Brown<\/td>\n<\/tr>\n<tr>\n<td>Ch\u1ea5t l\u00e0m \u0111\u1eb7c<\/td>\n<td>&#8211;<\/td>\n<td>&#8211;<\/td>\n<td>Lithium<\/td>\n<td>Lithium<\/td>\n<td>Lithium<\/td>\n<td>Lithium<\/td>\n<\/tr>\n<tr>\n<td>D\u1ea7u g\u1ed1c<\/td>\n<td>&#8211;<\/td>\n<td>&#8211;<\/td>\n<td>Mineral oil<\/td>\n<td>Mineral oil<\/td>\n<td>Mineral oil<\/td>\n<td>Mineral oil<\/td>\n<\/tr>\n<tr>\n<td>\u0110\u1ed9 s\u1ec7t NLGI<\/td>\n<td>ASTM D217<\/td>\n<td>&#8211;<\/td>\n<td>00<\/td>\n<td>0<\/td>\n<td>1<\/td>\n<td>2<\/td>\n<\/tr>\n<tr>\n<td>Kh\u1ed1i l\u01b0\u1ee3ng ri\u00eang @ 20\u00b0C<\/td>\n<td>inhouse<\/td>\n<td>kg\/m\u00b3<\/td>\n<td>910<\/td>\n<td>890<\/td>\n<td>890<\/td>\n<td>890<\/td>\n<\/tr>\n<tr>\n<td>\u0110\u1ed9 xuy\u00ean kim (60 l\u1ea7n gi\u00e3, 25\u00b0C)<\/td>\n<td>ASTM D217<\/td>\n<td>0.1 mm<\/td>\n<td>400-430<\/td>\n<td>355-385<\/td>\n<td>310-340<\/td>\n<td>265-280<\/td>\n<\/tr>\n<tr>\n<td>\u0110\u1ed9 xuy\u00ean kim (100,000 l\u1ea7n gi\u00e3, 25\u00b0C) &#8211; thay \u0111\u1ed5i so v\u1edbi 60 l\u1ea7n gi\u00e3<\/td>\n<td>ASTM D217<\/td>\n<td>0.1 mm<\/td>\n<td>&#8211;<\/td>\n<td>&#8211;<\/td>\n<td>&lt;20<\/td>\n<td>&lt;25<\/td>\n<\/tr>\n<tr>\n<td>\u0110i\u1ec3m ch\u1ea3y gi\u1ecdt<\/td>\n<td>ASTM D566<\/td>\n<td>\u00b0C<\/td>\n<td>&#8211;<\/td>\n<td>&#8211;<\/td>\n<td>190<\/td>\n<td>200<\/td>\n<\/tr>\n<tr>\n<td>\u0110\u1ed9 nh\u1edbt d\u1ea7u g\u1ed1c @ 40\u00b0C<\/td>\n<td>ASTM D445<\/td>\n<td>mm\u00b2\/s<\/td>\n<td>130<\/td>\n<td>130<\/td>\n<td>95<\/td>\n<td>95<\/td>\n<\/tr>\n<tr>\n<td>\u0102n m\u00f2n \u0111\u1ed3ng (24 gi\u1edd,100\u00b0C)<\/td>\n<td>ASTM D4048<\/td>\n<td>\u0110\u00e1nh gi\u00e1<\/td>\n<td>1b<\/td>\n<td>1b<\/td>\n<td>1b<\/td>\n<td>1b<\/td>\n<\/tr>\n<tr>\n<td>Th\u1eed nghi\u1ec7m SRV &#8211; ma s\u00e1t v\u00e0 m\u00e0i m\u00f2n (400N\/2h\/50\u00b0C)<\/td>\n<td>ASTM D5707<\/td>\n<td>H\u1ec7 s\u1ed1 ma s\u00e1t \/ \u0111\u01b0\u1eddng k\u00ednh v\u1ebft m\u00f2n (mm)<\/td>\n<td>0.08\/0.65<\/td>\n<td>0.07\/0.65<\/td>\n<td>0.07\/0.65<\/td>\n<td>0.07\/0.65<\/td>\n<\/tr>\n<tr>\n<td>\u00c1p su\u1ea5t ch\u1ea3y @ -35\u00b0C<\/td>\n<td>DIN 51805<\/td>\n<td>kPa<\/td>\n<td>500<\/td>\n<td>1000<\/td>\n<td>1100<\/td>\n<td>1200<\/td>\n<\/tr>\n<tr>\n<td>\u0110\u1ed9 kh\u00e1ng n\u01b0\u1edbc<\/td>\n<td>DIN 51807-1<\/td>\n<td>\u0110\u00e1nh gi\u00e1<\/td>\n<td>1-90<\/td>\n<td>1-90<\/td>\n<td>1-90<\/td>\n<td>1-90<\/td>\n<\/tr>\n<tr>\n<td>Ph\u00e2n lo\u1ea1i DIN<\/td>\n<td>DIN 51502<\/td>\n<td>&#8211;<\/td>\n<td>KP 00 N-40<\/td>\n<td>KP 0 N-40<\/td>\n<td>KP 1 N-30<\/td>\n<td>KP 2 N-30<\/td>\n<\/tr>\n<tr>\n<td>Ph\u00e2n lo\u1ea1i ISO<\/td>\n<td>ISO 6743\/9<\/td>\n<td>&#8211;<\/td>\n<td>LXDDHB-00<\/td>\n<td>LXDDHB-0<\/td>\n<td>LXCDHB-1<\/td>\n<td>LXCDHB-2<\/td>\n<\/tr>\n<\/tbody>\n<\/table>\n<\/div>\n<div><\/div>\n<\/div>\n<div><\/div>\n<\/div>\n<p><\/p>","protected":false},"excerpt":{"rendered":"<p><strong>Tribol\u2122 GR 100-2 PD<\/strong> (tr\u01b0\u1edbc \u0111\u00e2y g\u1ecdi l\u00e0 Longtime\u2122 PD) l\u00e0 m\u1ee1 Lithium \u0111\u01b0\u1ee3c pha ch\u1ebf v\u1edbi d\u1ea7u g\u1ed1c kho\u00e1ng tinh ch\u1ebf v\u00e0 \u0111\u01b0\u1ee3c t\u0103ng c\u01b0\u1eddng h\u1ec7 ph\u1ee5 gia Microflux Trans (MFT). C\u00f4ng ngh\u1ec7 ph\u1ee5 gia MFT cung c\u1ea5p kh\u1ea3 n\u0103ng ch\u1ed1ng m\u00e0i m\u00f2n t\u1ed1i \u01b0u v\u00e0 h\u1ec7 s\u1ed1 ma s\u00e1t c\u1ef1c th\u1ea5p ngay c\u1ea3 trong c\u00e1c \u0111i\u1ec1u ki\u1ec7n \u00e1p su\u1ea5t c\u1ef1c l\u1edbn, rung \u0111\u1ed9ng, t\u1ea3i tr\u1ecdng va \u0111\u1eadp, t\u1ed1c \u0111\u1ed9 cao ho\u1eb7c th\u1ea5p, ho\u1eb7c \u0111\u1ed9 nh\u1eb5n vi m\u00f4 kh\u00e1c nhau c\u1ee7a c\u00e1c b\u1ec1 m\u1eb7t ma s\u00e1t. D\u01b0\u1edbi t\u1ea3i tr\u1ecdng kh\u1eafc nghi\u1ec7t, c\u00e1c th\u00e0nh ph\u1ea7n c\u1ee7a h\u1ec7 ph\u1ee5 gia MFT \u0111\u01b0\u1ee3c k\u00edch ho\u1ea1t, gi\u00fap c\u1ea3i thi\u1ec7n \u0111\u1eb7c t\u00ednh ma s\u00e1t c\u1ee7a b\u1ec1 m\u1eb7t nh\u1edd s\u1ef1 bi\u1ebfn d\u1ea1ng d\u1ebbo. C\u00e1c ch\u1ea5t h\u1eefu c\u01a1 trong ph\u1ea3n \u1ee9ng tr\u1edf th\u00e0nh th\u00e0nh ph\u1ea7n c\u1ee7a h\u1ec7 p\u00f4lime ma s\u00e1t. Kh\u00f4ng gi\u1ed1ng nh\u01b0 c\u00e1c ch\u1ea5t b\u00f4i tr\u01a1n th\u00f4ng th\u01b0\u1eddng, c\u00e1c ch\u1ea5t p\u00f4lime ma s\u00e1t do MFT t\u1ea1o th\u00e0nh l\u00e0 c\u00e1c h\u1ee3p ch\u1ea5t chu\u1ed7i d\u00e0i c\u00f3 t\u00ednh n\u0103ng b\u00f4i tr\u01a1n v\u00e0 b\u00e1m d\u00ednh tuy\u1ec7t v\u1eddi. \u0110i\u1ec1u n\u00e0y c\u00f3 ngh\u0129a l\u00e0 b\u1ec1 m\u1eb7t ch\u1ecbu t\u1ea3i \u0111\u01b0\u1ee3c t\u0103ng c\u01b0\u1eddng v\u00e0 m\u00e0ng d\u1ea7u b\u00f4i tr\u01a1n th\u1ee7y \u0111\u1ed9ng \u0111\u01b0\u1ee3c duy tr\u00ec d\u1ec5 d\u00e0ng h\u01a1n. Ph\u1ea3n \u1ee9ng l\u00fd h\u00f3a \u0111\u1ed9c \u0111\u00e1o n\u00e0y t\u1ea1o th\u00e0nh \u0111\u1ed9 nh\u1eb5n vi m\u00f4 kh\u00f4ng b\u1ecb ph\u00e1 h\u1ee7y cho c\u00e1c b\u1ec1 m\u1eb7t ma s\u00e1t.<\/p>\n","protected":false},"featured_media":27593,"comment_status":"closed","ping_status":"closed","template":"","meta":[],"product_cat":[776,760,999,786],"product_tag":[1067,1077,1074,1073,1075,1076,1069,1070,1078,1050,1072,1071,1068,1066,1065],"class_list":{"0":"post-27889","1":"product","2":"type-product","3":"status-publish","4":"has-post-thumbnail","6":"product_brand-castrol","7":"product_cat-dau-cong-nghiep-castrol","8":"product_cat-dau-nhot-castrol","9":"product_cat-mo-spheerol-epl-mo-cong-nghiep-castrol","10":"product_cat-mo-cong-nghiep-castrol","11":"product_tag-castrol-tribol","12":"product_tag-mo-boi-tron-cho-khop-rang-cong","13":"product_tag-mo-boi-tron-cho-may-phay-go","14":"product_tag-mo-boi-tron-cho-may-sang","15":"product_tag-mo-boi-tron-cho-nganh-thep","16":"product_tag-mo-boi-tron-cho-truc-can","17":"product_tag-mo-boi-tron-lithium","18":"product_tag-mo-boi-tron-microflux-trans","19":"product_tag-mo-boi-tron-trung-tam","20":"product_tag-mo-chiu-cuc-ap","21":"product_tag-mo-cho-dieu-kien-van-hanh-kho-khan","22":"product_tag-mo-cho-o-lan-chiu-tai-nang","23":"product_tag-mo-chong-mai-mon","24":"product_tag-mo-tinh-nang-cao","25":"product_tag-tribol-gr-100-pd","27":"first","28":"instock","29":"shipping-taxable","30":"product-type-simple"},"yoast_head":"<!-- This site is optimized with the Yoast SEO plugin v27.2 - https:\/\/yoast.com\/product\/yoast-seo-wordpress\/ -->\n<title>M\u1ee1 C\u00f4ng Nghi\u1ec7p Castrol Tribol\u2122 GR 100-2 PD 18KG - C\u00f4ng Ty TNHH D\u1ea7u Nh\u1eddn T&amp;T Vi\u1ec7t Nam<\/title>\n<meta name=\"robots\" content=\"index, follow, max-snippet:-1, max-image-preview:large, max-video-preview:-1\" \/>\n<link rel=\"canonical\" href=\"https:\/\/tatco.vn\/en\/san-pham\/mo-cong-nghiep-castrol-tribol-gr-100-2-pd-18kg\/\" \/>\n<meta property=\"og:locale\" content=\"vi_VN\" \/>\n<meta property=\"og:type\" content=\"article\" \/>\n<meta property=\"og:title\" content=\"M\u1ee1 C\u00f4ng Nghi\u1ec7p Castrol Tribol\u2122 GR 100-2 PD 18KG - C\u00f4ng Ty TNHH D\u1ea7u Nh\u1eddn T&amp;T Vi\u1ec7t Nam\" \/>\n<meta property=\"og:url\" content=\"https:\/\/tatco.vn\/en\/san-pham\/mo-cong-nghiep-castrol-tribol-gr-100-2-pd-18kg\/\" \/>\n<meta property=\"og:site_name\" content=\"C\u00f4ng Ty TNHH D\u1ea7u Nh\u1eddn T&amp;T Vi\u1ec7t Nam\" \/>\n<meta property=\"article:modified_time\" content=\"2025-02-08T06:02:33+00:00\" \/>\n<meta property=\"og:image\" content=\"https:\/\/tatco.vn\/wp-content\/uploads\/2022\/12\/Castrol-v5.png\" \/>\n\t<meta property=\"og:image:width\" content=\"750\" \/>\n\t<meta property=\"og:image:height\" content=\"1000\" \/>\n\t<meta property=\"og:image:type\" content=\"image\/png\" \/>\n<meta name=\"twitter:card\" content=\"summary_large_image\" \/>\n<meta name=\"twitter:label1\" content=\"\u01af\u1edbc t\u00ednh th\u1eddi gian \u0111\u1ecdc\" \/>\n\t<meta name=\"twitter:data1\" content=\"4 ph\u00fat\" \/>\n<script type=\"application\/ld+json\" class=\"yoast-schema-graph\">{\"@context\":\"https:\/\/schema.org\",\"@graph\":[{\"@type\":\"WebPage\",\"@id\":\"https:\/\/tatco.vn\/en\/san-pham\/mo-cong-nghiep-castrol-tribol-gr-100-2-pd-18kg\/\",\"url\":\"https:\/\/tatco.vn\/en\/san-pham\/mo-cong-nghiep-castrol-tribol-gr-100-2-pd-18kg\/\",\"name\":\"M\u1ee1 C\u00f4ng Nghi\u1ec7p Castrol Tribol\u2122 GR 100-2 PD 18KG - C\u00f4ng Ty TNHH D\u1ea7u Nh\u1eddn T&amp;T Vi\u1ec7t Nam\",\"isPartOf\":{\"@id\":\"https:\/\/tatco.vn\/en\/#website\"},\"primaryImageOfPage\":{\"@id\":\"https:\/\/tatco.vn\/en\/san-pham\/mo-cong-nghiep-castrol-tribol-gr-100-2-pd-18kg\/#primaryimage\"},\"image\":{\"@id\":\"https:\/\/tatco.vn\/en\/san-pham\/mo-cong-nghiep-castrol-tribol-gr-100-2-pd-18kg\/#primaryimage\"},\"thumbnailUrl\":\"https:\/\/tatco.vn\/wp-content\/uploads\/2022\/12\/Castrol-v5.png\",\"datePublished\":\"2025-02-05T10:12:31+00:00\",\"dateModified\":\"2025-02-08T06:02:33+00:00\",\"breadcrumb\":{\"@id\":\"https:\/\/tatco.vn\/en\/san-pham\/mo-cong-nghiep-castrol-tribol-gr-100-2-pd-18kg\/#breadcrumb\"},\"inLanguage\":\"vi\",\"potentialAction\":[{\"@type\":\"ReadAction\",\"target\":[\"https:\/\/tatco.vn\/en\/san-pham\/mo-cong-nghiep-castrol-tribol-gr-100-2-pd-18kg\/\"]}]},{\"@type\":\"ImageObject\",\"inLanguage\":\"vi\",\"@id\":\"https:\/\/tatco.vn\/en\/san-pham\/mo-cong-nghiep-castrol-tribol-gr-100-2-pd-18kg\/#primaryimage\",\"url\":\"https:\/\/tatco.vn\/wp-content\/uploads\/2022\/12\/Castrol-v5.png\",\"contentUrl\":\"https:\/\/tatco.vn\/wp-content\/uploads\/2022\/12\/Castrol-v5.png\",\"width\":750,\"height\":1000,\"caption\":\"Castrol Perfecto HT 5\"},{\"@type\":\"BreadcrumbList\",\"@id\":\"https:\/\/tatco.vn\/en\/san-pham\/mo-cong-nghiep-castrol-tribol-gr-100-2-pd-18kg\/#breadcrumb\",\"itemListElement\":[{\"@type\":\"ListItem\",\"position\":1,\"name\":\"Home\",\"item\":\"https:\/\/tatco.vn\/\"},{\"@type\":\"ListItem\",\"position\":2,\"name\":\"C\u1eeda h\u00e0ng\",\"item\":\"https:\/\/tatco.vn\/en\/mua\/\"},{\"@type\":\"ListItem\",\"position\":3,\"name\":\"Castrol Tribol\u2122 GR 100-2 PD 18KG\"}]},{\"@type\":\"WebSite\",\"@id\":\"https:\/\/tatco.vn\/en\/#website\",\"url\":\"https:\/\/tatco.vn\/en\/\",\"name\":\"C\u00f4ng Ty TNHH D\u1ea7u Nh\u1eddn T&amp;T Vi\u1ec7t Nam\",\"description\":\"Right Point - Right Time - Best Solution\",\"publisher\":{\"@id\":\"https:\/\/tatco.vn\/en\/#organization\"},\"potentialAction\":[{\"@type\":\"SearchAction\",\"target\":{\"@type\":\"EntryPoint\",\"urlTemplate\":\"https:\/\/tatco.vn\/en\/?s={search_term_string}\"},\"query-input\":{\"@type\":\"PropertyValueSpecification\",\"valueRequired\":true,\"valueName\":\"search_term_string\"}}],\"inLanguage\":\"vi\"},{\"@type\":\"Organization\",\"@id\":\"https:\/\/tatco.vn\/en\/#organization\",\"name\":\"C\u00f4ng Ty TNHH D\u1ea7u Nh\u1eddn T&T Vi\u1ec7t Nam\",\"url\":\"https:\/\/tatco.vn\/en\/\",\"logo\":{\"@type\":\"ImageObject\",\"inLanguage\":\"vi\",\"@id\":\"https:\/\/tatco.vn\/en\/#\/schema\/logo\/image\/\",\"url\":\"https:\/\/tatco.vn\/wp-content\/uploads\/2019\/05\/fav-ico.png\",\"contentUrl\":\"https:\/\/tatco.vn\/wp-content\/uploads\/2019\/05\/fav-ico.png\",\"width\":200,\"height\":200,\"caption\":\"C\u00f4ng Ty TNHH D\u1ea7u Nh\u1eddn T&T Vi\u1ec7t Nam\"},\"image\":{\"@id\":\"https:\/\/tatco.vn\/en\/#\/schema\/logo\/image\/\"}}]}<\/script>\n<!-- \/ Yoast SEO plugin. -->","yoast_head_json":{"title":"M\u1ee1 C\u00f4ng Nghi\u1ec7p Castrol Tribol\u2122 GR 100-2 PD 18KG - C\u00f4ng Ty TNHH D\u1ea7u Nh\u1eddn T&amp;T Vi\u1ec7t Nam","robots":{"index":"index","follow":"follow","max-snippet":"max-snippet:-1","max-image-preview":"max-image-preview:large","max-video-preview":"max-video-preview:-1"},"canonical":"https:\/\/tatco.vn\/en\/san-pham\/mo-cong-nghiep-castrol-tribol-gr-100-2-pd-18kg\/","og_locale":"vi_VN","og_type":"article","og_title":"M\u1ee1 C\u00f4ng Nghi\u1ec7p Castrol Tribol\u2122 GR 100-2 PD 18KG - C\u00f4ng Ty TNHH D\u1ea7u Nh\u1eddn T&amp;T Vi\u1ec7t Nam","og_url":"https:\/\/tatco.vn\/en\/san-pham\/mo-cong-nghiep-castrol-tribol-gr-100-2-pd-18kg\/","og_site_name":"C\u00f4ng Ty TNHH D\u1ea7u Nh\u1eddn T&amp;T Vi\u1ec7t Nam","article_modified_time":"2025-02-08T06:02:33+00:00","og_image":[{"width":750,"height":1000,"url":"https:\/\/tatco.vn\/wp-content\/uploads\/2022\/12\/Castrol-v5.png","type":"image\/png"}],"twitter_card":"summary_large_image","twitter_misc":{"\u01af\u1edbc t\u00ednh th\u1eddi gian \u0111\u1ecdc":"4 ph\u00fat"},"schema":{"@context":"https:\/\/schema.org","@graph":[{"@type":"WebPage","@id":"https:\/\/tatco.vn\/en\/san-pham\/mo-cong-nghiep-castrol-tribol-gr-100-2-pd-18kg\/","url":"https:\/\/tatco.vn\/en\/san-pham\/mo-cong-nghiep-castrol-tribol-gr-100-2-pd-18kg\/","name":"M\u1ee1 C\u00f4ng Nghi\u1ec7p Castrol Tribol\u2122 GR 100-2 PD 18KG - C\u00f4ng Ty TNHH D\u1ea7u Nh\u1eddn T&amp;T Vi\u1ec7t Nam","isPartOf":{"@id":"https:\/\/tatco.vn\/en\/#website"},"primaryImageOfPage":{"@id":"https:\/\/tatco.vn\/en\/san-pham\/mo-cong-nghiep-castrol-tribol-gr-100-2-pd-18kg\/#primaryimage"},"image":{"@id":"https:\/\/tatco.vn\/en\/san-pham\/mo-cong-nghiep-castrol-tribol-gr-100-2-pd-18kg\/#primaryimage"},"thumbnailUrl":"https:\/\/tatco.vn\/wp-content\/uploads\/2022\/12\/Castrol-v5.png","datePublished":"2025-02-05T10:12:31+00:00","dateModified":"2025-02-08T06:02:33+00:00","breadcrumb":{"@id":"https:\/\/tatco.vn\/en\/san-pham\/mo-cong-nghiep-castrol-tribol-gr-100-2-pd-18kg\/#breadcrumb"},"inLanguage":"vi","potentialAction":[{"@type":"ReadAction","target":["https:\/\/tatco.vn\/en\/san-pham\/mo-cong-nghiep-castrol-tribol-gr-100-2-pd-18kg\/"]}]},{"@type":"ImageObject","inLanguage":"vi","@id":"https:\/\/tatco.vn\/en\/san-pham\/mo-cong-nghiep-castrol-tribol-gr-100-2-pd-18kg\/#primaryimage","url":"https:\/\/tatco.vn\/wp-content\/uploads\/2022\/12\/Castrol-v5.png","contentUrl":"https:\/\/tatco.vn\/wp-content\/uploads\/2022\/12\/Castrol-v5.png","width":750,"height":1000,"caption":"Castrol Perfecto HT 5"},{"@type":"BreadcrumbList","@id":"https:\/\/tatco.vn\/en\/san-pham\/mo-cong-nghiep-castrol-tribol-gr-100-2-pd-18kg\/#breadcrumb","itemListElement":[{"@type":"ListItem","position":1,"name":"Home","item":"https:\/\/tatco.vn\/"},{"@type":"ListItem","position":2,"name":"C\u1eeda h\u00e0ng","item":"https:\/\/tatco.vn\/en\/mua\/"},{"@type":"ListItem","position":3,"name":"Castrol Tribol\u2122 GR 100-2 PD 18KG"}]},{"@type":"WebSite","@id":"https:\/\/tatco.vn\/en\/#website","url":"https:\/\/tatco.vn\/en\/","name":"C\u00f4ng Ty TNHH D\u1ea7u Nh\u1eddn T&amp;T Vi\u1ec7t Nam","description":"Right Point - Right Time - Best Solution","publisher":{"@id":"https:\/\/tatco.vn\/en\/#organization"},"potentialAction":[{"@type":"SearchAction","target":{"@type":"EntryPoint","urlTemplate":"https:\/\/tatco.vn\/en\/?s={search_term_string}"},"query-input":{"@type":"PropertyValueSpecification","valueRequired":true,"valueName":"search_term_string"}}],"inLanguage":"vi"},{"@type":"Organization","@id":"https:\/\/tatco.vn\/en\/#organization","name":"C\u00f4ng Ty TNHH D\u1ea7u Nh\u1eddn T&T Vi\u1ec7t Nam","url":"https:\/\/tatco.vn\/en\/","logo":{"@type":"ImageObject","inLanguage":"vi","@id":"https:\/\/tatco.vn\/en\/#\/schema\/logo\/image\/","url":"https:\/\/tatco.vn\/wp-content\/uploads\/2019\/05\/fav-ico.png","contentUrl":"https:\/\/tatco.vn\/wp-content\/uploads\/2019\/05\/fav-ico.png","width":200,"height":200,"caption":"C\u00f4ng Ty TNHH D\u1ea7u Nh\u1eddn T&T Vi\u1ec7t Nam"},"image":{"@id":"https:\/\/tatco.vn\/en\/#\/schema\/logo\/image\/"}}]}},"_links":{"self":[{"href":"https:\/\/tatco.vn\/vi\/wp-json\/wp\/v2\/product\/27889","targetHints":{"allow":["GET"]}}],"collection":[{"href":"https:\/\/tatco.vn\/vi\/wp-json\/wp\/v2\/product"}],"about":[{"href":"https:\/\/tatco.vn\/vi\/wp-json\/wp\/v2\/types\/product"}],"replies":[{"embeddable":true,"href":"https:\/\/tatco.vn\/vi\/wp-json\/wp\/v2\/comments?post=27889"}],"version-history":[{"count":0,"href":"https:\/\/tatco.vn\/vi\/wp-json\/wp\/v2\/product\/27889\/revisions"}],"wp:featuredmedia":[{"embeddable":true,"href":"https:\/\/tatco.vn\/vi\/wp-json\/wp\/v2\/media\/27593"}],"wp:attachment":[{"href":"https:\/\/tatco.vn\/vi\/wp-json\/wp\/v2\/media?parent=27889"}],"wp:term":[{"taxonomy":"product_cat","embeddable":true,"href":"https:\/\/tatco.vn\/vi\/wp-json\/wp\/v2\/product_cat?post=27889"},{"taxonomy":"product_tag","embeddable":true,"href":"https:\/\/tatco.vn\/vi\/wp-json\/wp\/v2\/product_tag?post=27889"}],"curies":[{"name":"wp","href":"https:\/\/api.w.org\/{rel}","templated":true}]}}