{"id":27884,"date":"2025-02-05T16:06:27","date_gmt":"2025-02-05T09:06:27","guid":{"rendered":"https:\/\/tatco.vn\/vi\/?post_type=product&#038;p=27884"},"modified":"2025-02-08T13:01:16","modified_gmt":"2025-02-08T06:01:16","slug":"mo-cong-nghiep-castrol-spheerol-sy-range-4610","status":"publish","type":"product","link":"https:\/\/tatco.vn\/vi\/san-pham\/mo-cong-nghiep-castrol-spheerol-sy-range-4610-2\/","title":{"rendered":"M\u1ee1 C\u00f4ng Nghi\u1ec7p Castrol Spheerol\u2122 SY Range 4610 18KG"},"content":{"rendered":"<p><strong>Spheerol\u2122 SY Range 4610 &#8211; Super Premium Synthetic Greases<\/strong><\/p>\n<p style=\"text-align: justify\"><strong>M\u00f4 t\u1ea3 s\u1ea3n ph\u1ea9m Castrol Spheerol\u2122 SY Range 4610<\/strong>\u00a0l\u00e0 d\u00f2ng s\u1ea3n ph\u1ea9m m\u1ee1 b\u00f4i tr\u01a1n cao c\u1ea5p v\u1edbi th\u00e0nh ph\u1ea7n ch\u1ea5t l\u00e0m \u0111\u1eb7c lithium ph\u1ee9c h\u1ee3p v\u00e0 d\u1ea7u g\u1ed1c t\u1ed5ng h\u1ee3p. S\u1ea3n ph\u1ea9m ch\u1ee9a c\u00e1c ch\u1ea5t ch\u1ed1ng oxi h\u00f3a, ch\u1ea5t \u1ee9c ch\u1ebf \u0103n m\u00f2n v\u00e0 ph\u1ee5 gia ch\u1ecbu c\u1ef1c \u00e1p\/ch\u1ed1ng m\u00e0i m\u00f2n.<\/p>\n<p style=\"text-align: justify\"><strong>\u1ee8ng d\u1ee5ng<\/strong> Ch\u1ea5t l\u00e0m \u0111\u1eb7c c\u00f9ng v\u1edbi d\u1ea7u g\u1ed1c t\u1ed5ng h\u1ee3p l\u00e0m cho c\u00e1c s\u1ea3n ph\u1ea9m n\u00e0y ph\u00f9 h\u1ee3p v\u1edbi nhi\u1ec1u lo\u1ea1i \u1ee9ng d\u1ee5ng \u1ed5 bi, bao g\u1ed3m c\u1ea3 nhi\u1ec7t \u0111\u1ed9 cao v\u00e0 th\u1ea5p. C\u1ea5u tr\u00fac x\u00e0 ph\u00f2ng ph\u1ee9c h\u1ee3p c\u0169ng mang l\u1ea1i \u0111\u1ed9 \u1ed5n \u0111\u1ecbnh c\u01a1 h\u1ecdc cao cho s\u1ea3n ph\u1ea9m.<\/p>\n<p style=\"text-align: justify\"><strong>\u01afu \u0111i\u1ec3m<\/strong><\/p>\n<ul>\n<li style=\"text-align: justify\"><strong>Hi\u1ec7u su\u1ea5t nhi\u1ec7t \u0111\u1ed9 cao v\u00e0 th\u1ea5p xu\u1ea5t s\u1eafc<\/strong><\/li>\n<li style=\"text-align: justify\"><strong>\u0110\u1ed9 \u1ed5n \u0111\u1ecbnh c\u01a1 h\u1ecdc r\u1ea5t t\u1ed1t<\/strong><\/li>\n<li style=\"text-align: justify\"><strong>Kh\u1ea3 n\u0103ng ch\u1ecbu t\u1ea3i tr\u1ecdng l\u1edbn<\/strong><\/li>\n<li style=\"text-align: justify\"><strong>B\u1ea3o v\u1ec7 ch\u1ed1ng \u0103n m\u00f2n t\u1ed1t<\/strong><\/li>\n<\/ul>\n<p><strong>\u0110\u1eb7c \u0111i\u1ec3m k\u1ef9 thu\u1eadt<\/strong><\/p>\n<div>\n<div class=\"table-responsive\">\n<table class=\"table table-striped\">\n<tbody>\n<tr>\n<td width=\"203\">Typical Characteristics of Spheerol\u2122 SY Range<\/td>\n<td width=\"187\"><\/td>\n<td width=\"163\"><\/td>\n<td width=\"137\"><\/td>\n<td width=\"139\"><\/td>\n<td width=\"136\"><\/td>\n<\/tr>\n<tr>\n<td width=\"203\">Name<\/td>\n<td width=\"187\">Method<\/td>\n<td width=\"163\">Units<\/td>\n<td width=\"137\">Spheerol SY 1002<\/td>\n<td width=\"139\">Spheerol SY 2202<\/td>\n<td width=\"136\">Spheerol SY 4601<\/td>\n<\/tr>\n<tr>\n<td width=\"203\">Thickener Type<\/td>\n<td width=\"187\">&#8211;<\/td>\n<td width=\"163\">&#8211;<\/td>\n<td width=\"137\">Lithium Complex<\/td>\n<td width=\"139\">Lithium Complex<\/td>\n<td width=\"136\">Lithium Complex<\/td>\n<\/tr>\n<tr>\n<td width=\"203\">NLGI Classification<\/td>\n<td width=\"187\">ISO 2137\/ ASTM D217<\/td>\n<td width=\"163\">&#8211;<\/td>\n<td width=\"137\">2<\/td>\n<td width=\"139\">2<\/td>\n<td width=\"136\">1.5<\/td>\n<\/tr>\n<tr>\n<td width=\"203\">Color<\/td>\n<td width=\"187\">Visual<\/td>\n<td width=\"163\">&#8211;<\/td>\n<td width=\"137\">Beige<\/td>\n<td width=\"139\">Beige<\/td>\n<td width=\"136\">Beige<\/td>\n<\/tr>\n<tr>\n<td width=\"203\">Dropping Point<\/td>\n<td width=\"187\">ISO 2176 \/ ASTM D566<\/td>\n<td width=\"163\">\u00b0C<\/td>\n<td width=\"137\">&gt;260<\/td>\n<td width=\"139\">&gt;260<\/td>\n<td width=\"136\">&gt;260<\/td>\n<\/tr>\n<tr>\n<td width=\"203\">Base Oil Viscosity @ 40\u00b0C<\/td>\n<td width=\"187\">ISO 3104 \/ ASTM D445<\/td>\n<td width=\"163\">mm\u00b2\/s<\/td>\n<td width=\"137\">100<\/td>\n<td width=\"139\">220<\/td>\n<td width=\"136\">460<\/td>\n<\/tr>\n<tr>\n<td width=\"203\">Worked Penetration (60 strokes @ 25\u00b0C )<\/td>\n<td width=\"187\">ISO 2137 \/ ASTM D217<\/td>\n<td width=\"163\">0.1 mm<\/td>\n<td width=\"137\">265-295<\/td>\n<td width=\"139\">265-295<\/td>\n<td width=\"136\">290-320<\/td>\n<\/tr>\n<tr>\n<td width=\"203\">Four Ball Weld Load test &#8211; Weld Point<\/td>\n<td width=\"187\">DIN 51350-4<\/td>\n<td width=\"163\">kgf<\/td>\n<td width=\"137\">347<\/td>\n<td width=\"139\">347<\/td>\n<td width=\"136\">326<\/td>\n<\/tr>\n<tr>\n<td width=\"203\">Operating Temperature Range<\/td>\n<td width=\"187\">&#8211;<\/td>\n<td width=\"163\">\u00b0C<\/td>\n<td>-40 to +150<\/td>\n<td>-40 to +150<\/td>\n<td>-40 to +150<\/td>\n<\/tr>\n<\/tbody>\n<\/table>\n<\/div>\n<div><\/div>\n<p><\/p>","protected":false},"excerpt":{"rendered":"<p><strong>Castrol Spheerol\u2122 SY Range 4610<\/strong>\u00a0l\u00e0 d\u00f2ng s\u1ea3n ph\u1ea9m m\u1ee1 b\u00f4i tr\u01a1n cao c\u1ea5p v\u1edbi th\u00e0nh ph\u1ea7n ch\u1ea5t l\u00e0m \u0111\u1eb7c lithium ph\u1ee9c h\u1ee3p v\u00e0 d\u1ea7u g\u1ed1c t\u1ed5ng h\u1ee3p. S\u1ea3n ph\u1ea9m ch\u1ee9a c\u00e1c ch\u1ea5t ch\u1ed1ng oxi h\u00f3a, ch\u1ea5t \u1ee9c ch\u1ebf \u0103n m\u00f2n v\u00e0 ph\u1ee5 gia ch\u1ecbu c\u1ef1c \u00e1p\/ch\u1ed1ng m\u00e0i m\u00f2n.<\/p>\n","protected":false},"featured_media":27593,"comment_status":"closed","ping_status":"closed","template":"","meta":[],"product_cat":[776,760,999,786],"product_tag":[1059,1051,1060,1058,1061,1062,1063,1054,1055,1053,1052,1007,1049,1064,1057],"class_list":{"0":"post-27884","1":"product","2":"type-product","3":"status-publish","4":"has-post-thumbnail","6":"product_brand-castrol","7":"product_cat-dau-cong-nghiep-castrol","8":"product_cat-dau-nhot-castrol","9":"product_cat-mo-spheerol-epl-mo-cong-nghiep-castrol","10":"product_cat-mo-cong-nghiep-castrol","11":"product_tag-mo-boi-tron-castrol-spheerol","12":"product_tag-mo-boi-tron-da-dung","13":"product_tag-mo-boi-tron-tong-hop","14":"product_tag-mo-boi-tron-tong-hop-cao-cap","15":"product_tag-mo-chiu-nhiet-do-cao","16":"product_tag-mo-chiu-nhiet-do-thap","17":"product_tag-mo-chiu-tai-trong-lon","18":"product_tag-mo-cho-nganh-hang-hai","19":"product_tag-mo-cho-nganh-nang-luong","20":"product_tag-mo-cho-nganh-o-to","21":"product_tag-mo-cho-ung-dung-cong-nghiep","22":"product_tag-mo-chong-an-mon","23":"product_tag-mo-lithium-phuc-hop","24":"product_tag-mo-on-dinh-co-hoc","25":"product_tag-spheerol-sy-range","27":"first","28":"instock","29":"shipping-taxable","30":"product-type-simple"},"yoast_head":"<!-- This site is optimized with the Yoast SEO plugin v27.2 - https:\/\/yoast.com\/product\/yoast-seo-wordpress\/ -->\n<title>M\u1ee1 C\u00f4ng Nghi\u1ec7p Castrol Spheerol\u2122 SY Range 4610 18KG - C\u00f4ng Ty TNHH D\u1ea7u Nh\u1eddn T&amp;T Vi\u1ec7t Nam<\/title>\n<meta name=\"robots\" content=\"index, follow, max-snippet:-1, max-image-preview:large, max-video-preview:-1\" \/>\n<link rel=\"canonical\" href=\"https:\/\/tatco.vn\/en\/san-pham\/mo-cong-nghiep-castrol-spheerol-sy-range-4610\/\" \/>\n<meta property=\"og:locale\" content=\"vi_VN\" \/>\n<meta property=\"og:type\" content=\"article\" \/>\n<meta property=\"og:title\" content=\"M\u1ee1 C\u00f4ng Nghi\u1ec7p Castrol Spheerol\u2122 SY Range 4610 18KG - C\u00f4ng Ty TNHH D\u1ea7u Nh\u1eddn T&amp;T Vi\u1ec7t Nam\" \/>\n<meta property=\"og:url\" content=\"https:\/\/tatco.vn\/en\/san-pham\/mo-cong-nghiep-castrol-spheerol-sy-range-4610\/\" \/>\n<meta property=\"og:site_name\" content=\"C\u00f4ng Ty TNHH D\u1ea7u Nh\u1eddn T&amp;T Vi\u1ec7t Nam\" \/>\n<meta property=\"article:modified_time\" content=\"2025-02-08T06:01:16+00:00\" \/>\n<meta property=\"og:image\" content=\"https:\/\/tatco.vn\/wp-content\/uploads\/2022\/12\/Castrol-v5.png\" \/>\n\t<meta property=\"og:image:width\" content=\"750\" \/>\n\t<meta property=\"og:image:height\" content=\"1000\" \/>\n\t<meta property=\"og:image:type\" content=\"image\/png\" \/>\n<meta name=\"twitter:card\" content=\"summary_large_image\" \/>\n<meta name=\"twitter:label1\" content=\"\u01af\u1edbc t\u00ednh th\u1eddi gian \u0111\u1ecdc\" \/>\n\t<meta name=\"twitter:data1\" content=\"2 ph\u00fat\" \/>\n<script type=\"application\/ld+json\" class=\"yoast-schema-graph\">{\"@context\":\"https:\/\/schema.org\",\"@graph\":[{\"@type\":\"WebPage\",\"@id\":\"https:\/\/tatco.vn\/en\/san-pham\/mo-cong-nghiep-castrol-spheerol-sy-range-4610\/\",\"url\":\"https:\/\/tatco.vn\/en\/san-pham\/mo-cong-nghiep-castrol-spheerol-sy-range-4610\/\",\"name\":\"M\u1ee1 C\u00f4ng Nghi\u1ec7p Castrol Spheerol\u2122 SY Range 4610 18KG - C\u00f4ng Ty TNHH D\u1ea7u Nh\u1eddn T&amp;T Vi\u1ec7t Nam\",\"isPartOf\":{\"@id\":\"https:\/\/tatco.vn\/en\/#website\"},\"primaryImageOfPage\":{\"@id\":\"https:\/\/tatco.vn\/en\/san-pham\/mo-cong-nghiep-castrol-spheerol-sy-range-4610\/#primaryimage\"},\"image\":{\"@id\":\"https:\/\/tatco.vn\/en\/san-pham\/mo-cong-nghiep-castrol-spheerol-sy-range-4610\/#primaryimage\"},\"thumbnailUrl\":\"https:\/\/tatco.vn\/wp-content\/uploads\/2022\/12\/Castrol-v5.png\",\"datePublished\":\"2025-02-05T09:06:27+00:00\",\"dateModified\":\"2025-02-08T06:01:16+00:00\",\"breadcrumb\":{\"@id\":\"https:\/\/tatco.vn\/en\/san-pham\/mo-cong-nghiep-castrol-spheerol-sy-range-4610\/#breadcrumb\"},\"inLanguage\":\"vi\",\"potentialAction\":[{\"@type\":\"ReadAction\",\"target\":[\"https:\/\/tatco.vn\/en\/san-pham\/mo-cong-nghiep-castrol-spheerol-sy-range-4610\/\"]}]},{\"@type\":\"ImageObject\",\"inLanguage\":\"vi\",\"@id\":\"https:\/\/tatco.vn\/en\/san-pham\/mo-cong-nghiep-castrol-spheerol-sy-range-4610\/#primaryimage\",\"url\":\"https:\/\/tatco.vn\/wp-content\/uploads\/2022\/12\/Castrol-v5.png\",\"contentUrl\":\"https:\/\/tatco.vn\/wp-content\/uploads\/2022\/12\/Castrol-v5.png\",\"width\":750,\"height\":1000,\"caption\":\"Castrol Perfecto HT 5\"},{\"@type\":\"BreadcrumbList\",\"@id\":\"https:\/\/tatco.vn\/en\/san-pham\/mo-cong-nghiep-castrol-spheerol-sy-range-4610\/#breadcrumb\",\"itemListElement\":[{\"@type\":\"ListItem\",\"position\":1,\"name\":\"Home\",\"item\":\"https:\/\/tatco.vn\/\"},{\"@type\":\"ListItem\",\"position\":2,\"name\":\"C\u1eeda h\u00e0ng\",\"item\":\"https:\/\/tatco.vn\/en\/mua\/\"},{\"@type\":\"ListItem\",\"position\":3,\"name\":\"Castrol Spheerol\u2122 SY Range 4601 18KG\"}]},{\"@type\":\"WebSite\",\"@id\":\"https:\/\/tatco.vn\/en\/#website\",\"url\":\"https:\/\/tatco.vn\/en\/\",\"name\":\"C\u00f4ng Ty TNHH D\u1ea7u Nh\u1eddn T&amp;T Vi\u1ec7t Nam\",\"description\":\"Right Point - Right Time - Best Solution\",\"publisher\":{\"@id\":\"https:\/\/tatco.vn\/en\/#organization\"},\"potentialAction\":[{\"@type\":\"SearchAction\",\"target\":{\"@type\":\"EntryPoint\",\"urlTemplate\":\"https:\/\/tatco.vn\/en\/?s={search_term_string}\"},\"query-input\":{\"@type\":\"PropertyValueSpecification\",\"valueRequired\":true,\"valueName\":\"search_term_string\"}}],\"inLanguage\":\"vi\"},{\"@type\":\"Organization\",\"@id\":\"https:\/\/tatco.vn\/en\/#organization\",\"name\":\"C\u00f4ng Ty TNHH D\u1ea7u Nh\u1eddn T&T Vi\u1ec7t Nam\",\"url\":\"https:\/\/tatco.vn\/en\/\",\"logo\":{\"@type\":\"ImageObject\",\"inLanguage\":\"vi\",\"@id\":\"https:\/\/tatco.vn\/en\/#\/schema\/logo\/image\/\",\"url\":\"https:\/\/tatco.vn\/wp-content\/uploads\/2019\/05\/fav-ico.png\",\"contentUrl\":\"https:\/\/tatco.vn\/wp-content\/uploads\/2019\/05\/fav-ico.png\",\"width\":200,\"height\":200,\"caption\":\"C\u00f4ng Ty TNHH D\u1ea7u Nh\u1eddn T&T Vi\u1ec7t Nam\"},\"image\":{\"@id\":\"https:\/\/tatco.vn\/en\/#\/schema\/logo\/image\/\"}}]}<\/script>\n<!-- \/ Yoast SEO plugin. -->","yoast_head_json":{"title":"M\u1ee1 C\u00f4ng Nghi\u1ec7p Castrol Spheerol\u2122 SY Range 4610 18KG - C\u00f4ng Ty TNHH D\u1ea7u Nh\u1eddn T&amp;T Vi\u1ec7t Nam","robots":{"index":"index","follow":"follow","max-snippet":"max-snippet:-1","max-image-preview":"max-image-preview:large","max-video-preview":"max-video-preview:-1"},"canonical":"https:\/\/tatco.vn\/en\/san-pham\/mo-cong-nghiep-castrol-spheerol-sy-range-4610\/","og_locale":"vi_VN","og_type":"article","og_title":"M\u1ee1 C\u00f4ng Nghi\u1ec7p Castrol Spheerol\u2122 SY Range 4610 18KG - C\u00f4ng Ty TNHH D\u1ea7u Nh\u1eddn T&amp;T Vi\u1ec7t Nam","og_url":"https:\/\/tatco.vn\/en\/san-pham\/mo-cong-nghiep-castrol-spheerol-sy-range-4610\/","og_site_name":"C\u00f4ng Ty TNHH D\u1ea7u Nh\u1eddn T&amp;T Vi\u1ec7t Nam","article_modified_time":"2025-02-08T06:01:16+00:00","og_image":[{"width":750,"height":1000,"url":"https:\/\/tatco.vn\/wp-content\/uploads\/2022\/12\/Castrol-v5.png","type":"image\/png"}],"twitter_card":"summary_large_image","twitter_misc":{"\u01af\u1edbc t\u00ednh th\u1eddi gian \u0111\u1ecdc":"2 ph\u00fat"},"schema":{"@context":"https:\/\/schema.org","@graph":[{"@type":"WebPage","@id":"https:\/\/tatco.vn\/en\/san-pham\/mo-cong-nghiep-castrol-spheerol-sy-range-4610\/","url":"https:\/\/tatco.vn\/en\/san-pham\/mo-cong-nghiep-castrol-spheerol-sy-range-4610\/","name":"M\u1ee1 C\u00f4ng Nghi\u1ec7p Castrol Spheerol\u2122 SY Range 4610 18KG - C\u00f4ng Ty TNHH D\u1ea7u Nh\u1eddn T&amp;T Vi\u1ec7t Nam","isPartOf":{"@id":"https:\/\/tatco.vn\/en\/#website"},"primaryImageOfPage":{"@id":"https:\/\/tatco.vn\/en\/san-pham\/mo-cong-nghiep-castrol-spheerol-sy-range-4610\/#primaryimage"},"image":{"@id":"https:\/\/tatco.vn\/en\/san-pham\/mo-cong-nghiep-castrol-spheerol-sy-range-4610\/#primaryimage"},"thumbnailUrl":"https:\/\/tatco.vn\/wp-content\/uploads\/2022\/12\/Castrol-v5.png","datePublished":"2025-02-05T09:06:27+00:00","dateModified":"2025-02-08T06:01:16+00:00","breadcrumb":{"@id":"https:\/\/tatco.vn\/en\/san-pham\/mo-cong-nghiep-castrol-spheerol-sy-range-4610\/#breadcrumb"},"inLanguage":"vi","potentialAction":[{"@type":"ReadAction","target":["https:\/\/tatco.vn\/en\/san-pham\/mo-cong-nghiep-castrol-spheerol-sy-range-4610\/"]}]},{"@type":"ImageObject","inLanguage":"vi","@id":"https:\/\/tatco.vn\/en\/san-pham\/mo-cong-nghiep-castrol-spheerol-sy-range-4610\/#primaryimage","url":"https:\/\/tatco.vn\/wp-content\/uploads\/2022\/12\/Castrol-v5.png","contentUrl":"https:\/\/tatco.vn\/wp-content\/uploads\/2022\/12\/Castrol-v5.png","width":750,"height":1000,"caption":"Castrol Perfecto HT 5"},{"@type":"BreadcrumbList","@id":"https:\/\/tatco.vn\/en\/san-pham\/mo-cong-nghiep-castrol-spheerol-sy-range-4610\/#breadcrumb","itemListElement":[{"@type":"ListItem","position":1,"name":"Home","item":"https:\/\/tatco.vn\/"},{"@type":"ListItem","position":2,"name":"C\u1eeda h\u00e0ng","item":"https:\/\/tatco.vn\/en\/mua\/"},{"@type":"ListItem","position":3,"name":"Castrol Spheerol\u2122 SY Range 4601 18KG"}]},{"@type":"WebSite","@id":"https:\/\/tatco.vn\/en\/#website","url":"https:\/\/tatco.vn\/en\/","name":"C\u00f4ng Ty TNHH D\u1ea7u Nh\u1eddn T&amp;T Vi\u1ec7t Nam","description":"Right Point - Right Time - Best Solution","publisher":{"@id":"https:\/\/tatco.vn\/en\/#organization"},"potentialAction":[{"@type":"SearchAction","target":{"@type":"EntryPoint","urlTemplate":"https:\/\/tatco.vn\/en\/?s={search_term_string}"},"query-input":{"@type":"PropertyValueSpecification","valueRequired":true,"valueName":"search_term_string"}}],"inLanguage":"vi"},{"@type":"Organization","@id":"https:\/\/tatco.vn\/en\/#organization","name":"C\u00f4ng Ty TNHH D\u1ea7u Nh\u1eddn T&T Vi\u1ec7t Nam","url":"https:\/\/tatco.vn\/en\/","logo":{"@type":"ImageObject","inLanguage":"vi","@id":"https:\/\/tatco.vn\/en\/#\/schema\/logo\/image\/","url":"https:\/\/tatco.vn\/wp-content\/uploads\/2019\/05\/fav-ico.png","contentUrl":"https:\/\/tatco.vn\/wp-content\/uploads\/2019\/05\/fav-ico.png","width":200,"height":200,"caption":"C\u00f4ng Ty TNHH D\u1ea7u Nh\u1eddn T&T Vi\u1ec7t Nam"},"image":{"@id":"https:\/\/tatco.vn\/en\/#\/schema\/logo\/image\/"}}]}},"_links":{"self":[{"href":"https:\/\/tatco.vn\/vi\/wp-json\/wp\/v2\/product\/27884","targetHints":{"allow":["GET"]}}],"collection":[{"href":"https:\/\/tatco.vn\/vi\/wp-json\/wp\/v2\/product"}],"about":[{"href":"https:\/\/tatco.vn\/vi\/wp-json\/wp\/v2\/types\/product"}],"replies":[{"embeddable":true,"href":"https:\/\/tatco.vn\/vi\/wp-json\/wp\/v2\/comments?post=27884"}],"version-history":[{"count":0,"href":"https:\/\/tatco.vn\/vi\/wp-json\/wp\/v2\/product\/27884\/revisions"}],"wp:featuredmedia":[{"embeddable":true,"href":"https:\/\/tatco.vn\/vi\/wp-json\/wp\/v2\/media\/27593"}],"wp:attachment":[{"href":"https:\/\/tatco.vn\/vi\/wp-json\/wp\/v2\/media?parent=27884"}],"wp:term":[{"taxonomy":"product_cat","embeddable":true,"href":"https:\/\/tatco.vn\/vi\/wp-json\/wp\/v2\/product_cat?post=27884"},{"taxonomy":"product_tag","embeddable":true,"href":"https:\/\/tatco.vn\/vi\/wp-json\/wp\/v2\/product_tag?post=27884"}],"curies":[{"name":"wp","href":"https:\/\/api.w.org\/{rel}","templated":true}]}}