{"id":27882,"date":"2025-02-05T15:56:16","date_gmt":"2025-02-05T08:56:16","guid":{"rendered":"https:\/\/tatco.vn\/vi\/?post_type=product&#038;p=27882"},"modified":"2025-02-08T13:00:27","modified_gmt":"2025-02-08T06:00:27","slug":"mo-cong-nghiep-castrol-spheerol-eplx-460-2-181-4kg","status":"publish","type":"product","link":"https:\/\/tatco.vn\/vi\/san-pham\/mo-cong-nghiep-castrol-spheerol-eplx-460-2-181-4kg\/","title":{"rendered":"M\u1ee1 C\u00f4ng Nghi\u1ec7p Castrol SPHEEROL EPLX 460-2 181.4KG"},"content":{"rendered":"<p><\/p>\n<div role=\"article\" data-tabster=\"{&quot;groupper&quot;:{&quot;tabbability&quot;:2},&quot;focusable&quot;:{}}\" data-content=\"ai-message\" aria-labelledby=\"Hq8GodvAE3UkTPziVdSqF-author} Hq8GodvAE3UkTPziVdSqF-content-0\">\n<div id=\"Hq8GodvAE3UkTPziVdSqF-content-0\">\n<p><strong>Spheerol EPLX 460-2 Bearing Grease &#8211; M\u1ee1 b\u00f4i tr\u01a1n Spheerol EPLX 460-2<\/strong><\/p>\n<p><strong>M\u00f4 t\u1ea3 s\u1ea3n ph\u1ea9m<\/strong> <strong>Spheerol EPLX 460-2<\/strong>\u00a0(tr\u01b0\u1edbc \u0111\u00e2y g\u1ecdi l\u00e0 Spheerol EPLX) l\u00e0 s\u1ea3n ph\u1ea9m g\u1ed1c lithium ph\u1ee9c h\u1ee3p ch\u1ee9a d\u1ea7u kho\u00e1ng tinh ch\u1ebf cao v\u00e0 \u0111\u01b0\u1ee3c c\u1ee7ng c\u1ed1 v\u1edbi c\u00e1c ph\u1ee5 gia ch\u1ecbu c\u1ef1c \u00e1p (EP) c\u0169ng nh\u01b0 c\u00e1c ch\u1ea5t ch\u1ed1ng \u0103n m\u00f2n v\u00e0 oxi h\u00f3a. Nh\u1eefng m\u1ee1 n\u00e0y \u0111\u00e3 \u0111\u01b0\u1ee3c pha ch\u1ebf v\u1edbi c\u00e1c ph\u1ee5 gia cung c\u1ea5p \u0111\u1ed9 b\u1ec1n m\u00e0ng t\u1ed1t d\u01b0\u1edbi t\u1ea3i tr\u1ecdng t\u1eeb trung b\u00ecnh \u0111\u1ebfn cao.<\/p>\n<p style=\"text-align: justify\"><strong>\u1ee8ng d\u1ee5ng<\/strong> Spheerol EPLX 460 l\u00e0 m\u1ee1 b\u00f4i tr\u01a1n \u0111a d\u1ee5ng \u0111\u01b0\u1ee3c thi\u1ebft k\u1ebf cho vi\u1ec7c b\u00f4i tr\u01a1n to\u00e0n b\u1ed9 nh\u00e0 m\u00e1y. Nh\u1eefng m\u1ee1 n\u00e0y cung c\u1ea5p \u0111\u1ed9 b\u1ec1n m\u00e0ng xu\u1ea5t s\u1eafc v\u00e0 \u0111\u01b0\u1ee3c pha ch\u1ebf v\u1edbi h\u1ec7 th\u1ed1ng ph\u1ee5 gia \u0111\u1ed9c quy\u1ec1n \u0111\u1ec3 b\u1ea3o v\u1ec7 ch\u1ed1ng ma s\u00e1t v\u00e0 m\u00e0i m\u00f2n d\u01b0\u1edbi t\u1ea3i tr\u1ecdng n\u1eb7ng. Nh\u1eefng m\u1ee1 n\u00e0y c\u0169ng cung c\u1ea5p kh\u1ea3 n\u0103ng ch\u1ed1ng g\u1ec9 s\u00e9t v\u00e0 \u0103n m\u00f2n c\u0169ng nh\u01b0 kh\u1ea3 n\u0103ng ch\u1ed1ng n\u01b0\u1edbc r\u1eeda tr\u00f4i, l\u00e0m cho ch\u00fang \u0111\u1eb7c bi\u1ec7t ph\u00f9 h\u1ee3p cho c\u00e1c thi\u1ebft b\u1ecb ho\u1ea1t \u0111\u1ed9ng trong \u0111i\u1ec1u ki\u1ec7n \u1ea9m \u01b0\u1edbt ho\u1eb7c c\u00f3 n\u01b0\u1edbc.<\/p>\n<p style=\"text-align: justify\">C\u00e1c \u1ee9ng d\u1ee5ng \u0111i\u1ec3n h\u00ecnh bao g\u1ed3m \u1ed5 bi, \u1ed5 l\u0103n, b\u1ea1c \u0111\u1ea1n trong c\u00e1c ng\u00e0nh c\u00f4ng nghi\u1ec7p th\u00e9p, khai th\u00e1c m\u1ecf, khai th\u00e1c g\u1ed7, h\u00f3a ch\u1ea5t v\u00e0 x\u00e2y d\u1ef1ng, v\u00e0 c\u00e1c \u0111i\u1ec1u ki\u1ec7n y\u00eau c\u1ea7u ng\u0103n ch\u1eb7n \u00f4 nhi\u1ec5m t\u1eeb b\u00ean ngo\u00e0i nh\u01b0 b\u1ee5i v\u00e0 n\u01b0\u1edbc.<\/p>\n<p style=\"text-align: justify\"><strong>\u01afu \u0111i\u1ec3m<\/strong><\/p>\n<ul style=\"text-align: justify\">\n<li><strong>\u0110\u1ed9 \u1ed5n \u0111\u1ecbnh c\u01a1 h\u1ecdc cao<\/strong>: M\u1ee1 gi\u1eef \u0111\u01b0\u1ee3c \u0111\u1ed9 nh\u1ea5t qu\u00e1n trong qu\u00e1 tr\u00ecnh s\u1eed d\u1ee5ng, \u0111\u1ea3m b\u1ea3o tu\u1ed5i th\u1ecd b\u00f4i tr\u01a1n l\u00e2u d\u00e0i.<\/li>\n<li><strong>Kh\u1ea3 n\u0103ng b\u00e1m d\u00ednh t\u1ed1t<\/strong>: Duy tr\u00ec b\u00f4i tr\u01a1n li\u00ean t\u1ee5c v\u00e0 gi\u1ea3m ti\u00eau hao khi m\u00e0ng b\u00f4i tr\u01a1n v\u1eabn gi\u1eefa c\u00e1c b\u1ec1 m\u1eb7t.<\/li>\n<li><strong>Kh\u1ea3 n\u0103ng ch\u1ed1ng n\u01b0\u1edbc t\u1ed1t<\/strong>: M\u00e0ng b\u00f4i tr\u01a1n v\u1eabn tr\u00ean b\u1ec1 m\u1eb7t ngay c\u1ea3 khi ti\u1ebfp x\u00fac v\u1edbi n\u01b0\u1edbc.<\/li>\n<li><strong>Ch\u1ed1ng \u0103n m\u00f2n \u0111\u1ed3ng v\u00e0 th\u00e9p<\/strong>: Gi\u00fap ng\u0103n ng\u1eeba g\u1ec9 s\u00e9t v\u00e0 oxi h\u00f3a tr\u00ean b\u1ec1 m\u1eb7t kim lo\u1ea1i.<\/li>\n<li><strong>T\u00ednh ch\u1ea5t EP v\u00e0 ch\u1ed1ng m\u00f2n tuy\u1ec7t v\u1eddi<\/strong>: B\u1ea3o v\u1ec7 thi\u1ebft b\u1ecb kh\u1ecfi t\u1ea3i tr\u1ecdng l\u1edbn v\u00e0 gi\u1ea3m thi\u1ec3u m\u00f2n linh ki\u1ec7n \u1ed5 bi.<\/li>\n<\/ul>\n<p style=\"text-align: justify\"><strong>Th\u00f4ng tin b\u1ed5 sung<\/strong> \u0110\u1ec3 gi\u1ea3m thi\u1ec3u kh\u1ea3 n\u0103ng kh\u00f4ng t\u01b0\u01a1ng th\u00edch khi chuy\u1ec3n \u0111\u1ed5i sang m\u1ee1 m\u1edbi, n\u00ean lo\u1ea1i b\u1ecf c\u00e0ng nhi\u1ec1u m\u1ee1 c\u0169 c\u00e0ng t\u1ed1t tr\u01b0\u1edbc khi v\u1eadn h\u00e0nh. Trong qu\u00e1 tr\u00ecnh v\u1eadn h\u00e0nh ban \u0111\u1ea7u, kho\u1ea3ng th\u1eddi gian b\u00f4i tr\u01a1n l\u1ea1i n\u00ean \u0111\u01b0\u1ee3c gi\u00e1m s\u00e1t ch\u1eb7t ch\u1ebd \u0111\u1ec3 \u0111\u1ea3m b\u1ea3o t\u1ea5t c\u1ea3 m\u1ee1 c\u0169 \u0111\u01b0\u1ee3c t\u1ea9y r\u1eeda.<\/p>\n<p><strong>\u0110\u1eb7c \u0111i\u1ec3m k\u1ef9 thu\u1eadt<\/strong><\/p>\n<div>\n<div>\n<div class=\"table-responsive\">\n<table class=\"table table-striped\">\n<thead>\n<tr>\n<th><strong>\u0110\u1eb7c \u0111i\u1ec3m k\u1ef9 thu\u1eadt<\/strong><\/th>\n<th><strong>Ph\u01b0\u01a1ng ph\u00e1p<\/strong><\/th>\n<th><strong>\u0110\u01a1n v\u1ecb<\/strong><\/th>\n<th><strong>EPLX 460-1<\/strong><\/th>\n<th><strong>EPLX 460-2<\/strong><\/th>\n<\/tr>\n<\/thead>\n<tbody>\n<tr>\n<td>Ngo\u1ea1i h\u00ecnh<\/td>\n<td>Tr\u1ef1c quan<\/td>\n<td>&#8211;<\/td>\n<td>N\u00e2u \u0111\u1eadm<\/td>\n<td>N\u00e2u \u0111\u1eadm<\/td>\n<\/tr>\n<tr>\n<td>Lo\u1ea1i ch\u1ea5t l\u00e0m \u0111\u1eb7c<\/td>\n<td>&#8211;<\/td>\n<td>&#8211;<\/td>\n<td>Lithium complex<\/td>\n<td>Lithium complex<\/td>\n<\/tr>\n<tr>\n<td>D\u1ea7u n\u1ec1n<\/td>\n<td>&#8211;<\/td>\n<td>&#8211;<\/td>\n<td>D\u1ea7u kho\u00e1ng<\/td>\n<td>D\u1ea7u kho\u00e1ng<\/td>\n<\/tr>\n<tr>\n<td>\u0110\u1ed9 nh\u1ea5t qu\u00e1n (NLGI Grade)<\/td>\n<td>ASTM D217<\/td>\n<td>&#8211;<\/td>\n<td>1<\/td>\n<td>2<\/td>\n<\/tr>\n<tr>\n<td>\u0110\u1ed9 th\u1ea5m l\u00e0m vi\u1ec7c @ 25\u00b0C (60 l\u1ea7n)<\/td>\n<td>ASTM D217<\/td>\n<td>0.1 mm<\/td>\n<td>310-340<\/td>\n<td>265-295<\/td>\n<\/tr>\n<tr>\n<td>\u0110\u1ed9 th\u1ea5m l\u00e0m vi\u1ec7c @ 25\u00b0C (100.000 l\u1ea7n)<\/td>\n<td>ASTM D217<\/td>\n<td>% thay \u0111\u1ed5i<\/td>\n<td>5<\/td>\n<td>3<\/td>\n<\/tr>\n<tr>\n<td>\u0110i\u1ec3m nh\u1ecf gi\u1ecdt<\/td>\n<td>ASTM D566<\/td>\n<td>\u00b0C<\/td>\n<td>260<\/td>\n<td>260<\/td>\n<\/tr>\n<tr>\n<td>\u0110\u1ed9 nh\u1edbt d\u1ea7u n\u1ec1n @ 40\u00b0C<\/td>\n<td>ASTM D445<\/td>\n<td>mm\u00b2\/s<\/td>\n<td>460<\/td>\n<td>460<\/td>\n<\/tr>\n<tr>\n<td>Ki\u1ec3m tra g\u1ec9 (n\u01b0\u1edbc c\u1ea5t)<\/td>\n<td>ASTM D665A<\/td>\n<td>\u0110\u1ea1t<\/td>\n<td>\u0110\u1ea1t<\/td>\n<td>\u0110\u1ea1t<\/td>\n<\/tr>\n<tr>\n<td>\u0102n m\u00f2n \u0111\u1ed3ng (24 gi\u1edd, 100\u00b0C)<\/td>\n<td>ASTM 4048<\/td>\n<td>X\u1ebfp h\u1ea1ng<\/td>\n<td>1b<\/td>\n<td>1b<\/td>\n<\/tr>\n<tr>\n<td>Th\u1eed m\u00f2n bi 4 &#8211; \u0110\u01b0\u1eddng k\u00ednh v\u1ebft m\u00f2n<\/td>\n<td>ASTM D2266<\/td>\n<td>mm<\/td>\n<td>0.5<\/td>\n<td>0.5<\/td>\n<\/tr>\n<tr>\n<td>T\u1ea3i tr\u1ecdng h\u00e0n bi 4<\/td>\n<td>ASTM D2596<\/td>\n<td>kg<\/td>\n<td>315<\/td>\n<td>315<\/td>\n<\/tr>\n<tr>\n<td>R\u1eeda tr\u00f4i n\u01b0\u1edbc @ 79\u00b0C<\/td>\n<td>ASTM D1264<\/td>\n<td>%wt m\u1ea5t<\/td>\n<td>6<\/td>\n<td>5<\/td>\n<\/tr>\n<tr>\n<td>\u0110\u1ed9 \u1ed5n \u0111\u1ecbnh oxy h\u00f3a (gi\u1ea3m psi, t\u1ed1i \u0111a)<\/td>\n<td>ASTM D942<\/td>\n<td>psi<\/td>\n<td>8<\/td>\n<td>7<\/td>\n<\/tr>\n<tr>\n<td>\u0110\u1ed9 \u1ed5n \u0111\u1ecbnh cu\u1ed9n kh\u00f4<\/td>\n<td>ASTM D1831<\/td>\n<td>% thay \u0111\u1ed5i<\/td>\n<td>5<\/td>\n<td>3<\/td>\n<\/tr>\n<tr>\n<td>T\u00e1ch d\u1ea7u (24 gi\u1edd, 0.25 psi, 25\u00b0C)<\/td>\n<td>ASTM D1742<\/td>\n<td>%<\/td>\n<td>2<\/td>\n<td>1.8<\/td>\n<\/tr>\n<tr>\n<td>Ph\u00e2n lo\u1ea1i ISO<\/td>\n<td>ISO 6743\/9<\/td>\n<td>&#8211;<\/td>\n<td>L-XBDFB 1<\/td>\n<td>L-XBDFB 2<\/td>\n<\/tr>\n<\/tbody>\n<\/table>\n<\/div>\n<\/div>\n<\/div>\n<\/div>\n<p>&nbsp;<\/p>\n<\/div>\n<p><\/p>","protected":false},"excerpt":{"rendered":"<p><strong>Spheerol EPLX 460-2<\/strong>\u00a0(tr\u01b0\u1edbc \u0111\u00e2y g\u1ecdi l\u00e0 Spheerol EPLX) l\u00e0 s\u1ea3n ph\u1ea9m g\u1ed1c lithium ph\u1ee9c h\u1ee3p ch\u1ee9a d\u1ea7u kho\u00e1ng tinh ch\u1ebf cao v\u00e0 \u0111\u01b0\u1ee3c c\u1ee7ng c\u1ed1 v\u1edbi c\u00e1c ph\u1ee5 gia ch\u1ecbu c\u1ef1c \u00e1p (EP) c\u0169ng nh\u01b0 c\u00e1c ch\u1ea5t ch\u1ed1ng \u0103n m\u00f2n v\u00e0 oxi h\u00f3a. Nh\u1eefng m\u1ee1 n\u00e0y \u0111\u00e3 \u0111\u01b0\u1ee3c pha ch\u1ebf v\u1edbi c\u00e1c ph\u1ee5 gia cung c\u1ea5p \u0111\u1ed9 b\u1ec1n m\u00e0ng t\u1ed1t d\u01b0\u1edbi t\u1ea3i tr\u1ecdng t\u1eeb trung b\u00ecnh \u0111\u1ebfn cao.<\/p>\n","protected":false},"featured_media":27593,"comment_status":"closed","ping_status":"closed","template":"","meta":[],"product_cat":[776,760,999,786],"product_tag":[1048,1051,1046,1050,1056,1054,1055,1053,1052,1007,1009,1005,1049,1047,1045],"class_list":{"0":"post-27882","1":"product","2":"type-product","3":"status-publish","4":"has-post-thumbnail","6":"product_brand-castrol","7":"product_cat-dau-cong-nghiep-castrol","8":"product_cat-dau-nhot-castrol","9":"product_cat-mo-spheerol-epl-mo-cong-nghiep-castrol","10":"product_cat-mo-cong-nghiep-castrol","11":"product_tag-mo-boi-tron-castrol","12":"product_tag-mo-boi-tron-da-dung","13":"product_tag-mo-boi-tron-o-bi","14":"product_tag-mo-chiu-cuc-ap","15":"product_tag-mo-chiu-tai-trong-nang","16":"product_tag-mo-cho-nganh-hang-hai","17":"product_tag-mo-cho-nganh-nang-luong","18":"product_tag-mo-cho-nganh-o-to","19":"product_tag-mo-cho-ung-dung-cong-nghiep","20":"product_tag-mo-chong-an-mon","21":"product_tag-mo-chong-nuoc","22":"product_tag-mo-hieu-suat-cao","23":"product_tag-mo-lithium-phuc-hop","24":"product_tag-mo-spheerol-eplx","25":"product_tag-spheerol-eplx-460","27":"first","28":"instock","29":"shipping-taxable","30":"product-type-simple"},"yoast_head":"<!-- This site is optimized with the Yoast SEO plugin v27.2 - https:\/\/yoast.com\/product\/yoast-seo-wordpress\/ -->\n<title>M\u1ee1 C\u00f4ng Nghi\u1ec7p Castrol SPHEEROL EPLX 460-2 181.4KG - C\u00f4ng Ty TNHH D\u1ea7u Nh\u1eddn T&amp;T Vi\u1ec7t Nam<\/title>\n<meta name=\"robots\" content=\"index, follow, max-snippet:-1, max-image-preview:large, max-video-preview:-1\" \/>\n<link rel=\"canonical\" href=\"https:\/\/tatco.vn\/vi\/san-pham\/mo-cong-nghiep-castrol-spheerol-eplx-460-2-181-4kg\/\" \/>\n<meta property=\"og:locale\" content=\"vi_VN\" \/>\n<meta property=\"og:type\" content=\"article\" \/>\n<meta property=\"og:title\" content=\"M\u1ee1 C\u00f4ng Nghi\u1ec7p Castrol SPHEEROL EPLX 460-2 181.4KG - C\u00f4ng Ty TNHH D\u1ea7u Nh\u1eddn T&amp;T Vi\u1ec7t Nam\" \/>\n<meta property=\"og:url\" content=\"https:\/\/tatco.vn\/vi\/san-pham\/mo-cong-nghiep-castrol-spheerol-eplx-460-2-181-4kg\/\" \/>\n<meta property=\"og:site_name\" content=\"C\u00f4ng Ty TNHH D\u1ea7u Nh\u1eddn T&amp;T Vi\u1ec7t Nam\" \/>\n<meta property=\"article:modified_time\" content=\"2025-02-08T06:00:27+00:00\" \/>\n<meta property=\"og:image\" content=\"https:\/\/tatco.vn\/wp-content\/uploads\/2022\/12\/Castrol-v5.png\" \/>\n\t<meta property=\"og:image:width\" content=\"750\" \/>\n\t<meta property=\"og:image:height\" content=\"1000\" \/>\n\t<meta property=\"og:image:type\" content=\"image\/png\" \/>\n<meta name=\"twitter:card\" content=\"summary_large_image\" \/>\n<meta name=\"twitter:label1\" content=\"\u01af\u1edbc t\u00ednh th\u1eddi gian \u0111\u1ecdc\" \/>\n\t<meta name=\"twitter:data1\" content=\"4 ph\u00fat\" \/>\n<script type=\"application\/ld+json\" class=\"yoast-schema-graph\">{\"@context\":\"https:\/\/schema.org\",\"@graph\":[{\"@type\":\"WebPage\",\"@id\":\"https:\/\/tatco.vn\/vi\/san-pham\/mo-cong-nghiep-castrol-spheerol-eplx-460-2-181-4kg\/\",\"url\":\"https:\/\/tatco.vn\/vi\/san-pham\/mo-cong-nghiep-castrol-spheerol-eplx-460-2-181-4kg\/\",\"name\":\"M\u1ee1 C\u00f4ng Nghi\u1ec7p Castrol SPHEEROL EPLX 460-2 181.4KG - C\u00f4ng Ty TNHH D\u1ea7u Nh\u1eddn T&amp;T Vi\u1ec7t Nam\",\"isPartOf\":{\"@id\":\"https:\/\/tatco.vn\/en\/#website\"},\"primaryImageOfPage\":{\"@id\":\"https:\/\/tatco.vn\/vi\/san-pham\/mo-cong-nghiep-castrol-spheerol-eplx-460-2-181-4kg\/#primaryimage\"},\"image\":{\"@id\":\"https:\/\/tatco.vn\/vi\/san-pham\/mo-cong-nghiep-castrol-spheerol-eplx-460-2-181-4kg\/#primaryimage\"},\"thumbnailUrl\":\"https:\/\/tatco.vn\/wp-content\/uploads\/2022\/12\/Castrol-v5.png\",\"datePublished\":\"2025-02-05T08:56:16+00:00\",\"dateModified\":\"2025-02-08T06:00:27+00:00\",\"breadcrumb\":{\"@id\":\"https:\/\/tatco.vn\/vi\/san-pham\/mo-cong-nghiep-castrol-spheerol-eplx-460-2-181-4kg\/#breadcrumb\"},\"inLanguage\":\"vi\",\"potentialAction\":[{\"@type\":\"ReadAction\",\"target\":[\"https:\/\/tatco.vn\/vi\/san-pham\/mo-cong-nghiep-castrol-spheerol-eplx-460-2-181-4kg\/\"]}]},{\"@type\":\"ImageObject\",\"inLanguage\":\"vi\",\"@id\":\"https:\/\/tatco.vn\/vi\/san-pham\/mo-cong-nghiep-castrol-spheerol-eplx-460-2-181-4kg\/#primaryimage\",\"url\":\"https:\/\/tatco.vn\/wp-content\/uploads\/2022\/12\/Castrol-v5.png\",\"contentUrl\":\"https:\/\/tatco.vn\/wp-content\/uploads\/2022\/12\/Castrol-v5.png\",\"width\":750,\"height\":1000,\"caption\":\"Castrol Perfecto HT 5\"},{\"@type\":\"BreadcrumbList\",\"@id\":\"https:\/\/tatco.vn\/vi\/san-pham\/mo-cong-nghiep-castrol-spheerol-eplx-460-2-181-4kg\/#breadcrumb\",\"itemListElement\":[{\"@type\":\"ListItem\",\"position\":1,\"name\":\"Home\",\"item\":\"https:\/\/tatco.vn\/\"},{\"@type\":\"ListItem\",\"position\":2,\"name\":\"C\u1eeda h\u00e0ng\",\"item\":\"https:\/\/tatco.vn\/en\/mua\/\"},{\"@type\":\"ListItem\",\"position\":3,\"name\":\"M\u1ee1 C\u00f4ng Nghi\u1ec7p Castrol SPHEEROL EPLX 460-2 181.4KG\"}]},{\"@type\":\"WebSite\",\"@id\":\"https:\/\/tatco.vn\/en\/#website\",\"url\":\"https:\/\/tatco.vn\/en\/\",\"name\":\"C\u00f4ng Ty TNHH D\u1ea7u Nh\u1eddn T&amp;T Vi\u1ec7t Nam\",\"description\":\"Right Point - Right Time - Best Solution\",\"publisher\":{\"@id\":\"https:\/\/tatco.vn\/en\/#organization\"},\"potentialAction\":[{\"@type\":\"SearchAction\",\"target\":{\"@type\":\"EntryPoint\",\"urlTemplate\":\"https:\/\/tatco.vn\/en\/?s={search_term_string}\"},\"query-input\":{\"@type\":\"PropertyValueSpecification\",\"valueRequired\":true,\"valueName\":\"search_term_string\"}}],\"inLanguage\":\"vi\"},{\"@type\":\"Organization\",\"@id\":\"https:\/\/tatco.vn\/en\/#organization\",\"name\":\"C\u00f4ng Ty TNHH D\u1ea7u Nh\u1eddn T&T Vi\u1ec7t Nam\",\"url\":\"https:\/\/tatco.vn\/en\/\",\"logo\":{\"@type\":\"ImageObject\",\"inLanguage\":\"vi\",\"@id\":\"https:\/\/tatco.vn\/en\/#\/schema\/logo\/image\/\",\"url\":\"https:\/\/tatco.vn\/wp-content\/uploads\/2019\/05\/fav-ico.png\",\"contentUrl\":\"https:\/\/tatco.vn\/wp-content\/uploads\/2019\/05\/fav-ico.png\",\"width\":200,\"height\":200,\"caption\":\"C\u00f4ng Ty TNHH D\u1ea7u Nh\u1eddn T&T Vi\u1ec7t Nam\"},\"image\":{\"@id\":\"https:\/\/tatco.vn\/en\/#\/schema\/logo\/image\/\"}}]}<\/script>\n<!-- \/ Yoast SEO plugin. -->","yoast_head_json":{"title":"M\u1ee1 C\u00f4ng Nghi\u1ec7p Castrol SPHEEROL EPLX 460-2 181.4KG - C\u00f4ng Ty TNHH D\u1ea7u Nh\u1eddn T&amp;T Vi\u1ec7t Nam","robots":{"index":"index","follow":"follow","max-snippet":"max-snippet:-1","max-image-preview":"max-image-preview:large","max-video-preview":"max-video-preview:-1"},"canonical":"https:\/\/tatco.vn\/vi\/san-pham\/mo-cong-nghiep-castrol-spheerol-eplx-460-2-181-4kg\/","og_locale":"vi_VN","og_type":"article","og_title":"M\u1ee1 C\u00f4ng Nghi\u1ec7p Castrol SPHEEROL EPLX 460-2 181.4KG - C\u00f4ng Ty TNHH D\u1ea7u Nh\u1eddn T&amp;T Vi\u1ec7t Nam","og_url":"https:\/\/tatco.vn\/vi\/san-pham\/mo-cong-nghiep-castrol-spheerol-eplx-460-2-181-4kg\/","og_site_name":"C\u00f4ng Ty TNHH D\u1ea7u Nh\u1eddn T&amp;T Vi\u1ec7t Nam","article_modified_time":"2025-02-08T06:00:27+00:00","og_image":[{"width":750,"height":1000,"url":"https:\/\/tatco.vn\/wp-content\/uploads\/2022\/12\/Castrol-v5.png","type":"image\/png"}],"twitter_card":"summary_large_image","twitter_misc":{"\u01af\u1edbc t\u00ednh th\u1eddi gian \u0111\u1ecdc":"4 ph\u00fat"},"schema":{"@context":"https:\/\/schema.org","@graph":[{"@type":"WebPage","@id":"https:\/\/tatco.vn\/vi\/san-pham\/mo-cong-nghiep-castrol-spheerol-eplx-460-2-181-4kg\/","url":"https:\/\/tatco.vn\/vi\/san-pham\/mo-cong-nghiep-castrol-spheerol-eplx-460-2-181-4kg\/","name":"M\u1ee1 C\u00f4ng Nghi\u1ec7p Castrol SPHEEROL EPLX 460-2 181.4KG - C\u00f4ng Ty TNHH D\u1ea7u Nh\u1eddn T&amp;T Vi\u1ec7t Nam","isPartOf":{"@id":"https:\/\/tatco.vn\/en\/#website"},"primaryImageOfPage":{"@id":"https:\/\/tatco.vn\/vi\/san-pham\/mo-cong-nghiep-castrol-spheerol-eplx-460-2-181-4kg\/#primaryimage"},"image":{"@id":"https:\/\/tatco.vn\/vi\/san-pham\/mo-cong-nghiep-castrol-spheerol-eplx-460-2-181-4kg\/#primaryimage"},"thumbnailUrl":"https:\/\/tatco.vn\/wp-content\/uploads\/2022\/12\/Castrol-v5.png","datePublished":"2025-02-05T08:56:16+00:00","dateModified":"2025-02-08T06:00:27+00:00","breadcrumb":{"@id":"https:\/\/tatco.vn\/vi\/san-pham\/mo-cong-nghiep-castrol-spheerol-eplx-460-2-181-4kg\/#breadcrumb"},"inLanguage":"vi","potentialAction":[{"@type":"ReadAction","target":["https:\/\/tatco.vn\/vi\/san-pham\/mo-cong-nghiep-castrol-spheerol-eplx-460-2-181-4kg\/"]}]},{"@type":"ImageObject","inLanguage":"vi","@id":"https:\/\/tatco.vn\/vi\/san-pham\/mo-cong-nghiep-castrol-spheerol-eplx-460-2-181-4kg\/#primaryimage","url":"https:\/\/tatco.vn\/wp-content\/uploads\/2022\/12\/Castrol-v5.png","contentUrl":"https:\/\/tatco.vn\/wp-content\/uploads\/2022\/12\/Castrol-v5.png","width":750,"height":1000,"caption":"Castrol Perfecto HT 5"},{"@type":"BreadcrumbList","@id":"https:\/\/tatco.vn\/vi\/san-pham\/mo-cong-nghiep-castrol-spheerol-eplx-460-2-181-4kg\/#breadcrumb","itemListElement":[{"@type":"ListItem","position":1,"name":"Home","item":"https:\/\/tatco.vn\/"},{"@type":"ListItem","position":2,"name":"C\u1eeda h\u00e0ng","item":"https:\/\/tatco.vn\/en\/mua\/"},{"@type":"ListItem","position":3,"name":"M\u1ee1 C\u00f4ng Nghi\u1ec7p Castrol SPHEEROL EPLX 460-2 181.4KG"}]},{"@type":"WebSite","@id":"https:\/\/tatco.vn\/en\/#website","url":"https:\/\/tatco.vn\/en\/","name":"C\u00f4ng Ty TNHH D\u1ea7u Nh\u1eddn T&amp;T Vi\u1ec7t Nam","description":"Right Point - Right Time - Best Solution","publisher":{"@id":"https:\/\/tatco.vn\/en\/#organization"},"potentialAction":[{"@type":"SearchAction","target":{"@type":"EntryPoint","urlTemplate":"https:\/\/tatco.vn\/en\/?s={search_term_string}"},"query-input":{"@type":"PropertyValueSpecification","valueRequired":true,"valueName":"search_term_string"}}],"inLanguage":"vi"},{"@type":"Organization","@id":"https:\/\/tatco.vn\/en\/#organization","name":"C\u00f4ng Ty TNHH D\u1ea7u Nh\u1eddn T&T Vi\u1ec7t Nam","url":"https:\/\/tatco.vn\/en\/","logo":{"@type":"ImageObject","inLanguage":"vi","@id":"https:\/\/tatco.vn\/en\/#\/schema\/logo\/image\/","url":"https:\/\/tatco.vn\/wp-content\/uploads\/2019\/05\/fav-ico.png","contentUrl":"https:\/\/tatco.vn\/wp-content\/uploads\/2019\/05\/fav-ico.png","width":200,"height":200,"caption":"C\u00f4ng Ty TNHH D\u1ea7u Nh\u1eddn T&T Vi\u1ec7t Nam"},"image":{"@id":"https:\/\/tatco.vn\/en\/#\/schema\/logo\/image\/"}}]}},"_links":{"self":[{"href":"https:\/\/tatco.vn\/vi\/wp-json\/wp\/v2\/product\/27882","targetHints":{"allow":["GET"]}}],"collection":[{"href":"https:\/\/tatco.vn\/vi\/wp-json\/wp\/v2\/product"}],"about":[{"href":"https:\/\/tatco.vn\/vi\/wp-json\/wp\/v2\/types\/product"}],"replies":[{"embeddable":true,"href":"https:\/\/tatco.vn\/vi\/wp-json\/wp\/v2\/comments?post=27882"}],"version-history":[{"count":0,"href":"https:\/\/tatco.vn\/vi\/wp-json\/wp\/v2\/product\/27882\/revisions"}],"wp:featuredmedia":[{"embeddable":true,"href":"https:\/\/tatco.vn\/vi\/wp-json\/wp\/v2\/media\/27593"}],"wp:attachment":[{"href":"https:\/\/tatco.vn\/vi\/wp-json\/wp\/v2\/media?parent=27882"}],"wp:term":[{"taxonomy":"product_cat","embeddable":true,"href":"https:\/\/tatco.vn\/vi\/wp-json\/wp\/v2\/product_cat?post=27882"},{"taxonomy":"product_tag","embeddable":true,"href":"https:\/\/tatco.vn\/vi\/wp-json\/wp\/v2\/product_tag?post=27882"}],"curies":[{"name":"wp","href":"https:\/\/api.w.org\/{rel}","templated":true}]}}