{"id":27876,"date":"2025-02-05T15:33:19","date_gmt":"2025-02-05T08:33:19","guid":{"rendered":"https:\/\/tatco.vn\/vi\/?post_type=product&#038;p=27876"},"modified":"2025-02-08T12:58:18","modified_gmt":"2025-02-08T05:58:18","slug":"mo-cong-nghiep-castrol-spheerol-epl-2-20kg-sao-chep","status":"publish","type":"product","link":"https:\/\/tatco.vn\/vi\/san-pham\/mo-cong-nghiep-castrol-castrol-spheerol-epl-2-20kg\/","title":{"rendered":"M\u1ee1 C\u00f4ng Nghi\u1ec7p Castrol Spheerol\u2122 EPL 2 20KG"},"content":{"rendered":"<p><strong>Spheerol EPL Bearing Greases &#8211; M\u1ee1 b\u00f4i tr\u01a1n Castrol Spheerol\u2122 EPL 2<\/strong><\/p>\n<p style=\"text-align: justify\"><strong>Gi\u1edbi thi\u1ec7u s\u1ea3n ph\u1ea9m<\/strong> M\u1ee1 b\u00f4i tr\u01a1n <strong>Castrol Spheerol\u2122 EPL 2<\/strong>\u00a0l\u00e0 d\u00f2ng s\u1ea3n ph\u1ea9m bao g\u1ed3m c\u00e1c lo\u1ea1i m\u1ee1 n\u1ec1n lithium ch\u1ee9a d\u1ea7u kho\u00e1ng tinh ch\u1ebf cao, k\u1ebft h\u1ee3p v\u1edbi c\u00e1c ph\u1ee5 gia ch\u1ecbu c\u1ef1c \u00e1p (EP), ch\u1ed1ng \u0103n m\u00f2n v\u00e0 oxi h\u00f3a. \u0110\u01b0\u1ee3c thi\u1ebft k\u1ebf v\u1edbi ph\u1ee5 gia t\u1ea1o m\u00e0ng m\u1ea1nh m\u1ebd, ch\u00fang cung c\u1ea5p \u0111\u1ed9 b\u1ec1n cao d\u01b0\u1edbi t\u1ea3i trung b\u00ecnh \u0111\u1ebfn cao.<\/p>\n<p style=\"text-align: justify\"><strong>\u1ee8ng d\u1ee5ng<\/strong> D\u00f2ng s\u1ea3n ph\u1ea9m Spheerol EPL g\u1ed3m m\u1ee1 b\u00f4i tr\u01a1n \u0111a d\u1ee5ng, ph\u00f9 h\u1ee3p cho b\u00f4i tr\u01a1n to\u00e0n b\u1ed9 nh\u00e0 m\u00e1y. T\u1eeb NLGI 3 cho b\u00f4i tr\u01a1n \u1ed5 bi \u0111a d\u1ee5ng \u0111\u1ebfn NLGI 00, m\u1ee1 b\u00e1n l\u1ecfng ph\u00f9 h\u1ee3p cho h\u1ec7 th\u1ed1ng b\u00f4i tr\u01a1n trung t\u00e2m v\u00e0 h\u1ed9p s\u1ed1 b\u00f4i m\u1ee1. S\u1ea3n ph\u1ea9m n\u00e0y ch\u1ed1ng g\u1ec9 s\u00e9t v\u00e0 \u0103n m\u00f2n, ch\u1ed1ng n\u01b0\u1edbc r\u1eeda tr\u00f4i, th\u00edch h\u1ee3p cho thi\u1ebft b\u1ecb ho\u1ea1t \u0111\u1ed9ng trong m\u00f4i tr\u01b0\u1eddng \u1ea9m \u01b0\u1edbt.<\/p>\n<p style=\"text-align: justify\"><strong>\u01afu \u0111i\u1ec3m<\/strong><\/p>\n<ul>\n<li style=\"text-align: justify\"><strong>\u0110\u1ed9 \u1ed5n \u0111\u1ecbnh c\u01a1 h\u1ecdc cao<\/strong>: Gi\u1eef \u0111\u01b0\u1ee3c \u0111\u1ed9 nh\u1ea5t qu\u00e1n trong qu\u00e1 tr\u00ecnh s\u1eed d\u1ee5ng, \u0111\u1ea3m b\u1ea3o tu\u1ed5i th\u1ecd b\u00f4i tr\u01a1n l\u00e2u d\u00e0i.<\/li>\n<li style=\"text-align: justify\"><strong>Kh\u1ea3 n\u0103ng b\u00e1m d\u00ednh t\u1ed1t<\/strong>: Duy tr\u00ec b\u00f4i tr\u01a1n li\u00ean t\u1ee5c v\u00e0 gi\u1ea3m ti\u00eau hao khi m\u00e0ng b\u00f4i tr\u01a1n v\u1eabn gi\u1eefa c\u00e1c b\u1ec1 m\u1eb7t.<\/li>\n<li style=\"text-align: justify\"><strong>Kh\u1ea3 n\u0103ng ch\u1ed1ng n\u01b0\u1edbc t\u1ed1t<\/strong>: M\u00e0ng b\u00f4i tr\u01a1n v\u1eabn tr\u00ean b\u1ec1 m\u1eb7t ngay c\u1ea3 khi ti\u1ebfp x\u00fac v\u1edbi n\u01b0\u1edbc.<\/li>\n<li style=\"text-align: justify\"><strong>Ch\u1ed1ng \u0103n m\u00f2n \u0111\u1ed3ng v\u00e0 th\u00e9p<\/strong>: Gi\u00fap ng\u0103n ng\u1eeba g\u1ec9 s\u00e9t v\u00e0 oxi h\u00f3a tr\u00ean b\u1ec1 m\u1eb7t kim lo\u1ea1i.<\/li>\n<li style=\"text-align: justify\"><strong>T\u00ednh ch\u1ea5t EP v\u00e0 ch\u1ed1ng m\u00f2n tuy\u1ec7t v\u1eddi<\/strong>: B\u1ea3o v\u1ec7 thi\u1ebft b\u1ecb kh\u1ecfi t\u1ea3i tr\u1ecdng l\u1edbn v\u00e0 gi\u1ea3m thi\u1ec3u m\u00f2n linh ki\u1ec7n \u1ed5 bi.<\/li>\n<\/ul>\n<p><strong>\u0110\u1eb7c \u0111i\u1ec3m k\u1ef9 thu\u1eadt<\/strong><\/p>\n<div>\n<div>\n<div class=\"table-responsive\">\n<table class=\"table table-striped\">\n<thead>\n<tr>\n<th><strong>\u0110\u1eb7c \u0111i\u1ec3m k\u1ef9 thu\u1eadt<\/strong><\/th>\n<th><strong>Ph\u01b0\u01a1ng ph\u00e1p th\u1eed<\/strong><\/th>\n<th><strong>\u0110\u01a1n v\u1ecb<\/strong><\/th>\n<th><strong>EPL 0<\/strong><\/th>\n<th><strong>EPL 1<\/strong><\/th>\n<th><strong>EPL 2<\/strong><\/th>\n<th><strong>EPL 3<\/strong><\/th>\n<\/tr>\n<\/thead>\n<tbody>\n<tr>\n<td>Ngo\u1ea1i h\u00ecnh<\/td>\n<td>Tr\u1ef1c quan<\/td>\n<td>&#8211;<\/td>\n<td>H\u1ed5 ph\u00e1ch \u0111\u1ebfn n\u00e2u<\/td>\n<td>H\u1ed5 ph\u00e1ch \u0111\u1ebfn n\u00e2u<\/td>\n<td>H\u1ed5 ph\u00e1ch \u0111\u1ebfn n\u00e2u<\/td>\n<td>H\u1ed5 ph\u00e1ch \u0111\u1ebfn n\u00e2u<\/td>\n<\/tr>\n<tr>\n<td>Lo\u1ea1i ch\u1ea5t l\u00e0m \u0111\u1eb7c<\/td>\n<td>&#8211;<\/td>\n<td>&#8211;<\/td>\n<td>Lithium<\/td>\n<td>Lithium<\/td>\n<td>Lithium<\/td>\n<td>Lithium<\/td>\n<\/tr>\n<tr>\n<td>D\u1ea7u n\u1ec1n<\/td>\n<td>&#8211;<\/td>\n<td>&#8211;<\/td>\n<td>D\u1ea7u kho\u00e1ng<\/td>\n<td>D\u1ea7u kho\u00e1ng<\/td>\n<td>D\u1ea7u kho\u00e1ng<\/td>\n<td>D\u1ea7u kho\u00e1ng<\/td>\n<\/tr>\n<tr>\n<td>\u0110\u1ed9 nh\u1ea5t qu\u00e1n (NLGI)<\/td>\n<td>ASTM D217<\/td>\n<td>&#8211;<\/td>\n<td>0<\/td>\n<td>1<\/td>\n<td>2<\/td>\n<td>3<\/td>\n<\/tr>\n<tr>\n<td>\u0110\u1ed9 th\u00e2m nh\u1eadp sau khi l\u00e0m vi\u1ec7c @ 25\u00b0C<\/td>\n<td>ASTM D217<\/td>\n<td>0.1 mm<\/td>\n<td>355-385<\/td>\n<td>310-340<\/td>\n<td>265-295<\/td>\n<td>220-250<\/td>\n<\/tr>\n<tr>\n<td>\u0110i\u1ec3m nh\u1ecf gi\u1ecdt<\/td>\n<td>\u00b0C<\/td>\n<td>\u00b0C<\/td>\n<td>160<\/td>\n<td>190<\/td>\n<td>190<\/td>\n<td>190<\/td>\n<\/tr>\n<tr>\n<td>\u0110\u1ed9 nh\u1edbt d\u1ea7u n\u1ec1n @ 40\u00b0C<\/td>\n<td>ASTM D445<\/td>\n<td>cSt<\/td>\n<td>150-200<\/td>\n<td>150-200<\/td>\n<td>150-200<\/td>\n<td>150-200<\/td>\n<\/tr>\n<tr>\n<td>Hi\u1ec7u su\u1ea5t ch\u1ed1ng g\u1ec9 (Emcor)<\/td>\n<td>IP 220<\/td>\n<td>X\u1ebfp h\u1ea1ng<\/td>\n<td>0\/0 max<\/td>\n<td>0\/0 max<\/td>\n<td>0\/0 max<\/td>\n<td>0\/0 max<\/td>\n<\/tr>\n<tr>\n<td>\u0102n m\u00f2n \u0111\u1ed3ng, 24 gi\u1edd, 100\u00b0C<\/td>\n<td>ASTM D4048<\/td>\n<td>X\u1ebfp h\u1ea1ng<\/td>\n<td>1b max<\/td>\n<td>1b max<\/td>\n<td>1b max<\/td>\n<td>1b max<\/td>\n<\/tr>\n<tr>\n<td>Th\u1eed nghi\u1ec7m b\u1ed1n bi &#8211; \u0110\u01b0\u1eddng k\u00ednh v\u1ebft m\u00f2n<\/td>\n<td>ASTM D2266<\/td>\n<td>mm<\/td>\n<td>1 max<\/td>\n<td>1 max<\/td>\n<td>1 max<\/td>\n<td>1 max<\/td>\n<\/tr>\n<tr>\n<td>Th\u1eed nghi\u1ec7m t\u1ea3i b\u1ed1n bi &#8211; \u0110i\u1ec3m h\u00e0n<\/td>\n<td>ASTM D2596<\/td>\n<td>kgf<\/td>\n<td>250 min<\/td>\n<td>250 min<\/td>\n<td>250 min<\/td>\n<td>250 min<\/td>\n<\/tr>\n<tr>\n<td>R\u1eeda tr\u00f4i n\u01b0\u1edbc, 1 gi\u1edd @ 79\u00b0C<\/td>\n<td>ASTM D1264<\/td>\n<td>% m\u1ea5t<\/td>\n<td>&#8211;<\/td>\n<td>10 max<\/td>\n<td>10 max<\/td>\n<td>10 max<\/td>\n<\/tr>\n<tr>\n<td>T\u00e1ch d\u1ea7u, 168 gi\u1edd @ 40\u00b0C<\/td>\n<td>IP121<\/td>\n<td>%wt<\/td>\n<td>10 max<\/td>\n<td>10 max<\/td>\n<td>6 max<\/td>\n<td>6 max<\/td>\n<\/tr>\n<\/tbody>\n<\/table>\n<\/div>\n<\/div>\n<p><\/p>","protected":false},"excerpt":{"rendered":"<p>M\u1ee1 b\u00f4i tr\u01a1n <strong>Castrol Spheerol\u2122 EPL 2<\/strong>\u00a0l\u00e0 d\u00f2ng s\u1ea3n ph\u1ea9m bao g\u1ed3m c\u00e1c lo\u1ea1i m\u1ee1 n\u1ec1n lithium ch\u1ee9a d\u1ea7u kho\u00e1ng tinh ch\u1ebf cao, k\u1ebft h\u1ee3p v\u1edbi c\u00e1c ph\u1ee5 gia ch\u1ecbu c\u1ef1c \u00e1p (EP), ch\u1ed1ng \u0103n m\u00f2n v\u00e0 oxi h\u00f3a. \u0110\u01b0\u1ee3c thi\u1ebft k\u1ebf v\u1edbi ph\u1ee5 gia t\u1ea1o m\u00e0ng m\u1ea1nh m\u1ebd, ch\u00fang cung c\u1ea5p \u0111\u1ed9 b\u1ec1n cao d\u01b0\u1edbi t\u1ea3i trung b\u00ecnh \u0111\u1ebfn cao.<\/p>\n","protected":false},"featured_media":27593,"comment_status":"closed","ping_status":"closed","template":"","meta":[],"product_cat":[776,760,999,786],"product_tag":[1039,1044,1032,1036,1042,1034,1043,1040,1007,1041,1035,1033,1038,1037,1031],"class_list":{"0":"post-27876","1":"product","2":"type-product","3":"status-publish","4":"has-post-thumbnail","6":"product_brand-castrol","7":"product_cat-dau-cong-nghiep-castrol","8":"product_cat-dau-nhot-castrol","9":"product_cat-mo-spheerol-epl-mo-cong-nghiep-castrol","10":"product_cat-mo-cong-nghiep-castrol","11":"product_tag-mo-ban-long","12":"product_tag-mo-bao-ve-chong-mai-mon","13":"product_tag-mo-boi-tron-castrol-spheerol-epl","14":"product_tag-mo-boi-tron-cho-nha-may","15":"product_tag-mo-boi-tron-trong-moi-truong-am-uot","16":"product_tag-mo-chiu-cuc-ap-ep","17":"product_tag-mo-chiu-tai-trung-binh-den-cao","18":"product_tag-mo-cho-hop-so-boi-mo","19":"product_tag-mo-chong-an-mon","20":"product_tag-mo-chong-gi-set","21":"product_tag-mo-chong-oxi-hoa","22":"product_tag-mo-nen-lithium","23":"product_tag-mo-nlgi-00","24":"product_tag-mo-nlgi-3","25":"product_tag-spheerol-epl-bearing-greases","27":"first","28":"instock","29":"shipping-taxable","30":"product-type-simple"},"yoast_head":"<!-- This site is optimized with the Yoast SEO plugin v27.2 - https:\/\/yoast.com\/product\/yoast-seo-wordpress\/ -->\n<title>M\u1ee1 C\u00f4ng Nghi\u1ec7p Castrol Spheerol\u2122 EPL 2 20KG - C\u00f4ng Ty TNHH D\u1ea7u Nh\u1eddn T&amp;T Vi\u1ec7t Nam<\/title>\n<meta name=\"robots\" content=\"index, follow, max-snippet:-1, max-image-preview:large, max-video-preview:-1\" \/>\n<link rel=\"canonical\" href=\"https:\/\/tatco.vn\/vi\/san-pham\/mo-cong-nghiep-castrol-spheerol-epl-2-20kg-sao-chep\/\" \/>\n<meta property=\"og:locale\" content=\"vi_VN\" \/>\n<meta property=\"og:type\" content=\"article\" \/>\n<meta property=\"og:title\" content=\"M\u1ee1 C\u00f4ng Nghi\u1ec7p Castrol Spheerol\u2122 EPL 2 20KG - C\u00f4ng Ty TNHH D\u1ea7u Nh\u1eddn T&amp;T Vi\u1ec7t Nam\" \/>\n<meta property=\"og:url\" content=\"https:\/\/tatco.vn\/vi\/san-pham\/mo-cong-nghiep-castrol-spheerol-epl-2-20kg-sao-chep\/\" \/>\n<meta property=\"og:site_name\" content=\"C\u00f4ng Ty TNHH D\u1ea7u Nh\u1eddn T&amp;T Vi\u1ec7t Nam\" \/>\n<meta property=\"article:modified_time\" content=\"2025-02-08T05:58:18+00:00\" \/>\n<meta property=\"og:image\" content=\"https:\/\/tatco.vn\/wp-content\/uploads\/2022\/12\/Castrol-v5.png\" \/>\n\t<meta property=\"og:image:width\" content=\"750\" \/>\n\t<meta property=\"og:image:height\" content=\"1000\" \/>\n\t<meta property=\"og:image:type\" content=\"image\/png\" \/>\n<meta name=\"twitter:card\" content=\"summary_large_image\" \/>\n<meta name=\"twitter:label1\" content=\"\u01af\u1edbc t\u00ednh th\u1eddi gian \u0111\u1ecdc\" \/>\n\t<meta name=\"twitter:data1\" content=\"3 ph\u00fat\" \/>\n<script type=\"application\/ld+json\" class=\"yoast-schema-graph\">{\"@context\":\"https:\/\/schema.org\",\"@graph\":[{\"@type\":\"WebPage\",\"@id\":\"https:\/\/tatco.vn\/vi\/san-pham\/mo-cong-nghiep-castrol-spheerol-epl-2-20kg-sao-chep\/\",\"url\":\"https:\/\/tatco.vn\/vi\/san-pham\/mo-cong-nghiep-castrol-spheerol-epl-2-20kg-sao-chep\/\",\"name\":\"M\u1ee1 C\u00f4ng Nghi\u1ec7p Castrol Spheerol\u2122 EPL 2 20KG - C\u00f4ng Ty TNHH D\u1ea7u Nh\u1eddn T&amp;T Vi\u1ec7t Nam\",\"isPartOf\":{\"@id\":\"https:\/\/tatco.vn\/en\/#website\"},\"primaryImageOfPage\":{\"@id\":\"https:\/\/tatco.vn\/vi\/san-pham\/mo-cong-nghiep-castrol-spheerol-epl-2-20kg-sao-chep\/#primaryimage\"},\"image\":{\"@id\":\"https:\/\/tatco.vn\/vi\/san-pham\/mo-cong-nghiep-castrol-spheerol-epl-2-20kg-sao-chep\/#primaryimage\"},\"thumbnailUrl\":\"https:\/\/tatco.vn\/wp-content\/uploads\/2022\/12\/Castrol-v5.png\",\"datePublished\":\"2025-02-05T08:33:19+00:00\",\"dateModified\":\"2025-02-08T05:58:18+00:00\",\"breadcrumb\":{\"@id\":\"https:\/\/tatco.vn\/vi\/san-pham\/mo-cong-nghiep-castrol-spheerol-epl-2-20kg-sao-chep\/#breadcrumb\"},\"inLanguage\":\"vi\",\"potentialAction\":[{\"@type\":\"ReadAction\",\"target\":[\"https:\/\/tatco.vn\/vi\/san-pham\/mo-cong-nghiep-castrol-spheerol-epl-2-20kg-sao-chep\/\"]}]},{\"@type\":\"ImageObject\",\"inLanguage\":\"vi\",\"@id\":\"https:\/\/tatco.vn\/vi\/san-pham\/mo-cong-nghiep-castrol-spheerol-epl-2-20kg-sao-chep\/#primaryimage\",\"url\":\"https:\/\/tatco.vn\/wp-content\/uploads\/2022\/12\/Castrol-v5.png\",\"contentUrl\":\"https:\/\/tatco.vn\/wp-content\/uploads\/2022\/12\/Castrol-v5.png\",\"width\":750,\"height\":1000,\"caption\":\"Castrol Perfecto HT 5\"},{\"@type\":\"BreadcrumbList\",\"@id\":\"https:\/\/tatco.vn\/vi\/san-pham\/mo-cong-nghiep-castrol-spheerol-epl-2-20kg-sao-chep\/#breadcrumb\",\"itemListElement\":[{\"@type\":\"ListItem\",\"position\":1,\"name\":\"Home\",\"item\":\"https:\/\/tatco.vn\/\"},{\"@type\":\"ListItem\",\"position\":2,\"name\":\"C\u1eeda h\u00e0ng\",\"item\":\"https:\/\/tatco.vn\/en\/mua\/\"},{\"@type\":\"ListItem\",\"position\":3,\"name\":\"M\u1ee1 C\u00f4ng Nghi\u1ec7p Castrol Spheerol\u2122 EPL 2 20KG\"}]},{\"@type\":\"WebSite\",\"@id\":\"https:\/\/tatco.vn\/en\/#website\",\"url\":\"https:\/\/tatco.vn\/en\/\",\"name\":\"C\u00f4ng Ty TNHH D\u1ea7u Nh\u1eddn T&amp;T Vi\u1ec7t Nam\",\"description\":\"Right Point - Right Time - Best Solution\",\"publisher\":{\"@id\":\"https:\/\/tatco.vn\/en\/#organization\"},\"potentialAction\":[{\"@type\":\"SearchAction\",\"target\":{\"@type\":\"EntryPoint\",\"urlTemplate\":\"https:\/\/tatco.vn\/en\/?s={search_term_string}\"},\"query-input\":{\"@type\":\"PropertyValueSpecification\",\"valueRequired\":true,\"valueName\":\"search_term_string\"}}],\"inLanguage\":\"vi\"},{\"@type\":\"Organization\",\"@id\":\"https:\/\/tatco.vn\/en\/#organization\",\"name\":\"C\u00f4ng Ty TNHH D\u1ea7u Nh\u1eddn T&T Vi\u1ec7t Nam\",\"url\":\"https:\/\/tatco.vn\/en\/\",\"logo\":{\"@type\":\"ImageObject\",\"inLanguage\":\"vi\",\"@id\":\"https:\/\/tatco.vn\/en\/#\/schema\/logo\/image\/\",\"url\":\"https:\/\/tatco.vn\/wp-content\/uploads\/2019\/05\/fav-ico.png\",\"contentUrl\":\"https:\/\/tatco.vn\/wp-content\/uploads\/2019\/05\/fav-ico.png\",\"width\":200,\"height\":200,\"caption\":\"C\u00f4ng Ty TNHH D\u1ea7u Nh\u1eddn T&T Vi\u1ec7t Nam\"},\"image\":{\"@id\":\"https:\/\/tatco.vn\/en\/#\/schema\/logo\/image\/\"}}]}<\/script>\n<!-- \/ Yoast SEO plugin. -->","yoast_head_json":{"title":"M\u1ee1 C\u00f4ng Nghi\u1ec7p Castrol Spheerol\u2122 EPL 2 20KG - C\u00f4ng Ty TNHH D\u1ea7u Nh\u1eddn T&amp;T Vi\u1ec7t Nam","robots":{"index":"index","follow":"follow","max-snippet":"max-snippet:-1","max-image-preview":"max-image-preview:large","max-video-preview":"max-video-preview:-1"},"canonical":"https:\/\/tatco.vn\/vi\/san-pham\/mo-cong-nghiep-castrol-spheerol-epl-2-20kg-sao-chep\/","og_locale":"vi_VN","og_type":"article","og_title":"M\u1ee1 C\u00f4ng Nghi\u1ec7p Castrol Spheerol\u2122 EPL 2 20KG - C\u00f4ng Ty TNHH D\u1ea7u Nh\u1eddn T&amp;T Vi\u1ec7t Nam","og_url":"https:\/\/tatco.vn\/vi\/san-pham\/mo-cong-nghiep-castrol-spheerol-epl-2-20kg-sao-chep\/","og_site_name":"C\u00f4ng Ty TNHH D\u1ea7u Nh\u1eddn T&amp;T Vi\u1ec7t Nam","article_modified_time":"2025-02-08T05:58:18+00:00","og_image":[{"width":750,"height":1000,"url":"https:\/\/tatco.vn\/wp-content\/uploads\/2022\/12\/Castrol-v5.png","type":"image\/png"}],"twitter_card":"summary_large_image","twitter_misc":{"\u01af\u1edbc t\u00ednh th\u1eddi gian \u0111\u1ecdc":"3 ph\u00fat"},"schema":{"@context":"https:\/\/schema.org","@graph":[{"@type":"WebPage","@id":"https:\/\/tatco.vn\/vi\/san-pham\/mo-cong-nghiep-castrol-spheerol-epl-2-20kg-sao-chep\/","url":"https:\/\/tatco.vn\/vi\/san-pham\/mo-cong-nghiep-castrol-spheerol-epl-2-20kg-sao-chep\/","name":"M\u1ee1 C\u00f4ng Nghi\u1ec7p Castrol Spheerol\u2122 EPL 2 20KG - C\u00f4ng Ty TNHH D\u1ea7u Nh\u1eddn T&amp;T Vi\u1ec7t Nam","isPartOf":{"@id":"https:\/\/tatco.vn\/en\/#website"},"primaryImageOfPage":{"@id":"https:\/\/tatco.vn\/vi\/san-pham\/mo-cong-nghiep-castrol-spheerol-epl-2-20kg-sao-chep\/#primaryimage"},"image":{"@id":"https:\/\/tatco.vn\/vi\/san-pham\/mo-cong-nghiep-castrol-spheerol-epl-2-20kg-sao-chep\/#primaryimage"},"thumbnailUrl":"https:\/\/tatco.vn\/wp-content\/uploads\/2022\/12\/Castrol-v5.png","datePublished":"2025-02-05T08:33:19+00:00","dateModified":"2025-02-08T05:58:18+00:00","breadcrumb":{"@id":"https:\/\/tatco.vn\/vi\/san-pham\/mo-cong-nghiep-castrol-spheerol-epl-2-20kg-sao-chep\/#breadcrumb"},"inLanguage":"vi","potentialAction":[{"@type":"ReadAction","target":["https:\/\/tatco.vn\/vi\/san-pham\/mo-cong-nghiep-castrol-spheerol-epl-2-20kg-sao-chep\/"]}]},{"@type":"ImageObject","inLanguage":"vi","@id":"https:\/\/tatco.vn\/vi\/san-pham\/mo-cong-nghiep-castrol-spheerol-epl-2-20kg-sao-chep\/#primaryimage","url":"https:\/\/tatco.vn\/wp-content\/uploads\/2022\/12\/Castrol-v5.png","contentUrl":"https:\/\/tatco.vn\/wp-content\/uploads\/2022\/12\/Castrol-v5.png","width":750,"height":1000,"caption":"Castrol Perfecto HT 5"},{"@type":"BreadcrumbList","@id":"https:\/\/tatco.vn\/vi\/san-pham\/mo-cong-nghiep-castrol-spheerol-epl-2-20kg-sao-chep\/#breadcrumb","itemListElement":[{"@type":"ListItem","position":1,"name":"Home","item":"https:\/\/tatco.vn\/"},{"@type":"ListItem","position":2,"name":"C\u1eeda h\u00e0ng","item":"https:\/\/tatco.vn\/en\/mua\/"},{"@type":"ListItem","position":3,"name":"M\u1ee1 C\u00f4ng Nghi\u1ec7p Castrol Spheerol\u2122 EPL 2 20KG"}]},{"@type":"WebSite","@id":"https:\/\/tatco.vn\/en\/#website","url":"https:\/\/tatco.vn\/en\/","name":"C\u00f4ng Ty TNHH D\u1ea7u Nh\u1eddn T&amp;T Vi\u1ec7t Nam","description":"Right Point - Right Time - Best Solution","publisher":{"@id":"https:\/\/tatco.vn\/en\/#organization"},"potentialAction":[{"@type":"SearchAction","target":{"@type":"EntryPoint","urlTemplate":"https:\/\/tatco.vn\/en\/?s={search_term_string}"},"query-input":{"@type":"PropertyValueSpecification","valueRequired":true,"valueName":"search_term_string"}}],"inLanguage":"vi"},{"@type":"Organization","@id":"https:\/\/tatco.vn\/en\/#organization","name":"C\u00f4ng Ty TNHH D\u1ea7u Nh\u1eddn T&T Vi\u1ec7t Nam","url":"https:\/\/tatco.vn\/en\/","logo":{"@type":"ImageObject","inLanguage":"vi","@id":"https:\/\/tatco.vn\/en\/#\/schema\/logo\/image\/","url":"https:\/\/tatco.vn\/wp-content\/uploads\/2019\/05\/fav-ico.png","contentUrl":"https:\/\/tatco.vn\/wp-content\/uploads\/2019\/05\/fav-ico.png","width":200,"height":200,"caption":"C\u00f4ng Ty TNHH D\u1ea7u Nh\u1eddn T&T Vi\u1ec7t Nam"},"image":{"@id":"https:\/\/tatco.vn\/en\/#\/schema\/logo\/image\/"}}]}},"_links":{"self":[{"href":"https:\/\/tatco.vn\/vi\/wp-json\/wp\/v2\/product\/27876","targetHints":{"allow":["GET"]}}],"collection":[{"href":"https:\/\/tatco.vn\/vi\/wp-json\/wp\/v2\/product"}],"about":[{"href":"https:\/\/tatco.vn\/vi\/wp-json\/wp\/v2\/types\/product"}],"replies":[{"embeddable":true,"href":"https:\/\/tatco.vn\/vi\/wp-json\/wp\/v2\/comments?post=27876"}],"version-history":[{"count":0,"href":"https:\/\/tatco.vn\/vi\/wp-json\/wp\/v2\/product\/27876\/revisions"}],"wp:featuredmedia":[{"embeddable":true,"href":"https:\/\/tatco.vn\/vi\/wp-json\/wp\/v2\/media\/27593"}],"wp:attachment":[{"href":"https:\/\/tatco.vn\/vi\/wp-json\/wp\/v2\/media?parent=27876"}],"wp:term":[{"taxonomy":"product_cat","embeddable":true,"href":"https:\/\/tatco.vn\/vi\/wp-json\/wp\/v2\/product_cat?post=27876"},{"taxonomy":"product_tag","embeddable":true,"href":"https:\/\/tatco.vn\/vi\/wp-json\/wp\/v2\/product_tag?post=27876"}],"curies":[{"name":"wp","href":"https:\/\/api.w.org\/{rel}","templated":true}]}}