{"id":27864,"date":"2025-02-05T14:48:53","date_gmt":"2025-02-05T07:48:53","guid":{"rendered":"https:\/\/tatco.vn\/vi\/?post_type=product&#038;p=27864"},"modified":"2025-02-08T12:52:59","modified_gmt":"2025-02-08T05:52:59","slug":"mo-cong-nghiep-castrol-spheerol-bns-2","status":"publish","type":"product","link":"https:\/\/tatco.vn\/vi\/san-pham\/mo-cong-nghiep-castrol-spheerol-bns-2\/","title":{"rendered":"M\u1ee1 C\u00f4ng Nghi\u1ec7p Castrol Spheerol\u2122 BNS 2"},"content":{"rendered":"<p><strong>Spheerol\u2122 BNS 2 &#8211; M\u1ee1 B\u00f4i Tr\u01a1n V\u00f2ng Bi Nhi\u1ec7t \u0110\u1ed9 Cao<\/strong><\/p>\n<p style=\"text-align: justify\"><strong>M\u00f4 t\u1ea3<\/strong>: <strong>Castrol Spheerol\u2122 BNS 2<\/strong> l\u00e0 m\u1ee1 kh\u00f4ng ch\u1ea3y d\u00f9ng \u0111\u1ec3 b\u00f4i tr\u01a1n c\u00e1c \u1ed5 bi tr\u01a1n v\u00e0 bi l\u0103n \u1edf nhi\u1ec7t \u0111\u1ed9 cao. M\u1ee1 n\u00e0y kh\u00f4ng c\u00f3 \u0111i\u1ec3m nh\u1ecf gi\u1ecdt v\u00e0 \u0111\u01b0\u1ee3c pha ch\u1ebf t\u1eeb d\u1ea7u g\u1ed1c c\u00f3 kh\u1ea3 n\u0103ng ch\u1ed1ng \u00f4-xi h\u00f3a, \u1ed5n \u0111\u1ecbnh nhi\u1ec7t v\u00e0 ch\u1ea5t l\u00e0m \u0111\u1eb7c v\u00f4 c\u01a1.<\/p>\n<p style=\"text-align: justify\"><strong>C\u00f4ng d\u1ee5ng<\/strong>: Spheerol BNS 2 ph\u00f9 h\u1ee3p \u0111\u1ec3 b\u00f4i tr\u01a1n c\u00e1c \u1ed5 bi ho\u1ea1t \u0111\u1ed9ng \u1edf nhi\u1ec7t \u0111\u1ed9 cao, nh\u01b0 \u1ed5 bi c\u1ee7a b\u1ed9 th\u1ed5i mu\u1ed9i, \u1ed5 bi trong c\u00e1c xe ch\u1edf h\u00e0ng cho qu\u00e1 tr\u00ecnh t\u00f4i luy\u1ec7n, s\u1ea5y trong l\u00f2 \u0111\u01b0\u1eddng h\u1ea7m, v\u00e0 c\u00e1c \u1ed5 bi trong nh\u00e0 m\u00e1y tr\u1ed9n bitum, c\u1ea7n c\u1ea9u trong nh\u00e0 m\u00e1y \u0111\u00fac, v.v. Spheerol BNS 2 c\u00f3 th\u1ec3 \u0111\u01b0\u1ee3c s\u1eed d\u1ee5ng trong d\u1ea3i nhi\u1ec7t \u0111\u1ed9 t\u1eeb -20\u00baC \u0111\u1ebfn +150\u00baC, v\u00e0 trong th\u1eddi gian ng\u1eafn \u1edf nhi\u1ec7t \u0111\u1ed9 l\u00ean \u0111\u1ebfn +220\u00baC. Vi\u1ec7c b\u00f4i tr\u01a1n l\u1ea1i th\u01b0\u1eddng xuy\u00ean ho\u1eb7c thay m\u1ee1 c\u00f3 th\u1ec3 c\u1ea7n thi\u1ebft t\u00f9y thu\u1ed9c v\u00e0o y\u00eau c\u1ea7u \u1ee9ng d\u1ee5ng.<\/p>\n<p style=\"text-align: justify\"><strong>L\u1ee3i \u0111i\u1ec3m<\/strong>:<\/p>\n<ul style=\"text-align: justify\">\n<li><strong>\u0110\u1ed9 \u1ed5n \u0111\u1ecbnh \u00f4-xi h\u00f3a cao<\/strong>: \u0110\u1ea3m b\u1ea3o hi\u1ec7u su\u1ea5t b\u1ec1n l\u00e2u.<\/li>\n<li><strong>D\u1ea3i nhi\u1ec7t \u0111\u1ed9 \u1ee9ng d\u1ee5ng r\u1ed9ng<\/strong>: Ph\u00f9 h\u1ee3p cho nhi\u1ec1u \u1ee9ng d\u1ee5ng nhi\u1ec7t \u0111\u1ed9 cao.<\/li>\n<li><strong>D\u1ec5 d\u00e0ng ph\u00e2n ph\u1ed1i<\/strong>: \u0110\u01a1n gi\u1ea3n h\u00f3a qu\u00e1 tr\u00ecnh b\u00f4i tr\u01a1n.<\/li>\n<li><strong>B\u1ea3o v\u1ec7 ch\u1ed1ng \u0103n m\u00f2n t\u1ed1t<\/strong>: B\u1ea3o v\u1ec7 b\u1ec1 m\u1eb7t kim lo\u1ea1i.<\/li>\n<li><strong>Gi\u1ea3m m\u00e0i m\u00f2n c\u01a1 h\u1ecdc<\/strong>: K\u00e9o d\u00e0i tu\u1ed5i th\u1ecd \u1ed5 bi.<\/li>\n<\/ul>\n<p style=\"text-align: justify\"><strong>Th\u00f4ng tin b\u1ed5 sung<\/strong>: \u0110\u1ec3 gi\u1ea3m thi\u1ec3u kh\u1ea3 n\u0103ng kh\u00f4ng t\u01b0\u01a1ng th\u00edch khi chuy\u1ec3n \u0111\u1ed5i sang m\u1ee1 m\u1edbi, c\u1ea7n lo\u1ea1i b\u1ecf h\u1ebft m\u1ee9c c\u00f3 th\u1ec3 l\u01b0\u1ee3ng m\u1ee1 b\u00f4i tr\u01a1n tr\u01b0\u1edbc \u0111\u00f3 tr\u01b0\u1edbc khi v\u1eadn h\u00e0nh. Trong qu\u00e1 tr\u00ecnh v\u1eadn h\u00e0nh ban \u0111\u1ea7u, c\u00e1c kho\u1ea3ng th\u1eddi gian b\u00f4i tr\u01a1n l\u1ea1i c\u1ea7n \u0111\u01b0\u1ee3c theo d\u00f5i ch\u1eb7t ch\u1ebd \u0111\u1ec3 \u0111\u1ea3m b\u1ea3o t\u1ea5t c\u1ea3 l\u01b0\u1ee3ng m\u1ee1 b\u00f4i tr\u01a1n tr\u01b0\u1edbc \u0111\u00f3 \u0111\u01b0\u1ee3c lo\u1ea1i b\u1ecf ho\u00e0n to\u00e0n.<\/p>\n<p><strong>C\u00e1c \u0111\u1eb7c tr\u01b0ng ti\u00eau bi\u1ec3u<\/strong>:<\/p>\n<div>\n<div>\n<div class=\"table-responsive\">\n<table class=\"table table-striped\">\n<thead>\n<tr>\n<th>Thu\u1ed9c t\u00ednh<\/th>\n<th>Ph\u01b0\u01a1ng ph\u00e1p<\/th>\n<th>\u0110\u01a1n v\u1ecb<\/th>\n<th>Spheerol BNS 2<\/th>\n<\/tr>\n<\/thead>\n<tbody>\n<tr>\n<td>Lo\u1ea1i ch\u1ea5t l\u00e0m \u0111\u1eb7c<\/td>\n<td><\/td>\n<td><\/td>\n<td>Bentone<\/td>\n<\/tr>\n<tr>\n<td>L\u1edbp NLGI<\/td>\n<td>ISO 2137<\/td>\n<td><\/td>\n<td>2<\/td>\n<\/tr>\n<tr>\n<td>K\u1ebft c\u1ea5u<\/td>\n<td>Quan s\u00e1t<\/td>\n<td><\/td>\n<td>M\u1ecbn<\/td>\n<\/tr>\n<tr>\n<td>M\u00e0u s\u1eafc<\/td>\n<td>Quan s\u00e1t<\/td>\n<td><\/td>\n<td>N\u00e2u<\/td>\n<\/tr>\n<tr>\n<td>\u0110i\u1ec3m nh\u1ecf gi\u1ecdt<\/td>\n<td>IP 396<\/td>\n<td>\u00b0C<\/td>\n<td>T\u1ed1i thi\u1ec3u 300<\/td>\n<\/tr>\n<tr>\n<td>\u0110\u1ed9 nh\u1edbt \u0111\u1ed9ng h\u1ecdc d\u1ea7u g\u1ed1c @ 40\u00b0C<\/td>\n<td>ASTM D445<\/td>\n<td>mm\u00b2\/s<\/td>\n<td>180-220<\/td>\n<\/tr>\n<tr>\n<td>\u0110\u1ed9 th\u00e2m nh\u1eadp l\u00e0m vi\u1ec7c @ 25\u00b0C (60 l\u1ea7n)<\/td>\n<td>ASTM D217<\/td>\n<td>0.1 mm<\/td>\n<td>265-295<\/td>\n<\/tr>\n<tr>\n<td>\u0110\u1ed9 \u1ed5n \u0111\u1ecbnh l\u00e0m vi\u1ec7c (60 \/ 100,000 l\u1ea7n @ 25\u00b0C)<\/td>\n<td>ASTM D217<\/td>\n<td>0.1 mm<\/td>\n<td>&#8211;<\/td>\n<\/tr>\n<tr>\n<td>T\u00e1ch d\u1ea7u (168 gi\u1edd \/ 40\u00b0C)<\/td>\n<td>IP 121<\/td>\n<td>% kh\u1ed1i l\u01b0\u1ee3ng<\/td>\n<td>T\u1ed1i \u0111a 5<\/td>\n<\/tr>\n<tr>\n<td>Hi\u1ec7u su\u1ea5t ch\u1ed1ng r\u1ec9 (Emcor)<\/td>\n<td>IP 220<\/td>\n<td>\u0110\u00e1nh gi\u00e1<\/td>\n<td>T\u1ed1i \u0111a 0\/0<\/td>\n<\/tr>\n<tr>\n<td>\u0110\u1ed9 \u1ed5n \u0111\u1ecbnh \u00f4-xi h\u00f3a (100 gi\u1edd \/ 100\u00b0C)<\/td>\n<td>ASTM D942<\/td>\n<td>bar<\/td>\n<td>T\u1ed1i \u0111a 0.4<\/td>\n<\/tr>\n<tr>\n<td>\u0102n m\u00f2n \u0111\u1ed3ng (24 gi\u1edd @ 100\u00b0C)<\/td>\n<td>ASTM D4048<\/td>\n<td>\u0110\u00e1nh gi\u00e1<\/td>\n<td>T\u1ed1i \u0111a 1b<\/td>\n<\/tr>\n<tr>\n<td>Kh\u1ea3 n\u0103ng ch\u1ecbu n\u01b0\u1edbc (3 gi\u1edd \/ 90\u00b0C)<\/td>\n<td>ASTM D1264 \/ DIN 51 807\/1<\/td>\n<td>\u0110\u00e1nh gi\u00e1<\/td>\n<td>T\u1ed1i \u0111a 1-90<\/td>\n<\/tr>\n<tr>\n<td>\u0110i\u1ec3m h\u00e0n 4 bi<\/td>\n<td>DIN 51806<\/td>\n<td>kg<\/td>\n<td>T\u1ed1i thi\u1ec3u 200<\/td>\n<\/tr>\n<tr>\n<td>\u00c1p su\u1ea5t d\u00f2ng ch\u1ea3y @ -20\u00b0C<\/td>\n<td>DIN 51805<\/td>\n<td>hPa<\/td>\n<td>&lt;1400<\/td>\n<\/tr>\n<\/tbody>\n<\/table>\n<\/div>\n<div><\/div>\n<\/div>\n<\/div>\n<p><\/p>","protected":false},"excerpt":{"rendered":"<p><strong>Castrol Spheerol\u2122 BNS 2<\/strong> l\u00e0 m\u1ee1 kh\u00f4ng ch\u1ea3y d\u00f9ng \u0111\u1ec3 b\u00f4i tr\u01a1n c\u00e1c \u1ed5 bi tr\u01a1n v\u00e0 bi l\u0103n \u1edf nhi\u1ec7t \u0111\u1ed9 cao. M\u1ee1 n\u00e0y kh\u00f4ng c\u00f3 \u0111i\u1ec3m nh\u1ecf gi\u1ecdt v\u00e0 \u0111\u01b0\u1ee3c pha ch\u1ebf t\u1eeb d\u1ea7u g\u1ed1c c\u00f3 kh\u1ea3 n\u0103ng ch\u1ed1ng \u00f4-xi h\u00f3a, \u1ed5n \u0111\u1ecbnh nhi\u1ec7t v\u00e0 ch\u1ea5t l\u00e0m \u0111\u1eb7c v\u00f4 c\u01a1.<\/p>\n","protected":false},"featured_media":27593,"comment_status":"closed","ping_status":"closed","template":"","meta":[],"product_cat":[776,760,993,786],"product_tag":[1027,1026,1021,1028,1023,1022,1025,1029,1024,1020],"class_list":{"0":"post-27864","1":"product","2":"type-product","3":"status-publish","4":"has-post-thumbnail","6":"product_brand-castrol","7":"product_cat-dau-cong-nghiep-castrol","8":"product_cat-dau-nhot-castrol","9":"product_cat-mo-spheerol-ap","10":"product_cat-mo-cong-nghiep-castrol","11":"product_tag-boi-tron-nhiet-do-cao","12":"product_tag-mo-bao-ve-chong-an-mon","13":"product_tag-mo-boi-tron-vong-bi-nhiet-do-cao","14":"product_tag-mo-boi-tron-vong-bi-trong-dieu-kien-khac-nghiet","15":"product_tag-mo-chong-o-xi-hoa","16":"product_tag-mo-khong-chay","17":"product_tag-mo-lam-dac-vo-co","18":"product_tag-mo-nhiet-do-cao-castrol","19":"product_tag-mo-on-dinh-nhiet","20":"product_tag-spheerol-bns-2","22":"first","23":"instock","24":"shipping-taxable","25":"product-type-simple"},"yoast_head":"<!-- This site is optimized with the Yoast SEO plugin v27.2 - https:\/\/yoast.com\/product\/yoast-seo-wordpress\/ -->\n<title>M\u1ee1 C\u00f4ng Nghi\u1ec7p Castrol Spheerol\u2122 BNS 2 - C\u00f4ng Ty TNHH D\u1ea7u Nh\u1eddn T&amp;T Vi\u1ec7t Nam<\/title>\n<meta name=\"robots\" content=\"index, follow, max-snippet:-1, max-image-preview:large, max-video-preview:-1\" \/>\n<link rel=\"canonical\" href=\"https:\/\/tatco.vn\/vi\/san-pham\/mo-cong-nghiep-castrol-spheerol-bns-2\/\" \/>\n<meta property=\"og:locale\" content=\"vi_VN\" \/>\n<meta property=\"og:type\" content=\"article\" \/>\n<meta property=\"og:title\" content=\"M\u1ee1 C\u00f4ng Nghi\u1ec7p Castrol Spheerol\u2122 BNS 2 - C\u00f4ng Ty TNHH D\u1ea7u Nh\u1eddn T&amp;T Vi\u1ec7t Nam\" \/>\n<meta property=\"og:url\" content=\"https:\/\/tatco.vn\/vi\/san-pham\/mo-cong-nghiep-castrol-spheerol-bns-2\/\" \/>\n<meta property=\"og:site_name\" content=\"C\u00f4ng Ty TNHH D\u1ea7u Nh\u1eddn T&amp;T Vi\u1ec7t Nam\" \/>\n<meta property=\"article:modified_time\" content=\"2025-02-08T05:52:59+00:00\" \/>\n<meta property=\"og:image\" content=\"https:\/\/tatco.vn\/wp-content\/uploads\/2022\/12\/Castrol-v5.png\" \/>\n\t<meta property=\"og:image:width\" content=\"750\" \/>\n\t<meta property=\"og:image:height\" content=\"1000\" \/>\n\t<meta property=\"og:image:type\" content=\"image\/png\" \/>\n<meta name=\"twitter:card\" content=\"summary_large_image\" \/>\n<meta name=\"twitter:label1\" content=\"\u01af\u1edbc t\u00ednh th\u1eddi gian \u0111\u1ecdc\" \/>\n\t<meta name=\"twitter:data1\" content=\"2 ph\u00fat\" \/>\n<script type=\"application\/ld+json\" class=\"yoast-schema-graph\">{\"@context\":\"https:\/\/schema.org\",\"@graph\":[{\"@type\":\"WebPage\",\"@id\":\"https:\/\/tatco.vn\/vi\/san-pham\/mo-cong-nghiep-castrol-spheerol-bns-2\/\",\"url\":\"https:\/\/tatco.vn\/vi\/san-pham\/mo-cong-nghiep-castrol-spheerol-bns-2\/\",\"name\":\"M\u1ee1 C\u00f4ng Nghi\u1ec7p Castrol Spheerol\u2122 BNS 2 - C\u00f4ng Ty TNHH D\u1ea7u Nh\u1eddn T&amp;T Vi\u1ec7t Nam\",\"isPartOf\":{\"@id\":\"https:\/\/tatco.vn\/en\/#website\"},\"primaryImageOfPage\":{\"@id\":\"https:\/\/tatco.vn\/vi\/san-pham\/mo-cong-nghiep-castrol-spheerol-bns-2\/#primaryimage\"},\"image\":{\"@id\":\"https:\/\/tatco.vn\/vi\/san-pham\/mo-cong-nghiep-castrol-spheerol-bns-2\/#primaryimage\"},\"thumbnailUrl\":\"https:\/\/tatco.vn\/wp-content\/uploads\/2022\/12\/Castrol-v5.png\",\"datePublished\":\"2025-02-05T07:48:53+00:00\",\"dateModified\":\"2025-02-08T05:52:59+00:00\",\"breadcrumb\":{\"@id\":\"https:\/\/tatco.vn\/vi\/san-pham\/mo-cong-nghiep-castrol-spheerol-bns-2\/#breadcrumb\"},\"inLanguage\":\"vi\",\"potentialAction\":[{\"@type\":\"ReadAction\",\"target\":[\"https:\/\/tatco.vn\/vi\/san-pham\/mo-cong-nghiep-castrol-spheerol-bns-2\/\"]}]},{\"@type\":\"ImageObject\",\"inLanguage\":\"vi\",\"@id\":\"https:\/\/tatco.vn\/vi\/san-pham\/mo-cong-nghiep-castrol-spheerol-bns-2\/#primaryimage\",\"url\":\"https:\/\/tatco.vn\/wp-content\/uploads\/2022\/12\/Castrol-v5.png\",\"contentUrl\":\"https:\/\/tatco.vn\/wp-content\/uploads\/2022\/12\/Castrol-v5.png\",\"width\":750,\"height\":1000,\"caption\":\"Castrol Perfecto HT 5\"},{\"@type\":\"BreadcrumbList\",\"@id\":\"https:\/\/tatco.vn\/vi\/san-pham\/mo-cong-nghiep-castrol-spheerol-bns-2\/#breadcrumb\",\"itemListElement\":[{\"@type\":\"ListItem\",\"position\":1,\"name\":\"Home\",\"item\":\"https:\/\/tatco.vn\/\"},{\"@type\":\"ListItem\",\"position\":2,\"name\":\"C\u1eeda h\u00e0ng\",\"item\":\"https:\/\/tatco.vn\/en\/mua\/\"},{\"@type\":\"ListItem\",\"position\":3,\"name\":\"M\u1ee1 C\u00f4ng Nghi\u1ec7p Castrol Spheerol\u2122 BNS 2\"}]},{\"@type\":\"WebSite\",\"@id\":\"https:\/\/tatco.vn\/en\/#website\",\"url\":\"https:\/\/tatco.vn\/en\/\",\"name\":\"C\u00f4ng Ty TNHH D\u1ea7u Nh\u1eddn T&amp;T Vi\u1ec7t Nam\",\"description\":\"Right Point - Right Time - Best Solution\",\"publisher\":{\"@id\":\"https:\/\/tatco.vn\/en\/#organization\"},\"potentialAction\":[{\"@type\":\"SearchAction\",\"target\":{\"@type\":\"EntryPoint\",\"urlTemplate\":\"https:\/\/tatco.vn\/en\/?s={search_term_string}\"},\"query-input\":{\"@type\":\"PropertyValueSpecification\",\"valueRequired\":true,\"valueName\":\"search_term_string\"}}],\"inLanguage\":\"vi\"},{\"@type\":\"Organization\",\"@id\":\"https:\/\/tatco.vn\/en\/#organization\",\"name\":\"C\u00f4ng Ty TNHH D\u1ea7u Nh\u1eddn T&T Vi\u1ec7t Nam\",\"url\":\"https:\/\/tatco.vn\/en\/\",\"logo\":{\"@type\":\"ImageObject\",\"inLanguage\":\"vi\",\"@id\":\"https:\/\/tatco.vn\/en\/#\/schema\/logo\/image\/\",\"url\":\"https:\/\/tatco.vn\/wp-content\/uploads\/2019\/05\/fav-ico.png\",\"contentUrl\":\"https:\/\/tatco.vn\/wp-content\/uploads\/2019\/05\/fav-ico.png\",\"width\":200,\"height\":200,\"caption\":\"C\u00f4ng Ty TNHH D\u1ea7u Nh\u1eddn T&T Vi\u1ec7t Nam\"},\"image\":{\"@id\":\"https:\/\/tatco.vn\/en\/#\/schema\/logo\/image\/\"}}]}<\/script>\n<!-- \/ Yoast SEO plugin. -->","yoast_head_json":{"title":"M\u1ee1 C\u00f4ng Nghi\u1ec7p Castrol Spheerol\u2122 BNS 2 - C\u00f4ng Ty TNHH D\u1ea7u Nh\u1eddn T&amp;T Vi\u1ec7t Nam","robots":{"index":"index","follow":"follow","max-snippet":"max-snippet:-1","max-image-preview":"max-image-preview:large","max-video-preview":"max-video-preview:-1"},"canonical":"https:\/\/tatco.vn\/vi\/san-pham\/mo-cong-nghiep-castrol-spheerol-bns-2\/","og_locale":"vi_VN","og_type":"article","og_title":"M\u1ee1 C\u00f4ng Nghi\u1ec7p Castrol Spheerol\u2122 BNS 2 - C\u00f4ng Ty TNHH D\u1ea7u Nh\u1eddn T&amp;T Vi\u1ec7t Nam","og_url":"https:\/\/tatco.vn\/vi\/san-pham\/mo-cong-nghiep-castrol-spheerol-bns-2\/","og_site_name":"C\u00f4ng Ty TNHH D\u1ea7u Nh\u1eddn T&amp;T Vi\u1ec7t Nam","article_modified_time":"2025-02-08T05:52:59+00:00","og_image":[{"width":750,"height":1000,"url":"https:\/\/tatco.vn\/wp-content\/uploads\/2022\/12\/Castrol-v5.png","type":"image\/png"}],"twitter_card":"summary_large_image","twitter_misc":{"\u01af\u1edbc t\u00ednh th\u1eddi gian \u0111\u1ecdc":"2 ph\u00fat"},"schema":{"@context":"https:\/\/schema.org","@graph":[{"@type":"WebPage","@id":"https:\/\/tatco.vn\/vi\/san-pham\/mo-cong-nghiep-castrol-spheerol-bns-2\/","url":"https:\/\/tatco.vn\/vi\/san-pham\/mo-cong-nghiep-castrol-spheerol-bns-2\/","name":"M\u1ee1 C\u00f4ng Nghi\u1ec7p Castrol Spheerol\u2122 BNS 2 - C\u00f4ng Ty TNHH D\u1ea7u Nh\u1eddn T&amp;T Vi\u1ec7t Nam","isPartOf":{"@id":"https:\/\/tatco.vn\/en\/#website"},"primaryImageOfPage":{"@id":"https:\/\/tatco.vn\/vi\/san-pham\/mo-cong-nghiep-castrol-spheerol-bns-2\/#primaryimage"},"image":{"@id":"https:\/\/tatco.vn\/vi\/san-pham\/mo-cong-nghiep-castrol-spheerol-bns-2\/#primaryimage"},"thumbnailUrl":"https:\/\/tatco.vn\/wp-content\/uploads\/2022\/12\/Castrol-v5.png","datePublished":"2025-02-05T07:48:53+00:00","dateModified":"2025-02-08T05:52:59+00:00","breadcrumb":{"@id":"https:\/\/tatco.vn\/vi\/san-pham\/mo-cong-nghiep-castrol-spheerol-bns-2\/#breadcrumb"},"inLanguage":"vi","potentialAction":[{"@type":"ReadAction","target":["https:\/\/tatco.vn\/vi\/san-pham\/mo-cong-nghiep-castrol-spheerol-bns-2\/"]}]},{"@type":"ImageObject","inLanguage":"vi","@id":"https:\/\/tatco.vn\/vi\/san-pham\/mo-cong-nghiep-castrol-spheerol-bns-2\/#primaryimage","url":"https:\/\/tatco.vn\/wp-content\/uploads\/2022\/12\/Castrol-v5.png","contentUrl":"https:\/\/tatco.vn\/wp-content\/uploads\/2022\/12\/Castrol-v5.png","width":750,"height":1000,"caption":"Castrol Perfecto HT 5"},{"@type":"BreadcrumbList","@id":"https:\/\/tatco.vn\/vi\/san-pham\/mo-cong-nghiep-castrol-spheerol-bns-2\/#breadcrumb","itemListElement":[{"@type":"ListItem","position":1,"name":"Home","item":"https:\/\/tatco.vn\/"},{"@type":"ListItem","position":2,"name":"C\u1eeda h\u00e0ng","item":"https:\/\/tatco.vn\/en\/mua\/"},{"@type":"ListItem","position":3,"name":"M\u1ee1 C\u00f4ng Nghi\u1ec7p Castrol Spheerol\u2122 BNS 2"}]},{"@type":"WebSite","@id":"https:\/\/tatco.vn\/en\/#website","url":"https:\/\/tatco.vn\/en\/","name":"C\u00f4ng Ty TNHH D\u1ea7u Nh\u1eddn T&amp;T Vi\u1ec7t Nam","description":"Right Point - Right Time - Best Solution","publisher":{"@id":"https:\/\/tatco.vn\/en\/#organization"},"potentialAction":[{"@type":"SearchAction","target":{"@type":"EntryPoint","urlTemplate":"https:\/\/tatco.vn\/en\/?s={search_term_string}"},"query-input":{"@type":"PropertyValueSpecification","valueRequired":true,"valueName":"search_term_string"}}],"inLanguage":"vi"},{"@type":"Organization","@id":"https:\/\/tatco.vn\/en\/#organization","name":"C\u00f4ng Ty TNHH D\u1ea7u Nh\u1eddn T&T Vi\u1ec7t Nam","url":"https:\/\/tatco.vn\/en\/","logo":{"@type":"ImageObject","inLanguage":"vi","@id":"https:\/\/tatco.vn\/en\/#\/schema\/logo\/image\/","url":"https:\/\/tatco.vn\/wp-content\/uploads\/2019\/05\/fav-ico.png","contentUrl":"https:\/\/tatco.vn\/wp-content\/uploads\/2019\/05\/fav-ico.png","width":200,"height":200,"caption":"C\u00f4ng Ty TNHH D\u1ea7u Nh\u1eddn T&T Vi\u1ec7t Nam"},"image":{"@id":"https:\/\/tatco.vn\/en\/#\/schema\/logo\/image\/"}}]}},"_links":{"self":[{"href":"https:\/\/tatco.vn\/vi\/wp-json\/wp\/v2\/product\/27864","targetHints":{"allow":["GET"]}}],"collection":[{"href":"https:\/\/tatco.vn\/vi\/wp-json\/wp\/v2\/product"}],"about":[{"href":"https:\/\/tatco.vn\/vi\/wp-json\/wp\/v2\/types\/product"}],"replies":[{"embeddable":true,"href":"https:\/\/tatco.vn\/vi\/wp-json\/wp\/v2\/comments?post=27864"}],"version-history":[{"count":0,"href":"https:\/\/tatco.vn\/vi\/wp-json\/wp\/v2\/product\/27864\/revisions"}],"wp:featuredmedia":[{"embeddable":true,"href":"https:\/\/tatco.vn\/vi\/wp-json\/wp\/v2\/media\/27593"}],"wp:attachment":[{"href":"https:\/\/tatco.vn\/vi\/wp-json\/wp\/v2\/media?parent=27864"}],"wp:term":[{"taxonomy":"product_cat","embeddable":true,"href":"https:\/\/tatco.vn\/vi\/wp-json\/wp\/v2\/product_cat?post=27864"},{"taxonomy":"product_tag","embeddable":true,"href":"https:\/\/tatco.vn\/vi\/wp-json\/wp\/v2\/product_tag?post=27864"}],"curies":[{"name":"wp","href":"https:\/\/api.w.org\/{rel}","templated":true}]}}