{"id":27858,"date":"2025-02-05T14:34:58","date_gmt":"2025-02-05T07:34:58","guid":{"rendered":"https:\/\/tatco.vn\/vi\/?post_type=product&#038;p=27858"},"modified":"2025-02-08T12:50:40","modified_gmt":"2025-02-08T05:50:40","slug":"mo-cong-nghiep-castrol-spheerol-ap-3-20kg","status":"publish","type":"product","link":"https:\/\/tatco.vn\/vi\/san-pham\/mo-cong-nghiep-castrol-spheerol-ap-3-20kg\/","title":{"rendered":"M\u1ee1 C\u00f4ng Nghi\u1ec7p Castrol SPHEEROL AP 3 20KG"},"content":{"rendered":"<p><strong>Spheerol\u2122 AP 3\u00a0 &#8211; M\u1ee1 B\u00f4i Tr\u01a1n V\u00f2ng Bi Hi\u1ec7u Su\u1ea5t Cao<\/strong><\/p>\n<p style=\"text-align: justify\"><strong>M\u00f4 t\u1ea3<\/strong>: <strong>Spheerol\u2122 AP 2 v\u00e0 AP 3<\/strong> l\u00e0 m\u1ee1 b\u00f4i tr\u01a1n g\u1ed1c lithium \u0111\u01b0\u1ee3c pha ch\u1ebf t\u1eeb d\u1ea7u g\u1ed1c tinh ch\u1ebf b\u1eb1ng dung m\u00f4i. Ch\u00fang ch\u1ee9a c\u00e1c ch\u1ea5t \u1ee9c ch\u1ebf \u00f4-xi h\u00f3a v\u00e0 \u0103n m\u00f2n, \u0111\u1ea3m b\u1ea3o tu\u1ed5i th\u1ecd d\u00e0i v\u00e0 m\u1ee9c \u0111\u1ed9 b\u1ea3o v\u1ec7 cao cho b\u1ec1 m\u1eb7t kim lo\u1ea1i. C\u00e1c lo\u1ea1i m\u1ee1 n\u00e0y c\u00f3 kh\u1ea3 n\u0103ng ch\u1ecbu n\u01b0\u1edbc. Spheerol AP 2 v\u00e0 AP 3 ch\u1ee7 y\u1ebfu \u0111\u01b0\u1ee3c s\u1eed d\u1ee5ng trong c\u00e1c lo\u1ea1i \u1ed5 bi tr\u01a1n v\u00e0 \u1ed5 bi l\u0103n c\u1ee7a t\u1ea5t c\u1ea3 c\u00e1c lo\u1ea1i m\u00e1y m\u00f3c ho\u1ea1t \u0111\u1ed9ng trong \u0111i\u1ec1u ki\u1ec7n t\u1ea3i tr\u1ecdng b\u00ecnh th\u01b0\u1eddng v\u00e0 trong d\u1ea3i nhi\u1ec7t \u0111\u1ed9 ho\u1ea1t \u0111\u1ed9ng t\u1eeb -20\u00b0C \u0111\u1ebfn +120\u00b0C.<\/p>\n<p style=\"text-align: justify\"><strong>C\u00f4ng d\u1ee5ng<\/strong>: Spheerol AP 2 v\u00e0 AP 3 \u0111\u01b0\u1ee3c thi\u1ebft k\u1ebf \u0111\u1ec3 s\u1eed d\u1ee5ng trong c\u00e1c \u1ed5 bi tr\u01a1n v\u00e0 \u1ed5 bi ch\u1ed1ng ma s\u00e1t, bi c\u1ea7u v\u00e0 bi tr\u1ee5, c\u0169ng nh\u01b0 c\u00e1c \u1ee9ng d\u1ee5ng m\u00e1y m\u00f3c kh\u00e1c. Ch\u00fang \u0111\u01b0\u1ee3c khuy\u1ebfn ngh\u1ecb s\u1eed d\u1ee5ng trong \u0111i\u1ec1u ki\u1ec7n t\u1ea3i tr\u1ecdng b\u00ecnh th\u01b0\u1eddng v\u00e0 nhi\u1ec7t \u0111\u1ed9 ho\u1ea1t \u0111\u1ed9ng t\u1eeb -20\u00b0C \u0111\u1ebfn +120\u00b0C. Do \u0111\u1ed9 nh\u1edbt th\u1ea5p c\u1ee7a c\u00e1c s\u1ea3n ph\u1ea9m n\u00e0y, ch\u00fang \u0111\u1eb7c bi\u1ec7t ph\u00f9 h\u1ee3p cho c\u00e1c \u1ed5 bi t\u1ed1c \u0111\u1ed9 cao. Spheerol AP 3 c\u0169ng ph\u00f9 h\u1ee3p cho c\u00e1c \u0111i\u1ec1u ki\u1ec7n rung \u0111\u1ed9ng nghi\u00eam tr\u1ecdng.<\/p>\n<p style=\"text-align: justify\"><strong>L\u1ee3i \u0111i\u1ec3m<\/strong>:<\/p>\n<ul>\n<li style=\"text-align: justify\"><strong>Ch\u1ea5t \u1ee9c ch\u1ebf \u0103n m\u00f2n<\/strong>: B\u1ea3o v\u1ec7 b\u1ec1 m\u1eb7t kim lo\u1ea1i, k\u00e9o d\u00e0i tu\u1ed5i th\u1ecd \u1ed5 bi.<\/li>\n<li style=\"text-align: justify\"><strong>Ch\u1ea5t \u1ee9c ch\u1ebf \u00f4-xi h\u00f3a<\/strong>: K\u00e9o d\u00e0i tu\u1ed5i th\u1ecd c\u1ee7a m\u1ee1 trong c\u00e1c \u1ee9ng d\u1ee5ng nhi\u1ec7t \u0111\u1ed9 cao, gi\u1ea3m thi\u1ec3u nhu c\u1ea7u b\u00f4i tr\u01a1n l\u1ea1i.<\/li>\n<li style=\"text-align: justify\"><strong>Ch\u1ed1ng n\u01b0\u1edbc<\/strong>: Cung c\u1ea5p m\u1ee9c \u0111\u1ed9 b\u1ea3o v\u1ec7 t\u1ed1t trong c\u00e1c \u1ee9ng d\u1ee5ng \u01b0\u1edbt.<\/li>\n<\/ul>\n<p><strong>C\u00e1c \u0111\u1eb7c tr\u01b0ng ti\u00eau bi\u1ec3u<\/strong>:<\/p>\n<div>\n<div>\n<div class=\"table-responsive\">\n<table class=\"table table-striped\">\n<thead>\n<tr>\n<th>Thu\u1ed9c t\u00ednh<\/th>\n<th>Ph\u01b0\u01a1ng ph\u00e1p<\/th>\n<th>\u0110\u01a1n v\u1ecb<\/th>\n<th>AP 2<\/th>\n<th>AP 3<\/th>\n<\/tr>\n<\/thead>\n<tbody>\n<tr>\n<td>Lo\u1ea1i ch\u1ea5t l\u00e0m \u0111\u1eb7c<\/td>\n<td><\/td>\n<td><\/td>\n<td>X\u00e0 ph\u00f2ng lithium<\/td>\n<td>X\u00e0 ph\u00f2ng lithium<\/td>\n<\/tr>\n<tr>\n<td>\u0110\u1ed9 \u0111\u1eb7c<\/td>\n<td>ISO 2137 \/ ASTM D217<\/td>\n<td>C\u1ea5p NLGI<\/td>\n<td>2<\/td>\n<td>3<\/td>\n<\/tr>\n<tr>\n<td>M\u00e0u s\u1eafc<\/td>\n<td>Quan s\u00e1t<\/td>\n<td><\/td>\n<td>H\u1ed5 ph\u00e1ch\/N\u00e2u<\/td>\n<td>H\u1ed5 ph\u00e1ch\/N\u00e2u<\/td>\n<\/tr>\n<tr>\n<td>K\u1ebft c\u1ea5u<\/td>\n<td>Quan s\u00e1t<\/td>\n<td><\/td>\n<td>M\u1ecbn &amp; \u0111\u1ed3ng nh\u1ea5t<\/td>\n<td>M\u1ecbn &amp; \u0111\u1ed3ng nh\u1ea5t<\/td>\n<\/tr>\n<tr>\n<td>\u0110i\u1ec3m nh\u1ecf gi\u1ecdt<\/td>\n<td>ISO 2176 \/ ASTM D566<\/td>\n<td>\u00b0C\/\u00b0F<\/td>\n<td>T\u1ed1i thi\u1ec3u 180\/356<\/td>\n<td>T\u1ed1i thi\u1ec3u 180\/356<\/td>\n<\/tr>\n<tr>\n<td>\u0110\u1ed9 nh\u1edbt d\u1ea7u g\u1ed1c @ 40\u00b0C<\/td>\n<td>ISO 3104 \/ ASTM D445<\/td>\n<td>mm\u00b2\/s<\/td>\n<td>100-130<\/td>\n<td>100-130<\/td>\n<\/tr>\n<tr>\n<td>\u0110\u1ed9 th\u00e2m nh\u1eadp l\u00e0m vi\u1ec7c (60 l\u1ea7n @ 25\u00b0C)<\/td>\n<td>ISO 2137 \/ ASTM D217<\/td>\n<td>0.1 mm<\/td>\n<td>265-295<\/td>\n<td>220-250<\/td>\n<\/tr>\n<tr>\n<td>Hi\u1ec7u su\u1ea5t ch\u1ed1ng r\u1ec9 (Emcor)<\/td>\n<td>ISO 11007 \/ ASTM D6138<\/td>\n<td>\u0110\u00e1nh gi\u00e1<\/td>\n<td>T\u1ed1i \u0111a 0\/1<\/td>\n<td>T\u1ed1i \u0111a 0\/1<\/td>\n<\/tr>\n<tr>\n<td>\u0102n m\u00f2n \u0111\u1ed3ng, 24 gi\u1edd @ 100\u00b0C<\/td>\n<td>ASTM D4048<\/td>\n<td>\u0110\u00e1nh gi\u00e1<\/td>\n<td>T\u1ed1i \u0111a 1b<\/td>\n<td>T\u1ed1i \u0111a 1b<\/td>\n<\/tr>\n<tr>\n<td>T\u00e1ch d\u1ea7u, 168 gi\u1edd @ 40\u00b0C<\/td>\n<td>IP121 \/ DIN 51817<\/td>\n<td>% kh\u1ed1i l\u01b0\u1ee3ng<\/td>\n<td>T\u1ed1i \u0111a 5<\/td>\n<td>T\u1ed1i \u0111a 2<\/td>\n<\/tr>\n<tr>\n<td>R\u1eeda tr\u00f4i n\u01b0\u1edbc, 1 gi\u1edd @ 79\u00b0C<\/td>\n<td>ISO 11009 \/ ASTM D1264<\/td>\n<td>% kh\u1ed1i l\u01b0\u1ee3ng m\u1ea5t<\/td>\n<td>T\u1ed1i \u0111a 10<\/td>\n<td>T\u1ed1i \u0111a 10<\/td>\n<\/tr>\n<tr>\n<td>\u00c1p su\u1ea5t d\u00f2ng ch\u1ea3y @ -20\u00b0C<\/td>\n<td>DIN 51805<\/td>\n<td>mBar<\/td>\n<td>&lt;1400<\/td>\n<td>&lt;1400<\/td>\n<\/tr>\n<\/tbody>\n<\/table>\n<\/div>\n<div><\/div>\n<\/div>\n<p><\/p>","protected":false},"excerpt":{"rendered":"<p><strong>Spheerol\u2122 AP 2 v\u00e0 AP 3<\/strong> l\u00e0 m\u1ee1 b\u00f4i tr\u01a1n g\u1ed1c lithium \u0111\u01b0\u1ee3c pha ch\u1ebf t\u1eeb d\u1ea7u g\u1ed1c tinh ch\u1ebf b\u1eb1ng dung m\u00f4i. Ch\u00fang ch\u1ee9a c\u00e1c ch\u1ea5t \u1ee9c ch\u1ebf \u00f4-xi h\u00f3a v\u00e0 \u0103n m\u00f2n, \u0111\u1ea3m b\u1ea3o tu\u1ed5i th\u1ecd d\u00e0i v\u00e0 m\u1ee9c \u0111\u1ed9 b\u1ea3o v\u1ec7 cao cho b\u1ec1 m\u1eb7t kim lo\u1ea1i. C\u00e1c lo\u1ea1i m\u1ee1 n\u00e0y c\u00f3 kh\u1ea3 n\u0103ng ch\u1ecbu n\u01b0\u1edbc. Spheerol AP 2 v\u00e0 AP 3 ch\u1ee7 y\u1ebfu \u0111\u01b0\u1ee3c s\u1eed d\u1ee5ng trong c\u00e1c lo\u1ea1i \u1ed5 bi tr\u01a1n v\u00e0 \u1ed5 bi l\u0103n c\u1ee7a t\u1ea5t c\u1ea3 c\u00e1c lo\u1ea1i m\u00e1y m\u00f3c ho\u1ea1t \u0111\u1ed9ng trong \u0111i\u1ec1u ki\u1ec7n t\u1ea3i tr\u1ecdng b\u00ecnh th\u01b0\u1eddng v\u00e0 trong d\u1ea3i nhi\u1ec7t \u0111\u1ed9 ho\u1ea1t \u0111\u1ed9ng t\u1eeb -20\u00b0C \u0111\u1ebfn +120\u00b0C.<\/p>\n","protected":false},"featured_media":27593,"comment_status":"closed","ping_status":"closed","template":"","meta":[],"product_cat":[993,786],"product_tag":[1010,1011,1004,1007,1009,1008,1006,1005,1002,1003],"class_list":{"0":"post-27858","1":"product","2":"type-product","3":"status-publish","4":"has-post-thumbnail","6":"product_brand-castrol","7":"product_cat-mo-spheerol-ap","8":"product_cat-mo-cong-nghiep-castrol","9":"product_tag-mo-boi-tron-bi-cau","10":"product_tag-mo-boi-tron-bi-tru","11":"product_tag-mo-boi-tron-vong-bi","12":"product_tag-mo-chong-an-mon","13":"product_tag-mo-chong-nuoc","14":"product_tag-mo-co-chat-uc-che-o-xi-hoa","15":"product_tag-mo-goc-lithium","16":"product_tag-mo-hieu-suat-cao","17":"product_tag-spheerol-ap-2","18":"product_tag-spheerol-ap-3","20":"first","21":"instock","22":"shipping-taxable","23":"product-type-simple"},"yoast_head":"<!-- This site is optimized with the Yoast SEO plugin v27.2 - https:\/\/yoast.com\/product\/yoast-seo-wordpress\/ -->\n<title>M\u1ee1 C\u00f4ng Nghi\u1ec7p Castrol SPHEEROL AP 3 20KG - C\u00f4ng Ty TNHH D\u1ea7u Nh\u1eddn T&amp;T Vi\u1ec7t Nam<\/title>\n<meta name=\"robots\" content=\"index, follow, max-snippet:-1, max-image-preview:large, max-video-preview:-1\" \/>\n<link rel=\"canonical\" href=\"https:\/\/tatco.vn\/vi\/san-pham\/mo-cong-nghiep-castrol-spheerol-ap-3-20kg\/\" \/>\n<meta property=\"og:locale\" content=\"vi_VN\" \/>\n<meta property=\"og:type\" content=\"article\" \/>\n<meta property=\"og:title\" content=\"M\u1ee1 C\u00f4ng Nghi\u1ec7p Castrol SPHEEROL AP 3 20KG - C\u00f4ng Ty TNHH D\u1ea7u Nh\u1eddn T&amp;T Vi\u1ec7t Nam\" \/>\n<meta property=\"og:url\" content=\"https:\/\/tatco.vn\/vi\/san-pham\/mo-cong-nghiep-castrol-spheerol-ap-3-20kg\/\" \/>\n<meta property=\"og:site_name\" content=\"C\u00f4ng Ty TNHH D\u1ea7u Nh\u1eddn T&amp;T Vi\u1ec7t Nam\" \/>\n<meta property=\"article:modified_time\" content=\"2025-02-08T05:50:40+00:00\" \/>\n<meta property=\"og:image\" content=\"https:\/\/tatco.vn\/wp-content\/uploads\/2022\/12\/Castrol-v5.png\" \/>\n\t<meta property=\"og:image:width\" content=\"750\" \/>\n\t<meta property=\"og:image:height\" content=\"1000\" \/>\n\t<meta property=\"og:image:type\" content=\"image\/png\" \/>\n<meta name=\"twitter:card\" content=\"summary_large_image\" \/>\n<meta name=\"twitter:label1\" content=\"\u01af\u1edbc t\u00ednh th\u1eddi gian \u0111\u1ecdc\" \/>\n\t<meta name=\"twitter:data1\" content=\"3 ph\u00fat\" \/>\n<script type=\"application\/ld+json\" class=\"yoast-schema-graph\">{\"@context\":\"https:\/\/schema.org\",\"@graph\":[{\"@type\":\"WebPage\",\"@id\":\"https:\/\/tatco.vn\/vi\/san-pham\/mo-cong-nghiep-castrol-spheerol-ap-3-20kg\/\",\"url\":\"https:\/\/tatco.vn\/vi\/san-pham\/mo-cong-nghiep-castrol-spheerol-ap-3-20kg\/\",\"name\":\"M\u1ee1 C\u00f4ng Nghi\u1ec7p Castrol SPHEEROL AP 3 20KG - C\u00f4ng Ty TNHH D\u1ea7u Nh\u1eddn T&amp;T Vi\u1ec7t Nam\",\"isPartOf\":{\"@id\":\"https:\/\/tatco.vn\/en\/#website\"},\"primaryImageOfPage\":{\"@id\":\"https:\/\/tatco.vn\/vi\/san-pham\/mo-cong-nghiep-castrol-spheerol-ap-3-20kg\/#primaryimage\"},\"image\":{\"@id\":\"https:\/\/tatco.vn\/vi\/san-pham\/mo-cong-nghiep-castrol-spheerol-ap-3-20kg\/#primaryimage\"},\"thumbnailUrl\":\"https:\/\/tatco.vn\/wp-content\/uploads\/2022\/12\/Castrol-v5.png\",\"datePublished\":\"2025-02-05T07:34:58+00:00\",\"dateModified\":\"2025-02-08T05:50:40+00:00\",\"breadcrumb\":{\"@id\":\"https:\/\/tatco.vn\/vi\/san-pham\/mo-cong-nghiep-castrol-spheerol-ap-3-20kg\/#breadcrumb\"},\"inLanguage\":\"vi\",\"potentialAction\":[{\"@type\":\"ReadAction\",\"target\":[\"https:\/\/tatco.vn\/vi\/san-pham\/mo-cong-nghiep-castrol-spheerol-ap-3-20kg\/\"]}]},{\"@type\":\"ImageObject\",\"inLanguage\":\"vi\",\"@id\":\"https:\/\/tatco.vn\/vi\/san-pham\/mo-cong-nghiep-castrol-spheerol-ap-3-20kg\/#primaryimage\",\"url\":\"https:\/\/tatco.vn\/wp-content\/uploads\/2022\/12\/Castrol-v5.png\",\"contentUrl\":\"https:\/\/tatco.vn\/wp-content\/uploads\/2022\/12\/Castrol-v5.png\",\"width\":750,\"height\":1000,\"caption\":\"Castrol Perfecto HT 5\"},{\"@type\":\"BreadcrumbList\",\"@id\":\"https:\/\/tatco.vn\/vi\/san-pham\/mo-cong-nghiep-castrol-spheerol-ap-3-20kg\/#breadcrumb\",\"itemListElement\":[{\"@type\":\"ListItem\",\"position\":1,\"name\":\"Home\",\"item\":\"https:\/\/tatco.vn\/\"},{\"@type\":\"ListItem\",\"position\":2,\"name\":\"C\u1eeda h\u00e0ng\",\"item\":\"https:\/\/tatco.vn\/en\/mua\/\"},{\"@type\":\"ListItem\",\"position\":3,\"name\":\"M\u1ee1 C\u00f4ng Nghi\u1ec7p Castrol SPHEEROL AP 3 20KG\"}]},{\"@type\":\"WebSite\",\"@id\":\"https:\/\/tatco.vn\/en\/#website\",\"url\":\"https:\/\/tatco.vn\/en\/\",\"name\":\"C\u00f4ng Ty TNHH D\u1ea7u Nh\u1eddn T&amp;T Vi\u1ec7t Nam\",\"description\":\"Right Point - Right Time - Best Solution\",\"publisher\":{\"@id\":\"https:\/\/tatco.vn\/en\/#organization\"},\"potentialAction\":[{\"@type\":\"SearchAction\",\"target\":{\"@type\":\"EntryPoint\",\"urlTemplate\":\"https:\/\/tatco.vn\/en\/?s={search_term_string}\"},\"query-input\":{\"@type\":\"PropertyValueSpecification\",\"valueRequired\":true,\"valueName\":\"search_term_string\"}}],\"inLanguage\":\"vi\"},{\"@type\":\"Organization\",\"@id\":\"https:\/\/tatco.vn\/en\/#organization\",\"name\":\"C\u00f4ng Ty TNHH D\u1ea7u Nh\u1eddn T&T Vi\u1ec7t Nam\",\"url\":\"https:\/\/tatco.vn\/en\/\",\"logo\":{\"@type\":\"ImageObject\",\"inLanguage\":\"vi\",\"@id\":\"https:\/\/tatco.vn\/en\/#\/schema\/logo\/image\/\",\"url\":\"https:\/\/tatco.vn\/wp-content\/uploads\/2019\/05\/fav-ico.png\",\"contentUrl\":\"https:\/\/tatco.vn\/wp-content\/uploads\/2019\/05\/fav-ico.png\",\"width\":200,\"height\":200,\"caption\":\"C\u00f4ng Ty TNHH D\u1ea7u Nh\u1eddn T&T Vi\u1ec7t Nam\"},\"image\":{\"@id\":\"https:\/\/tatco.vn\/en\/#\/schema\/logo\/image\/\"}}]}<\/script>\n<!-- \/ Yoast SEO plugin. -->","yoast_head_json":{"title":"M\u1ee1 C\u00f4ng Nghi\u1ec7p Castrol SPHEEROL AP 3 20KG - C\u00f4ng Ty TNHH D\u1ea7u Nh\u1eddn T&amp;T Vi\u1ec7t Nam","robots":{"index":"index","follow":"follow","max-snippet":"max-snippet:-1","max-image-preview":"max-image-preview:large","max-video-preview":"max-video-preview:-1"},"canonical":"https:\/\/tatco.vn\/vi\/san-pham\/mo-cong-nghiep-castrol-spheerol-ap-3-20kg\/","og_locale":"vi_VN","og_type":"article","og_title":"M\u1ee1 C\u00f4ng Nghi\u1ec7p Castrol SPHEEROL AP 3 20KG - C\u00f4ng Ty TNHH D\u1ea7u Nh\u1eddn T&amp;T Vi\u1ec7t Nam","og_url":"https:\/\/tatco.vn\/vi\/san-pham\/mo-cong-nghiep-castrol-spheerol-ap-3-20kg\/","og_site_name":"C\u00f4ng Ty TNHH D\u1ea7u Nh\u1eddn T&amp;T Vi\u1ec7t Nam","article_modified_time":"2025-02-08T05:50:40+00:00","og_image":[{"width":750,"height":1000,"url":"https:\/\/tatco.vn\/wp-content\/uploads\/2022\/12\/Castrol-v5.png","type":"image\/png"}],"twitter_card":"summary_large_image","twitter_misc":{"\u01af\u1edbc t\u00ednh th\u1eddi gian \u0111\u1ecdc":"3 ph\u00fat"},"schema":{"@context":"https:\/\/schema.org","@graph":[{"@type":"WebPage","@id":"https:\/\/tatco.vn\/vi\/san-pham\/mo-cong-nghiep-castrol-spheerol-ap-3-20kg\/","url":"https:\/\/tatco.vn\/vi\/san-pham\/mo-cong-nghiep-castrol-spheerol-ap-3-20kg\/","name":"M\u1ee1 C\u00f4ng Nghi\u1ec7p Castrol SPHEEROL AP 3 20KG - C\u00f4ng Ty TNHH D\u1ea7u Nh\u1eddn T&amp;T Vi\u1ec7t Nam","isPartOf":{"@id":"https:\/\/tatco.vn\/en\/#website"},"primaryImageOfPage":{"@id":"https:\/\/tatco.vn\/vi\/san-pham\/mo-cong-nghiep-castrol-spheerol-ap-3-20kg\/#primaryimage"},"image":{"@id":"https:\/\/tatco.vn\/vi\/san-pham\/mo-cong-nghiep-castrol-spheerol-ap-3-20kg\/#primaryimage"},"thumbnailUrl":"https:\/\/tatco.vn\/wp-content\/uploads\/2022\/12\/Castrol-v5.png","datePublished":"2025-02-05T07:34:58+00:00","dateModified":"2025-02-08T05:50:40+00:00","breadcrumb":{"@id":"https:\/\/tatco.vn\/vi\/san-pham\/mo-cong-nghiep-castrol-spheerol-ap-3-20kg\/#breadcrumb"},"inLanguage":"vi","potentialAction":[{"@type":"ReadAction","target":["https:\/\/tatco.vn\/vi\/san-pham\/mo-cong-nghiep-castrol-spheerol-ap-3-20kg\/"]}]},{"@type":"ImageObject","inLanguage":"vi","@id":"https:\/\/tatco.vn\/vi\/san-pham\/mo-cong-nghiep-castrol-spheerol-ap-3-20kg\/#primaryimage","url":"https:\/\/tatco.vn\/wp-content\/uploads\/2022\/12\/Castrol-v5.png","contentUrl":"https:\/\/tatco.vn\/wp-content\/uploads\/2022\/12\/Castrol-v5.png","width":750,"height":1000,"caption":"Castrol Perfecto HT 5"},{"@type":"BreadcrumbList","@id":"https:\/\/tatco.vn\/vi\/san-pham\/mo-cong-nghiep-castrol-spheerol-ap-3-20kg\/#breadcrumb","itemListElement":[{"@type":"ListItem","position":1,"name":"Home","item":"https:\/\/tatco.vn\/"},{"@type":"ListItem","position":2,"name":"C\u1eeda h\u00e0ng","item":"https:\/\/tatco.vn\/en\/mua\/"},{"@type":"ListItem","position":3,"name":"M\u1ee1 C\u00f4ng Nghi\u1ec7p Castrol SPHEEROL AP 3 20KG"}]},{"@type":"WebSite","@id":"https:\/\/tatco.vn\/en\/#website","url":"https:\/\/tatco.vn\/en\/","name":"C\u00f4ng Ty TNHH D\u1ea7u Nh\u1eddn T&amp;T Vi\u1ec7t Nam","description":"Right Point - Right Time - Best Solution","publisher":{"@id":"https:\/\/tatco.vn\/en\/#organization"},"potentialAction":[{"@type":"SearchAction","target":{"@type":"EntryPoint","urlTemplate":"https:\/\/tatco.vn\/en\/?s={search_term_string}"},"query-input":{"@type":"PropertyValueSpecification","valueRequired":true,"valueName":"search_term_string"}}],"inLanguage":"vi"},{"@type":"Organization","@id":"https:\/\/tatco.vn\/en\/#organization","name":"C\u00f4ng Ty TNHH D\u1ea7u Nh\u1eddn T&T Vi\u1ec7t Nam","url":"https:\/\/tatco.vn\/en\/","logo":{"@type":"ImageObject","inLanguage":"vi","@id":"https:\/\/tatco.vn\/en\/#\/schema\/logo\/image\/","url":"https:\/\/tatco.vn\/wp-content\/uploads\/2019\/05\/fav-ico.png","contentUrl":"https:\/\/tatco.vn\/wp-content\/uploads\/2019\/05\/fav-ico.png","width":200,"height":200,"caption":"C\u00f4ng Ty TNHH D\u1ea7u Nh\u1eddn T&T Vi\u1ec7t Nam"},"image":{"@id":"https:\/\/tatco.vn\/en\/#\/schema\/logo\/image\/"}}]}},"_links":{"self":[{"href":"https:\/\/tatco.vn\/vi\/wp-json\/wp\/v2\/product\/27858","targetHints":{"allow":["GET"]}}],"collection":[{"href":"https:\/\/tatco.vn\/vi\/wp-json\/wp\/v2\/product"}],"about":[{"href":"https:\/\/tatco.vn\/vi\/wp-json\/wp\/v2\/types\/product"}],"replies":[{"embeddable":true,"href":"https:\/\/tatco.vn\/vi\/wp-json\/wp\/v2\/comments?post=27858"}],"version-history":[{"count":0,"href":"https:\/\/tatco.vn\/vi\/wp-json\/wp\/v2\/product\/27858\/revisions"}],"wp:featuredmedia":[{"embeddable":true,"href":"https:\/\/tatco.vn\/vi\/wp-json\/wp\/v2\/media\/27593"}],"wp:attachment":[{"href":"https:\/\/tatco.vn\/vi\/wp-json\/wp\/v2\/media?parent=27858"}],"wp:term":[{"taxonomy":"product_cat","embeddable":true,"href":"https:\/\/tatco.vn\/vi\/wp-json\/wp\/v2\/product_cat?post=27858"},{"taxonomy":"product_tag","embeddable":true,"href":"https:\/\/tatco.vn\/vi\/wp-json\/wp\/v2\/product_tag?post=27858"}],"curies":[{"name":"wp","href":"https:\/\/api.w.org\/{rel}","templated":true}]}}