{"id":27854,"date":"2025-02-05T14:34:03","date_gmt":"2025-02-05T07:34:03","guid":{"rendered":"https:\/\/tatco.vn\/vi\/?post_type=product&#038;p=27854"},"modified":"2025-02-08T12:49:04","modified_gmt":"2025-02-08T05:49:04","slug":"mo-cong-nghiep-castrol-high-temperature-grease","status":"publish","type":"product","link":"https:\/\/tatco.vn\/vi\/san-pham\/mo-cong-nghiep-castrol-high-temperature-grease\/","title":{"rendered":"M\u1ee1 C\u00f4ng Nghi\u1ec7p Castrol High Temperature Grease"},"content":{"rendered":"<p><strong>Castrol High Temperature Grease &#8211; M\u1ee1 B\u00f4i Tr\u01a1n \u0110a N\u0103ng Ch\u1ecbu Nhi\u1ec7t Cao<\/strong><\/p>\n<p style=\"text-align: justify\"><strong>M\u00f4 t\u1ea3<\/strong>:<strong> Castrol High Temperature Grease<\/strong> l\u00e0 m\u1ee1 b\u00f4i tr\u01a1n \u0111a n\u0103ng ch\u1ecbu nhi\u1ec7t cao, \u0111\u01b0\u1ee3c ph\u00e1t tri\u1ec3n v\u1edbi s\u1ef1 k\u1ebft h\u1ee3p t\u1ed1i \u01b0u gi\u1eefa d\u1ea7u kho\u00e1ng ch\u1ea5t l\u01b0\u1ee3ng cao, c\u00f4ng ngh\u1ec7 ch\u1ea5t l\u00e0m \u0111\u1eb7c \u0111\u1ed9c quy\u1ec1n v\u00e0 h\u1ec7 ph\u1ee5 gia \u0111\u01b0\u1ee3c ch\u1ecdn l\u1ecdc \u0111\u1eb7c bi\u1ec7t. S\u1ea3n ph\u1ea9m n\u00e0y cho hi\u1ec7u su\u1ea5t \u0111\u00e1ng tin c\u1eady trong ph\u1ea1m vi nhi\u1ec7t \u0111\u1ed9 r\u1ed9ng khi ti\u1ebfp x\u00fac v\u1edbi c\u00e1c t\u1ea3i tr\u1ecdng v\u1eadn h\u00e0nh, t\u1ed1c \u0111\u1ed9 v\u00e0 \u0111i\u1ec1u ki\u1ec7n m\u00f4i tr\u01b0\u1eddng kh\u00e1c nhau.<\/p>\n<p style=\"text-align: justify\"><strong>\u1ee8ng d\u1ee5ng<\/strong>: Castrol High Temperature Grease \u0111\u01b0\u1ee3c thi\u1ebft k\u1ebf \u0111\u1ec3 s\u1eed d\u1ee5ng trong m\u1ed9t lo\u1ea1t c\u00e1c \u1ed5 bi tr\u01a1n v\u00e0 \u1ed5 bi l\u0103n trong c\u1ea3 th\u1ecb tr\u01b0\u1eddng \u00d4 t\u00f4 v\u00e0 C\u00f4ng nghi\u1ec7p. S\u1ea3n ph\u1ea9m n\u00e0y \u0111\u1eb7c bi\u1ec7t h\u1eefu \u00edch trong c\u00e1c \u1ee9ng d\u1ee5ng c\u00f3 nhi\u1ec7t \u0111\u1ed9 ho\u1ea1t \u0111\u1ed9ng tr\u00ean gi\u1edbi h\u1ea1n c\u1ee7a m\u1ee1 lithium th\u00f4ng th\u01b0\u1eddng. V\u1edbi \u0111\u1ed9 \u1ed5n \u0111\u1ecbnh nhi\u1ec7t v\u00e0 c\u01a1 h\u1ecdc xu\u1ea5t s\u1eafc, Castrol High Temperature Grease r\u1ea5t ph\u00f9 h\u1ee3p \u0111\u1ec3 s\u1eed d\u1ee5ng trong c\u00e1c \u1ee9ng d\u1ee5ng v\u00f2ng bi \u00f4 t\u00f4 n\u01a1i t\u1ed1c \u0111\u1ed9 quay c\u00f3 th\u1ec3 cao h\u01a1n ho\u1eb7c phanh n\u1eb7ng k\u00e9o d\u00e0i c\u00f3 th\u1ec3 t\u1ea1o ra nhi\u1ec7t \u0111\u1ed9 trung t\u00e2m cao h\u01a1n b\u00ecnh th\u01b0\u1eddng. C\u00e1c v\u00ed d\u1ee5 c\u1ee5 th\u1ec3 bao g\u1ed3m xe h\u01a1i \u0111\u01b0\u1ee3c trang b\u1ecb phanh \u0111\u0129a ho\u1eb7c c\u00e1c ph\u01b0\u01a1ng ti\u1ec7n th\u01b0\u01a1ng m\u1ea1i nh\u01b0 xe t\u1ea3i ho\u1eb7c xe bu\u00fdt. Castrol High Temperature Grease c\u0169ng c\u00f3 kh\u1ea3 n\u0103ng ch\u1ed1ng n\u01b0\u1edbc v\u00e0 \u0103n m\u00f2n t\u1ed1t, c\u0169ng nh\u01b0 kh\u1ea3 n\u0103ng ch\u1ecbu t\u1ea3i r\u1ea5t t\u1ed1t, khi\u1ebfn n\u00f3 ph\u00f9 h\u1ee3p cho vi\u1ec7c b\u00f4i tr\u01a1n khung xe chung ho\u1eb7c v\u00f2ng bi tr\u00ean c\u00e1c ph\u01b0\u01a1ng ti\u1ec7n x\u00e2y d\u1ef1ng off-road v\u1edbi \u00e1p l\u1ef1c kh\u1eafc nghi\u1ec7t h\u01a1n.<\/p>\n<p style=\"text-align: justify\"><strong>L\u1ee3i \u0111i\u1ec3m<\/strong>:<\/p>\n<ul>\n<li style=\"text-align: justify\"><strong>\u0110\u1ed9 \u1ed5n \u0111\u1ecbnh nhi\u1ec7t v\u00e0 c\u01a1 h\u1ecdc xu\u1ea5t s\u1eafc<\/strong>: \u0110\u1ea3m b\u1ea3o t\u00ednh to\u00e0n v\u1eb9n c\u1ee7a s\u1ea3n ph\u1ea9m k\u00e9o d\u00e0i trong ph\u1ea1m vi nhi\u1ec7t \u0111\u1ed9 r\u1ed9ng, cho ph\u00e9p k\u00e9o d\u00e0i chu k\u1ef3 b\u00f4i tr\u01a1n l\u1ea1i v\u00e0 gi\u1ea3m b\u1ea3o tr\u00ec.<\/li>\n<li style=\"text-align: justify\"><strong>T\u00ednh ch\u1ea5t ch\u1ecbu \u00e1p l\u1ef1c v\u00e0 ch\u1ed1ng m\u00e0i m\u00f2n t\u1ed1t<\/strong>: Gia t\u0103ng tu\u1ed5i th\u1ecd c\u1ee7a c\u00e1c b\u1ed9 ph\u1eadn.<\/li>\n<li style=\"text-align: justify\"><strong>Kh\u1ea3 n\u0103ng ch\u1ed1ng n\u01b0\u1edbc t\u1ed1t<\/strong>: Cung c\u1ea5p b\u1ea3o v\u1ec7 n\u00e2ng cao trong c\u00e1c \u1ee9ng d\u1ee5ng c\u00f3 nguy c\u01a1 ti\u1ebfp x\u00fac v\u00e0 nhi\u1ec5m b\u1ea9n cao h\u01a1n.<\/li>\n<li style=\"text-align: justify\"><strong>B\u1ea3o v\u1ec7 ch\u1ed1ng \u0103n m\u00f2n t\u1ed1t<\/strong>.<\/li>\n<li style=\"text-align: justify\"><strong>\u0110a n\u0103ng xu\u1ea5t s\u1eafc<\/strong>: Gi\u1ea3m thi\u1ec3u t\u1ed3n kho s\u1ea3n ph\u1ea9m.<\/li>\n<\/ul>\n<p><strong>C\u00e1c \u0111\u1eb7c tr\u01b0ng ti\u00eau bi\u1ec3u<\/strong>:<\/p>\n<div>\n<div>\n<div class=\"table-responsive\">\n<table class=\"table table-striped\">\n<thead>\n<tr>\n<th>Thu\u1ed9c t\u00ednh<\/th>\n<th>Ph\u01b0\u01a1ng ph\u00e1p<\/th>\n<th>\u0110\u01a1n v\u1ecb<\/th>\n<th>M\u1ee1 B\u00f4i Tr\u01a1n Nhi\u1ec7t \u0110\u1ed9 Cao<\/th>\n<\/tr>\n<\/thead>\n<tbody>\n<tr>\n<td>Lo\u1ea1i ch\u1ea5t l\u00e0m \u0111\u1eb7c<\/td>\n<td><\/td>\n<td><\/td>\n<td>Lithium Complex<\/td>\n<\/tr>\n<tr>\n<td>D\u1ea7u g\u1ed1c<\/td>\n<td><\/td>\n<td><\/td>\n<td>Mineral<\/td>\n<\/tr>\n<tr>\n<td>B\u1ec1 ngo\u00e0i<\/td>\n<td>Quan s\u00e1t<\/td>\n<td><\/td>\n<td>M\u1ecbn, N\u00e2u &amp; \u0110\u1ed3ng nh\u1ea5t<\/td>\n<\/tr>\n<tr>\n<td>C\u1ea5p NLGI<\/td>\n<td>ASTM D 217<\/td>\n<td><\/td>\n<td>2<\/td>\n<\/tr>\n<tr>\n<td>\u0110\u1ed9 th\u00e2m nh\u1eadp h\u00ecnh n\u00f3n, 60 l\u1ea7n l\u00e0m vi\u1ec7c<\/td>\n<td>IP 50<\/td>\n<td>10ths\/mm<\/td>\n<td>275<\/td>\n<\/tr>\n<tr>\n<td>\u0110\u1ed9 th\u00e2m nh\u1eadp h\u00ecnh n\u00f3n, 100,000 l\u1ea7n l\u00e0m vi\u1ec7c<\/td>\n<td>IP 50<\/td>\n<td>10ths\/mm<\/td>\n<td>285<\/td>\n<\/tr>\n<tr>\n<td>\u0110\u1ed9 nh\u1edbt d\u1ea7u g\u1ed1c @ 40\u00b0C<\/td>\n<td>ASTM D445<\/td>\n<td>cSt<\/td>\n<td>180<\/td>\n<\/tr>\n<tr>\n<td>\u0110i\u1ec3m nh\u1ecf gi\u1ecdt<\/td>\n<td>IP 396<\/td>\n<td>\u00b0C<\/td>\n<td>260<\/td>\n<\/tr>\n<tr>\n<td>T\u00e1ch d\u1ea7u, 18 gi\u1edd @ 100\u00b0C<\/td>\n<td>IP 121<\/td>\n<td>%<\/td>\n<td>7.5<\/td>\n<\/tr>\n<tr>\n<td>T\u00e1ch d\u1ea7u<\/td>\n<td>ASTM D 1742<\/td>\n<td>%<\/td>\n<td>3.6<\/td>\n<\/tr>\n<tr>\n<td>R\u1eeda tr\u00f4i n\u01b0\u1edbc, 1 gi\u1edd @ 79\u00b0C<\/td>\n<td>ASTM D 1264<\/td>\n<td>% kh\u1ed1i l\u01b0\u1ee3ng<\/td>\n<td>3.5<\/td>\n<\/tr>\n<tr>\n<td>B\u1ea3o v\u1ec7 ch\u1ed1ng \u0103n m\u00f2n Emcor, N\u01b0\u1edbc c\u1ea5t<\/td>\n<td>IP 220<\/td>\n<td>\u0110\u00e1nh gi\u00e1<\/td>\n<td>0 &#8211; 0<\/td>\n<\/tr>\n<tr>\n<td>Ph\u00f2ng ng\u1eeba \u0103n m\u00f2n<\/td>\n<td>ASTM D 1743<\/td>\n<td>\u0110\u00e1nh gi\u00e1<\/td>\n<td>\u0110\u1ea1t<\/td>\n<\/tr>\n<tr>\n<td>\u00d4xi h\u00f3a b\u00ecnh \u00e1p su\u1ea5t, Gi\u1ea3m \u00e1p su\u1ea5t sau 100 gi\u1edd<\/td>\n<td>ASTM D 942<\/td>\n<td>psi<\/td>\n<td>2.0<\/td>\n<\/tr>\n<tr>\n<td>\u0110i\u1ec3m h\u00e0n 4 bi<\/td>\n<td>IP 239<\/td>\n<td>kg<\/td>\n<td>310<\/td>\n<\/tr>\n<tr>\n<td>R\u00f2 r\u1ec9 v\u00f2ng bi b\u00e1nh xe @ 105\u00b0C<\/td>\n<td>ASTM D 1263<\/td>\n<td>g<\/td>\n<td>2.3<\/td>\n<\/tr>\n<tr>\n<td>Ph\u1ea1m vi nhi\u1ec7t \u0111\u1ed9<\/td>\n<td><\/td>\n<td><\/td>\n<td>-30\u00b0C \u0111\u1ebfn +140\u00b0C<\/td>\n<\/tr>\n<\/tbody>\n<\/table>\n<\/div>\n<div><\/div>\n<\/div>\n<p><\/p>","protected":false},"excerpt":{"rendered":"<p><strong>Castrol High Temperature Grease<\/strong> l\u00e0 m\u1ee1 b\u00f4i tr\u01a1n \u0111a n\u0103ng ch\u1ecbu nhi\u1ec7t cao, \u0111\u01b0\u1ee3c ph\u00e1t tri\u1ec3n v\u1edbi s\u1ef1 k\u1ebft h\u1ee3p t\u1ed1i \u01b0u gi\u1eefa d\u1ea7u kho\u00e1ng ch\u1ea5t l\u01b0\u1ee3ng cao, c\u00f4ng ngh\u1ec7 ch\u1ea5t l\u00e0m \u0111\u1eb7c \u0111\u1ed9c quy\u1ec1n v\u00e0 h\u1ec7 ph\u1ee5 gia \u0111\u01b0\u1ee3c ch\u1ecdn l\u1ecdc \u0111\u1eb7c bi\u1ec7t. S\u1ea3n ph\u1ea9m n\u00e0y cho hi\u1ec7u su\u1ea5t \u0111\u00e1ng tin c\u1eady trong ph\u1ea1m vi nhi\u1ec7t \u0111\u1ed9 r\u1ed9ng khi ti\u1ebfp x\u00fac v\u1edbi c\u00e1c t\u1ea3i tr\u1ecdng v\u1eadn h\u00e0nh, t\u1ed1c \u0111\u1ed9 v\u00e0 \u0111i\u1ec1u ki\u1ec7n m\u00f4i tr\u01b0\u1eddng kh\u00e1c nhau.<\/p>\n","protected":false},"featured_media":27593,"comment_status":"closed","ping_status":"closed","template":"","meta":[],"product_cat":[776,760,786],"product_tag":[1012,1013,1014,1019,1018,1017,1016,1007,1009,1015],"class_list":{"0":"post-27854","1":"product","2":"type-product","3":"status-publish","4":"has-post-thumbnail","6":"product_brand-castrol","7":"product_cat-dau-cong-nghiep-castrol","8":"product_cat-dau-nhot-castrol","9":"product_cat-mo-cong-nghiep-castrol","10":"product_tag-castrol-high-temperature-grease","11":"product_tag-mo-boi-tron-chiu-nhiet-cao","12":"product_tag-mo-boi-tron-da-nang","13":"product_tag-mo-boi-tron-khung-xe","14":"product_tag-mo-boi-tron-vong-bi-cong-nghiep","15":"product_tag-mo-boi-tron-vong-bi-o-to","16":"product_tag-mo-chiu-ap-luc-cao","17":"product_tag-mo-chong-an-mon","18":"product_tag-mo-chong-nuoc","19":"product_tag-mo-lithium","21":"first","22":"instock","23":"shipping-taxable","24":"product-type-simple"},"yoast_head":"<!-- This site is optimized with the Yoast SEO plugin v27.2 - https:\/\/yoast.com\/product\/yoast-seo-wordpress\/ -->\n<title>M\u1ee1 C\u00f4ng Nghi\u1ec7p Castrol High Temperature Grease - C\u00f4ng Ty TNHH D\u1ea7u Nh\u1eddn T&amp;T Vi\u1ec7t Nam<\/title>\n<meta name=\"robots\" content=\"index, follow, max-snippet:-1, max-image-preview:large, max-video-preview:-1\" \/>\n<link rel=\"canonical\" href=\"https:\/\/tatco.vn\/vi\/san-pham\/mo-cong-nghiep-castrol-high-temperature-grease\/\" \/>\n<meta property=\"og:locale\" content=\"vi_VN\" \/>\n<meta property=\"og:type\" content=\"article\" \/>\n<meta property=\"og:title\" content=\"M\u1ee1 C\u00f4ng Nghi\u1ec7p Castrol High Temperature Grease - C\u00f4ng Ty TNHH D\u1ea7u Nh\u1eddn T&amp;T Vi\u1ec7t Nam\" \/>\n<meta property=\"og:url\" content=\"https:\/\/tatco.vn\/vi\/san-pham\/mo-cong-nghiep-castrol-high-temperature-grease\/\" \/>\n<meta property=\"og:site_name\" content=\"C\u00f4ng Ty TNHH D\u1ea7u Nh\u1eddn T&amp;T Vi\u1ec7t Nam\" \/>\n<meta property=\"article:modified_time\" content=\"2025-02-08T05:49:04+00:00\" \/>\n<meta property=\"og:image\" content=\"https:\/\/tatco.vn\/wp-content\/uploads\/2022\/12\/Castrol-v5.png\" \/>\n\t<meta property=\"og:image:width\" content=\"750\" \/>\n\t<meta property=\"og:image:height\" content=\"1000\" \/>\n\t<meta property=\"og:image:type\" content=\"image\/png\" \/>\n<meta name=\"twitter:card\" content=\"summary_large_image\" \/>\n<meta name=\"twitter:label1\" content=\"\u01af\u1edbc t\u00ednh th\u1eddi gian \u0111\u1ecdc\" \/>\n\t<meta name=\"twitter:data1\" content=\"4 ph\u00fat\" \/>\n<script type=\"application\/ld+json\" class=\"yoast-schema-graph\">{\"@context\":\"https:\/\/schema.org\",\"@graph\":[{\"@type\":\"WebPage\",\"@id\":\"https:\/\/tatco.vn\/vi\/san-pham\/mo-cong-nghiep-castrol-high-temperature-grease\/\",\"url\":\"https:\/\/tatco.vn\/vi\/san-pham\/mo-cong-nghiep-castrol-high-temperature-grease\/\",\"name\":\"M\u1ee1 C\u00f4ng Nghi\u1ec7p Castrol High Temperature Grease - C\u00f4ng Ty TNHH D\u1ea7u Nh\u1eddn T&amp;T Vi\u1ec7t Nam\",\"isPartOf\":{\"@id\":\"https:\/\/tatco.vn\/en\/#website\"},\"primaryImageOfPage\":{\"@id\":\"https:\/\/tatco.vn\/vi\/san-pham\/mo-cong-nghiep-castrol-high-temperature-grease\/#primaryimage\"},\"image\":{\"@id\":\"https:\/\/tatco.vn\/vi\/san-pham\/mo-cong-nghiep-castrol-high-temperature-grease\/#primaryimage\"},\"thumbnailUrl\":\"https:\/\/tatco.vn\/wp-content\/uploads\/2022\/12\/Castrol-v5.png\",\"datePublished\":\"2025-02-05T07:34:03+00:00\",\"dateModified\":\"2025-02-08T05:49:04+00:00\",\"breadcrumb\":{\"@id\":\"https:\/\/tatco.vn\/vi\/san-pham\/mo-cong-nghiep-castrol-high-temperature-grease\/#breadcrumb\"},\"inLanguage\":\"vi\",\"potentialAction\":[{\"@type\":\"ReadAction\",\"target\":[\"https:\/\/tatco.vn\/vi\/san-pham\/mo-cong-nghiep-castrol-high-temperature-grease\/\"]}]},{\"@type\":\"ImageObject\",\"inLanguage\":\"vi\",\"@id\":\"https:\/\/tatco.vn\/vi\/san-pham\/mo-cong-nghiep-castrol-high-temperature-grease\/#primaryimage\",\"url\":\"https:\/\/tatco.vn\/wp-content\/uploads\/2022\/12\/Castrol-v5.png\",\"contentUrl\":\"https:\/\/tatco.vn\/wp-content\/uploads\/2022\/12\/Castrol-v5.png\",\"width\":750,\"height\":1000,\"caption\":\"Castrol Perfecto HT 5\"},{\"@type\":\"BreadcrumbList\",\"@id\":\"https:\/\/tatco.vn\/vi\/san-pham\/mo-cong-nghiep-castrol-high-temperature-grease\/#breadcrumb\",\"itemListElement\":[{\"@type\":\"ListItem\",\"position\":1,\"name\":\"Home\",\"item\":\"https:\/\/tatco.vn\/\"},{\"@type\":\"ListItem\",\"position\":2,\"name\":\"C\u1eeda h\u00e0ng\",\"item\":\"https:\/\/tatco.vn\/en\/mua\/\"},{\"@type\":\"ListItem\",\"position\":3,\"name\":\"M\u1ee1 C\u00f4ng Nghi\u1ec7p Castrol High Temperature Grease\"}]},{\"@type\":\"WebSite\",\"@id\":\"https:\/\/tatco.vn\/en\/#website\",\"url\":\"https:\/\/tatco.vn\/en\/\",\"name\":\"C\u00f4ng Ty TNHH D\u1ea7u Nh\u1eddn T&amp;T Vi\u1ec7t Nam\",\"description\":\"Right Point - Right Time - Best Solution\",\"publisher\":{\"@id\":\"https:\/\/tatco.vn\/en\/#organization\"},\"potentialAction\":[{\"@type\":\"SearchAction\",\"target\":{\"@type\":\"EntryPoint\",\"urlTemplate\":\"https:\/\/tatco.vn\/en\/?s={search_term_string}\"},\"query-input\":{\"@type\":\"PropertyValueSpecification\",\"valueRequired\":true,\"valueName\":\"search_term_string\"}}],\"inLanguage\":\"vi\"},{\"@type\":\"Organization\",\"@id\":\"https:\/\/tatco.vn\/en\/#organization\",\"name\":\"C\u00f4ng Ty TNHH D\u1ea7u Nh\u1eddn T&T Vi\u1ec7t Nam\",\"url\":\"https:\/\/tatco.vn\/en\/\",\"logo\":{\"@type\":\"ImageObject\",\"inLanguage\":\"vi\",\"@id\":\"https:\/\/tatco.vn\/en\/#\/schema\/logo\/image\/\",\"url\":\"https:\/\/tatco.vn\/wp-content\/uploads\/2019\/05\/fav-ico.png\",\"contentUrl\":\"https:\/\/tatco.vn\/wp-content\/uploads\/2019\/05\/fav-ico.png\",\"width\":200,\"height\":200,\"caption\":\"C\u00f4ng Ty TNHH D\u1ea7u Nh\u1eddn T&T Vi\u1ec7t Nam\"},\"image\":{\"@id\":\"https:\/\/tatco.vn\/en\/#\/schema\/logo\/image\/\"}}]}<\/script>\n<!-- \/ Yoast SEO plugin. -->","yoast_head_json":{"title":"M\u1ee1 C\u00f4ng Nghi\u1ec7p Castrol High Temperature Grease - C\u00f4ng Ty TNHH D\u1ea7u Nh\u1eddn T&amp;T Vi\u1ec7t Nam","robots":{"index":"index","follow":"follow","max-snippet":"max-snippet:-1","max-image-preview":"max-image-preview:large","max-video-preview":"max-video-preview:-1"},"canonical":"https:\/\/tatco.vn\/vi\/san-pham\/mo-cong-nghiep-castrol-high-temperature-grease\/","og_locale":"vi_VN","og_type":"article","og_title":"M\u1ee1 C\u00f4ng Nghi\u1ec7p Castrol High Temperature Grease - C\u00f4ng Ty TNHH D\u1ea7u Nh\u1eddn T&amp;T Vi\u1ec7t Nam","og_url":"https:\/\/tatco.vn\/vi\/san-pham\/mo-cong-nghiep-castrol-high-temperature-grease\/","og_site_name":"C\u00f4ng Ty TNHH D\u1ea7u Nh\u1eddn T&amp;T Vi\u1ec7t Nam","article_modified_time":"2025-02-08T05:49:04+00:00","og_image":[{"width":750,"height":1000,"url":"https:\/\/tatco.vn\/wp-content\/uploads\/2022\/12\/Castrol-v5.png","type":"image\/png"}],"twitter_card":"summary_large_image","twitter_misc":{"\u01af\u1edbc t\u00ednh th\u1eddi gian \u0111\u1ecdc":"4 ph\u00fat"},"schema":{"@context":"https:\/\/schema.org","@graph":[{"@type":"WebPage","@id":"https:\/\/tatco.vn\/vi\/san-pham\/mo-cong-nghiep-castrol-high-temperature-grease\/","url":"https:\/\/tatco.vn\/vi\/san-pham\/mo-cong-nghiep-castrol-high-temperature-grease\/","name":"M\u1ee1 C\u00f4ng Nghi\u1ec7p Castrol High Temperature Grease - C\u00f4ng Ty TNHH D\u1ea7u Nh\u1eddn T&amp;T Vi\u1ec7t Nam","isPartOf":{"@id":"https:\/\/tatco.vn\/en\/#website"},"primaryImageOfPage":{"@id":"https:\/\/tatco.vn\/vi\/san-pham\/mo-cong-nghiep-castrol-high-temperature-grease\/#primaryimage"},"image":{"@id":"https:\/\/tatco.vn\/vi\/san-pham\/mo-cong-nghiep-castrol-high-temperature-grease\/#primaryimage"},"thumbnailUrl":"https:\/\/tatco.vn\/wp-content\/uploads\/2022\/12\/Castrol-v5.png","datePublished":"2025-02-05T07:34:03+00:00","dateModified":"2025-02-08T05:49:04+00:00","breadcrumb":{"@id":"https:\/\/tatco.vn\/vi\/san-pham\/mo-cong-nghiep-castrol-high-temperature-grease\/#breadcrumb"},"inLanguage":"vi","potentialAction":[{"@type":"ReadAction","target":["https:\/\/tatco.vn\/vi\/san-pham\/mo-cong-nghiep-castrol-high-temperature-grease\/"]}]},{"@type":"ImageObject","inLanguage":"vi","@id":"https:\/\/tatco.vn\/vi\/san-pham\/mo-cong-nghiep-castrol-high-temperature-grease\/#primaryimage","url":"https:\/\/tatco.vn\/wp-content\/uploads\/2022\/12\/Castrol-v5.png","contentUrl":"https:\/\/tatco.vn\/wp-content\/uploads\/2022\/12\/Castrol-v5.png","width":750,"height":1000,"caption":"Castrol Perfecto HT 5"},{"@type":"BreadcrumbList","@id":"https:\/\/tatco.vn\/vi\/san-pham\/mo-cong-nghiep-castrol-high-temperature-grease\/#breadcrumb","itemListElement":[{"@type":"ListItem","position":1,"name":"Home","item":"https:\/\/tatco.vn\/"},{"@type":"ListItem","position":2,"name":"C\u1eeda h\u00e0ng","item":"https:\/\/tatco.vn\/en\/mua\/"},{"@type":"ListItem","position":3,"name":"M\u1ee1 C\u00f4ng Nghi\u1ec7p Castrol High Temperature Grease"}]},{"@type":"WebSite","@id":"https:\/\/tatco.vn\/en\/#website","url":"https:\/\/tatco.vn\/en\/","name":"C\u00f4ng Ty TNHH D\u1ea7u Nh\u1eddn T&amp;T Vi\u1ec7t Nam","description":"Right Point - Right Time - Best Solution","publisher":{"@id":"https:\/\/tatco.vn\/en\/#organization"},"potentialAction":[{"@type":"SearchAction","target":{"@type":"EntryPoint","urlTemplate":"https:\/\/tatco.vn\/en\/?s={search_term_string}"},"query-input":{"@type":"PropertyValueSpecification","valueRequired":true,"valueName":"search_term_string"}}],"inLanguage":"vi"},{"@type":"Organization","@id":"https:\/\/tatco.vn\/en\/#organization","name":"C\u00f4ng Ty TNHH D\u1ea7u Nh\u1eddn T&T Vi\u1ec7t Nam","url":"https:\/\/tatco.vn\/en\/","logo":{"@type":"ImageObject","inLanguage":"vi","@id":"https:\/\/tatco.vn\/en\/#\/schema\/logo\/image\/","url":"https:\/\/tatco.vn\/wp-content\/uploads\/2019\/05\/fav-ico.png","contentUrl":"https:\/\/tatco.vn\/wp-content\/uploads\/2019\/05\/fav-ico.png","width":200,"height":200,"caption":"C\u00f4ng Ty TNHH D\u1ea7u Nh\u1eddn T&T Vi\u1ec7t Nam"},"image":{"@id":"https:\/\/tatco.vn\/en\/#\/schema\/logo\/image\/"}}]}},"_links":{"self":[{"href":"https:\/\/tatco.vn\/vi\/wp-json\/wp\/v2\/product\/27854","targetHints":{"allow":["GET"]}}],"collection":[{"href":"https:\/\/tatco.vn\/vi\/wp-json\/wp\/v2\/product"}],"about":[{"href":"https:\/\/tatco.vn\/vi\/wp-json\/wp\/v2\/types\/product"}],"replies":[{"embeddable":true,"href":"https:\/\/tatco.vn\/vi\/wp-json\/wp\/v2\/comments?post=27854"}],"version-history":[{"count":0,"href":"https:\/\/tatco.vn\/vi\/wp-json\/wp\/v2\/product\/27854\/revisions"}],"wp:featuredmedia":[{"embeddable":true,"href":"https:\/\/tatco.vn\/vi\/wp-json\/wp\/v2\/media\/27593"}],"wp:attachment":[{"href":"https:\/\/tatco.vn\/vi\/wp-json\/wp\/v2\/media?parent=27854"}],"wp:term":[{"taxonomy":"product_cat","embeddable":true,"href":"https:\/\/tatco.vn\/vi\/wp-json\/wp\/v2\/product_cat?post=27854"},{"taxonomy":"product_tag","embeddable":true,"href":"https:\/\/tatco.vn\/vi\/wp-json\/wp\/v2\/product_tag?post=27854"}],"curies":[{"name":"wp","href":"https:\/\/api.w.org\/{rel}","templated":true}]}}