{"id":27850,"date":"2025-02-05T13:38:19","date_gmt":"2025-02-05T06:38:19","guid":{"rendered":"https:\/\/tatco.vn\/vi\/?post_type=product&#038;p=27850"},"modified":"2025-02-08T12:48:25","modified_gmt":"2025-02-08T05:48:25","slug":"dau-tuan-hoan-castrol-magna-ctx-88","status":"publish","type":"product","link":"https:\/\/tatco.vn\/vi\/san-pham\/dau-tuan-hoan-castrol-magna-ctx-88\/","title":{"rendered":"D\u1ea7u Tu\u1ea7n Ho\u00e0n Castrol MAGNA CTX 88"},"content":{"rendered":"<p><strong>Castrol Magna\u2122 CTX 88 &#8211; D\u1ea7u Tu\u1ea7n Ho\u00e0n Ch\u1ea5t L\u01b0\u1ee3ng Cao<\/strong><\/p>\n<p style=\"text-align: justify\"><strong>M\u00f4 t\u1ea3<\/strong>: <strong>Castrol Magna\u2122 CTX 88<\/strong>\u00a0l\u00e0 d\u1ea7u tu\u1ea7n ho\u00e0n \u0111\u01b0\u1ee3c pha ch\u1ebf t\u1eeb c\u00e1c d\u1ea7u g\u1ed1c ch\u1ea5t l\u01b0\u1ee3ng cao v\u00e0 c\u00e1c ph\u1ee5 gia t\u0103ng c\u01b0\u1eddng t\u00ednh n\u0103ng l\u00e0m vi\u1ec7c. D\u00f2ng s\u1ea3n ph\u1ea9m Magna CTX c\u00f3 \u0111\u1ed9 b\u1ec1n m\u00e0ng d\u1ea7u cao, kh\u1ea3 n\u0103ng ch\u1ed1ng r\u1ec9, ch\u1ed1ng m\u00e0i m\u00f2n, ch\u1ed1ng c\u00e0o x\u01b0\u1edbc, ch\u1ed1ng \u00f4-xi h\u00f3a v\u00e0 kh\u1ea3 n\u0103ng t\u00e1ch n\u01b0\u1edbc xu\u1ea5t s\u1eafc.<\/p>\n<p style=\"text-align: justify\"><strong>C\u00f4ng d\u1ee5ng<\/strong>: D\u1ea7u tu\u1ea7n ho\u00e0n Magna CTX \u0111\u01b0\u1ee3c thi\u1ebft k\u1ebf \u0111\u1ec3 s\u1eed d\u1ee5ng trong c\u00e1c h\u1ec7 th\u1ed1ng \u1ed5 \u0111\u1ee1 MORGOIL\u2122 c\u1ee7a c\u00e1c tr\u1ee5c \u0111\u1ee1 \u0111\u01b0\u1ee3c ch\u1ebf t\u1ea1o b\u1edfi Primetal (Morgan Construction Company), Danieli, SMS Demag v\u00e0 c\u00e1c h\u00e3ng kh\u00e1c. Lo\u1ea1i d\u1ea7u n\u00e0y \u0111\u1ea1t ho\u1eb7c v\u01b0\u1ee3t c\u00e1c ti\u00eau chu\u1ea9n:<\/p>\n<ul style=\"text-align: justify\">\n<li>Ti\u00eau chu\u1ea9n Primetal (tr\u01b0\u1edbc \u0111\u00e2y l\u00e0 Morgan Construction Company), b\u1ea3n hi\u1ec7u ch\u1ec9nh s\u1ed1 1.1 (27\/01\/2005)<\/li>\n<li>Ti\u00eau chu\u1ea9n Danieli N. 0.000.001 &#8211; b\u1ea3n hi\u1ec7u ch\u1ec9nh s\u1ed1 15<\/li>\n<li>Ti\u00eau chu\u1ea9n d\u1ea7u b\u00f4i tr\u01a1n \u1ed5 \u0111\u1ee1 SMS X-Roll\u00ae SN 180-3 (Th\u00e1ng 4\/2016)<\/li>\n<\/ul>\n<p style=\"text-align: justify\">Magna CTX 100 \u0111\u01b0\u1ee3c khuy\u1ebfn c\u00e1o s\u1eed d\u1ee5ng cho c\u00e1c m\u00e1y c\u00e1n th\u00e9p thanh kh\u00f4ng l\u1eadt t\u1ed1c \u0111\u1ed9 cao v\u1edbi m\u1ed9t h\u1ec7 th\u1ed1ng b\u00f4i tr\u01a1n tu\u1ea7n ho\u00e0n. Trong c\u00e1c m\u00e1y c\u00e1n th\u00e9p thanh kh\u00f4ng l\u1eadt s\u1eed d\u1ee5ng hai h\u1ec7 th\u1ed1ng b\u00f4i tr\u01a1n, d\u1ea7u c\u00f3 \u0111\u1ed9 nh\u1edbt cao h\u01a1n \u0111\u01b0\u1ee3c d\u00f9ng cho c\u00e1c gi\u00e1 c\u00e1n th\u00f4 t\u1ed1c \u0111\u1ed9 th\u1ea5p v\u00e0 d\u1ea7u c\u00f3 \u0111\u1ed9 nh\u1edbt th\u1ea5p h\u01a1n \u0111\u01b0\u1ee3c d\u00f9ng cho c\u00e1c gi\u00e1 c\u00e1n tinh t\u1ed1c \u0111\u1ed9 cao. C\u00e1c lo\u1ea1i d\u1ea7u nh\u1edbt c\u00f3 \u0111\u1ed9 nh\u1edbt cao trong d\u00f2ng s\u1ea3n ph\u1ea9m n\u00e0y c\u0169ng th\u00edch h\u1ee3p \u0111\u1ec3 b\u00f4i tr\u01a1n cho c\u00e1c m\u00e1y l\u00e0m gi\u1ea5y nh\u1edd c\u00f3 t\u00ednh b\u1ec1n nhi\u1ec7t, b\u1ec1n \u00f4-xi h\u00f3a, kh\u1ea3 n\u0103ng ch\u1ed1ng r\u1ec9, t\u00e1ch n\u01b0\u1edbc v\u00e0 ch\u1ed1ng m\u00e0i m\u00f2n, c\u00e0o x\u01b0\u1edbc t\u1ed1t. Trong \u1ee9ng d\u1ee5ng n\u00e0y, d\u1ea7u s\u1ebd b\u00f4i tr\u01a1n c\u00e1c b\u00e1nh r\u0103ng, \u1ed5 \u0111\u1ee1 cho h\u1ea7u h\u1ebft c\u00e1c v\u1ecb tr\u00ed b\u00f4i tr\u01a1n k\u1ec3 c\u1ea3 c\u00e1c \u1ed5 \u0111\u0169a trong m\u00e1y s\u1ea5y. Magna CTX c\u00f2n th\u00edch h\u1ee3p cho c\u00e1c h\u1ec7 th\u1ed1ng b\u00f4i tr\u01a1n \u1ed5 \u0111\u1ee1 trong c\u00e1c m\u00e1y c\u00e1n s\u01a1 c\u1ea5p v\u00e0 c\u00e1c m\u00e1y c\u00e1n nh\u1ecf.<\/p>\n<p style=\"text-align: justify\"><strong>L\u1ee3i \u0111i\u1ec3m<\/strong>:<\/p>\n<ul>\n<li style=\"text-align: justify\">Ch\u1ec9 s\u1ed1 \u0111\u1ed9 nh\u1edbt cao.<\/li>\n<li style=\"text-align: justify\">B\u1ec1n \u00f4-xi h\u00f3a, gi\u00fap k\u00e9o d\u00e0i tu\u1ed5i th\u1ecd s\u1eed d\u1ee5ng d\u1ea7u.<\/li>\n<li style=\"text-align: justify\">T\u00ednh b\u1ec1n th\u1ee7y ph\u00e2n tuy\u1ec7t v\u1eddi trong tr\u01b0\u1eddng h\u1ee3p d\u1ea7u b\u1ecb t\u1ea1p nhi\u1ec5m n\u01b0\u1edbc.<\/li>\n<li style=\"text-align: justify\">T\u00ednh l\u1ecdc t\u1ed1t trong \u0111i\u1ec1u ki\u1ec7n b\u1ecb nhi\u1ec5m n\u01b0\u1edbc.<\/li>\n<li style=\"text-align: justify\">T\u00ednh t\u00e1ch n\u01b0\u1edbc t\u1ed1t.<\/li>\n<li style=\"text-align: justify\">Kh\u1ea3 n\u0103ng ch\u1ed1ng r\u1ec9 t\u1ed1t v\u00e0 khuynh h\u01b0\u1edbng \u0103n m\u00f2n \u0111\u1ed3ng th\u1ea5p.<\/li>\n<li style=\"text-align: justify\">\u0110\u1ed9 b\u1ec1n m\u00e0ng d\u1ea7u cao v\u00e0 t\u00ednh n\u0103ng ch\u1ed1ng m\u00e0i m\u00f2n xu\u1ea5t s\u1eafc \u0111\u1ec3 b\u1ea3o v\u1ec7 t\u1ed1t c\u00e1c \u1ed5 \u0111\u1ee1 v\u00e0 ch\u1ed1ng c\u00e0o x\u01b0\u1edbc b\u00e1nh r\u0103ng trong \u0111i\u1ec1u ki\u1ec7n t\u1ea3i tr\u1ecdng kh\u1eafc nghi\u1ec7t.<\/li>\n<li style=\"text-align: justify\">\u00cdt t\u1ea1o c\u1eb7n c\u00e1c-bon gi\u00fap gi\u1ea3m thi\u1ec3u \u0111\u00f3ng c\u1eb7n \u1edf c\u00e1c \u1ed5 \u0111\u1ee1 v\u00e0 duy tr\u00ec \u0111\u1ed9 s\u1ea1ch c\u1ee7a d\u1ea7u trong nh\u1eefng \u0111i\u1ec1u ki\u1ec7n v\u1eadn h\u00e0nh kh\u1eafc nghi\u1ec7t.<\/li>\n<li style=\"text-align: justify\">T\u00ednh l\u1ecdc hi\u1ec7u qu\u1ea3 v\u1edbi t\u1ea5t c\u1ea3 c\u00e1c lo\u1ea1i l\u1ecdc d\u1ea7u, k\u1ec3 c\u1ea3 l\u1ecdc d\u1ea7u c\u00f3 l\u00f5i b\u1eb1ng \u0111\u1ea5t s\u00e9t.<\/li>\n<\/ul>\n<p><strong>C\u00e1c \u0111\u1eb7c tr\u01b0ng ti\u00eau bi\u1ec3u<\/strong>:<\/p>\n<div>\n<div>\n<div class=\"table-responsive\">\n<table class=\"table table-striped\">\n<thead>\n<tr>\n<th>Thu\u1ed9c t\u00ednh<\/th>\n<th>Ph\u01b0\u01a1ng ph\u00e1p<\/th>\n<th>\u0110\u01a1n v\u1ecb<\/th>\n<th>CTX 100<\/th>\n<th>CTX 150<\/th>\n<th>CTX 220<\/th>\n<th>CTX 320<\/th>\n<th>CTX 460<\/th>\n<th>CTX 680<\/th>\n<\/tr>\n<\/thead>\n<tbody>\n<tr>\n<td>C\u1ea5p \u0111\u1ed9 nh\u1edbt ISO<\/td>\n<td><\/td>\n<td><\/td>\n<td>100<\/td>\n<td>150<\/td>\n<td>220<\/td>\n<td>320<\/td>\n<td>460<\/td>\n<td>680<\/td>\n<\/tr>\n<tr>\n<td>Kh\u1ed1i l\u01b0\u1ee3ng ri\u00eang @ 15\u00b0C<\/td>\n<td>ISO 12185 \/ ASTM D4052<\/td>\n<td>kg\/m\u00b3<\/td>\n<td>888<\/td>\n<td>890<\/td>\n<td>898<\/td>\n<td>903<\/td>\n<td>900<\/td>\n<td>900<\/td>\n<\/tr>\n<tr>\n<td>\u0110\u1ed9 nh\u1edbt \u0111\u1ed9ng h\u1ecdc @ 40\u00b0C<\/td>\n<td>ISO 3104 \/ ASTM D445<\/td>\n<td>mm\u00b2\/s<\/td>\n<td>100<\/td>\n<td>150<\/td>\n<td>220<\/td>\n<td>320<\/td>\n<td>460<\/td>\n<td>680<\/td>\n<\/tr>\n<tr>\n<td>\u0110\u1ed9 nh\u1edbt \u0111\u1ed9ng h\u1ecdc @ 100\u00b0C<\/td>\n<td>ISO 3104 \/ ASTM D445<\/td>\n<td>mm\u00b2\/s<\/td>\n<td>11.3<\/td>\n<td>14.6<\/td>\n<td>19.2<\/td>\n<td>24.6<\/td>\n<td>31.2<\/td>\n<td>38.6<\/td>\n<\/tr>\n<tr>\n<td>Ch\u1ec9 s\u1ed1 \u0111\u1ed9 nh\u1edbt<\/td>\n<td>ISO 2909 \/ ASTM D2270<\/td>\n<td><\/td>\n<td>98<\/td>\n<td>&gt;95<\/td>\n<td>&gt;95<\/td>\n<td>96<\/td>\n<td>96<\/td>\n<td>&gt;90<\/td>\n<\/tr>\n<tr>\n<td>\u0110i\u1ec3m r\u00f3t ch\u1ea3y<\/td>\n<td>ISO 3016 \/ ASTM D97<\/td>\n<td>\u00b0C<\/td>\n<td>-21<\/td>\n<td>-18<\/td>\n<td>-18<\/td>\n<td>-15<\/td>\n<td>-12<\/td>\n<td>-9<\/td>\n<\/tr>\n<tr>\n<td>\u0110i\u1ec3m ch\u1edbp ch\u00e1y c\u1ed1c h\u1edf<\/td>\n<td>ISO 2592 \/ ASTM D92<\/td>\n<td>\u00b0C<\/td>\n<td>240<\/td>\n<td>240<\/td>\n<td>240<\/td>\n<td>250<\/td>\n<td>250<\/td>\n<td>260<\/td>\n<\/tr>\n<tr>\n<td>\u0110i\u1ec3m ch\u1edbp ch\u00e1y c\u1ed1c k\u00edn<\/td>\n<td>ISO 2719 \/ ASTM D93<\/td>\n<td>\u00b0C<\/td>\n<td>220<\/td>\n<td>220<\/td>\n<td>220<\/td>\n<td>226<\/td>\n<td>226<\/td>\n<td>230<\/td>\n<\/tr>\n<tr>\n<td>T\u00ednh t\u1ea1o b\u1ecdt &#8211; Tr\u00ecnh t\u1ef1 I<\/td>\n<td>ISO 6247 \/ ASTM D892<\/td>\n<td>ml\/ml<\/td>\n<td>10\/0<\/td>\n<td>10\/0<\/td>\n<td>0\/0<\/td>\n<td>0\/0<\/td>\n<td>0\/0<\/td>\n<td>0\/0<\/td>\n<\/tr>\n<tr>\n<td>T\u00ednh t\u1ea1o b\u1ecdt &#8211; Tr\u00ecnh t\u1ef1 II<\/td>\n<td>ISO 6247 \/ ASTM D892<\/td>\n<td>ml\/ml<\/td>\n<td>35\/0<\/td>\n<td>30\/0<\/td>\n<td>0\/0<\/td>\n<td>25\/0<\/td>\n<td>10\/0<\/td>\n<td>20\/0<\/td>\n<\/tr>\n<tr>\n<td>T\u00ednh t\u1ea1o b\u1ecdt &#8211; Tr\u00ecnh t\u1ef1 III<\/td>\n<td>ISO 6247 \/ ASTM D892<\/td>\n<td>ml\/ml<\/td>\n<td>0\/0<\/td>\n<td>30\/0<\/td>\n<td>0\/0<\/td>\n<td>0\/0<\/td>\n<td>0\/0<\/td>\n<td>0\/0<\/td>\n<\/tr>\n<tr>\n<td>T\u00ednh t\u00e1ch n\u01b0\u1edbc @ 82\u00b0C (40\/37\/3)<\/td>\n<td>ISO 6614 \/ ASTM D1401<\/td>\n<td>ph\u00fat<\/td>\n<td>10<\/td>\n<td>10<\/td>\n<td>10<\/td>\n<td>10<\/td>\n<td>15<\/td>\n<td>15<\/td>\n<\/tr>\n<tr>\n<td>Th\u1eed r\u1ec9 (24 gi\u1edd, n\u01b0\u1edbc c\u1ea5t)<\/td>\n<td>ISO 7120 \/ ASTM D665A<\/td>\n<td>\u0110\u00e1nh gi\u00e1<\/td>\n<td>\u0110\u1ea1t<\/td>\n<td>\u0110\u1ea1t<\/td>\n<td>\u0110\u1ea1t<\/td>\n<td>\u0110\u1ea1t<\/td>\n<td>\u0110\u1ea1t<\/td>\n<td>\u0110\u1ea1t<\/td>\n<\/tr>\n<tr>\n<td>Th\u1eed r\u1ec9 (24 gi\u1edd, n\u01b0\u1edbc bi\u1ec3n t\u1ed5ng h\u1ee3p)<\/td>\n<td>ISO 7120 \/ ASTM D665B<\/td>\n<td>\u0110\u00e1nh gi\u00e1<\/td>\n<td>\u0110\u1ea1t<\/td>\n<td>\u0110\u1ea1t<\/td>\n<td>\u0110\u1ea1t<\/td>\n<td>\u0110\u1ea1t<\/td>\n<td>\u0110\u1ea1t<\/td>\n<td>\u0110\u1ea1t<\/td>\n<\/tr>\n<tr>\n<td>\u0102n m\u00f2n \u0111\u1ed3ng &#8211; 3 gi\u1edd @ 100\u00b0C<\/td>\n<td>ISO 2160 \/ ASTM D130<\/td>\n<td>\u0110\u00e1nh gi\u00e1<\/td>\n<td>1a<\/td>\n<td>1a<\/td>\n<td>1a<\/td>\n<td>1a<\/td>\n<td>1a<\/td>\n<td>1a<\/td>\n<\/tr>\n<tr>\n<td>\u00d4-xi h\u00f3a RPVOT<\/td>\n<td>ASTM D2272 \/ IP 229<\/td>\n<td>ph\u00fat<\/td>\n<td>330<\/td>\n<td>348<\/td>\n<td>311<\/td>\n<td>286<\/td>\n<td>261<\/td>\n<td>&#8211;<\/td>\n<\/tr>\n<tr>\n<td>T\u1ea3i h\u00e0n d\u00ednh 4 bi \/ Ch\u1ec9 s\u1ed1 m\u00e0i m\u00f2n<\/td>\n<td>ASTM D2783<\/td>\n<td>kgf<\/td>\n<td>160 \/ 39.6<\/td>\n<td>160 \/ 32.6<\/td>\n<td>160 \/ 40.4<\/td>\n<td>160 \/ 40.8<\/td>\n<td>160 \/ 40.3<\/td>\n<td>160 \/ 40.5<\/td>\n<\/tr>\n<tr>\n<td>T\u1ea3i h\u00e0n d\u00ednh 4 bi &#8211; \u0110\u01b0\u1eddng k\u00ednh v\u1ebft m\u00f2n (15 or 40 kgf \/ 75\u00b0C \/ 1200 rpm \/ 1 hr)<\/td>\n<td>ASTM D4172<\/td>\n<td>mm<\/td>\n<td>0.38<\/td>\n<td>0.39<\/td>\n<td>0.44<\/td>\n<td>0.45<\/td>\n<td>0.47<\/td>\n<td>0.44<\/td>\n<\/tr>\n<tr>\n<td>Th\u1eed t\u1ea3i ch\u1ed1ng c\u00e0o x\u01b0\u1edbc FZG &#8211; A\/8.3\/90<\/td>\n<td>ISO 14635-1<\/td>\n<td>C\u1ea5p h\u1ecfng<\/td>\n<td>&gt;12<\/td>\n<td>&gt;12<\/td>\n<td>&gt;12<\/td>\n<td>&gt;12<\/td>\n<td>&gt;12<\/td>\n<td>&gt;12<\/td>\n<\/tr>\n<\/tbody>\n<\/table>\n<\/div>\n<div><\/div>\n<\/div>\n<\/div>\n<p><\/p>","protected":false},"excerpt":{"rendered":"<p><strong>Castrol Magna\u2122 CTX 88<\/strong>\u00a0l\u00e0 d\u1ea7u tu\u1ea7n ho\u00e0n \u0111\u01b0\u1ee3c pha ch\u1ebf t\u1eeb c\u00e1c d\u1ea7u g\u1ed1c ch\u1ea5t l\u01b0\u1ee3ng cao v\u00e0 c\u00e1c ph\u1ee5 gia t\u0103ng c\u01b0\u1eddng t\u00ednh n\u0103ng l\u00e0m vi\u1ec7c. D\u00f2ng s\u1ea3n ph\u1ea9m Magna CTX c\u00f3 \u0111\u1ed9 b\u1ec1n m\u00e0ng d\u1ea7u cao, kh\u1ea3 n\u0103ng ch\u1ed1ng r\u1ec9, ch\u1ed1ng m\u00e0i m\u00f2n, ch\u1ed1ng c\u00e0o x\u01b0\u1edbc, ch\u1ed1ng \u00f4-xi h\u00f3a v\u00e0 kh\u1ea3 n\u0103ng t\u00e1ch n\u01b0\u1edbc xu\u1ea5t s\u1eafc.<\/p>\n","protected":false},"featured_media":27593,"comment_status":"closed","ping_status":"closed","template":"","meta":[],"product_cat":[776,760,785,992],"product_tag":[980,953,986,984,981,982,987,985,983,850],"class_list":{"0":"post-27850","1":"product","2":"type-product","3":"status-publish","4":"has-post-thumbnail","6":"product_brand-castrol","7":"product_cat-dau-cong-nghiep-castrol","8":"product_cat-dau-nhot-castrol","9":"product_cat-dau-tuan-hoan-castrol","10":"product_cat-dau-tuan-hoan-magna-ctx","11":"product_tag-castrol-magna-ctx","12":"product_tag-dau-boi-tron-ranh-truot","13":"product_tag-dau-cho-may-can-thep","14":"product_tag-dau-chong-cao-xuoc","15":"product_tag-dau-chong-mai-mon","16":"product_tag-dau-chong-ri","17":"product_tag-dau-lam-giay","18":"product_tag-dau-o-truc","19":"product_tag-dau-tach-nuoc","20":"product_tag-dau-tuan-hoan","22":"first","23":"instock","24":"shipping-taxable","25":"product-type-simple"},"yoast_head":"<!-- This site is optimized with the Yoast SEO plugin v27.2 - https:\/\/yoast.com\/product\/yoast-seo-wordpress\/ -->\n<title>D\u1ea7u Tu\u1ea7n Ho\u00e0n Castrol MAGNA CTX 88 - C\u00f4ng Ty TNHH D\u1ea7u Nh\u1eddn T&amp;T Vi\u1ec7t Nam<\/title>\n<meta name=\"robots\" content=\"index, follow, max-snippet:-1, max-image-preview:large, max-video-preview:-1\" \/>\n<link rel=\"canonical\" href=\"https:\/\/tatco.vn\/vi\/san-pham\/dau-tuan-hoan-castrol-magna-ctx-88\/\" \/>\n<meta property=\"og:locale\" content=\"vi_VN\" \/>\n<meta property=\"og:type\" content=\"article\" \/>\n<meta property=\"og:title\" content=\"D\u1ea7u Tu\u1ea7n Ho\u00e0n Castrol MAGNA CTX 88 - C\u00f4ng Ty TNHH D\u1ea7u Nh\u1eddn T&amp;T Vi\u1ec7t Nam\" \/>\n<meta property=\"og:url\" content=\"https:\/\/tatco.vn\/vi\/san-pham\/dau-tuan-hoan-castrol-magna-ctx-88\/\" \/>\n<meta property=\"og:site_name\" content=\"C\u00f4ng Ty TNHH D\u1ea7u Nh\u1eddn T&amp;T Vi\u1ec7t Nam\" \/>\n<meta property=\"article:modified_time\" content=\"2025-02-08T05:48:25+00:00\" \/>\n<meta property=\"og:image\" content=\"https:\/\/tatco.vn\/wp-content\/uploads\/2022\/12\/Castrol-v5.png\" \/>\n\t<meta property=\"og:image:width\" content=\"750\" \/>\n\t<meta property=\"og:image:height\" content=\"1000\" \/>\n\t<meta property=\"og:image:type\" content=\"image\/png\" \/>\n<meta name=\"twitter:card\" content=\"summary_large_image\" \/>\n<meta name=\"twitter:label1\" content=\"\u01af\u1edbc t\u00ednh th\u1eddi gian \u0111\u1ecdc\" \/>\n\t<meta name=\"twitter:data1\" content=\"5 ph\u00fat\" \/>\n<script type=\"application\/ld+json\" class=\"yoast-schema-graph\">{\"@context\":\"https:\/\/schema.org\",\"@graph\":[{\"@type\":\"WebPage\",\"@id\":\"https:\/\/tatco.vn\/vi\/san-pham\/dau-tuan-hoan-castrol-magna-ctx-88\/\",\"url\":\"https:\/\/tatco.vn\/vi\/san-pham\/dau-tuan-hoan-castrol-magna-ctx-88\/\",\"name\":\"D\u1ea7u Tu\u1ea7n Ho\u00e0n Castrol MAGNA CTX 88 - C\u00f4ng Ty TNHH D\u1ea7u Nh\u1eddn T&amp;T Vi\u1ec7t Nam\",\"isPartOf\":{\"@id\":\"https:\/\/tatco.vn\/en\/#website\"},\"primaryImageOfPage\":{\"@id\":\"https:\/\/tatco.vn\/vi\/san-pham\/dau-tuan-hoan-castrol-magna-ctx-88\/#primaryimage\"},\"image\":{\"@id\":\"https:\/\/tatco.vn\/vi\/san-pham\/dau-tuan-hoan-castrol-magna-ctx-88\/#primaryimage\"},\"thumbnailUrl\":\"https:\/\/tatco.vn\/wp-content\/uploads\/2022\/12\/Castrol-v5.png\",\"datePublished\":\"2025-02-05T06:38:19+00:00\",\"dateModified\":\"2025-02-08T05:48:25+00:00\",\"breadcrumb\":{\"@id\":\"https:\/\/tatco.vn\/vi\/san-pham\/dau-tuan-hoan-castrol-magna-ctx-88\/#breadcrumb\"},\"inLanguage\":\"vi\",\"potentialAction\":[{\"@type\":\"ReadAction\",\"target\":[\"https:\/\/tatco.vn\/vi\/san-pham\/dau-tuan-hoan-castrol-magna-ctx-88\/\"]}]},{\"@type\":\"ImageObject\",\"inLanguage\":\"vi\",\"@id\":\"https:\/\/tatco.vn\/vi\/san-pham\/dau-tuan-hoan-castrol-magna-ctx-88\/#primaryimage\",\"url\":\"https:\/\/tatco.vn\/wp-content\/uploads\/2022\/12\/Castrol-v5.png\",\"contentUrl\":\"https:\/\/tatco.vn\/wp-content\/uploads\/2022\/12\/Castrol-v5.png\",\"width\":750,\"height\":1000,\"caption\":\"Castrol Perfecto HT 5\"},{\"@type\":\"BreadcrumbList\",\"@id\":\"https:\/\/tatco.vn\/vi\/san-pham\/dau-tuan-hoan-castrol-magna-ctx-88\/#breadcrumb\",\"itemListElement\":[{\"@type\":\"ListItem\",\"position\":1,\"name\":\"Home\",\"item\":\"https:\/\/tatco.vn\/\"},{\"@type\":\"ListItem\",\"position\":2,\"name\":\"C\u1eeda h\u00e0ng\",\"item\":\"https:\/\/tatco.vn\/en\/mua\/\"},{\"@type\":\"ListItem\",\"position\":3,\"name\":\"D\u1ea7u Tu\u1ea7n Ho\u00e0n Castrol MAGNA CTX 88\"}]},{\"@type\":\"WebSite\",\"@id\":\"https:\/\/tatco.vn\/en\/#website\",\"url\":\"https:\/\/tatco.vn\/en\/\",\"name\":\"C\u00f4ng Ty TNHH D\u1ea7u Nh\u1eddn T&amp;T Vi\u1ec7t Nam\",\"description\":\"Right Point - Right Time - Best Solution\",\"publisher\":{\"@id\":\"https:\/\/tatco.vn\/en\/#organization\"},\"potentialAction\":[{\"@type\":\"SearchAction\",\"target\":{\"@type\":\"EntryPoint\",\"urlTemplate\":\"https:\/\/tatco.vn\/en\/?s={search_term_string}\"},\"query-input\":{\"@type\":\"PropertyValueSpecification\",\"valueRequired\":true,\"valueName\":\"search_term_string\"}}],\"inLanguage\":\"vi\"},{\"@type\":\"Organization\",\"@id\":\"https:\/\/tatco.vn\/en\/#organization\",\"name\":\"C\u00f4ng Ty TNHH D\u1ea7u Nh\u1eddn T&T Vi\u1ec7t Nam\",\"url\":\"https:\/\/tatco.vn\/en\/\",\"logo\":{\"@type\":\"ImageObject\",\"inLanguage\":\"vi\",\"@id\":\"https:\/\/tatco.vn\/en\/#\/schema\/logo\/image\/\",\"url\":\"https:\/\/tatco.vn\/wp-content\/uploads\/2019\/05\/fav-ico.png\",\"contentUrl\":\"https:\/\/tatco.vn\/wp-content\/uploads\/2019\/05\/fav-ico.png\",\"width\":200,\"height\":200,\"caption\":\"C\u00f4ng Ty TNHH D\u1ea7u Nh\u1eddn T&T Vi\u1ec7t Nam\"},\"image\":{\"@id\":\"https:\/\/tatco.vn\/en\/#\/schema\/logo\/image\/\"}}]}<\/script>\n<!-- \/ Yoast SEO plugin. -->","yoast_head_json":{"title":"D\u1ea7u Tu\u1ea7n Ho\u00e0n Castrol MAGNA CTX 88 - C\u00f4ng Ty TNHH D\u1ea7u Nh\u1eddn T&amp;T Vi\u1ec7t Nam","robots":{"index":"index","follow":"follow","max-snippet":"max-snippet:-1","max-image-preview":"max-image-preview:large","max-video-preview":"max-video-preview:-1"},"canonical":"https:\/\/tatco.vn\/vi\/san-pham\/dau-tuan-hoan-castrol-magna-ctx-88\/","og_locale":"vi_VN","og_type":"article","og_title":"D\u1ea7u Tu\u1ea7n Ho\u00e0n Castrol MAGNA CTX 88 - C\u00f4ng Ty TNHH D\u1ea7u Nh\u1eddn T&amp;T Vi\u1ec7t Nam","og_url":"https:\/\/tatco.vn\/vi\/san-pham\/dau-tuan-hoan-castrol-magna-ctx-88\/","og_site_name":"C\u00f4ng Ty TNHH D\u1ea7u Nh\u1eddn T&amp;T Vi\u1ec7t Nam","article_modified_time":"2025-02-08T05:48:25+00:00","og_image":[{"width":750,"height":1000,"url":"https:\/\/tatco.vn\/wp-content\/uploads\/2022\/12\/Castrol-v5.png","type":"image\/png"}],"twitter_card":"summary_large_image","twitter_misc":{"\u01af\u1edbc t\u00ednh th\u1eddi gian \u0111\u1ecdc":"5 ph\u00fat"},"schema":{"@context":"https:\/\/schema.org","@graph":[{"@type":"WebPage","@id":"https:\/\/tatco.vn\/vi\/san-pham\/dau-tuan-hoan-castrol-magna-ctx-88\/","url":"https:\/\/tatco.vn\/vi\/san-pham\/dau-tuan-hoan-castrol-magna-ctx-88\/","name":"D\u1ea7u Tu\u1ea7n Ho\u00e0n Castrol MAGNA CTX 88 - C\u00f4ng Ty TNHH D\u1ea7u Nh\u1eddn T&amp;T Vi\u1ec7t Nam","isPartOf":{"@id":"https:\/\/tatco.vn\/en\/#website"},"primaryImageOfPage":{"@id":"https:\/\/tatco.vn\/vi\/san-pham\/dau-tuan-hoan-castrol-magna-ctx-88\/#primaryimage"},"image":{"@id":"https:\/\/tatco.vn\/vi\/san-pham\/dau-tuan-hoan-castrol-magna-ctx-88\/#primaryimage"},"thumbnailUrl":"https:\/\/tatco.vn\/wp-content\/uploads\/2022\/12\/Castrol-v5.png","datePublished":"2025-02-05T06:38:19+00:00","dateModified":"2025-02-08T05:48:25+00:00","breadcrumb":{"@id":"https:\/\/tatco.vn\/vi\/san-pham\/dau-tuan-hoan-castrol-magna-ctx-88\/#breadcrumb"},"inLanguage":"vi","potentialAction":[{"@type":"ReadAction","target":["https:\/\/tatco.vn\/vi\/san-pham\/dau-tuan-hoan-castrol-magna-ctx-88\/"]}]},{"@type":"ImageObject","inLanguage":"vi","@id":"https:\/\/tatco.vn\/vi\/san-pham\/dau-tuan-hoan-castrol-magna-ctx-88\/#primaryimage","url":"https:\/\/tatco.vn\/wp-content\/uploads\/2022\/12\/Castrol-v5.png","contentUrl":"https:\/\/tatco.vn\/wp-content\/uploads\/2022\/12\/Castrol-v5.png","width":750,"height":1000,"caption":"Castrol Perfecto HT 5"},{"@type":"BreadcrumbList","@id":"https:\/\/tatco.vn\/vi\/san-pham\/dau-tuan-hoan-castrol-magna-ctx-88\/#breadcrumb","itemListElement":[{"@type":"ListItem","position":1,"name":"Home","item":"https:\/\/tatco.vn\/"},{"@type":"ListItem","position":2,"name":"C\u1eeda h\u00e0ng","item":"https:\/\/tatco.vn\/en\/mua\/"},{"@type":"ListItem","position":3,"name":"D\u1ea7u Tu\u1ea7n Ho\u00e0n Castrol MAGNA CTX 88"}]},{"@type":"WebSite","@id":"https:\/\/tatco.vn\/en\/#website","url":"https:\/\/tatco.vn\/en\/","name":"C\u00f4ng Ty TNHH D\u1ea7u Nh\u1eddn T&amp;T Vi\u1ec7t Nam","description":"Right Point - Right Time - Best Solution","publisher":{"@id":"https:\/\/tatco.vn\/en\/#organization"},"potentialAction":[{"@type":"SearchAction","target":{"@type":"EntryPoint","urlTemplate":"https:\/\/tatco.vn\/en\/?s={search_term_string}"},"query-input":{"@type":"PropertyValueSpecification","valueRequired":true,"valueName":"search_term_string"}}],"inLanguage":"vi"},{"@type":"Organization","@id":"https:\/\/tatco.vn\/en\/#organization","name":"C\u00f4ng Ty TNHH D\u1ea7u Nh\u1eddn T&T Vi\u1ec7t Nam","url":"https:\/\/tatco.vn\/en\/","logo":{"@type":"ImageObject","inLanguage":"vi","@id":"https:\/\/tatco.vn\/en\/#\/schema\/logo\/image\/","url":"https:\/\/tatco.vn\/wp-content\/uploads\/2019\/05\/fav-ico.png","contentUrl":"https:\/\/tatco.vn\/wp-content\/uploads\/2019\/05\/fav-ico.png","width":200,"height":200,"caption":"C\u00f4ng Ty TNHH D\u1ea7u Nh\u1eddn T&T Vi\u1ec7t Nam"},"image":{"@id":"https:\/\/tatco.vn\/en\/#\/schema\/logo\/image\/"}}]}},"_links":{"self":[{"href":"https:\/\/tatco.vn\/vi\/wp-json\/wp\/v2\/product\/27850","targetHints":{"allow":["GET"]}}],"collection":[{"href":"https:\/\/tatco.vn\/vi\/wp-json\/wp\/v2\/product"}],"about":[{"href":"https:\/\/tatco.vn\/vi\/wp-json\/wp\/v2\/types\/product"}],"replies":[{"embeddable":true,"href":"https:\/\/tatco.vn\/vi\/wp-json\/wp\/v2\/comments?post=27850"}],"version-history":[{"count":0,"href":"https:\/\/tatco.vn\/vi\/wp-json\/wp\/v2\/product\/27850\/revisions"}],"wp:featuredmedia":[{"embeddable":true,"href":"https:\/\/tatco.vn\/vi\/wp-json\/wp\/v2\/media\/27593"}],"wp:attachment":[{"href":"https:\/\/tatco.vn\/vi\/wp-json\/wp\/v2\/media?parent=27850"}],"wp:term":[{"taxonomy":"product_cat","embeddable":true,"href":"https:\/\/tatco.vn\/vi\/wp-json\/wp\/v2\/product_cat?post=27850"},{"taxonomy":"product_tag","embeddable":true,"href":"https:\/\/tatco.vn\/vi\/wp-json\/wp\/v2\/product_tag?post=27850"}],"curies":[{"name":"wp","href":"https:\/\/api.w.org\/{rel}","templated":true}]}}