{"id":27842,"date":"2025-02-05T13:27:02","date_gmt":"2025-02-05T06:27:02","guid":{"rendered":"https:\/\/tatco.vn\/vi\/?post_type=product&#038;p=27842"},"modified":"2025-02-08T12:02:49","modified_gmt":"2025-02-08T05:02:49","slug":"dau-turbin-perfecto-xep-46","status":"publish","type":"product","link":"https:\/\/tatco.vn\/vi\/san-pham\/dau-turbin-perfecto-xep-46\/","title":{"rendered":"D\u1ea7u Turbin Castrol PERFECTO XEP 46"},"content":{"rendered":"<p><strong>Castrol Perfecto XEP 46 &#8211; D\u1ea7u tua-bin ch\u1ed1ng m\u00e0i m\u00f2n cao c\u1ea5p<\/strong><\/p>\n<p style=\"text-align: justify\"><strong>M\u00f4 t\u1ea3<\/strong>: D\u00f2ng s\u1ea3n ph\u1ea9m d\u1ea7u tua-bin <strong>Castrol Perfecto XEP 46<\/strong>\u00a0\u0111\u01b0\u1ee3c pha ch\u1ebf t\u1eeb d\u1ea7u g\u1ed1c kho\u00e1ng cao c\u1ea5p \u0111\u00e3 qua x\u1eed l\u00fd hydro nghi\u00eam ng\u1eb7t, k\u1ebft h\u1ee3p v\u1edbi h\u1ec7 ph\u1ee5 gia ph\u1ee9c h\u1ee3p \u0111\u1ec3 cung c\u1ea5p hi\u1ec7u su\u1ea5t ch\u1ed1ng m\u00e0i m\u00f2n v\u00e0 \u1ed5n \u0111\u1ecbnh oxy h\u00f3a v\u01b0\u1ee3t tr\u1ed9i.<\/p>\n<p style=\"text-align: justify\"><strong>C\u00f4ng d\u1ee5ng<\/strong>: D\u00f2ng s\u1ea3n ph\u1ea9m Perfecto XEP ch\u1ee7 y\u1ebfu \u0111\u01b0\u1ee3c s\u1eed d\u1ee5ng \u0111\u1ec3 b\u00f4i tr\u01a1n c\u00e1c tua-bin kh\u00ed c\u00f4ng nghi\u1ec7p ch\u1ecbu t\u1ea3i n\u1eb7ng, tua-bin d\u1eabn \u0111\u1ed9ng t\u1eeb \u0111\u1ed9ng c\u01a1 h\u00e0ng kh\u00f4ng, m\u00e1y m\u00f3c \u0111\u01b0\u1ee3c d\u1eabn \u0111\u1ed9ng v\u00e0 m\u00e1y tua-bin, n\u01a1i d\u1ea7u b\u00f4i tr\u01a1n ph\u1ea3i ch\u1ecbu nhi\u1ec7t \u0111\u1ed9 c\u1ee5c b\u1ed9 cao trong qu\u00e1 tr\u00ecnh v\u1eadn h\u00e0nh v\u00e0 giai \u0111o\u1ea1n l\u00e0m m\u00e1t sau khi t\u1eaft m\u00e1y. D\u00f2ng s\u1ea3n ph\u1ea9m Perfecto XEP c\u00f3 c\u00e1c t\u00ednh n\u0103ng t\u00e1ch kh\u00ed, ch\u1ed1ng b\u1ecdt v\u00e0 t\u00e1ch n\u01b0\u1edbc c\u1ea7n thi\u1ebft cho c\u00e1c tua-bin h\u01a1i n\u01b0\u1edbc, l\u00e0m cho ch\u00fang ph\u00f9 h\u1ee3p v\u00e0 tu\u00e2n th\u1ee7 cho c\u00e1c tua-bin kh\u00ed v\u00e0 h\u01a1i n\u01b0\u1edbc trong h\u1ec7 th\u1ed1ng tua-bin \u0111\u01a1n s\u1eed d\u1ee5ng chung m\u1ed9t b\u1ed3n d\u1ea7u.<\/p>\n<p style=\"text-align: justify\"><strong>Ti\u00eau chu\u1ea9n v\u00e0 Ch\u1ee9ng nh\u1eadn<\/strong>: C\u00e1c lo\u1ea1i d\u1ea7u c\u1ee5 th\u1ec3 trong d\u00f2ng s\u1ea3n ph\u1ea9m Perfecto XEP \u0111\u00e1p \u1ee9ng ho\u1eb7c v\u01b0\u1ee3t qua c\u00e1c y\u00eau c\u1ea7u sau:<\/p>\n<ul style=\"text-align: justify\">\n<li>BS 489 1999<\/li>\n<li>DIN 51515<\/li>\n<li>General Electric GEK 32568E, GEK 32568G H &amp; J, GEK 101941A, GEK 107395A, GEK 28143A, 46506E<\/li>\n<li>General Electric Oil &amp; Gas ITN 52220.02, ITN 52220.03<\/li>\n<li>Alstom HGTD 90117 V<\/li>\n<li>Siemens TLV 9013 04 &amp; 05<\/li>\n<li>Solar ES9-224U<\/li>\n<li>Man Turbo SPD10000494596<\/li>\n<\/ul>\n<p style=\"text-align: justify\"><strong>Hi\u1ec7u su\u1ea5t s\u1ea3n ph\u1ea9m<\/strong>:<\/p>\n<ul>\n<li style=\"text-align: justify\">\u0110\u00e1p \u1ee9ng ho\u1eb7c v\u01b0\u1ee3t qua nhi\u1ec1u ti\u00eau chu\u1ea9n tua-bin h\u01a1i n\u01b0\u1edbc v\u00e0 tua-bin kh\u00ed.<\/li>\n<li style=\"text-align: justify\">Thi\u1ebft k\u1ebf cho nhi\u1ec1u \u1ee9ng d\u1ee5ng kh\u00e1c nhau, gi\u00fap h\u1ee3p l\u00fd h\u00f3a c\u00e1c lo\u1ea1i d\u1ea7u m\u00e0 kh\u00f4ng lo ng\u1ea1i v\u1ec1 vi\u1ec7c s\u1eed d\u1ee5ng sai.<\/li>\n<li style=\"text-align: justify\">\u1ed4n \u0111\u1ecbnh nhi\u1ec7t v\u00e0 oxy h\u00f3a xu\u1ea5t s\u1eafc.<\/li>\n<li style=\"text-align: justify\">Hi\u1ec7u su\u1ea5t t\u00e1ch n\u01b0\u1edbc v\u00e0 ch\u1ed1ng \u0103n m\u00f2n t\u1ed1t.<\/li>\n<\/ul>\n<p><strong>C\u00e1c \u0111\u1eb7c tr\u01b0ng ti\u00eau bi\u1ec3u<\/strong>:<\/p>\n<div>\n<div>\n<div class=\"table-responsive\">\n<table class=\"table table-striped\">\n<thead>\n<tr>\n<th>Thu\u1ed9c t\u00ednh<\/th>\n<th>Ph\u01b0\u01a1ng ph\u00e1p<\/th>\n<th>\u0110\u01a1n v\u1ecb<\/th>\n<th>Perfecto XEP 32<\/th>\n<th>Perfecto XEP 46<\/th>\n<th>Perfecto XEP 68<\/th>\n<\/tr>\n<\/thead>\n<tbody>\n<tr>\n<td>\u0110\u1ed9 nh\u1edbt ISO<\/td>\n<td><\/td>\n<td><\/td>\n<td>32<\/td>\n<td>46<\/td>\n<td>68<\/td>\n<\/tr>\n<tr>\n<td>Kh\u1ed1i l\u01b0\u1ee3ng ri\u00eang @ 15\u00b0C<\/td>\n<td>ISO 12185 \/ ASTM D4052<\/td>\n<td>kg\/m\u00b3<\/td>\n<td>859<\/td>\n<td>863<\/td>\n<td>868<\/td>\n<\/tr>\n<tr>\n<td>\u0110\u1ed9 nh\u1edbt \u0111\u1ed9ng h\u1ecdc @ 40\u00b0C<\/td>\n<td>ISO 3104 \/ ASTM D445<\/td>\n<td>mm\u00b2\/s<\/td>\n<td>32<\/td>\n<td>46<\/td>\n<td>68<\/td>\n<\/tr>\n<tr>\n<td>\u0110\u1ed9 nh\u1edbt \u0111\u1ed9ng h\u1ecdc @ 100\u00b0C<\/td>\n<td>ISO 3104 \/ ASTM D445<\/td>\n<td>mm\u00b2\/s<\/td>\n<td>5,5<\/td>\n<td>7,0<\/td>\n<td>9,0<\/td>\n<\/tr>\n<tr>\n<td>Ch\u1ec9 s\u1ed1 \u0111\u1ed9 nh\u1edbt<\/td>\n<td>ISO 2909 \/ ASTM D2270<\/td>\n<td><\/td>\n<td>111<\/td>\n<td>108<\/td>\n<td>104<\/td>\n<\/tr>\n<tr>\n<td>\u0110\u1ed9 t\u1ea1o b\u1ecdt (Seq I) &#8211; Khuynh h\u01b0\u1edbng \/ \u1ed4n \u0111\u1ecbnh<\/td>\n<td>ISO 6247 \/ ASTM D892<\/td>\n<td>ml\/ml<\/td>\n<td>10\/0<\/td>\n<td>10\/0<\/td>\n<td>20\/0<\/td>\n<\/tr>\n<tr>\n<td>T\u00e1ch kh\u00ed @ 50\u00b0C<\/td>\n<td>ISO 9120 \/ ASTM D3427<\/td>\n<td>ph\u00fat<\/td>\n<td>2<\/td>\n<td>2<\/td>\n<td>5<\/td>\n<\/tr>\n<tr>\n<td>T\u00e1ch nh\u0169 &#8211; Ph\u01b0\u01a1ng ph\u00e1p h\u01a1i n\u01b0\u1edbc<\/td>\n<td>IP 19<\/td>\n<td>gi\u00e2y<\/td>\n<td>75<\/td>\n<td>95<\/td>\n<td>105<\/td>\n<\/tr>\n<tr>\n<td>T\u00e1ch n\u01b0\u1edbc @ 54\u00b0C<\/td>\n<td>ISO 6614 \/ ASTM D1401<\/td>\n<td>ph\u00fat<\/td>\n<td>10<\/td>\n<td>10<\/td>\n<td>10<\/td>\n<\/tr>\n<tr>\n<td>\u0110i\u1ec3m r\u00f3t ch\u1ea3y<\/td>\n<td>ASTM D5950<\/td>\n<td>\u00b0C (\u00b0F)<\/td>\n<td>-15 (5)<\/td>\n<td>-15 (5)<\/td>\n<td>-15 (5)<\/td>\n<\/tr>\n<tr>\n<td>\u0110i\u1ec3m ch\u1edbp ch\u00e1y &#8211; Ph\u01b0\u01a1ng ph\u00e1p c\u1ed1c h\u1edf<\/td>\n<td>ISO 2592 \/ ASTM D92<\/td>\n<td>\u00b0C (\u00b0F)<\/td>\n<td>&gt;215 (&gt;419)<\/td>\n<td>&gt;220 (&gt;428)<\/td>\n<td>&gt;220 (&gt;428)<\/td>\n<\/tr>\n<tr>\n<td>Ch\u1ec9 s\u1ed1 a-x\u00edt<\/td>\n<td>ISO 6619 \/ ASTM D664<\/td>\n<td>mgKOH\/g<\/td>\n<td>0,1<\/td>\n<td>0,1<\/td>\n<td>0,1<\/td>\n<\/tr>\n<tr>\n<td>Th\u1eed nghi\u1ec7m r\u1ec9 &#8211; N\u01b0\u1edbc bi\u1ec3n nh\u00e2n t\u1ea1o (24 gi\u1edd)<\/td>\n<td>ISO 7120 \/ ASTM D665B<\/td>\n<td>\u0110\u00e1nh gi\u00e1<\/td>\n<td>\u0110\u1ea1t<\/td>\n<td>\u0110\u1ea1t<\/td>\n<td>\u0110\u1ea1t<\/td>\n<\/tr>\n<tr>\n<td>\u0102n m\u00f2n \u0111\u1ed3ng (3 gi\u1edd @ 100\u00b0C)<\/td>\n<td>ISO 2160 \/ ASTM D130<\/td>\n<td>\u0110\u00e1nh gi\u00e1<\/td>\n<td>1b<\/td>\n<td>1b<\/td>\n<td>1b<\/td>\n<\/tr>\n<tr>\n<td>\u0110\u1ed9 \u1ed5n \u0111\u1ecbnh \u00f4-xi h\u00f3a &#8211; Th\u1eed nghi\u1ec7m b\u00ecnh \u00e1p quay<\/td>\n<td>ASTM D2272<\/td>\n<td>ph\u00fat<\/td>\n<td>1300<\/td>\n<td>1300<\/td>\n<td>1400<\/td>\n<\/tr>\n<tr>\n<td>Th\u1eed nghi\u1ec7m m\u00e0i m\u00f2n b\u00e1nh r\u0103ng FZG &#8211; A\/8.3\/90<\/td>\n<td>ISO 14635-1 \/ ASTM D5182<\/td>\n<td>Giai \u0111o\u1ea1n ch\u1ecbu t\u1ea3i h\u1ecfng<\/td>\n<td>10<\/td>\n<td>10<\/td>\n<td>10<\/td>\n<\/tr>\n<\/tbody>\n<\/table>\n<\/div>\n<div><\/div>\n<\/div>\n<\/div>\n<p><\/p>","protected":false},"excerpt":{"rendered":"<p>D\u00f2ng s\u1ea3n ph\u1ea9m d\u1ea7u tua-bin <strong>Castrol Perfecto XEP 46<\/strong>\u00a0\u0111\u01b0\u1ee3c pha ch\u1ebf t\u1eeb d\u1ea7u g\u1ed1c kho\u00e1ng cao c\u1ea5p \u0111\u00e3 qua x\u1eed l\u00fd hydro nghi\u00eam ng\u1eb7t, k\u1ebft h\u1ee3p v\u1edbi h\u1ec7 ph\u1ee5 gia ph\u1ee9c h\u1ee3p \u0111\u1ec3 cung c\u1ea5p hi\u1ec7u su\u1ea5t ch\u1ed1ng m\u00e0i m\u00f2n v\u00e0 \u1ed5n \u0111\u1ecbnh oxy h\u00f3a v\u01b0\u1ee3t tr\u1ed9i.<\/p>\n","protected":false},"featured_media":27593,"comment_status":"closed","ping_status":"closed","template":"","meta":[],"product_cat":[776,760,784],"product_tag":[972,979,973,977,978,974,966,965,976,975],"class_list":{"0":"post-27842","1":"product","2":"type-product","3":"status-publish","4":"has-post-thumbnail","6":"product_brand-castrol","7":"product_cat-dau-cong-nghiep-castrol","8":"product_cat-dau-nhot-castrol","9":"product_cat-dau-turbin-castrol","10":"product_tag-castrol-perfecto-xep","11":"product_tag-dau-tua-bin-chiu-nhiet-do-cao","12":"product_tag-dau-tua-bin-chong-mai-mon-cao-cap","13":"product_tag-dau-tua-bin-co-kha-nang-tach-nuoc","14":"product_tag-dau-tua-bin-cong-nghiep","15":"product_tag-dau-tua-bin-hieu-suat-cao","16":"product_tag-dau-tua-bin-hoi-nuoc","17":"product_tag-dau-tua-bin-khi","18":"product_tag-dau-tua-bin-on-dinh-nhiet","19":"product_tag-dau-tua-bin-on-dinh-o-xi-hoa","21":"first","22":"instock","23":"shipping-taxable","24":"product-type-simple"},"yoast_head":"<!-- This site is optimized with the Yoast SEO plugin v27.2 - https:\/\/yoast.com\/product\/yoast-seo-wordpress\/ -->\n<title>D\u1ea7u Turbin Castrol PERFECTO XEP 46 - C\u00f4ng Ty TNHH D\u1ea7u Nh\u1eddn T&amp;T Vi\u1ec7t Nam<\/title>\n<meta name=\"robots\" content=\"index, follow, max-snippet:-1, max-image-preview:large, max-video-preview:-1\" \/>\n<link rel=\"canonical\" href=\"https:\/\/tatco.vn\/vi\/san-pham\/dau-turbin-perfecto-xep-46\/\" \/>\n<meta property=\"og:locale\" content=\"vi_VN\" \/>\n<meta property=\"og:type\" content=\"article\" \/>\n<meta property=\"og:title\" content=\"D\u1ea7u Turbin Castrol PERFECTO XEP 46 - C\u00f4ng Ty TNHH D\u1ea7u Nh\u1eddn T&amp;T Vi\u1ec7t Nam\" \/>\n<meta property=\"og:url\" content=\"https:\/\/tatco.vn\/vi\/san-pham\/dau-turbin-perfecto-xep-46\/\" \/>\n<meta property=\"og:site_name\" content=\"C\u00f4ng Ty TNHH D\u1ea7u Nh\u1eddn T&amp;T Vi\u1ec7t Nam\" \/>\n<meta property=\"article:modified_time\" content=\"2025-02-08T05:02:49+00:00\" \/>\n<meta property=\"og:image\" content=\"https:\/\/tatco.vn\/wp-content\/uploads\/2022\/12\/Castrol-v5.png\" \/>\n\t<meta property=\"og:image:width\" content=\"750\" \/>\n\t<meta property=\"og:image:height\" content=\"1000\" \/>\n\t<meta property=\"og:image:type\" content=\"image\/png\" \/>\n<meta name=\"twitter:card\" content=\"summary_large_image\" \/>\n<meta name=\"twitter:label1\" content=\"\u01af\u1edbc t\u00ednh th\u1eddi gian \u0111\u1ecdc\" \/>\n\t<meta name=\"twitter:data1\" content=\"4 ph\u00fat\" \/>\n<script type=\"application\/ld+json\" class=\"yoast-schema-graph\">{\"@context\":\"https:\/\/schema.org\",\"@graph\":[{\"@type\":\"WebPage\",\"@id\":\"https:\/\/tatco.vn\/vi\/san-pham\/dau-turbin-perfecto-xep-46\/\",\"url\":\"https:\/\/tatco.vn\/vi\/san-pham\/dau-turbin-perfecto-xep-46\/\",\"name\":\"D\u1ea7u Turbin Castrol PERFECTO XEP 46 - C\u00f4ng Ty TNHH D\u1ea7u Nh\u1eddn T&amp;T Vi\u1ec7t Nam\",\"isPartOf\":{\"@id\":\"https:\/\/tatco.vn\/en\/#website\"},\"primaryImageOfPage\":{\"@id\":\"https:\/\/tatco.vn\/vi\/san-pham\/dau-turbin-perfecto-xep-46\/#primaryimage\"},\"image\":{\"@id\":\"https:\/\/tatco.vn\/vi\/san-pham\/dau-turbin-perfecto-xep-46\/#primaryimage\"},\"thumbnailUrl\":\"https:\/\/tatco.vn\/wp-content\/uploads\/2022\/12\/Castrol-v5.png\",\"datePublished\":\"2025-02-05T06:27:02+00:00\",\"dateModified\":\"2025-02-08T05:02:49+00:00\",\"breadcrumb\":{\"@id\":\"https:\/\/tatco.vn\/vi\/san-pham\/dau-turbin-perfecto-xep-46\/#breadcrumb\"},\"inLanguage\":\"vi\",\"potentialAction\":[{\"@type\":\"ReadAction\",\"target\":[\"https:\/\/tatco.vn\/vi\/san-pham\/dau-turbin-perfecto-xep-46\/\"]}]},{\"@type\":\"ImageObject\",\"inLanguage\":\"vi\",\"@id\":\"https:\/\/tatco.vn\/vi\/san-pham\/dau-turbin-perfecto-xep-46\/#primaryimage\",\"url\":\"https:\/\/tatco.vn\/wp-content\/uploads\/2022\/12\/Castrol-v5.png\",\"contentUrl\":\"https:\/\/tatco.vn\/wp-content\/uploads\/2022\/12\/Castrol-v5.png\",\"width\":750,\"height\":1000,\"caption\":\"Castrol Perfecto HT 5\"},{\"@type\":\"BreadcrumbList\",\"@id\":\"https:\/\/tatco.vn\/vi\/san-pham\/dau-turbin-perfecto-xep-46\/#breadcrumb\",\"itemListElement\":[{\"@type\":\"ListItem\",\"position\":1,\"name\":\"Home\",\"item\":\"https:\/\/tatco.vn\/\"},{\"@type\":\"ListItem\",\"position\":2,\"name\":\"C\u1eeda h\u00e0ng\",\"item\":\"https:\/\/tatco.vn\/en\/mua\/\"},{\"@type\":\"ListItem\",\"position\":3,\"name\":\"D\u1ea7u Turbin Castrol PERFECTO XEP 46\"}]},{\"@type\":\"WebSite\",\"@id\":\"https:\/\/tatco.vn\/en\/#website\",\"url\":\"https:\/\/tatco.vn\/en\/\",\"name\":\"C\u00f4ng Ty TNHH D\u1ea7u Nh\u1eddn T&amp;T Vi\u1ec7t Nam\",\"description\":\"Right Point - Right Time - Best Solution\",\"publisher\":{\"@id\":\"https:\/\/tatco.vn\/en\/#organization\"},\"potentialAction\":[{\"@type\":\"SearchAction\",\"target\":{\"@type\":\"EntryPoint\",\"urlTemplate\":\"https:\/\/tatco.vn\/en\/?s={search_term_string}\"},\"query-input\":{\"@type\":\"PropertyValueSpecification\",\"valueRequired\":true,\"valueName\":\"search_term_string\"}}],\"inLanguage\":\"vi\"},{\"@type\":\"Organization\",\"@id\":\"https:\/\/tatco.vn\/en\/#organization\",\"name\":\"C\u00f4ng Ty TNHH D\u1ea7u Nh\u1eddn T&T Vi\u1ec7t Nam\",\"url\":\"https:\/\/tatco.vn\/en\/\",\"logo\":{\"@type\":\"ImageObject\",\"inLanguage\":\"vi\",\"@id\":\"https:\/\/tatco.vn\/en\/#\/schema\/logo\/image\/\",\"url\":\"https:\/\/tatco.vn\/wp-content\/uploads\/2019\/05\/fav-ico.png\",\"contentUrl\":\"https:\/\/tatco.vn\/wp-content\/uploads\/2019\/05\/fav-ico.png\",\"width\":200,\"height\":200,\"caption\":\"C\u00f4ng Ty TNHH D\u1ea7u Nh\u1eddn T&T Vi\u1ec7t Nam\"},\"image\":{\"@id\":\"https:\/\/tatco.vn\/en\/#\/schema\/logo\/image\/\"}}]}<\/script>\n<!-- \/ Yoast SEO plugin. -->","yoast_head_json":{"title":"D\u1ea7u Turbin Castrol PERFECTO XEP 46 - C\u00f4ng Ty TNHH D\u1ea7u Nh\u1eddn T&amp;T Vi\u1ec7t Nam","robots":{"index":"index","follow":"follow","max-snippet":"max-snippet:-1","max-image-preview":"max-image-preview:large","max-video-preview":"max-video-preview:-1"},"canonical":"https:\/\/tatco.vn\/vi\/san-pham\/dau-turbin-perfecto-xep-46\/","og_locale":"vi_VN","og_type":"article","og_title":"D\u1ea7u Turbin Castrol PERFECTO XEP 46 - C\u00f4ng Ty TNHH D\u1ea7u Nh\u1eddn T&amp;T Vi\u1ec7t Nam","og_url":"https:\/\/tatco.vn\/vi\/san-pham\/dau-turbin-perfecto-xep-46\/","og_site_name":"C\u00f4ng Ty TNHH D\u1ea7u Nh\u1eddn T&amp;T Vi\u1ec7t Nam","article_modified_time":"2025-02-08T05:02:49+00:00","og_image":[{"width":750,"height":1000,"url":"https:\/\/tatco.vn\/wp-content\/uploads\/2022\/12\/Castrol-v5.png","type":"image\/png"}],"twitter_card":"summary_large_image","twitter_misc":{"\u01af\u1edbc t\u00ednh th\u1eddi gian \u0111\u1ecdc":"4 ph\u00fat"},"schema":{"@context":"https:\/\/schema.org","@graph":[{"@type":"WebPage","@id":"https:\/\/tatco.vn\/vi\/san-pham\/dau-turbin-perfecto-xep-46\/","url":"https:\/\/tatco.vn\/vi\/san-pham\/dau-turbin-perfecto-xep-46\/","name":"D\u1ea7u Turbin Castrol PERFECTO XEP 46 - C\u00f4ng Ty TNHH D\u1ea7u Nh\u1eddn T&amp;T Vi\u1ec7t Nam","isPartOf":{"@id":"https:\/\/tatco.vn\/en\/#website"},"primaryImageOfPage":{"@id":"https:\/\/tatco.vn\/vi\/san-pham\/dau-turbin-perfecto-xep-46\/#primaryimage"},"image":{"@id":"https:\/\/tatco.vn\/vi\/san-pham\/dau-turbin-perfecto-xep-46\/#primaryimage"},"thumbnailUrl":"https:\/\/tatco.vn\/wp-content\/uploads\/2022\/12\/Castrol-v5.png","datePublished":"2025-02-05T06:27:02+00:00","dateModified":"2025-02-08T05:02:49+00:00","breadcrumb":{"@id":"https:\/\/tatco.vn\/vi\/san-pham\/dau-turbin-perfecto-xep-46\/#breadcrumb"},"inLanguage":"vi","potentialAction":[{"@type":"ReadAction","target":["https:\/\/tatco.vn\/vi\/san-pham\/dau-turbin-perfecto-xep-46\/"]}]},{"@type":"ImageObject","inLanguage":"vi","@id":"https:\/\/tatco.vn\/vi\/san-pham\/dau-turbin-perfecto-xep-46\/#primaryimage","url":"https:\/\/tatco.vn\/wp-content\/uploads\/2022\/12\/Castrol-v5.png","contentUrl":"https:\/\/tatco.vn\/wp-content\/uploads\/2022\/12\/Castrol-v5.png","width":750,"height":1000,"caption":"Castrol Perfecto HT 5"},{"@type":"BreadcrumbList","@id":"https:\/\/tatco.vn\/vi\/san-pham\/dau-turbin-perfecto-xep-46\/#breadcrumb","itemListElement":[{"@type":"ListItem","position":1,"name":"Home","item":"https:\/\/tatco.vn\/"},{"@type":"ListItem","position":2,"name":"C\u1eeda h\u00e0ng","item":"https:\/\/tatco.vn\/en\/mua\/"},{"@type":"ListItem","position":3,"name":"D\u1ea7u Turbin Castrol PERFECTO XEP 46"}]},{"@type":"WebSite","@id":"https:\/\/tatco.vn\/en\/#website","url":"https:\/\/tatco.vn\/en\/","name":"C\u00f4ng Ty TNHH D\u1ea7u Nh\u1eddn T&amp;T Vi\u1ec7t Nam","description":"Right Point - Right Time - Best Solution","publisher":{"@id":"https:\/\/tatco.vn\/en\/#organization"},"potentialAction":[{"@type":"SearchAction","target":{"@type":"EntryPoint","urlTemplate":"https:\/\/tatco.vn\/en\/?s={search_term_string}"},"query-input":{"@type":"PropertyValueSpecification","valueRequired":true,"valueName":"search_term_string"}}],"inLanguage":"vi"},{"@type":"Organization","@id":"https:\/\/tatco.vn\/en\/#organization","name":"C\u00f4ng Ty TNHH D\u1ea7u Nh\u1eddn T&T Vi\u1ec7t Nam","url":"https:\/\/tatco.vn\/en\/","logo":{"@type":"ImageObject","inLanguage":"vi","@id":"https:\/\/tatco.vn\/en\/#\/schema\/logo\/image\/","url":"https:\/\/tatco.vn\/wp-content\/uploads\/2019\/05\/fav-ico.png","contentUrl":"https:\/\/tatco.vn\/wp-content\/uploads\/2019\/05\/fav-ico.png","width":200,"height":200,"caption":"C\u00f4ng Ty TNHH D\u1ea7u Nh\u1eddn T&T Vi\u1ec7t Nam"},"image":{"@id":"https:\/\/tatco.vn\/en\/#\/schema\/logo\/image\/"}}]}},"_links":{"self":[{"href":"https:\/\/tatco.vn\/vi\/wp-json\/wp\/v2\/product\/27842","targetHints":{"allow":["GET"]}}],"collection":[{"href":"https:\/\/tatco.vn\/vi\/wp-json\/wp\/v2\/product"}],"about":[{"href":"https:\/\/tatco.vn\/vi\/wp-json\/wp\/v2\/types\/product"}],"replies":[{"embeddable":true,"href":"https:\/\/tatco.vn\/vi\/wp-json\/wp\/v2\/comments?post=27842"}],"version-history":[{"count":0,"href":"https:\/\/tatco.vn\/vi\/wp-json\/wp\/v2\/product\/27842\/revisions"}],"wp:featuredmedia":[{"embeddable":true,"href":"https:\/\/tatco.vn\/vi\/wp-json\/wp\/v2\/media\/27593"}],"wp:attachment":[{"href":"https:\/\/tatco.vn\/vi\/wp-json\/wp\/v2\/media?parent=27842"}],"wp:term":[{"taxonomy":"product_cat","embeddable":true,"href":"https:\/\/tatco.vn\/vi\/wp-json\/wp\/v2\/product_cat?post=27842"},{"taxonomy":"product_tag","embeddable":true,"href":"https:\/\/tatco.vn\/vi\/wp-json\/wp\/v2\/product_tag?post=27842"}],"curies":[{"name":"wp","href":"https:\/\/api.w.org\/{rel}","templated":true}]}}