{"id":27838,"date":"2025-02-05T13:17:43","date_gmt":"2025-02-05T06:17:43","guid":{"rendered":"https:\/\/tatco.vn\/vi\/?post_type=product&#038;p=27838"},"modified":"2025-02-08T12:00:07","modified_gmt":"2025-02-08T05:00:07","slug":"dau-turbin-perfecto-x-46","status":"publish","type":"product","link":"https:\/\/tatco.vn\/vi\/san-pham\/dau-turbin-perfecto-x-46\/","title":{"rendered":"D\u1ea7u Turbin Castrol PERFECTO X 46"},"content":{"rendered":"<p><strong>Castrol Perfecto X 46 &#8211; D\u1ea7u tua-bin cao c\u1ea5p cho hi\u1ec7u su\u1ea5t cao<\/strong><\/p>\n<p style=\"text-align: justify\"><strong>M\u00f4 t\u1ea3<\/strong>: <strong>Castrol Perfecto X 46<\/strong>\u00a0l\u00e0 d\u1ea7u tua-bin cao c\u1ea5p \u0111\u01b0\u1ee3c pha ch\u1ebf t\u1eeb d\u1ea7u kho\u00e1ng ch\u1ea5t l\u01b0\u1ee3ng cao v\u00e0 c\u00e1c ph\u1ee5 gia ch\u1ed1ng r\u1ec9 v\u00e0 ch\u1ed1ng \u00f4-xi h\u00f3a \u0111\u1ec3 cung c\u1ea5p b\u1ea3o v\u1ec7 t\u1ed1i \u0111a \u1edf nhi\u1ec7t \u0111\u1ed9 cao.<\/p>\n<p style=\"text-align: justify\"><strong>C\u00f4ng d\u1ee5ng<\/strong>: Perfecto X \u0111\u01b0\u1ee3c khuy\u1ebfn c\u00e1o s\u1eed d\u1ee5ng cho c\u00e1c tua-bin kh\u00ed khi d\u1ea7u nh\u1edbt ph\u1ea3i l\u00e0m vi\u1ec7c \u1edf c\u00e1c nhi\u1ec7t \u0111\u1ed9 c\u1ee5c b\u1ed9 r\u1ea5t cao. N\u00f3 c\u0169ng th\u00edch h\u1ee3p cho c\u00e1c tua-bin h\u01a1i n\u01b0\u1edbc v\u00e0 c\u00e1c h\u1ec7 th\u1ed1ng chu tr\u00ecnh h\u1ed7n h\u1ee3p khi c\u00e1c tua-bin kh\u00ed v\u00e0 tua-bin h\u01a1i n\u01b0\u1edbc d\u00f9ng chung m\u1ed9t b\u1ed3n d\u1ea7u. Perfecto X c\u00f3 t\u00ednh t\u00e1ch kh\u00ed t\u1ed1t, t\u00ednh ch\u1ed1ng b\u1ecdt v\u00e0 t\u00ednh t\u00e1ch n\u01b0\u1edbc tuy\u1ec7t h\u1ea3o. N\u00f3 ho\u00e0n to\u00e0n t\u01b0\u01a1ng th\u00edch v\u1edbi c\u00e1c v\u1eadt li\u1ec7u l\u00e0m k\u00edn nh\u01b0 nitrile, silicone v\u00e0 fluoropolyme.<\/p>\n<p style=\"text-align: justify\"><strong>Ti\u00eau chu\u1ea9n v\u00e0 Ch\u1ee9ng nh\u1eadn<\/strong>: Perfecto X \u0111\u00e1p \u1ee9ng ho\u1eb7c v\u01b0\u1ee3t qua c\u00e1c ti\u00eau chu\u1ea9n sau:<\/p>\n<ul style=\"text-align: justify\">\n<li>Ti\u00eau chu\u1ea9n Anh BS 489<\/li>\n<li>DIN 51515 -1 v\u00e0 -2<\/li>\n<li>GEK 32568g v\u00e0 GEK 107395A (ISO 32)<\/li>\n<li>Alstom HTDG 90 117 (tr\u01b0\u1edbc \u0111\u00e2y l\u00e0 ABB)<\/li>\n<li>Siemens TLV 9013 04 v\u00e0 05<\/li>\n<\/ul>\n<p style=\"text-align: justify\"><strong>L\u1ee3i \u0111i\u1ec3m<\/strong>:<\/p>\n<ul>\n<li style=\"text-align: justify\">\u0110\u1ed9 b\u1ec1n \u00f4-xi h\u00f3a v\u00e0 nhi\u1ec7t v\u01b0\u1ee3t tr\u1ed9i, cung c\u1ea5p tu\u1ed5i th\u1ecd d\u1ea7u d\u00e0i do gi\u1ea3m thi\u1ec3u s\u1ef1 h\u00ecnh th\u00e0nh c\u1eb7n\/keo.<\/li>\n<li style=\"text-align: justify\">T\u00ednh t\u00e1ch kh\u00ed xu\u1ea5t s\u1eafc \u0111\u00e1p \u1ee9ng y\u00eau c\u1ea7u c\u1ee7a t\u1ea5t c\u1ea3 c\u00e1c nh\u00e0 ch\u1ebf t\u1ea1o tua-bin.<\/li>\n<li style=\"text-align: justify\">T\u00ednh t\u00e1ch n\u01b0\u1edbc v\u00e0 ch\u1ed1ng r\u1ec9 tuy\u1ec7t h\u1ea3o gi\u1ea3m th\u1eddi gian d\u1eebng m\u00e1y nh\u1edd k\u00e9o d\u00e0i tu\u1ed5i th\u1ecd d\u1ea7u v\u00e0 t\u0103ng \u0111\u1ed9 tin c\u1eady c\u1ee7a thi\u1ebft b\u1ecb.<\/li>\n<li style=\"text-align: justify\">Th\u00edch h\u1ee3p cho c\u1ea3 tua-bin kh\u00ed v\u00e0 tua-bin h\u01a1i n\u01b0\u1edbc, l\u00e0m cho n\u00f3 l\u00fd t\u01b0\u1edfng cho c\u00e1c nh\u00e0 m\u00e1y \u0111i\u1ec7n chu tr\u00ecnh h\u1ed7n h\u1ee3p.<\/li>\n<\/ul>\n<p><strong>C\u00e1c \u0111\u1eb7c tr\u01b0ng ti\u00eau bi\u1ec3u<\/strong>:<\/p>\n<div>\n<div>\n<div class=\"table-responsive\">\n<table class=\"table table-striped\">\n<thead>\n<tr>\n<th>Thu\u1ed9c t\u00ednh<\/th>\n<th>Ph\u01b0\u01a1ng ph\u00e1p<\/th>\n<th>\u0110\u01a1n v\u1ecb<\/th>\n<th>32<\/th>\n<th>46<\/th>\n<th>68<\/th>\n<\/tr>\n<\/thead>\n<tbody>\n<tr>\n<td>Kh\u1ed1i l\u01b0\u1ee3ng ri\u00eang @ 15\u00b0C<\/td>\n<td>ASTM D4052<\/td>\n<td>kg\/m\u00b3<\/td>\n<td>849<\/td>\n<td>860<\/td>\n<td>865<\/td>\n<\/tr>\n<tr>\n<td>\u0110\u1ed9 nh\u1edbt \u0111\u1ed9ng h\u1ecdc @ 40\u00b0C<\/td>\n<td>ASTM D445<\/td>\n<td>mm\u00b2\/s<\/td>\n<td>32<\/td>\n<td>46<\/td>\n<td>68<\/td>\n<\/tr>\n<tr>\n<td>\u0110\u1ed9 nh\u1edbt \u0111\u1ed9ng h\u1ecdc @ 100\u00b0C<\/td>\n<td>ASTM D445<\/td>\n<td>mm\u00b2\/s<\/td>\n<td>5,7<\/td>\n<td>7,1<\/td>\n<td>9,5<\/td>\n<\/tr>\n<tr>\n<td>Ch\u1ec9 s\u1ed1 \u0111\u1ed9 nh\u1edbt<\/td>\n<td>ASTM D2270<\/td>\n<td>&#8211;<\/td>\n<td>112<\/td>\n<td>112<\/td>\n<td>112<\/td>\n<\/tr>\n<tr>\n<td>\u0110\u1ed9 t\u1ea1o b\u1ecdt (Seq I)<\/td>\n<td>ASTM D892<\/td>\n<td>ml\/ml<\/td>\n<td>10\/0<\/td>\n<td>10\/0<\/td>\n<td>10\/0<\/td>\n<\/tr>\n<tr>\n<td>\u0110\u1ed9 t\u00e1ch kh\u00ed @ 50\u00b0C<\/td>\n<td>ASTM D3427<\/td>\n<td>ph\u00fat<\/td>\n<td>2<\/td>\n<td>2<\/td>\n<td>3<\/td>\n<\/tr>\n<tr>\n<td>\u0110\u1ed9 t\u00e1ch n\u01b0\u1edbc<\/td>\n<td>IP 19<\/td>\n<td>gi\u00e2y<\/td>\n<td>10<\/td>\n<td>90<\/td>\n<td>90<\/td>\n<\/tr>\n<tr>\n<td>\u0110i\u1ec3m r\u00f3t ch\u1ea3y<\/td>\n<td>ASTM D97<\/td>\n<td>\u00b0C<\/td>\n<td>-15<\/td>\n<td>-18<\/td>\n<td>-15<\/td>\n<\/tr>\n<tr>\n<td>\u0110i\u1ec3m ch\u1edbp ch\u00e1y (c\u1ed1c h\u1edf)<\/td>\n<td>ASTM D92<\/td>\n<td>\u00b0C<\/td>\n<td>222<\/td>\n<td>234<\/td>\n<td>234<\/td>\n<\/tr>\n<tr>\n<td>\u0110\u1ed9 a-x\u00edt<\/td>\n<td>ASTM D664<\/td>\n<td>mgKOH\/g<\/td>\n<td>0,05<\/td>\n<td>0,05<\/td>\n<td>0,05<\/td>\n<\/tr>\n<tr>\n<td>Th\u1eed nghi\u1ec7m r\u1ec9 (24 gi\u1edd, n\u01b0\u1edbc bi\u1ec3n t\u1ed5ng h\u1ee3p)<\/td>\n<td>ASTM D665B<\/td>\n<td>&#8211;<\/td>\n<td>\u0110\u1ea1t<\/td>\n<td>\u0110\u1ea1t<\/td>\n<td>\u0110\u1ea1t<\/td>\n<\/tr>\n<tr>\n<td>\u0110\u1ed9 b\u1ec1n \u00f4-xi h\u00f3a RPOV<\/td>\n<td>ASTM D2272<\/td>\n<td>ph\u00fat<\/td>\n<td>&gt;1.000<\/td>\n<td>&gt;1.000<\/td>\n<td>&gt;1.000<\/td>\n<\/tr>\n<tr>\n<td>\u0102n m\u00f2n \u0111\u1ed3ng (3 gi\u1edd @ 100\u00b0C)<\/td>\n<td>ASTM D130<\/td>\n<td>&#8211;<\/td>\n<td>1a<\/td>\n<td>1a<\/td>\n<td>1a<\/td>\n<\/tr>\n<tr>\n<td>\u0110\u1ed9 b\u1ec1n \u00f4-xi h\u00f3a TOST<\/td>\n<td>ASTM D943<\/td>\n<td>gi\u1edd<\/td>\n<td>&gt;10.000<\/td>\n<td>&gt;10.000<\/td>\n<td>&gt;10.000<\/td>\n<\/tr>\n<\/tbody>\n<\/table>\n<\/div>\n<div><\/div>\n<\/div>\n<\/div>\n<p><\/p>","protected":false},"excerpt":{"rendered":"<p><strong>Castrol Perfecto X 46<\/strong>\u00a0l\u00e0 d\u1ea7u tua-bin cao c\u1ea5p \u0111\u01b0\u1ee3c pha ch\u1ebf t\u1eeb d\u1ea7u kho\u00e1ng ch\u1ea5t l\u01b0\u1ee3ng cao v\u00e0 c\u00e1c ph\u1ee5 gia ch\u1ed1ng r\u1ec9 v\u00e0 ch\u1ed1ng \u00f4-xi h\u00f3a \u0111\u1ec3 cung c\u1ea5p b\u1ea3o v\u1ec7 t\u1ed1i \u0111a \u1edf nhi\u1ec7t \u0111\u1ed9 cao.<\/p>\n","protected":false},"featured_media":27593,"comment_status":"closed","ping_status":"closed","template":"","meta":[],"product_cat":[776,760,784,991],"product_tag":[962,963,968,969,967,970,966,965,964,971],"class_list":{"0":"post-27838","1":"product","2":"type-product","3":"status-publish","4":"has-post-thumbnail","6":"product_brand-castrol","7":"product_cat-dau-cong-nghiep-castrol","8":"product_cat-dau-nhot-castrol","9":"product_cat-dau-turbin-castrol","10":"product_cat-dau-turbin-perfecto-x","11":"product_tag-castrol-perfecto-x","12":"product_tag-dau-tua-bin-cao-cap","13":"product_tag-dau-tua-bin-chong-o-xi-hoa","14":"product_tag-dau-tua-bin-chong-ri","15":"product_tag-dau-tua-bin-chu-trinh-hon-hop","16":"product_tag-dau-tua-bin-co-do-ben-nhiet-cao","17":"product_tag-dau-tua-bin-hoi-nuoc","18":"product_tag-dau-tua-bin-khi","19":"product_tag-dau-tua-bin-nhiet-do-cao","20":"product_tag-dau-tua-bin-voi-tinh-tach-khi-xuat-sac","22":"first","23":"instock","24":"shipping-taxable","25":"product-type-simple"},"yoast_head":"<!-- This site is optimized with the Yoast SEO plugin v27.2 - https:\/\/yoast.com\/product\/yoast-seo-wordpress\/ -->\n<title>D\u1ea7u Turbin Castrol PERFECTO X 46 - C\u00f4ng Ty TNHH D\u1ea7u Nh\u1eddn T&amp;T Vi\u1ec7t Nam<\/title>\n<meta name=\"robots\" content=\"index, follow, max-snippet:-1, max-image-preview:large, max-video-preview:-1\" \/>\n<link rel=\"canonical\" href=\"https:\/\/tatco.vn\/vi\/san-pham\/dau-turbin-perfecto-x-46\/\" \/>\n<meta property=\"og:locale\" content=\"vi_VN\" \/>\n<meta property=\"og:type\" content=\"article\" \/>\n<meta property=\"og:title\" content=\"D\u1ea7u Turbin Castrol PERFECTO X 46 - C\u00f4ng Ty TNHH D\u1ea7u Nh\u1eddn T&amp;T Vi\u1ec7t Nam\" \/>\n<meta property=\"og:url\" content=\"https:\/\/tatco.vn\/vi\/san-pham\/dau-turbin-perfecto-x-46\/\" \/>\n<meta property=\"og:site_name\" content=\"C\u00f4ng Ty TNHH D\u1ea7u Nh\u1eddn T&amp;T Vi\u1ec7t Nam\" \/>\n<meta property=\"article:modified_time\" content=\"2025-02-08T05:00:07+00:00\" \/>\n<meta property=\"og:image\" content=\"https:\/\/tatco.vn\/wp-content\/uploads\/2022\/12\/Castrol-v5.png\" \/>\n\t<meta property=\"og:image:width\" content=\"750\" \/>\n\t<meta property=\"og:image:height\" content=\"1000\" \/>\n\t<meta property=\"og:image:type\" content=\"image\/png\" \/>\n<meta name=\"twitter:card\" content=\"summary_large_image\" \/>\n<meta name=\"twitter:label1\" content=\"\u01af\u1edbc t\u00ednh th\u1eddi gian \u0111\u1ecdc\" \/>\n\t<meta name=\"twitter:data1\" content=\"3 ph\u00fat\" \/>\n<script type=\"application\/ld+json\" class=\"yoast-schema-graph\">{\"@context\":\"https:\/\/schema.org\",\"@graph\":[{\"@type\":\"WebPage\",\"@id\":\"https:\/\/tatco.vn\/vi\/san-pham\/dau-turbin-perfecto-x-46\/\",\"url\":\"https:\/\/tatco.vn\/vi\/san-pham\/dau-turbin-perfecto-x-46\/\",\"name\":\"D\u1ea7u Turbin Castrol PERFECTO X 46 - C\u00f4ng Ty TNHH D\u1ea7u Nh\u1eddn T&amp;T Vi\u1ec7t Nam\",\"isPartOf\":{\"@id\":\"https:\/\/tatco.vn\/en\/#website\"},\"primaryImageOfPage\":{\"@id\":\"https:\/\/tatco.vn\/vi\/san-pham\/dau-turbin-perfecto-x-46\/#primaryimage\"},\"image\":{\"@id\":\"https:\/\/tatco.vn\/vi\/san-pham\/dau-turbin-perfecto-x-46\/#primaryimage\"},\"thumbnailUrl\":\"https:\/\/tatco.vn\/wp-content\/uploads\/2022\/12\/Castrol-v5.png\",\"datePublished\":\"2025-02-05T06:17:43+00:00\",\"dateModified\":\"2025-02-08T05:00:07+00:00\",\"breadcrumb\":{\"@id\":\"https:\/\/tatco.vn\/vi\/san-pham\/dau-turbin-perfecto-x-46\/#breadcrumb\"},\"inLanguage\":\"vi\",\"potentialAction\":[{\"@type\":\"ReadAction\",\"target\":[\"https:\/\/tatco.vn\/vi\/san-pham\/dau-turbin-perfecto-x-46\/\"]}]},{\"@type\":\"ImageObject\",\"inLanguage\":\"vi\",\"@id\":\"https:\/\/tatco.vn\/vi\/san-pham\/dau-turbin-perfecto-x-46\/#primaryimage\",\"url\":\"https:\/\/tatco.vn\/wp-content\/uploads\/2022\/12\/Castrol-v5.png\",\"contentUrl\":\"https:\/\/tatco.vn\/wp-content\/uploads\/2022\/12\/Castrol-v5.png\",\"width\":750,\"height\":1000,\"caption\":\"Castrol Perfecto HT 5\"},{\"@type\":\"BreadcrumbList\",\"@id\":\"https:\/\/tatco.vn\/vi\/san-pham\/dau-turbin-perfecto-x-46\/#breadcrumb\",\"itemListElement\":[{\"@type\":\"ListItem\",\"position\":1,\"name\":\"Home\",\"item\":\"https:\/\/tatco.vn\/\"},{\"@type\":\"ListItem\",\"position\":2,\"name\":\"C\u1eeda h\u00e0ng\",\"item\":\"https:\/\/tatco.vn\/en\/mua\/\"},{\"@type\":\"ListItem\",\"position\":3,\"name\":\"D\u1ea7u Turbin Castrol PERFECTO X 46\"}]},{\"@type\":\"WebSite\",\"@id\":\"https:\/\/tatco.vn\/en\/#website\",\"url\":\"https:\/\/tatco.vn\/en\/\",\"name\":\"C\u00f4ng Ty TNHH D\u1ea7u Nh\u1eddn T&amp;T Vi\u1ec7t Nam\",\"description\":\"Right Point - Right Time - Best Solution\",\"publisher\":{\"@id\":\"https:\/\/tatco.vn\/en\/#organization\"},\"potentialAction\":[{\"@type\":\"SearchAction\",\"target\":{\"@type\":\"EntryPoint\",\"urlTemplate\":\"https:\/\/tatco.vn\/en\/?s={search_term_string}\"},\"query-input\":{\"@type\":\"PropertyValueSpecification\",\"valueRequired\":true,\"valueName\":\"search_term_string\"}}],\"inLanguage\":\"vi\"},{\"@type\":\"Organization\",\"@id\":\"https:\/\/tatco.vn\/en\/#organization\",\"name\":\"C\u00f4ng Ty TNHH D\u1ea7u Nh\u1eddn T&T Vi\u1ec7t Nam\",\"url\":\"https:\/\/tatco.vn\/en\/\",\"logo\":{\"@type\":\"ImageObject\",\"inLanguage\":\"vi\",\"@id\":\"https:\/\/tatco.vn\/en\/#\/schema\/logo\/image\/\",\"url\":\"https:\/\/tatco.vn\/wp-content\/uploads\/2019\/05\/fav-ico.png\",\"contentUrl\":\"https:\/\/tatco.vn\/wp-content\/uploads\/2019\/05\/fav-ico.png\",\"width\":200,\"height\":200,\"caption\":\"C\u00f4ng Ty TNHH D\u1ea7u Nh\u1eddn T&T Vi\u1ec7t Nam\"},\"image\":{\"@id\":\"https:\/\/tatco.vn\/en\/#\/schema\/logo\/image\/\"}}]}<\/script>\n<!-- \/ Yoast SEO plugin. -->","yoast_head_json":{"title":"D\u1ea7u Turbin Castrol PERFECTO X 46 - C\u00f4ng Ty TNHH D\u1ea7u Nh\u1eddn T&amp;T Vi\u1ec7t Nam","robots":{"index":"index","follow":"follow","max-snippet":"max-snippet:-1","max-image-preview":"max-image-preview:large","max-video-preview":"max-video-preview:-1"},"canonical":"https:\/\/tatco.vn\/vi\/san-pham\/dau-turbin-perfecto-x-46\/","og_locale":"vi_VN","og_type":"article","og_title":"D\u1ea7u Turbin Castrol PERFECTO X 46 - C\u00f4ng Ty TNHH D\u1ea7u Nh\u1eddn T&amp;T Vi\u1ec7t Nam","og_url":"https:\/\/tatco.vn\/vi\/san-pham\/dau-turbin-perfecto-x-46\/","og_site_name":"C\u00f4ng Ty TNHH D\u1ea7u Nh\u1eddn T&amp;T Vi\u1ec7t Nam","article_modified_time":"2025-02-08T05:00:07+00:00","og_image":[{"width":750,"height":1000,"url":"https:\/\/tatco.vn\/wp-content\/uploads\/2022\/12\/Castrol-v5.png","type":"image\/png"}],"twitter_card":"summary_large_image","twitter_misc":{"\u01af\u1edbc t\u00ednh th\u1eddi gian \u0111\u1ecdc":"3 ph\u00fat"},"schema":{"@context":"https:\/\/schema.org","@graph":[{"@type":"WebPage","@id":"https:\/\/tatco.vn\/vi\/san-pham\/dau-turbin-perfecto-x-46\/","url":"https:\/\/tatco.vn\/vi\/san-pham\/dau-turbin-perfecto-x-46\/","name":"D\u1ea7u Turbin Castrol PERFECTO X 46 - C\u00f4ng Ty TNHH D\u1ea7u Nh\u1eddn T&amp;T Vi\u1ec7t Nam","isPartOf":{"@id":"https:\/\/tatco.vn\/en\/#website"},"primaryImageOfPage":{"@id":"https:\/\/tatco.vn\/vi\/san-pham\/dau-turbin-perfecto-x-46\/#primaryimage"},"image":{"@id":"https:\/\/tatco.vn\/vi\/san-pham\/dau-turbin-perfecto-x-46\/#primaryimage"},"thumbnailUrl":"https:\/\/tatco.vn\/wp-content\/uploads\/2022\/12\/Castrol-v5.png","datePublished":"2025-02-05T06:17:43+00:00","dateModified":"2025-02-08T05:00:07+00:00","breadcrumb":{"@id":"https:\/\/tatco.vn\/vi\/san-pham\/dau-turbin-perfecto-x-46\/#breadcrumb"},"inLanguage":"vi","potentialAction":[{"@type":"ReadAction","target":["https:\/\/tatco.vn\/vi\/san-pham\/dau-turbin-perfecto-x-46\/"]}]},{"@type":"ImageObject","inLanguage":"vi","@id":"https:\/\/tatco.vn\/vi\/san-pham\/dau-turbin-perfecto-x-46\/#primaryimage","url":"https:\/\/tatco.vn\/wp-content\/uploads\/2022\/12\/Castrol-v5.png","contentUrl":"https:\/\/tatco.vn\/wp-content\/uploads\/2022\/12\/Castrol-v5.png","width":750,"height":1000,"caption":"Castrol Perfecto HT 5"},{"@type":"BreadcrumbList","@id":"https:\/\/tatco.vn\/vi\/san-pham\/dau-turbin-perfecto-x-46\/#breadcrumb","itemListElement":[{"@type":"ListItem","position":1,"name":"Home","item":"https:\/\/tatco.vn\/"},{"@type":"ListItem","position":2,"name":"C\u1eeda h\u00e0ng","item":"https:\/\/tatco.vn\/en\/mua\/"},{"@type":"ListItem","position":3,"name":"D\u1ea7u Turbin Castrol PERFECTO X 46"}]},{"@type":"WebSite","@id":"https:\/\/tatco.vn\/en\/#website","url":"https:\/\/tatco.vn\/en\/","name":"C\u00f4ng Ty TNHH D\u1ea7u Nh\u1eddn T&amp;T Vi\u1ec7t Nam","description":"Right Point - Right Time - Best Solution","publisher":{"@id":"https:\/\/tatco.vn\/en\/#organization"},"potentialAction":[{"@type":"SearchAction","target":{"@type":"EntryPoint","urlTemplate":"https:\/\/tatco.vn\/en\/?s={search_term_string}"},"query-input":{"@type":"PropertyValueSpecification","valueRequired":true,"valueName":"search_term_string"}}],"inLanguage":"vi"},{"@type":"Organization","@id":"https:\/\/tatco.vn\/en\/#organization","name":"C\u00f4ng Ty TNHH D\u1ea7u Nh\u1eddn T&T Vi\u1ec7t Nam","url":"https:\/\/tatco.vn\/en\/","logo":{"@type":"ImageObject","inLanguage":"vi","@id":"https:\/\/tatco.vn\/en\/#\/schema\/logo\/image\/","url":"https:\/\/tatco.vn\/wp-content\/uploads\/2019\/05\/fav-ico.png","contentUrl":"https:\/\/tatco.vn\/wp-content\/uploads\/2019\/05\/fav-ico.png","width":200,"height":200,"caption":"C\u00f4ng Ty TNHH D\u1ea7u Nh\u1eddn T&T Vi\u1ec7t Nam"},"image":{"@id":"https:\/\/tatco.vn\/en\/#\/schema\/logo\/image\/"}}]}},"_links":{"self":[{"href":"https:\/\/tatco.vn\/vi\/wp-json\/wp\/v2\/product\/27838","targetHints":{"allow":["GET"]}}],"collection":[{"href":"https:\/\/tatco.vn\/vi\/wp-json\/wp\/v2\/product"}],"about":[{"href":"https:\/\/tatco.vn\/vi\/wp-json\/wp\/v2\/types\/product"}],"replies":[{"embeddable":true,"href":"https:\/\/tatco.vn\/vi\/wp-json\/wp\/v2\/comments?post=27838"}],"version-history":[{"count":0,"href":"https:\/\/tatco.vn\/vi\/wp-json\/wp\/v2\/product\/27838\/revisions"}],"wp:featuredmedia":[{"embeddable":true,"href":"https:\/\/tatco.vn\/vi\/wp-json\/wp\/v2\/media\/27593"}],"wp:attachment":[{"href":"https:\/\/tatco.vn\/vi\/wp-json\/wp\/v2\/media?parent=27838"}],"wp:term":[{"taxonomy":"product_cat","embeddable":true,"href":"https:\/\/tatco.vn\/vi\/wp-json\/wp\/v2\/product_cat?post=27838"},{"taxonomy":"product_tag","embeddable":true,"href":"https:\/\/tatco.vn\/vi\/wp-json\/wp\/v2\/product_tag?post=27838"}],"curies":[{"name":"wp","href":"https:\/\/api.w.org\/{rel}","templated":true}]}}