{"id":27834,"date":"2025-02-05T12:08:56","date_gmt":"2025-02-05T05:08:56","guid":{"rendered":"https:\/\/tatco.vn\/vi\/?post_type=product&#038;p=27834"},"modified":"2025-02-23T15:57:37","modified_gmt":"2025-02-23T08:57:37","slug":"dau-ranh-truot-castrol-magna-sw-68-18l","status":"publish","type":"product","link":"https:\/\/tatco.vn\/vi\/san-pham\/dau-ranh-truoc-castrol-magna-sw-68-18l\/","title":{"rendered":"D\u1ea7u R\u00e3nh Tr\u01b0\u1ee3t Castrol MAGNA SW 68 18L"},"content":{"rendered":"<p><strong>Castrol Magna\u2122 SW 68 &#8211; D\u1ea7u b\u00f4i tr\u01a1n r\u00e3nh tr\u01b0\u1ee3t cho hi\u1ec7u su\u1ea5t to\u00e0n di\u1ec7n<\/strong><\/p>\n<p style=\"text-align: justify;\"><strong>M\u00f4 t\u1ea3<\/strong>: <strong>Castrol Magna\u2122 SW 68<\/strong>\u00a0(tr\u01b0\u1edbc \u0111\u00e2y g\u1ecdi l\u00e0 Castrol Magna\u2122 GC 32, BD 68 v\u00e0 CF 220) l\u00e0 d\u00f2ng s\u1ea3n ph\u1ea9m d\u1ea7u b\u00f4i tr\u01a1n r\u00e3nh tr\u01b0\u1ee3t \u0111\u01b0\u1ee3c pha ch\u1ebf \u0111\u1eb7c bi\u1ec7t \u0111\u1ec3 cung c\u1ea5p hi\u1ec7u su\u1ea5t to\u00e0n di\u1ec7n v\u1edbi kh\u1ea3 n\u0103ng ch\u1ed1ng tr\u01b0\u1ee3t d\u00ednh v\u00e0 kh\u1ea3 n\u0103ng ch\u1ecbu t\u1ea3i t\u1ed1t. Nh\u1eefng lo\u1ea1i d\u1ea7u n\u00e0y k\u1ebft h\u1ee3p c\u00e1c \u0111\u1eb7c t\u00ednh ma s\u00e1t \u0111\u01b0\u1ee3c ki\u1ec3m so\u00e1t v\u1edbi \u0111\u1ed9 b\u1ec1n m\u00e0ng d\u1ea7u cao v\u00e0 kh\u1ea3 n\u0103ng ch\u1ecbu t\u1ea3i l\u1edbn \u0111\u1ec3 lo\u1ea1i b\u1ecf hi\u1ec7n t\u01b0\u1ee3ng &#8216;tr\u01b0\u1ee3t d\u00ednh&#8217;.<\/p>\n<p style=\"text-align: justify;\"><strong>\u1ee8ng d\u1ee5ng<\/strong>:<\/p>\n<ul style=\"text-align: justify;\">\n<li><strong>Magna SW 32<\/strong>: D\u1ea7u b\u00f4i tr\u01a1n r\u00e3nh tr\u01b0\u1ee3t nh\u1eb9, k\u1ebft h\u1ee3p v\u1edbi d\u1ea7u th\u1ee7y l\u1ef1c. Th\u00edch h\u1ee3p cho c\u00e1c r\u00e3nh tr\u01b0\u1ee3t ch\u1ecbu t\u1ea3i nh\u1eb9 nh\u01b0 tr\u00ean m\u00e1y ti\u1ec7n trung t\u00e2m nh\u1ecf v\u00e0 h\u1ec7 th\u1ed1ng th\u1ee7y l\u1ef1c k\u1ebft h\u1ee3p r\u00e3nh tr\u01b0\u1ee3t nh\u01b0 trong c\u00e1c m\u00e1y m\u00e0i h\u1ed3i chuy\u1ec3n.<\/li>\n<li><strong>Magna SW 68<\/strong>: D\u1ea7u b\u00f4i tr\u01a1n r\u00e3nh tr\u01b0\u1ee3t c\u00f3 \u0111\u1ed9 nh\u1edbt trung b\u00ecnh, ph\u00f9 h\u1ee3p v\u1edbi h\u1ea7u h\u1ebft c\u00e1c h\u1ec7 th\u1ed1ng b\u00f4i tr\u01a1n m\u00e1y c\u00f4ng c\u1ee5 y\u00eau c\u1ea7u d\u1ea7u ISO VG 68. \u0110\u1ea1t ti\u00eau chu\u1ea9n Cincinnati Milacron P47.<\/li>\n<li><strong>Magna SW 220<\/strong>: \u0110\u01b0\u1ee3c pha ch\u1ebf cho c\u00e1c \u1ee9ng d\u1ee5ng r\u00e3nh tr\u01b0\u1ee3t ch\u1ecbu t\u1ea3i n\u1eb7ng ho\u1eb7c n\u01a1i c\u00f3 r\u00e3nh tr\u01b0\u1ee3t d\u1ecdc ho\u1eb7c nghi\u00eang. \u0110\u1ea1t ti\u00eau chu\u1ea9n Cincinnati Milacron P50.<\/li>\n<\/ul>\n<p style=\"text-align: justify;\"><strong>L\u1ee3i \u0111i\u1ec3m<\/strong>:<\/p>\n<ul>\n<li style=\"text-align: justify;\"><strong>\u0110\u1ed9 b\u00f4i tr\u01a1n t\u1ed1t<\/strong>: Ng\u0103n ch\u1eb7n hi\u1ec7n t\u01b0\u1ee3ng tr\u01b0\u1ee3t d\u00ednh c\u1ee7a r\u00e3nh tr\u01b0\u1ee3t.<\/li>\n<li style=\"text-align: justify;\"><strong>Kh\u1ea3 n\u0103ng ch\u1ecbu t\u1ea3i cao<\/strong>: Ng\u0103n ng\u1eeba m\u00e0i m\u00f2n c\u1ee7a c\u00e1c r\u00e3nh tr\u01b0\u1ee3t ch\u1ecbu t\u1ea3i n\u1eb7ng.<\/li>\n<li style=\"text-align: justify;\"><strong>Kh\u1ea3 n\u0103ng t\u00e1ch n\u01b0\u1edbc v\u00e0 t\u01b0\u01a1ng th\u00edch v\u1edbi dung d\u1ecbch gia c\u00f4ng kim lo\u1ea1i<\/strong>: C\u00f3 th\u1ec3 s\u1eed d\u1ee5ng trong m\u00f4i tr\u01b0\u1eddng c\u00f3 n\u01b0\u1edbc ho\u1eb7c dung d\u1ecbch gia c\u00f4ng kim lo\u1ea1i d\u1ea1ng n\u01b0\u1edbc.<\/li>\n<\/ul>\n<p><strong>C\u00e1c \u0111\u1eb7c tr\u01b0ng ti\u00eau bi\u1ec3u<\/strong>:<\/p>\n<div>\n<div>\n<div class=\"table-responsive\">\n<table class=\"table table-striped\">\n<thead>\n<tr>\n<th>Thu\u1ed9c t\u00ednh<\/th>\n<th>Ph\u01b0\u01a1ng ph\u00e1p<\/th>\n<th>\u0110\u01a1n v\u1ecb<\/th>\n<th>SW 32<\/th>\n<th>SW 68<\/th>\n<th>SW 220<\/th>\n<\/tr>\n<\/thead>\n<tbody>\n<tr>\n<td>D\u1ea1ng ngo\u00e0i<\/td>\n<td>Quan s\u00e1t<\/td>\n<td><\/td>\n<td>D\u1ea7u m\u00e0u h\u1ed5 ph\u00e1ch trong<\/td>\n<td>D\u1ea7u m\u00e0u h\u1ed5 ph\u00e1ch trong<\/td>\n<td>D\u1ea7u m\u00e0u h\u1ed5 ph\u00e1ch trong<\/td>\n<\/tr>\n<tr>\n<td>\u0110\u1ed9 nh\u1edbt ISO<\/td>\n<td>ISO 3448<\/td>\n<td><\/td>\n<td>32<\/td>\n<td>68<\/td>\n<td>220<\/td>\n<\/tr>\n<tr>\n<td>Kh\u1ed1i l\u01b0\u1ee3ng ri\u00eang @ 20\u00b0C<\/td>\n<td>ASTM D4052 \/ ISO 12185<\/td>\n<td>g\/ml<\/td>\n<td>0.88<\/td>\n<td>0.88<\/td>\n<td>0.89<\/td>\n<\/tr>\n<tr>\n<td>\u0110\u1ed9 nh\u1edbt \u0111\u1ed9ng h\u1ecdc @ 100\u00b0C<\/td>\n<td>ASTM D445 \/ ISO 3104<\/td>\n<td>mm\u00b2\/s<\/td>\n<td>5.3<\/td>\n<td>9.2<\/td>\n<td>19.5<\/td>\n<\/tr>\n<tr>\n<td>\u0110\u1ed9 nh\u1edbt \u0111\u1ed9ng h\u1ecdc @ 40\u00b0C<\/td>\n<td>ASTM D445 \/ ISO 3104<\/td>\n<td>mm\u00b2\/s<\/td>\n<td>32<\/td>\n<td>68<\/td>\n<td>220<\/td>\n<\/tr>\n<tr>\n<td>Ch\u1ec9 s\u1ed1 \u0111\u1ed9 nh\u1edbt<\/td>\n<td>ASTM D2270<\/td>\n<td><\/td>\n<td>96<\/td>\n<td>110<\/td>\n<td>100<\/td>\n<\/tr>\n<tr>\n<td>\u0110i\u1ec3m r\u00f3t ch\u1ea3y<\/td>\n<td>ASTM D97 \/ ISO 3016<\/td>\n<td>\u00b0C \/ \u00b0F<\/td>\n<td>-12\/10<\/td>\n<td>-11 \/ 12<\/td>\n<td>-10 \/ 14<\/td>\n<\/tr>\n<tr>\n<td>\u0110i\u1ec3m ch\u1edbp ch\u00e1y (ph\u01b0\u01a1ng ph\u00e1p c\u1ed1c h\u1edf)<\/td>\n<td>ASTM D92 \/ ISO 2592<\/td>\n<td>\u00b0C \/ \u00b0F<\/td>\n<td>216\/421<\/td>\n<td>218 \/ 424<\/td>\n<td>254 \/ 489<\/td>\n<\/tr>\n<tr>\n<td>Th\u1eed nghi\u1ec7m g\u1ec9 &#8211; N\u01b0\u1edbc c\u1ea5t (24 gi\u1edd)<\/td>\n<td>ASTM D665A \/ ISO 7210<\/td>\n<td>\u0110\u00e1nh gi\u00e1<\/td>\n<td>\u0110\u1ea1t<\/td>\n<td>\u0110\u1ea1t<\/td>\n<td>\u0110\u1ea1t<\/td>\n<\/tr>\n<tr>\n<td>Th\u1eed nghi\u1ec7m g\u1ec9 &#8211; N\u01b0\u1edbc bi\u1ec3n nh\u00e2n t\u1ea1o (24 gi\u1edd)<\/td>\n<td>ASTM D665B \/ ISO 7210<\/td>\n<td>\u0110\u00e1nh gi\u00e1<\/td>\n<td>\u0110\u1ea1t<\/td>\n<td>\u0110\u1ea1t<\/td>\n<td>\u0110\u1ea1t<\/td>\n<\/tr>\n<tr>\n<td>\u0102n m\u00f2n \u0111\u1ed3ng (3 gi\u1edd @ 100\u00b0C)<\/td>\n<td>ASTM D130 \/ ISO 2160<\/td>\n<td>\u0110\u00e1nh gi\u00e1<\/td>\n<td>1b<\/td>\n<td>1b<\/td>\n<td>1b<\/td>\n<\/tr>\n<tr>\n<td>Th\u1eed nghi\u1ec7m m\u00e0i m\u00f2n 4 bi (400N, 75\u00b0C, 1200 v\u00f2ng\/ph\u00fat, 1 gi\u1edd), \u0110\u01b0\u1eddng k\u00ednh v\u1ebft s\u1eb9o<\/td>\n<td>ASTM D2266<\/td>\n<td>mm<\/td>\n<td>&#8211;<\/td>\n<td>0.35<\/td>\n<td>&#8211;<\/td>\n<\/tr>\n<tr>\n<td>T\u1ef7 l\u1ec7 tr\u01b0\u1ee3t d\u00ednh<\/td>\n<td>Cincinnati Machine<\/td>\n<td><\/td>\n<td>&lt; 0.8<\/td>\n<td>&#8211;<\/td>\n<td>&#8211;<\/td>\n<\/tr>\n<tr>\n<td>Ti\u00eau chu\u1ea9n Cincinnati Machine<\/td>\n<td><\/td>\n<td><\/td>\n<td>P-47<\/td>\n<td>&#8211;<\/td>\n<td>P-50<\/td>\n<\/tr>\n<\/tbody>\n<\/table>\n<\/div>\n<\/div>\n<\/div>\n<p><\/p>","protected":false},"excerpt":{"rendered":"<p><strong>Castrol Magna\u2122 SW 68<\/strong>\u00a0(tr\u01b0\u1edbc \u0111\u00e2y g\u1ecdi l\u00e0 Castrol Magna\u2122 GC 32, BD 68 v\u00e0 CF 220) l\u00e0 d\u00f2ng s\u1ea3n ph\u1ea9m d\u1ea7u b\u00f4i tr\u01a1n r\u00e3nh tr\u01b0\u1ee3t \u0111\u01b0\u1ee3c pha ch\u1ebf \u0111\u1eb7c bi\u1ec7t \u0111\u1ec3 cung c\u1ea5p hi\u1ec7u su\u1ea5t to\u00e0n di\u1ec7n v\u1edbi kh\u1ea3 n\u0103ng ch\u1ed1ng tr\u01b0\u1ee3t d\u00ednh v\u00e0 kh\u1ea3 n\u0103ng ch\u1ecbu t\u1ea3i t\u1ed1t. Nh\u1eefng lo\u1ea1i d\u1ea7u n\u00e0y k\u1ebft h\u1ee3p c\u00e1c \u0111\u1eb7c t\u00ednh ma s\u00e1t \u0111\u01b0\u1ee3c ki\u1ec3m so\u00e1t v\u1edbi \u0111\u1ed9 b\u1ec1n m\u00e0ng d\u1ea7u cao v\u00e0 kh\u1ea3 n\u0103ng ch\u1ecbu t\u1ea3i l\u1edbn \u0111\u1ec3 lo\u1ea1i b\u1ecf hi\u1ec7n t\u01b0\u1ee3ng &#8216;tr\u01b0\u1ee3t d\u00ednh&#8217;.<\/p>\n","protected":false},"featured_media":27593,"comment_status":"closed","ping_status":"closed","template":"","meta":[],"product_cat":[776,760,783],"product_tag":[952,956,954,958,953,961,1407,959,955,1406,960,957],"class_list":{"0":"post-27834","1":"product","2":"type-product","3":"status-publish","4":"has-post-thumbnail","6":"product_brand-castrol","7":"product_cat-dau-cong-nghiep-castrol","8":"product_cat-dau-nhot-castrol","9":"product_cat-dau-ranh-truot-castrol","10":"product_tag-castrol-magna-sw","11":"product_tag-dau-boi-tron-chiu-tai","12":"product_tag-dau-boi-tron-hieu-suat-cao","13":"product_tag-dau-boi-tron-may-cong-cu","14":"product_tag-dau-boi-tron-ranh-truot","15":"product_tag-dau-boi-tron-ranh-truot-chiu-tai-nang","16":"product_tag-dau-duong-truot","17":"product_tag-dau-dat-tieu-chuan-cincinnati-milacron","18":"product_tag-dau-ngan-chan-truot-dinh","19":"product_tag-dau-ranh-truot","20":"product_tag-dau-ranh-truot-iso-vg-68","21":"product_tag-dau-thuy-luc-va-ranh-truot","23":"first","24":"instock","25":"shipping-taxable","26":"product-type-simple"},"yoast_head":"<!-- This site is optimized with the Yoast SEO plugin v27.2 - https:\/\/yoast.com\/product\/yoast-seo-wordpress\/ -->\n<title>D\u1ea7u R\u00e3nh Tr\u01b0\u1ee3t Castrol MAGNA SW 68 18L - C\u00f4ng Ty TNHH D\u1ea7u Nh\u1eddn T&amp;T Vi\u1ec7t Nam<\/title>\n<meta name=\"robots\" content=\"index, follow, max-snippet:-1, max-image-preview:large, max-video-preview:-1\" \/>\n<link rel=\"canonical\" href=\"https:\/\/tatco.vn\/vi\/san-pham\/dau-ranh-truot-castrol-magna-sw-68-18l\/\" \/>\n<meta property=\"og:locale\" content=\"vi_VN\" \/>\n<meta property=\"og:type\" content=\"article\" \/>\n<meta property=\"og:title\" content=\"D\u1ea7u R\u00e3nh Tr\u01b0\u1ee3t Castrol MAGNA SW 68 18L - C\u00f4ng Ty TNHH D\u1ea7u Nh\u1eddn T&amp;T Vi\u1ec7t Nam\" \/>\n<meta property=\"og:url\" content=\"https:\/\/tatco.vn\/vi\/san-pham\/dau-ranh-truot-castrol-magna-sw-68-18l\/\" \/>\n<meta property=\"og:site_name\" content=\"C\u00f4ng Ty TNHH D\u1ea7u Nh\u1eddn T&amp;T Vi\u1ec7t Nam\" \/>\n<meta property=\"article:modified_time\" content=\"2025-02-23T08:57:37+00:00\" \/>\n<meta property=\"og:image\" content=\"https:\/\/tatco.vn\/wp-content\/uploads\/2022\/12\/Castrol-v5.png\" \/>\n\t<meta property=\"og:image:width\" content=\"750\" \/>\n\t<meta property=\"og:image:height\" content=\"1000\" \/>\n\t<meta property=\"og:image:type\" content=\"image\/png\" \/>\n<meta name=\"twitter:card\" content=\"summary_large_image\" \/>\n<meta name=\"twitter:label1\" content=\"\u01af\u1edbc t\u00ednh th\u1eddi gian \u0111\u1ecdc\" \/>\n\t<meta name=\"twitter:data1\" content=\"3 ph\u00fat\" \/>\n<script type=\"application\/ld+json\" class=\"yoast-schema-graph\">{\"@context\":\"https:\/\/schema.org\",\"@graph\":[{\"@type\":\"WebPage\",\"@id\":\"https:\/\/tatco.vn\/vi\/san-pham\/dau-ranh-truot-castrol-magna-sw-68-18l\/\",\"url\":\"https:\/\/tatco.vn\/vi\/san-pham\/dau-ranh-truot-castrol-magna-sw-68-18l\/\",\"name\":\"D\u1ea7u R\u00e3nh Tr\u01b0\u1ee3t Castrol MAGNA SW 68 18L - C\u00f4ng Ty TNHH D\u1ea7u Nh\u1eddn T&amp;T Vi\u1ec7t Nam\",\"isPartOf\":{\"@id\":\"https:\/\/tatco.vn\/en\/#website\"},\"primaryImageOfPage\":{\"@id\":\"https:\/\/tatco.vn\/vi\/san-pham\/dau-ranh-truot-castrol-magna-sw-68-18l\/#primaryimage\"},\"image\":{\"@id\":\"https:\/\/tatco.vn\/vi\/san-pham\/dau-ranh-truot-castrol-magna-sw-68-18l\/#primaryimage\"},\"thumbnailUrl\":\"https:\/\/tatco.vn\/wp-content\/uploads\/2022\/12\/Castrol-v5.png\",\"datePublished\":\"2025-02-05T05:08:56+00:00\",\"dateModified\":\"2025-02-23T08:57:37+00:00\",\"breadcrumb\":{\"@id\":\"https:\/\/tatco.vn\/vi\/san-pham\/dau-ranh-truot-castrol-magna-sw-68-18l\/#breadcrumb\"},\"inLanguage\":\"vi\",\"potentialAction\":[{\"@type\":\"ReadAction\",\"target\":[\"https:\/\/tatco.vn\/vi\/san-pham\/dau-ranh-truot-castrol-magna-sw-68-18l\/\"]}]},{\"@type\":\"ImageObject\",\"inLanguage\":\"vi\",\"@id\":\"https:\/\/tatco.vn\/vi\/san-pham\/dau-ranh-truot-castrol-magna-sw-68-18l\/#primaryimage\",\"url\":\"https:\/\/tatco.vn\/wp-content\/uploads\/2022\/12\/Castrol-v5.png\",\"contentUrl\":\"https:\/\/tatco.vn\/wp-content\/uploads\/2022\/12\/Castrol-v5.png\",\"width\":750,\"height\":1000,\"caption\":\"Castrol Perfecto HT 5\"},{\"@type\":\"BreadcrumbList\",\"@id\":\"https:\/\/tatco.vn\/vi\/san-pham\/dau-ranh-truot-castrol-magna-sw-68-18l\/#breadcrumb\",\"itemListElement\":[{\"@type\":\"ListItem\",\"position\":1,\"name\":\"Home\",\"item\":\"https:\/\/tatco.vn\/\"},{\"@type\":\"ListItem\",\"position\":2,\"name\":\"C\u1eeda h\u00e0ng\",\"item\":\"https:\/\/tatco.vn\/en\/mua\/\"},{\"@type\":\"ListItem\",\"position\":3,\"name\":\"D\u1ea7u R\u00e3nh Tr\u01b0\u1ee3t Castrol MAGNA SW 68 18L\"}]},{\"@type\":\"WebSite\",\"@id\":\"https:\/\/tatco.vn\/en\/#website\",\"url\":\"https:\/\/tatco.vn\/en\/\",\"name\":\"C\u00f4ng Ty TNHH D\u1ea7u Nh\u1eddn T&amp;T Vi\u1ec7t Nam\",\"description\":\"Right Point - Right Time - Best Solution\",\"publisher\":{\"@id\":\"https:\/\/tatco.vn\/en\/#organization\"},\"potentialAction\":[{\"@type\":\"SearchAction\",\"target\":{\"@type\":\"EntryPoint\",\"urlTemplate\":\"https:\/\/tatco.vn\/en\/?s={search_term_string}\"},\"query-input\":{\"@type\":\"PropertyValueSpecification\",\"valueRequired\":true,\"valueName\":\"search_term_string\"}}],\"inLanguage\":\"vi\"},{\"@type\":\"Organization\",\"@id\":\"https:\/\/tatco.vn\/en\/#organization\",\"name\":\"C\u00f4ng Ty TNHH D\u1ea7u Nh\u1eddn T&T Vi\u1ec7t Nam\",\"url\":\"https:\/\/tatco.vn\/en\/\",\"logo\":{\"@type\":\"ImageObject\",\"inLanguage\":\"vi\",\"@id\":\"https:\/\/tatco.vn\/en\/#\/schema\/logo\/image\/\",\"url\":\"https:\/\/tatco.vn\/wp-content\/uploads\/2019\/05\/fav-ico.png\",\"contentUrl\":\"https:\/\/tatco.vn\/wp-content\/uploads\/2019\/05\/fav-ico.png\",\"width\":200,\"height\":200,\"caption\":\"C\u00f4ng Ty TNHH D\u1ea7u Nh\u1eddn T&T Vi\u1ec7t Nam\"},\"image\":{\"@id\":\"https:\/\/tatco.vn\/en\/#\/schema\/logo\/image\/\"}}]}<\/script>\n<!-- \/ Yoast SEO plugin. -->","yoast_head_json":{"title":"D\u1ea7u R\u00e3nh Tr\u01b0\u1ee3t Castrol MAGNA SW 68 18L - C\u00f4ng Ty TNHH D\u1ea7u Nh\u1eddn T&amp;T Vi\u1ec7t Nam","robots":{"index":"index","follow":"follow","max-snippet":"max-snippet:-1","max-image-preview":"max-image-preview:large","max-video-preview":"max-video-preview:-1"},"canonical":"https:\/\/tatco.vn\/vi\/san-pham\/dau-ranh-truot-castrol-magna-sw-68-18l\/","og_locale":"vi_VN","og_type":"article","og_title":"D\u1ea7u R\u00e3nh Tr\u01b0\u1ee3t Castrol MAGNA SW 68 18L - C\u00f4ng Ty TNHH D\u1ea7u Nh\u1eddn T&amp;T Vi\u1ec7t Nam","og_url":"https:\/\/tatco.vn\/vi\/san-pham\/dau-ranh-truot-castrol-magna-sw-68-18l\/","og_site_name":"C\u00f4ng Ty TNHH D\u1ea7u Nh\u1eddn T&amp;T Vi\u1ec7t Nam","article_modified_time":"2025-02-23T08:57:37+00:00","og_image":[{"width":750,"height":1000,"url":"https:\/\/tatco.vn\/wp-content\/uploads\/2022\/12\/Castrol-v5.png","type":"image\/png"}],"twitter_card":"summary_large_image","twitter_misc":{"\u01af\u1edbc t\u00ednh th\u1eddi gian \u0111\u1ecdc":"3 ph\u00fat"},"schema":{"@context":"https:\/\/schema.org","@graph":[{"@type":"WebPage","@id":"https:\/\/tatco.vn\/vi\/san-pham\/dau-ranh-truot-castrol-magna-sw-68-18l\/","url":"https:\/\/tatco.vn\/vi\/san-pham\/dau-ranh-truot-castrol-magna-sw-68-18l\/","name":"D\u1ea7u R\u00e3nh Tr\u01b0\u1ee3t Castrol MAGNA SW 68 18L - C\u00f4ng Ty TNHH D\u1ea7u Nh\u1eddn T&amp;T Vi\u1ec7t Nam","isPartOf":{"@id":"https:\/\/tatco.vn\/en\/#website"},"primaryImageOfPage":{"@id":"https:\/\/tatco.vn\/vi\/san-pham\/dau-ranh-truot-castrol-magna-sw-68-18l\/#primaryimage"},"image":{"@id":"https:\/\/tatco.vn\/vi\/san-pham\/dau-ranh-truot-castrol-magna-sw-68-18l\/#primaryimage"},"thumbnailUrl":"https:\/\/tatco.vn\/wp-content\/uploads\/2022\/12\/Castrol-v5.png","datePublished":"2025-02-05T05:08:56+00:00","dateModified":"2025-02-23T08:57:37+00:00","breadcrumb":{"@id":"https:\/\/tatco.vn\/vi\/san-pham\/dau-ranh-truot-castrol-magna-sw-68-18l\/#breadcrumb"},"inLanguage":"vi","potentialAction":[{"@type":"ReadAction","target":["https:\/\/tatco.vn\/vi\/san-pham\/dau-ranh-truot-castrol-magna-sw-68-18l\/"]}]},{"@type":"ImageObject","inLanguage":"vi","@id":"https:\/\/tatco.vn\/vi\/san-pham\/dau-ranh-truot-castrol-magna-sw-68-18l\/#primaryimage","url":"https:\/\/tatco.vn\/wp-content\/uploads\/2022\/12\/Castrol-v5.png","contentUrl":"https:\/\/tatco.vn\/wp-content\/uploads\/2022\/12\/Castrol-v5.png","width":750,"height":1000,"caption":"Castrol Perfecto HT 5"},{"@type":"BreadcrumbList","@id":"https:\/\/tatco.vn\/vi\/san-pham\/dau-ranh-truot-castrol-magna-sw-68-18l\/#breadcrumb","itemListElement":[{"@type":"ListItem","position":1,"name":"Home","item":"https:\/\/tatco.vn\/"},{"@type":"ListItem","position":2,"name":"C\u1eeda h\u00e0ng","item":"https:\/\/tatco.vn\/en\/mua\/"},{"@type":"ListItem","position":3,"name":"D\u1ea7u R\u00e3nh Tr\u01b0\u1ee3t Castrol MAGNA SW 68 18L"}]},{"@type":"WebSite","@id":"https:\/\/tatco.vn\/en\/#website","url":"https:\/\/tatco.vn\/en\/","name":"C\u00f4ng Ty TNHH D\u1ea7u Nh\u1eddn T&amp;T Vi\u1ec7t Nam","description":"Right Point - Right Time - Best Solution","publisher":{"@id":"https:\/\/tatco.vn\/en\/#organization"},"potentialAction":[{"@type":"SearchAction","target":{"@type":"EntryPoint","urlTemplate":"https:\/\/tatco.vn\/en\/?s={search_term_string}"},"query-input":{"@type":"PropertyValueSpecification","valueRequired":true,"valueName":"search_term_string"}}],"inLanguage":"vi"},{"@type":"Organization","@id":"https:\/\/tatco.vn\/en\/#organization","name":"C\u00f4ng Ty TNHH D\u1ea7u Nh\u1eddn T&T Vi\u1ec7t Nam","url":"https:\/\/tatco.vn\/en\/","logo":{"@type":"ImageObject","inLanguage":"vi","@id":"https:\/\/tatco.vn\/en\/#\/schema\/logo\/image\/","url":"https:\/\/tatco.vn\/wp-content\/uploads\/2019\/05\/fav-ico.png","contentUrl":"https:\/\/tatco.vn\/wp-content\/uploads\/2019\/05\/fav-ico.png","width":200,"height":200,"caption":"C\u00f4ng Ty TNHH D\u1ea7u Nh\u1eddn T&T Vi\u1ec7t Nam"},"image":{"@id":"https:\/\/tatco.vn\/en\/#\/schema\/logo\/image\/"}}]}},"_links":{"self":[{"href":"https:\/\/tatco.vn\/vi\/wp-json\/wp\/v2\/product\/27834","targetHints":{"allow":["GET"]}}],"collection":[{"href":"https:\/\/tatco.vn\/vi\/wp-json\/wp\/v2\/product"}],"about":[{"href":"https:\/\/tatco.vn\/vi\/wp-json\/wp\/v2\/types\/product"}],"replies":[{"embeddable":true,"href":"https:\/\/tatco.vn\/vi\/wp-json\/wp\/v2\/comments?post=27834"}],"version-history":[{"count":2,"href":"https:\/\/tatco.vn\/vi\/wp-json\/wp\/v2\/product\/27834\/revisions"}],"predecessor-version":[{"id":28321,"href":"https:\/\/tatco.vn\/vi\/wp-json\/wp\/v2\/product\/27834\/revisions\/28321"}],"wp:featuredmedia":[{"embeddable":true,"href":"https:\/\/tatco.vn\/vi\/wp-json\/wp\/v2\/media\/27593"}],"wp:attachment":[{"href":"https:\/\/tatco.vn\/vi\/wp-json\/wp\/v2\/media?parent=27834"}],"wp:term":[{"taxonomy":"product_cat","embeddable":true,"href":"https:\/\/tatco.vn\/vi\/wp-json\/wp\/v2\/product_cat?post=27834"},{"taxonomy":"product_tag","embeddable":true,"href":"https:\/\/tatco.vn\/vi\/wp-json\/wp\/v2\/product_tag?post=27834"}],"curies":[{"name":"wp","href":"https:\/\/api.w.org\/{rel}","templated":true}]}}