{"id":27832,"date":"2025-02-05T12:01:05","date_gmt":"2025-02-05T05:01:05","guid":{"rendered":"https:\/\/tatco.vn\/vi\/?post_type=product&#038;p=27832"},"modified":"2025-02-08T11:53:37","modified_gmt":"2025-02-08T04:53:37","slug":"dau-ranh-truoc-castrol-magna-rd-100","status":"publish","type":"product","link":"https:\/\/tatco.vn\/vi\/san-pham\/dau-ranh-truoc-castrol-magna-rd-100\/","title":{"rendered":"D\u1ea7u R\u00e3nh Tr\u01b0\u1ee3c Castrol  MAGNA RD 100"},"content":{"rendered":"<p><strong>Castrol Magna\u2122 RD Range 100 &#8211; D\u1ea7u khoan \u0111\u00e1 ch\u1ea5t l\u01b0\u1ee3ng cao<\/strong><\/p>\n<p style=\"text-align: justify\"><strong>M\u00f4 t\u1ea3<\/strong>: D\u1ea7u khoan \u0111\u00e1 <strong>Castrol Magna\u2122 RD Range 100<\/strong>\u00a0(tr\u01b0\u1edbc \u0111\u00e2y g\u1ecdi l\u00e0 Rock Drill\u2122 Oils) \u0111\u01b0\u1ee3c c\u1ea5u th\u00e0nh t\u1eeb c\u00e1c d\u1ea7u kho\u00e1ng ch\u1ecdn l\u1ecdc \u0111\u1eb7c bi\u1ec7t v\u1edbi c\u00e1c ch\u1ea5t t\u0103ng c\u01b0\u1eddng b\u00f4i tr\u01a1n, ch\u1ea5t \u1ee9c ch\u1ebf \u0103n m\u00f2n v\u00e0 ph\u1ee5 gia \u0111\u1ed9 b\u00e1m d\u00ednh. C\u00e1c lo\u1ea1i d\u1ea7u n\u00e0y cung c\u1ea5p s\u1ef1 b\u00f4i tr\u01a1n v\u00e0 b\u1ea3o v\u1ec7 tuy\u1ec7t v\u1eddi cho nhi\u1ec1u \u1ee9ng d\u1ee5ng c\u00f4ng nghi\u1ec7p.<\/p>\n<p style=\"text-align: justify\"><strong>\u1ee8ng d\u1ee5ng<\/strong>: D\u1ea7u Magna RD l\u00fd t\u01b0\u1edfng \u0111\u1ec3 s\u1eed d\u1ee5ng trong c\u00e1c ho\u1ea1t \u0111\u1ed9ng khai th\u00e1c m\u1ecf, khai th\u00e1c \u0111\u00e1, x\u00e2y d\u1ef1ng, l\u00e0m \u0111\u01b0\u1eddng, \u0111\u00e0o h\u1ea7m v\u00e0 \u0111\u00e0o b\u1edbi. Ch\u00fang \u0111\u01b0\u1ee3c khuy\u1ebfn ngh\u1ecb s\u1eed d\u1ee5ng b\u1edfi c\u00e1c c\u00f4ng ty n\u1ed5i ti\u1ebfng nh\u01b0 Gardner-Denver, Atlas Copco v\u00e0 SIG. \u0110\u1ec3 \u0111\u1ea3m b\u1ea3o hi\u1ec7u su\u1ea5t t\u1ed1i \u01b0u, c\u1ea7n ch\u1ecdn \u0111\u00fang lo\u1ea1i d\u1ea7u d\u1ef1a tr\u00ean thi\u1ebft b\u1ecb c\u1ee5 th\u1ec3 v\u00e0 \u0111i\u1ec1u ki\u1ec7n ho\u1ea1t \u0111\u1ed9ng t\u1ea1i \u0111\u1ecba ph\u01b0\u01a1ng. H\u1ea7u h\u1ebft c\u00e1c nh\u00e0 s\u1ea3n xu\u1ea5t bao g\u1ed3m b\u1ea3ng ch\u1ecdn trong s\u1ed5 tay \u0111\u1ec3 gi\u00fap ch\u1ecdn \u0111\u00fang lo\u1ea1i d\u1ea7u.<\/p>\n<p style=\"text-align: justify\"><strong>L\u1ee3i \u0111i\u1ec3m<\/strong>:<\/p>\n<ul style=\"text-align: justify\">\n<li>\u0110\u1ed9 b\u1ec1n m\u00e0ng d\u1ea7u cao, b\u1ea3o v\u1ec7 v\u01b0\u1ee3t tr\u1ed9i.<\/li>\n<li>Gi\u1ea3m ma s\u00e1t \u0111\u1ec3 t\u0103ng c\u01b0\u1eddng hi\u1ec7u su\u1ea5t.<\/li>\n<li>Cung c\u1ea5p m\u1ed9t l\u1edbp k\u00edn ph\u00f9 h\u1ee3p gi\u1eefa piston v\u00e0 xi lanh.<\/li>\n<li>Gi\u1ea3m m\u00e0i m\u00f2n, duy tr\u00ec hi\u1ec7u su\u1ea5t \u0111\u1eadp t\u1ed1t nh\u1ea5t.<\/li>\n<li>B\u00e1m d\u00ednh v\u00e0o b\u1ec1 m\u1eb7t kim lo\u1ea1i v\u00e0 ch\u1ed1ng bong tr\u00f3c.<\/li>\n<li>B\u1ea3o v\u1ec7 ch\u1ed1ng m\u00e0i m\u00f2n do b\u00f4i tr\u01a1n k\u00e9m.<\/li>\n<li>Gi\u00fap duy tr\u00ec t\u1ed1c \u0111\u1ed9 ho\u1ea1t \u0111\u1ed9ng trong c\u00e1c \u0111i\u1ec1u ki\u1ec7n kh\u00e1c nhau.<\/li>\n<li>Ph\u00f9 h\u1ee3p cho ho\u1ea1t \u0111\u1ed9ng trong nhi\u1ec7t \u0111\u1ed9 cao v\u00e0 th\u1ea5p.<\/li>\n<\/ul>\n<p style=\"text-align: justify\"><strong>C\u00e1c \u0111\u1eb7c tr\u01b0ng ti\u00eau bi\u1ec3u<\/strong>:<\/p>\n<div>\n<div>\n<div class=\"table-responsive\">\n<table class=\"table table-striped\">\n<thead>\n<tr>\n<th>Thu\u1ed9c t\u00ednh<\/th>\n<th>Ph\u01b0\u01a1ng ph\u00e1p<\/th>\n<th>\u0110\u01a1n v\u1ecb<\/th>\n<th>RD 46<\/th>\n<th>RD 100<\/th>\n<th>RD 150<\/th>\n<th>RD 220<\/th>\n<th>RD 320<\/th>\n<th>RD 460<\/th>\n<\/tr>\n<\/thead>\n<tbody>\n<tr>\n<td>\u0110\u1ed9 nh\u1edbt ISO<\/td>\n<td><\/td>\n<td><\/td>\n<td>46<\/td>\n<td>100<\/td>\n<td>150<\/td>\n<td>220<\/td>\n<td>320<\/td>\n<td>460<\/td>\n<\/tr>\n<tr>\n<td>Kh\u1ed1i l\u01b0\u1ee3ng ri\u00eang @ 15\u00b0C<\/td>\n<td>ASTM D4052 \/ ISO 12185<\/td>\n<td>g\/cm\u00b3<\/td>\n<td>0.88<\/td>\n<td>0.89<\/td>\n<td>0.89<\/td>\n<td>0.89<\/td>\n<td>0.89<\/td>\n<td>0.89<\/td>\n<\/tr>\n<tr>\n<td>\u0110\u1ed9 nh\u1edbt \u0111\u1ed9ng h\u1ecdc @ 40\u00b0C<\/td>\n<td>ASTM D445 \/ ISO 3104<\/td>\n<td>mm\u00b2\/s<\/td>\n<td>46<\/td>\n<td>100<\/td>\n<td>150<\/td>\n<td>220<\/td>\n<td>320<\/td>\n<td>460<\/td>\n<\/tr>\n<tr>\n<td>\u0110\u1ed9 nh\u1edbt \u0111\u1ed9ng h\u1ecdc @ 100\u00b0C<\/td>\n<td>ASTM D445 \/ ISO 3104<\/td>\n<td>mm\u00b2\/s<\/td>\n<td>6.8<\/td>\n<td>11.2<\/td>\n<td>14.7<\/td>\n<td>18.7<\/td>\n<td>24.2<\/td>\n<td>30.5<\/td>\n<\/tr>\n<tr>\n<td>\u0110i\u1ec3m r\u00f3t ch\u1ea3y<\/td>\n<td>ASTM D97 \/ ISO 3016<\/td>\n<td>\u00b0C\/\u00b0F<\/td>\n<td>-21 \/ -6<\/td>\n<td>-18 \/ 0<\/td>\n<td>-15 \/ 5<\/td>\n<td>-15 \/ 5<\/td>\n<td>-12 \/ 10<\/td>\n<td>-9 \/ 16<\/td>\n<\/tr>\n<tr>\n<td>\u0110i\u1ec3m ch\u1edbp ch\u00e1y (ph\u01b0\u01a1ng ph\u00e1p c\u1ed1c h\u1edf)<\/td>\n<td>ASTM D92 \/ ISO 2592<\/td>\n<td>\u00b0C\/\u00b0F<\/td>\n<td>220 \/ 428<\/td>\n<td>230 \/ 446<\/td>\n<td>240 \/ 464<\/td>\n<td>240 \/ 464<\/td>\n<td>260 \/ 500<\/td>\n<td>255 \/ 491<\/td>\n<\/tr>\n<\/tbody>\n<\/table>\n<\/div>\n<div><\/div>\n<div>S\u1ea3n ph\u1ea9m n\u00e0y tr\u01b0\u1edbc \u0111\u00e2y \u0111\u01b0\u1ee3c g\u1ecdi l\u00e0 Rock Drill. T\u00ean \u0111\u00e3 \u0111\u01b0\u1ee3c thay \u0111\u1ed5i v\u00e0o n\u0103m 2015.<\/div>\n<\/div>\n<\/div>\n<p><\/p>","protected":false},"excerpt":{"rendered":"<p>D\u1ea7u khoan \u0111\u00e1 <strong>Castrol Magna\u2122 RD Range 100<\/strong>\u00a0(tr\u01b0\u1edbc \u0111\u00e2y g\u1ecdi l\u00e0 Rock Drill\u2122 Oils) \u0111\u01b0\u1ee3c c\u1ea5u th\u00e0nh t\u1eeb c\u00e1c d\u1ea7u kho\u00e1ng ch\u1ecdn l\u1ecdc \u0111\u1eb7c bi\u1ec7t v\u1edbi c\u00e1c ch\u1ea5t t\u0103ng c\u01b0\u1eddng b\u00f4i tr\u01a1n, ch\u1ea5t \u1ee9c ch\u1ebf \u0103n m\u00f2n v\u00e0 ph\u1ee5 gia \u0111\u1ed9 b\u00e1m d\u00ednh. C\u00e1c lo\u1ea1i d\u1ea7u n\u00e0y cung c\u1ea5p s\u1ef1 b\u00f4i tr\u01a1n v\u00e0 b\u1ea3o v\u1ec7 tuy\u1ec7t v\u1eddi cho nhi\u1ec1u \u1ee9ng d\u1ee5ng c\u00f4ng nghi\u1ec7p.<\/p>\n","protected":false},"featured_media":27593,"comment_status":"closed","ping_status":"closed","template":"","meta":[],"product_cat":[776,760,783],"product_tag":[942,944,951,948,947,945,950,943,949,946],"class_list":{"0":"post-27832","1":"product","2":"type-product","3":"status-publish","4":"has-post-thumbnail","6":"product_brand-castrol","7":"product_cat-dau-cong-nghiep-castrol","8":"product_cat-dau-nhot-castrol","9":"product_cat-dau-ranh-truot-castrol","10":"product_tag-castrol-magna-rd","11":"product_tag-dau-boi-tron-khoan-chat-luong-cao","12":"product_tag-dau-boi-tron-sig","13":"product_tag-dau-dao-boi","14":"product_tag-dau-dao-ham","15":"product_tag-dau-khai-thac-mo","16":"product_tag-dau-khoan-atlas-copco","17":"product_tag-dau-khoan-da","18":"product_tag-dau-tuong-thich-gardner-denver","19":"product_tag-dau-xay-dung","21":"first","22":"instock","23":"shipping-taxable","24":"product-type-simple"},"yoast_head":"<!-- This site is optimized with the Yoast SEO plugin v27.2 - https:\/\/yoast.com\/product\/yoast-seo-wordpress\/ -->\n<title>D\u1ea7u R\u00e3nh Tr\u01b0\u1ee3c Castrol MAGNA RD 100 - C\u00f4ng Ty TNHH D\u1ea7u Nh\u1eddn T&amp;T Vi\u1ec7t Nam<\/title>\n<meta name=\"robots\" content=\"index, follow, max-snippet:-1, max-image-preview:large, max-video-preview:-1\" \/>\n<link rel=\"canonical\" href=\"https:\/\/tatco.vn\/vi\/san-pham\/dau-ranh-truoc-castrol-magna-rd-100\/\" \/>\n<meta property=\"og:locale\" content=\"vi_VN\" \/>\n<meta property=\"og:type\" content=\"article\" \/>\n<meta property=\"og:title\" content=\"D\u1ea7u R\u00e3nh Tr\u01b0\u1ee3c Castrol MAGNA RD 100 - C\u00f4ng Ty TNHH D\u1ea7u Nh\u1eddn T&amp;T Vi\u1ec7t Nam\" \/>\n<meta property=\"og:url\" content=\"https:\/\/tatco.vn\/vi\/san-pham\/dau-ranh-truoc-castrol-magna-rd-100\/\" \/>\n<meta property=\"og:site_name\" content=\"C\u00f4ng Ty TNHH D\u1ea7u Nh\u1eddn T&amp;T Vi\u1ec7t Nam\" \/>\n<meta property=\"article:modified_time\" content=\"2025-02-08T04:53:37+00:00\" \/>\n<meta property=\"og:image\" content=\"https:\/\/tatco.vn\/wp-content\/uploads\/2022\/12\/Castrol-v5.png\" \/>\n\t<meta property=\"og:image:width\" content=\"750\" \/>\n\t<meta property=\"og:image:height\" content=\"1000\" \/>\n\t<meta property=\"og:image:type\" content=\"image\/png\" \/>\n<meta name=\"twitter:card\" content=\"summary_large_image\" \/>\n<meta name=\"twitter:label1\" content=\"\u01af\u1edbc t\u00ednh th\u1eddi gian \u0111\u1ecdc\" \/>\n\t<meta name=\"twitter:data1\" content=\"3 ph\u00fat\" \/>\n<script type=\"application\/ld+json\" class=\"yoast-schema-graph\">{\"@context\":\"https:\/\/schema.org\",\"@graph\":[{\"@type\":\"WebPage\",\"@id\":\"https:\/\/tatco.vn\/vi\/san-pham\/dau-ranh-truoc-castrol-magna-rd-100\/\",\"url\":\"https:\/\/tatco.vn\/vi\/san-pham\/dau-ranh-truoc-castrol-magna-rd-100\/\",\"name\":\"D\u1ea7u R\u00e3nh Tr\u01b0\u1ee3c Castrol MAGNA RD 100 - C\u00f4ng Ty TNHH D\u1ea7u Nh\u1eddn T&amp;T Vi\u1ec7t Nam\",\"isPartOf\":{\"@id\":\"https:\/\/tatco.vn\/en\/#website\"},\"primaryImageOfPage\":{\"@id\":\"https:\/\/tatco.vn\/vi\/san-pham\/dau-ranh-truoc-castrol-magna-rd-100\/#primaryimage\"},\"image\":{\"@id\":\"https:\/\/tatco.vn\/vi\/san-pham\/dau-ranh-truoc-castrol-magna-rd-100\/#primaryimage\"},\"thumbnailUrl\":\"https:\/\/tatco.vn\/wp-content\/uploads\/2022\/12\/Castrol-v5.png\",\"datePublished\":\"2025-02-05T05:01:05+00:00\",\"dateModified\":\"2025-02-08T04:53:37+00:00\",\"breadcrumb\":{\"@id\":\"https:\/\/tatco.vn\/vi\/san-pham\/dau-ranh-truoc-castrol-magna-rd-100\/#breadcrumb\"},\"inLanguage\":\"vi\",\"potentialAction\":[{\"@type\":\"ReadAction\",\"target\":[\"https:\/\/tatco.vn\/vi\/san-pham\/dau-ranh-truoc-castrol-magna-rd-100\/\"]}]},{\"@type\":\"ImageObject\",\"inLanguage\":\"vi\",\"@id\":\"https:\/\/tatco.vn\/vi\/san-pham\/dau-ranh-truoc-castrol-magna-rd-100\/#primaryimage\",\"url\":\"https:\/\/tatco.vn\/wp-content\/uploads\/2022\/12\/Castrol-v5.png\",\"contentUrl\":\"https:\/\/tatco.vn\/wp-content\/uploads\/2022\/12\/Castrol-v5.png\",\"width\":750,\"height\":1000,\"caption\":\"Castrol Perfecto HT 5\"},{\"@type\":\"BreadcrumbList\",\"@id\":\"https:\/\/tatco.vn\/vi\/san-pham\/dau-ranh-truoc-castrol-magna-rd-100\/#breadcrumb\",\"itemListElement\":[{\"@type\":\"ListItem\",\"position\":1,\"name\":\"Home\",\"item\":\"https:\/\/tatco.vn\/\"},{\"@type\":\"ListItem\",\"position\":2,\"name\":\"C\u1eeda h\u00e0ng\",\"item\":\"https:\/\/tatco.vn\/en\/mua\/\"},{\"@type\":\"ListItem\",\"position\":3,\"name\":\"D\u1ea7u R\u00e3nh Tr\u01b0\u1ee3c Castrol MAGNA RD 100\"}]},{\"@type\":\"WebSite\",\"@id\":\"https:\/\/tatco.vn\/en\/#website\",\"url\":\"https:\/\/tatco.vn\/en\/\",\"name\":\"C\u00f4ng Ty TNHH D\u1ea7u Nh\u1eddn T&amp;T Vi\u1ec7t Nam\",\"description\":\"Right Point - Right Time - Best Solution\",\"publisher\":{\"@id\":\"https:\/\/tatco.vn\/en\/#organization\"},\"potentialAction\":[{\"@type\":\"SearchAction\",\"target\":{\"@type\":\"EntryPoint\",\"urlTemplate\":\"https:\/\/tatco.vn\/en\/?s={search_term_string}\"},\"query-input\":{\"@type\":\"PropertyValueSpecification\",\"valueRequired\":true,\"valueName\":\"search_term_string\"}}],\"inLanguage\":\"vi\"},{\"@type\":\"Organization\",\"@id\":\"https:\/\/tatco.vn\/en\/#organization\",\"name\":\"C\u00f4ng Ty TNHH D\u1ea7u Nh\u1eddn T&T Vi\u1ec7t Nam\",\"url\":\"https:\/\/tatco.vn\/en\/\",\"logo\":{\"@type\":\"ImageObject\",\"inLanguage\":\"vi\",\"@id\":\"https:\/\/tatco.vn\/en\/#\/schema\/logo\/image\/\",\"url\":\"https:\/\/tatco.vn\/wp-content\/uploads\/2019\/05\/fav-ico.png\",\"contentUrl\":\"https:\/\/tatco.vn\/wp-content\/uploads\/2019\/05\/fav-ico.png\",\"width\":200,\"height\":200,\"caption\":\"C\u00f4ng Ty TNHH D\u1ea7u Nh\u1eddn T&T Vi\u1ec7t Nam\"},\"image\":{\"@id\":\"https:\/\/tatco.vn\/en\/#\/schema\/logo\/image\/\"}}]}<\/script>\n<!-- \/ Yoast SEO plugin. -->","yoast_head_json":{"title":"D\u1ea7u R\u00e3nh Tr\u01b0\u1ee3c Castrol MAGNA RD 100 - C\u00f4ng Ty TNHH D\u1ea7u Nh\u1eddn T&amp;T Vi\u1ec7t Nam","robots":{"index":"index","follow":"follow","max-snippet":"max-snippet:-1","max-image-preview":"max-image-preview:large","max-video-preview":"max-video-preview:-1"},"canonical":"https:\/\/tatco.vn\/vi\/san-pham\/dau-ranh-truoc-castrol-magna-rd-100\/","og_locale":"vi_VN","og_type":"article","og_title":"D\u1ea7u R\u00e3nh Tr\u01b0\u1ee3c Castrol MAGNA RD 100 - C\u00f4ng Ty TNHH D\u1ea7u Nh\u1eddn T&amp;T Vi\u1ec7t Nam","og_url":"https:\/\/tatco.vn\/vi\/san-pham\/dau-ranh-truoc-castrol-magna-rd-100\/","og_site_name":"C\u00f4ng Ty TNHH D\u1ea7u Nh\u1eddn T&amp;T Vi\u1ec7t Nam","article_modified_time":"2025-02-08T04:53:37+00:00","og_image":[{"width":750,"height":1000,"url":"https:\/\/tatco.vn\/wp-content\/uploads\/2022\/12\/Castrol-v5.png","type":"image\/png"}],"twitter_card":"summary_large_image","twitter_misc":{"\u01af\u1edbc t\u00ednh th\u1eddi gian \u0111\u1ecdc":"3 ph\u00fat"},"schema":{"@context":"https:\/\/schema.org","@graph":[{"@type":"WebPage","@id":"https:\/\/tatco.vn\/vi\/san-pham\/dau-ranh-truoc-castrol-magna-rd-100\/","url":"https:\/\/tatco.vn\/vi\/san-pham\/dau-ranh-truoc-castrol-magna-rd-100\/","name":"D\u1ea7u R\u00e3nh Tr\u01b0\u1ee3c Castrol MAGNA RD 100 - C\u00f4ng Ty TNHH D\u1ea7u Nh\u1eddn T&amp;T Vi\u1ec7t Nam","isPartOf":{"@id":"https:\/\/tatco.vn\/en\/#website"},"primaryImageOfPage":{"@id":"https:\/\/tatco.vn\/vi\/san-pham\/dau-ranh-truoc-castrol-magna-rd-100\/#primaryimage"},"image":{"@id":"https:\/\/tatco.vn\/vi\/san-pham\/dau-ranh-truoc-castrol-magna-rd-100\/#primaryimage"},"thumbnailUrl":"https:\/\/tatco.vn\/wp-content\/uploads\/2022\/12\/Castrol-v5.png","datePublished":"2025-02-05T05:01:05+00:00","dateModified":"2025-02-08T04:53:37+00:00","breadcrumb":{"@id":"https:\/\/tatco.vn\/vi\/san-pham\/dau-ranh-truoc-castrol-magna-rd-100\/#breadcrumb"},"inLanguage":"vi","potentialAction":[{"@type":"ReadAction","target":["https:\/\/tatco.vn\/vi\/san-pham\/dau-ranh-truoc-castrol-magna-rd-100\/"]}]},{"@type":"ImageObject","inLanguage":"vi","@id":"https:\/\/tatco.vn\/vi\/san-pham\/dau-ranh-truoc-castrol-magna-rd-100\/#primaryimage","url":"https:\/\/tatco.vn\/wp-content\/uploads\/2022\/12\/Castrol-v5.png","contentUrl":"https:\/\/tatco.vn\/wp-content\/uploads\/2022\/12\/Castrol-v5.png","width":750,"height":1000,"caption":"Castrol Perfecto HT 5"},{"@type":"BreadcrumbList","@id":"https:\/\/tatco.vn\/vi\/san-pham\/dau-ranh-truoc-castrol-magna-rd-100\/#breadcrumb","itemListElement":[{"@type":"ListItem","position":1,"name":"Home","item":"https:\/\/tatco.vn\/"},{"@type":"ListItem","position":2,"name":"C\u1eeda h\u00e0ng","item":"https:\/\/tatco.vn\/en\/mua\/"},{"@type":"ListItem","position":3,"name":"D\u1ea7u R\u00e3nh Tr\u01b0\u1ee3c Castrol MAGNA RD 100"}]},{"@type":"WebSite","@id":"https:\/\/tatco.vn\/en\/#website","url":"https:\/\/tatco.vn\/en\/","name":"C\u00f4ng Ty TNHH D\u1ea7u Nh\u1eddn T&amp;T Vi\u1ec7t Nam","description":"Right Point - Right Time - Best Solution","publisher":{"@id":"https:\/\/tatco.vn\/en\/#organization"},"potentialAction":[{"@type":"SearchAction","target":{"@type":"EntryPoint","urlTemplate":"https:\/\/tatco.vn\/en\/?s={search_term_string}"},"query-input":{"@type":"PropertyValueSpecification","valueRequired":true,"valueName":"search_term_string"}}],"inLanguage":"vi"},{"@type":"Organization","@id":"https:\/\/tatco.vn\/en\/#organization","name":"C\u00f4ng Ty TNHH D\u1ea7u Nh\u1eddn T&T Vi\u1ec7t Nam","url":"https:\/\/tatco.vn\/en\/","logo":{"@type":"ImageObject","inLanguage":"vi","@id":"https:\/\/tatco.vn\/en\/#\/schema\/logo\/image\/","url":"https:\/\/tatco.vn\/wp-content\/uploads\/2019\/05\/fav-ico.png","contentUrl":"https:\/\/tatco.vn\/wp-content\/uploads\/2019\/05\/fav-ico.png","width":200,"height":200,"caption":"C\u00f4ng Ty TNHH D\u1ea7u Nh\u1eddn T&T Vi\u1ec7t Nam"},"image":{"@id":"https:\/\/tatco.vn\/en\/#\/schema\/logo\/image\/"}}]}},"_links":{"self":[{"href":"https:\/\/tatco.vn\/vi\/wp-json\/wp\/v2\/product\/27832","targetHints":{"allow":["GET"]}}],"collection":[{"href":"https:\/\/tatco.vn\/vi\/wp-json\/wp\/v2\/product"}],"about":[{"href":"https:\/\/tatco.vn\/vi\/wp-json\/wp\/v2\/types\/product"}],"replies":[{"embeddable":true,"href":"https:\/\/tatco.vn\/vi\/wp-json\/wp\/v2\/comments?post=27832"}],"version-history":[{"count":0,"href":"https:\/\/tatco.vn\/vi\/wp-json\/wp\/v2\/product\/27832\/revisions"}],"wp:featuredmedia":[{"embeddable":true,"href":"https:\/\/tatco.vn\/vi\/wp-json\/wp\/v2\/media\/27593"}],"wp:attachment":[{"href":"https:\/\/tatco.vn\/vi\/wp-json\/wp\/v2\/media?parent=27832"}],"wp:term":[{"taxonomy":"product_cat","embeddable":true,"href":"https:\/\/tatco.vn\/vi\/wp-json\/wp\/v2\/product_cat?post=27832"},{"taxonomy":"product_tag","embeddable":true,"href":"https:\/\/tatco.vn\/vi\/wp-json\/wp\/v2\/product_tag?post=27832"}],"curies":[{"name":"wp","href":"https:\/\/api.w.org\/{rel}","templated":true}]}}