{"id":27828,"date":"2025-02-05T11:48:10","date_gmt":"2025-02-05T04:48:10","guid":{"rendered":"https:\/\/tatco.vn\/vi\/?post_type=product&#038;p=27828"},"modified":"2025-02-08T11:51:58","modified_gmt":"2025-02-08T04:51:58","slug":"dau-may-khi-nen-castrol-aircol-sr-46","status":"publish","type":"product","link":"https:\/\/tatco.vn\/vi\/san-pham\/dau-may-khi-nen-castrol-aircol-sr-46\/","title":{"rendered":"D\u1ea7u M\u00e1y Kh\u00ed N\u00e9n Castrol AIRCOL SR 46"},"content":{"rendered":"<p><strong>Castrol Aircol SR 46 &#8211; D\u1ea7u m\u00e1y n\u00e9n kh\u00ed r\u00f4-to t\u1ed5ng h\u1ee3p PAO cao c\u1ea5p<\/strong><\/p>\n<p style=\"text-align: justify\"><strong>M\u00f4 t\u1ea3<\/strong>: <strong>Castrol Aircol SR<\/strong>\u00a0<b>46<\/b>\u00a0l\u00e0 d\u1ea7u m\u00e1y n\u00e9n kh\u00ed t\u1ed5ng h\u1ee3p PAO (polyalphaolefin) ch\u1ea5t l\u01b0\u1ee3ng cao \u0111\u01b0\u1ee3c thi\u1ebft k\u1ebf \u0111\u1eb7c bi\u1ec7t cho c\u00e1c m\u00e1y n\u00e9n kh\u00ed tr\u1ee5c v\u00edt.<\/p>\n<p style=\"text-align: justify\"><strong>C\u00f4ng d\u1ee5ng<\/strong>: Aircol SR \u0111\u01b0\u1ee3c s\u1eed d\u1ee5ng cho c\u00e1c m\u00e1y n\u00e9n kh\u00ed tr\u1ee5c v\u00edt ng\u1eadp d\u1ea7u ho\u1ea1t \u0111\u1ed9ng trong \u0111i\u1ec1u ki\u1ec7n th\u1eddi ti\u1ebft, m\u00f4i tr\u01b0\u1eddng v\u00e0 ch\u1ebf \u0111\u1ed9 v\u1eadn h\u00e0nh kh\u1eafc nghi\u1ec7t v\u1edbi nhi\u1ec7t \u0111\u1ed9 kh\u00ed n\u00e9n r\u1ea5t cao (tr\u00ean 100\u00b0C). S\u1ea3n ph\u1ea9m c\u0169ng th\u00edch h\u1ee3p cho c\u00e1c m\u00e1y n\u00e9n kh\u00ed ho\u1ea1t \u0111\u1ed9ng trong \u0111i\u1ec1u ki\u1ec7n b\u00ecnh th\u01b0\u1eddng v\u1edbi nhi\u1ec7t \u0111\u1ed9 kh\u00ed x\u1ea3 t\u1ed1i \u0111a d\u01b0\u1edbi 100\u00b0C theo \u0111\u1ecbnh ngh\u0129a c\u1ee7a ISO 6743-3:2003. Trong \u0111i\u1ec1u ki\u1ec7n n\u00e0y, Aircol SR c\u00f3 th\u1ec3 s\u1eed d\u1ee5ng v\u1edbi th\u1eddi gian thay d\u1ea7u l\u00ean \u0111\u1ebfn 8.000 gi\u1edd. Aircol SR ho\u00e0n to\u00e0n t\u01b0\u01a1ng th\u00edch v\u1edbi c\u00e1c v\u1eadt li\u1ec7u l\u00e0m k\u00edn g\u1ed1c nitrile, silicon, polyurethane v\u00e0 fluropolymer th\u01b0\u1eddng \u0111\u01b0\u1ee3c s\u1eed d\u1ee5ng trong m\u00e1y n\u00e9n kh\u00ed, nh\u01b0ng kh\u00f4ng t\u01b0\u01a1ng th\u00edch v\u1edbi c\u00e1c v\u1eadt li\u1ec7u l\u00e0m k\u00edn g\u1ed1c butadien styren (SBR) v\u00e0 ethylen propylen (EPDM).<\/p>\n<p style=\"text-align: justify\"><strong>Ph\u00e2n lo\u1ea1i v\u00e0 Ti\u00eau chu\u1ea9n<\/strong>:<\/p>\n<ul style=\"text-align: justify\">\n<li>DIN 51506 VD-L<\/li>\n<li>ISO 6743\/3 &#8211; DAG, DAH v\u00e0 DAJ cho m\u00e1y n\u00e9n kh\u00ed r\u00f4-to<\/li>\n<li>\u0110\u1ea1t y\u00eau c\u1ea7u c\u1ee7a c\u00e1c h\u00e3ng ch\u1ebf t\u1ea1o m\u00e1y n\u00e9n kh\u00ed: Atlas Copco (v\u1edbi th\u1eddi h\u1ea1n thay d\u1ea7u 8.000 gi\u1edd) v\u00e0 Kaeser.<\/li>\n<\/ul>\n<p style=\"text-align: justify\"><strong>L\u1ee3i \u0111i\u1ec3m<\/strong>:<\/p>\n<ul>\n<li style=\"text-align: justify\">K\u00e9o d\u00e0i th\u1eddi gian s\u1eed d\u1ee5ng d\u1ea7u \u0111\u1ebfn 8.000 gi\u1edd trong h\u1ea7u h\u1ebft c\u00e1c m\u00e1y n\u00e9n kh\u00ed, t\u00f9y thu\u1ed9c v\u00e0o m\u00f4i tr\u01b0\u1eddng v\u1eadn h\u00e0nh.<\/li>\n<li style=\"text-align: justify\">Khuynh h\u01b0\u1edbng t\u1ea1o c\u1eb7n r\u1ea5t th\u1ea5p, gi\u00fap k\u00e9o d\u00e0i tu\u1ed5i th\u1ecd c\u1ee7a l\u1ecdc nh\u1edbt v\u00e0 b\u1ed9 t\u00e1ch d\u1ea7u.<\/li>\n<li style=\"text-align: justify\">\u0110\u1ed9 b\u1ec1n \u00f4-xi h\u00f3a v\u00e0 ch\u1ed1ng m\u00e0i m\u00f2n v\u01b0\u1ee3t tr\u1ed9i gi\u00fap k\u00e9o d\u00e0i tu\u1ed5i th\u1ecd c\u1ee7a d\u1ea7u v\u00e0 m\u00e1y n\u00e9n kh\u00ed.<\/li>\n<li style=\"text-align: justify\">C\u00f4ng th\u1ee9c d\u1ea7u kh\u00f4ng ch\u1ee9a este tr\u00e1nh \u0111\u01b0\u1ee3c s\u1ef1 h\u00ecnh th\u00e0nh c\u1ee7a c\u00e1c a-x\u00edt \u0103n m\u00f2n, k\u00e9o d\u00e0i tu\u1ed5i th\u1ecd c\u1ee7a m\u00e1y n\u00e9n kh\u00ed.<\/li>\n<li style=\"text-align: justify\">T\u00ednh t\u00e1ch n\u01b0\u1edbc tuy\u1ec7t h\u1ea3o gi\u00fap nhanh ch\u00f3ng t\u00e1ch n\u01b0\u1edbc ng\u01b0ng t\u1ee5 ra kh\u1ecfi d\u1ea7u, gi\u1ea3m thi\u1ec3u kh\u1ea3 n\u0103ng d\u1ea7u b\u1ecb nh\u0169 h\u00f3a c\u00f3 th\u1ec3 l\u00e0m ngh\u1eb9t b\u1ed9 t\u00e1ch d\u1ea7u.<\/li>\n<li style=\"text-align: justify\">D\u1ea7u g\u1ed1c PAO \u0111\u1ea3m b\u1ea3o t\u00ednh t\u01b0\u01a1ng th\u00edch t\u1ed1t v\u1edbi v\u1eadt li\u1ec7u l\u00e0m k\u00edn v\u00e0 d\u1ea7u g\u1ed1c kho\u00e1ng, cho ph\u00e9p chuy\u1ec3n \u0111\u1ed5i t\u1eeb d\u1ea7u g\u1ed1c kho\u00e1ng sang Aircol SR d\u1ec5 d\u00e0ng.<\/li>\n<\/ul>\n<p><strong>C\u00e1c \u0111\u1eb7c tr\u01b0ng ti\u00eau bi\u1ec3u<\/strong>:<\/p>\n<div>\n<div>\n<div class=\"table-responsive\">\n<table class=\"table table-striped\">\n<thead>\n<tr>\n<th>Thu\u1ed9c t\u00ednh<\/th>\n<th>Ph\u01b0\u01a1ng ph\u00e1p<\/th>\n<th>\u0110\u01a1n v\u1ecb<\/th>\n<th>Aircol SR 32<\/th>\n<th>Aircol SR 46<\/th>\n<th>Aircol SR 68<\/th>\n<\/tr>\n<\/thead>\n<tbody>\n<tr>\n<td>Kh\u1ed1i l\u01b0\u1ee3ng ri\u00eang \u1edf 15\u00b0C<\/td>\n<td>ASTM D4052<\/td>\n<td>g\/ml<\/td>\n<td>0.83<\/td>\n<td>0.84<\/td>\n<td>0.84<\/td>\n<\/tr>\n<tr>\n<td>\u0110\u1ed9 nh\u1edbt \u1edf 40\u00b0C<\/td>\n<td>ASTM D445<\/td>\n<td>mm\u00b2\/s<\/td>\n<td>32<\/td>\n<td>46<\/td>\n<td>68<\/td>\n<\/tr>\n<tr>\n<td>\u0110\u1ed9 nh\u1edbt \u1edf 100\u00b0C<\/td>\n<td>ASTM D445<\/td>\n<td>mm\u00b2\/s<\/td>\n<td>6.1<\/td>\n<td>7.8<\/td>\n<td>10.7<\/td>\n<\/tr>\n<tr>\n<td>Ch\u1ec9 s\u1ed1 \u0111\u1ed9 nh\u1edbt<\/td>\n<td>ASTM D2270<\/td>\n<td><\/td>\n<td>137<\/td>\n<td>137<\/td>\n<td>142<\/td>\n<\/tr>\n<tr>\n<td>\u0110\u1ed9 t\u1ea1o b\u1ecdt (Seq I)<\/td>\n<td>ASTM D892<\/td>\n<td>ml\/ml<\/td>\n<td>10\/0<\/td>\n<td>10\/0<\/td>\n<td>10\/0<\/td>\n<\/tr>\n<tr>\n<td>\u0110i\u1ec3m r\u00f3t ch\u1ea3y<\/td>\n<td>ASTM D97<\/td>\n<td>\u00b0C<\/td>\n<td>-54<\/td>\n<td>-54<\/td>\n<td>-54<\/td>\n<\/tr>\n<tr>\n<td>\u0110i\u1ec3m ch\u1edbp ch\u00e1y c\u1ed1c k\u00edn<\/td>\n<td>ASTM D93<\/td>\n<td>\u00b0C<\/td>\n<td>227<\/td>\n<td>235<\/td>\n<td>264<\/td>\n<\/tr>\n<tr>\n<td>Th\u1eed r\u1ec9 (24 gi\u1edd, n\u01b0\u1edbc bi\u1ec3n t\u1ed5ng h\u1ee3p)<\/td>\n<td>ASTM D665B<\/td>\n<td><\/td>\n<td>\u0110\u1ea1t<\/td>\n<td>\u0110\u1ea1t<\/td>\n<td>\u0110\u1ea1t<\/td>\n<\/tr>\n<tr>\n<td>Th\u1eed nghi\u1ec7m \u00f4-xi h\u00f3a RPVOT<\/td>\n<td>ASTM D2272<\/td>\n<td>ph\u00fat<\/td>\n<td>4500<\/td>\n<td>3000<\/td>\n<td>3000<\/td>\n<\/tr>\n<tr>\n<td>C\u1ea5p t\u1ea3i FZG (A8.3\/90)<\/td>\n<td>DIN 51354<\/td>\n<td><\/td>\n<td>8<\/td>\n<td>9<\/td>\n<td>9<\/td>\n<\/tr>\n<tr>\n<td>T\u1ea3i m\u00e0i m\u00f2n 4 bi<\/td>\n<td>ASTM D2783<\/td>\n<td>mm<\/td>\n<td>0.4<\/td>\n<td>0.4<\/td>\n<td>0.4<\/td>\n<\/tr>\n<\/tbody>\n<\/table>\n<\/div>\n<\/div>\n<\/div>\n<p><\/p>","protected":false},"excerpt":{"rendered":"<p><strong>Castrol Aircol SR<\/strong>\u00a0<b>46<\/b>\u00a0l\u00e0 d\u1ea7u m\u00e1y n\u00e9n kh\u00ed t\u1ed5ng h\u1ee3p PAO (polyalphaolefin) ch\u1ea5t l\u01b0\u1ee3ng cao \u0111\u01b0\u1ee3c thi\u1ebft k\u1ebf \u0111\u1eb7c bi\u1ec7t cho c\u00e1c m\u00e1y n\u00e9n kh\u00ed tr\u1ee5c v\u00edt.<\/p>\n","protected":false},"featured_media":27593,"comment_status":"closed","ping_status":"closed","template":"","meta":[],"product_cat":[776,782,1000,760],"product_tag":[934,938,937,939,940,941,925,935,921,936],"class_list":{"0":"post-27828","1":"product","2":"type-product","3":"status-publish","4":"has-post-thumbnail","6":"product_brand-castrol","7":"product_cat-dau-cong-nghiep-castrol","8":"product_cat-dau-may-nen-khi-castrol","9":"product_cat-dau-may-nen-khi-aircol-sr","10":"product_cat-dau-nhot-castrol","11":"product_tag-castrol-aircol-sr","12":"product_tag-dau-may-nen-chat-luong-cao","13":"product_tag-dau-may-nen-chiu-nhiet-cao","14":"product_tag-dau-may-nen-chong-mai-mon","15":"product_tag-dau-may-nen-keo-dai-tuoi-tho","16":"product_tag-dau-may-nen-khang-nuoc","17":"product_tag-dau-may-nen-khi","18":"product_tag-dau-may-nen-pao","19":"product_tag-dau-may-nen-truc-vit","20":"product_tag-dau-tong-hop-cho-may-nen-khi","22":"first","23":"instock","24":"shipping-taxable","25":"product-type-simple"},"yoast_head":"<!-- This site is optimized with the Yoast SEO plugin v27.2 - https:\/\/yoast.com\/product\/yoast-seo-wordpress\/ -->\n<title>D\u1ea7u M\u00e1y Kh\u00ed N\u00e9n Castrol AIRCOL SR 46 - C\u00f4ng Ty TNHH D\u1ea7u Nh\u1eddn T&amp;T Vi\u1ec7t Nam<\/title>\n<meta name=\"robots\" content=\"index, follow, max-snippet:-1, max-image-preview:large, max-video-preview:-1\" \/>\n<link rel=\"canonical\" href=\"https:\/\/tatco.vn\/vi\/san-pham\/dau-may-khi-nen-castrol-aircol-sr-46\/\" \/>\n<meta property=\"og:locale\" content=\"vi_VN\" \/>\n<meta property=\"og:type\" content=\"article\" \/>\n<meta property=\"og:title\" content=\"D\u1ea7u M\u00e1y Kh\u00ed N\u00e9n Castrol AIRCOL SR 46 - C\u00f4ng Ty TNHH D\u1ea7u Nh\u1eddn T&amp;T Vi\u1ec7t Nam\" \/>\n<meta property=\"og:url\" content=\"https:\/\/tatco.vn\/vi\/san-pham\/dau-may-khi-nen-castrol-aircol-sr-46\/\" \/>\n<meta property=\"og:site_name\" content=\"C\u00f4ng Ty TNHH D\u1ea7u Nh\u1eddn T&amp;T Vi\u1ec7t Nam\" \/>\n<meta property=\"article:modified_time\" content=\"2025-02-08T04:51:58+00:00\" \/>\n<meta property=\"og:image\" content=\"https:\/\/tatco.vn\/wp-content\/uploads\/2022\/12\/Castrol-v5.png\" \/>\n\t<meta property=\"og:image:width\" content=\"750\" \/>\n\t<meta property=\"og:image:height\" content=\"1000\" \/>\n\t<meta property=\"og:image:type\" content=\"image\/png\" \/>\n<meta name=\"twitter:card\" content=\"summary_large_image\" \/>\n<meta name=\"twitter:label1\" content=\"\u01af\u1edbc t\u00ednh th\u1eddi gian \u0111\u1ecdc\" \/>\n\t<meta name=\"twitter:data1\" content=\"3 ph\u00fat\" \/>\n<script type=\"application\/ld+json\" class=\"yoast-schema-graph\">{\"@context\":\"https:\/\/schema.org\",\"@graph\":[{\"@type\":\"WebPage\",\"@id\":\"https:\/\/tatco.vn\/vi\/san-pham\/dau-may-khi-nen-castrol-aircol-sr-46\/\",\"url\":\"https:\/\/tatco.vn\/vi\/san-pham\/dau-may-khi-nen-castrol-aircol-sr-46\/\",\"name\":\"D\u1ea7u M\u00e1y Kh\u00ed N\u00e9n Castrol AIRCOL SR 46 - C\u00f4ng Ty TNHH D\u1ea7u Nh\u1eddn T&amp;T Vi\u1ec7t Nam\",\"isPartOf\":{\"@id\":\"https:\/\/tatco.vn\/en\/#website\"},\"primaryImageOfPage\":{\"@id\":\"https:\/\/tatco.vn\/vi\/san-pham\/dau-may-khi-nen-castrol-aircol-sr-46\/#primaryimage\"},\"image\":{\"@id\":\"https:\/\/tatco.vn\/vi\/san-pham\/dau-may-khi-nen-castrol-aircol-sr-46\/#primaryimage\"},\"thumbnailUrl\":\"https:\/\/tatco.vn\/wp-content\/uploads\/2022\/12\/Castrol-v5.png\",\"datePublished\":\"2025-02-05T04:48:10+00:00\",\"dateModified\":\"2025-02-08T04:51:58+00:00\",\"breadcrumb\":{\"@id\":\"https:\/\/tatco.vn\/vi\/san-pham\/dau-may-khi-nen-castrol-aircol-sr-46\/#breadcrumb\"},\"inLanguage\":\"vi\",\"potentialAction\":[{\"@type\":\"ReadAction\",\"target\":[\"https:\/\/tatco.vn\/vi\/san-pham\/dau-may-khi-nen-castrol-aircol-sr-46\/\"]}]},{\"@type\":\"ImageObject\",\"inLanguage\":\"vi\",\"@id\":\"https:\/\/tatco.vn\/vi\/san-pham\/dau-may-khi-nen-castrol-aircol-sr-46\/#primaryimage\",\"url\":\"https:\/\/tatco.vn\/wp-content\/uploads\/2022\/12\/Castrol-v5.png\",\"contentUrl\":\"https:\/\/tatco.vn\/wp-content\/uploads\/2022\/12\/Castrol-v5.png\",\"width\":750,\"height\":1000,\"caption\":\"Castrol Perfecto HT 5\"},{\"@type\":\"BreadcrumbList\",\"@id\":\"https:\/\/tatco.vn\/vi\/san-pham\/dau-may-khi-nen-castrol-aircol-sr-46\/#breadcrumb\",\"itemListElement\":[{\"@type\":\"ListItem\",\"position\":1,\"name\":\"Home\",\"item\":\"https:\/\/tatco.vn\/\"},{\"@type\":\"ListItem\",\"position\":2,\"name\":\"C\u1eeda h\u00e0ng\",\"item\":\"https:\/\/tatco.vn\/en\/mua\/\"},{\"@type\":\"ListItem\",\"position\":3,\"name\":\"D\u1ea7u M\u00e1y Kh\u00ed N\u00e9n Castrol AIRCOL SR 46\"}]},{\"@type\":\"WebSite\",\"@id\":\"https:\/\/tatco.vn\/en\/#website\",\"url\":\"https:\/\/tatco.vn\/en\/\",\"name\":\"C\u00f4ng Ty TNHH D\u1ea7u Nh\u1eddn T&amp;T Vi\u1ec7t Nam\",\"description\":\"Right Point - Right Time - Best Solution\",\"publisher\":{\"@id\":\"https:\/\/tatco.vn\/en\/#organization\"},\"potentialAction\":[{\"@type\":\"SearchAction\",\"target\":{\"@type\":\"EntryPoint\",\"urlTemplate\":\"https:\/\/tatco.vn\/en\/?s={search_term_string}\"},\"query-input\":{\"@type\":\"PropertyValueSpecification\",\"valueRequired\":true,\"valueName\":\"search_term_string\"}}],\"inLanguage\":\"vi\"},{\"@type\":\"Organization\",\"@id\":\"https:\/\/tatco.vn\/en\/#organization\",\"name\":\"C\u00f4ng Ty TNHH D\u1ea7u Nh\u1eddn T&T Vi\u1ec7t Nam\",\"url\":\"https:\/\/tatco.vn\/en\/\",\"logo\":{\"@type\":\"ImageObject\",\"inLanguage\":\"vi\",\"@id\":\"https:\/\/tatco.vn\/en\/#\/schema\/logo\/image\/\",\"url\":\"https:\/\/tatco.vn\/wp-content\/uploads\/2019\/05\/fav-ico.png\",\"contentUrl\":\"https:\/\/tatco.vn\/wp-content\/uploads\/2019\/05\/fav-ico.png\",\"width\":200,\"height\":200,\"caption\":\"C\u00f4ng Ty TNHH D\u1ea7u Nh\u1eddn T&T Vi\u1ec7t Nam\"},\"image\":{\"@id\":\"https:\/\/tatco.vn\/en\/#\/schema\/logo\/image\/\"}}]}<\/script>\n<!-- \/ Yoast SEO plugin. -->","yoast_head_json":{"title":"D\u1ea7u M\u00e1y Kh\u00ed N\u00e9n Castrol AIRCOL SR 46 - C\u00f4ng Ty TNHH D\u1ea7u Nh\u1eddn T&amp;T Vi\u1ec7t Nam","robots":{"index":"index","follow":"follow","max-snippet":"max-snippet:-1","max-image-preview":"max-image-preview:large","max-video-preview":"max-video-preview:-1"},"canonical":"https:\/\/tatco.vn\/vi\/san-pham\/dau-may-khi-nen-castrol-aircol-sr-46\/","og_locale":"vi_VN","og_type":"article","og_title":"D\u1ea7u M\u00e1y Kh\u00ed N\u00e9n Castrol AIRCOL SR 46 - C\u00f4ng Ty TNHH D\u1ea7u Nh\u1eddn T&amp;T Vi\u1ec7t Nam","og_url":"https:\/\/tatco.vn\/vi\/san-pham\/dau-may-khi-nen-castrol-aircol-sr-46\/","og_site_name":"C\u00f4ng Ty TNHH D\u1ea7u Nh\u1eddn T&amp;T Vi\u1ec7t Nam","article_modified_time":"2025-02-08T04:51:58+00:00","og_image":[{"width":750,"height":1000,"url":"https:\/\/tatco.vn\/wp-content\/uploads\/2022\/12\/Castrol-v5.png","type":"image\/png"}],"twitter_card":"summary_large_image","twitter_misc":{"\u01af\u1edbc t\u00ednh th\u1eddi gian \u0111\u1ecdc":"3 ph\u00fat"},"schema":{"@context":"https:\/\/schema.org","@graph":[{"@type":"WebPage","@id":"https:\/\/tatco.vn\/vi\/san-pham\/dau-may-khi-nen-castrol-aircol-sr-46\/","url":"https:\/\/tatco.vn\/vi\/san-pham\/dau-may-khi-nen-castrol-aircol-sr-46\/","name":"D\u1ea7u M\u00e1y Kh\u00ed N\u00e9n Castrol AIRCOL SR 46 - C\u00f4ng Ty TNHH D\u1ea7u Nh\u1eddn T&amp;T Vi\u1ec7t Nam","isPartOf":{"@id":"https:\/\/tatco.vn\/en\/#website"},"primaryImageOfPage":{"@id":"https:\/\/tatco.vn\/vi\/san-pham\/dau-may-khi-nen-castrol-aircol-sr-46\/#primaryimage"},"image":{"@id":"https:\/\/tatco.vn\/vi\/san-pham\/dau-may-khi-nen-castrol-aircol-sr-46\/#primaryimage"},"thumbnailUrl":"https:\/\/tatco.vn\/wp-content\/uploads\/2022\/12\/Castrol-v5.png","datePublished":"2025-02-05T04:48:10+00:00","dateModified":"2025-02-08T04:51:58+00:00","breadcrumb":{"@id":"https:\/\/tatco.vn\/vi\/san-pham\/dau-may-khi-nen-castrol-aircol-sr-46\/#breadcrumb"},"inLanguage":"vi","potentialAction":[{"@type":"ReadAction","target":["https:\/\/tatco.vn\/vi\/san-pham\/dau-may-khi-nen-castrol-aircol-sr-46\/"]}]},{"@type":"ImageObject","inLanguage":"vi","@id":"https:\/\/tatco.vn\/vi\/san-pham\/dau-may-khi-nen-castrol-aircol-sr-46\/#primaryimage","url":"https:\/\/tatco.vn\/wp-content\/uploads\/2022\/12\/Castrol-v5.png","contentUrl":"https:\/\/tatco.vn\/wp-content\/uploads\/2022\/12\/Castrol-v5.png","width":750,"height":1000,"caption":"Castrol Perfecto HT 5"},{"@type":"BreadcrumbList","@id":"https:\/\/tatco.vn\/vi\/san-pham\/dau-may-khi-nen-castrol-aircol-sr-46\/#breadcrumb","itemListElement":[{"@type":"ListItem","position":1,"name":"Home","item":"https:\/\/tatco.vn\/"},{"@type":"ListItem","position":2,"name":"C\u1eeda h\u00e0ng","item":"https:\/\/tatco.vn\/en\/mua\/"},{"@type":"ListItem","position":3,"name":"D\u1ea7u M\u00e1y Kh\u00ed N\u00e9n Castrol AIRCOL SR 46"}]},{"@type":"WebSite","@id":"https:\/\/tatco.vn\/en\/#website","url":"https:\/\/tatco.vn\/en\/","name":"C\u00f4ng Ty TNHH D\u1ea7u Nh\u1eddn T&amp;T Vi\u1ec7t Nam","description":"Right Point - Right Time - Best Solution","publisher":{"@id":"https:\/\/tatco.vn\/en\/#organization"},"potentialAction":[{"@type":"SearchAction","target":{"@type":"EntryPoint","urlTemplate":"https:\/\/tatco.vn\/en\/?s={search_term_string}"},"query-input":{"@type":"PropertyValueSpecification","valueRequired":true,"valueName":"search_term_string"}}],"inLanguage":"vi"},{"@type":"Organization","@id":"https:\/\/tatco.vn\/en\/#organization","name":"C\u00f4ng Ty TNHH D\u1ea7u Nh\u1eddn T&T Vi\u1ec7t Nam","url":"https:\/\/tatco.vn\/en\/","logo":{"@type":"ImageObject","inLanguage":"vi","@id":"https:\/\/tatco.vn\/en\/#\/schema\/logo\/image\/","url":"https:\/\/tatco.vn\/wp-content\/uploads\/2019\/05\/fav-ico.png","contentUrl":"https:\/\/tatco.vn\/wp-content\/uploads\/2019\/05\/fav-ico.png","width":200,"height":200,"caption":"C\u00f4ng Ty TNHH D\u1ea7u Nh\u1eddn T&T Vi\u1ec7t Nam"},"image":{"@id":"https:\/\/tatco.vn\/en\/#\/schema\/logo\/image\/"}}]}},"_links":{"self":[{"href":"https:\/\/tatco.vn\/vi\/wp-json\/wp\/v2\/product\/27828","targetHints":{"allow":["GET"]}}],"collection":[{"href":"https:\/\/tatco.vn\/vi\/wp-json\/wp\/v2\/product"}],"about":[{"href":"https:\/\/tatco.vn\/vi\/wp-json\/wp\/v2\/types\/product"}],"replies":[{"embeddable":true,"href":"https:\/\/tatco.vn\/vi\/wp-json\/wp\/v2\/comments?post=27828"}],"version-history":[{"count":0,"href":"https:\/\/tatco.vn\/vi\/wp-json\/wp\/v2\/product\/27828\/revisions"}],"wp:featuredmedia":[{"embeddable":true,"href":"https:\/\/tatco.vn\/vi\/wp-json\/wp\/v2\/media\/27593"}],"wp:attachment":[{"href":"https:\/\/tatco.vn\/vi\/wp-json\/wp\/v2\/media?parent=27828"}],"wp:term":[{"taxonomy":"product_cat","embeddable":true,"href":"https:\/\/tatco.vn\/vi\/wp-json\/wp\/v2\/product_cat?post=27828"},{"taxonomy":"product_tag","embeddable":true,"href":"https:\/\/tatco.vn\/vi\/wp-json\/wp\/v2\/product_tag?post=27828"}],"curies":[{"name":"wp","href":"https:\/\/api.w.org\/{rel}","templated":true}]}}